{"id":7677,"date":"2025-09-14T11:33:07","date_gmt":"2025-09-14T11:33:07","guid":{"rendered":"https:\/\/www.usborkeychain.com\/?post_type=product&#038;p=7677"},"modified":"2025-09-15T04:37:01","modified_gmt":"2025-09-15T04:37:01","slug":"porsche-usb-stick","status":"publish","type":"product","link":"https:\/\/www.usborkeychain.com\/es\/producto\/porsche-usb-stick\/","title":{"rendered":"Memoria USB Porsche"},"content":{"rendered":"<div class=\"wp-block-columns is-layout-flex wp-container-core-columns-is-layout-28f84493 wp-block-columns-is-layout-flex\">\n<div class=\"wp-block-column is-vertically-aligned-center is-layout-flow wp-block-column-is-layout-flow\">\n<p><strong>Memoria USB Porsche<\/strong> est\u00e1 dise\u00f1ado a partir de la cl\u00e1sica llave de coche Porsche, reproduciendo con precisi\u00f3n el escudo ic\u00f3nico de la marca, la disposici\u00f3n de los botones y la textura negro-plata. Integra el lujoso atractivo visual de una llave de coche con la pr\u00e1ctica funcionalidad de una unidad USB, muy apreciada por los entusiastas de los coches y los amantes de la tecnolog\u00eda digital.<\/p>\n<\/div>\n\n\n\n<div class=\"wp-block-column is-layout-flow wp-block-column-is-layout-flow\">\n<figure class=\"wp-block-image size-full\"><img alt=\"\" fetchpriority=\"high\" decoding=\"async\" width=\"800\" height=\"800\" src=\"https:\/\/www.usborkeychain.com\/wp-content\/uploads\/porsche-key-usb-memory-stick.jpg\" class=\"wp-image-7681\" srcset=\"https:\/\/www.usborkeychain.com\/wp-content\/uploads\/porsche-key-usb-memory-stick.jpg 800w, https:\/\/www.usborkeychain.com\/wp-content\/uploads\/porsche-key-usb-memory-stick-300x300.jpg 300w, https:\/\/www.usborkeychain.com\/wp-content\/uploads\/porsche-key-usb-memory-stick-150x150.jpg 150w, https:\/\/www.usborkeychain.com\/wp-content\/uploads\/porsche-key-usb-memory-stick-768x768.jpg 768w, https:\/\/www.usborkeychain.com\/wp-content\/uploads\/porsche-key-usb-memory-stick-12x12.jpg 12w, https:\/\/www.usborkeychain.com\/wp-content\/uploads\/porsche-key-usb-memory-stick-600x600.jpg 600w, https:\/\/www.usborkeychain.com\/wp-content\/uploads\/porsche-key-usb-memory-stick-100x100.jpg 100w\" sizes=\"(max-width: 800px) 100vw, 800px\" \/><\/figure>\n<\/div>\n<\/div>\n\n\n\n<h2 class=\"wp-block-heading\">Tabla de par\u00e1metros de la unidad USB<\/h2>\n\n\n\n<figure class=\"wp-block-table\"><table class=\"has-fixed-layout\"><tbody><tr><td>Categor\u00eda de par\u00e1metros<\/td><td>Informaci\u00f3n espec\u00edfica<\/td><\/tr><tr><td>Capacidad de almacenamiento<\/td><td>8GB, 16GB, 32GB, 64GB,128GB<\/td><\/tr><tr><td>Peso del producto<\/td><td>0,1 kg<\/td><\/tr><tr><td>Dimensiones<\/td><td>Aproximadamente 80 mm \u00d7 30 mm \u00d7 15 mm<\/td><\/tr><tr><td>Tipo de interfaz<\/td><td>USB 2.0, USB 3.0<\/td><\/tr><tr><td>Material principal<\/td><td>Metal + pl\u00e1stico<\/td><\/tr><\/tbody><\/table><\/figure>\n\n\n\n<h2 class=\"wp-block-heading\">Descripci\u00f3n<\/h2>\n\n\n\n<div class=\"wp-block-columns is-layout-flex wp-container-core-columns-is-layout-28f84493 wp-block-columns-is-layout-flex\">\n<div class=\"wp-block-column is-layout-flow wp-block-column-is-layout-flow\">\n<figure class=\"wp-block-image size-full\"><img alt=\"\" decoding=\"async\" width=\"800\" height=\"800\" src=\"https:\/\/www.usborkeychain.com\/wp-content\/uploads\/porsche-key-usb-stick.png\" class=\"wp-image-7682\" srcset=\"https:\/\/www.usborkeychain.com\/wp-content\/uploads\/porsche-key-usb-stick.png 800w, https:\/\/www.usborkeychain.com\/wp-content\/uploads\/porsche-key-usb-stick-300x300.png 300w, https:\/\/www.usborkeychain.com\/wp-content\/uploads\/porsche-key-usb-stick-150x150.png 150w, https:\/\/www.usborkeychain.com\/wp-content\/uploads\/porsche-key-usb-stick-768x768.png 768w, https:\/\/www.usborkeychain.com\/wp-content\/uploads\/porsche-key-usb-stick-12x12.png 12w, https:\/\/www.usborkeychain.com\/wp-content\/uploads\/porsche-key-usb-stick-600x600.png 600w, https:\/\/www.usborkeychain.com\/wp-content\/uploads\/porsche-key-usb-stick-100x100.png 100w\" sizes=\"(max-width: 800px) 100vw, 800px\" \/><\/figure>\n<\/div>\n\n\n\n<div class=\"wp-block-column is-vertically-aligned-center is-layout-flow wp-block-column-is-layout-flow\">\n<p>Este <strong>Memoria USB Porsche Design<\/strong>  En la parte frontal lleva el emblema de la llave del coche Porsche, y un indicador luminoso LED rojo se enciende cuando la memoria USB est\u00e1 conectada a un dispositivo, lo que permite ver claramente el estado de la conexi\u00f3n de un vistazo. Este dise\u00f1o protege la interfaz USB cuando no se utiliza.<\/p>\n<\/div>\n<\/div>\n\n\n\n<div class=\"wp-block-columns is-layout-flex wp-container-core-columns-is-layout-28f84493 wp-block-columns-is-layout-flex\">\n<div class=\"wp-block-column is-vertically-aligned-center is-layout-flow wp-block-column-is-layout-flow\">\n<p>El dise\u00f1o deslizante del <strong>Memoria USB Porsche<\/strong> La memoria USB Porsche es muy apreciada por los fans de Porsche, los profesionales y las empresas de venta de autom\u00f3viles. <\/p>\n\n\n\n<p>En reuniones de negocios y comunicaciones con clientes, puede servir para mostrar el gusto personal y la individualidad. Como regalo digital de gama alta, es m\u00e1s adecuado para obsequiar a familiares y amigos que aman Porsche y persiguen una vida de calidad.<\/p>\n<\/div>\n\n\n\n<div class=\"wp-block-column is-layout-flow wp-block-column-is-layout-flow\">\n<figure class=\"wp-block-image size-full\"><img alt=\"\" decoding=\"async\" width=\"800\" height=\"800\" src=\"https:\/\/www.usborkeychain.com\/wp-content\/uploads\/porsche-usb-memory-stick.jpg\" class=\"wp-image-7683\" srcset=\"https:\/\/www.usborkeychain.com\/wp-content\/uploads\/porsche-usb-memory-stick.jpg 800w, https:\/\/www.usborkeychain.com\/wp-content\/uploads\/porsche-usb-memory-stick-300x300.jpg 300w, https:\/\/www.usborkeychain.com\/wp-content\/uploads\/porsche-usb-memory-stick-150x150.jpg 150w, https:\/\/www.usborkeychain.com\/wp-content\/uploads\/porsche-usb-memory-stick-768x768.jpg 768w, https:\/\/www.usborkeychain.com\/wp-content\/uploads\/porsche-usb-memory-stick-12x12.jpg 12w, https:\/\/www.usborkeychain.com\/wp-content\/uploads\/porsche-usb-memory-stick-600x600.jpg 600w, https:\/\/www.usborkeychain.com\/wp-content\/uploads\/porsche-usb-memory-stick-100x100.jpg 100w\" sizes=\"(max-width: 800px) 100vw, 800px\" \/><\/figure>\n<\/div>\n<\/div>\n\n\n\n<div class=\"wp-block-columns is-layout-flex wp-container-core-columns-is-layout-28f84493 wp-block-columns-is-layout-flex\">\n<div class=\"wp-block-column is-layout-flow wp-block-column-is-layout-flow\">\n<figure class=\"wp-block-image size-full\"><img alt=\"\" loading=\"lazy\" decoding=\"async\" width=\"800\" height=\"800\" src=\"https:\/\/www.usborkeychain.com\/wp-content\/uploads\/porsche-design-usb-stick.png\" class=\"wp-image-7680\" srcset=\"https:\/\/www.usborkeychain.com\/wp-content\/uploads\/porsche-design-usb-stick.png 800w, https:\/\/www.usborkeychain.com\/wp-content\/uploads\/porsche-design-usb-stick-300x300.png 300w, https:\/\/www.usborkeychain.com\/wp-content\/uploads\/porsche-design-usb-stick-150x150.png 150w, https:\/\/www.usborkeychain.com\/wp-content\/uploads\/porsche-design-usb-stick-768x768.png 768w, https:\/\/www.usborkeychain.com\/wp-content\/uploads\/porsche-design-usb-stick-12x12.png 12w, https:\/\/www.usborkeychain.com\/wp-content\/uploads\/porsche-design-usb-stick-600x600.png 600w, https:\/\/www.usborkeychain.com\/wp-content\/uploads\/porsche-design-usb-stick-100x100.png 100w\" sizes=\"(max-width: 800px) 100vw, 800px\" \/><\/figure>\n<\/div>\n\n\n\n<div class=\"wp-block-column is-vertically-aligned-center is-layout-flow wp-block-column-is-layout-flow\">\n<p>En <strong>Llave Porsche Memoria USB<\/strong>, con su dise\u00f1o de \"llave de coche Porsche\", sus excelentes par\u00e1metros de almacenamiento y su adaptabilidad a los sentimientos de los aficionados, as\u00ed como a los escenarios de trabajo\/regalo, se ha convertido en una unidad USB distintiva en el mercado que combina \"buena apariencia\" y \"practicidad\".<\/p>\n\n\n\n<p><strong>Youshan<\/strong> La empresa, como fabricante profesional de unidades USB, ofrece dise\u00f1o y muestras gratuitas, proporcionando un servicio integral que abarca el dise\u00f1o, el moldeo, la toma de muestras, la producci\u00f3n y el embalaje de las unidades USB.<\/p>\n<\/div>\n<\/div>","protected":false},"excerpt":{"rendered":"<ul>\n<li>Memoria USB Llave Porsche<\/li>\n<li>Material:PVC<\/li>\n<li>Mecanismo deslizante para extender el bast\u00f3n<\/li>\n<li>Color negro \/ cromo<\/li>\n<li>Porsche WAP0507150M001<\/li>\n<\/ul>","protected":false},"featured_media":7684,"comment_status":"open","ping_status":"closed","template":"","meta":{"_seopress_robots_primary_cat":"","_seopress_titles_title":"","_seopress_titles_desc":"","_seopress_robots_index":"","site-sidebar-layout":"default","site-content-layout":"","ast-site-content-layout":"","site-content-style":"default","site-sidebar-style":"default","ast-global-header-display":"","ast-banner-title-visibility":"","ast-main-header-display":"","ast-hfb-above-header-display":"","ast-hfb-below-header-display":"","ast-hfb-mobile-header-display":"","site-post-title":"","ast-breadcrumbs-content":"","ast-featured-img":"disabled","footer-sml-layout":"","theme-transparent-header-meta":"","adv-header-id-meta":"","stick-header-meta":"","header-above-stick-meta":"","header-main-stick-meta":"","header-below-stick-meta":"","astra-migrate-meta-layouts":"default","ast-page-background-enabled":"default","ast-page-background-meta":{"desktop":{"background-color":"var(--ast-global-color-5)","background-image":"","background-repeat":"repeat","background-position":"center center","background-size":"auto","background-attachment":"scroll","background-type":"","background-media":"","overlay-type":"","overlay-color":"","overlay-opacity":"","overlay-gradient":""},"tablet":{"background-color":"","background-image":"","background-repeat":"repeat","background-position":"center center","background-size":"auto","background-attachment":"scroll","background-type":"","background-media":"","overlay-type":"","overlay-color":"","overlay-opacity":"","overlay-gradient":""},"mobile":{"background-color":"","background-image":"","background-repeat":"repeat","background-position":"center center","background-size":"auto","background-attachment":"scroll","background-type":"","background-media":"","overlay-type":"","overlay-color":"","overlay-opacity":"","overlay-gradient":""}},"ast-content-background-meta":{"desktop":{"background-color":"var(--ast-global-color-4)","background-image":"","background-repeat":"repeat","background-position":"center center","background-size":"auto","background-attachment":"scroll","background-type":"","background-media":"","overlay-type":"","overlay-color":"","overlay-opacity":"","overlay-gradient":""},"tablet":{"background-color":"var(--ast-global-color-4)","background-image":"","background-repeat":"repeat","background-position":"center center","background-size":"auto","background-attachment":"scroll","background-type":"","background-media":"","overlay-type":"","overlay-color":"","overlay-opacity":"","overlay-gradient":""},"mobile":{"background-color":"var(--ast-global-color-4)","background-image":"","background-repeat":"repeat","background-position":"center center","background-size":"auto","background-attachment":"scroll","background-type":"","background-media":"","overlay-type":"","overlay-color":"","overlay-opacity":"","overlay-gradient":""}}},"product_brand":[],"product_cat":[108,92],"product_tag":[],"class_list":{"0":"post-7677","1":"product","2":"type-product","3":"status-publish","4":"has-post-thumbnail","6":"product_cat-key-shaped-usb-pendrive","7":"product_cat-plastic-usb-pendrive","8":"desktop-align-left","9":"tablet-align-left","10":"mobile-align-left","12":"first","13":"instock","14":"shipping-taxable","15":"product-type-simple"},"_links":{"self":[{"href":"https:\/\/www.usborkeychain.com\/es\/wp-json\/wp\/v2\/product\/7677","targetHints":{"allow":["GET"]}}],"collection":[{"href":"https:\/\/www.usborkeychain.com\/es\/wp-json\/wp\/v2\/product"}],"about":[{"href":"https:\/\/www.usborkeychain.com\/es\/wp-json\/wp\/v2\/types\/product"}],"replies":[{"embeddable":true,"href":"https:\/\/www.usborkeychain.com\/es\/wp-json\/wp\/v2\/comments?post=7677"}],"wp:featuredmedia":[{"embeddable":true,"href":"https:\/\/www.usborkeychain.com\/es\/wp-json\/wp\/v2\/media\/7684"}],"wp:attachment":[{"href":"https:\/\/www.usborkeychain.com\/es\/wp-json\/wp\/v2\/media?parent=7677"}],"wp:term":[{"taxonomy":"product_brand","embeddable":true,"href":"https:\/\/www.usborkeychain.com\/es\/wp-json\/wp\/v2\/product_brand?post=7677"},{"taxonomy":"product_cat","embeddable":true,"href":"https:\/\/www.usborkeychain.com\/es\/wp-json\/wp\/v2\/product_cat?post=7677"},{"taxonomy":"product_tag","embeddable":true,"href":"https:\/\/www.usborkeychain.com\/es\/wp-json\/wp\/v2\/product_tag?post=7677"}],"curies":[{"name":"wp","href":"https:\/\/api.w.org\/{rel}","templated":true}]}}