{"id":7685,"date":"2025-09-14T13:14:03","date_gmt":"2025-09-14T13:14:03","guid":{"rendered":"https:\/\/www.usborkeychain.com\/?post_type=product&#038;p=7685"},"modified":"2025-09-15T04:36:21","modified_gmt":"2025-09-15T04:36:21","slug":"star-swivel-usb-flash-drive","status":"publish","type":"product","link":"https:\/\/www.usborkeychain.com\/es\/producto\/star-swivel-usb-flash-drive\/","title":{"rendered":"Memoria USB Star Swivel"},"content":{"rendered":"<div class=\"wp-block-columns is-layout-flex wp-container-core-columns-is-layout-28f84493 wp-block-columns-is-layout-flex\">\n<div class=\"wp-block-column is-layout-flow wp-block-column-is-layout-flow\">\n<figure class=\"wp-block-image size-full\"><img alt=\"\" fetchpriority=\"high\" decoding=\"async\" width=\"800\" height=\"800\" src=\"https:\/\/www.usborkeychain.com\/wp-content\/uploads\/cba56fdc764d4423a24384d23f2a399d.jpg\" class=\"wp-image-7692\" srcset=\"https:\/\/www.usborkeychain.com\/wp-content\/uploads\/cba56fdc764d4423a24384d23f2a399d.jpg 800w, https:\/\/www.usborkeychain.com\/wp-content\/uploads\/cba56fdc764d4423a24384d23f2a399d-300x300.jpg 300w, https:\/\/www.usborkeychain.com\/wp-content\/uploads\/cba56fdc764d4423a24384d23f2a399d-150x150.jpg 150w, https:\/\/www.usborkeychain.com\/wp-content\/uploads\/cba56fdc764d4423a24384d23f2a399d-768x768.jpg 768w, https:\/\/www.usborkeychain.com\/wp-content\/uploads\/cba56fdc764d4423a24384d23f2a399d-12x12.jpg 12w, https:\/\/www.usborkeychain.com\/wp-content\/uploads\/cba56fdc764d4423a24384d23f2a399d-600x600.jpg 600w, https:\/\/www.usborkeychain.com\/wp-content\/uploads\/cba56fdc764d4423a24384d23f2a399d-100x100.jpg 100w\" sizes=\"(max-width: 800px) 100vw, 800px\" \/><\/figure>\n<\/div>\n\n\n\n<div class=\"wp-block-column is-vertically-aligned-center is-layout-flow wp-block-column-is-layout-flow\">\n<p>En <strong>Memoria USB Star Swivel<\/strong> cuenta con una estructura giratoria de 360 grados como principal caracter\u00edstica de dise\u00f1o. Este dise\u00f1o giratorio permite guardar f\u00e1cilmente la interfaz USB, evitando que se da\u00f1e por colisiones y acumulaci\u00f3n de polvo, lo que aumenta considerablemente la durabilidad de la unidad USB. <\/p>\n\n\n\n<p>El fresco patr\u00f3n de estrellas rosas, junto con la posibilidad de personalizar la carcasa en varios colores, satisface las diversas necesidades tanto del uso diario personal como de la personalizaci\u00f3n masiva en empresas.<\/p>\n<\/div>\n<\/div>\n\n\n\n<h3 class=\"wp-block-heading\">Par\u00e1metro USB Core<\/h3>\n\n\n\n<figure class=\"wp-block-table\"><table class=\"has-fixed-layout\"><thead><tr><th>Categor\u00eda de par\u00e1metros<\/th><th>Indicadores detallados<\/th><\/tr><\/thead><tbody><tr><td>Capacidad de almacenamiento<\/td><td>8GB \/ 16GB \/ 32GB \/ 64GB \/ 128GB<\/td><\/tr><tr><td>Tipo de interfaz USB<\/td><td>USB 2.0 \/ USB 3.0<\/td><\/tr><tr><td>Material de la carcasa<\/td><td>Pl\u00e1stico ABS de alta calidad<\/td><\/tr><tr><td>Tama\u00f1o del producto<\/td><td>Aproximadamente 58 mm \u00d7 18 mm \u00d7 10 mm<\/td><\/tr><\/tbody><\/table><\/figure>\n\n\n\n<h3 class=\"wp-block-heading\">Colores personalizables<\/h3>\n\n\n\n<p>La memoria USB giratoria Star est\u00e1 disponible en varios colores, como blanco, rosa, azul, naranja y verde. La variada gama de colores no s\u00f3lo permite a los usuarios individuales elegir seg\u00fan sus preferencias, sino que tambi\u00e9n ayuda a las empresas a distinguir por colores los dispositivos de almacenamiento de los distintos departamentos y proyectos.<\/p>\n\n\n\n<div class=\"wp-block-columns is-layout-flex wp-container-core-columns-is-layout-28f84493 wp-block-columns-is-layout-flex\">\n<div class=\"wp-block-column is-layout-flow wp-block-column-is-layout-flow\">\n<figure class=\"wp-block-image size-full\"><img alt=\"\" decoding=\"async\" width=\"800\" height=\"800\" src=\"https:\/\/www.usborkeychain.com\/wp-content\/uploads\/bfb34d2003417ccbe6f379ce4c34f470.png\" class=\"wp-image-7691\" srcset=\"https:\/\/www.usborkeychain.com\/wp-content\/uploads\/bfb34d2003417ccbe6f379ce4c34f470.png 800w, https:\/\/www.usborkeychain.com\/wp-content\/uploads\/bfb34d2003417ccbe6f379ce4c34f470-300x300.png 300w, https:\/\/www.usborkeychain.com\/wp-content\/uploads\/bfb34d2003417ccbe6f379ce4c34f470-150x150.png 150w, https:\/\/www.usborkeychain.com\/wp-content\/uploads\/bfb34d2003417ccbe6f379ce4c34f470-768x768.png 768w, https:\/\/www.usborkeychain.com\/wp-content\/uploads\/bfb34d2003417ccbe6f379ce4c34f470-12x12.png 12w, https:\/\/www.usborkeychain.com\/wp-content\/uploads\/bfb34d2003417ccbe6f379ce4c34f470-600x600.png 600w, https:\/\/www.usborkeychain.com\/wp-content\/uploads\/bfb34d2003417ccbe6f379ce4c34f470-100x100.png 100w\" sizes=\"(max-width: 800px) 100vw, 800px\" \/><\/figure>\n<\/div>\n\n\n\n<div class=\"wp-block-column is-layout-flow wp-block-column-is-layout-flow\">\n<figure class=\"wp-block-image size-full\"><img alt=\"\" decoding=\"async\" width=\"800\" height=\"800\" src=\"https:\/\/www.usborkeychain.com\/wp-content\/uploads\/d5f8612bec5eedd1bad7c0b6abba693b.png\" class=\"wp-image-7693\" srcset=\"https:\/\/www.usborkeychain.com\/wp-content\/uploads\/d5f8612bec5eedd1bad7c0b6abba693b.png 800w, https:\/\/www.usborkeychain.com\/wp-content\/uploads\/d5f8612bec5eedd1bad7c0b6abba693b-300x300.png 300w, https:\/\/www.usborkeychain.com\/wp-content\/uploads\/d5f8612bec5eedd1bad7c0b6abba693b-150x150.png 150w, https:\/\/www.usborkeychain.com\/wp-content\/uploads\/d5f8612bec5eedd1bad7c0b6abba693b-768x768.png 768w, https:\/\/www.usborkeychain.com\/wp-content\/uploads\/d5f8612bec5eedd1bad7c0b6abba693b-12x12.png 12w, https:\/\/www.usborkeychain.com\/wp-content\/uploads\/d5f8612bec5eedd1bad7c0b6abba693b-600x600.png 600w, https:\/\/www.usborkeychain.com\/wp-content\/uploads\/d5f8612bec5eedd1bad7c0b6abba693b-100x100.png 100w\" sizes=\"(max-width: 800px) 100vw, 800px\" \/><\/figure>\n<\/div>\n<\/div>\n\n\n\n<div class=\"wp-block-columns is-layout-flex wp-container-core-columns-is-layout-28f84493 wp-block-columns-is-layout-flex\">\n<div class=\"wp-block-column is-layout-flow wp-block-column-is-layout-flow\">\n<figure class=\"wp-block-image size-full\"><img alt=\"\" loading=\"lazy\" decoding=\"async\" width=\"800\" height=\"800\" src=\"https:\/\/www.usborkeychain.com\/wp-content\/uploads\/ee8d52111d50b0230d923a4012860943.png\" class=\"wp-image-7694\" srcset=\"https:\/\/www.usborkeychain.com\/wp-content\/uploads\/ee8d52111d50b0230d923a4012860943.png 800w, https:\/\/www.usborkeychain.com\/wp-content\/uploads\/ee8d52111d50b0230d923a4012860943-300x300.png 300w, https:\/\/www.usborkeychain.com\/wp-content\/uploads\/ee8d52111d50b0230d923a4012860943-150x150.png 150w, https:\/\/www.usborkeychain.com\/wp-content\/uploads\/ee8d52111d50b0230d923a4012860943-768x768.png 768w, https:\/\/www.usborkeychain.com\/wp-content\/uploads\/ee8d52111d50b0230d923a4012860943-12x12.png 12w, https:\/\/www.usborkeychain.com\/wp-content\/uploads\/ee8d52111d50b0230d923a4012860943-600x600.png 600w, https:\/\/www.usborkeychain.com\/wp-content\/uploads\/ee8d52111d50b0230d923a4012860943-100x100.png 100w\" sizes=\"(max-width: 800px) 100vw, 800px\" \/><\/figure>\n<\/div>\n\n\n\n<div class=\"wp-block-column is-layout-flow wp-block-column-is-layout-flow\">\n<figure class=\"wp-block-image size-full\"><img alt=\"\" loading=\"lazy\" decoding=\"async\" width=\"800\" height=\"800\" src=\"https:\/\/www.usborkeychain.com\/wp-content\/uploads\/4cce06a4a255df9886ecd04622427e73.png\" class=\"wp-image-7689\" srcset=\"https:\/\/www.usborkeychain.com\/wp-content\/uploads\/4cce06a4a255df9886ecd04622427e73.png 800w, https:\/\/www.usborkeychain.com\/wp-content\/uploads\/4cce06a4a255df9886ecd04622427e73-300x300.png 300w, https:\/\/www.usborkeychain.com\/wp-content\/uploads\/4cce06a4a255df9886ecd04622427e73-150x150.png 150w, https:\/\/www.usborkeychain.com\/wp-content\/uploads\/4cce06a4a255df9886ecd04622427e73-768x768.png 768w, https:\/\/www.usborkeychain.com\/wp-content\/uploads\/4cce06a4a255df9886ecd04622427e73-12x12.png 12w, https:\/\/www.usborkeychain.com\/wp-content\/uploads\/4cce06a4a255df9886ecd04622427e73-600x600.png 600w, https:\/\/www.usborkeychain.com\/wp-content\/uploads\/4cce06a4a255df9886ecd04622427e73-100x100.png 100w\" sizes=\"(max-width: 800px) 100vw, 800px\" \/><\/figure>\n<\/div>\n<\/div>\n\n\n\n<h3 class=\"wp-block-heading\">Procesos de personalizaci\u00f3n<\/h3>\n\n\n\n<div class=\"wp-block-columns is-layout-flex wp-container-core-columns-is-layout-28f84493 wp-block-columns-is-layout-flex\">\n<div class=\"wp-block-column is-vertically-aligned-center is-layout-flow wp-block-column-is-layout-flow\">\n<p>En <strong>Memoria USB giratoria Star<\/strong> admite la personalizaci\u00f3n mediante procesos como la serigraf\u00eda, el grabado l\u00e1ser y la impresi\u00f3n UV. <\/p>\n\n\n\n<p>Las empresas pueden imprimir o grabar con precisi\u00f3n logotipos de marcas, esl\u00f3ganes promocionales, temas de eventos y otros contenidos en la carcasa o en la zona superior de la unidad USB.<\/p>\n<\/div>\n\n\n\n<div class=\"wp-block-column is-layout-flow wp-block-column-is-layout-flow\">\n<figure class=\"wp-block-image size-full\"><img alt=\"\" loading=\"lazy\" decoding=\"async\" width=\"800\" height=\"800\" src=\"https:\/\/www.usborkeychain.com\/wp-content\/uploads\/b515578b37bc7db12299530dd6ac64a0.png\" class=\"wp-image-7690\" srcset=\"https:\/\/www.usborkeychain.com\/wp-content\/uploads\/b515578b37bc7db12299530dd6ac64a0.png 800w, https:\/\/www.usborkeychain.com\/wp-content\/uploads\/b515578b37bc7db12299530dd6ac64a0-300x300.png 300w, https:\/\/www.usborkeychain.com\/wp-content\/uploads\/b515578b37bc7db12299530dd6ac64a0-150x150.png 150w, https:\/\/www.usborkeychain.com\/wp-content\/uploads\/b515578b37bc7db12299530dd6ac64a0-768x768.png 768w, https:\/\/www.usborkeychain.com\/wp-content\/uploads\/b515578b37bc7db12299530dd6ac64a0-12x12.png 12w, https:\/\/www.usborkeychain.com\/wp-content\/uploads\/b515578b37bc7db12299530dd6ac64a0-600x600.png 600w, https:\/\/www.usborkeychain.com\/wp-content\/uploads\/b515578b37bc7db12299530dd6ac64a0-100x100.png 100w\" sizes=\"(max-width: 800px) 100vw, 800px\" \/><\/figure>\n<\/div>\n<\/div>\n\n\n\n<div class=\"wp-block-columns is-layout-flex wp-container-core-columns-is-layout-28f84493 wp-block-columns-is-layout-flex\">\n<div class=\"wp-block-column is-layout-flow wp-block-column-is-layout-flow\">\n<figure class=\"wp-block-image size-full\"><img alt=\"\" loading=\"lazy\" decoding=\"async\" width=\"800\" height=\"800\" src=\"https:\/\/www.usborkeychain.com\/wp-content\/uploads\/1a38072893e624c5d8f4cde77db19b6c.png\" class=\"wp-image-7688\" srcset=\"https:\/\/www.usborkeychain.com\/wp-content\/uploads\/1a38072893e624c5d8f4cde77db19b6c.png 800w, https:\/\/www.usborkeychain.com\/wp-content\/uploads\/1a38072893e624c5d8f4cde77db19b6c-300x300.png 300w, https:\/\/www.usborkeychain.com\/wp-content\/uploads\/1a38072893e624c5d8f4cde77db19b6c-150x150.png 150w, https:\/\/www.usborkeychain.com\/wp-content\/uploads\/1a38072893e624c5d8f4cde77db19b6c-768x768.png 768w, https:\/\/www.usborkeychain.com\/wp-content\/uploads\/1a38072893e624c5d8f4cde77db19b6c-12x12.png 12w, https:\/\/www.usborkeychain.com\/wp-content\/uploads\/1a38072893e624c5d8f4cde77db19b6c-600x600.png 600w, https:\/\/www.usborkeychain.com\/wp-content\/uploads\/1a38072893e624c5d8f4cde77db19b6c-100x100.png 100w\" sizes=\"(max-width: 800px) 100vw, 800px\" \/><\/figure>\n<\/div>\n\n\n\n<div class=\"wp-block-column is-vertically-aligned-center is-layout-flow wp-block-column-is-layout-flow\">\n<p>Facilita las transferencias de archivos con una interfaz personalizable. <strong>Memoria USB giratoria<\/strong>. Con una tapa giratoria para mantener el puerto USB protegido y accesible, una muesca superior para sujetarla f\u00e1cilmente a las llaves y un dise\u00f1o personalizado con tus fotos, texto y mucho m\u00e1s, esta unidad USB ser\u00e1 tu mejor compa\u00f1era. Ideal para estudiantes, empresas o simplemente para tener en casa.<\/p>\n<\/div>\n<\/div>","protected":false},"excerpt":{"rendered":"<ul>\n<li>Color personalizable<\/li>\n<li>Rotaci\u00f3n de 360 grados<\/li>\n<li>Pl\u00e1stico ABS<\/li>\n<li>Logotipo personalizable<\/li>\n<li>MOQ:100pcs<\/li>\n<\/ul>","protected":false},"featured_media":7692,"comment_status":"open","ping_status":"closed","template":"","meta":{"_seopress_robots_primary_cat":"","_seopress_titles_title":"","_seopress_titles_desc":"","_seopress_robots_index":"","site-sidebar-layout":"default","site-content-layout":"","ast-site-content-layout":"","site-content-style":"default","site-sidebar-style":"default","ast-global-header-display":"","ast-banner-title-visibility":"","ast-main-header-display":"","ast-hfb-above-header-display":"","ast-hfb-below-header-display":"","ast-hfb-mobile-header-display":"","site-post-title":"","ast-breadcrumbs-content":"","ast-featured-img":"","footer-sml-layout":"","theme-transparent-header-meta":"","adv-header-id-meta":"","stick-header-meta":"","header-above-stick-meta":"","header-main-stick-meta":"","header-below-stick-meta":"","astra-migrate-meta-layouts":"default","ast-page-background-enabled":"default","ast-page-background-meta":{"desktop":{"background-color":"var(--ast-global-color-5)","background-image":"","background-repeat":"repeat","background-position":"center center","background-size":"auto","background-attachment":"scroll","background-type":"","background-media":"","overlay-type":"","overlay-color":"","overlay-opacity":"","overlay-gradient":""},"tablet":{"background-color":"","background-image":"","background-repeat":"repeat","background-position":"center center","background-size":"auto","background-attachment":"scroll","background-type":"","background-media":"","overlay-type":"","overlay-color":"","overlay-opacity":"","overlay-gradient":""},"mobile":{"background-color":"","background-image":"","background-repeat":"repeat","background-position":"center center","background-size":"auto","background-attachment":"scroll","background-type":"","background-media":"","overlay-type":"","overlay-color":"","overlay-opacity":"","overlay-gradient":""}},"ast-content-background-meta":{"desktop":{"background-color":"var(--ast-global-color-4)","background-image":"","background-repeat":"repeat","background-position":"center center","background-size":"auto","background-attachment":"scroll","background-type":"","background-media":"","overlay-type":"","overlay-color":"","overlay-opacity":"","overlay-gradient":""},"tablet":{"background-color":"var(--ast-global-color-4)","background-image":"","background-repeat":"repeat","background-position":"center center","background-size":"auto","background-attachment":"scroll","background-type":"","background-media":"","overlay-type":"","overlay-color":"","overlay-opacity":"","overlay-gradient":""},"mobile":{"background-color":"var(--ast-global-color-4)","background-image":"","background-repeat":"repeat","background-position":"center center","background-size":"auto","background-attachment":"scroll","background-type":"","background-media":"","overlay-type":"","overlay-color":"","overlay-opacity":"","overlay-gradient":""}}},"product_brand":[],"product_cat":[106],"product_tag":[406],"class_list":{"0":"post-7685","1":"product","2":"type-product","3":"status-publish","4":"has-post-thumbnail","6":"product_cat-rotating-usb-pendrive","7":"product_tag-metal-swivel-usb-drive","8":"desktop-align-left","9":"tablet-align-left","10":"mobile-align-left","12":"first","13":"instock","14":"shipping-taxable","15":"product-type-simple"},"_links":{"self":[{"href":"https:\/\/www.usborkeychain.com\/es\/wp-json\/wp\/v2\/product\/7685","targetHints":{"allow":["GET"]}}],"collection":[{"href":"https:\/\/www.usborkeychain.com\/es\/wp-json\/wp\/v2\/product"}],"about":[{"href":"https:\/\/www.usborkeychain.com\/es\/wp-json\/wp\/v2\/types\/product"}],"replies":[{"embeddable":true,"href":"https:\/\/www.usborkeychain.com\/es\/wp-json\/wp\/v2\/comments?post=7685"}],"wp:featuredmedia":[{"embeddable":true,"href":"https:\/\/www.usborkeychain.com\/es\/wp-json\/wp\/v2\/media\/7692"}],"wp:attachment":[{"href":"https:\/\/www.usborkeychain.com\/es\/wp-json\/wp\/v2\/media?parent=7685"}],"wp:term":[{"taxonomy":"product_brand","embeddable":true,"href":"https:\/\/www.usborkeychain.com\/es\/wp-json\/wp\/v2\/product_brand?post=7685"},{"taxonomy":"product_cat","embeddable":true,"href":"https:\/\/www.usborkeychain.com\/es\/wp-json\/wp\/v2\/product_cat?post=7685"},{"taxonomy":"product_tag","embeddable":true,"href":"https:\/\/www.usborkeychain.com\/es\/wp-json\/wp\/v2\/product_tag?post=7685"}],"curies":[{"name":"wp","href":"https:\/\/api.w.org\/{rel}","templated":true}]}}