{"id":2089,"date":"2025-06-18T06:14:12","date_gmt":"2025-06-18T06:14:12","guid":{"rendered":"https:\/\/www.usborkeychain.com\/?post_type=product&#038;p=2089"},"modified":"2025-08-02T16:18:31","modified_gmt":"2025-08-02T16:18:31","slug":"usb2-0-keychain-leather-usb-flash-drive","status":"publish","type":"product","link":"https:\/\/www.usborkeychain.com\/fr\/produit\/usb2-0-keychain-leather-usb-flash-drive\/","title":{"rendered":"Porte-cl\u00e9s USB2.0 Cl\u00e9 USB en cuir"},"content":{"rendered":"<div class=\"wp-block-columns are-vertically-aligned-center is-layout-flex wp-container-core-columns-is-layout-28f84493 wp-block-columns-is-layout-flex\">\n<div class=\"wp-block-column is-vertically-aligned-center is-layout-flow wp-block-column-is-layout-flow\">\n<figure class=\"wp-block-image size-full\"><img fetchpriority=\"high\" decoding=\"async\" width=\"800\" height=\"800\" src=\"https:\/\/www.usborkeychain.com\/wp-content\/uploads\/USB2.0-Keychain-Leather-USB-Flash-Drive-1-1.jpg\" alt=\"USB2.0 Keychain Leather USB Flash Drive-1\" class=\"wp-image-2121\" srcset=\"https:\/\/www.usborkeychain.com\/wp-content\/uploads\/USB2.0-Keychain-Leather-USB-Flash-Drive-1-1.jpg 800w, https:\/\/www.usborkeychain.com\/wp-content\/uploads\/USB2.0-Keychain-Leather-USB-Flash-Drive-1-1-300x300.jpg 300w, https:\/\/www.usborkeychain.com\/wp-content\/uploads\/USB2.0-Keychain-Leather-USB-Flash-Drive-1-1-150x150.jpg 150w, https:\/\/www.usborkeychain.com\/wp-content\/uploads\/USB2.0-Keychain-Leather-USB-Flash-Drive-1-1-768x768.jpg 768w, https:\/\/www.usborkeychain.com\/wp-content\/uploads\/USB2.0-Keychain-Leather-USB-Flash-Drive-1-1-12x12.jpg 12w, https:\/\/www.usborkeychain.com\/wp-content\/uploads\/USB2.0-Keychain-Leather-USB-Flash-Drive-1-1-600x600.jpg 600w, https:\/\/www.usborkeychain.com\/wp-content\/uploads\/USB2.0-Keychain-Leather-USB-Flash-Drive-1-1-100x100.jpg 100w\" sizes=\"(max-width: 800px) 100vw, 800px\" \/><\/figure>\n<\/div>\n\n\n\n<div class=\"wp-block-column is-vertically-aligned-center is-layout-flow wp-block-column-is-layout-flow\">\n<p>Cette cl\u00e9 USB 2.0 en cuir avec porte-cl\u00e9s rompt avec le design monotone des cl\u00e9s USB traditionnelles en int\u00e9grant ing\u00e9nieusement des \u00e9l\u00e9ments de porte-cl\u00e9s. <\/p>\n\n\n\n<p>Elle est non seulement pratique \u00e0 transporter, mais aussi un accessoire \u00e0 la mode. La cl\u00e9 USB est dot\u00e9e d'un \u00e9tui en cuir de haute qualit\u00e9, offrant un toucher doux et une excellente r\u00e9sistance \u00e0 l'usure, ce qui souligne sa qualit\u00e9. <\/p>\n\n\n\n<p>Le rivet m\u00e9tallique situ\u00e9 sur le dessus de l'\u00e9tui en cuir sert non seulement de renfort, mais ajoute \u00e9galement une touche de style industriel r\u00e9tro \u00e0 l'ensemble du design. L'\u00e9tui en cuir est reli\u00e9 \u00e0 la cl\u00e9 USB par une cha\u00eene m\u00e9tallique, ce qui garantit une fixation s\u00fbre et \u00e9limine le risque de perte accidentelle. <\/p>\n\n\n\n<p>Que ce soit pour un usage personnel ou comme cadeau, cette cl\u00e9 USB en cuir avec le plus grand design - sense est un excellent choix, rendant le stockage de donn\u00e9es plus \u00e9l\u00e9gant !<\/p>\n<\/div>\n<\/div>\n\n\n\n<div style=\"height:50px\" aria-hidden=\"true\" class=\"wp-block-spacer\"><\/div>\n\n\n\n<h2 class=\"wp-block-heading\">Interfaces et param\u00e8tres de la cl\u00e9 USB 2.0 avec porte-cl\u00e9s en cuir<\/h2>\n\n\n\n<p>En tant que p\u00e9riph\u00e9rique de stockage bas\u00e9 sur le protocole USB2.0, cette cl\u00e9 USB porte-cl\u00e9s a \u00e9t\u00e9 soumise \u00e0 des tests stricts en termes de vitesse de transmission, de compatibilit\u00e9, de durabilit\u00e9, etc. Voici le tableau des param\u00e8tres de base (en prenant la version 16 Go comme exemple) :<\/p>\n\n\n\n<figure class=\"wp-block-table\"><table class=\"has-fixed-layout\"><thead><tr><th>Type de param\u00e8tre<\/th><th>Param\u00e8tres sp\u00e9cifiques<\/th><\/tr><\/thead><tbody><tr><td>Type d'interface<\/td><td>USB2.0 (compatible avec USB1.1\/3.0, r\u00e9trocompatible avec les appareils courants)<\/td><\/tr><tr><td>Capacit\u00e9 de stockage<\/td><td>8GB, 16GB, 32GB, 64GB<\/td><\/tr><tr><td>Vitesse de lecture\/\u00e9criture<\/td><td>Vitesse de lecture : 15 Mo\/s ; Vitesse d'\u00e9criture : 5 Mo\/s<\/td><\/tr><tr><td>Tension de fonctionnement<\/td><td>5V\u00b10,25V<\/td><\/tr><tr><td>Temp\u00e9rature de fonctionnement<\/td><td>0\u2103 - 60\u2103<\/td><\/tr><tr><td>Mat\u00e9riau<\/td><td>Couche ext\u00e9rieure : cuir de vachette \u00e0 grain sup\u00e9rieur ; couche int\u00e9rieure : silicone souple (pour prot\u00e9ger l'interface USB des rayures)<\/td><\/tr><tr><td>Taille<\/td><td>35*<em>15<\/em>*8mm<\/td><\/tr><tr><td>Poids<\/td><td>15g<\/td><\/tr><\/tbody><\/table><\/figure>\n\n\n\n<div style=\"height:50px\" aria-hidden=\"true\" class=\"wp-block-spacer\"><\/div>\n\n\n\n<h2 class=\"wp-block-heading\">Le logo de la cl\u00e9 USB 2.0 en cuir peut-il \u00eatre personnalis\u00e9 ?<\/h2>\n\n\n\n<div class=\"wp-block-columns is-layout-flex wp-container-core-columns-is-layout-28f84493 wp-block-columns-is-layout-flex\">\n<div class=\"wp-block-column is-vertically-aligned-center is-layout-flow wp-block-column-is-layout-flow\">\n<p>Bien s\u00fbr ! Cette cl\u00e9 USB permet de personnaliser le logo \u00e0 l'avant et \u00e0 l'arri\u00e8re, et trois m\u00e9thodes sont propos\u00e9es : la gravure au laser, la s\u00e9rigraphie et le gaufrage. <\/p>\n\n\n\n<p>Le logo grav\u00e9 au laser est clair et d\u00e9licat, et il a la particularit\u00e9 de conserver ses couleurs pendant longtemps. La s\u00e9rigraphie peut pr\u00e9senter des couleurs riches, rendant le logo plus vivant. <\/p>\n\n\n\n<p>Le gaufrage forme une texture concave et convexe unique sur la surface de l'\u00e9tui en cuir, ce qui t\u00e9moigne d'une qualit\u00e9 haut de gamme. En outre, nous pouvons \u00e9galement personnaliser le logo de l'emballage. <\/p>\n\n\n\n<p>Qu'il s'agisse d'un cadeau promotionnel d'entreprise ou d'un souvenir personnel exclusif, la personnalisation du logo permet de mettre en valeur la personnalit\u00e9 unique et le charme de la marque.<\/p>\n<\/div>\n\n\n\n<div class=\"wp-block-column is-layout-flow wp-block-column-is-layout-flow\">\n<figure class=\"wp-block-image size-full\"><img decoding=\"async\" width=\"800\" height=\"800\" src=\"https:\/\/www.usborkeychain.com\/wp-content\/uploads\/Vintage-inspired-leather-USB-drive.jpg\" alt=\"Vintage-inspired-leather-USB-drive\" class=\"wp-image-2123\" srcset=\"https:\/\/www.usborkeychain.com\/wp-content\/uploads\/Vintage-inspired-leather-USB-drive.jpg 800w, https:\/\/www.usborkeychain.com\/wp-content\/uploads\/Vintage-inspired-leather-USB-drive-300x300.jpg 300w, https:\/\/www.usborkeychain.com\/wp-content\/uploads\/Vintage-inspired-leather-USB-drive-150x150.jpg 150w, https:\/\/www.usborkeychain.com\/wp-content\/uploads\/Vintage-inspired-leather-USB-drive-768x768.jpg 768w, https:\/\/www.usborkeychain.com\/wp-content\/uploads\/Vintage-inspired-leather-USB-drive-12x12.jpg 12w, https:\/\/www.usborkeychain.com\/wp-content\/uploads\/Vintage-inspired-leather-USB-drive-600x600.jpg 600w, https:\/\/www.usborkeychain.com\/wp-content\/uploads\/Vintage-inspired-leather-USB-drive-100x100.jpg 100w\" sizes=\"(max-width: 800px) 100vw, 800px\" \/><\/figure>\n<\/div>\n<\/div>\n\n\n\n<h2 class=\"wp-block-heading\">Quel est l'emballage de la cl\u00e9 USB 2.0 porte-cl\u00e9s en cuir ?<\/h2>\n\n\n\n<div class=\"wp-block-columns is-layout-flex wp-container-core-columns-is-layout-28f84493 wp-block-columns-is-layout-flex\">\n<div class=\"wp-block-column is-layout-flow wp-block-column-is-layout-flow\">\n<figure class=\"wp-block-image size-full\"><img decoding=\"async\" width=\"800\" height=\"975\" src=\"https:\/\/www.usborkeychain.com\/wp-content\/uploads\/Packaging-Options.jpg\" alt=\"Packaging Options\" class=\"wp-image-2125\" srcset=\"https:\/\/www.usborkeychain.com\/wp-content\/uploads\/Packaging-Options.jpg 800w, https:\/\/www.usborkeychain.com\/wp-content\/uploads\/Packaging-Options-246x300.jpg 246w, https:\/\/www.usborkeychain.com\/wp-content\/uploads\/Packaging-Options-768x936.jpg 768w, https:\/\/www.usborkeychain.com\/wp-content\/uploads\/Packaging-Options-10x12.jpg 10w, https:\/\/www.usborkeychain.com\/wp-content\/uploads\/Packaging-Options-600x731.jpg 600w\" sizes=\"(max-width: 800px) 100vw, 800px\" \/><\/figure>\n<\/div>\n\n\n\n<div class=\"wp-block-column is-vertically-aligned-center is-layout-flow wp-block-column-is-layout-flow\">\n<p>Nous proposons plusieurs options d'emballage pour cette cl\u00e9 USB. L'emballage d'usine standard est un sac en PP, l\u00e9ger et capable de prot\u00e9ger efficacement la cl\u00e9 USB, adapt\u00e9 \u00e0 une utilisation quotidienne et \u00e0 des sc\u00e9narios de cadeaux simples. <\/p>\n\n\n\n<p>Parall\u00e8lement, nous fournissons \u00e9galement des emballages en fer et des emballages en plastique. <\/p>\n\n\n\n<p>L'emballage en fer est solide et durable, avec une certaine valeur de collection. La bo\u00eete en plastique est transparente et belle, ce qui permet de mettre en valeur l'aspect exquis de la cl\u00e9 USB. <\/p>\n\n\n\n<p>Qu'il s'agisse d'un stockage personnel ou d'un cadeau, il peut donner de l'\u00e9clat au produit.<\/p>\n<\/div>\n<\/div>\n\n\n\n<h2 class=\"wp-block-heading\">Conclusion<\/h2>\n\n\n\n<p>Avec son design unique de porte-cl\u00e9s, son mat\u00e9riau en cuir de haute qualit\u00e9, ses param\u00e8tres de performance stables et ses nombreuses options de personnalisation et d'emballage, cette cl\u00e9 USB 2.0 en cuir est devenue un dispositif de stockage qui allie praticit\u00e9 et esth\u00e9tique. Qu'il s'agisse de stockage de donn\u00e9es personnelles ou de cadeaux d'entreprise, elle s'adapte parfaitement \u00e0 diff\u00e9rents sc\u00e9narios. Choisir cette cl\u00e9 USB, c'est choisir la qualit\u00e9 et le style. Passez commande d\u00e8s maintenant et commencez une nouvelle exp\u00e9rience de stockage \u00e0 la mode !<\/p>","protected":false},"excerpt":{"rendered":"<ul>\n<li>Porte-cl\u00e9s USB2.0 Cl\u00e9 USB en cuir<\/li>\n<li>Le recto et le verso de l'\u00e9tui en cuir sont personnalisables avec des logos.<\/li>\n<li>Interface : USB2.0\/USB3.0<\/li>\n<li>Capacit\u00e9s disponibles : 8GB, 16GB, 32GB, 64GB, 128GB.<\/li>\n<\/ul>","protected":false},"featured_media":2117,"comment_status":"open","ping_status":"closed","template":"","meta":{"_seopress_robots_primary_cat":"","_seopress_titles_title":"","_seopress_titles_desc":"","_seopress_robots_index":"","site-sidebar-layout":"default","site-content-layout":"","ast-site-content-layout":"","site-content-style":"default","site-sidebar-style":"default","ast-global-header-display":"","ast-banner-title-visibility":"","ast-main-header-display":"","ast-hfb-above-header-display":"","ast-hfb-below-header-display":"","ast-hfb-mobile-header-display":"","site-post-title":"","ast-breadcrumbs-content":"","ast-featured-img":"","footer-sml-layout":"","theme-transparent-header-meta":"","adv-header-id-meta":"","stick-header-meta":"","header-above-stick-meta":"","header-main-stick-meta":"","header-below-stick-meta":"","astra-migrate-meta-layouts":"default","ast-page-background-enabled":"default","ast-page-background-meta":{"desktop":{"background-color":"var(--ast-global-color-5)","background-image":"","background-repeat":"repeat","background-position":"center center","background-size":"auto","background-attachment":"scroll","background-type":"","background-media":"","overlay-type":"","overlay-color":"","overlay-opacity":"","overlay-gradient":""},"tablet":{"background-color":"","background-image":"","background-repeat":"repeat","background-position":"center center","background-size":"auto","background-attachment":"scroll","background-type":"","background-media":"","overlay-type":"","overlay-color":"","overlay-opacity":"","overlay-gradient":""},"mobile":{"background-color":"","background-image":"","background-repeat":"repeat","background-position":"center center","background-size":"auto","background-attachment":"scroll","background-type":"","background-media":"","overlay-type":"","overlay-color":"","overlay-opacity":"","overlay-gradient":""}},"ast-content-background-meta":{"desktop":{"background-color":"var(--ast-global-color-4)","background-image":"","background-repeat":"repeat","background-position":"center center","background-size":"auto","background-attachment":"scroll","background-type":"","background-media":"","overlay-type":"","overlay-color":"","overlay-opacity":"","overlay-gradient":""},"tablet":{"background-color":"var(--ast-global-color-4)","background-image":"","background-repeat":"repeat","background-position":"center center","background-size":"auto","background-attachment":"scroll","background-type":"","background-media":"","overlay-type":"","overlay-color":"","overlay-opacity":"","overlay-gradient":""},"mobile":{"background-color":"var(--ast-global-color-4)","background-image":"","background-repeat":"repeat","background-position":"center center","background-size":"auto","background-attachment":"scroll","background-type":"","background-media":"","overlay-type":"","overlay-color":"","overlay-opacity":"","overlay-gradient":""}}},"product_brand":[],"product_cat":[90,101],"product_tag":[],"class_list":{"0":"post-2089","1":"product","2":"type-product","3":"status-publish","4":"has-post-thumbnail","6":"product_cat-leather-usb-pendrive","7":"product_cat-usb-pendrive-with-keychain","8":"desktop-align-left","9":"tablet-align-left","10":"mobile-align-left","12":"first","13":"instock","14":"sale","15":"shipping-taxable","16":"purchasable","17":"product-type-variable"},"_links":{"self":[{"href":"https:\/\/www.usborkeychain.com\/fr\/wp-json\/wp\/v2\/product\/2089","targetHints":{"allow":["GET"]}}],"collection":[{"href":"https:\/\/www.usborkeychain.com\/fr\/wp-json\/wp\/v2\/product"}],"about":[{"href":"https:\/\/www.usborkeychain.com\/fr\/wp-json\/wp\/v2\/types\/product"}],"replies":[{"embeddable":true,"href":"https:\/\/www.usborkeychain.com\/fr\/wp-json\/wp\/v2\/comments?post=2089"}],"wp:featuredmedia":[{"embeddable":true,"href":"https:\/\/www.usborkeychain.com\/fr\/wp-json\/wp\/v2\/media\/2117"}],"wp:attachment":[{"href":"https:\/\/www.usborkeychain.com\/fr\/wp-json\/wp\/v2\/media?parent=2089"}],"wp:term":[{"taxonomy":"product_brand","embeddable":true,"href":"https:\/\/www.usborkeychain.com\/fr\/wp-json\/wp\/v2\/product_brand?post=2089"},{"taxonomy":"product_cat","embeddable":true,"href":"https:\/\/www.usborkeychain.com\/fr\/wp-json\/wp\/v2\/product_cat?post=2089"},{"taxonomy":"product_tag","embeddable":true,"href":"https:\/\/www.usborkeychain.com\/fr\/wp-json\/wp\/v2\/product_tag?post=2089"}],"curies":[{"name":"wp","href":"https:\/\/api.w.org\/{rel}","templated":true}]}}