{"id":2100,"date":"2025-06-18T05:06:53","date_gmt":"2025-06-18T05:06:53","guid":{"rendered":"https:\/\/www.usborkeychain.com\/?post_type=product&#038;p=2100"},"modified":"2025-07-10T00:23:05","modified_gmt":"2025-07-10T00:23:05","slug":"the-elliptical-wooden-usb-flash-drive","status":"publish","type":"product","link":"https:\/\/www.usborkeychain.com\/fr\/produit\/the-elliptical-wooden-usb-flash-drive\/","title":{"rendered":"La cl\u00e9 USB en bois elliptique"},"content":{"rendered":"<h2 class=\"wp-block-heading\">Qu'est-ce que la cl\u00e9 USB en bois elliptique ?<\/h2>\n\n\n\n<div class=\"wp-block-columns is-layout-flex wp-container-core-columns-is-layout-28f84493 wp-block-columns-is-layout-flex\">\n<div class=\"wp-block-column is-layout-flow wp-block-column-is-layout-flow\">\n<figure class=\"wp-block-image aligncenter size-full is-resized\"><img fetchpriority=\"high\" decoding=\"async\" width=\"800\" height=\"800\" src=\"https:\/\/www.usborkeychain.com\/wp-content\/uploads\/Oval-Wooden-USB-Pen-Drive-Package-box.jpg\" alt=\"Oval Wooden USB Pen Drive Package box\" class=\"wp-image-2110\" style=\"width:450px\" srcset=\"https:\/\/www.usborkeychain.com\/wp-content\/uploads\/Oval-Wooden-USB-Pen-Drive-Package-box.jpg 800w, https:\/\/www.usborkeychain.com\/wp-content\/uploads\/Oval-Wooden-USB-Pen-Drive-Package-box-300x300.jpg 300w, https:\/\/www.usborkeychain.com\/wp-content\/uploads\/Oval-Wooden-USB-Pen-Drive-Package-box-150x150.jpg 150w, https:\/\/www.usborkeychain.com\/wp-content\/uploads\/Oval-Wooden-USB-Pen-Drive-Package-box-768x768.jpg 768w, https:\/\/www.usborkeychain.com\/wp-content\/uploads\/Oval-Wooden-USB-Pen-Drive-Package-box-12x12.jpg 12w, https:\/\/www.usborkeychain.com\/wp-content\/uploads\/Oval-Wooden-USB-Pen-Drive-Package-box-600x600.jpg 600w, https:\/\/www.usborkeychain.com\/wp-content\/uploads\/Oval-Wooden-USB-Pen-Drive-Package-box-100x100.jpg 100w\" sizes=\"(max-width: 800px) 100vw, 800px\" \/><\/figure>\n<\/div>\n\n\n\n<div class=\"wp-block-column is-vertically-aligned-center is-layout-flow wp-block-column-is-layout-flow\">\n<p>La cl\u00e9 USB elliptique en bois est dot\u00e9e d'un couvercle elliptique int\u00e9gr\u00e9. Le couvercle de la cl\u00e9 USB est \u00e9quip\u00e9 d'une boucle magn\u00e9tique puissante qui adh\u00e8re fermement \u00e0 la cl\u00e9 lorsqu'elle est ferm\u00e9e, ce qui r\u00e9sout compl\u00e8tement le probl\u00e8me de la \"perte du couvercle\".<\/p>\n\n\n\n<p>Le corps principal est en bois naturel de haute qualit\u00e9, trait\u00e9 par de multiples proc\u00e9d\u00e9s de meulage fin, avec une surface aussi lisse que la soie et un toucher chaud et d\u00e9licat.<\/p>\n\n\n\n<p>Il s'adapte \u00e0 l'arc de la paume de la main et pr\u00e9sente les caract\u00e9ristiques d'\u00eatre solide et r\u00e9sistant \u00e0 l'usure, de ne pas \u00eatre facile \u00e0 rayer ou \u00e0 d\u00e9former lors d'une utilisation quotidienne, ce qui rend l'exp\u00e9rience de stockage plus textur\u00e9e et plus chaleureuse.<\/p>\n<\/div>\n<\/div>\n\n\n\n<h2 class=\"wp-block-heading\"><strong>Quels sont l'interface et les param\u00e8tres de la cl\u00e9 USB en bois elliptique ? <\/strong><\/h2>\n\n\n\n<figure class=\"wp-block-table\"><table class=\"has-fixed-layout\"><tbody><tr><td>Param\u00e8tre Poste<\/td><td>Cl\u00e9 USB en bois pour elliptique<\/td><td>Cl\u00e9 USB ordinaire USB2.0<\/td><\/tr><tr><td>Norme d'interface<\/td><td>USB3.0<\/td><td>USB2.0<\/td><\/tr><tr><td>Capacit\u00e9<\/td><td>8G\/16G\/32G\/64G\/128G<\/td><td>M\u00eames options de capacit\u00e9<\/td><\/tr><tr><td>Taille<\/td><td>60\u00d728\u00d79mm<\/td><td>Varie selon le style<\/td><\/tr><tr><td>Poids<\/td><td>20g<\/td><td>Environ 8-15 g (les mod\u00e8les en plastique sont plus l\u00e9gers)<\/td><\/tr><tr><td>Vitesse de lecture<\/td><td>Jusqu'\u00e0 80 Mo\/s<\/td><td>Jusqu'\u00e0 environ 30 Mo\/s<\/td><\/tr><tr><td>Vitesse d'\u00e9criture<\/td><td>Jusqu'\u00e0 30 Mo\/s<\/td><td>Jusqu'\u00e0 environ 15 Mo\/s<\/td><\/tr><\/tbody><\/table><\/figure>\n\n\n\n<h2 class=\"wp-block-heading\"><strong>Quelles couleurs ?<\/strong><strong>\u00a0sont<\/strong><strong>\u00a0la cl\u00e9 USB en bois elliptique ? <\/strong><\/h2>\n\n\n\n<p>La cl\u00e9 USB elliptique en bois propose 5 couleurs naturelles, chacune mettant en valeur le caract\u00e8re unique du bois :<\/p>\n\n\n\n<div class=\"wp-block-columns is-layout-flex wp-container-core-columns-is-layout-28f84493 wp-block-columns-is-layout-flex\">\n<div class=\"wp-block-column is-layout-flow wp-block-column-is-layout-flow\">\n<figure class=\"wp-block-image aligncenter size-full is-resized\"><img decoding=\"async\" width=\"1000\" height=\"1000\" src=\"https:\/\/www.usborkeychain.com\/wp-content\/uploads\/Elliptical-Maple-USB-Flash-Drive.jpg\" alt=\"Elliptical Maple USB Flash Drive\" class=\"wp-image-2105\" style=\"width:450px\" srcset=\"https:\/\/www.usborkeychain.com\/wp-content\/uploads\/Elliptical-Maple-USB-Flash-Drive.jpg 1000w, https:\/\/www.usborkeychain.com\/wp-content\/uploads\/Elliptical-Maple-USB-Flash-Drive-300x300.jpg 300w, https:\/\/www.usborkeychain.com\/wp-content\/uploads\/Elliptical-Maple-USB-Flash-Drive-150x150.jpg 150w, https:\/\/www.usborkeychain.com\/wp-content\/uploads\/Elliptical-Maple-USB-Flash-Drive-768x768.jpg 768w, https:\/\/www.usborkeychain.com\/wp-content\/uploads\/Elliptical-Maple-USB-Flash-Drive-12x12.jpg 12w, https:\/\/www.usborkeychain.com\/wp-content\/uploads\/Elliptical-Maple-USB-Flash-Drive-600x600.jpg 600w, https:\/\/www.usborkeychain.com\/wp-content\/uploads\/Elliptical-Maple-USB-Flash-Drive-100x100.jpg 100w\" sizes=\"(max-width: 1000px) 100vw, 1000px\" \/><\/figure>\n<\/div>\n\n\n\n<div class=\"wp-block-column is-vertically-aligned-center is-layout-flow wp-block-column-is-layout-flow\">\n<p>\u00c9rable : <\/p>\n\n\n\n<p>Le ton brun clair est comme la lumi\u00e8re chaude du soleil dans la brume matinale, avec des textures fines et denses comme la soie, d\u00e9gageant une atmosph\u00e8re naturelle fra\u00eeche et douce, adapt\u00e9e aux sc\u00e9narios romantiques tels que la cr\u00e9ation litt\u00e9raire et les souvenirs de mariage.<\/p>\n<\/div>\n<\/div>\n\n\n\n<p><\/p>\n\n\n\n<div class=\"wp-block-columns is-layout-flex wp-container-core-columns-is-layout-28f84493 wp-block-columns-is-layout-flex\">\n<div class=\"wp-block-column is-vertically-aligned-center is-layout-flow wp-block-column-is-layout-flow\">\n<p>Acajou : <\/p>\n\n\n\n<p>La couleur riche, du rouge profond au rouge brun\u00e2tre, est entrelac\u00e9e de textures magnifiques, comme un tr\u00e9sor pr\u00e9cipit\u00e9 par le temps, avec un temp\u00e9rament naturel classique et solennel, rendant les cadeaux d'affaires plus haut de gamme.<\/p>\n<\/div>\n\n\n\n<div class=\"wp-block-column is-layout-flow wp-block-column-is-layout-flow\">\n<figure class=\"wp-block-image aligncenter size-full is-resized\"><img decoding=\"async\" width=\"1000\" height=\"1000\" src=\"https:\/\/www.usborkeychain.com\/wp-content\/uploads\/Elliptical-Mahogany-USB-Flash-Drive.jpg\" alt=\"Elliptical Mahogany USB Flash Drive\" class=\"wp-image-2104\" style=\"width:450px\" srcset=\"https:\/\/www.usborkeychain.com\/wp-content\/uploads\/Elliptical-Mahogany-USB-Flash-Drive.jpg 1000w, https:\/\/www.usborkeychain.com\/wp-content\/uploads\/Elliptical-Mahogany-USB-Flash-Drive-300x300.jpg 300w, https:\/\/www.usborkeychain.com\/wp-content\/uploads\/Elliptical-Mahogany-USB-Flash-Drive-150x150.jpg 150w, https:\/\/www.usborkeychain.com\/wp-content\/uploads\/Elliptical-Mahogany-USB-Flash-Drive-768x768.jpg 768w, https:\/\/www.usborkeychain.com\/wp-content\/uploads\/Elliptical-Mahogany-USB-Flash-Drive-12x12.jpg 12w, https:\/\/www.usborkeychain.com\/wp-content\/uploads\/Elliptical-Mahogany-USB-Flash-Drive-600x600.jpg 600w, https:\/\/www.usborkeychain.com\/wp-content\/uploads\/Elliptical-Mahogany-USB-Flash-Drive-100x100.jpg 100w\" sizes=\"(max-width: 1000px) 100vw, 1000px\" \/><\/figure>\n<\/div>\n<\/div>\n\n\n\n<p><\/p>\n\n\n\n<div class=\"wp-block-columns is-layout-flex wp-container-core-columns-is-layout-28f84493 wp-block-columns-is-layout-flex\">\n<div class=\"wp-block-column is-layout-flow wp-block-column-is-layout-flow\">\n<figure class=\"wp-block-image aligncenter size-full is-resized\"><img loading=\"lazy\" decoding=\"async\" width=\"1000\" height=\"1000\" src=\"https:\/\/www.usborkeychain.com\/wp-content\/uploads\/Elliptical-Walnut-USB-Flash-Drive.jpg\" alt=\"Elliptical Walnut USB Flash Drive\" class=\"wp-image-2107\" style=\"width:450px\" srcset=\"https:\/\/www.usborkeychain.com\/wp-content\/uploads\/Elliptical-Walnut-USB-Flash-Drive.jpg 1000w, https:\/\/www.usborkeychain.com\/wp-content\/uploads\/Elliptical-Walnut-USB-Flash-Drive-300x300.jpg 300w, https:\/\/www.usborkeychain.com\/wp-content\/uploads\/Elliptical-Walnut-USB-Flash-Drive-150x150.jpg 150w, https:\/\/www.usborkeychain.com\/wp-content\/uploads\/Elliptical-Walnut-USB-Flash-Drive-768x768.jpg 768w, https:\/\/www.usborkeychain.com\/wp-content\/uploads\/Elliptical-Walnut-USB-Flash-Drive-12x12.jpg 12w, https:\/\/www.usborkeychain.com\/wp-content\/uploads\/Elliptical-Walnut-USB-Flash-Drive-600x600.jpg 600w, https:\/\/www.usborkeychain.com\/wp-content\/uploads\/Elliptical-Walnut-USB-Flash-Drive-100x100.jpg 100w\" sizes=\"(max-width: 1000px) 100vw, 1000px\" \/><\/figure>\n<\/div>\n\n\n\n<div class=\"wp-block-column is-vertically-aligned-center is-layout-flow wp-block-column-is-layout-flow\">\n<p>Noyer : <\/p>\n\n\n\n<p>La base brun fonc\u00e9 est teint\u00e9e de textures ambr\u00e9es, ce qui donne une impression de discr\u00e9tion et de luxe lorsqu'on la tient, adapt\u00e9e \u00e0 des sc\u00e9narios divers tels que les affaires et la cr\u00e9ativit\u00e9 culturelle.<\/p>\n<\/div>\n<\/div>\n\n\n\n<div class=\"wp-block-columns is-layout-flex wp-container-core-columns-is-layout-28f84493 wp-block-columns-is-layout-flex\">\n<div class=\"wp-block-column is-vertically-aligned-center is-layout-flow wp-block-column-is-layout-flow\">\n<p>Bambou carbonis\u00e9 : <\/p>\n\n\n\n<p>Gr\u00e2ce \u00e0 la technologie de carbonisation \u00e0 haute temp\u00e9rature, le corps du bambou pr\u00e9sente une couleur brun th\u00e9 profonde, avec des textures vigoureuses comme de vieilles vignes qui s'enroulent, ce qui conf\u00e8re \u00e0 la fois la l\u00e9g\u00e8ret\u00e9 et l'agilit\u00e9 du bambou et la texture \u00e9paisse d'une \"fra\u00eecheur durable\".<\/p>\n<\/div>\n\n\n\n<div class=\"wp-block-column is-layout-flow wp-block-column-is-layout-flow\">\n<figure class=\"wp-block-image aligncenter size-full is-resized\"><img loading=\"lazy\" decoding=\"async\" width=\"1000\" height=\"1000\" src=\"https:\/\/www.usborkeychain.com\/wp-content\/uploads\/Elliptical-Carbonized-Bamboo-USB-Flash-Drive.jpg\" alt=\"Elliptical Carbonized Bamboo USB Flash Drive\" class=\"wp-image-2103\" style=\"width:450px\" srcset=\"https:\/\/www.usborkeychain.com\/wp-content\/uploads\/Elliptical-Carbonized-Bamboo-USB-Flash-Drive.jpg 1000w, https:\/\/www.usborkeychain.com\/wp-content\/uploads\/Elliptical-Carbonized-Bamboo-USB-Flash-Drive-300x300.jpg 300w, https:\/\/www.usborkeychain.com\/wp-content\/uploads\/Elliptical-Carbonized-Bamboo-USB-Flash-Drive-150x150.jpg 150w, https:\/\/www.usborkeychain.com\/wp-content\/uploads\/Elliptical-Carbonized-Bamboo-USB-Flash-Drive-768x768.jpg 768w, https:\/\/www.usborkeychain.com\/wp-content\/uploads\/Elliptical-Carbonized-Bamboo-USB-Flash-Drive-12x12.jpg 12w, https:\/\/www.usborkeychain.com\/wp-content\/uploads\/Elliptical-Carbonized-Bamboo-USB-Flash-Drive-600x600.jpg 600w, https:\/\/www.usborkeychain.com\/wp-content\/uploads\/Elliptical-Carbonized-Bamboo-USB-Flash-Drive-100x100.jpg 100w\" sizes=\"(max-width: 1000px) 100vw, 1000px\" \/><\/figure>\n<\/div>\n<\/div>\n\n\n\n<p><\/p>\n\n\n\n<div class=\"wp-block-columns is-layout-flex wp-container-core-columns-is-layout-28f84493 wp-block-columns-is-layout-flex\">\n<div class=\"wp-block-column is-layout-flow wp-block-column-is-layout-flow\">\n<figure class=\"wp-block-image aligncenter size-full is-resized\"><img loading=\"lazy\" decoding=\"async\" width=\"1000\" height=\"1000\" src=\"https:\/\/www.usborkeychain.com\/wp-content\/uploads\/Elliptical-Natural-Bamboo-USB-Flash-Drive.jpg\" alt=\"Elliptical Natural Bamboo USB Flash Drive\" class=\"wp-image-2106\" style=\"width:450px\" srcset=\"https:\/\/www.usborkeychain.com\/wp-content\/uploads\/Elliptical-Natural-Bamboo-USB-Flash-Drive.jpg 1000w, https:\/\/www.usborkeychain.com\/wp-content\/uploads\/Elliptical-Natural-Bamboo-USB-Flash-Drive-300x300.jpg 300w, https:\/\/www.usborkeychain.com\/wp-content\/uploads\/Elliptical-Natural-Bamboo-USB-Flash-Drive-150x150.jpg 150w, https:\/\/www.usborkeychain.com\/wp-content\/uploads\/Elliptical-Natural-Bamboo-USB-Flash-Drive-768x768.jpg 768w, https:\/\/www.usborkeychain.com\/wp-content\/uploads\/Elliptical-Natural-Bamboo-USB-Flash-Drive-12x12.jpg 12w, https:\/\/www.usborkeychain.com\/wp-content\/uploads\/Elliptical-Natural-Bamboo-USB-Flash-Drive-600x600.jpg 600w, https:\/\/www.usborkeychain.com\/wp-content\/uploads\/Elliptical-Natural-Bamboo-USB-Flash-Drive-100x100.jpg 100w\" sizes=\"(max-width: 1000px) 100vw, 1000px\" \/><\/figure>\n<\/div>\n\n\n\n<div class=\"wp-block-column is-vertically-aligned-center is-layout-flow wp-block-column-is-layout-flow\">\n<p>Bambou naturel : <\/p>\n\n\n\n<p>Conservant la couleur jaune clair originale du bambou, avec des textures droites et soign\u00e9es et une texture claire et l\u00e9g\u00e8re, comme si le vent et la ros\u00e9e de la for\u00eat de bambous se condensaient dans la paume, montrant la simplicit\u00e9 et l'authenticit\u00e9 d'origine.<\/p>\n<\/div>\n<\/div>\n\n\n\n<h2 class=\"wp-block-heading\"><strong>4\u3001La cl\u00e9 USB en bois elliptique et l'emballage peuvent-ils \u00eatre personnalis\u00e9s avec un logo ? <\/strong><strong><\/strong><\/h2>\n\n\n\n<p>La cl\u00e9 USB elliptique en bois peut \u00eatre personnalis\u00e9e avec un logo : l'avant et l'arri\u00e8re de la cl\u00e9 USB peuvent \u00eatre personnalis\u00e9s avec un logo. Trois proc\u00e9d\u00e9s sont disponibles : la s\u00e9rigraphie, l'impression en couleur et la gravure au laser pour r\u00e9pondre aux diff\u00e9rents besoins en mati\u00e8re de design.<\/p>\n\n\n\n<p>L'emballage en bois de type flip s'ouvre et se ferme en douceur, et la surface de l'emballage permet \u00e9galement de personnaliser le logo, ce qui permet d'obtenir une \"mise en forme int\u00e9gr\u00e9e de la marque\", de la cl\u00e9 USB \u00e0 l'emballage. Qu'il s'agisse de cadeaux d'entreprise, de souvenirs de mariage ou de cr\u00e9ativit\u00e9 culturelle personnelle, elle peut cr\u00e9er un symbole de souvenir exclusif.<\/p>\n\n\n\n<p><\/p>","protected":false},"excerpt":{"rendered":"<ul>\n<li>Conception elliptique<\/li>\n<li>Mat\u00e9riau bois<\/li>\n<li>R\u00e9sistant aux rayures et \u00e0 l'usure<\/li>\n<li>Vitesse plus rapide et haute qualit\u00e9<\/li>\n<li>Fiabilit\u00e9 et s\u00e9curit\u00e9<\/li>\n<li>Id\u00e9al pour tous les usages<\/li>\n<\/ul>","protected":false},"featured_media":2109,"comment_status":"open","ping_status":"closed","template":"","meta":{"_seopress_robots_primary_cat":"","_seopress_titles_title":"The elliptical wooden USB flash drive, Elliptical Natural Bamboo USB Flash Drive, Oval-Shaped Wood USB Memory Stick","_seopress_titles_desc":"","_seopress_robots_index":"","site-sidebar-layout":"default","site-content-layout":"","ast-site-content-layout":"","site-content-style":"default","site-sidebar-style":"default","ast-global-header-display":"","ast-banner-title-visibility":"","ast-main-header-display":"","ast-hfb-above-header-display":"","ast-hfb-below-header-display":"","ast-hfb-mobile-header-display":"","site-post-title":"","ast-breadcrumbs-content":"","ast-featured-img":"","footer-sml-layout":"","theme-transparent-header-meta":"","adv-header-id-meta":"","stick-header-meta":"","header-above-stick-meta":"","header-main-stick-meta":"","header-below-stick-meta":"","astra-migrate-meta-layouts":"default","ast-page-background-enabled":"default","ast-page-background-meta":{"desktop":{"background-color":"var(--ast-global-color-5)","background-image":"","background-repeat":"repeat","background-position":"center center","background-size":"auto","background-attachment":"scroll","background-type":"","background-media":"","overlay-type":"","overlay-color":"","overlay-opacity":"","overlay-gradient":""},"tablet":{"background-color":"","background-image":"","background-repeat":"repeat","background-position":"center center","background-size":"auto","background-attachment":"scroll","background-type":"","background-media":"","overlay-type":"","overlay-color":"","overlay-opacity":"","overlay-gradient":""},"mobile":{"background-color":"","background-image":"","background-repeat":"repeat","background-position":"center center","background-size":"auto","background-attachment":"scroll","background-type":"","background-media":"","overlay-type":"","overlay-color":"","overlay-opacity":"","overlay-gradient":""}},"ast-content-background-meta":{"desktop":{"background-color":"var(--ast-global-color-4)","background-image":"","background-repeat":"repeat","background-position":"center center","background-size":"auto","background-attachment":"scroll","background-type":"","background-media":"","overlay-type":"","overlay-color":"","overlay-opacity":"","overlay-gradient":""},"tablet":{"background-color":"var(--ast-global-color-4)","background-image":"","background-repeat":"repeat","background-position":"center center","background-size":"auto","background-attachment":"scroll","background-type":"","background-media":"","overlay-type":"","overlay-color":"","overlay-opacity":"","overlay-gradient":""},"mobile":{"background-color":"var(--ast-global-color-4)","background-image":"","background-repeat":"repeat","background-position":"center center","background-size":"auto","background-attachment":"scroll","background-type":"","background-media":"","overlay-type":"","overlay-color":"","overlay-opacity":"","overlay-gradient":""}}},"product_brand":[],"product_cat":[168],"product_tag":[],"class_list":{"0":"post-2100","1":"product","2":"type-product","3":"status-publish","4":"has-post-thumbnail","6":"product_cat-wood-usb-flash-drive","7":"desktop-align-left","8":"tablet-align-left","9":"mobile-align-left","11":"first","12":"instock","13":"shipping-taxable","14":"product-type-simple"},"_links":{"self":[{"href":"https:\/\/www.usborkeychain.com\/fr\/wp-json\/wp\/v2\/product\/2100","targetHints":{"allow":["GET"]}}],"collection":[{"href":"https:\/\/www.usborkeychain.com\/fr\/wp-json\/wp\/v2\/product"}],"about":[{"href":"https:\/\/www.usborkeychain.com\/fr\/wp-json\/wp\/v2\/types\/product"}],"replies":[{"embeddable":true,"href":"https:\/\/www.usborkeychain.com\/fr\/wp-json\/wp\/v2\/comments?post=2100"}],"wp:featuredmedia":[{"embeddable":true,"href":"https:\/\/www.usborkeychain.com\/fr\/wp-json\/wp\/v2\/media\/2109"}],"wp:attachment":[{"href":"https:\/\/www.usborkeychain.com\/fr\/wp-json\/wp\/v2\/media?parent=2100"}],"wp:term":[{"taxonomy":"product_brand","embeddable":true,"href":"https:\/\/www.usborkeychain.com\/fr\/wp-json\/wp\/v2\/product_brand?post=2100"},{"taxonomy":"product_cat","embeddable":true,"href":"https:\/\/www.usborkeychain.com\/fr\/wp-json\/wp\/v2\/product_cat?post=2100"},{"taxonomy":"product_tag","embeddable":true,"href":"https:\/\/www.usborkeychain.com\/fr\/wp-json\/wp\/v2\/product_tag?post=2100"}],"curies":[{"name":"wp","href":"https:\/\/api.w.org\/{rel}","templated":true}]}}