{"id":2150,"date":"2025-06-18T11:54:54","date_gmt":"2025-06-18T11:54:54","guid":{"rendered":"https:\/\/www.usborkeychain.com\/?post_type=product&#038;p=2150"},"modified":"2025-06-24T00:43:53","modified_gmt":"2025-06-24T00:43:53","slug":"usb2-0-biodegradable-mini-card-usb-drive","status":"publish","type":"product","link":"https:\/\/www.usborkeychain.com\/fr\/produit\/usb2-0-biodegradable-mini-card-usb-drive\/","title":{"rendered":"Cl\u00e9 USB \u00e9cologique Mini Square Card"},"content":{"rendered":"<div class=\"wp-block-columns is-layout-flex wp-container-core-columns-is-layout-28f84493 wp-block-columns-is-layout-flex\">\n<div class=\"wp-block-column is-layout-flow wp-block-column-is-layout-flow\">\n<figure class=\"wp-block-image aligncenter size-large is-resized\"><img fetchpriority=\"high\" decoding=\"async\" width=\"1024\" height=\"1024\" src=\"https:\/\/www.usborkeychain.com\/wp-content\/uploads\/Biodegradable-Paper-Card-USB-Drive-from-Factory-1024x1024.jpg\" alt=\"Biodegradable Paper Card USB Drive from Factory\" class=\"wp-image-2155\" style=\"width:450px\" srcset=\"https:\/\/www.usborkeychain.com\/wp-content\/uploads\/Biodegradable-Paper-Card-USB-Drive-from-Factory-1024x1024.jpg 1024w, https:\/\/www.usborkeychain.com\/wp-content\/uploads\/Biodegradable-Paper-Card-USB-Drive-from-Factory-300x300.jpg 300w, https:\/\/www.usborkeychain.com\/wp-content\/uploads\/Biodegradable-Paper-Card-USB-Drive-from-Factory-150x150.jpg 150w, https:\/\/www.usborkeychain.com\/wp-content\/uploads\/Biodegradable-Paper-Card-USB-Drive-from-Factory-768x768.jpg 768w, https:\/\/www.usborkeychain.com\/wp-content\/uploads\/Biodegradable-Paper-Card-USB-Drive-from-Factory-1536x1536.jpg 1536w, https:\/\/www.usborkeychain.com\/wp-content\/uploads\/Biodegradable-Paper-Card-USB-Drive-from-Factory-12x12.jpg 12w, https:\/\/www.usborkeychain.com\/wp-content\/uploads\/Biodegradable-Paper-Card-USB-Drive-from-Factory-600x600.jpg 600w, https:\/\/www.usborkeychain.com\/wp-content\/uploads\/Biodegradable-Paper-Card-USB-Drive-from-Factory-100x100.jpg 100w, https:\/\/www.usborkeychain.com\/wp-content\/uploads\/Biodegradable-Paper-Card-USB-Drive-from-Factory.jpg 1600w\" sizes=\"(max-width: 1024px) 100vw, 1024px\" \/><\/figure>\n<\/div>\n\n\n\n<div class=\"wp-block-column is-vertically-aligned-center is-layout-flow wp-block-column-is-layout-flow\">\n<p>R\u00e9volutionnant le design encombrant des cl\u00e9s USB traditionnelles, cette mini-carte USB biod\u00e9gradable USB2.0 se pr\u00e9sente sous la forme d'une carte ultra-fine de la moiti\u00e9 de la taille d'une carte de cr\u00e9dit.<\/p>\n\n\n\n<p>Fabriqu\u00e9 \u00e0 partir de fibres de paille de bl\u00e9 renouvelables et de mat\u00e9riaux recyclables, il utilise la technologie de pointe des puces \u00e0 collo\u00efde noir int\u00e9gr\u00e9, encapsulant enti\u00e8rement le module de circuit dans un collo\u00efde \u00e9tanche et r\u00e9sistant aux chocs pour garantir la s\u00e9curit\u00e9 des donn\u00e9es m\u00eame en cas d'immersion accidentelle dans l'eau ou de chute.<\/p>\n\n\n\n<p>En tant que cl\u00e9 USB \u00e0 carte la plus \u00e9cologique du march\u00e9, elle sert non seulement d'outil de stockage de donn\u00e9es, mais aussi d'accessoire \u00e9l\u00e9gant pour un mode de vie \u00e0 faible \u00e9mission de carbone.<\/p>\n<\/div>\n<\/div>\n\n\n\n<h2 class=\"wp-block-heading\">Caract\u00e9ristiques des mat\u00e9riaux et du design de la mini-carte USB biod\u00e9gradable USB2.0 <\/h2>\n\n\n\n<div class=\"wp-block-columns is-layout-flex wp-container-core-columns-is-layout-28f84493 wp-block-columns-is-layout-flex\">\n<div class=\"wp-block-column is-vertically-aligned-center is-layout-flow wp-block-column-is-layout-flow\">\n<p>Le corps principal utilise de la fibre de paille de bl\u00e9 + de la r\u00e9sine biod\u00e9gradable de qualit\u00e9 alimentaire, qui peut se d\u00e9grader naturellement apr\u00e8s \u00e9limination, r\u00e9duisant ainsi la pollution blanche ; la couche d'encapsulation de la puce est un collo\u00efde noir respectueux de l'environnement, avec une \u00e9tanch\u00e9it\u00e9 IP67 et une r\u00e9sistance aux chocs de 1,5 m.<\/p>\n\n\n\n<p>D'une \u00e9paisseur de seulement 2,3 mm et d'un poids d'environ 8 g, le recto de la carte est dot\u00e9 d'une fente en trou de serrure standard qui permet de l'accrocher directement \u00e0 un porte-cl\u00e9s ou \u00e0 un porte-cartes, \u00e9liminant ainsi tout risque de perte ; le corps ultrafin peut \u00eatre facilement ins\u00e9r\u00e9 dans un portefeuille ou un compartiment d'ordinateur portable, ce qui convient \u00e0 divers sc\u00e9narios de transport.<\/p>\n\n\n\n<p>La production refuse d'utiliser des substances nocives comme le PVC, et les mat\u00e9riaux d'emballage peuvent \u00eatre choisis comme du papier recyclable ou du bois, mettant en \u0153uvre des concepts \u00e9cologiques de l'int\u00e9rieur \u00e0 l'ext\u00e9rieur.<\/p>\n<\/div>\n\n\n\n<div class=\"wp-block-column is-layout-flow wp-block-column-is-layout-flow\">\n<figure class=\"wp-block-image aligncenter size-large is-resized\"><img decoding=\"async\" width=\"1024\" height=\"1024\" src=\"https:\/\/www.usborkeychain.com\/wp-content\/uploads\/Eco-Friendly-Card-USB-Stick-1024x1024.jpg\" alt=\"Eco-Friendly Card USB Stick\" class=\"wp-image-2157\" style=\"width:450px\" srcset=\"https:\/\/www.usborkeychain.com\/wp-content\/uploads\/Eco-Friendly-Card-USB-Stick-1024x1024.jpg 1024w, https:\/\/www.usborkeychain.com\/wp-content\/uploads\/Eco-Friendly-Card-USB-Stick-300x300.jpg 300w, https:\/\/www.usborkeychain.com\/wp-content\/uploads\/Eco-Friendly-Card-USB-Stick-150x150.jpg 150w, https:\/\/www.usborkeychain.com\/wp-content\/uploads\/Eco-Friendly-Card-USB-Stick-768x768.jpg 768w, https:\/\/www.usborkeychain.com\/wp-content\/uploads\/Eco-Friendly-Card-USB-Stick-1536x1536.jpg 1536w, https:\/\/www.usborkeychain.com\/wp-content\/uploads\/Eco-Friendly-Card-USB-Stick-12x12.jpg 12w, https:\/\/www.usborkeychain.com\/wp-content\/uploads\/Eco-Friendly-Card-USB-Stick-600x600.jpg 600w, https:\/\/www.usborkeychain.com\/wp-content\/uploads\/Eco-Friendly-Card-USB-Stick-100x100.jpg 100w, https:\/\/www.usborkeychain.com\/wp-content\/uploads\/Eco-Friendly-Card-USB-Stick.jpg 1920w\" sizes=\"(max-width: 1024px) 100vw, 1024px\" \/><\/figure>\n<\/div>\n<\/div>\n\n\n\n<h2 class=\"wp-block-heading\"><strong>Interface et param\u00e8tres techniques de la mini-carte USB biod\u00e9gradable USB2.0 <\/strong><strong><\/strong><\/h2>\n\n\n\n<figure class=\"wp-block-table\"><table class=\"has-fixed-layout\"><tbody><tr><td>Type de param\u00e8tre<\/td><td>Param\u00e8tres sp\u00e9cifiques<\/td><\/tr><tr><td>Type de puce<\/td><td>USB2.0 (compatible avec USB3.0)<\/td><\/tr><tr><td>Capacit\u00e9 de stockage<\/td><td>8GB\/16GB\/32GB\/64GB\/128GB<\/td><\/tr><tr><td>Vitesse de lecture\/\u00e9criture<\/td><td>Mode USB3.1 : Lecture \u2248100MB\/s, \u00e9criture \u224830MB\/sUSB2.0 mode : Lecture \u224815MB\/s, \u00c9criture \u22485MB\/s<\/td><\/tr><tr><td>Performance en mati\u00e8re d'\u00e9tanch\u00e9it\u00e9<\/td><td>IP67 (immersion \u00e0 1 m sous l'eau pendant 30 minutes sans incidence sur l'utilisation)<\/td><\/tr><tr><td>R\u00e9sistance aux chocs<\/td><td>Chute libre de 1,5 m sur un sol en b\u00e9ton sans perte de donn\u00e9es<\/td><\/tr><tr><td>Temp\u00e9rature de fonctionnement<\/td><td>-10\u00b0C~60\u00b0C<\/td><\/tr><tr><td>Temp\u00e9rature de stockage<\/td><td>-20\u00b0C~85\u00b0C<\/td><\/tr><tr><td>Dimensions<\/td><td>54\u00d732\u00d72.3mm<\/td><\/tr><tr><td>Poids<\/td><td>8g<\/td><\/tr><\/tbody><\/table><\/figure>\n\n\n\n<h2 class=\"wp-block-heading\"><strong>Packag<\/strong><strong>e<\/strong><strong>&nbsp;pour USB2.0 Mini Card USB biod\u00e9gradable <\/strong><strong><\/strong><\/h2>\n\n\n\n<p>Sac en PP \u00e9cologique, l\u00e9ger et rentable, adapt\u00e9 \u00e0 la vente au d\u00e9tail et aux sc\u00e9narios de cadeaux de base.<\/p>\n\n\n\n<p>Bo\u00eete cadeau en bois : Fabriqu\u00e9 en bois \u00e9cologique certifi\u00e9 FSC et dot\u00e9 d'un int\u00e9rieur en flanelle antichoc, il convient aux cadeaux d'affaires haut de gamme.<\/p>\n\n\n\n<p>Bo\u00eete \u00e0 tiroirs en papier : Fabriqu\u00e9 en papier kraft recyclable 100%, avec marquage en or\/impression UV pour mettre en valeur les concepts environnementaux de la marque.<\/p>\n\n\n\n<p>Emballage en bo\u00eete de fer : Emballage durable en m\u00e9tal, adapt\u00e9 aux anniversaires d'entreprise, aux promotions d'expositions, etc.<\/p>\n\n\n\n<h2 class=\"wp-block-heading\"><strong>Services de personnalisation pour la cl\u00e9 USB biod\u00e9gradable USB2.0 Mini Card <\/strong><strong><\/strong><\/h2>\n\n\n\n<div class=\"wp-block-columns is-layout-flex wp-container-core-columns-is-layout-28f84493 wp-block-columns-is-layout-flex\">\n<div class=\"wp-block-column is-layout-flow wp-block-column-is-layout-flow\">\n<figure class=\"wp-block-image aligncenter size-large is-resized\"><img decoding=\"async\" width=\"1024\" height=\"1024\" src=\"https:\/\/www.usborkeychain.com\/wp-content\/uploads\/Biodegradable-Card-Shaped-USB-Flash-Drive-1024x1024.jpg\" alt=\"Biodegradable Card-Shaped USB Flash Drive\" class=\"wp-image-2154\" style=\"width:450px\" srcset=\"https:\/\/www.usborkeychain.com\/wp-content\/uploads\/Biodegradable-Card-Shaped-USB-Flash-Drive-1024x1024.jpg 1024w, https:\/\/www.usborkeychain.com\/wp-content\/uploads\/Biodegradable-Card-Shaped-USB-Flash-Drive-300x300.jpg 300w, https:\/\/www.usborkeychain.com\/wp-content\/uploads\/Biodegradable-Card-Shaped-USB-Flash-Drive-150x150.jpg 150w, https:\/\/www.usborkeychain.com\/wp-content\/uploads\/Biodegradable-Card-Shaped-USB-Flash-Drive-768x768.jpg 768w, https:\/\/www.usborkeychain.com\/wp-content\/uploads\/Biodegradable-Card-Shaped-USB-Flash-Drive-1536x1536.jpg 1536w, https:\/\/www.usborkeychain.com\/wp-content\/uploads\/Biodegradable-Card-Shaped-USB-Flash-Drive-12x12.jpg 12w, https:\/\/www.usborkeychain.com\/wp-content\/uploads\/Biodegradable-Card-Shaped-USB-Flash-Drive-600x600.jpg 600w, https:\/\/www.usborkeychain.com\/wp-content\/uploads\/Biodegradable-Card-Shaped-USB-Flash-Drive-100x100.jpg 100w, https:\/\/www.usborkeychain.com\/wp-content\/uploads\/Biodegradable-Card-Shaped-USB-Flash-Drive.jpg 1920w\" sizes=\"(max-width: 1024px) 100vw, 1024px\" \/><\/figure>\n<\/div>\n\n\n\n<div class=\"wp-block-column is-vertically-aligned-center is-layout-flow wp-block-column-is-layout-flow\">\n<p> <strong>Personnalisation du logo<\/strong>\u25e6 Prise en charge de deux processus : s\u00e9rigraphie frontale (prise en charge des couleurs Pantone, couleurs vibrantes) et impression couleur (restauration de motifs en couleur, adapt\u00e9e aux conceptions complexes).\u25e6 Quantit\u00e9 minimale de commande (MOQ) : 100 pi\u00e8ces (s\u00e9rigraphie\/impression couleur).<\/p>\n\n\n\n<p><strong>Personnalisation de l'emballage<\/strong>:\u25e6 Peut imprimer des logos de marque et des slogans promotionnels sur des sacs en PP, des bo\u00eetes en bois, des bo\u00eetes en papier, etc. et les bo\u00eetes en fer prennent en charge la gravure au laser ou la personnalisation par s\u00e9rigraphie.\u25e6 Fournit des services de personnalisation exclusifs, y compris les mat\u00e9riaux d'emballage et la conception structurelle (tels que les mod\u00e8les personnalis\u00e9s combinant des cl\u00e9s USB de carte avec des cartes de visite).<\/p>\n<\/div>\n<\/div>\n\n\n\n<h2 class=\"wp-block-heading\"><strong>Conclusion : L'\u00e9cotechnologie favorise la personnalisation des entreprises et les achats en gros <\/strong><strong><\/strong><\/h2>\n\n\n\n<p>Cette mini-carte USB biod\u00e9gradable USB2.0 utilise des mat\u00e9riaux biod\u00e9gradables \u00e0 base de paille de bl\u00e9 comme principal argument de vente, int\u00e8gre la transmission \u00e0 grande vitesse USB3.1 et la technologie d'\u00e9tanch\u00e9it\u00e9 et de r\u00e9sistance aux chocs \u00e0 base de collo\u00efde noir, et associe des concepts environnementaux \u00e0 des performances pratiques.<\/p>\n\n\n\n<p>Qu'il s'agisse de cadeaux \u00e9cologiques personnalis\u00e9s pour les entreprises, de mat\u00e9riel de promotion pour les expositions ou d'achats en gros pour les plateformes de commerce \u00e9lectronique, l'entreprise peut fournir des services complets, de la personnalisation du logo et de la conception de l'emballage \u00e0 la production de masse.<\/p>","protected":false},"excerpt":{"rendered":"<ul>\n<li>Design en forme de carte<\/li>\n<li>Mat\u00e9riaux respectueux de l'environnement<\/li>\n<li>Mince et l\u00e9ger<\/li>\n<li>Facile \u00e0 transporter<\/li>\n<li>Id\u00e9al pour tous les usages<\/li>\n<\/ul>","protected":false},"featured_media":2158,"comment_status":"open","ping_status":"closed","template":"","meta":{"_seopress_robots_primary_cat":"none","_seopress_titles_title":"USB2.0 Biodegradable Mini Card USB Drive","_seopress_titles_desc":"","_seopress_robots_index":"","site-sidebar-layout":"default","site-content-layout":"","ast-site-content-layout":"","site-content-style":"default","site-sidebar-style":"default","ast-global-header-display":"","ast-banner-title-visibility":"","ast-main-header-display":"","ast-hfb-above-header-display":"","ast-hfb-below-header-display":"","ast-hfb-mobile-header-display":"","site-post-title":"","ast-breadcrumbs-content":"","ast-featured-img":"","footer-sml-layout":"","theme-transparent-header-meta":"","adv-header-id-meta":"","stick-header-meta":"","header-above-stick-meta":"","header-main-stick-meta":"","header-below-stick-meta":"","astra-migrate-meta-layouts":"default","ast-page-background-enabled":"default","ast-page-background-meta":{"desktop":{"background-color":"var(--ast-global-color-5)","background-image":"","background-repeat":"repeat","background-position":"center center","background-size":"auto","background-attachment":"scroll","background-type":"","background-media":"","overlay-type":"","overlay-color":"","overlay-opacity":"","overlay-gradient":""},"tablet":{"background-color":"","background-image":"","background-repeat":"repeat","background-position":"center center","background-size":"auto","background-attachment":"scroll","background-type":"","background-media":"","overlay-type":"","overlay-color":"","overlay-opacity":"","overlay-gradient":""},"mobile":{"background-color":"","background-image":"","background-repeat":"repeat","background-position":"center center","background-size":"auto","background-attachment":"scroll","background-type":"","background-media":"","overlay-type":"","overlay-color":"","overlay-opacity":"","overlay-gradient":""}},"ast-content-background-meta":{"desktop":{"background-color":"var(--ast-global-color-4)","background-image":"","background-repeat":"repeat","background-position":"center center","background-size":"auto","background-attachment":"scroll","background-type":"","background-media":"","overlay-type":"","overlay-color":"","overlay-opacity":"","overlay-gradient":""},"tablet":{"background-color":"var(--ast-global-color-4)","background-image":"","background-repeat":"repeat","background-position":"center center","background-size":"auto","background-attachment":"scroll","background-type":"","background-media":"","overlay-type":"","overlay-color":"","overlay-opacity":"","overlay-gradient":""},"mobile":{"background-color":"var(--ast-global-color-4)","background-image":"","background-repeat":"repeat","background-position":"center center","background-size":"auto","background-attachment":"scroll","background-type":"","background-media":"","overlay-type":"","overlay-color":"","overlay-opacity":"","overlay-gradient":""}}},"product_brand":[],"product_cat":[96,170],"product_tag":[],"class_list":{"0":"post-2150","1":"product","2":"type-product","3":"status-publish","4":"has-post-thumbnail","6":"product_cat-card-usb-pendrive","7":"product_cat-biodegradable-usb-pendrive-2","8":"desktop-align-left","9":"tablet-align-left","10":"mobile-align-left","12":"first","13":"instock","14":"sale","15":"shipping-taxable","16":"purchasable","17":"product-type-simple"},"_links":{"self":[{"href":"https:\/\/www.usborkeychain.com\/fr\/wp-json\/wp\/v2\/product\/2150","targetHints":{"allow":["GET"]}}],"collection":[{"href":"https:\/\/www.usborkeychain.com\/fr\/wp-json\/wp\/v2\/product"}],"about":[{"href":"https:\/\/www.usborkeychain.com\/fr\/wp-json\/wp\/v2\/types\/product"}],"replies":[{"embeddable":true,"href":"https:\/\/www.usborkeychain.com\/fr\/wp-json\/wp\/v2\/comments?post=2150"}],"wp:featuredmedia":[{"embeddable":true,"href":"https:\/\/www.usborkeychain.com\/fr\/wp-json\/wp\/v2\/media\/2158"}],"wp:attachment":[{"href":"https:\/\/www.usborkeychain.com\/fr\/wp-json\/wp\/v2\/media?parent=2150"}],"wp:term":[{"taxonomy":"product_brand","embeddable":true,"href":"https:\/\/www.usborkeychain.com\/fr\/wp-json\/wp\/v2\/product_brand?post=2150"},{"taxonomy":"product_cat","embeddable":true,"href":"https:\/\/www.usborkeychain.com\/fr\/wp-json\/wp\/v2\/product_cat?post=2150"},{"taxonomy":"product_tag","embeddable":true,"href":"https:\/\/www.usborkeychain.com\/fr\/wp-json\/wp\/v2\/product_tag?post=2150"}],"curies":[{"name":"wp","href":"https:\/\/api.w.org\/{rel}","templated":true}]}}