{"id":2208,"date":"2025-06-19T05:33:57","date_gmt":"2025-06-19T05:33:57","guid":{"rendered":"https:\/\/www.usborkeychain.com\/?post_type=product&#038;p=2208"},"modified":"2025-08-19T03:39:08","modified_gmt":"2025-08-19T03:39:08","slug":"rotating-acrylic-glow-usb-flash-drive","status":"publish","type":"product","link":"https:\/\/www.usborkeychain.com\/fr\/produit\/rotating-acrylic-glow-usb-flash-drive\/","title":{"rendered":"Cl\u00e9 USB rotative en acrylique phosphorescente"},"content":{"rendered":"<h2 class=\"wp-block-heading\"><strong>Qu'est-ce qu'une cl\u00e9 USB phosphorescente en acrylique ? <\/strong><strong><\/strong><\/h2>\n\n\n\n<div class=\"wp-block-columns is-layout-flex wp-container-core-columns-is-layout-28f84493 wp-block-columns-is-layout-flex\">\n<div class=\"wp-block-column is-layout-flow wp-block-column-is-layout-flow\">\n<figure class=\"wp-block-image aligncenter size-large is-resized\"><img fetchpriority=\"high\" decoding=\"async\" width=\"1024\" height=\"1024\" src=\"https:\/\/www.usborkeychain.com\/wp-content\/uploads\/Spinning-Acrylic-Glow-USB-Flash-Drive-with-Logo-1024x1024.jpg\" alt=\"Spinning Acrylic Glow USB Flash Drive with Logo\" class=\"wp-image-2213\" style=\"width:450px\" srcset=\"https:\/\/www.usborkeychain.com\/wp-content\/uploads\/Spinning-Acrylic-Glow-USB-Flash-Drive-with-Logo-1024x1024.jpg 1024w, https:\/\/www.usborkeychain.com\/wp-content\/uploads\/Spinning-Acrylic-Glow-USB-Flash-Drive-with-Logo-300x300.jpg 300w, https:\/\/www.usborkeychain.com\/wp-content\/uploads\/Spinning-Acrylic-Glow-USB-Flash-Drive-with-Logo-150x150.jpg 150w, https:\/\/www.usborkeychain.com\/wp-content\/uploads\/Spinning-Acrylic-Glow-USB-Flash-Drive-with-Logo-768x768.jpg 768w, https:\/\/www.usborkeychain.com\/wp-content\/uploads\/Spinning-Acrylic-Glow-USB-Flash-Drive-with-Logo-1536x1536.jpg 1536w, https:\/\/www.usborkeychain.com\/wp-content\/uploads\/Spinning-Acrylic-Glow-USB-Flash-Drive-with-Logo-12x12.jpg 12w, https:\/\/www.usborkeychain.com\/wp-content\/uploads\/Spinning-Acrylic-Glow-USB-Flash-Drive-with-Logo-600x600.jpg 600w, https:\/\/www.usborkeychain.com\/wp-content\/uploads\/Spinning-Acrylic-Glow-USB-Flash-Drive-with-Logo-100x100.jpg 100w, https:\/\/www.usborkeychain.com\/wp-content\/uploads\/Spinning-Acrylic-Glow-USB-Flash-Drive-with-Logo.jpg 1920w\" sizes=\"(max-width: 1024px) 100vw, 1024px\" \/><\/figure>\n<\/div>\n\n\n\n<div class=\"wp-block-column is-vertically-aligned-center is-layout-flow wp-block-column-is-layout-flow\">\n<p>La cl\u00e9 USB rotative en acrylique incandescent est constitu\u00e9e d'une t\u00eate rotative en m\u00e9tal et d'un corps en acrylique transparent. Elle peut rapidement exposer ou cacher l'interface USB par une action rotative, ce qui est non seulement pratique pour les branchements et d\u00e9branchements quotidiens, mais prot\u00e8ge aussi efficacement l'interface des rayures et de l'accumulation de poussi\u00e8re.<\/p>\n\n\n\n<p>La partie acrylique est \u00e9quip\u00e9e d'\u00e9l\u00e9ments lumineux LED int\u00e9gr\u00e9s qui s'allument automatiquement lorsqu'ils sont mis sous tension ou d\u00e9clench\u00e9s. Cela permet non seulement de r\u00e9soudre le probl\u00e8me de \"trouver la cl\u00e9 USB la nuit\", mais aussi d'ajouter une atmosph\u00e8re technologique et des \u00e9l\u00e9ments visuels gr\u00e2ce \u00e0 la texture cristalline de l'acrylique, ce qui rompt avec l'image monotone des cl\u00e9s USB traditionnelles.<\/p>\n<\/div>\n<\/div>\n\n\n\n<p><\/p>\n\n\n\n<h2 class=\"wp-block-heading\"><strong>Interface et param\u00e8tres de la cl\u00e9 USB phosphorescente en acrylique <\/strong><strong><\/strong><\/h2>\n\n\n\n<figure class=\"wp-block-table\"><table class=\"has-fixed-layout\"><tbody><tr><td>Param\u00e8tre Poste<\/td><td>Cl\u00e9 USB phosphorescente en acrylique (USB3.0)<\/td><td>Cl\u00e9 USB ordinaire (USB2.0)<\/td><\/tr><tr><td>Options de capacit\u00e9<\/td><td>8GB\/16GB\/32GB\/64GB\/128GB\/256GB<\/td><td>M\u00eames options de capacit\u00e9<\/td><\/tr><tr><td>Taille<\/td><td>62\u00d716\u00d79mm<\/td><td>Varie selon le mod\u00e8le<\/td><\/tr><tr><td>Poids<\/td><td>30g<\/td><td>Environ 20-40g (grande diff\u00e9rence mat\u00e9rielle)<\/td><\/tr><tr><td>Vitesse de lecture<\/td><td>Environ 60-80MB\/s (jusqu'\u00e0 100MB\/s)<\/td><td>Environ 10-20MB\/s<\/td><\/tr><tr><td>Vitesse d'\u00e9criture<\/td><td>Environ 20-30MB\/s (jusqu'\u00e0 40MB\/s)<\/td><td>Environ 5-10MB\/s<\/td><\/tr><\/tbody><\/table><\/figure>\n\n\n\n<h2 class=\"wp-block-heading\"><strong>&nbsp;<\/strong><\/h2>\n\n\n\n<h2 class=\"wp-block-heading\"><strong>Quelles sont les lumi\u00e8res \u00e9mises par la cl\u00e9 USB Rotating Acrylic Glow ? <\/strong><strong><\/strong><\/h2>\n\n\n\n<p>La cl\u00e9 USB prend en charge trois modes d'\u00e9clairage : violet, bleu et rouge. Combin\u00e9e \u00e0 la texture \"cristalline\" de l'acrylique, chaque lumi\u00e8re cr\u00e9e une atmosph\u00e8re unique :<\/p>\n\n\n\n<p><strong>Lumi\u00e8re violette<\/strong>: Myst\u00e9rieux et profond, lorsqu'il est allum\u00e9, c'est comme s'il s'agissait de sceller des \"fragments \u00e9toil\u00e9s\" \u00e0 l'int\u00e9rieur de l'acrylique. La lumi\u00e8re r\u00e9fracte un halo doux \u00e0 travers le mat\u00e9riau transparent, ce qui donne l'impression de tenir une \"pierre pr\u00e9cieuse brillante\" la nuit, romantique et avanc\u00e9e.<\/p>\n\n\n\n<p><strong>Lumi\u00e8re bleue<\/strong>: Frais et lumineux, avec un sens technologique int\u00e9gr\u00e9. Lorsqu'il est allum\u00e9, il ressemble \u00e0 une \"rivi\u00e8re de lumi\u00e8re\" traversant l'acrylique. Il convient aux amateurs de num\u00e9rique qui recherchent une \"sensation futuriste\", il est visuellement cool et attire l'attention.<\/p>\n\n\n\n<p><strong>Lumi\u00e8re rouge<\/strong>: Vibrante et ardente, elle a un fort impact d\u00e8s qu'elle est allum\u00e9e. M\u00eame en journ\u00e9e, la cl\u00e9 USB est rapidement rep\u00e9rable, comme si l'on cachait une \"\u00e9tincelle\" dans un support transparent, chaud et visible.<\/p>\n\n\n\n<div class=\"wp-block-columns is-layout-flex wp-container-core-columns-is-layout-28f84493 wp-block-columns-is-layout-flex\">\n<div class=\"wp-block-column is-layout-flow wp-block-column-is-layout-flow\">\n<figure class=\"wp-block-image aligncenter size-large is-resized\"><img decoding=\"async\" width=\"1024\" height=\"1024\" src=\"https:\/\/www.usborkeychain.com\/wp-content\/uploads\/Swiveling-Acrylic-Purple-Light-Up-USB-Stick-1024x1024.jpg\" alt=\"Swiveling Acrylic Purple Light-Up USB Stick\" class=\"wp-image-2215\" style=\"width:450px\" srcset=\"https:\/\/www.usborkeychain.com\/wp-content\/uploads\/Swiveling-Acrylic-Purple-Light-Up-USB-Stick-1024x1024.jpg 1024w, https:\/\/www.usborkeychain.com\/wp-content\/uploads\/Swiveling-Acrylic-Purple-Light-Up-USB-Stick-300x300.jpg 300w, https:\/\/www.usborkeychain.com\/wp-content\/uploads\/Swiveling-Acrylic-Purple-Light-Up-USB-Stick-150x150.jpg 150w, https:\/\/www.usborkeychain.com\/wp-content\/uploads\/Swiveling-Acrylic-Purple-Light-Up-USB-Stick-768x768.jpg 768w, https:\/\/www.usborkeychain.com\/wp-content\/uploads\/Swiveling-Acrylic-Purple-Light-Up-USB-Stick-1536x1536.jpg 1536w, https:\/\/www.usborkeychain.com\/wp-content\/uploads\/Swiveling-Acrylic-Purple-Light-Up-USB-Stick-12x12.jpg 12w, https:\/\/www.usborkeychain.com\/wp-content\/uploads\/Swiveling-Acrylic-Purple-Light-Up-USB-Stick-600x600.jpg 600w, https:\/\/www.usborkeychain.com\/wp-content\/uploads\/Swiveling-Acrylic-Purple-Light-Up-USB-Stick-100x100.jpg 100w, https:\/\/www.usborkeychain.com\/wp-content\/uploads\/Swiveling-Acrylic-Purple-Light-Up-USB-Stick.jpg 1920w\" sizes=\"(max-width: 1024px) 100vw, 1024px\" \/><\/figure>\n<\/div>\n\n\n\n<div class=\"wp-block-column is-layout-flow wp-block-column-is-layout-flow\">\n<figure class=\"wp-block-image aligncenter size-large is-resized\"><img decoding=\"async\" width=\"1024\" height=\"1024\" src=\"https:\/\/www.usborkeychain.com\/wp-content\/uploads\/Swiveling-Acrylic-Blue-Light-Up-USB-Stick-1024x1024.jpg\" alt=\"Swiveling Acrylic Blue Light-Up USB Stick\" class=\"wp-image-2214\" style=\"width:450px\" srcset=\"https:\/\/www.usborkeychain.com\/wp-content\/uploads\/Swiveling-Acrylic-Blue-Light-Up-USB-Stick-1024x1024.jpg 1024w, https:\/\/www.usborkeychain.com\/wp-content\/uploads\/Swiveling-Acrylic-Blue-Light-Up-USB-Stick-300x300.jpg 300w, https:\/\/www.usborkeychain.com\/wp-content\/uploads\/Swiveling-Acrylic-Blue-Light-Up-USB-Stick-150x150.jpg 150w, https:\/\/www.usborkeychain.com\/wp-content\/uploads\/Swiveling-Acrylic-Blue-Light-Up-USB-Stick-768x768.jpg 768w, https:\/\/www.usborkeychain.com\/wp-content\/uploads\/Swiveling-Acrylic-Blue-Light-Up-USB-Stick-1536x1536.jpg 1536w, https:\/\/www.usborkeychain.com\/wp-content\/uploads\/Swiveling-Acrylic-Blue-Light-Up-USB-Stick-12x12.jpg 12w, https:\/\/www.usborkeychain.com\/wp-content\/uploads\/Swiveling-Acrylic-Blue-Light-Up-USB-Stick-600x600.jpg 600w, https:\/\/www.usborkeychain.com\/wp-content\/uploads\/Swiveling-Acrylic-Blue-Light-Up-USB-Stick-100x100.jpg 100w, https:\/\/www.usborkeychain.com\/wp-content\/uploads\/Swiveling-Acrylic-Blue-Light-Up-USB-Stick.jpg 1920w\" sizes=\"(max-width: 1024px) 100vw, 1024px\" \/><\/figure>\n<\/div>\n\n\n\n<div class=\"wp-block-column is-layout-flow wp-block-column-is-layout-flow\">\n<figure class=\"wp-block-image aligncenter size-large is-resized\"><img loading=\"lazy\" decoding=\"async\" width=\"1024\" height=\"1024\" src=\"https:\/\/www.usborkeychain.com\/wp-content\/uploads\/Swiveling-Acrylic-Red-Light-Up-USB-Stick-1024x1024.jpg\" alt=\"Swiveling Acrylic Red Light-Up USB Stick\" class=\"wp-image-2216\" style=\"width:450px\" srcset=\"https:\/\/www.usborkeychain.com\/wp-content\/uploads\/Swiveling-Acrylic-Red-Light-Up-USB-Stick-1024x1024.jpg 1024w, https:\/\/www.usborkeychain.com\/wp-content\/uploads\/Swiveling-Acrylic-Red-Light-Up-USB-Stick-300x300.jpg 300w, https:\/\/www.usborkeychain.com\/wp-content\/uploads\/Swiveling-Acrylic-Red-Light-Up-USB-Stick-150x150.jpg 150w, https:\/\/www.usborkeychain.com\/wp-content\/uploads\/Swiveling-Acrylic-Red-Light-Up-USB-Stick-768x768.jpg 768w, https:\/\/www.usborkeychain.com\/wp-content\/uploads\/Swiveling-Acrylic-Red-Light-Up-USB-Stick-1536x1536.jpg 1536w, https:\/\/www.usborkeychain.com\/wp-content\/uploads\/Swiveling-Acrylic-Red-Light-Up-USB-Stick-12x12.jpg 12w, https:\/\/www.usborkeychain.com\/wp-content\/uploads\/Swiveling-Acrylic-Red-Light-Up-USB-Stick-600x600.jpg 600w, https:\/\/www.usborkeychain.com\/wp-content\/uploads\/Swiveling-Acrylic-Red-Light-Up-USB-Stick-100x100.jpg 100w, https:\/\/www.usborkeychain.com\/wp-content\/uploads\/Swiveling-Acrylic-Red-Light-Up-USB-Stick.jpg 1920w\" sizes=\"(max-width: 1024px) 100vw, 1024px\" \/><\/figure>\n<\/div>\n<\/div>\n\n\n\n<h2 class=\"wp-block-heading\"><strong>La cl\u00e9 USB Rotating Acrylic Glow peut-elle \u00eatre personnalis\u00e9e avec un logo ? <\/strong><strong><\/strong><\/h2>\n\n\n\n<div class=\"wp-block-columns is-layout-flex wp-container-core-columns-is-layout-28f84493 wp-block-columns-is-layout-flex\">\n<div class=\"wp-block-column is-vertically-aligned-center is-layout-flow wp-block-column-is-layout-flow\">\n<p>Oui ! Cette cl\u00e9 USB permet de personnaliser le LOGO sur deux zones, \u00e0 l'avant et \u00e0 l'arri\u00e8re, gr\u00e2ce \u00e0 la technologie de gravure laser 3D : les motifs\/textes sont directement grav\u00e9s \u00e0 l'int\u00e9rieur de l'acrylique (et non \u00e0 la surface), ce qui permet non seulement d'\u00e9viter les probl\u00e8mes d'usure et de d\u00e9coloration li\u00e9s \u00e0 l'impression ou aux autocollants, mais aussi d'utiliser la transparence de l'acrylique pour obtenir un \"effet 3D flottant\".<\/p>\n\n\n\n<p>Qu'il s'agisse pour les entreprises de personnaliser des cadeaux d'affaires ou des souvenirs d'\u00e9v\u00e9nements, ou pour les particuliers de cr\u00e9er des objets personnels uniques, il est facile d'y parvenir, faisant de chaque cl\u00e9 USB un support de m\u00e9moire exclusif.<\/p>\n<\/div>\n\n\n\n<div class=\"wp-block-column is-layout-flow wp-block-column-is-layout-flow\">\n<figure class=\"wp-block-image aligncenter size-full is-resized\"><img loading=\"lazy\" decoding=\"async\" width=\"800\" height=\"800\" src=\"https:\/\/www.usborkeychain.com\/wp-content\/uploads\/Revolving-Acrylic-Color-Lit-USB-Memory.jpg\" alt=\"Revolving Acrylic Color-Lit USB Memory\" class=\"wp-image-2211\" style=\"width:450px\" srcset=\"https:\/\/www.usborkeychain.com\/wp-content\/uploads\/Revolving-Acrylic-Color-Lit-USB-Memory.jpg 800w, https:\/\/www.usborkeychain.com\/wp-content\/uploads\/Revolving-Acrylic-Color-Lit-USB-Memory-300x300.jpg 300w, https:\/\/www.usborkeychain.com\/wp-content\/uploads\/Revolving-Acrylic-Color-Lit-USB-Memory-150x150.jpg 150w, https:\/\/www.usborkeychain.com\/wp-content\/uploads\/Revolving-Acrylic-Color-Lit-USB-Memory-768x768.jpg 768w, https:\/\/www.usborkeychain.com\/wp-content\/uploads\/Revolving-Acrylic-Color-Lit-USB-Memory-12x12.jpg 12w, https:\/\/www.usborkeychain.com\/wp-content\/uploads\/Revolving-Acrylic-Color-Lit-USB-Memory-600x600.jpg 600w, https:\/\/www.usborkeychain.com\/wp-content\/uploads\/Revolving-Acrylic-Color-Lit-USB-Memory-100x100.jpg 100w\" sizes=\"(max-width: 800px) 100vw, 800px\" \/><\/figure>\n<\/div>\n<\/div>\n\n\n\n<p><\/p>\n\n\n\n<h2 class=\"wp-block-heading\"><strong>R\u00e9sum\u00e9 <\/strong><strong><\/strong><\/h2>\n\n\n\n<p>La cl\u00e9 USB rotative en acrylique phosphorescent est \u00e0 la fois pratique (ouverture et fermeture rotatives pour prot\u00e9ger l'interface), esth\u00e9tique (transmission de la lumi\u00e8re et collision des mat\u00e9riaux), efficace (transmission \u00e0 grande vitesse par USB 3.0) et exclusive (personnalisation par gravure en 3D).&nbsp;<\/p>\n\n\n\n<p>Elle r\u00e9sout non seulement les probl\u00e8mes pos\u00e9s par les cl\u00e9s USB traditionnelles, \u00e0 savoir \"faciles \u00e0 salir, difficiles \u00e0 trouver et lentes \u00e0 transmettre\", mais elle conf\u00e8re \u00e9galement au produit une \u00e2me unique gr\u00e2ce \u00e0 l'\u00e9clairage et \u00e0 la personnalisation. Que vous soyez un professionnel, un acheteur de cadeaux ou un amateur de beaut\u00e9, elle peut devenir un nouveau favori num\u00e9rique \"beau et facile \u00e0 utiliser\" - faisant du stockage de donn\u00e9es une chose rituelle.<\/p>\n\n\n\n<p><\/p>","protected":false},"excerpt":{"rendered":"<ul>\n<li>Conception rotative<\/li>\n<li>\u00c9clairage multicolore<\/li>\n<li>\u00c9l\u00e9gant et durable<\/li>\n<li>Vitesse plus rapide et haute qualit\u00e9<\/li>\n<li>Fiabilit\u00e9 et s\u00e9curit\u00e9<\/li>\n<li>Id\u00e9al pour tous les usages<\/li>\n<\/ul>","protected":false},"featured_media":2212,"comment_status":"open","ping_status":"closed","template":"","meta":{"_seopress_robots_primary_cat":"none","_seopress_titles_title":"Rotating Acrylic Glow USB Flash Drive","_seopress_titles_desc":"","_seopress_robots_index":"","site-sidebar-layout":"default","site-content-layout":"","ast-site-content-layout":"","site-content-style":"default","site-sidebar-style":"default","ast-global-header-display":"","ast-banner-title-visibility":"","ast-main-header-display":"","ast-hfb-above-header-display":"","ast-hfb-below-header-display":"","ast-hfb-mobile-header-display":"","site-post-title":"","ast-breadcrumbs-content":"","ast-featured-img":"","footer-sml-layout":"","theme-transparent-header-meta":"","adv-header-id-meta":"","stick-header-meta":"","header-above-stick-meta":"","header-main-stick-meta":"","header-below-stick-meta":"","astra-migrate-meta-layouts":"default","ast-page-background-enabled":"default","ast-page-background-meta":{"desktop":{"background-color":"var(--ast-global-color-5)","background-image":"","background-repeat":"repeat","background-position":"center center","background-size":"auto","background-attachment":"scroll","background-type":"","background-media":"","overlay-type":"","overlay-color":"","overlay-opacity":"","overlay-gradient":""},"tablet":{"background-color":"","background-image":"","background-repeat":"repeat","background-position":"center center","background-size":"auto","background-attachment":"scroll","background-type":"","background-media":"","overlay-type":"","overlay-color":"","overlay-opacity":"","overlay-gradient":""},"mobile":{"background-color":"","background-image":"","background-repeat":"repeat","background-position":"center center","background-size":"auto","background-attachment":"scroll","background-type":"","background-media":"","overlay-type":"","overlay-color":"","overlay-opacity":"","overlay-gradient":""}},"ast-content-background-meta":{"desktop":{"background-color":"var(--ast-global-color-4)","background-image":"","background-repeat":"repeat","background-position":"center center","background-size":"auto","background-attachment":"scroll","background-type":"","background-media":"","overlay-type":"","overlay-color":"","overlay-opacity":"","overlay-gradient":""},"tablet":{"background-color":"var(--ast-global-color-4)","background-image":"","background-repeat":"repeat","background-position":"center center","background-size":"auto","background-attachment":"scroll","background-type":"","background-media":"","overlay-type":"","overlay-color":"","overlay-opacity":"","overlay-gradient":""},"mobile":{"background-color":"var(--ast-global-color-4)","background-image":"","background-repeat":"repeat","background-position":"center center","background-size":"auto","background-attachment":"scroll","background-type":"","background-media":"","overlay-type":"","overlay-color":"","overlay-opacity":"","overlay-gradient":""}}},"product_brand":[],"product_cat":[91,107,106],"product_tag":[406],"class_list":{"0":"post-2208","1":"product","2":"type-product","3":"status-publish","4":"has-post-thumbnail","6":"product_cat-acrylic-usb-pendrive","7":"product_cat-led-usb-pendrive","8":"product_cat-rotating-usb-pendrive","9":"product_tag-metal-swivel-usb-drive","10":"desktop-align-left","11":"tablet-align-left","12":"mobile-align-left","14":"first","15":"instock","16":"sale","17":"shipping-taxable","18":"purchasable","19":"product-type-simple"},"_links":{"self":[{"href":"https:\/\/www.usborkeychain.com\/fr\/wp-json\/wp\/v2\/product\/2208","targetHints":{"allow":["GET"]}}],"collection":[{"href":"https:\/\/www.usborkeychain.com\/fr\/wp-json\/wp\/v2\/product"}],"about":[{"href":"https:\/\/www.usborkeychain.com\/fr\/wp-json\/wp\/v2\/types\/product"}],"replies":[{"embeddable":true,"href":"https:\/\/www.usborkeychain.com\/fr\/wp-json\/wp\/v2\/comments?post=2208"}],"wp:featuredmedia":[{"embeddable":true,"href":"https:\/\/www.usborkeychain.com\/fr\/wp-json\/wp\/v2\/media\/2212"}],"wp:attachment":[{"href":"https:\/\/www.usborkeychain.com\/fr\/wp-json\/wp\/v2\/media?parent=2208"}],"wp:term":[{"taxonomy":"product_brand","embeddable":true,"href":"https:\/\/www.usborkeychain.com\/fr\/wp-json\/wp\/v2\/product_brand?post=2208"},{"taxonomy":"product_cat","embeddable":true,"href":"https:\/\/www.usborkeychain.com\/fr\/wp-json\/wp\/v2\/product_cat?post=2208"},{"taxonomy":"product_tag","embeddable":true,"href":"https:\/\/www.usborkeychain.com\/fr\/wp-json\/wp\/v2\/product_tag?post=2208"}],"curies":[{"name":"wp","href":"https:\/\/api.w.org\/{rel}","templated":true}]}}