{"id":2226,"date":"2025-06-19T09:26:42","date_gmt":"2025-06-19T09:26:42","guid":{"rendered":"https:\/\/www.usborkeychain.com\/?post_type=product&#038;p=2226"},"modified":"2025-07-22T14:22:28","modified_gmt":"2025-07-22T14:22:28","slug":"key-shape-wooden-usb-flash-drive","status":"publish","type":"product","link":"https:\/\/www.usborkeychain.com\/fr\/produit\/key-shape-wooden-usb-flash-drive\/","title":{"rendered":"Cl\u00e9 USB en bois en forme de cl\u00e9"},"content":{"rendered":"<h2 class=\"wp-block-heading\"><strong>Qu'est-ce qu'un <\/strong><strong>Cl\u00e9 USB en bois en forme de cl\u00e9<\/strong><strong>? <\/strong><strong><\/strong><\/h2>\n\n\n\n<div class=\"wp-block-columns is-layout-flex wp-container-core-columns-is-layout-28f84493 wp-block-columns-is-layout-flex\">\n<div class=\"wp-block-column is-layout-flow wp-block-column-is-layout-flow\">\n<figure class=\"wp-block-image aligncenter size-full is-resized\"><img fetchpriority=\"high\" decoding=\"async\" width=\"800\" height=\"800\" src=\"https:\/\/www.usborkeychain.com\/wp-content\/uploads\/bulk-key-shape-wooden-usb-flash-drive.jpg\" alt=\"bulk key shape wooden usb flash drive\" class=\"wp-image-2229\" style=\"width:450px\" srcset=\"https:\/\/www.usborkeychain.com\/wp-content\/uploads\/bulk-key-shape-wooden-usb-flash-drive.jpg 800w, https:\/\/www.usborkeychain.com\/wp-content\/uploads\/bulk-key-shape-wooden-usb-flash-drive-300x300.jpg 300w, https:\/\/www.usborkeychain.com\/wp-content\/uploads\/bulk-key-shape-wooden-usb-flash-drive-150x150.jpg 150w, https:\/\/www.usborkeychain.com\/wp-content\/uploads\/bulk-key-shape-wooden-usb-flash-drive-768x768.jpg 768w, https:\/\/www.usborkeychain.com\/wp-content\/uploads\/bulk-key-shape-wooden-usb-flash-drive-12x12.jpg 12w, https:\/\/www.usborkeychain.com\/wp-content\/uploads\/bulk-key-shape-wooden-usb-flash-drive-600x600.jpg 600w, https:\/\/www.usborkeychain.com\/wp-content\/uploads\/bulk-key-shape-wooden-usb-flash-drive-100x100.jpg 100w\" sizes=\"(max-width: 800px) 100vw, 800px\" \/><\/figure>\n<\/div>\n\n\n\n<div class=\"wp-block-column is-vertically-aligned-center is-layout-flow wp-block-column-is-layout-flow\">\n<p>La cl\u00e9 USB en bois Key Shape reproduit le contour classique des cl\u00e9s traditionnelles en m\u00e9tal. Chaque d\u00e9tail, de la t\u00eate angulaire de la cl\u00e9 \u00e0 la tige dentel\u00e9e, est d'une esth\u00e9tique r\u00e9tro.<\/p>\n\n\n\n<p>Fabriqu\u00e9 \u00e0 partir de bois naturel s\u00e9lectionn\u00e9, le corps pr\u00e9sente un grain de bois d\u00e9licat et une texture chaleureuse. Gr\u00e2ce \u00e0 six processus de polissage, la surface pr\u00e9sente un toucher lisse comme une peau de b\u00e9b\u00e9, pr\u00e9servant la respirabilit\u00e9 naturelle du bois tout en garantissant une durabilit\u00e9 r\u00e9sistante \u00e0 l'usure et aux chutes.<\/p>\n\n\n\n<p>La conception la plus ing\u00e9nieuse est le mini trou de suspension \u00e0 l'extr\u00e9mit\u00e9, identique \u00e0 de vraies cl\u00e9s, qui vous permet de l'attacher facilement \u00e0 un porte-cl\u00e9s, \u00e0 la fermeture \u00e9clair d'un sac \u00e0 dos ou \u00e0 un cordon d'identification, afin de dire adieu au \"syndrome de la cl\u00e9 USB manquante\" et de transformer le dispositif de stockage en un accessoire portable exquis.<\/p>\n<\/div>\n<\/div>\n\n\n\n<h2 class=\"wp-block-heading\"><strong>Interface USB3.0 \u00e0 haut d\u00e9bit + Param\u00e8tres Hardcore <\/strong><strong><\/strong><\/h2>\n\n\n\n<figure class=\"wp-block-table\"><table class=\"has-fixed-layout\"><tbody><tr><td>Type de param\u00e8tre<\/td><td>Cl\u00e9 USB en bois en forme de cl\u00e9 (USB3.0)<\/td><td>Cl\u00e9 USB ordinaire USB2.0<\/td><td>Analyse des avantages<\/td><\/tr><tr><td>Capacit\u00e9 de stockage<\/td><td>8GB\/16GB\/32GB\/64GB\/128GB<\/td><td>Capacit\u00e9 r\u00e9guli\u00e8re<\/td><td>Couvre l'ensemble des besoins de la sc\u00e8ne, de la bureautique quotidienne \u00e0 la conception professionnelle<\/td><\/tr><tr><td>Taille du corps<\/td><td>60\u00d729\u00d710mm<\/td><td>Pas de norme uniforme<\/td><td>Le format miniature convient \u00e0 toutes les poches et \u00e0 tous les portefeuilles, il n'est pas n\u00e9cessaire de le transporter.<\/td><\/tr><tr><td>Poids<\/td><td>15g<\/td><td>20-30g<\/td><td>Conception l\u00e9g\u00e8re, aucune charge lorsqu'elle est accroch\u00e9e \u00e0 un porte-cl\u00e9s<\/td><\/tr><tr><td>Vitesse de lecture<\/td><td>Jusqu'\u00e0 100 Mo\/s (transfert de fichiers volumineux en quelques secondes)<\/td><td>15-20MB\/s<\/td><td>Transf\u00e8re un film de 1 Go en seulement 10 secondes, soit 5 fois plus vite qu'une cl\u00e9 USB ordinaire.<\/td><\/tr><tr><td>Vitesse d'\u00e9criture<\/td><td>Jusqu'\u00e0 30 Mo\/s (de pr\u00e9f\u00e9rence pour un stockage efficace)<\/td><td>5-10MB\/s<\/td><td>Permet d'\u00e9conomiser le temps d'attente du 70% lors de l'importation de donn\u00e9es par lots.<\/td><\/tr><tr><td>Mat\u00e9riau<\/td><td>Bois massif naturel + contacts m\u00e9talliques<\/td><td>Plastique\/m\u00e9tal<\/td><td>Chaude et douce pour la peau, chaque pi\u00e8ce est une \u0153uvre d'art unique en bois.<\/td><\/tr><\/tbody><\/table><\/figure>\n\n\n\n<h2 class=\"wp-block-heading\"><strong>Trois classiques <\/strong><strong>Cl\u00e9 USB en bois en forme de cl\u00e9<\/strong><strong>s <\/strong><strong><\/strong><\/h2>\n\n\n\n<div class=\"wp-block-columns is-layout-flex wp-container-core-columns-is-layout-28f84493 wp-block-columns-is-layout-flex\">\n<div class=\"wp-block-column is-vertically-aligned-center is-layout-flow wp-block-column-is-layout-flow\">\n<p><strong>Mod\u00e8le \u00e0 t\u00eate carr\u00e9e <\/strong><\/p>\n\n\n\n<p>La t\u00eate de la cl\u00e9 adopte un design rectangulaire avec des bords distincts, o\u00f9 les bords m\u00e9caniques \u00e0 angle droit exsudent une aura tranchante mais sont d\u00e9licatement envelopp\u00e9s par le grain de bois brun clair naturel comme les ombres des arbres - ces motifs irr\u00e9guliers sont comme de douces empreintes du temps, ajoutant une touche d'affinit\u00e9 aux lignes dures.<\/p>\n\n\n\n<p>Le trou de suspension dans le coin sup\u00e9rieur gauche est intentionnellement d\u00e9centr\u00e9, devenant ainsi un \"\u0153uf de P\u00e2ques asym\u00e9trique\" cach\u00e9 par le designer, comme s'il disait : \"Au-del\u00e0 des r\u00e8gles, il y a des surprises.\" Lorsque vos doigts glissent sur les bords \u00e0 angle droit, le toucher mat et chaud du bois entre en collision avec les contacts m\u00e9talliques noir et or de l'interface USB, cr\u00e9ant un merveilleux contraste, comme si l'on injectait l'\u00e2me d'une cl\u00e9 r\u00e9tro dans une technologie moderne, rendant le stockage plein de rituel.<\/p>\n<\/div>\n\n\n\n<div class=\"wp-block-column is-layout-flow wp-block-column-is-layout-flow\">\n<figure class=\"wp-block-image aligncenter size-full is-resized\"><img decoding=\"async\" width=\"800\" height=\"800\" src=\"https:\/\/www.usborkeychain.com\/wp-content\/uploads\/China-Square-Head-Key-Shape-Wooden-usb-flash-drive.jpg\" alt=\"China Square Head Key Shape Wooden usb flash drive\" class=\"wp-image-2230\" style=\"width:450px\" srcset=\"https:\/\/www.usborkeychain.com\/wp-content\/uploads\/China-Square-Head-Key-Shape-Wooden-usb-flash-drive.jpg 800w, https:\/\/www.usborkeychain.com\/wp-content\/uploads\/China-Square-Head-Key-Shape-Wooden-usb-flash-drive-300x300.jpg 300w, https:\/\/www.usborkeychain.com\/wp-content\/uploads\/China-Square-Head-Key-Shape-Wooden-usb-flash-drive-150x150.jpg 150w, https:\/\/www.usborkeychain.com\/wp-content\/uploads\/China-Square-Head-Key-Shape-Wooden-usb-flash-drive-768x768.jpg 768w, https:\/\/www.usborkeychain.com\/wp-content\/uploads\/China-Square-Head-Key-Shape-Wooden-usb-flash-drive-12x12.jpg 12w, https:\/\/www.usborkeychain.com\/wp-content\/uploads\/China-Square-Head-Key-Shape-Wooden-usb-flash-drive-600x600.jpg 600w, https:\/\/www.usborkeychain.com\/wp-content\/uploads\/China-Square-Head-Key-Shape-Wooden-usb-flash-drive-100x100.jpg 100w\" sizes=\"(max-width: 800px) 100vw, 800px\" \/><\/figure>\n<\/div>\n<\/div>\n\n\n\n<div class=\"wp-block-columns is-layout-flex wp-container-core-columns-is-layout-28f84493 wp-block-columns-is-layout-flex\">\n<div class=\"wp-block-column is-layout-flow wp-block-column-is-layout-flow\">\n<figure class=\"wp-block-image aligncenter size-full is-resized\"><img decoding=\"async\" width=\"800\" height=\"800\" src=\"https:\/\/www.usborkeychain.com\/wp-content\/uploads\/key-shape-wooden-usb-flash-drive-with-triangular-head.jpg\" alt=\"key shape wooden usb flash drive with triangular head\" class=\"wp-image-2231\" style=\"width:450px\" srcset=\"https:\/\/www.usborkeychain.com\/wp-content\/uploads\/key-shape-wooden-usb-flash-drive-with-triangular-head.jpg 800w, https:\/\/www.usborkeychain.com\/wp-content\/uploads\/key-shape-wooden-usb-flash-drive-with-triangular-head-300x300.jpg 300w, https:\/\/www.usborkeychain.com\/wp-content\/uploads\/key-shape-wooden-usb-flash-drive-with-triangular-head-150x150.jpg 150w, https:\/\/www.usborkeychain.com\/wp-content\/uploads\/key-shape-wooden-usb-flash-drive-with-triangular-head-768x768.jpg 768w, https:\/\/www.usborkeychain.com\/wp-content\/uploads\/key-shape-wooden-usb-flash-drive-with-triangular-head-12x12.jpg 12w, https:\/\/www.usborkeychain.com\/wp-content\/uploads\/key-shape-wooden-usb-flash-drive-with-triangular-head-600x600.jpg 600w, https:\/\/www.usborkeychain.com\/wp-content\/uploads\/key-shape-wooden-usb-flash-drive-with-triangular-head-100x100.jpg 100w\" sizes=\"(max-width: 800px) 100vw, 800px\" \/><\/figure>\n<\/div>\n\n\n\n<div class=\"wp-block-column is-vertically-aligned-center is-layout-flow wp-block-column-is-layout-flow\">\n<p><strong>Mod\u00e8le \u00e0 t\u00eate triangulaire <\/strong><\/p>\n\n\n\n<p>Le mod\u00e8le \u00e0 t\u00eate triangulaire, soigneusement s\u00e9lectionn\u00e9 en bambou, pr\u00e9sente des hypot\u00e9nuses taill\u00e9es en pointe, comme des lignes ac\u00e9r\u00e9es sculpt\u00e9es par les vents de montagne, mais instantan\u00e9ment all\u00e9g\u00e9es par la fine texture verticale du bambou. La surface transparente et dor\u00e9e du bambou semble absorber la lumi\u00e8re du soleil de toute une for\u00eat de bambous, ce qui donne l'impression d'entendre le bruissement des feuilles de bambou lorsque l'on tient l'objet.<\/p>\n\n\n\n<p>Le trou de suspension s'accroche au bord du sommet triangulaire. Cette position \"aventureuse\" permet de l'accrocher \u00e0 un porte-cl\u00e9s et d'embarquer pour un nouveau voyage \u00e0 tout moment. Lorsque vos doigts glissent sur les hypot\u00e9nuses et caressent doucement le sens de la texture du bambou, c'est comme si vous chassiez l'ombre et la lumi\u00e8re dans les montagnes, chaque contact \u00e9tant un dialogue avec la nature.<\/p>\n<\/div>\n<\/div>\n\n\n\n<div class=\"wp-block-columns is-layout-flex wp-container-core-columns-is-layout-28f84493 wp-block-columns-is-layout-flex\">\n<div class=\"wp-block-column is-vertically-aligned-center is-layout-flow wp-block-column-is-layout-flow\">\n<p><strong>Mod\u00e8le \u00e0 t\u00eate ronde <\/strong><\/p>\n\n\n\n<p>La t\u00eate de la cl\u00e9 est un cercle complet envelopp\u00e9 d'un arc lisse, avec des bords aussi fluides que des galets lav\u00e9s par un ruisseau pendant des ann\u00e9es. La texture l\u00e9g\u00e8re du bois s'\u00e9tend sur la surface circulaire, comme si les anneaux annuels de la for\u00eat se condensaient en une petite lune dans la paume.<\/p>\n\n\n\n<p>Le trou de suspension est cach\u00e9 l\u00e9g\u00e8rement au-dessus du centre du cercle, ce qui donne \u00e0 l'ensemble l'aspect d'une vieille cl\u00e9 dont les bords ont \u00e9t\u00e9 adoucis par le temps, avec un filtre r\u00e9tro int\u00e9gr\u00e9.<\/p>\n\n\n\n<p>Lorsque le bout de vos doigts glisse autour de l'arc, vous pouvez clairement sentir la transition du bois de dur \u00e0 doux, et m\u00eame l'interface USB m\u00e9tallique saillante est comme une \"antenne moderne\" prolongeant les temps anciens, reliant doucement le pass\u00e9 et le pr\u00e9sent.<\/p>\n<\/div>\n\n\n\n<div class=\"wp-block-column is-layout-flow wp-block-column-is-layout-flow\">\n<figure class=\"wp-block-image aligncenter size-full is-resized\"><img loading=\"lazy\" decoding=\"async\" width=\"800\" height=\"800\" src=\"https:\/\/www.usborkeychain.com\/wp-content\/uploads\/low-price-key-shape-wooden-usb-flash-drive-with-round-head.jpg\" alt=\"low price key shape wooden usb flash drive with round head\" class=\"wp-image-2232\" style=\"width:450px\" srcset=\"https:\/\/www.usborkeychain.com\/wp-content\/uploads\/low-price-key-shape-wooden-usb-flash-drive-with-round-head.jpg 800w, https:\/\/www.usborkeychain.com\/wp-content\/uploads\/low-price-key-shape-wooden-usb-flash-drive-with-round-head-300x300.jpg 300w, https:\/\/www.usborkeychain.com\/wp-content\/uploads\/low-price-key-shape-wooden-usb-flash-drive-with-round-head-150x150.jpg 150w, https:\/\/www.usborkeychain.com\/wp-content\/uploads\/low-price-key-shape-wooden-usb-flash-drive-with-round-head-768x768.jpg 768w, https:\/\/www.usborkeychain.com\/wp-content\/uploads\/low-price-key-shape-wooden-usb-flash-drive-with-round-head-12x12.jpg 12w, https:\/\/www.usborkeychain.com\/wp-content\/uploads\/low-price-key-shape-wooden-usb-flash-drive-with-round-head-600x600.jpg 600w, https:\/\/www.usborkeychain.com\/wp-content\/uploads\/low-price-key-shape-wooden-usb-flash-drive-with-round-head-100x100.jpg 100w\" sizes=\"(max-width: 800px) 100vw, 800px\" \/><\/figure>\n<\/div>\n<\/div>\n\n\n\n<h2 class=\"wp-block-heading\"><strong>Personnalisation exclusive <\/strong><strong><\/strong><\/h2>\n\n\n\n<p>Permet de personnaliser des LOGO exclusifs au recto et au verso, gr\u00e2ce \u00e0 trois proc\u00e9d\u00e9s :<\/p>\n\n\n\n<p><strong>S\u00e9rigraphie<\/strong>: Les couleurs \u00e0 saturation \u00e9lev\u00e9e restituent fid\u00e8lement la marque VI, et conviennent aux LOGO simples ou aux motifs unicolores ;<\/p>\n\n\n\n<p><strong>Impression couleur<\/strong>: Restauration en couleur de dessins complexes, rendant les d\u00e9grad\u00e9s\/illustrations et autres d\u00e9tails clairement pr\u00e9sent\u00e9s ;<\/p>\n\n\n\n<p><strong>Gravure au laser<\/strong>: Un proc\u00e9d\u00e9 de gravure en creux qui p\u00e9n\u00e8tre profond\u00e9ment dans la texture du bois, cr\u00e9ant une texture discr\u00e8te et luxueuse. La combinaison naturelle du grain du bois et de la gravure fait de chaque LOGO une \u0153uvre d'art unique. Qu'il s'agisse de cadeaux d'entreprise, d'objets comm\u00e9moratifs ou de logos personnels exclusifs, la personnalisation de cette cl\u00e9 USB peut la transformer en une carte de visite de marque \"parlante\".<\/p>\n\n\n\n<p><\/p>","protected":false},"excerpt":{"rendered":"<ul>\n<li>Diff\u00e9rents mod\u00e8les de t\u00eates<\/li>\n<li>Mat\u00e9riau bois<\/li>\n<li>R\u00e9sistant aux rayures et \u00e0 l'usure<\/li>\n<li>Vitesse plus rapide et haute qualit\u00e9<\/li>\n<li>Fiabilit\u00e9 et s\u00e9curit\u00e9<\/li>\n<li>Id\u00e9al pour tous les usages<\/li>\n<\/ul>","protected":false},"featured_media":2229,"comment_status":"open","ping_status":"closed","template":"","meta":{"_seopress_robots_primary_cat":"none","_seopress_titles_title":"Key Shape Wooden USB Flash Drive","_seopress_titles_desc":"","_seopress_robots_index":"","site-sidebar-layout":"default","site-content-layout":"","ast-site-content-layout":"","site-content-style":"default","site-sidebar-style":"default","ast-global-header-display":"","ast-banner-title-visibility":"","ast-main-header-display":"","ast-hfb-above-header-display":"","ast-hfb-below-header-display":"","ast-hfb-mobile-header-display":"","site-post-title":"","ast-breadcrumbs-content":"","ast-featured-img":"","footer-sml-layout":"","theme-transparent-header-meta":"","adv-header-id-meta":"","stick-header-meta":"","header-above-stick-meta":"","header-main-stick-meta":"","header-below-stick-meta":"","astra-migrate-meta-layouts":"default","ast-page-background-enabled":"default","ast-page-background-meta":{"desktop":{"background-color":"var(--ast-global-color-5)","background-image":"","background-repeat":"repeat","background-position":"center center","background-size":"auto","background-attachment":"scroll","background-type":"","background-media":"","overlay-type":"","overlay-color":"","overlay-opacity":"","overlay-gradient":""},"tablet":{"background-color":"","background-image":"","background-repeat":"repeat","background-position":"center center","background-size":"auto","background-attachment":"scroll","background-type":"","background-media":"","overlay-type":"","overlay-color":"","overlay-opacity":"","overlay-gradient":""},"mobile":{"background-color":"","background-image":"","background-repeat":"repeat","background-position":"center center","background-size":"auto","background-attachment":"scroll","background-type":"","background-media":"","overlay-type":"","overlay-color":"","overlay-opacity":"","overlay-gradient":""}},"ast-content-background-meta":{"desktop":{"background-color":"var(--ast-global-color-4)","background-image":"","background-repeat":"repeat","background-position":"center center","background-size":"auto","background-attachment":"scroll","background-type":"","background-media":"","overlay-type":"","overlay-color":"","overlay-opacity":"","overlay-gradient":""},"tablet":{"background-color":"var(--ast-global-color-4)","background-image":"","background-repeat":"repeat","background-position":"center center","background-size":"auto","background-attachment":"scroll","background-type":"","background-media":"","overlay-type":"","overlay-color":"","overlay-opacity":"","overlay-gradient":""},"mobile":{"background-color":"var(--ast-global-color-4)","background-image":"","background-repeat":"repeat","background-position":"center center","background-size":"auto","background-attachment":"scroll","background-type":"","background-media":"","overlay-type":"","overlay-color":"","overlay-opacity":"","overlay-gradient":""}}},"product_brand":[],"product_cat":[168,108,101],"product_tag":[],"class_list":{"0":"post-2226","1":"product","2":"type-product","3":"status-publish","4":"has-post-thumbnail","6":"product_cat-wood-usb-flash-drive","7":"product_cat-key-shaped-usb-pendrive","8":"product_cat-usb-pendrive-with-keychain","9":"desktop-align-left","10":"tablet-align-left","11":"mobile-align-left","13":"first","14":"instock","15":"shipping-taxable","16":"product-type-simple"},"_links":{"self":[{"href":"https:\/\/www.usborkeychain.com\/fr\/wp-json\/wp\/v2\/product\/2226","targetHints":{"allow":["GET"]}}],"collection":[{"href":"https:\/\/www.usborkeychain.com\/fr\/wp-json\/wp\/v2\/product"}],"about":[{"href":"https:\/\/www.usborkeychain.com\/fr\/wp-json\/wp\/v2\/types\/product"}],"replies":[{"embeddable":true,"href":"https:\/\/www.usborkeychain.com\/fr\/wp-json\/wp\/v2\/comments?post=2226"}],"wp:featuredmedia":[{"embeddable":true,"href":"https:\/\/www.usborkeychain.com\/fr\/wp-json\/wp\/v2\/media\/2229"}],"wp:attachment":[{"href":"https:\/\/www.usborkeychain.com\/fr\/wp-json\/wp\/v2\/media?parent=2226"}],"wp:term":[{"taxonomy":"product_brand","embeddable":true,"href":"https:\/\/www.usborkeychain.com\/fr\/wp-json\/wp\/v2\/product_brand?post=2226"},{"taxonomy":"product_cat","embeddable":true,"href":"https:\/\/www.usborkeychain.com\/fr\/wp-json\/wp\/v2\/product_cat?post=2226"},{"taxonomy":"product_tag","embeddable":true,"href":"https:\/\/www.usborkeychain.com\/fr\/wp-json\/wp\/v2\/product_tag?post=2226"}],"curies":[{"name":"wp","href":"https:\/\/api.w.org\/{rel}","templated":true}]}}