{"id":2520,"date":"2025-06-20T08:20:25","date_gmt":"2025-06-20T08:20:25","guid":{"rendered":"https:\/\/www.usborkeychain.com\/?post_type=product&#038;p=2520"},"modified":"2025-07-10T00:22:29","modified_gmt":"2025-07-10T00:22:29","slug":"wooden-cross-usb-flash-drive","status":"publish","type":"product","link":"https:\/\/www.usborkeychain.com\/fr\/produit\/wooden-cross-usb-flash-drive\/","title":{"rendered":"Cl\u00e9 USB Croix en bois"},"content":{"rendered":"<div class=\"wp-block-columns is-layout-flex wp-container-core-columns-is-layout-28f84493 wp-block-columns-is-layout-flex\">\n<div class=\"wp-block-column is-layout-flow wp-block-column-is-layout-flow\">\n<figure class=\"wp-block-image size-full is-resized\"><img fetchpriority=\"high\" decoding=\"async\" width=\"800\" height=\"800\" src=\"https:\/\/www.usborkeychain.com\/wp-content\/uploads\/odm-wooden-cross-usb-drive.jpg\" alt=\"odm wooden cross usb drive\" class=\"wp-image-2524\" style=\"width:450px\" srcset=\"https:\/\/www.usborkeychain.com\/wp-content\/uploads\/odm-wooden-cross-usb-drive.jpg 800w, https:\/\/www.usborkeychain.com\/wp-content\/uploads\/odm-wooden-cross-usb-drive-300x300.jpg 300w, https:\/\/www.usborkeychain.com\/wp-content\/uploads\/odm-wooden-cross-usb-drive-150x150.jpg 150w, https:\/\/www.usborkeychain.com\/wp-content\/uploads\/odm-wooden-cross-usb-drive-768x768.jpg 768w, https:\/\/www.usborkeychain.com\/wp-content\/uploads\/odm-wooden-cross-usb-drive-12x12.jpg 12w, https:\/\/www.usborkeychain.com\/wp-content\/uploads\/odm-wooden-cross-usb-drive-600x600.jpg 600w, https:\/\/www.usborkeychain.com\/wp-content\/uploads\/odm-wooden-cross-usb-drive-100x100.jpg 100w\" sizes=\"(max-width: 800px) 100vw, 800px\" \/><\/figure>\n<\/div>\n\n\n\n<div class=\"wp-block-column is-vertically-aligned-center is-layout-flow wp-block-column-is-layout-flow\">\n<p>La cl\u00e9 USB Wooden Cross reprend le motif classique de la croix et int\u00e8gre un connecteur de porte-cl\u00e9s en m\u00e9tal pour cr\u00e9er un dispositif de stockage qui associe des connotations culturelles religieuses \u00e0 des fonctions technologiques modernes.<\/p>\n\n\n\n<p>Le corps principal mesure 80 mm x 50 mm x 8 mm, avec une largeur de barre transversale de 35 mm. Fabriqu\u00e9e en bois naturel comme mat\u00e9riau principal, sa surface subit huit processus de polissage manuel. Elle pr\u00e9sente un toucher chaleureux et une texture claire, et sert de double support pour l'expression de la foi et le stockage des donn\u00e9es.<\/p>\n<\/div>\n<\/div>\n\n\n\n<p><\/p>\n\n\n\n<h2 class=\"wp-block-heading\"><strong>Pourquoi la cl\u00e9 USB \u00e0 croix de bois est-elle populaire ? <\/strong><strong><\/strong><\/h2>\n\n\n\n<p>La cl\u00e9 USB en forme de croix en bois est tr\u00e8s appr\u00e9ci\u00e9e en raison de son design cr\u00e9atif unique et de son profond symbolisme. La forme classique de la croix a une signification religieuse et r\u00e9pond aux besoins spirituels des communaut\u00e9s religieuses.<\/p>\n\n\n\n<p>Le mat\u00e9riau en bois conf\u00e8re une texture naturelle et rustique, tandis que le connecteur en m\u00e9tal renforce la qualit\u00e9 du produit. Il symbolise la paix, la protection et l'h\u00e9ritage de la foi.<\/p>\n\n\n\n<p>Qu'il soit utilis\u00e9 comme cadeau religieux, comme souvenir comm\u00e9moratif ou comme outil de rangement quotidien, il conf\u00e8re une valeur \u00e9motionnelle, r\u00e9pondant \u00e0 la double qu\u00eate de fonctionnalit\u00e9 et de connotations spirituelles des utilisateurs.<\/p>\n\n\n\n<div class=\"wp-block-columns is-layout-flex wp-container-core-columns-is-layout-28f84493 wp-block-columns-is-layout-flex\">\n<div class=\"wp-block-column is-layout-flow wp-block-column-is-layout-flow\">\n<figure class=\"wp-block-image aligncenter size-full is-resized\"><img decoding=\"async\" width=\"800\" height=\"800\" src=\"https:\/\/www.usborkeychain.com\/wp-content\/uploads\/promotional-wooden-cross-usb-drive.jpg\" alt=\"promotional wooden cross usb drive\" class=\"wp-image-2525\" style=\"width:450px\" srcset=\"https:\/\/www.usborkeychain.com\/wp-content\/uploads\/promotional-wooden-cross-usb-drive.jpg 800w, https:\/\/www.usborkeychain.com\/wp-content\/uploads\/promotional-wooden-cross-usb-drive-300x300.jpg 300w, https:\/\/www.usborkeychain.com\/wp-content\/uploads\/promotional-wooden-cross-usb-drive-150x150.jpg 150w, https:\/\/www.usborkeychain.com\/wp-content\/uploads\/promotional-wooden-cross-usb-drive-768x768.jpg 768w, https:\/\/www.usborkeychain.com\/wp-content\/uploads\/promotional-wooden-cross-usb-drive-12x12.jpg 12w, https:\/\/www.usborkeychain.com\/wp-content\/uploads\/promotional-wooden-cross-usb-drive-600x600.jpg 600w, https:\/\/www.usborkeychain.com\/wp-content\/uploads\/promotional-wooden-cross-usb-drive-100x100.jpg 100w\" sizes=\"(max-width: 800px) 100vw, 800px\" \/><\/figure>\n<\/div>\n\n\n\n<div class=\"wp-block-column is-layout-flow wp-block-column-is-layout-flow\">\n<figure class=\"wp-block-image aligncenter size-full is-resized\"><img decoding=\"async\" width=\"800\" height=\"800\" src=\"https:\/\/www.usborkeychain.com\/wp-content\/uploads\/wholesale-wooden-cross-usb-drive.jpg\" alt=\"wholesale wooden cross usb drive\" class=\"wp-image-2526\" style=\"width:450px\" srcset=\"https:\/\/www.usborkeychain.com\/wp-content\/uploads\/wholesale-wooden-cross-usb-drive.jpg 800w, https:\/\/www.usborkeychain.com\/wp-content\/uploads\/wholesale-wooden-cross-usb-drive-300x300.jpg 300w, https:\/\/www.usborkeychain.com\/wp-content\/uploads\/wholesale-wooden-cross-usb-drive-150x150.jpg 150w, https:\/\/www.usborkeychain.com\/wp-content\/uploads\/wholesale-wooden-cross-usb-drive-768x768.jpg 768w, https:\/\/www.usborkeychain.com\/wp-content\/uploads\/wholesale-wooden-cross-usb-drive-12x12.jpg 12w, https:\/\/www.usborkeychain.com\/wp-content\/uploads\/wholesale-wooden-cross-usb-drive-600x600.jpg 600w, https:\/\/www.usborkeychain.com\/wp-content\/uploads\/wholesale-wooden-cross-usb-drive-100x100.jpg 100w\" sizes=\"(max-width: 800px) 100vw, 800px\" \/><\/figure>\n<\/div>\n<\/div>\n\n\n\n<h2 class=\"wp-block-heading\"><strong>Quels sont les mat\u00e9riaux, les interfaces et les capacit\u00e9s de la cl\u00e9 USB Wooden Cross ? <\/strong><strong><\/strong><\/h2>\n\n\n\n<p>En ce qui concerne les mat\u00e9riaux, des bois de haute qualit\u00e9 tels que l'\u00e9rable (densit\u00e9 0,6g\/cm\u00b3, texture fine), le noyer (densit\u00e9 0,85g\/cm\u00b3, couleur stable) et le bambou (densit\u00e9 0,7g\/cm\u00b3, robuste et r\u00e9sistant \u00e0 l'usure) ont \u00e9t\u00e9 soigneusement s\u00e9lectionn\u00e9s. Les interfaces offrent deux options : USB2.0 (taux de transfert de 480 Mbps) et USB3.0 (taux de transfert de 5 Gbps).<\/p>\n\n\n\n<p>Les capacit\u00e9s vont de 1GB \u00e0 1TB, couvrant 12 sp\u00e9cifications, parmi lesquelles 16GB-128GB sont les capacit\u00e9s conventionnelles les plus vendues, et la tr\u00e8s grande capacit\u00e9 de 1TB r\u00e9pond aux besoins de stockage de donn\u00e9es des professionnels, s'adaptant pleinement aux diff\u00e9rents sc\u00e9narios des utilisateurs.<\/p>\n\n\n\n<h2 class=\"wp-block-heading\"><strong>Comment personnaliser un logo sur la cl\u00e9 USB Wooden Cross ? <\/strong><strong><\/strong><\/h2>\n\n\n\n<div class=\"wp-block-columns is-layout-flex wp-container-core-columns-is-layout-28f84493 wp-block-columns-is-layout-flex\">\n<div class=\"wp-block-column is-layout-flow wp-block-column-is-layout-flow\">\n<figure class=\"wp-block-image aligncenter size-full is-resized\"><img loading=\"lazy\" decoding=\"async\" width=\"800\" height=\"800\" src=\"https:\/\/www.usborkeychain.com\/wp-content\/uploads\/bulk-wooden-cross-usb-drive.jpg\" alt=\"bulk wooden cross usb drive\" class=\"wp-image-2523\" style=\"width:450px\" srcset=\"https:\/\/www.usborkeychain.com\/wp-content\/uploads\/bulk-wooden-cross-usb-drive.jpg 800w, https:\/\/www.usborkeychain.com\/wp-content\/uploads\/bulk-wooden-cross-usb-drive-300x300.jpg 300w, https:\/\/www.usborkeychain.com\/wp-content\/uploads\/bulk-wooden-cross-usb-drive-150x150.jpg 150w, https:\/\/www.usborkeychain.com\/wp-content\/uploads\/bulk-wooden-cross-usb-drive-768x768.jpg 768w, https:\/\/www.usborkeychain.com\/wp-content\/uploads\/bulk-wooden-cross-usb-drive-12x12.jpg 12w, https:\/\/www.usborkeychain.com\/wp-content\/uploads\/bulk-wooden-cross-usb-drive-600x600.jpg 600w, https:\/\/www.usborkeychain.com\/wp-content\/uploads\/bulk-wooden-cross-usb-drive-100x100.jpg 100w\" sizes=\"(max-width: 800px) 100vw, 800px\" \/><\/figure>\n<\/div>\n\n\n\n<div class=\"wp-block-column is-vertically-aligned-center is-layout-flow wp-block-column-is-layout-flow\">\n<p>La cl\u00e9 USB en forme de croix en bois est compatible avec deux proc\u00e9d\u00e9s de personnalisation courants : la gravure au laser et l'impression en couleur. La gravure au laser peut former des motifs clairs d'une profondeur de 0,1 \u00e0 0,2 mm sur la surface du bois, avec une pr\u00e9cision de trait de 0,05 mm, ce qui convient \u00e0 la pr\u00e9sentation de logos ou de textes simples.<\/p>\n\n\n\n<p>L'impression couleur adopte la technologie de l'encre UV, couvrant 95% de la gamme de couleurs sRGB, capable de restaurer des motifs de couleur complexes et de passer un test d'usure de 500 cycles de frottement sans d\u00e9coloration.<\/p>\n\n\n\n<p>Les deux processus prennent en charge une quantit\u00e9 de commande minimale de 100 pi\u00e8ces, avec un cycle de personnalisation de 3 \u00e0 5 jours ouvrables, ce qui r\u00e9pond aux besoins de personnalisation des cadeaux d'entreprise, des souvenirs d'activit\u00e9s religieuses, etc.<\/p>\n<\/div>\n<\/div>\n\n\n\n<h2 class=\"wp-block-heading\"><strong>R\u00e9sum\u00e9<\/strong><\/h2>\n\n\n\n<p>Ce produit est fabriqu\u00e9 par une usine ayant 10 ans d'exp\u00e9rience dans l'industrie, s'appuyant sur des \u00e9quipements et des processus avanc\u00e9s dans des installations standardis\u00e9es. Il permet une personnalisation souple des mat\u00e9riaux, des interfaces et des capacit\u00e9s, et peut prendre en charge des commandes en gros de 100 pi\u00e8ces ou plus.<\/p>\n\n\n\n<p>Que les institutions religieuses aient besoin de cl\u00e9s USB comm\u00e9moratives personnalis\u00e9es ou que les entreprises aient besoin de cadeaux promotionnels, nous fournissons des services complets, de la conception \u00e0 la production. N'h\u00e9sitez pas \u00e0 nous consulter pour plus de d\u00e9tails sur la coop\u00e9ration.<\/p>","protected":false},"excerpt":{"rendered":"<ul>\n<li>Conception crois\u00e9e<\/li>\n<li>Mat\u00e9riau bois<\/li>\n<li>R\u00e9sistant aux rayures et \u00e0 l'usure<\/li>\n<li>Vitesse plus rapide et haute qualit\u00e9<\/li>\n<li>Fiabilit\u00e9 et s\u00e9curit\u00e9<\/li>\n<li>Id\u00e9al pour tous les usages<\/li>\n<\/ul>","protected":false},"featured_media":2525,"comment_status":"open","ping_status":"closed","template":"","meta":{"_seopress_robots_primary_cat":"none","_seopress_titles_title":"Wooden Cross USB Flash Drive","_seopress_titles_desc":"","_seopress_robots_index":"","site-sidebar-layout":"default","site-content-layout":"","ast-site-content-layout":"","site-content-style":"default","site-sidebar-style":"default","ast-global-header-display":"","ast-banner-title-visibility":"","ast-main-header-display":"","ast-hfb-above-header-display":"","ast-hfb-below-header-display":"","ast-hfb-mobile-header-display":"","site-post-title":"","ast-breadcrumbs-content":"","ast-featured-img":"","footer-sml-layout":"","theme-transparent-header-meta":"","adv-header-id-meta":"","stick-header-meta":"","header-above-stick-meta":"","header-main-stick-meta":"","header-below-stick-meta":"","astra-migrate-meta-layouts":"default","ast-page-background-enabled":"default","ast-page-background-meta":{"desktop":{"background-color":"var(--ast-global-color-5)","background-image":"","background-repeat":"repeat","background-position":"center center","background-size":"auto","background-attachment":"scroll","background-type":"","background-media":"","overlay-type":"","overlay-color":"","overlay-opacity":"","overlay-gradient":""},"tablet":{"background-color":"","background-image":"","background-repeat":"repeat","background-position":"center center","background-size":"auto","background-attachment":"scroll","background-type":"","background-media":"","overlay-type":"","overlay-color":"","overlay-opacity":"","overlay-gradient":""},"mobile":{"background-color":"","background-image":"","background-repeat":"repeat","background-position":"center center","background-size":"auto","background-attachment":"scroll","background-type":"","background-media":"","overlay-type":"","overlay-color":"","overlay-opacity":"","overlay-gradient":""}},"ast-content-background-meta":{"desktop":{"background-color":"var(--ast-global-color-4)","background-image":"","background-repeat":"repeat","background-position":"center center","background-size":"auto","background-attachment":"scroll","background-type":"","background-media":"","overlay-type":"","overlay-color":"","overlay-opacity":"","overlay-gradient":""},"tablet":{"background-color":"var(--ast-global-color-4)","background-image":"","background-repeat":"repeat","background-position":"center center","background-size":"auto","background-attachment":"scroll","background-type":"","background-media":"","overlay-type":"","overlay-color":"","overlay-opacity":"","overlay-gradient":""},"mobile":{"background-color":"var(--ast-global-color-4)","background-image":"","background-repeat":"repeat","background-position":"center center","background-size":"auto","background-attachment":"scroll","background-type":"","background-media":"","overlay-type":"","overlay-color":"","overlay-opacity":"","overlay-gradient":""}}},"product_brand":[],"product_cat":[168],"product_tag":[175],"class_list":{"0":"post-2520","1":"product","2":"type-product","3":"status-publish","4":"has-post-thumbnail","6":"product_cat-wood-usb-flash-drive","7":"product_tag-cross-usb-flash-drive","8":"desktop-align-left","9":"tablet-align-left","10":"mobile-align-left","12":"first","13":"instock","14":"shipping-taxable","15":"product-type-simple"},"_links":{"self":[{"href":"https:\/\/www.usborkeychain.com\/fr\/wp-json\/wp\/v2\/product\/2520","targetHints":{"allow":["GET"]}}],"collection":[{"href":"https:\/\/www.usborkeychain.com\/fr\/wp-json\/wp\/v2\/product"}],"about":[{"href":"https:\/\/www.usborkeychain.com\/fr\/wp-json\/wp\/v2\/types\/product"}],"replies":[{"embeddable":true,"href":"https:\/\/www.usborkeychain.com\/fr\/wp-json\/wp\/v2\/comments?post=2520"}],"wp:featuredmedia":[{"embeddable":true,"href":"https:\/\/www.usborkeychain.com\/fr\/wp-json\/wp\/v2\/media\/2525"}],"wp:attachment":[{"href":"https:\/\/www.usborkeychain.com\/fr\/wp-json\/wp\/v2\/media?parent=2520"}],"wp:term":[{"taxonomy":"product_brand","embeddable":true,"href":"https:\/\/www.usborkeychain.com\/fr\/wp-json\/wp\/v2\/product_brand?post=2520"},{"taxonomy":"product_cat","embeddable":true,"href":"https:\/\/www.usborkeychain.com\/fr\/wp-json\/wp\/v2\/product_cat?post=2520"},{"taxonomy":"product_tag","embeddable":true,"href":"https:\/\/www.usborkeychain.com\/fr\/wp-json\/wp\/v2\/product_tag?post=2520"}],"curies":[{"name":"wp","href":"https:\/\/api.w.org\/{rel}","templated":true}]}}