{"id":2536,"date":"2025-06-20T11:01:23","date_gmt":"2025-06-20T11:01:23","guid":{"rendered":"https:\/\/www.usborkeychain.com\/?post_type=product&#038;p=2536"},"modified":"2025-07-10T00:22:07","modified_gmt":"2025-07-10T00:22:07","slug":"round-wood-usb-flash-drive","status":"publish","type":"product","link":"https:\/\/www.usborkeychain.com\/fr\/produit\/round-wood-usb-flash-drive\/","title":{"rendered":"Cl\u00e9 USB en bois rond"},"content":{"rendered":"<div class=\"wp-block-columns is-layout-flex wp-container-core-columns-is-layout-28f84493 wp-block-columns-is-layout-flex\">\n<div class=\"wp-block-column is-layout-flow wp-block-column-is-layout-flow\">\n<figure class=\"wp-block-image aligncenter size-full is-resized\"><img fetchpriority=\"high\" decoding=\"async\" width=\"800\" height=\"800\" src=\"https:\/\/www.usborkeychain.com\/wp-content\/uploads\/Round-Wood-USB-Flash-Drive.jpg\" alt=\"Round Wood USB Flash Drive\" class=\"wp-image-2543\" style=\"width:450px\" srcset=\"https:\/\/www.usborkeychain.com\/wp-content\/uploads\/Round-Wood-USB-Flash-Drive.jpg 800w, https:\/\/www.usborkeychain.com\/wp-content\/uploads\/Round-Wood-USB-Flash-Drive-300x300.jpg 300w, https:\/\/www.usborkeychain.com\/wp-content\/uploads\/Round-Wood-USB-Flash-Drive-150x150.jpg 150w, https:\/\/www.usborkeychain.com\/wp-content\/uploads\/Round-Wood-USB-Flash-Drive-768x768.jpg 768w, https:\/\/www.usborkeychain.com\/wp-content\/uploads\/Round-Wood-USB-Flash-Drive-12x12.jpg 12w, https:\/\/www.usborkeychain.com\/wp-content\/uploads\/Round-Wood-USB-Flash-Drive-600x600.jpg 600w, https:\/\/www.usborkeychain.com\/wp-content\/uploads\/Round-Wood-USB-Flash-Drive-100x100.jpg 100w\" sizes=\"(max-width: 800px) 100vw, 800px\" \/><\/figure>\n<\/div>\n\n\n\n<div class=\"wp-block-column is-vertically-aligned-center is-layout-flow wp-block-column-is-layout-flow\">\n<p>La s\u00e9rie de cl\u00e9s USB Round Wood int\u00e8gre un design classique et des fonctions pratiques. Fabriqu\u00e9e en bois naturel et centr\u00e9e autour d'une forme circulaire arrondie, elle pr\u00e9sente 4 styles distincts.<\/p>\n\n\n\n<p>Tous les produits de la s\u00e9rie sont soumis \u00e0 sept processus de polissage raffin\u00e9s, ce qui leur conf\u00e8re un toucher chaleureux et des veines de bois visibles. D'un diam\u00e8tre de 35 \u00e0 45 mm et d'une \u00e9paisseur de 8 \u00e0 12 mm, ils constituent d'excellents choix pour le stockage de donn\u00e9es et la personnalisation de cadeaux.<\/p>\n<\/div>\n<\/div>\n\n\n\n<h2 class=\"wp-block-heading\"><strong>Magn\u00e9tique <\/strong><strong>Cl\u00e9 USB en bois rond<\/strong><strong> <\/strong><strong><\/strong><\/h2>\n\n\n\n<div class=\"wp-block-columns is-layout-flex wp-container-core-columns-is-layout-28f84493 wp-block-columns-is-layout-flex\">\n<div class=\"wp-block-column is-vertically-aligned-center is-layout-flow wp-block-column-is-layout-flow\">\n<p>La cl\u00e9 USB magn\u00e9tique ronde en bois est devenue le mod\u00e8le le plus vendu de la s\u00e9rie gr\u00e2ce \u00e0 son design minimaliste. D'un diam\u00e8tre de 40 mm et d'une \u00e9paisseur de 8 mm, elle est parfaitement circulaire et recouverte d'un rev\u00eatement magn\u00e9tique, ce qui permet de l'ouvrir et de la fermer facilement d'une seule main.<\/p>\n\n\n\n<p>Le capuchon et le corps sont absorb\u00e9s par un aimant n\u00e9odyme fer-bore avec une force d'aspiration de 2N, ce qui le rend difficile \u00e0 d\u00e9tacher. En tant que choix pr\u00e9f\u00e9r\u00e9 pour la personnalisation, son design sym\u00e9trique s'adapte \u00e0 divers besoins de gravure de logo, satisfaisant les exigences de la sc\u00e8ne avec sa forme classique, tant pour les cadeaux d'entreprise que pour les souvenirs personnels.<\/p>\n<\/div>\n\n\n\n<div class=\"wp-block-column is-layout-flow wp-block-column-is-layout-flow\">\n<figure class=\"wp-block-image aligncenter size-full is-resized\"><img decoding=\"async\" width=\"800\" height=\"800\" src=\"https:\/\/www.usborkeychain.com\/wp-content\/uploads\/Magnetic-Round-Wood-USB-Flash-Drive.jpg\" alt=\"Magnetic Round Wood USB Flash Drive\" class=\"wp-image-2540\" style=\"width:450px\" srcset=\"https:\/\/www.usborkeychain.com\/wp-content\/uploads\/Magnetic-Round-Wood-USB-Flash-Drive.jpg 800w, https:\/\/www.usborkeychain.com\/wp-content\/uploads\/Magnetic-Round-Wood-USB-Flash-Drive-300x300.jpg 300w, https:\/\/www.usborkeychain.com\/wp-content\/uploads\/Magnetic-Round-Wood-USB-Flash-Drive-150x150.jpg 150w, https:\/\/www.usborkeychain.com\/wp-content\/uploads\/Magnetic-Round-Wood-USB-Flash-Drive-768x768.jpg 768w, https:\/\/www.usborkeychain.com\/wp-content\/uploads\/Magnetic-Round-Wood-USB-Flash-Drive-12x12.jpg 12w, https:\/\/www.usborkeychain.com\/wp-content\/uploads\/Magnetic-Round-Wood-USB-Flash-Drive-600x600.jpg 600w, https:\/\/www.usborkeychain.com\/wp-content\/uploads\/Magnetic-Round-Wood-USB-Flash-Drive-100x100.jpg 100w\" sizes=\"(max-width: 800px) 100vw, 800px\" \/><\/figure>\n<\/div>\n<\/div>\n\n\n\n<h2 class=\"wp-block-heading\"><strong>Cl\u00e9 USB ronde en bois \u00e0 rabat <\/strong><strong><\/strong><\/h2>\n\n\n\n<div class=\"wp-block-columns is-layout-flex wp-container-core-columns-is-layout-28f84493 wp-block-columns-is-layout-flex\">\n<div class=\"wp-block-column is-layout-flow wp-block-column-is-layout-flow\">\n<figure class=\"wp-block-image aligncenter size-full is-resized\"><img decoding=\"async\" width=\"800\" height=\"800\" src=\"https:\/\/www.usborkeychain.com\/wp-content\/uploads\/Round-Flip-Wooden-USB-Drive.jpg\" alt=\"Round Flip Wooden USB Drive\" class=\"wp-image-2542\" style=\"width:450px\" srcset=\"https:\/\/www.usborkeychain.com\/wp-content\/uploads\/Round-Flip-Wooden-USB-Drive.jpg 800w, https:\/\/www.usborkeychain.com\/wp-content\/uploads\/Round-Flip-Wooden-USB-Drive-300x300.jpg 300w, https:\/\/www.usborkeychain.com\/wp-content\/uploads\/Round-Flip-Wooden-USB-Drive-150x150.jpg 150w, https:\/\/www.usborkeychain.com\/wp-content\/uploads\/Round-Flip-Wooden-USB-Drive-768x768.jpg 768w, https:\/\/www.usborkeychain.com\/wp-content\/uploads\/Round-Flip-Wooden-USB-Drive-12x12.jpg 12w, https:\/\/www.usborkeychain.com\/wp-content\/uploads\/Round-Flip-Wooden-USB-Drive-600x600.jpg 600w, https:\/\/www.usborkeychain.com\/wp-content\/uploads\/Round-Flip-Wooden-USB-Drive-100x100.jpg 100w\" sizes=\"(max-width: 800px) 100vw, 800px\" \/><\/figure>\n<\/div>\n\n\n\n<div class=\"wp-block-column is-vertically-aligned-center is-layout-flow wp-block-column-is-layout-flow\">\n<p>Disponible dans des mat\u00e9riaux tels que l'\u00e9rable (densit\u00e9 0,6g\/cm\u00b3), le noyer (0,85g\/cm\u00b3), le bambou (0,7g\/cm\u00b3), le bois brut, etc. Il offre deux options d'interface : USB2.0 (480Mbps) et USB3.0 (5Gbps).<\/p>\n\n\n\n<p>L'interface USB peut pivoter \u00e0 360\u00b0, gr\u00e2ce \u00e0 un axe rotatif interne en bois qui a pass\u00e9 un test de charge, r\u00e9sistant \u00e0 10 000 retournements sans dommage. L'\u00e9paisseur de 12 mm permet de concilier la protection des puces et le confort de prise en main, ce qui convient aux utilisateurs qui recherchent la polyvalence.<\/p>\n<\/div>\n<\/div>\n\n\n\n<p>Disponible dans des mat\u00e9riaux tels que l'\u00e9rable (densit\u00e9 0,6g\/cm\u00b3), le noyer (0,85g\/cm\u00b3), le bambou (0,7g\/cm\u00b3), le bois brut, etc. Il offre deux options d'interface : USB2.0 (480Mbps) et USB3.0 (5Gbps).<\/p>\n\n\n\n<p>L'interface USB peut pivoter \u00e0 360\u00b0, gr\u00e2ce \u00e0 un axe rotatif interne en bois qui a pass\u00e9 un test de charge, r\u00e9sistant \u00e0 10 000 retournements sans dommage. L'\u00e9paisseur de 12 mm permet de concilier la protection des puces et le confort de prise en main, ce qui convient aux utilisateurs qui recherchent la polyvalence.<\/p>\n\n\n\n<h2 class=\"wp-block-heading\"><strong>Sans couvercle, en une seule pi\u00e8ce <\/strong><strong>Cl\u00e9 USB en bois rond<\/strong><strong> <\/strong><strong><\/strong><\/h2>\n\n\n\n<div class=\"wp-block-columns is-layout-flex wp-container-core-columns-is-layout-28f84493 wp-block-columns-is-layout-flex\">\n<div class=\"wp-block-column is-vertically-aligned-center is-layout-flow wp-block-column-is-layout-flow\">\n<p>Le style le plus concis de la s\u00e9rie, la conception sans couvercle d'une seule pi\u00e8ce \u00e9limine le souci de perdre le bouchon, ce qui permet un branchement direct. D'un diam\u00e8tre de 35 mm et d'une \u00e9paisseur de 10 mm, il adopte un processus d'\u00e9vidage du bois entier, atteignant un taux d'utilisation du bois de 85%.<\/p>\n\n\n\n<p>La surface est trait\u00e9e avec un rev\u00eatement nano \u00e9tanche pour r\u00e9sister aux \u00e9claboussures quotidiennes, et elle est \u00e9quip\u00e9e d'une interface USB cach\u00e9e qui r\u00e9v\u00e8le les contacts m\u00e9talliques lorsqu'elle est ins\u00e9r\u00e9e dans un ordinateur, r\u00e9pondant ainsi aux besoins des utilisateurs qui pr\u00e9f\u00e8rent un style minimaliste.<\/p>\n<\/div>\n\n\n\n<div class=\"wp-block-column is-layout-flow wp-block-column-is-layout-flow\">\n<figure class=\"wp-block-image aligncenter size-full is-resized\"><img loading=\"lazy\" decoding=\"async\" width=\"800\" height=\"800\" src=\"https:\/\/www.usborkeychain.com\/wp-content\/uploads\/One-Piece-Lidless-Round-Wood-USB-Flash-Drive.jpg\" alt=\"One-Piece Lidless Round Wood USB Flash Drive\" class=\"wp-image-2541\" style=\"width:450px\" srcset=\"https:\/\/www.usborkeychain.com\/wp-content\/uploads\/One-Piece-Lidless-Round-Wood-USB-Flash-Drive.jpg 800w, https:\/\/www.usborkeychain.com\/wp-content\/uploads\/One-Piece-Lidless-Round-Wood-USB-Flash-Drive-300x300.jpg 300w, https:\/\/www.usborkeychain.com\/wp-content\/uploads\/One-Piece-Lidless-Round-Wood-USB-Flash-Drive-150x150.jpg 150w, https:\/\/www.usborkeychain.com\/wp-content\/uploads\/One-Piece-Lidless-Round-Wood-USB-Flash-Drive-768x768.jpg 768w, https:\/\/www.usborkeychain.com\/wp-content\/uploads\/One-Piece-Lidless-Round-Wood-USB-Flash-Drive-12x12.jpg 12w, https:\/\/www.usborkeychain.com\/wp-content\/uploads\/One-Piece-Lidless-Round-Wood-USB-Flash-Drive-600x600.jpg 600w, https:\/\/www.usborkeychain.com\/wp-content\/uploads\/One-Piece-Lidless-Round-Wood-USB-Flash-Drive-100x100.jpg 100w\" sizes=\"(max-width: 800px) 100vw, 800px\" \/><\/figure>\n<\/div>\n<\/div>\n\n\n\n<h2 class=\"wp-block-heading\"><strong>Cl\u00e9 USB en bois rond illumin\u00e9e<\/strong><\/h2>\n\n\n\n<p><strong> <\/strong><\/p>\n\n\n\n<div class=\"wp-block-columns is-layout-flex wp-container-core-columns-is-layout-28f84493 wp-block-columns-is-layout-flex\">\n<div class=\"wp-block-column is-layout-flow wp-block-column-is-layout-flow\">\n<figure class=\"wp-block-image aligncenter size-large is-resized\"><img loading=\"lazy\" decoding=\"async\" width=\"1024\" height=\"1024\" src=\"https:\/\/www.usborkeychain.com\/wp-content\/uploads\/Illuminated-Round-Wood-USB-Flash-Drive-1024x1024.jpg\" alt=\"Illuminated Round Wood USB Flash Drive\" class=\"wp-image-2539\" style=\"width:450px\" srcset=\"https:\/\/www.usborkeychain.com\/wp-content\/uploads\/Illuminated-Round-Wood-USB-Flash-Drive-1024x1024.jpg 1024w, https:\/\/www.usborkeychain.com\/wp-content\/uploads\/Illuminated-Round-Wood-USB-Flash-Drive-300x300.jpg 300w, https:\/\/www.usborkeychain.com\/wp-content\/uploads\/Illuminated-Round-Wood-USB-Flash-Drive-150x150.jpg 150w, https:\/\/www.usborkeychain.com\/wp-content\/uploads\/Illuminated-Round-Wood-USB-Flash-Drive-768x768.jpg 768w, https:\/\/www.usborkeychain.com\/wp-content\/uploads\/Illuminated-Round-Wood-USB-Flash-Drive-1536x1536.jpg 1536w, https:\/\/www.usborkeychain.com\/wp-content\/uploads\/Illuminated-Round-Wood-USB-Flash-Drive-12x12.jpg 12w, https:\/\/www.usborkeychain.com\/wp-content\/uploads\/Illuminated-Round-Wood-USB-Flash-Drive-600x600.jpg 600w, https:\/\/www.usborkeychain.com\/wp-content\/uploads\/Illuminated-Round-Wood-USB-Flash-Drive-100x100.jpg 100w, https:\/\/www.usborkeychain.com\/wp-content\/uploads\/Illuminated-Round-Wood-USB-Flash-Drive.jpg 1920w\" sizes=\"(max-width: 1024px) 100vw, 1024px\" \/><\/figure>\n<\/div>\n\n\n\n<div class=\"wp-block-column is-vertically-aligned-center is-layout-flow wp-block-column-is-layout-flow\">\n<p>La face avant comporte un panneau lumineux en acrylique de 3 mm d'\u00e9paisseur, tandis que la face arri\u00e8re est en bois massif, avec des bords polis selon un arc de 15\u00b0.<\/p>\n\n\n\n<p>Il permet la personnalisation de logos par gravure interne avec une pr\u00e9cision de gravure de 0,1 mm, et peut pr\u00e9senter des motifs 2D\/3D.<\/p>\n\n\n\n<p>Il est \u00e9quip\u00e9 d'un module d'\u00e9clairage RVB, permettant des transformations tricolores (rouge 620nm, vert 525nm, bleu 470nm), avec une autonomie de batterie allant jusqu'\u00e0 48 heures (en mode constant).<\/p>\n<\/div>\n<\/div>\n\n\n\n<h2 class=\"wp-block-heading\"><strong>Conclusion<\/strong><\/h2>\n\n\n\n<p>Cette s\u00e9rie est produite par un fabricant ayant 14 ans d'exp\u00e9rience dans l'industrie. S'appuyant sur l'\u00e9quipement de gravure CNC d'usines standardis\u00e9es, elle prend en charge deux processus de personnalisation : la gravure au laser (pr\u00e9cision de 0,05 mm) et l'impression couleur (gamme de couleurs 95% sRGB).<\/p>\n\n\n\n<p>Il peut \u00eatre configur\u00e9 avec un coffret cadeau en bois du m\u00eame mat\u00e9riau (ouverture et fermeture magn\u00e9tiques). Actuellement, des services de vente en gros sont propos\u00e9s aux entreprises et aux distributeurs pour une commande minimale de 500 pi\u00e8ces, ce qui permet de personnaliser tous les param\u00e8tres des mat\u00e9riaux, des interfaces, des couleurs lumineuses, etc.<\/p>\n\n\n\n<p>Nous vous invitons \u00e0 nous consulter pour obtenir des solutions personnalis\u00e9es en direct de l'usine.<\/p>\n\n\n\n<p><\/p>","protected":false},"excerpt":{"rendered":"<ul>\n<li>Forme ronde<\/li>\n<li>Mat\u00e9riau bois<\/li>\n<li>R\u00e9sistant aux rayures et \u00e0 l'usure<\/li>\n<li>Vitesse plus rapide et haute qualit\u00e9<\/li>\n<li>Fiabilit\u00e9 et s\u00e9curit\u00e9<\/li>\n<li>Id\u00e9al pour tous les usages<\/li>\n<\/ul>","protected":false},"featured_media":2543,"comment_status":"open","ping_status":"closed","template":"","meta":{"_seopress_robots_primary_cat":"","_seopress_titles_title":"Round Wood USB Flash Drive","_seopress_titles_desc":"","_seopress_robots_index":"","site-sidebar-layout":"default","site-content-layout":"","ast-site-content-layout":"","site-content-style":"default","site-sidebar-style":"default","ast-global-header-display":"","ast-banner-title-visibility":"","ast-main-header-display":"","ast-hfb-above-header-display":"","ast-hfb-below-header-display":"","ast-hfb-mobile-header-display":"","site-post-title":"","ast-breadcrumbs-content":"","ast-featured-img":"","footer-sml-layout":"","theme-transparent-header-meta":"","adv-header-id-meta":"","stick-header-meta":"","header-above-stick-meta":"","header-main-stick-meta":"","header-below-stick-meta":"","astra-migrate-meta-layouts":"default","ast-page-background-enabled":"default","ast-page-background-meta":{"desktop":{"background-color":"var(--ast-global-color-5)","background-image":"","background-repeat":"repeat","background-position":"center center","background-size":"auto","background-attachment":"scroll","background-type":"","background-media":"","overlay-type":"","overlay-color":"","overlay-opacity":"","overlay-gradient":""},"tablet":{"background-color":"","background-image":"","background-repeat":"repeat","background-position":"center center","background-size":"auto","background-attachment":"scroll","background-type":"","background-media":"","overlay-type":"","overlay-color":"","overlay-opacity":"","overlay-gradient":""},"mobile":{"background-color":"","background-image":"","background-repeat":"repeat","background-position":"center center","background-size":"auto","background-attachment":"scroll","background-type":"","background-media":"","overlay-type":"","overlay-color":"","overlay-opacity":"","overlay-gradient":""}},"ast-content-background-meta":{"desktop":{"background-color":"var(--ast-global-color-4)","background-image":"","background-repeat":"repeat","background-position":"center center","background-size":"auto","background-attachment":"scroll","background-type":"","background-media":"","overlay-type":"","overlay-color":"","overlay-opacity":"","overlay-gradient":""},"tablet":{"background-color":"var(--ast-global-color-4)","background-image":"","background-repeat":"repeat","background-position":"center center","background-size":"auto","background-attachment":"scroll","background-type":"","background-media":"","overlay-type":"","overlay-color":"","overlay-opacity":"","overlay-gradient":""},"mobile":{"background-color":"var(--ast-global-color-4)","background-image":"","background-repeat":"repeat","background-position":"center center","background-size":"auto","background-attachment":"scroll","background-type":"","background-media":"","overlay-type":"","overlay-color":"","overlay-opacity":"","overlay-gradient":""}}},"product_brand":[],"product_cat":[168],"product_tag":[],"class_list":{"0":"post-2536","1":"product","2":"type-product","3":"status-publish","4":"has-post-thumbnail","6":"product_cat-wood-usb-flash-drive","7":"desktop-align-left","8":"tablet-align-left","9":"mobile-align-left","11":"first","12":"instock","13":"shipping-taxable","14":"product-type-simple"},"_links":{"self":[{"href":"https:\/\/www.usborkeychain.com\/fr\/wp-json\/wp\/v2\/product\/2536","targetHints":{"allow":["GET"]}}],"collection":[{"href":"https:\/\/www.usborkeychain.com\/fr\/wp-json\/wp\/v2\/product"}],"about":[{"href":"https:\/\/www.usborkeychain.com\/fr\/wp-json\/wp\/v2\/types\/product"}],"replies":[{"embeddable":true,"href":"https:\/\/www.usborkeychain.com\/fr\/wp-json\/wp\/v2\/comments?post=2536"}],"wp:featuredmedia":[{"embeddable":true,"href":"https:\/\/www.usborkeychain.com\/fr\/wp-json\/wp\/v2\/media\/2543"}],"wp:attachment":[{"href":"https:\/\/www.usborkeychain.com\/fr\/wp-json\/wp\/v2\/media?parent=2536"}],"wp:term":[{"taxonomy":"product_brand","embeddable":true,"href":"https:\/\/www.usborkeychain.com\/fr\/wp-json\/wp\/v2\/product_brand?post=2536"},{"taxonomy":"product_cat","embeddable":true,"href":"https:\/\/www.usborkeychain.com\/fr\/wp-json\/wp\/v2\/product_cat?post=2536"},{"taxonomy":"product_tag","embeddable":true,"href":"https:\/\/www.usborkeychain.com\/fr\/wp-json\/wp\/v2\/product_tag?post=2536"}],"curies":[{"name":"wp","href":"https:\/\/api.w.org\/{rel}","templated":true}]}}