{"id":2544,"date":"2025-06-20T11:40:44","date_gmt":"2025-06-20T11:40:44","guid":{"rendered":"https:\/\/www.usborkeychain.com\/?post_type=product&#038;p=2544"},"modified":"2025-07-10T00:23:50","modified_gmt":"2025-07-10T00:23:50","slug":"rectangular-wood-usb-flash-drive","status":"publish","type":"product","link":"https:\/\/www.usborkeychain.com\/fr\/produit\/rectangular-wood-usb-flash-drive\/","title":{"rendered":"Cl\u00e9 USB en bois rectangulaire"},"content":{"rendered":"<div class=\"wp-block-columns is-layout-flex wp-container-core-columns-is-layout-28f84493 wp-block-columns-is-layout-flex\">\n<div class=\"wp-block-column is-layout-flow wp-block-column-is-layout-flow\">\n<figure class=\"wp-block-image aligncenter size-full is-resized\"><img fetchpriority=\"high\" decoding=\"async\" width=\"800\" height=\"800\" src=\"https:\/\/www.usborkeychain.com\/wp-content\/uploads\/Rectangular-Wood-USB-Flash-Drive.jpg\" alt=\"Rectangular Wood USB Flash Drive\" class=\"wp-image-2550\" style=\"width:450px\" srcset=\"https:\/\/www.usborkeychain.com\/wp-content\/uploads\/Rectangular-Wood-USB-Flash-Drive.jpg 800w, https:\/\/www.usborkeychain.com\/wp-content\/uploads\/Rectangular-Wood-USB-Flash-Drive-300x300.jpg 300w, https:\/\/www.usborkeychain.com\/wp-content\/uploads\/Rectangular-Wood-USB-Flash-Drive-150x150.jpg 150w, https:\/\/www.usborkeychain.com\/wp-content\/uploads\/Rectangular-Wood-USB-Flash-Drive-768x768.jpg 768w, https:\/\/www.usborkeychain.com\/wp-content\/uploads\/Rectangular-Wood-USB-Flash-Drive-12x12.jpg 12w, https:\/\/www.usborkeychain.com\/wp-content\/uploads\/Rectangular-Wood-USB-Flash-Drive-600x600.jpg 600w, https:\/\/www.usborkeychain.com\/wp-content\/uploads\/Rectangular-Wood-USB-Flash-Drive-100x100.jpg 100w\" sizes=\"(max-width: 800px) 100vw, 800px\" \/><\/figure>\n<\/div>\n\n\n\n<div class=\"wp-block-column is-vertically-aligned-center is-layout-flow wp-block-column-is-layout-flow\">\n<p>La cl\u00e9 USB rectangulaire en bois est le mod\u00e8le le plus populaire de notre s\u00e9rie USB en bois. Il s'agit d'une collection de 3 mod\u00e8les tendance, fabriqu\u00e9s en bois naturel et bas\u00e9s sur un design rectangulaire classique, offrant trois styles distincts.<\/p>\n\n\n\n<p>Tous les produits sont soumis \u00e0 neuf processus de polissage raffin\u00e9s, ce qui permet d'obtenir une surface lisse et chaleureuse avec des veines de bois visibles. Avec diverses sp\u00e9cifications de taille pour r\u00e9pondre \u00e0 diff\u00e9rents sc\u00e9narios d'utilisation, c'est un choix id\u00e9al pour le stockage de donn\u00e9es et la personnalisation de cadeaux.<\/p>\n<\/div>\n<\/div>\n\n\n\n<h2 class=\"wp-block-heading\"><strong>Rectangulaire classique <\/strong><strong>Bois USB<\/strong><strong>&nbsp;Conduire <\/strong><strong><\/strong><\/h2>\n\n\n\n<div class=\"wp-block-columns is-layout-flex wp-container-core-columns-is-layout-28f84493 wp-block-columns-is-layout-flex\">\n<div class=\"wp-block-column is-vertically-aligned-center is-layout-flow wp-block-column-is-layout-flow\">\n<p>Pourquoi est-ce le mod\u00e8le de cl\u00e9 USB en bois le plus populaire ? La cl\u00e9 USB en bois rectangulaire classique est devenue l'une des cl\u00e9s USB pr\u00e9f\u00e9r\u00e9es du march\u00e9 gr\u00e2ce \u00e0 son design simple et \u00e9l\u00e9gant. La forme rectangulaire est associ\u00e9e \u00e0 un couvercle magn\u00e9tique, d'une \u00e9paisseur de 8 mm seulement, pour une portabilit\u00e9 ais\u00e9e.<\/p>\n\n\n\n<p>Mesurant 55 mm de long et 30 mm de large, il offre une prise en main confortable. Le capuchon magn\u00e9tique est dot\u00e9 d'un aimant en n\u00e9odyme fer-bore d'une force d'aspiration de 1,8 N, ce qui garantit qu'il ne se d\u00e9tache pas facilement pendant l'utilisation.<\/p>\n\n\n\n<p>En raison de son design polyvalent et de sa texture exceptionnelle, il est devenu le premier choix pour les cadeaux, les souvenirs de mariage et le stockage des donn\u00e9es des photographes, repr\u00e9sentant une proportion \u00e9lev\u00e9e de la personnalisation de Wood USB.<\/p>\n<\/div>\n\n\n\n<div class=\"wp-block-column is-layout-flow wp-block-column-is-layout-flow\">\n<figure class=\"wp-block-image aligncenter size-full is-resized\"><img decoding=\"async\" width=\"800\" height=\"800\" src=\"https:\/\/www.usborkeychain.com\/wp-content\/uploads\/Classic-Rectangular-Wood-USB-Drive.jpg\" alt=\"Classic Rectangular Wood USB Drive\" class=\"wp-image-2547\" style=\"width:450px\" srcset=\"https:\/\/www.usborkeychain.com\/wp-content\/uploads\/Classic-Rectangular-Wood-USB-Drive.jpg 800w, https:\/\/www.usborkeychain.com\/wp-content\/uploads\/Classic-Rectangular-Wood-USB-Drive-300x300.jpg 300w, https:\/\/www.usborkeychain.com\/wp-content\/uploads\/Classic-Rectangular-Wood-USB-Drive-150x150.jpg 150w, https:\/\/www.usborkeychain.com\/wp-content\/uploads\/Classic-Rectangular-Wood-USB-Drive-768x768.jpg 768w, https:\/\/www.usborkeychain.com\/wp-content\/uploads\/Classic-Rectangular-Wood-USB-Drive-12x12.jpg 12w, https:\/\/www.usborkeychain.com\/wp-content\/uploads\/Classic-Rectangular-Wood-USB-Drive-600x600.jpg 600w, https:\/\/www.usborkeychain.com\/wp-content\/uploads\/Classic-Rectangular-Wood-USB-Drive-100x100.jpg 100w\" sizes=\"(max-width: 800px) 100vw, 800px\" \/><\/figure>\n<\/div>\n<\/div>\n\n\n\n<h2 class=\"wp-block-heading\"><strong>Mini Long-Strip <\/strong><strong>Bois USB<\/strong><strong>&nbsp;Conduire <\/strong><strong><\/strong><\/h2>\n\n\n\n<div class=\"wp-block-columns is-layout-flex wp-container-core-columns-is-layout-28f84493 wp-block-columns-is-layout-flex\">\n<div class=\"wp-block-column is-layout-flow wp-block-column-is-layout-flow\">\n<figure class=\"wp-block-image aligncenter size-full is-resized\"><img decoding=\"async\" width=\"800\" height=\"800\" src=\"https:\/\/www.usborkeychain.com\/wp-content\/uploads\/Mini-Long-Strip-Wood-USB-Drive.jpg\" alt=\"Mini Long-Strip Wood USB Drive\" class=\"wp-image-2548\" style=\"width:450px\" srcset=\"https:\/\/www.usborkeychain.com\/wp-content\/uploads\/Mini-Long-Strip-Wood-USB-Drive.jpg 800w, https:\/\/www.usborkeychain.com\/wp-content\/uploads\/Mini-Long-Strip-Wood-USB-Drive-300x300.jpg 300w, https:\/\/www.usborkeychain.com\/wp-content\/uploads\/Mini-Long-Strip-Wood-USB-Drive-150x150.jpg 150w, https:\/\/www.usborkeychain.com\/wp-content\/uploads\/Mini-Long-Strip-Wood-USB-Drive-768x768.jpg 768w, https:\/\/www.usborkeychain.com\/wp-content\/uploads\/Mini-Long-Strip-Wood-USB-Drive-12x12.jpg 12w, https:\/\/www.usborkeychain.com\/wp-content\/uploads\/Mini-Long-Strip-Wood-USB-Drive-600x600.jpg 600w, https:\/\/www.usborkeychain.com\/wp-content\/uploads\/Mini-Long-Strip-Wood-USB-Drive-100x100.jpg 100w\" sizes=\"(max-width: 800px) 100vw, 800px\" \/><\/figure>\n<\/div>\n\n\n\n<div class=\"wp-block-column is-vertically-aligned-center is-layout-flow wp-block-column-is-layout-flow\">\n<p>La cl\u00e9 USB Mini Long-Strip Wood adopte un design classique \u00e0 bandes longues. Elle est disponible dans des mat\u00e9riaux tels que l'\u00e9rable (densit\u00e9 0,6g\/cm\u00b3), le noyer (0,85g\/cm\u00b3), le bambou (0,7g\/cm\u00b3) et le bois brut.<\/p>\n\n\n\n<p>Il offre deux options d'interface : USB2.0 (taux de transfert 480Mbps) et USB3.0 (taux de transfert 5Gbps) pour r\u00e9pondre aux diff\u00e9rents besoins de transmission de donn\u00e9es.<\/p>\n\n\n\n<p>&nbsp;Son profil mince - 70 mm de long, 12 mm de large et 8 mm d'\u00e9paisseur - se glisse facilement dans les portefeuilles, les poches, etc., ce qui le rend adapt\u00e9 aux utilisateurs qui privil\u00e9gient la portabilit\u00e9, que ce soit pour une utilisation quotidienne au bureau ou en d\u00e9placement.<\/p>\n<\/div>\n<\/div>\n\n\n\n<h2 class=\"wp-block-heading\"><strong>Rectangulaire <\/strong><strong>Bois<\/strong><strong>&nbsp;Cl\u00e9 USB mobile <\/strong><strong><\/strong><\/h2>\n\n\n\n<div class=\"wp-block-columns is-layout-flex wp-container-core-columns-is-layout-28f84493 wp-block-columns-is-layout-flex\">\n<div class=\"wp-block-column is-vertically-aligned-center is-layout-flow wp-block-column-is-layout-flow\">\n<p>En tant que dernier mod\u00e8le, la cl\u00e9 USB mobile en bois rectangulaire r\u00e9alise une double fonctionnalit\u00e9 pour le stockage USB et le stockage sur t\u00e9l\u00e9phone portable. Elle pr\u00e9sente une conception \u00e0 double interface : une extr\u00e9mit\u00e9 est un port USB, et l'autre est un port Type-C ou Lightning (en option selon les besoins), compatible \u00e0 la fois avec les ordinateurs et les appareils mobiles. Elle offre diff\u00e9rentes capacit\u00e9s de 1 Go \u00e0 1 To pour r\u00e9pondre aux diff\u00e9rents besoins de stockage des utilisateurs.<\/p>\n\n\n\n<p>La taille de 60 mm de long, 25 mm de large et 10 mm d'\u00e9paisseur permet d'\u00e9quilibrer la stabilit\u00e9 de la connexion du t\u00e9l\u00e9phone portable et la texture du mat\u00e9riau bois. Il s'agit d'un produit innovant alliant technologie et nature, qui offre aux utilisateurs une exp\u00e9rience pratique de transmission de donn\u00e9es entre appareils.<\/p>\n<\/div>\n\n\n\n<div class=\"wp-block-column is-layout-flow wp-block-column-is-layout-flow\">\n<figure class=\"wp-block-image aligncenter size-full is-resized\"><img loading=\"lazy\" decoding=\"async\" width=\"800\" height=\"800\" src=\"https:\/\/www.usborkeychain.com\/wp-content\/uploads\/Rectangular-Wood-Mobile-USB-Drive.jpg\" alt=\"Rectangular Wood Mobile USB Drive\" class=\"wp-image-2549\" style=\"width:450px\" srcset=\"https:\/\/www.usborkeychain.com\/wp-content\/uploads\/Rectangular-Wood-Mobile-USB-Drive.jpg 800w, https:\/\/www.usborkeychain.com\/wp-content\/uploads\/Rectangular-Wood-Mobile-USB-Drive-300x300.jpg 300w, https:\/\/www.usborkeychain.com\/wp-content\/uploads\/Rectangular-Wood-Mobile-USB-Drive-150x150.jpg 150w, https:\/\/www.usborkeychain.com\/wp-content\/uploads\/Rectangular-Wood-Mobile-USB-Drive-768x768.jpg 768w, https:\/\/www.usborkeychain.com\/wp-content\/uploads\/Rectangular-Wood-Mobile-USB-Drive-12x12.jpg 12w, https:\/\/www.usborkeychain.com\/wp-content\/uploads\/Rectangular-Wood-Mobile-USB-Drive-600x600.jpg 600w, https:\/\/www.usborkeychain.com\/wp-content\/uploads\/Rectangular-Wood-Mobile-USB-Drive-100x100.jpg 100w\" sizes=\"(max-width: 800px) 100vw, 800px\" \/><\/figure>\n<\/div>\n<\/div>\n\n\n\n<h2 class=\"wp-block-heading\"><strong>Conclusion<\/strong><\/h2>\n\n\n\n<p>Cette s\u00e9rie de cl\u00e9s USB en bois rectangulaires est produite par des fabricants professionnels utilisant des processus de production avanc\u00e9s dans des usines modernes. Elle est compatible avec deux proc\u00e9d\u00e9s de personnalisation courants : la gravure au laser et l'impression couleur, qui permettent de pr\u00e9senter avec pr\u00e9cision des logos, des textes ou des motifs sur la surface de la cl\u00e9 USB.<\/p>\n\n\n\n<p>Des coffrets en bois sont \u00e9galement disponibles pour rehausser l'\u00e9l\u00e9gance du cadeau. Que ce soit pour la personnalisation d'un cadeau d'entreprise, l'achat d'un souvenir de mariage ou la vente en gros \u00e0 un distributeur, nous pouvons r\u00e9pondre \u00e0 vos besoins.<\/p>\n\n\n\n<p>Nous vous invitons \u00e0 nous consulter pour la personnalisation directe en usine et les services de gros, afin de vous fournir des produits de haute qualit\u00e9 et des solutions compl\u00e8tes.<\/p>","protected":false},"excerpt":{"rendered":"<ul>\n<li>Design rectangulaire<\/li>\n<li>Mat\u00e9riau bois<\/li>\n<li>R\u00e9sistant aux rayures et \u00e0 l'usure<\/li>\n<li>Vitesse plus rapide et haute qualit\u00e9<\/li>\n<li>Fiabilit\u00e9 et s\u00e9curit\u00e9<\/li>\n<li>Id\u00e9al pour tous les usages<\/li>\n<\/ul>","protected":false},"featured_media":2550,"comment_status":"open","ping_status":"closed","template":"","meta":{"_seopress_robots_primary_cat":"","_seopress_titles_title":"Rectangular Wood USB Flash Drive","_seopress_titles_desc":"","_seopress_robots_index":"","site-sidebar-layout":"default","site-content-layout":"","ast-site-content-layout":"","site-content-style":"default","site-sidebar-style":"default","ast-global-header-display":"","ast-banner-title-visibility":"","ast-main-header-display":"","ast-hfb-above-header-display":"","ast-hfb-below-header-display":"","ast-hfb-mobile-header-display":"","site-post-title":"","ast-breadcrumbs-content":"","ast-featured-img":"","footer-sml-layout":"","theme-transparent-header-meta":"","adv-header-id-meta":"","stick-header-meta":"","header-above-stick-meta":"","header-main-stick-meta":"","header-below-stick-meta":"","astra-migrate-meta-layouts":"default","ast-page-background-enabled":"default","ast-page-background-meta":{"desktop":{"background-color":"var(--ast-global-color-5)","background-image":"","background-repeat":"repeat","background-position":"center center","background-size":"auto","background-attachment":"scroll","background-type":"","background-media":"","overlay-type":"","overlay-color":"","overlay-opacity":"","overlay-gradient":""},"tablet":{"background-color":"","background-image":"","background-repeat":"repeat","background-position":"center center","background-size":"auto","background-attachment":"scroll","background-type":"","background-media":"","overlay-type":"","overlay-color":"","overlay-opacity":"","overlay-gradient":""},"mobile":{"background-color":"","background-image":"","background-repeat":"repeat","background-position":"center center","background-size":"auto","background-attachment":"scroll","background-type":"","background-media":"","overlay-type":"","overlay-color":"","overlay-opacity":"","overlay-gradient":""}},"ast-content-background-meta":{"desktop":{"background-color":"var(--ast-global-color-4)","background-image":"","background-repeat":"repeat","background-position":"center center","background-size":"auto","background-attachment":"scroll","background-type":"","background-media":"","overlay-type":"","overlay-color":"","overlay-opacity":"","overlay-gradient":""},"tablet":{"background-color":"var(--ast-global-color-4)","background-image":"","background-repeat":"repeat","background-position":"center center","background-size":"auto","background-attachment":"scroll","background-type":"","background-media":"","overlay-type":"","overlay-color":"","overlay-opacity":"","overlay-gradient":""},"mobile":{"background-color":"var(--ast-global-color-4)","background-image":"","background-repeat":"repeat","background-position":"center center","background-size":"auto","background-attachment":"scroll","background-type":"","background-media":"","overlay-type":"","overlay-color":"","overlay-opacity":"","overlay-gradient":""}}},"product_brand":[],"product_cat":[168],"product_tag":[],"class_list":{"0":"post-2544","1":"product","2":"type-product","3":"status-publish","4":"has-post-thumbnail","6":"product_cat-wood-usb-flash-drive","7":"desktop-align-left","8":"tablet-align-left","9":"mobile-align-left","11":"first","12":"instock","13":"shipping-taxable","14":"product-type-simple"},"_links":{"self":[{"href":"https:\/\/www.usborkeychain.com\/fr\/wp-json\/wp\/v2\/product\/2544","targetHints":{"allow":["GET"]}}],"collection":[{"href":"https:\/\/www.usborkeychain.com\/fr\/wp-json\/wp\/v2\/product"}],"about":[{"href":"https:\/\/www.usborkeychain.com\/fr\/wp-json\/wp\/v2\/types\/product"}],"replies":[{"embeddable":true,"href":"https:\/\/www.usborkeychain.com\/fr\/wp-json\/wp\/v2\/comments?post=2544"}],"wp:featuredmedia":[{"embeddable":true,"href":"https:\/\/www.usborkeychain.com\/fr\/wp-json\/wp\/v2\/media\/2550"}],"wp:attachment":[{"href":"https:\/\/www.usborkeychain.com\/fr\/wp-json\/wp\/v2\/media?parent=2544"}],"wp:term":[{"taxonomy":"product_brand","embeddable":true,"href":"https:\/\/www.usborkeychain.com\/fr\/wp-json\/wp\/v2\/product_brand?post=2544"},{"taxonomy":"product_cat","embeddable":true,"href":"https:\/\/www.usborkeychain.com\/fr\/wp-json\/wp\/v2\/product_cat?post=2544"},{"taxonomy":"product_tag","embeddable":true,"href":"https:\/\/www.usborkeychain.com\/fr\/wp-json\/wp\/v2\/product_tag?post=2544"}],"curies":[{"name":"wp","href":"https:\/\/api.w.org\/{rel}","templated":true}]}}