{"id":2551,"date":"2025-06-20T12:18:17","date_gmt":"2025-06-20T12:18:17","guid":{"rendered":"https:\/\/www.usborkeychain.com\/?post_type=product&#038;p=2551"},"modified":"2025-07-10T00:21:46","modified_gmt":"2025-07-10T00:21:46","slug":"oval-wood-mobile-usb-drives","status":"publish","type":"product","link":"https:\/\/www.usborkeychain.com\/fr\/produit\/oval-wood-mobile-usb-drives\/","title":{"rendered":"Cl\u00e9 USB C en bois ovale"},"content":{"rendered":"<div class=\"wp-block-columns is-layout-flex wp-container-core-columns-is-layout-28f84493 wp-block-columns-is-layout-flex\">\n<div class=\"wp-block-column is-layout-flow wp-block-column-is-layout-flow\">\n<figure class=\"wp-block-image aligncenter size-full is-resized\"><img fetchpriority=\"high\" decoding=\"async\" width=\"1000\" height=\"1000\" src=\"https:\/\/www.usborkeychain.com\/wp-content\/uploads\/Oval-Wood-Mobile-USB-Drives.jpg\" alt=\"Oval Wood Mobile USB Drives\" class=\"wp-image-2559\" style=\"width:450px\" srcset=\"https:\/\/www.usborkeychain.com\/wp-content\/uploads\/Oval-Wood-Mobile-USB-Drives.jpg 1000w, https:\/\/www.usborkeychain.com\/wp-content\/uploads\/Oval-Wood-Mobile-USB-Drives-300x300.jpg 300w, https:\/\/www.usborkeychain.com\/wp-content\/uploads\/Oval-Wood-Mobile-USB-Drives-150x150.jpg 150w, https:\/\/www.usborkeychain.com\/wp-content\/uploads\/Oval-Wood-Mobile-USB-Drives-768x768.jpg 768w, https:\/\/www.usborkeychain.com\/wp-content\/uploads\/Oval-Wood-Mobile-USB-Drives-12x12.jpg 12w, https:\/\/www.usborkeychain.com\/wp-content\/uploads\/Oval-Wood-Mobile-USB-Drives-600x600.jpg 600w, https:\/\/www.usborkeychain.com\/wp-content\/uploads\/Oval-Wood-Mobile-USB-Drives-100x100.jpg 100w\" sizes=\"(max-width: 1000px) 100vw, 1000px\" \/><\/figure>\n<\/div>\n\n\n\n<div class=\"wp-block-column is-vertically-aligned-center is-layout-flow wp-block-column-is-layout-flow\">\n<p>La cl\u00e9 USB mobile en bois ovale est une s\u00e9rie qui int\u00e8gre un design classique et une technologie innovante.<\/p>\n\n\n\n<p>Utilisant le bois naturel comme mat\u00e9riau de base, il ajoute la fonctionnalit\u00e9 OTG (On-The-Go) \u00e0 la forme ovale traditionnelle de la cl\u00e9 USB, permettant la transmission directe de donn\u00e9es entre les t\u00e9l\u00e9phones portables et la cl\u00e9 USB.<\/p>\n\n\n\n<p>La s\u00e9rie subit 8 processus de polissage manuel, avec une rugosit\u00e9 de surface de Ra0,8\u03bcm, mettant en valeur la texture originale du bois. Avec un diam\u00e8tre de 40 \u00e0 50 mm et une \u00e9paisseur de 8 \u00e0 10 mm, elle offre une solution de stockage mobile portable et fonctionnelle.<\/p>\n<\/div>\n<\/div>\n\n\n\n<h2 class=\"wp-block-heading\"><strong>Quelles sont les caract\u00e9ristiques de l'ovale ? <\/strong><strong>Bois<\/strong><strong>&nbsp;Cl\u00e9 USB mobile ? <\/strong><strong><\/strong><\/h2>\n\n\n\n<p>Il s'agit de l'un des derniers mod\u00e8les de la marque. Il adopte un design ovale minimaliste avec une structure recouverte d'un aimant. L'ovale r\u00e9gulier a un diam\u00e8tre de 45 mm et une \u00e9paisseur de 8 mm.<\/p>\n\n\n\n<p>Le capuchon magn\u00e9tique utilise un aimant en n\u00e9odyme fer-bore N35 avec une force d'aspiration de 2,2 N, passant un test de dur\u00e9e de vie d'ouverture\/fermeture de plus de 10 000 cycles.<\/p>\n\n\n\n<p>Les bords sont polis selon un arc de 15\u00b0, ce qui permet une prise en main chaleureuse adapt\u00e9e \u00e0 une utilisation d'une seule main. Il s'agit donc d'une \u0153uvre innovante dans la cat\u00e9gorie Wood USB, qui allie technologie et texture naturelle.<\/p>\n\n\n\n<h2 class=\"wp-block-heading\"><strong>Quels mat\u00e9riaux et interfaces ? <\/strong><strong>est<\/strong><strong>&nbsp;l'ovale <\/strong><strong>Bois<\/strong><strong>&nbsp;Cl\u00e9 USB mobile ? <\/strong><strong><\/strong><\/h2>\n\n\n\n<p>Plusieurs mat\u00e9riaux sont disponibles, notamment le bois brut, l'acajou, l'\u00e9rable et le bambou :<\/p>\n\n\n\n<p>L'\u00e9rable pr\u00e9sente une couleur ivoire claire avec des textures d\u00e9licates et douces comme l'eau, l\u00e9g\u00e8res et flexibles.<\/p>\n\n\n\n<p>Le noyer pr\u00e9sente des motifs naturels d'un brun profond, un \u00e9clat stable et \u00e9l\u00e9gant, un bois dur et r\u00e9sistant \u00e0 l'usure, et un toucher chaleureux comme le jade.<\/p>\n\n\n\n<p>Le bambou, apr\u00e8s un traitement de carbonisation, se transforme en bronze, formant une couche dense de duret\u00e9 HRC25 sur la surface, avec des textures claires de joints de bambou, combinant la beaut\u00e9 rustique et les caract\u00e9ristiques de r\u00e9sistance.<\/p>\n\n\n\n<p>Le bois brut conserve la couleur naturelle du bois, avec des textures uniques et changeantes, mettant en valeur le charme naturel d'origine.<\/p>\n\n\n\n<div class=\"wp-block-columns is-layout-flex wp-container-core-columns-is-layout-28f84493 wp-block-columns-is-layout-flex\">\n<div class=\"wp-block-column is-layout-flow wp-block-column-is-layout-flow\">\n<figure class=\"wp-block-image aligncenter size-full is-resized\"><img decoding=\"async\" width=\"1000\" height=\"1000\" src=\"https:\/\/www.usborkeychain.com\/wp-content\/uploads\/Oval-Wood-Mobile-USB-Drives-supplier.jpg\" alt=\"Oval Wood Mobile USB Drives supplier\" class=\"wp-image-2558\" style=\"width:450px\" srcset=\"https:\/\/www.usborkeychain.com\/wp-content\/uploads\/Oval-Wood-Mobile-USB-Drives-supplier.jpg 1000w, https:\/\/www.usborkeychain.com\/wp-content\/uploads\/Oval-Wood-Mobile-USB-Drives-supplier-300x300.jpg 300w, https:\/\/www.usborkeychain.com\/wp-content\/uploads\/Oval-Wood-Mobile-USB-Drives-supplier-150x150.jpg 150w, https:\/\/www.usborkeychain.com\/wp-content\/uploads\/Oval-Wood-Mobile-USB-Drives-supplier-768x768.jpg 768w, https:\/\/www.usborkeychain.com\/wp-content\/uploads\/Oval-Wood-Mobile-USB-Drives-supplier-12x12.jpg 12w, https:\/\/www.usborkeychain.com\/wp-content\/uploads\/Oval-Wood-Mobile-USB-Drives-supplier-600x600.jpg 600w, https:\/\/www.usborkeychain.com\/wp-content\/uploads\/Oval-Wood-Mobile-USB-Drives-supplier-100x100.jpg 100w\" sizes=\"(max-width: 1000px) 100vw, 1000px\" \/><\/figure>\n<\/div>\n\n\n\n<div class=\"wp-block-column is-layout-flow wp-block-column-is-layout-flow\">\n<figure class=\"wp-block-image aligncenter size-full is-resized\"><img decoding=\"async\" width=\"1000\" height=\"1000\" src=\"https:\/\/www.usborkeychain.com\/wp-content\/uploads\/Oval-Wood-Mobile-USB-Drives-factory.jpg\" alt=\"Oval Wood Mobile USB Drives factory\" class=\"wp-image-2557\" style=\"width:450px\" srcset=\"https:\/\/www.usborkeychain.com\/wp-content\/uploads\/Oval-Wood-Mobile-USB-Drives-factory.jpg 1000w, https:\/\/www.usborkeychain.com\/wp-content\/uploads\/Oval-Wood-Mobile-USB-Drives-factory-300x300.jpg 300w, https:\/\/www.usborkeychain.com\/wp-content\/uploads\/Oval-Wood-Mobile-USB-Drives-factory-150x150.jpg 150w, https:\/\/www.usborkeychain.com\/wp-content\/uploads\/Oval-Wood-Mobile-USB-Drives-factory-768x768.jpg 768w, https:\/\/www.usborkeychain.com\/wp-content\/uploads\/Oval-Wood-Mobile-USB-Drives-factory-12x12.jpg 12w, https:\/\/www.usborkeychain.com\/wp-content\/uploads\/Oval-Wood-Mobile-USB-Drives-factory-600x600.jpg 600w, https:\/\/www.usborkeychain.com\/wp-content\/uploads\/Oval-Wood-Mobile-USB-Drives-factory-100x100.jpg 100w\" sizes=\"(max-width: 1000px) 100vw, 1000px\" \/><\/figure>\n<\/div>\n\n\n\n<div class=\"wp-block-column is-layout-flow wp-block-column-is-layout-flow\">\n<figure class=\"wp-block-image aligncenter size-full is-resized\"><img loading=\"lazy\" decoding=\"async\" width=\"1000\" height=\"1000\" src=\"https:\/\/www.usborkeychain.com\/wp-content\/uploads\/China-Oval-Wood-Mobile-USB-Drives.jpg\" alt=\"China Oval Wood Mobile USB Drives\" class=\"wp-image-2555\" style=\"width:450px\" srcset=\"https:\/\/www.usborkeychain.com\/wp-content\/uploads\/China-Oval-Wood-Mobile-USB-Drives.jpg 1000w, https:\/\/www.usborkeychain.com\/wp-content\/uploads\/China-Oval-Wood-Mobile-USB-Drives-300x300.jpg 300w, https:\/\/www.usborkeychain.com\/wp-content\/uploads\/China-Oval-Wood-Mobile-USB-Drives-150x150.jpg 150w, https:\/\/www.usborkeychain.com\/wp-content\/uploads\/China-Oval-Wood-Mobile-USB-Drives-768x768.jpg 768w, https:\/\/www.usborkeychain.com\/wp-content\/uploads\/China-Oval-Wood-Mobile-USB-Drives-12x12.jpg 12w, https:\/\/www.usborkeychain.com\/wp-content\/uploads\/China-Oval-Wood-Mobile-USB-Drives-600x600.jpg 600w, https:\/\/www.usborkeychain.com\/wp-content\/uploads\/China-Oval-Wood-Mobile-USB-Drives-100x100.jpg 100w\" sizes=\"(max-width: 1000px) 100vw, 1000px\" \/><\/figure>\n<\/div>\n<\/div>\n\n\n\n<p>La configuration de l'interface comprend les deux modes USB2.0 (25Mbps) et USB3.0 (450Mbps), tout en int\u00e9grant un module de fonction OTG pour prendre en charge la fonction \"plug-and-play\" sur les t\u00e9l\u00e9phones mobiles. Il couvre 12 sp\u00e9cifications de 8GB \u00e0 1TB, r\u00e9pondant aux diff\u00e9rents besoins de stockage de fichiers.<\/p>\n\n\n\n<h2 class=\"wp-block-heading\"><strong>Comment l'ovale <\/strong><strong>Bois<\/strong><strong>&nbsp;La cl\u00e9 USB mobile permet une connexion directe avec le t\u00e9l\u00e9phone portable ? <\/strong><strong><\/strong><\/h2>\n\n\n\n<div class=\"wp-block-columns is-layout-flex wp-container-core-columns-is-layout-28f84493 wp-block-columns-is-layout-flex\">\n<div class=\"wp-block-column is-layout-flow wp-block-column-is-layout-flow\">\n<figure class=\"wp-block-image aligncenter size-full is-resized\"><img loading=\"lazy\" decoding=\"async\" width=\"1000\" height=\"1000\" src=\"https:\/\/www.usborkeychain.com\/wp-content\/uploads\/Bulk-Oval-Wood-Mobile-USB-Drives.jpg\" alt=\"Bulk Oval Wood Mobile USB Drives\" class=\"wp-image-2554\" style=\"width:450px\" srcset=\"https:\/\/www.usborkeychain.com\/wp-content\/uploads\/Bulk-Oval-Wood-Mobile-USB-Drives.jpg 1000w, https:\/\/www.usborkeychain.com\/wp-content\/uploads\/Bulk-Oval-Wood-Mobile-USB-Drives-300x300.jpg 300w, https:\/\/www.usborkeychain.com\/wp-content\/uploads\/Bulk-Oval-Wood-Mobile-USB-Drives-150x150.jpg 150w, https:\/\/www.usborkeychain.com\/wp-content\/uploads\/Bulk-Oval-Wood-Mobile-USB-Drives-768x768.jpg 768w, https:\/\/www.usborkeychain.com\/wp-content\/uploads\/Bulk-Oval-Wood-Mobile-USB-Drives-12x12.jpg 12w, https:\/\/www.usborkeychain.com\/wp-content\/uploads\/Bulk-Oval-Wood-Mobile-USB-Drives-600x600.jpg 600w, https:\/\/www.usborkeychain.com\/wp-content\/uploads\/Bulk-Oval-Wood-Mobile-USB-Drives-100x100.jpg 100w\" sizes=\"(max-width: 1000px) 100vw, 1000px\" \/><\/figure>\n<\/div>\n\n\n\n<div class=\"wp-block-column is-vertically-aligned-center is-layout-flow wp-block-column-is-layout-flow\">\n<p>Pour l'utiliser, il faut d'abord s\u00e9lectionner l'interface compatible : trois sp\u00e9cifications sont disponibles, notamment Apple Lightning, Android Micro-USB et Type-C.<\/p>\n\n\n\n<p>L'interface pour t\u00e9l\u00e9phone portable est directement ins\u00e9r\u00e9e dans le port de donn\u00e9es de l'appareil sans installer d'applications tierces. Elle prend en charge la gestion native des fichiers pour les syst\u00e8mes iOS 13+ et Android 6.0+.<\/p>\n\n\n\n<p>Le protocole OTG permet la transmission bidirectionnelle de fichiers entre le t\u00e9l\u00e9phone portable et la cl\u00e9 USB. Des mesures r\u00e9elles montrent que le transfert d'un fichier vid\u00e9o de 1 Go vers un t\u00e9l\u00e9phone portable ne prend que 22 secondes (combinaison d'interfaces USB3.0+Type-C).<\/p>\n<\/div>\n<\/div>\n\n\n\n<h2 class=\"wp-block-heading\"><strong>Conclusion<\/strong><\/h2>\n\n\n\n<p>Cette s\u00e9rie est fabriqu\u00e9e avec ing\u00e9niosit\u00e9 par une usine USB de 15 ans, qui utilise un \u00e9quipement de gravure CNC automatis\u00e9 pour r\u00e9aliser une triple am\u00e9lioration des mat\u00e9riaux, des processus et des fonctions. La gravure au laser souligne les d\u00e9tails avec une pr\u00e9cision de 0,05 mm et l'impression couleur atteint une pr\u00e9cision de 98% Pantone.<\/p>\n\n\n\n<p>De la texture l\u00e9g\u00e8re de l'\u00e9rable au lustre brun profond du noyer, de la texture r\u00e9sistante du bambou carbonis\u00e9 \u00e0 la texture naturelle du bois brut, chaque mat\u00e9riau subit 8 \u00e9tapes de traitement pour offrir une exp\u00e9rience visuelle et tactile unique.<\/p>\n\n\n\n<p>Elle prend en charge un mod\u00e8le de vente en gros avec une commande minimale de 100 pi\u00e8ces, fournissant des produits diff\u00e9renci\u00e9s pour les plateformes de commerce \u00e9lectronique, injectant une esth\u00e9tique naturelle dans la personnalisation des cadeaux d'entreprise, et offrant aux distributeurs une solution compl\u00e8te couvrant la s\u00e9lection des mat\u00e9riaux, l'adaptation de l'interface (Apple\/Android\/Type-C), et la configuration de la capacit\u00e9 (8GB-1TB).<\/p>\n\n\n\n<p>Le mod\u00e8le d'approvisionnement direct de l'usine garantit des d\u00e9lais de livraison et des co\u00fbts avantageux. Nous invitons sinc\u00e8rement les partenaires de tous les canaux \u00e0 explorer ensemble le march\u00e9 des cadeaux num\u00e9riques en bois.<\/p>\n\n\n\n<p><\/p>","protected":false},"excerpt":{"rendered":"<ul>\n<li>Design ovale<\/li>\n<li>Mat\u00e9riau bois<\/li>\n<li>R\u00e9sistant aux rayures et \u00e0 l'usure<\/li>\n<li>Vitesse plus rapide et haute qualit\u00e9<\/li>\n<li>Fiabilit\u00e9 et s\u00e9curit\u00e9<\/li>\n<li>Id\u00e9al pour tous les usages<\/li>\n<\/ul>","protected":false},"featured_media":2559,"comment_status":"open","ping_status":"closed","template":"","meta":{"_seopress_robots_primary_cat":"","_seopress_titles_title":"Oval Wood\u00a0Mobile USB Drives","_seopress_titles_desc":"","_seopress_robots_index":"","site-sidebar-layout":"default","site-content-layout":"","ast-site-content-layout":"","site-content-style":"default","site-sidebar-style":"default","ast-global-header-display":"","ast-banner-title-visibility":"","ast-main-header-display":"","ast-hfb-above-header-display":"","ast-hfb-below-header-display":"","ast-hfb-mobile-header-display":"","site-post-title":"","ast-breadcrumbs-content":"","ast-featured-img":"","footer-sml-layout":"","theme-transparent-header-meta":"","adv-header-id-meta":"","stick-header-meta":"","header-above-stick-meta":"","header-main-stick-meta":"","header-below-stick-meta":"","astra-migrate-meta-layouts":"default","ast-page-background-enabled":"default","ast-page-background-meta":{"desktop":{"background-color":"var(--ast-global-color-5)","background-image":"","background-repeat":"repeat","background-position":"center center","background-size":"auto","background-attachment":"scroll","background-type":"","background-media":"","overlay-type":"","overlay-color":"","overlay-opacity":"","overlay-gradient":""},"tablet":{"background-color":"","background-image":"","background-repeat":"repeat","background-position":"center center","background-size":"auto","background-attachment":"scroll","background-type":"","background-media":"","overlay-type":"","overlay-color":"","overlay-opacity":"","overlay-gradient":""},"mobile":{"background-color":"","background-image":"","background-repeat":"repeat","background-position":"center center","background-size":"auto","background-attachment":"scroll","background-type":"","background-media":"","overlay-type":"","overlay-color":"","overlay-opacity":"","overlay-gradient":""}},"ast-content-background-meta":{"desktop":{"background-color":"var(--ast-global-color-4)","background-image":"","background-repeat":"repeat","background-position":"center center","background-size":"auto","background-attachment":"scroll","background-type":"","background-media":"","overlay-type":"","overlay-color":"","overlay-opacity":"","overlay-gradient":""},"tablet":{"background-color":"var(--ast-global-color-4)","background-image":"","background-repeat":"repeat","background-position":"center center","background-size":"auto","background-attachment":"scroll","background-type":"","background-media":"","overlay-type":"","overlay-color":"","overlay-opacity":"","overlay-gradient":""},"mobile":{"background-color":"var(--ast-global-color-4)","background-image":"","background-repeat":"repeat","background-position":"center center","background-size":"auto","background-attachment":"scroll","background-type":"","background-media":"","overlay-type":"","overlay-color":"","overlay-opacity":"","overlay-gradient":""}}},"product_brand":[],"product_cat":[168,105],"product_tag":[],"class_list":{"0":"post-2551","1":"product","2":"type-product","3":"status-publish","4":"has-post-thumbnail","6":"product_cat-wood-usb-flash-drive","7":"product_cat-usb-c-pendrive","8":"desktop-align-left","9":"tablet-align-left","10":"mobile-align-left","12":"first","13":"instock","14":"shipping-taxable","15":"product-type-simple"},"_links":{"self":[{"href":"https:\/\/www.usborkeychain.com\/fr\/wp-json\/wp\/v2\/product\/2551","targetHints":{"allow":["GET"]}}],"collection":[{"href":"https:\/\/www.usborkeychain.com\/fr\/wp-json\/wp\/v2\/product"}],"about":[{"href":"https:\/\/www.usborkeychain.com\/fr\/wp-json\/wp\/v2\/types\/product"}],"replies":[{"embeddable":true,"href":"https:\/\/www.usborkeychain.com\/fr\/wp-json\/wp\/v2\/comments?post=2551"}],"wp:featuredmedia":[{"embeddable":true,"href":"https:\/\/www.usborkeychain.com\/fr\/wp-json\/wp\/v2\/media\/2559"}],"wp:attachment":[{"href":"https:\/\/www.usborkeychain.com\/fr\/wp-json\/wp\/v2\/media?parent=2551"}],"wp:term":[{"taxonomy":"product_brand","embeddable":true,"href":"https:\/\/www.usborkeychain.com\/fr\/wp-json\/wp\/v2\/product_brand?post=2551"},{"taxonomy":"product_cat","embeddable":true,"href":"https:\/\/www.usborkeychain.com\/fr\/wp-json\/wp\/v2\/product_cat?post=2551"},{"taxonomy":"product_tag","embeddable":true,"href":"https:\/\/www.usborkeychain.com\/fr\/wp-json\/wp\/v2\/product_tag?post=2551"}],"curies":[{"name":"wp","href":"https:\/\/api.w.org\/{rel}","templated":true}]}}