{"id":2560,"date":"2025-06-21T23:38:41","date_gmt":"2025-06-21T23:38:41","guid":{"rendered":"https:\/\/www.usborkeychain.com\/?post_type=product&#038;p=2560"},"modified":"2025-08-17T13:19:53","modified_gmt":"2025-08-17T13:19:53","slug":"eco-friendly-degradable-rotating-usb-flash-drive","status":"publish","type":"product","link":"https:\/\/www.usborkeychain.com\/fr\/produit\/eco-friendly-degradable-rotating-usb-flash-drive\/","title":{"rendered":"Cl\u00e9 USB rotative biod\u00e9gradable et \u00e9cologique"},"content":{"rendered":"<div class=\"wp-block-columns is-layout-flex wp-container-core-columns-is-layout-28f84493 wp-block-columns-is-layout-flex\">\n<div class=\"wp-block-column is-layout-flow wp-block-column-is-layout-flow\">\n<figure class=\"wp-block-image size-full\"><img alt=\"\" fetchpriority=\"high\" decoding=\"async\" width=\"800\" height=\"800\" src=\"https:\/\/www.usborkeychain.com\/wp-content\/uploads\/Eco-Biodegradable-Rotating-USB-Drive.jpg\" class=\"wp-image-2567\" srcset=\"https:\/\/www.usborkeychain.com\/wp-content\/uploads\/\u200bEco-Biodegradable-Rotating-USB-Drive\u200b.jpg 800w, https:\/\/www.usborkeychain.com\/wp-content\/uploads\/\u200bEco-Biodegradable-Rotating-USB-Drive\u200b-300x300.jpg 300w, https:\/\/www.usborkeychain.com\/wp-content\/uploads\/\u200bEco-Biodegradable-Rotating-USB-Drive\u200b-150x150.jpg 150w, https:\/\/www.usborkeychain.com\/wp-content\/uploads\/\u200bEco-Biodegradable-Rotating-USB-Drive\u200b-768x768.jpg 768w, https:\/\/www.usborkeychain.com\/wp-content\/uploads\/\u200bEco-Biodegradable-Rotating-USB-Drive\u200b-12x12.jpg 12w, https:\/\/www.usborkeychain.com\/wp-content\/uploads\/\u200bEco-Biodegradable-Rotating-USB-Drive\u200b-600x600.jpg 600w, https:\/\/www.usborkeychain.com\/wp-content\/uploads\/\u200bEco-Biodegradable-Rotating-USB-Drive\u200b-100x100.jpg 100w\" sizes=\"(max-width: 800px) 100vw, 800px\" \/><\/figure>\n<\/div>\n\n\n\n<div class=\"wp-block-column is-vertically-aligned-center is-layout-flow wp-block-column-is-layout-flow\">\n<p>La cl\u00e9 USB rotative d\u00e9gradable s'est impos\u00e9e comme un nouveau style populaire ces derni\u00e8res ann\u00e9es. Elle se caract\u00e9rise par un design rotatif \u00e0 clip classique et un mat\u00e9riau en paille de bl\u00e9 respectueux de l'environnement.<\/p>\n\n\n\n<p> Son clip m\u00e9tallique rotatif \u00e0 360\u00b0 garantit sa portabilit\u00e9, tandis que le bo\u00eetier est fabriqu\u00e9 en mat\u00e9riau composite de paille de bl\u00e9 d\u00e9gradable 100%, produit en masse par des fabricants professionnels. Il est devenu un produit \u00e9cologique tr\u00e8s vendu sur le march\u00e9 num\u00e9rique, id\u00e9al pour la vente en gros.<\/p>\n<\/div>\n<\/div>\n\n\n\n<h3 class=\"wp-block-heading\">Quel est le mat\u00e9riau de la cl\u00e9 USB rotative d\u00e9gradable ?<\/h3>\n\n\n\n<p>Le mat\u00e9riau est compos\u00e9 de fibres naturelles de paille de bl\u00e9 et de r\u00e9sine de qualit\u00e9 alimentaire, produites par des fabricants \u00e0 l'aide de proc\u00e9d\u00e9s de pressage physique. D'une densit\u00e9 de 1,2 \u00e0 1,4 g\/cm\u00b3, il peut r\u00e9sister \u00e0 une chute libre de 1,5 m\u00e8tre lors de tests de chute. Il se d\u00e9grade en dioxyde de carbone et en eau en 1 \u00e0 2 ans dans des environnements naturels, soit trois fois plus vite que le plastique ABS traditionnel, ce qui le rend tout \u00e0 fait adapt\u00e9 \u00e0 la vente en gros de cadeaux respectueux de l'environnement.<\/p>\n\n\n\n<h3 class=\"wp-block-heading\">Quelles sont les couleurs disponibles pour la cl\u00e9 USB rotative d\u00e9gradable ?<\/h3>\n\n\n\n<p>Il est actuellement disponible en cinq couleurs : Rose (Pantone 18-3940TPX), Bleu (Pantone 2945TPX), Noir (Pantone 429TPX), Blanc (Pantone 11-0601TPX), et Paille de bl\u00e9 naturelle. La saturation des couleurs est contr\u00f4l\u00e9e entre 30%-40%, pr\u00e9sentant une palette de couleurs Morandi \u00e0 faible luminosit\u00e9. La couleur paille de bl\u00e9 naturelle, qui conserve les textures des fibres v\u00e9g\u00e9tales, repr\u00e9sente 62% des commandes en gros. Les fabricants acceptent les commandes de couleurs personnalis\u00e9es \u00e0 partir de 100 pi\u00e8ces.<\/p>\n\n\n\n<div class=\"wp-block-columns is-layout-flex wp-container-core-columns-is-layout-28f84493 wp-block-columns-is-layout-flex\">\n<div class=\"wp-block-column is-layout-flow wp-block-column-is-layout-flow\">\n<figure class=\"wp-block-image size-full\"><img alt=\"\" decoding=\"async\" width=\"800\" height=\"800\" src=\"https:\/\/www.usborkeychain.com\/wp-content\/uploads\/\u200bCertified-Biodegradable-Rotatable-USB\u200b.jpg\" class=\"wp-image-2565\" srcset=\"https:\/\/www.usborkeychain.com\/wp-content\/uploads\/\u200bCertified-Biodegradable-Rotatable-USB\u200b.jpg 800w, https:\/\/www.usborkeychain.com\/wp-content\/uploads\/\u200bCertified-Biodegradable-Rotatable-USB\u200b-300x300.jpg 300w, https:\/\/www.usborkeychain.com\/wp-content\/uploads\/\u200bCertified-Biodegradable-Rotatable-USB\u200b-150x150.jpg 150w, https:\/\/www.usborkeychain.com\/wp-content\/uploads\/\u200bCertified-Biodegradable-Rotatable-USB\u200b-768x768.jpg 768w, https:\/\/www.usborkeychain.com\/wp-content\/uploads\/\u200bCertified-Biodegradable-Rotatable-USB\u200b-12x12.jpg 12w, https:\/\/www.usborkeychain.com\/wp-content\/uploads\/\u200bCertified-Biodegradable-Rotatable-USB\u200b-600x600.jpg 600w, https:\/\/www.usborkeychain.com\/wp-content\/uploads\/\u200bCertified-Biodegradable-Rotatable-USB\u200b-100x100.jpg 100w\" sizes=\"(max-width: 800px) 100vw, 800px\" \/><\/figure>\n<\/div>\n\n\n\n<div class=\"wp-block-column is-layout-flow wp-block-column-is-layout-flow\">\n<figure class=\"wp-block-image size-full\"><img alt=\"\" decoding=\"async\" width=\"800\" height=\"800\" src=\"https:\/\/www.usborkeychain.com\/wp-content\/uploads\/\u200bRotating-Eco-Flash-Drive-Biodegradable-Design\u200b-.jpg\" class=\"wp-image-2571\" srcset=\"https:\/\/www.usborkeychain.com\/wp-content\/uploads\/\u200bRotating-Eco-Flash-Drive-Biodegradable-Design\u200b-.jpg 800w, https:\/\/www.usborkeychain.com\/wp-content\/uploads\/\u200bRotating-Eco-Flash-Drive-Biodegradable-Design\u200b--300x300.jpg 300w, https:\/\/www.usborkeychain.com\/wp-content\/uploads\/\u200bRotating-Eco-Flash-Drive-Biodegradable-Design\u200b--150x150.jpg 150w, https:\/\/www.usborkeychain.com\/wp-content\/uploads\/\u200bRotating-Eco-Flash-Drive-Biodegradable-Design\u200b--768x768.jpg 768w, https:\/\/www.usborkeychain.com\/wp-content\/uploads\/\u200bRotating-Eco-Flash-Drive-Biodegradable-Design\u200b--12x12.jpg 12w, https:\/\/www.usborkeychain.com\/wp-content\/uploads\/\u200bRotating-Eco-Flash-Drive-Biodegradable-Design\u200b--600x600.jpg 600w, https:\/\/www.usborkeychain.com\/wp-content\/uploads\/\u200bRotating-Eco-Flash-Drive-Biodegradable-Design\u200b--100x100.jpg 100w\" sizes=\"(max-width: 800px) 100vw, 800px\" \/><\/figure>\n<\/div>\n\n\n\n<div class=\"wp-block-column is-layout-flow wp-block-column-is-layout-flow\">\n<figure class=\"wp-block-image size-full\"><img alt=\"\" loading=\"lazy\" decoding=\"async\" width=\"800\" height=\"800\" src=\"https:\/\/www.usborkeychain.com\/wp-content\/uploads\/\u200bGreenSpinBiodegradable-USB-Drive\u200b-.jpg\" class=\"wp-image-2569\" srcset=\"https:\/\/www.usborkeychain.com\/wp-content\/uploads\/\u200bGreenSpinBiodegradable-USB-Drive\u200b-.jpg 800w, https:\/\/www.usborkeychain.com\/wp-content\/uploads\/\u200bGreenSpinBiodegradable-USB-Drive\u200b--300x300.jpg 300w, https:\/\/www.usborkeychain.com\/wp-content\/uploads\/\u200bGreenSpinBiodegradable-USB-Drive\u200b--150x150.jpg 150w, https:\/\/www.usborkeychain.com\/wp-content\/uploads\/\u200bGreenSpinBiodegradable-USB-Drive\u200b--768x768.jpg 768w, https:\/\/www.usborkeychain.com\/wp-content\/uploads\/\u200bGreenSpinBiodegradable-USB-Drive\u200b--12x12.jpg 12w, https:\/\/www.usborkeychain.com\/wp-content\/uploads\/\u200bGreenSpinBiodegradable-USB-Drive\u200b--600x600.jpg 600w, https:\/\/www.usborkeychain.com\/wp-content\/uploads\/\u200bGreenSpinBiodegradable-USB-Drive\u200b--100x100.jpg 100w\" sizes=\"(max-width: 800px) 100vw, 800px\" \/><\/figure>\n<\/div>\n<\/div>\n\n\n\n<h3 class=\"wp-block-heading\">Quels sont les param\u00e8tres de la cl\u00e9 USB rotative d\u00e9gradable ?<\/h3>\n\n\n\n<figure class=\"wp-block-table\"><table class=\"has-fixed-layout\"><thead><tr><th>Type de param\u00e8tre<\/th><th>Param\u00e8tres sp\u00e9cifiques<\/th><\/tr><\/thead><tbody><tr><td>Type d'interface<\/td><td>USB2.0 (compatible avec USB1.1), USB3.0 (compatible avec USB2.0)<\/td><\/tr><tr><td>Capacit\u00e9 de stockage<\/td><td>1GB\/2GB\/4GB\/8GB\/16GB\/32GB\/64GB\/128GB\/256GB\/512GB\/1TB<\/td><\/tr><tr><td>Vitesse de lecture\/\u00e9criture<\/td><td>USB2.0 : Lecture 15 Mo\/s, \u00e9criture 8 Mo\/s ; USB3.0 : Lecture 60 Mo\/s, \u00e9criture 30 Mo\/s<\/td><\/tr><tr><td>Temp\u00e9rature de fonctionnement<\/td><td>-10\u2103-55\u2103<\/td><\/tr><tr><td>Temp\u00e9rature de stockage<\/td><td>-20\u2103-85\u2103<\/td><\/tr><tr><td>Dimensions du produit<\/td><td>5,8cm (L) \u00d7 1,8cm (L) \u00d7 0,9cm (H)<\/td><\/tr><tr><td>Poids du produit<\/td><td>Environ 8,5 g (clip compris)<\/td><\/tr><tr><td>Dur\u00e9e de vie de la rotation<\/td><td>\u226510 000 essais de rotation sans d\u00e9faillance<\/td><\/tr><tr><td>Personnalisation du logo<\/td><td>S\u00e9rigraphie, impression couleur<\/td><\/tr><\/tbody><\/table><\/figure>\n\n\n\n<h3 class=\"wp-block-heading\">La cl\u00e9 USB rotative d\u00e9gradable peut-elle \u00eatre personnalis\u00e9e avec un logo ?<\/h3>\n\n\n\n<p>Oui, il prend en charge deux processus principaux : la s\u00e9rigraphie (pr\u00e9cision de 120 lignes) et l'impression couleur (CMYK quadrichromie). La quantit\u00e9 minimale de commande est de 50 pi\u00e8ces pour la s\u00e9rigraphie et de 100 pi\u00e8ces pour l'impression couleur. Les fabricants fournissent des bo\u00eetes d'emballage en paille de bl\u00e9 assorties (dimensions : 11cm\u00d77cm\u00d72cm, poids : 15g). La cl\u00e9 USB et la bo\u00eete peuvent \u00eatre personnalis\u00e9es dans la m\u00eame couleur. Les logos peuvent \u00eatre personnalis\u00e9s sur la face avant de la cl\u00e9 USB, sur le c\u00f4t\u00e9 du clip et sur le couvercle de la bo\u00eete d'emballage, ce qui en fait un produit id\u00e9al pour les cadeaux d'entreprise et la vente en gros.<\/p>\n\n\n\n<div class=\"wp-block-columns is-layout-flex wp-container-core-columns-is-layout-28f84493 wp-block-columns-is-layout-flex\">\n<div class=\"wp-block-column is-layout-flow wp-block-column-is-layout-flow\">\n<figure class=\"wp-block-image size-full\"><img alt=\"\" loading=\"lazy\" decoding=\"async\" width=\"800\" height=\"600\" src=\"https:\/\/www.usborkeychain.com\/wp-content\/uploads\/\u200bSustainable-Rotating-Flash-Drive-Biodegradable\u200b.jpg\" class=\"wp-image-2572\" srcset=\"https:\/\/www.usborkeychain.com\/wp-content\/uploads\/\u200bSustainable-Rotating-Flash-Drive-Biodegradable\u200b.jpg 800w, https:\/\/www.usborkeychain.com\/wp-content\/uploads\/\u200bSustainable-Rotating-Flash-Drive-Biodegradable\u200b-300x225.jpg 300w, https:\/\/www.usborkeychain.com\/wp-content\/uploads\/\u200bSustainable-Rotating-Flash-Drive-Biodegradable\u200b-768x576.jpg 768w, https:\/\/www.usborkeychain.com\/wp-content\/uploads\/\u200bSustainable-Rotating-Flash-Drive-Biodegradable\u200b-16x12.jpg 16w, https:\/\/www.usborkeychain.com\/wp-content\/uploads\/\u200bSustainable-Rotating-Flash-Drive-Biodegradable\u200b-600x450.jpg 600w\" sizes=\"(max-width: 800px) 100vw, 800px\" \/><\/figure>\n<\/div>\n\n\n\n<div class=\"wp-block-column is-layout-flow wp-block-column-is-layout-flow\">\n<figure class=\"wp-block-image size-full\"><img alt=\"\" loading=\"lazy\" decoding=\"async\" width=\"800\" height=\"600\" src=\"https:\/\/www.usborkeychain.com\/wp-content\/uploads\/\u200bBiodegradable-Rotating-USB.jpg\" class=\"wp-image-2563\" srcset=\"https:\/\/www.usborkeychain.com\/wp-content\/uploads\/\u200bBiodegradable-Rotating-USB.jpg 800w, https:\/\/www.usborkeychain.com\/wp-content\/uploads\/\u200bBiodegradable-Rotating-USB-300x225.jpg 300w, https:\/\/www.usborkeychain.com\/wp-content\/uploads\/\u200bBiodegradable-Rotating-USB-768x576.jpg 768w, https:\/\/www.usborkeychain.com\/wp-content\/uploads\/\u200bBiodegradable-Rotating-USB-16x12.jpg 16w, https:\/\/www.usborkeychain.com\/wp-content\/uploads\/\u200bBiodegradable-Rotating-USB-600x450.jpg 600w\" sizes=\"(max-width: 800px) 100vw, 800px\" \/><\/figure>\n<\/div>\n\n\n\n<div class=\"wp-block-column is-layout-flow wp-block-column-is-layout-flow\">\n<figure class=\"wp-block-image size-full\"><img alt=\"\" loading=\"lazy\" decoding=\"async\" width=\"800\" height=\"600\" src=\"https:\/\/www.usborkeychain.com\/wp-content\/uploads\/\u200bEarth-Conscious-360\u00b0-Rotatable-USB\u200b-.jpg\" class=\"wp-image-2566\" srcset=\"https:\/\/www.usborkeychain.com\/wp-content\/uploads\/\u200bEarth-Conscious-360\u00b0-Rotatable-USB\u200b-.jpg 800w, https:\/\/www.usborkeychain.com\/wp-content\/uploads\/\u200bEarth-Conscious-360\u00b0-Rotatable-USB\u200b--300x225.jpg 300w, https:\/\/www.usborkeychain.com\/wp-content\/uploads\/\u200bEarth-Conscious-360\u00b0-Rotatable-USB\u200b--768x576.jpg 768w, https:\/\/www.usborkeychain.com\/wp-content\/uploads\/\u200bEarth-Conscious-360\u00b0-Rotatable-USB\u200b--16x12.jpg 16w, https:\/\/www.usborkeychain.com\/wp-content\/uploads\/\u200bEarth-Conscious-360\u00b0-Rotatable-USB\u200b--600x450.jpg 600w\" sizes=\"(max-width: 800px) 100vw, 800px\" \/><\/figure>\n<\/div>\n<\/div>\n\n\n\n<p>Fabriqu\u00e9e par de puissants fournisseurs, la cl\u00e9 USB rotative d\u00e9gradable int\u00e8gre des capacit\u00e9s multiples, des mat\u00e9riaux d\u00e9gradables et une r\u00e9sistance aux chutes. Avec la prise en charge de la personnalisation par s\u00e9rigraphie\/couleur et l'emballage \u00e9cologique assorti, elle constitue un choix de premier ordre pour les cadeaux num\u00e9riques \u00e9cologiques en gros sur le march\u00e9 actuel.<\/p>\n\n\n\n<p><\/p>","protected":false},"excerpt":{"rendered":"<ul>\n<li>Fibres naturelles de paille de bl\u00e9<\/li>\n<li>Conception rotative \u00e0 360<\/li>\n<li>Possibilit\u00e9 de personnaliser le logo<\/li>\n<li>Rose\uff0cblanc\uff0cnoir\uff0cjaune\uff0cbleu<\/li>\n<li>MOQ:100pcs<\/li>\n<\/ul>","protected":false},"featured_media":2573,"comment_status":"open","ping_status":"closed","template":"","meta":{"_seopress_robots_primary_cat":"","_seopress_titles_title":"","_seopress_titles_desc":"","_seopress_robots_index":"","site-sidebar-layout":"default","site-content-layout":"","ast-site-content-layout":"","site-content-style":"default","site-sidebar-style":"default","ast-global-header-display":"","ast-banner-title-visibility":"","ast-main-header-display":"","ast-hfb-above-header-display":"","ast-hfb-below-header-display":"","ast-hfb-mobile-header-display":"","site-post-title":"","ast-breadcrumbs-content":"","ast-featured-img":"","footer-sml-layout":"","theme-transparent-header-meta":"","adv-header-id-meta":"","stick-header-meta":"","header-above-stick-meta":"","header-main-stick-meta":"","header-below-stick-meta":"","astra-migrate-meta-layouts":"default","ast-page-background-enabled":"default","ast-page-background-meta":{"desktop":{"background-color":"var(--ast-global-color-5)","background-image":"","background-repeat":"repeat","background-position":"center center","background-size":"auto","background-attachment":"scroll","background-type":"","background-media":"","overlay-type":"","overlay-color":"","overlay-opacity":"","overlay-gradient":""},"tablet":{"background-color":"","background-image":"","background-repeat":"repeat","background-position":"center center","background-size":"auto","background-attachment":"scroll","background-type":"","background-media":"","overlay-type":"","overlay-color":"","overlay-opacity":"","overlay-gradient":""},"mobile":{"background-color":"","background-image":"","background-repeat":"repeat","background-position":"center center","background-size":"auto","background-attachment":"scroll","background-type":"","background-media":"","overlay-type":"","overlay-color":"","overlay-opacity":"","overlay-gradient":""}},"ast-content-background-meta":{"desktop":{"background-color":"var(--ast-global-color-4)","background-image":"","background-repeat":"repeat","background-position":"center center","background-size":"auto","background-attachment":"scroll","background-type":"","background-media":"","overlay-type":"","overlay-color":"","overlay-opacity":"","overlay-gradient":""},"tablet":{"background-color":"var(--ast-global-color-4)","background-image":"","background-repeat":"repeat","background-position":"center center","background-size":"auto","background-attachment":"scroll","background-type":"","background-media":"","overlay-type":"","overlay-color":"","overlay-opacity":"","overlay-gradient":""},"mobile":{"background-color":"var(--ast-global-color-4)","background-image":"","background-repeat":"repeat","background-position":"center center","background-size":"auto","background-attachment":"scroll","background-type":"","background-media":"","overlay-type":"","overlay-color":"","overlay-opacity":"","overlay-gradient":""}}},"product_brand":[],"product_cat":[170,106],"product_tag":[404],"class_list":{"0":"post-2560","1":"product","2":"type-product","3":"status-publish","4":"has-post-thumbnail","6":"product_cat-biodegradable-usb-pendrive-2","7":"product_cat-rotating-usb-pendrive","8":"product_tag-wooden-rotating-usb-drive","9":"desktop-align-left","10":"tablet-align-left","11":"mobile-align-left","13":"first","14":"instock","15":"shipping-taxable","16":"product-type-simple"},"_links":{"self":[{"href":"https:\/\/www.usborkeychain.com\/fr\/wp-json\/wp\/v2\/product\/2560","targetHints":{"allow":["GET"]}}],"collection":[{"href":"https:\/\/www.usborkeychain.com\/fr\/wp-json\/wp\/v2\/product"}],"about":[{"href":"https:\/\/www.usborkeychain.com\/fr\/wp-json\/wp\/v2\/types\/product"}],"replies":[{"embeddable":true,"href":"https:\/\/www.usborkeychain.com\/fr\/wp-json\/wp\/v2\/comments?post=2560"}],"wp:featuredmedia":[{"embeddable":true,"href":"https:\/\/www.usborkeychain.com\/fr\/wp-json\/wp\/v2\/media\/2573"}],"wp:attachment":[{"href":"https:\/\/www.usborkeychain.com\/fr\/wp-json\/wp\/v2\/media?parent=2560"}],"wp:term":[{"taxonomy":"product_brand","embeddable":true,"href":"https:\/\/www.usborkeychain.com\/fr\/wp-json\/wp\/v2\/product_brand?post=2560"},{"taxonomy":"product_cat","embeddable":true,"href":"https:\/\/www.usborkeychain.com\/fr\/wp-json\/wp\/v2\/product_cat?post=2560"},{"taxonomy":"product_tag","embeddable":true,"href":"https:\/\/www.usborkeychain.com\/fr\/wp-json\/wp\/v2\/product_tag?post=2560"}],"curies":[{"name":"wp","href":"https:\/\/api.w.org\/{rel}","templated":true}]}}