{"id":2577,"date":"2025-06-22T03:32:32","date_gmt":"2025-06-22T03:32:32","guid":{"rendered":"https:\/\/www.usborkeychain.com\/?post_type=product&#038;p=2577"},"modified":"2025-07-22T14:20:53","modified_gmt":"2025-07-22T14:20:53","slug":"custom-metal-flip-usb-flash-drive","status":"publish","type":"product","link":"https:\/\/www.usborkeychain.com\/fr\/produit\/custom-metal-flip-usb-flash-drive\/","title":{"rendered":"Cl\u00e9 USB \u00e0 rabat en m\u00e9tal personnalis\u00e9e"},"content":{"rendered":"<p>La s\u00e9rie de cl\u00e9s USB \u00e0 clapet m\u00e9tallique est une gamme de cl\u00e9s USB de stockage qui allient esth\u00e9tique et praticit\u00e9. Il existe trois sp\u00e9cifications diff\u00e9rentes au total. Elles partagent un m\u00eame style, mais diff\u00e8rent en termes d'apparence et de taille, ce qui permet de r\u00e9pondre \u00e0 des besoins diff\u00e9rents. Elles conviennent parfaitement \u00e0 l'usage personnel et \u00e0 la vente en gros ou \u00e0 la personnalisation par les fabricants et les usines.<\/p>\n\n\n\n<h2 class=\"wp-block-heading\">Cl\u00e9 USB classique en m\u00e9tal \u00e0 rabat<\/h2>\n\n\n\n<p>Vous recherchez une cl\u00e9 USB alliant design classique et praticit\u00e9 ? Cette cl\u00e9 USB classique \u00e0 clapet, fabriqu\u00e9e en m\u00e9tal, est dot\u00e9e d'une interface USB pouvant pivoter \u00e0 360 degr\u00e9s pour une utilisation extr\u00eamement pratique. Avec ses lignes douces et soyeuses, son design g\u00e9n\u00e9ral est \u00e0 la fois simple et \u00e9l\u00e9gant, ce qui en fait un excellent outil pour le stockage quotidien de donn\u00e9es.<\/p>\n\n\n\n<div class=\"wp-block-columns is-layout-flex wp-container-core-columns-is-layout-28f84493 wp-block-columns-is-layout-flex\">\n<div class=\"wp-block-column is-layout-flow wp-block-column-is-layout-flow\">\n<figure class=\"wp-block-image size-full\"><img alt=\"\" fetchpriority=\"high\" decoding=\"async\" width=\"800\" height=\"800\" src=\"https:\/\/www.usborkeychain.com\/wp-content\/uploads\/china-metal-flip-usb-flash-drive-manufacturer.jpg\" class=\"wp-image-2581\" srcset=\"https:\/\/www.usborkeychain.com\/wp-content\/uploads\/china-metal-flip-usb-flash-drive-manufacturer.jpg 800w, https:\/\/www.usborkeychain.com\/wp-content\/uploads\/china-metal-flip-usb-flash-drive-manufacturer-300x300.jpg 300w, https:\/\/www.usborkeychain.com\/wp-content\/uploads\/china-metal-flip-usb-flash-drive-manufacturer-150x150.jpg 150w, https:\/\/www.usborkeychain.com\/wp-content\/uploads\/china-metal-flip-usb-flash-drive-manufacturer-768x768.jpg 768w, https:\/\/www.usborkeychain.com\/wp-content\/uploads\/china-metal-flip-usb-flash-drive-manufacturer-12x12.jpg 12w, https:\/\/www.usborkeychain.com\/wp-content\/uploads\/china-metal-flip-usb-flash-drive-manufacturer-600x600.jpg 600w, https:\/\/www.usborkeychain.com\/wp-content\/uploads\/china-metal-flip-usb-flash-drive-manufacturer-100x100.jpg 100w\" sizes=\"(max-width: 800px) 100vw, 800px\" \/><\/figure>\n<\/div>\n\n\n\n<div class=\"wp-block-column is-layout-flow wp-block-column-is-layout-flow\">\n<figure class=\"wp-block-image size-full\"><img alt=\"\" decoding=\"async\" width=\"800\" height=\"800\" src=\"https:\/\/www.usborkeychain.com\/wp-content\/uploads\/china-metal-flip-usb-flash-drive-factory.jpg\" class=\"wp-image-2580\" srcset=\"https:\/\/www.usborkeychain.com\/wp-content\/uploads\/china-metal-flip-usb-flash-drive-factory.jpg 800w, https:\/\/www.usborkeychain.com\/wp-content\/uploads\/china-metal-flip-usb-flash-drive-factory-300x300.jpg 300w, https:\/\/www.usborkeychain.com\/wp-content\/uploads\/china-metal-flip-usb-flash-drive-factory-150x150.jpg 150w, https:\/\/www.usborkeychain.com\/wp-content\/uploads\/china-metal-flip-usb-flash-drive-factory-768x768.jpg 768w, https:\/\/www.usborkeychain.com\/wp-content\/uploads\/china-metal-flip-usb-flash-drive-factory-12x12.jpg 12w, https:\/\/www.usborkeychain.com\/wp-content\/uploads\/china-metal-flip-usb-flash-drive-factory-600x600.jpg 600w, https:\/\/www.usborkeychain.com\/wp-content\/uploads\/china-metal-flip-usb-flash-drive-factory-100x100.jpg 100w\" sizes=\"(max-width: 800px) 100vw, 800px\" \/><\/figure>\n<\/div>\n\n\n\n<div class=\"wp-block-column is-layout-flow wp-block-column-is-layout-flow\">\n<figure class=\"wp-block-image size-full\"><img alt=\"\" decoding=\"async\" width=\"800\" height=\"800\" src=\"https:\/\/www.usborkeychain.com\/wp-content\/uploads\/metal-flip-usb-flash-drive-supplier.jpg\" class=\"wp-image-2584\" srcset=\"https:\/\/www.usborkeychain.com\/wp-content\/uploads\/metal-flip-usb-flash-drive-supplier.jpg 800w, https:\/\/www.usborkeychain.com\/wp-content\/uploads\/metal-flip-usb-flash-drive-supplier-300x300.jpg 300w, https:\/\/www.usborkeychain.com\/wp-content\/uploads\/metal-flip-usb-flash-drive-supplier-150x150.jpg 150w, https:\/\/www.usborkeychain.com\/wp-content\/uploads\/metal-flip-usb-flash-drive-supplier-768x768.jpg 768w, https:\/\/www.usborkeychain.com\/wp-content\/uploads\/metal-flip-usb-flash-drive-supplier-12x12.jpg 12w, https:\/\/www.usborkeychain.com\/wp-content\/uploads\/metal-flip-usb-flash-drive-supplier-600x600.jpg 600w, https:\/\/www.usborkeychain.com\/wp-content\/uploads\/metal-flip-usb-flash-drive-supplier-100x100.jpg 100w\" sizes=\"(max-width: 800px) 100vw, 800px\" \/><\/figure>\n<\/div>\n<\/div>\n\n\n\n<h2 class=\"wp-block-heading\">Grande cl\u00e9 USB en m\u00e9tal \u00e0 rabat<\/h2>\n\n\n\n<p>Peut-elle r\u00e9pondre \u00e0 vos attentes en mati\u00e8re de cl\u00e9 USB haut de gamme ? Version am\u00e9lior\u00e9e du mod\u00e8le classique, sa taille totale est pr\u00e8s de deux fois plus grande que celle du mod\u00e8le classique. Elle offre deux options d'interface, USB2.0 et USB3.0, pour r\u00e9pondre aux diff\u00e9rents besoins en mati\u00e8re de transmission de donn\u00e9es. Son design atmosph\u00e9rique lui conf\u00e8re un aspect haut de gamme et textur\u00e9, ce qui en fait un objet id\u00e9al pour un usage personnel ou un cadeau.<\/p>\n\n\n\n<div class=\"wp-block-columns is-layout-flex wp-container-core-columns-is-layout-28f84493 wp-block-columns-is-layout-flex\">\n<div class=\"wp-block-column is-layout-flow wp-block-column-is-layout-flow\">\n<figure class=\"wp-block-image size-full\"><img alt=\"\" loading=\"lazy\" decoding=\"async\" width=\"800\" height=\"800\" src=\"https:\/\/www.usborkeychain.com\/wp-content\/uploads\/custom-metal-flip-usb-flash-drive.jpg\" class=\"wp-image-2586\" srcset=\"https:\/\/www.usborkeychain.com\/wp-content\/uploads\/custom-metal-flip-usb-flash-drive.jpg 800w, https:\/\/www.usborkeychain.com\/wp-content\/uploads\/custom-metal-flip-usb-flash-drive-300x300.jpg 300w, https:\/\/www.usborkeychain.com\/wp-content\/uploads\/custom-metal-flip-usb-flash-drive-150x150.jpg 150w, https:\/\/www.usborkeychain.com\/wp-content\/uploads\/custom-metal-flip-usb-flash-drive-768x768.jpg 768w, https:\/\/www.usborkeychain.com\/wp-content\/uploads\/custom-metal-flip-usb-flash-drive-12x12.jpg 12w, https:\/\/www.usborkeychain.com\/wp-content\/uploads\/custom-metal-flip-usb-flash-drive-600x600.jpg 600w, https:\/\/www.usborkeychain.com\/wp-content\/uploads\/custom-metal-flip-usb-flash-drive-100x100.jpg 100w\" sizes=\"(max-width: 800px) 100vw, 800px\" \/><\/figure>\n<\/div>\n\n\n\n<div class=\"wp-block-column is-layout-flow wp-block-column-is-layout-flow\">\n<figure class=\"wp-block-image size-full\"><img alt=\"\" loading=\"lazy\" decoding=\"async\" width=\"800\" height=\"800\" src=\"https:\/\/www.usborkeychain.com\/wp-content\/uploads\/custom-metal-flip-usb-flash-disk-1.jpg\" class=\"wp-image-2589\" srcset=\"https:\/\/www.usborkeychain.com\/wp-content\/uploads\/custom-metal-flip-usb-flash-disk-1.jpg 800w, https:\/\/www.usborkeychain.com\/wp-content\/uploads\/custom-metal-flip-usb-flash-disk-1-300x300.jpg 300w, https:\/\/www.usborkeychain.com\/wp-content\/uploads\/custom-metal-flip-usb-flash-disk-1-150x150.jpg 150w, https:\/\/www.usborkeychain.com\/wp-content\/uploads\/custom-metal-flip-usb-flash-disk-1-768x768.jpg 768w, https:\/\/www.usborkeychain.com\/wp-content\/uploads\/custom-metal-flip-usb-flash-disk-1-12x12.jpg 12w, https:\/\/www.usborkeychain.com\/wp-content\/uploads\/custom-metal-flip-usb-flash-disk-1-600x600.jpg 600w, https:\/\/www.usborkeychain.com\/wp-content\/uploads\/custom-metal-flip-usb-flash-disk-1-100x100.jpg 100w\" sizes=\"(max-width: 800px) 100vw, 800px\" \/><\/figure>\n<\/div>\n\n\n\n<div class=\"wp-block-column is-layout-flow wp-block-column-is-layout-flow\">\n<figure class=\"wp-block-image size-full\"><img alt=\"\" loading=\"lazy\" decoding=\"async\" width=\"800\" height=\"800\" src=\"https:\/\/www.usborkeychain.com\/wp-content\/uploads\/custom-metal-flip-usb-flash.jpg\" class=\"wp-image-2588\" srcset=\"https:\/\/www.usborkeychain.com\/wp-content\/uploads\/custom-metal-flip-usb-flash.jpg 800w, https:\/\/www.usborkeychain.com\/wp-content\/uploads\/custom-metal-flip-usb-flash-300x300.jpg 300w, https:\/\/www.usborkeychain.com\/wp-content\/uploads\/custom-metal-flip-usb-flash-150x150.jpg 150w, https:\/\/www.usborkeychain.com\/wp-content\/uploads\/custom-metal-flip-usb-flash-768x768.jpg 768w, https:\/\/www.usborkeychain.com\/wp-content\/uploads\/custom-metal-flip-usb-flash-12x12.jpg 12w, https:\/\/www.usborkeychain.com\/wp-content\/uploads\/custom-metal-flip-usb-flash-600x600.jpg 600w, https:\/\/www.usborkeychain.com\/wp-content\/uploads\/custom-metal-flip-usb-flash-100x100.jpg 100w\" sizes=\"(max-width: 800px) 100vw, 800px\" \/><\/figure>\n<\/div>\n<\/div>\n\n\n\n<h2 class=\"wp-block-heading\">Mini cl\u00e9 USB en m\u00e9tal \u00e0 rabat<\/h2>\n\n\n\n<p>Vous recherchez un p\u00e9riph\u00e9rique de stockage compact et portable ? Cette mini cl\u00e9 USB ultra-mince sera votre premier choix. Avec une \u00e9paisseur totale de seulement 3 mm, elle fait la moiti\u00e9 de la taille d'une grande cl\u00e9 USB \u00e0 rabat, ce qui la rend extr\u00eamement facile \u00e0 transporter. Malgr\u00e9 sa petite taille, ses fonctions ne sont pas compromises.<\/p>\n\n\n\n<div class=\"wp-block-columns is-layout-flex wp-container-core-columns-is-layout-28f84493 wp-block-columns-is-layout-flex\">\n<div class=\"wp-block-column is-layout-flow wp-block-column-is-layout-flow\">\n<figure class=\"wp-block-image size-full\"><img alt=\"\" loading=\"lazy\" decoding=\"async\" width=\"800\" height=\"800\" src=\"https:\/\/www.usborkeychain.com\/wp-content\/uploads\/metal-flip-usb-flash-drive-customized.jpg\" class=\"wp-image-2593\" srcset=\"https:\/\/www.usborkeychain.com\/wp-content\/uploads\/metal-flip-usb-flash-drive-customized.jpg 800w, https:\/\/www.usborkeychain.com\/wp-content\/uploads\/metal-flip-usb-flash-drive-customized-300x300.jpg 300w, https:\/\/www.usborkeychain.com\/wp-content\/uploads\/metal-flip-usb-flash-drive-customized-150x150.jpg 150w, https:\/\/www.usborkeychain.com\/wp-content\/uploads\/metal-flip-usb-flash-drive-customized-768x768.jpg 768w, https:\/\/www.usborkeychain.com\/wp-content\/uploads\/metal-flip-usb-flash-drive-customized-12x12.jpg 12w, https:\/\/www.usborkeychain.com\/wp-content\/uploads\/metal-flip-usb-flash-drive-customized-600x600.jpg 600w, https:\/\/www.usborkeychain.com\/wp-content\/uploads\/metal-flip-usb-flash-drive-customized-100x100.jpg 100w\" sizes=\"(max-width: 800px) 100vw, 800px\" \/><\/figure>\n<\/div>\n\n\n\n<div class=\"wp-block-column is-layout-flow wp-block-column-is-layout-flow\">\n<figure class=\"wp-block-image size-full\"><img alt=\"\" loading=\"lazy\" decoding=\"async\" width=\"800\" height=\"800\" src=\"https:\/\/www.usborkeychain.com\/wp-content\/uploads\/wholesale-metal-flip-usb-flash-drive.jpg\" class=\"wp-image-2596\" srcset=\"https:\/\/www.usborkeychain.com\/wp-content\/uploads\/wholesale-metal-flip-usb-flash-drive.jpg 800w, https:\/\/www.usborkeychain.com\/wp-content\/uploads\/wholesale-metal-flip-usb-flash-drive-300x300.jpg 300w, https:\/\/www.usborkeychain.com\/wp-content\/uploads\/wholesale-metal-flip-usb-flash-drive-150x150.jpg 150w, https:\/\/www.usborkeychain.com\/wp-content\/uploads\/wholesale-metal-flip-usb-flash-drive-768x768.jpg 768w, https:\/\/www.usborkeychain.com\/wp-content\/uploads\/wholesale-metal-flip-usb-flash-drive-12x12.jpg 12w, https:\/\/www.usborkeychain.com\/wp-content\/uploads\/wholesale-metal-flip-usb-flash-drive-600x600.jpg 600w, https:\/\/www.usborkeychain.com\/wp-content\/uploads\/wholesale-metal-flip-usb-flash-drive-100x100.jpg 100w\" sizes=\"(max-width: 800px) 100vw, 800px\" \/><\/figure>\n<\/div>\n\n\n\n<div class=\"wp-block-column is-layout-flow wp-block-column-is-layout-flow\">\n<figure class=\"wp-block-image size-full\"><img alt=\"\" loading=\"lazy\" decoding=\"async\" width=\"800\" height=\"800\" src=\"https:\/\/www.usborkeychain.com\/wp-content\/uploads\/odm-metal-flip-usb-flash-drive-china-customized.jpg\" class=\"wp-image-2594\" srcset=\"https:\/\/www.usborkeychain.com\/wp-content\/uploads\/odm-metal-flip-usb-flash-drive-china-customized.jpg 800w, https:\/\/www.usborkeychain.com\/wp-content\/uploads\/odm-metal-flip-usb-flash-drive-china-customized-300x300.jpg 300w, https:\/\/www.usborkeychain.com\/wp-content\/uploads\/odm-metal-flip-usb-flash-drive-china-customized-150x150.jpg 150w, https:\/\/www.usborkeychain.com\/wp-content\/uploads\/odm-metal-flip-usb-flash-drive-china-customized-768x768.jpg 768w, https:\/\/www.usborkeychain.com\/wp-content\/uploads\/odm-metal-flip-usb-flash-drive-china-customized-12x12.jpg 12w, https:\/\/www.usborkeychain.com\/wp-content\/uploads\/odm-metal-flip-usb-flash-drive-china-customized-600x600.jpg 600w, https:\/\/www.usborkeychain.com\/wp-content\/uploads\/odm-metal-flip-usb-flash-drive-china-customized-100x100.jpg 100w\" sizes=\"(max-width: 800px) 100vw, 800px\" \/><\/figure>\n<\/div>\n<\/div>\n\n\n\n<p>Les trois cl\u00e9s USB ont un design tr\u00e8s rond avec des bords incurv\u00e9s, ce qui leur conf\u00e8re une excellente prise en main. Elles peuvent \u00eatre personnalis\u00e9es avec des logos grav\u00e9s au laser ou des logos en couleur imprim\u00e9s en s\u00e9rigraphie. Que ce soit en termes de design ou de fonction, la s\u00e9rie de cl\u00e9s USB \u00e0 clapet m\u00e9tallique offre des performances exceptionnelles et constitue une solution de stockage digne d'int\u00e9r\u00eat. Qu'il s'agisse de personnalisation par les fabricants ou de vente en gros, ces cl\u00e9s USB peuvent r\u00e9pondre \u00e0 vos besoins.<\/p>","protected":false},"excerpt":{"rendered":"<ul>\n<li>Mod\u00e8le \u00e0 bascule<\/li>\n<li>Coque enti\u00e8rement m\u00e9tallique<\/li>\n<li>Trois styles : classique, mini, large<\/li>\n<li>USB2.0, USB3.0 au choix<\/li>\n<li>Rotation de 360 degr\u00e9s<\/li>\n<\/ul>","protected":false},"featured_media":2589,"comment_status":"open","ping_status":"closed","template":"","meta":{"_seopress_robots_primary_cat":"none","_seopress_titles_title":"","_seopress_titles_desc":"","_seopress_robots_index":"","site-sidebar-layout":"default","site-content-layout":"","ast-site-content-layout":"","site-content-style":"default","site-sidebar-style":"default","ast-global-header-display":"","ast-banner-title-visibility":"","ast-main-header-display":"","ast-hfb-above-header-display":"","ast-hfb-below-header-display":"","ast-hfb-mobile-header-display":"","site-post-title":"","ast-breadcrumbs-content":"","ast-featured-img":"","footer-sml-layout":"","theme-transparent-header-meta":"","adv-header-id-meta":"","stick-header-meta":"","header-above-stick-meta":"","header-main-stick-meta":"","header-below-stick-meta":"","astra-migrate-meta-layouts":"default","ast-page-background-enabled":"default","ast-page-background-meta":{"desktop":{"background-color":"var(--ast-global-color-5)","background-image":"","background-repeat":"repeat","background-position":"center center","background-size":"auto","background-attachment":"scroll","background-type":"","background-media":"","overlay-type":"","overlay-color":"","overlay-opacity":"","overlay-gradient":""},"tablet":{"background-color":"","background-image":"","background-repeat":"repeat","background-position":"center center","background-size":"auto","background-attachment":"scroll","background-type":"","background-media":"","overlay-type":"","overlay-color":"","overlay-opacity":"","overlay-gradient":""},"mobile":{"background-color":"","background-image":"","background-repeat":"repeat","background-position":"center center","background-size":"auto","background-attachment":"scroll","background-type":"","background-media":"","overlay-type":"","overlay-color":"","overlay-opacity":"","overlay-gradient":""}},"ast-content-background-meta":{"desktop":{"background-color":"var(--ast-global-color-4)","background-image":"","background-repeat":"repeat","background-position":"center center","background-size":"auto","background-attachment":"scroll","background-type":"","background-media":"","overlay-type":"","overlay-color":"","overlay-opacity":"","overlay-gradient":""},"tablet":{"background-color":"var(--ast-global-color-4)","background-image":"","background-repeat":"repeat","background-position":"center center","background-size":"auto","background-attachment":"scroll","background-type":"","background-media":"","overlay-type":"","overlay-color":"","overlay-opacity":"","overlay-gradient":""},"mobile":{"background-color":"var(--ast-global-color-4)","background-image":"","background-repeat":"repeat","background-position":"center center","background-size":"auto","background-attachment":"scroll","background-type":"","background-media":"","overlay-type":"","overlay-color":"","overlay-opacity":"","overlay-gradient":""}}},"product_brand":[],"product_cat":[89,101],"product_tag":[171],"class_list":{"0":"post-2577","1":"product","2":"type-product","3":"status-publish","4":"has-post-thumbnail","6":"product_cat-metal-usb-pendrive","7":"product_cat-usb-pendrive-with-keychain","8":"product_tag-flip-usb-flash-drive","9":"desktop-align-left","10":"tablet-align-left","11":"mobile-align-left","13":"first","14":"instock","15":"shipping-taxable","16":"product-type-simple"},"_links":{"self":[{"href":"https:\/\/www.usborkeychain.com\/fr\/wp-json\/wp\/v2\/product\/2577","targetHints":{"allow":["GET"]}}],"collection":[{"href":"https:\/\/www.usborkeychain.com\/fr\/wp-json\/wp\/v2\/product"}],"about":[{"href":"https:\/\/www.usborkeychain.com\/fr\/wp-json\/wp\/v2\/types\/product"}],"replies":[{"embeddable":true,"href":"https:\/\/www.usborkeychain.com\/fr\/wp-json\/wp\/v2\/comments?post=2577"}],"wp:featuredmedia":[{"embeddable":true,"href":"https:\/\/www.usborkeychain.com\/fr\/wp-json\/wp\/v2\/media\/2589"}],"wp:attachment":[{"href":"https:\/\/www.usborkeychain.com\/fr\/wp-json\/wp\/v2\/media?parent=2577"}],"wp:term":[{"taxonomy":"product_brand","embeddable":true,"href":"https:\/\/www.usborkeychain.com\/fr\/wp-json\/wp\/v2\/product_brand?post=2577"},{"taxonomy":"product_cat","embeddable":true,"href":"https:\/\/www.usborkeychain.com\/fr\/wp-json\/wp\/v2\/product_cat?post=2577"},{"taxonomy":"product_tag","embeddable":true,"href":"https:\/\/www.usborkeychain.com\/fr\/wp-json\/wp\/v2\/product_tag?post=2577"}],"curies":[{"name":"wp","href":"https:\/\/api.w.org\/{rel}","templated":true}]}}