{"id":2597,"date":"2025-06-22T04:37:16","date_gmt":"2025-06-22T04:37:16","guid":{"rendered":"https:\/\/www.usborkeychain.com\/?post_type=product&#038;p=2597"},"modified":"2025-06-23T06:12:33","modified_gmt":"2025-06-23T06:12:33","slug":"tractor-shaped-usb-flash-drives","status":"publish","type":"product","link":"https:\/\/www.usborkeychain.com\/fr\/produit\/tractor-shaped-usb-flash-drives\/","title":{"rendered":"Tracteur - cl\u00e9s USB en forme"},"content":{"rendered":"<div class=\"wp-block-columns is-layout-flex wp-container-core-columns-is-layout-28f84493 wp-block-columns-is-layout-flex\">\n<div class=\"wp-block-column is-layout-flow wp-block-column-is-layout-flow\">\n<figure class=\"wp-block-image size-full\"><img alt=\"\" fetchpriority=\"high\" decoding=\"async\" width=\"800\" height=\"800\" src=\"https:\/\/www.usborkeychain.com\/wp-content\/uploads\/Green-drag-flash-drive-for-company-giveaway.jpg\" class=\"wp-image-2600\" srcset=\"https:\/\/www.usborkeychain.com\/wp-content\/uploads\/Green-drag-flash-drive-for-company-giveaway.jpg 800w, https:\/\/www.usborkeychain.com\/wp-content\/uploads\/Green-drag-flash-drive-for-company-giveaway-300x300.jpg 300w, https:\/\/www.usborkeychain.com\/wp-content\/uploads\/Green-drag-flash-drive-for-company-giveaway-150x150.jpg 150w, https:\/\/www.usborkeychain.com\/wp-content\/uploads\/Green-drag-flash-drive-for-company-giveaway-768x768.jpg 768w, https:\/\/www.usborkeychain.com\/wp-content\/uploads\/Green-drag-flash-drive-for-company-giveaway-12x12.jpg 12w, https:\/\/www.usborkeychain.com\/wp-content\/uploads\/Green-drag-flash-drive-for-company-giveaway-600x600.jpg 600w, https:\/\/www.usborkeychain.com\/wp-content\/uploads\/Green-drag-flash-drive-for-company-giveaway-100x100.jpg 100w\" sizes=\"(max-width: 800px) 100vw, 800px\" \/><\/figure>\n<\/div>\n\n\n\n<div class=\"wp-block-column is-vertically-aligned-center is-layout-flow wp-block-column-is-layout-flow\">\n<p>Lorsqu'il s'agit de choisir des cadeaux d'affaires, ceux-ci doivent non seulement refl\u00e9ter les caract\u00e9ristiques de l'entreprise, mais aussi \u00eatre pratiques, afin de laisser une impression profonde. <\/p>\n\n\n\n<p>Une usine de tracteurs a choisi une cl\u00e9 USB unique en forme de tracteur lorsqu'elle \u00e9tait \u00e0 la recherche de cadeaux personnalis\u00e9s. Ce produit cr\u00e9atif se distingue non seulement par son apparence, mais aussi par sa fonction.<\/p>\n<\/div>\n<\/div>\n\n\n\n<p><br>Cette usine de tracteurs se consacre depuis longtemps \u00e0 la production de machines agricoles et ses produits sont largement utilis\u00e9s dans le secteur agricole. Afin de trouver un cadeau qui puisse repr\u00e9senter l'image de l'entreprise, l'usine a finalement d\u00e9cid\u00e9, apr\u00e8s m\u00fbre r\u00e9flexion, de personnaliser des cl\u00e9s USB en forme de tracteur. Cette cr\u00e9ativit\u00e9 vient du produit m\u00eame de l'usine - les tracteurs. Concevoir des cl\u00e9s USB d'usage quotidien en forme de tracteur ne correspond pas seulement \u00e0 l'activit\u00e9 principale de l'entreprise, mais montre \u00e9galement l'amour et l'int\u00e9r\u00eat de l'entreprise pour les machines agricoles.<\/p>\n\n\n\n<p><br>Le design de cette cl\u00e9 USB est tr\u00e8s d\u00e9licat. L'apparence g\u00e9n\u00e9rale imite compl\u00e8tement un vrai tracteur, avec un corps vert et des moyeux jaunes, aux couleurs vives et repr\u00e9sentatives. Chaque d\u00e9tail est trait\u00e9 avec soin, des fen\u00eatres de la cabine aux textures des roues, qui sont toutes vivantes. En termes de taille, la cl\u00e9 est petite et portable. L'interface de la cl\u00e9 USB est astucieusement cach\u00e9e sous le tracteur, ce qui n'affecte pas la beaut\u00e9 g\u00e9n\u00e9rale et ne garantit pas la commodit\u00e9 d'utilisation.<\/p>\n\n\n\n<div class=\"wp-block-columns is-layout-flex wp-container-core-columns-is-layout-28f84493 wp-block-columns-is-layout-flex\">\n<div class=\"wp-block-column is-layout-flow wp-block-column-is-layout-flow\">\n<figure class=\"wp-block-image size-full\"><img alt=\"\" decoding=\"async\" width=\"800\" height=\"800\" src=\"https:\/\/www.usborkeychain.com\/wp-content\/uploads\/Green-drag-shaped-flash-drive-for-company-giveaway.jpg\" class=\"wp-image-2601\" srcset=\"https:\/\/www.usborkeychain.com\/wp-content\/uploads\/Green-drag-shaped-flash-drive-for-company-giveaway.jpg 800w, https:\/\/www.usborkeychain.com\/wp-content\/uploads\/Green-drag-shaped-flash-drive-for-company-giveaway-300x300.jpg 300w, https:\/\/www.usborkeychain.com\/wp-content\/uploads\/Green-drag-shaped-flash-drive-for-company-giveaway-150x150.jpg 150w, https:\/\/www.usborkeychain.com\/wp-content\/uploads\/Green-drag-shaped-flash-drive-for-company-giveaway-768x768.jpg 768w, https:\/\/www.usborkeychain.com\/wp-content\/uploads\/Green-drag-shaped-flash-drive-for-company-giveaway-12x12.jpg 12w, https:\/\/www.usborkeychain.com\/wp-content\/uploads\/Green-drag-shaped-flash-drive-for-company-giveaway-600x600.jpg 600w, https:\/\/www.usborkeychain.com\/wp-content\/uploads\/Green-drag-shaped-flash-drive-for-company-giveaway-100x100.jpg 100w\" sizes=\"(max-width: 800px) 100vw, 800px\" \/><\/figure>\n<\/div>\n\n\n\n<div class=\"wp-block-column is-layout-flow wp-block-column-is-layout-flow\">\n<figure class=\"wp-block-image size-full\"><img alt=\"\" decoding=\"async\" width=\"800\" height=\"800\" src=\"https:\/\/www.usborkeychain.com\/wp-content\/uploads\/Memoria-USB-Green-Drag-para-regalo-de-empresa.jpg\" class=\"wp-image-2602\" srcset=\"https:\/\/www.usborkeychain.com\/wp-content\/uploads\/Memoria-USB-Green-Drag-para-regalo-de-empresa.jpg 800w, https:\/\/www.usborkeychain.com\/wp-content\/uploads\/Memoria-USB-Green-Drag-para-regalo-de-empresa-300x300.jpg 300w, https:\/\/www.usborkeychain.com\/wp-content\/uploads\/Memoria-USB-Green-Drag-para-regalo-de-empresa-150x150.jpg 150w, https:\/\/www.usborkeychain.com\/wp-content\/uploads\/Memoria-USB-Green-Drag-para-regalo-de-empresa-768x768.jpg 768w, https:\/\/www.usborkeychain.com\/wp-content\/uploads\/Memoria-USB-Green-Drag-para-regalo-de-empresa-12x12.jpg 12w, https:\/\/www.usborkeychain.com\/wp-content\/uploads\/Memoria-USB-Green-Drag-para-regalo-de-empresa-600x600.jpg 600w, https:\/\/www.usborkeychain.com\/wp-content\/uploads\/Memoria-USB-Green-Drag-para-regalo-de-empresa-100x100.jpg 100w\" sizes=\"(max-width: 800px) 100vw, 800px\" \/><\/figure>\n<\/div>\n<\/div>\n\n\n\n<p><br>Bien que cette cl\u00e9 USB ait un aspect unique, sa praticit\u00e9 n'est pas compromise. Elle dispose de fonctions de stockage standard et sa capacit\u00e9 peut \u00eatre personnalis\u00e9e en fonction des besoins du client, ce qui permet de r\u00e9pondre aux besoins du travail de bureau quotidien et du stockage de donn\u00e9es. Qu'il s'agisse de stocker des documents, des images ou des vid\u00e9os, il peut les traiter avec facilit\u00e9. De plus, il est tr\u00e8s compatible et peut \u00eatre utilis\u00e9 sur une vari\u00e9t\u00e9 d'appareils \u00e9lectroniques, tels que les ordinateurs et les t\u00e9l\u00e9viseurs, ce qui permet aux utilisateurs de transf\u00e9rer et de lire des donn\u00e9es \u00e0 tout moment et en tout lieu.<\/p>\n\n\n\n<div class=\"wp-block-columns is-layout-flex wp-container-core-columns-is-layout-28f84493 wp-block-columns-is-layout-flex\">\n<div class=\"wp-block-column is-layout-flow wp-block-column-is-layout-flow\">\n<figure class=\"wp-block-image size-full\"><img alt=\"\" loading=\"lazy\" decoding=\"async\" width=\"800\" height=\"800\" src=\"https:\/\/www.usborkeychain.com\/wp-content\/uploads\/Sirket-hediyesi-icin-yesil-suruklemeli-flash-surucu.jpg\" class=\"wp-image-2603\" srcset=\"https:\/\/www.usborkeychain.com\/wp-content\/uploads\/Sirket-hediyesi-icin-yesil-suruklemeli-flash-surucu.jpg 800w, https:\/\/www.usborkeychain.com\/wp-content\/uploads\/Sirket-hediyesi-icin-yesil-suruklemeli-flash-surucu-300x300.jpg 300w, https:\/\/www.usborkeychain.com\/wp-content\/uploads\/Sirket-hediyesi-icin-yesil-suruklemeli-flash-surucu-150x150.jpg 150w, https:\/\/www.usborkeychain.com\/wp-content\/uploads\/Sirket-hediyesi-icin-yesil-suruklemeli-flash-surucu-768x768.jpg 768w, https:\/\/www.usborkeychain.com\/wp-content\/uploads\/Sirket-hediyesi-icin-yesil-suruklemeli-flash-surucu-12x12.jpg 12w, https:\/\/www.usborkeychain.com\/wp-content\/uploads\/Sirket-hediyesi-icin-yesil-suruklemeli-flash-surucu-600x600.jpg 600w, https:\/\/www.usborkeychain.com\/wp-content\/uploads\/Sirket-hediyesi-icin-yesil-suruklemeli-flash-surucu-100x100.jpg 100w\" sizes=\"(max-width: 800px) 100vw, 800px\" \/><\/figure>\n<\/div>\n\n\n\n<div class=\"wp-block-column is-vertically-aligned-center is-layout-flow wp-block-column-is-layout-flow\">\n<p><br>En tant que cadeau personnalis\u00e9 d'une usine de tracteurs, cette cl\u00e9 USB en forme de tracteur a une valeur extr\u00eamement \u00e9lev\u00e9e. Il s'agit non seulement d'une fourniture de bureau pratique, mais aussi d'un repr\u00e9sentant de l'image de marque de l'entreprise. Lorsque l'usine l'offre \u00e0 ses clients, partenaires ou employ\u00e9s, elle peut v\u00e9hiculer le professionnalisme de l'entreprise et sa sp\u00e9cialisation dans les machines agricoles, et faire sentir aux destinataires le d\u00e9vouement et la cr\u00e9ativit\u00e9 de l'entreprise. <\/p>\n\n\n\n<p>Ce cadeau unique se distingue des autres cadeaux d'affaires, laissant une bonne et profonde impression et contribuant \u00e0 renforcer les relations entre l'entreprise et toutes les parties.<\/p>\n\n\n\n<p>En conclusion, cette cl\u00e9 USB en forme de tracteur est la combinaison parfaite de la cr\u00e9ativit\u00e9 et de la praticit\u00e9, et c'est un excellent choix pour les cadeaux personnalis\u00e9s des usines de tracteurs.<\/p>\n<\/div>\n<\/div>\n\n\n\n<p><\/p>","protected":false},"excerpt":{"rendered":"<ul>\n<li>Tracteur 3D - en forme<\/li>\n<li>Cl\u00e9 USB en forme de dessin anim\u00e9<\/li>\n<li>USB3.0<\/li>\n<li>Capacit\u00e9 de 64 Go<\/li>\n<li>Cadeau personnalis\u00e9 d'une usine de tracteurs,<\/li>\n<\/ul>","protected":false},"featured_media":2601,"comment_status":"open","ping_status":"closed","template":"","meta":{"_seopress_robots_primary_cat":"","_seopress_titles_title":"","_seopress_titles_desc":"","_seopress_robots_index":"","site-sidebar-layout":"default","site-content-layout":"","ast-site-content-layout":"","site-content-style":"default","site-sidebar-style":"default","ast-global-header-display":"","ast-banner-title-visibility":"","ast-main-header-display":"","ast-hfb-above-header-display":"","ast-hfb-below-header-display":"","ast-hfb-mobile-header-display":"","site-post-title":"","ast-breadcrumbs-content":"","ast-featured-img":"","footer-sml-layout":"","theme-transparent-header-meta":"","adv-header-id-meta":"","stick-header-meta":"","header-above-stick-meta":"","header-main-stick-meta":"","header-below-stick-meta":"","astra-migrate-meta-layouts":"default","ast-page-background-enabled":"default","ast-page-background-meta":{"desktop":{"background-color":"var(--ast-global-color-5)","background-image":"","background-repeat":"repeat","background-position":"center center","background-size":"auto","background-attachment":"scroll","background-type":"","background-media":"","overlay-type":"","overlay-color":"","overlay-opacity":"","overlay-gradient":""},"tablet":{"background-color":"","background-image":"","background-repeat":"repeat","background-position":"center center","background-size":"auto","background-attachment":"scroll","background-type":"","background-media":"","overlay-type":"","overlay-color":"","overlay-opacity":"","overlay-gradient":""},"mobile":{"background-color":"","background-image":"","background-repeat":"repeat","background-position":"center center","background-size":"auto","background-attachment":"scroll","background-type":"","background-media":"","overlay-type":"","overlay-color":"","overlay-opacity":"","overlay-gradient":""}},"ast-content-background-meta":{"desktop":{"background-color":"var(--ast-global-color-4)","background-image":"","background-repeat":"repeat","background-position":"center center","background-size":"auto","background-attachment":"scroll","background-type":"","background-media":"","overlay-type":"","overlay-color":"","overlay-opacity":"","overlay-gradient":""},"tablet":{"background-color":"var(--ast-global-color-4)","background-image":"","background-repeat":"repeat","background-position":"center center","background-size":"auto","background-attachment":"scroll","background-type":"","background-media":"","overlay-type":"","overlay-color":"","overlay-opacity":"","overlay-gradient":""},"mobile":{"background-color":"var(--ast-global-color-4)","background-image":"","background-repeat":"repeat","background-position":"center center","background-size":"auto","background-attachment":"scroll","background-type":"","background-media":"","overlay-type":"","overlay-color":"","overlay-opacity":"","overlay-gradient":""}}},"product_brand":[],"product_cat":[95],"product_tag":[172],"class_list":{"0":"post-2597","1":"product","2":"type-product","3":"status-publish","4":"has-post-thumbnail","6":"product_cat-promotional-usb-drive","7":"product_tag-green-usb-flash-drive","8":"desktop-align-left","9":"tablet-align-left","10":"mobile-align-left","12":"first","13":"instock","14":"shipping-taxable","15":"product-type-simple"},"_links":{"self":[{"href":"https:\/\/www.usborkeychain.com\/fr\/wp-json\/wp\/v2\/product\/2597","targetHints":{"allow":["GET"]}}],"collection":[{"href":"https:\/\/www.usborkeychain.com\/fr\/wp-json\/wp\/v2\/product"}],"about":[{"href":"https:\/\/www.usborkeychain.com\/fr\/wp-json\/wp\/v2\/types\/product"}],"replies":[{"embeddable":true,"href":"https:\/\/www.usborkeychain.com\/fr\/wp-json\/wp\/v2\/comments?post=2597"}],"wp:featuredmedia":[{"embeddable":true,"href":"https:\/\/www.usborkeychain.com\/fr\/wp-json\/wp\/v2\/media\/2601"}],"wp:attachment":[{"href":"https:\/\/www.usborkeychain.com\/fr\/wp-json\/wp\/v2\/media?parent=2597"}],"wp:term":[{"taxonomy":"product_brand","embeddable":true,"href":"https:\/\/www.usborkeychain.com\/fr\/wp-json\/wp\/v2\/product_brand?post=2597"},{"taxonomy":"product_cat","embeddable":true,"href":"https:\/\/www.usborkeychain.com\/fr\/wp-json\/wp\/v2\/product_cat?post=2597"},{"taxonomy":"product_tag","embeddable":true,"href":"https:\/\/www.usborkeychain.com\/fr\/wp-json\/wp\/v2\/product_tag?post=2597"}],"curies":[{"name":"wp","href":"https:\/\/api.w.org\/{rel}","templated":true}]}}