{"id":2664,"date":"2025-06-22T14:08:18","date_gmt":"2025-06-22T14:08:18","guid":{"rendered":"https:\/\/www.usborkeychain.com\/?post_type=product&#038;p=2664"},"modified":"2025-07-27T10:04:27","modified_gmt":"2025-07-27T10:04:27","slug":"classic-wristband-usb-drive","status":"publish","type":"product","link":"https:\/\/www.usborkeychain.com\/fr\/produit\/classic-wristband-usb-drive\/","title":{"rendered":"Cl\u00e9 USB \u00e0 bracelet en caoutchouc classique"},"content":{"rendered":"<p>La cl\u00e9 USB bracelet est un dispositif de stockage tr\u00e8s cr\u00e9atif qui int\u00e8gre ing\u00e9nieusement la fonction d'une cl\u00e9 USB \u00e0 la forme d'un bracelet. Il s'agit d'un mod\u00e8le de cl\u00e9 USB tr\u00e8s populaire dans le secteur des cadeaux promotionnels. Cette cl\u00e9 USB est non seulement facile \u00e0 transporter, mais aussi tr\u00e8s pratique, et jouit d'une grande popularit\u00e9 aupr\u00e8s des utilisateurs.<\/p>\n\n\n\n<h2 class=\"wp-block-heading\">Pourquoi la cl\u00e9 USB \u00e0 bracelet classique est-elle la plus populaire ?<\/h2>\n\n\n\n<p>Son design unique en est la cl\u00e9. Il place astucieusement l'interface USB \u00e0 l'une des extr\u00e9mit\u00e9s du bracelet, ce qui permet aux utilisateurs de le porter facilement au poignet et de l'utiliser rapidement comme cl\u00e9 USB en cas de besoin. Cette conception est \u00e0 la fois \u00e9l\u00e9gante et pratique, et apporte une grande commodit\u00e9 aux utilisateurs dans la vie quotidienne comme au travail.<\/p>\n\n\n\n<div class=\"wp-block-columns is-layout-flex wp-container-core-columns-is-layout-28f84493 wp-block-columns-is-layout-flex\">\n<div class=\"wp-block-column is-layout-flow wp-block-column-is-layout-flow\">\n<figure class=\"wp-block-image size-full\"><img alt=\"\" fetchpriority=\"high\" decoding=\"async\" width=\"800\" height=\"800\" src=\"https:\/\/www.usborkeychain.com\/wp-content\/uploads\/Silicone-Bracelet-Wrist-Band-pendrive-USB-2.0-USB-Flash-Drive-Memory-Stick.jpg\" class=\"wp-image-2675\" srcset=\"https:\/\/www.usborkeychain.com\/wp-content\/uploads\/Silicone-Bracelet-Wrist-Band-pendrive-USB-2.0-USB-Flash-Drive-Memory-Stick.jpg 800w, https:\/\/www.usborkeychain.com\/wp-content\/uploads\/Silicone-Bracelet-Wrist-Band-pendrive-USB-2.0-USB-Flash-Drive-Memory-Stick-300x300.jpg 300w, https:\/\/www.usborkeychain.com\/wp-content\/uploads\/Silicone-Bracelet-Wrist-Band-pendrive-USB-2.0-USB-Flash-Drive-Memory-Stick-150x150.jpg 150w, https:\/\/www.usborkeychain.com\/wp-content\/uploads\/Silicone-Bracelet-Wrist-Band-pendrive-USB-2.0-USB-Flash-Drive-Memory-Stick-768x768.jpg 768w, https:\/\/www.usborkeychain.com\/wp-content\/uploads\/Silicone-Bracelet-Wrist-Band-pendrive-USB-2.0-USB-Flash-Drive-Memory-Stick-12x12.jpg 12w, https:\/\/www.usborkeychain.com\/wp-content\/uploads\/Silicone-Bracelet-Wrist-Band-pendrive-USB-2.0-USB-Flash-Drive-Memory-Stick-600x600.jpg 600w, https:\/\/www.usborkeychain.com\/wp-content\/uploads\/Silicone-Bracelet-Wrist-Band-pendrive-USB-2.0-USB-Flash-Drive-Memory-Stick-100x100.jpg 100w\" sizes=\"(max-width: 800px) 100vw, 800px\" \/><\/figure>\n<\/div>\n\n\n\n<div class=\"wp-block-column is-layout-flow wp-block-column-is-layout-flow\">\n<figure class=\"wp-block-image size-full\"><img alt=\"\" decoding=\"async\" width=\"800\" height=\"800\" src=\"https:\/\/www.usborkeychain.com\/wp-content\/uploads\/Wristband-USB-Flash-Drive-size.jpg\" class=\"wp-image-2677\" srcset=\"https:\/\/www.usborkeychain.com\/wp-content\/uploads\/Wristband-USB-Flash-Drive-size.jpg 800w, https:\/\/www.usborkeychain.com\/wp-content\/uploads\/Wristband-USB-Flash-Drive-size-300x300.jpg 300w, https:\/\/www.usborkeychain.com\/wp-content\/uploads\/Wristband-USB-Flash-Drive-size-150x150.jpg 150w, https:\/\/www.usborkeychain.com\/wp-content\/uploads\/Wristband-USB-Flash-Drive-size-768x768.jpg 768w, https:\/\/www.usborkeychain.com\/wp-content\/uploads\/Wristband-USB-Flash-Drive-size-12x12.jpg 12w, https:\/\/www.usborkeychain.com\/wp-content\/uploads\/Wristband-USB-Flash-Drive-size-600x600.jpg 600w, https:\/\/www.usborkeychain.com\/wp-content\/uploads\/Wristband-USB-Flash-Drive-size-100x100.jpg 100w\" sizes=\"(max-width: 800px) 100vw, 800px\" \/><\/figure>\n<\/div>\n\n\n\n<div class=\"wp-block-column is-layout-flow wp-block-column-is-layout-flow\">\n<figure class=\"wp-block-image size-full\"><img alt=\"\" decoding=\"async\" width=\"800\" height=\"800\" src=\"https:\/\/www.usborkeychain.com\/wp-content\/uploads\/Wristband-USB-Flash-Drive-use.jpg\" class=\"wp-image-2678\" srcset=\"https:\/\/www.usborkeychain.com\/wp-content\/uploads\/Wristband-USB-Flash-Drive-use.jpg 800w, https:\/\/www.usborkeychain.com\/wp-content\/uploads\/Wristband-USB-Flash-Drive-use-300x300.jpg 300w, https:\/\/www.usborkeychain.com\/wp-content\/uploads\/Wristband-USB-Flash-Drive-use-150x150.jpg 150w, https:\/\/www.usborkeychain.com\/wp-content\/uploads\/Wristband-USB-Flash-Drive-use-768x768.jpg 768w, https:\/\/www.usborkeychain.com\/wp-content\/uploads\/Wristband-USB-Flash-Drive-use-12x12.jpg 12w, https:\/\/www.usborkeychain.com\/wp-content\/uploads\/Wristband-USB-Flash-Drive-use-600x600.jpg 600w, https:\/\/www.usborkeychain.com\/wp-content\/uploads\/Wristband-USB-Flash-Drive-use-100x100.jpg 100w\" sizes=\"(max-width: 800px) 100vw, 800px\" \/><\/figure>\n<\/div>\n<\/div>\n\n\n\n<h2 class=\"wp-block-heading\">Quels sont les mat\u00e9riaux de la cl\u00e9 USB \u00e0 bracelet ?<\/h2>\n\n\n\n<p>La cl\u00e9 USB \u00e0 bracelet est g\u00e9n\u00e9ralement compos\u00e9e de deux mat\u00e9riaux. L'un est le caoutchouc souple PVC, qui a la pr\u00e9f\u00e9rence d'environ 90% des clients en raison de son faible co\u00fbt, de sa texture douce et de sa bonne durabilit\u00e9. L'autre est le silicone, qui, bien que plus cher, est plus souple et plus respectueux de l'environnement, ce qui en fait un bon choix pour les clients ayant des besoins sp\u00e9cifiques. Que les fabricants produisent en masse ou que les clients personnalisent, ils peuvent choisir les mat\u00e9riaux appropri\u00e9s en fonction de leurs propres exigences.<\/p>\n\n\n\n<div class=\"wp-block-columns is-layout-flex wp-container-core-columns-is-layout-28f84493 wp-block-columns-is-layout-flex\">\n<div class=\"wp-block-column is-layout-flow wp-block-column-is-layout-flow\">\n<figure class=\"wp-block-image size-full\"><img alt=\"\" loading=\"lazy\" decoding=\"async\" width=\"640\" height=\"640\" src=\"https:\/\/www.usborkeychain.com\/wp-content\/uploads\/yellow-wristband-flash-drive.jpg\" class=\"wp-image-2679\" srcset=\"https:\/\/www.usborkeychain.com\/wp-content\/uploads\/yellow-wristband-flash-drive.jpg 640w, https:\/\/www.usborkeychain.com\/wp-content\/uploads\/yellow-wristband-flash-drive-300x300.jpg 300w, https:\/\/www.usborkeychain.com\/wp-content\/uploads\/yellow-wristband-flash-drive-150x150.jpg 150w, https:\/\/www.usborkeychain.com\/wp-content\/uploads\/yellow-wristband-flash-drive-12x12.jpg 12w, https:\/\/www.usborkeychain.com\/wp-content\/uploads\/yellow-wristband-flash-drive-600x600.jpg 600w, https:\/\/www.usborkeychain.com\/wp-content\/uploads\/yellow-wristband-flash-drive-100x100.jpg 100w\" sizes=\"(max-width: 640px) 100vw, 640px\" \/><\/figure>\n<\/div>\n\n\n\n<div class=\"wp-block-column is-layout-flow wp-block-column-is-layout-flow\">\n<figure class=\"wp-block-image size-full\"><img alt=\"\" loading=\"lazy\" decoding=\"async\" width=\"640\" height=\"640\" src=\"https:\/\/www.usborkeychain.com\/wp-content\/uploads\/red-wristband-flash-drive.jpg\" class=\"wp-image-2674\" srcset=\"https:\/\/www.usborkeychain.com\/wp-content\/uploads\/red-wristband-flash-drive.jpg 640w, https:\/\/www.usborkeychain.com\/wp-content\/uploads\/red-wristband-flash-drive-300x300.jpg 300w, https:\/\/www.usborkeychain.com\/wp-content\/uploads\/red-wristband-flash-drive-150x150.jpg 150w, https:\/\/www.usborkeychain.com\/wp-content\/uploads\/red-wristband-flash-drive-12x12.jpg 12w, https:\/\/www.usborkeychain.com\/wp-content\/uploads\/red-wristband-flash-drive-600x600.jpg 600w, https:\/\/www.usborkeychain.com\/wp-content\/uploads\/red-wristband-flash-drive-100x100.jpg 100w\" sizes=\"(max-width: 640px) 100vw, 640px\" \/><\/figure>\n<\/div>\n\n\n\n<div class=\"wp-block-column is-layout-flow wp-block-column-is-layout-flow\">\n<figure class=\"wp-block-image size-full\"><img alt=\"\" loading=\"lazy\" decoding=\"async\" width=\"640\" height=\"640\" src=\"https:\/\/www.usborkeychain.com\/wp-content\/uploads\/purple-wristband-flash-drive.jpg\" class=\"wp-image-2673\" srcset=\"https:\/\/www.usborkeychain.com\/wp-content\/uploads\/purple-wristband-flash-drive.jpg 640w, https:\/\/www.usborkeychain.com\/wp-content\/uploads\/purple-wristband-flash-drive-300x300.jpg 300w, https:\/\/www.usborkeychain.com\/wp-content\/uploads\/purple-wristband-flash-drive-150x150.jpg 150w, https:\/\/www.usborkeychain.com\/wp-content\/uploads\/purple-wristband-flash-drive-12x12.jpg 12w, https:\/\/www.usborkeychain.com\/wp-content\/uploads\/purple-wristband-flash-drive-600x600.jpg 600w, https:\/\/www.usborkeychain.com\/wp-content\/uploads\/purple-wristband-flash-drive-100x100.jpg 100w\" sizes=\"(max-width: 640px) 100vw, 640px\" \/><\/figure>\n<\/div>\n\n\n\n<div class=\"wp-block-column is-layout-flow wp-block-column-is-layout-flow\">\n<figure class=\"wp-block-image size-full\"><img alt=\"\" loading=\"lazy\" decoding=\"async\" width=\"640\" height=\"640\" src=\"https:\/\/www.usborkeychain.com\/wp-content\/uploads\/blue-usb-drive-bracelet.jpg\" class=\"wp-image-2668\" srcset=\"https:\/\/www.usborkeychain.com\/wp-content\/uploads\/blue-usb-drive-bracelet.jpg 640w, https:\/\/www.usborkeychain.com\/wp-content\/uploads\/blue-usb-drive-bracelet-300x300.jpg 300w, https:\/\/www.usborkeychain.com\/wp-content\/uploads\/blue-usb-drive-bracelet-150x150.jpg 150w, https:\/\/www.usborkeychain.com\/wp-content\/uploads\/blue-usb-drive-bracelet-12x12.jpg 12w, https:\/\/www.usborkeychain.com\/wp-content\/uploads\/blue-usb-drive-bracelet-600x600.jpg 600w, https:\/\/www.usborkeychain.com\/wp-content\/uploads\/blue-usb-drive-bracelet-100x100.jpg 100w\" sizes=\"(max-width: 640px) 100vw, 640px\" \/><\/figure>\n<\/div>\n<\/div>\n\n\n\n<div class=\"wp-block-columns is-layout-flex wp-container-core-columns-is-layout-28f84493 wp-block-columns-is-layout-flex\">\n<div class=\"wp-block-column is-layout-flow wp-block-column-is-layout-flow\">\n<figure class=\"wp-block-image size-full\"><img alt=\"\" loading=\"lazy\" decoding=\"async\" width=\"640\" height=\"640\" src=\"https:\/\/www.usborkeychain.com\/wp-content\/uploads\/pink-wristband-flash-drive.jpg\" class=\"wp-image-2672\" srcset=\"https:\/\/www.usborkeychain.com\/wp-content\/uploads\/pink-wristband-flash-drive.jpg 640w, https:\/\/www.usborkeychain.com\/wp-content\/uploads\/pink-wristband-flash-drive-300x300.jpg 300w, https:\/\/www.usborkeychain.com\/wp-content\/uploads\/pink-wristband-flash-drive-150x150.jpg 150w, https:\/\/www.usborkeychain.com\/wp-content\/uploads\/pink-wristband-flash-drive-12x12.jpg 12w, https:\/\/www.usborkeychain.com\/wp-content\/uploads\/pink-wristband-flash-drive-600x600.jpg 600w, https:\/\/www.usborkeychain.com\/wp-content\/uploads\/pink-wristband-flash-drive-100x100.jpg 100w\" sizes=\"(max-width: 640px) 100vw, 640px\" \/><\/figure>\n<\/div>\n\n\n\n<div class=\"wp-block-column is-layout-flow wp-block-column-is-layout-flow\">\n<figure class=\"wp-block-image size-full\"><img alt=\"\" loading=\"lazy\" decoding=\"async\" width=\"640\" height=\"640\" src=\"https:\/\/www.usborkeychain.com\/wp-content\/uploads\/green-wristband-flash-drive.jpg\" class=\"wp-image-2671\" srcset=\"https:\/\/www.usborkeychain.com\/wp-content\/uploads\/green-wristband-flash-drive.jpg 640w, https:\/\/www.usborkeychain.com\/wp-content\/uploads\/green-wristband-flash-drive-300x300.jpg 300w, https:\/\/www.usborkeychain.com\/wp-content\/uploads\/green-wristband-flash-drive-150x150.jpg 150w, https:\/\/www.usborkeychain.com\/wp-content\/uploads\/green-wristband-flash-drive-12x12.jpg 12w, https:\/\/www.usborkeychain.com\/wp-content\/uploads\/green-wristband-flash-drive-600x600.jpg 600w, https:\/\/www.usborkeychain.com\/wp-content\/uploads\/green-wristband-flash-drive-100x100.jpg 100w\" sizes=\"(max-width: 640px) 100vw, 640px\" \/><\/figure>\n<\/div>\n\n\n\n<div class=\"wp-block-column is-layout-flow wp-block-column-is-layout-flow\">\n<figure class=\"wp-block-image size-full\"><img alt=\"\" loading=\"lazy\" decoding=\"async\" width=\"640\" height=\"640\" src=\"https:\/\/www.usborkeychain.com\/wp-content\/uploads\/dark-blue-wristband-flash-drive.jpg\" class=\"wp-image-2670\" srcset=\"https:\/\/www.usborkeychain.com\/wp-content\/uploads\/dark-blue-wristband-flash-drive.jpg 640w, https:\/\/www.usborkeychain.com\/wp-content\/uploads\/dark-blue-wristband-flash-drive-300x300.jpg 300w, https:\/\/www.usborkeychain.com\/wp-content\/uploads\/dark-blue-wristband-flash-drive-150x150.jpg 150w, https:\/\/www.usborkeychain.com\/wp-content\/uploads\/dark-blue-wristband-flash-drive-12x12.jpg 12w, https:\/\/www.usborkeychain.com\/wp-content\/uploads\/dark-blue-wristband-flash-drive-600x600.jpg 600w, https:\/\/www.usborkeychain.com\/wp-content\/uploads\/dark-blue-wristband-flash-drive-100x100.jpg 100w\" sizes=\"(max-width: 640px) 100vw, 640px\" \/><\/figure>\n<\/div>\n\n\n\n<div class=\"wp-block-column is-layout-flow wp-block-column-is-layout-flow\">\n<figure class=\"wp-block-image size-full\"><img alt=\"\" loading=\"lazy\" decoding=\"async\" width=\"640\" height=\"640\" src=\"https:\/\/www.usborkeychain.com\/wp-content\/uploads\/black-usb-wristband.jpg\" class=\"wp-image-2667\" srcset=\"https:\/\/www.usborkeychain.com\/wp-content\/uploads\/black-usb-wristband.jpg 640w, https:\/\/www.usborkeychain.com\/wp-content\/uploads\/black-usb-wristband-300x300.jpg 300w, https:\/\/www.usborkeychain.com\/wp-content\/uploads\/black-usb-wristband-150x150.jpg 150w, https:\/\/www.usborkeychain.com\/wp-content\/uploads\/black-usb-wristband-12x12.jpg 12w, https:\/\/www.usborkeychain.com\/wp-content\/uploads\/black-usb-wristband-600x600.jpg 600w, https:\/\/www.usborkeychain.com\/wp-content\/uploads\/black-usb-wristband-100x100.jpg 100w\" sizes=\"(max-width: 640px) 100vw, 640px\" \/><\/figure>\n<\/div>\n<\/div>\n\n\n\n<h2 class=\"wp-block-heading\">Param\u00e8tres de la cl\u00e9 USB \u00e0 bracelet :<\/h2>\n\n\n\n<figure class=\"wp-block-table\"><table class=\"has-fixed-layout\"><thead><tr><th>Param\u00e8tres<\/th><th>D\u00e9tails<\/th><\/tr><\/thead><tbody><tr><td>Capacit\u00e9 de stockage<\/td><td>Les mod\u00e8les les plus courants sont 4GB, 8GB, 16GB, 32GB, etc. et peuvent \u00eatre personnalis\u00e9s en fonction des besoins du client.<\/td><\/tr><tr><td>Vitesse de transfert des donn\u00e9es<\/td><td>La vitesse de lecture g\u00e9n\u00e9rale de l'interface USB2.0 est de 15 Mo\/s ; la vitesse de lecture de l'interface USB3.0 peut atteindre 400 Mo\/s.<\/td><\/tr><tr><td>Taille<\/td><td>La longueur du bracelet est g\u00e9n\u00e9ralement comprise entre 20 et 25 cm, la largeur est de 2 \u00e0 3 cm, et la cl\u00e9 USB mesure de 3 \u00e0 5 cm de long et de 1 \u00e0 2 cm de large.<\/td><\/tr><tr><td>Poids<\/td><td>Environ 15 \u00e0 25 g (variable selon la capacit\u00e9 et le mat\u00e9riau).<\/td><\/tr><\/tbody><\/table><\/figure>\n\n\n\n<h2 class=\"wp-block-heading\">La cl\u00e9 USB \u00e0 bracelet peut-elle \u00eatre personnalis\u00e9e avec un logo ?<\/h2>\n\n\n\n<p>La r\u00e9ponse est oui. En ce qui concerne la personnalisation de la cl\u00e9 USB \u00e0 bracelet, il existe de nombreuses options. Vous pouvez choisir d'imprimer en couleur le logo et les motifs sur l'ensemble du bracelet pour cr\u00e9er un aspect hautement personnalis\u00e9. Si vous souhaitez que le bracelet reste simple, vous pouvez \u00e9galement imprimer le logo uniquement au niveau de l'interface du bracelet, ce qui est discret mais permet de refl\u00e9ter les caract\u00e9ristiques de la marque. Que les usines personnalisent en masse ou que les particuliers personnalisent en petites quantit\u00e9s, les besoins peuvent \u00eatre satisfaits.<\/p>\n\n\n\n<p>En conclusion, la cl\u00e9 USB \u00e0 bracelet classique, avec son design unique, ses diff\u00e9rents choix de mat\u00e9riaux, ses options de personnalisation flexibles et ses configurations de param\u00e8tres pratiques, est devenue un produit hautement comp\u00e9titif sur le march\u00e9 des cl\u00e9s USB, et constitue un bon choix pour la vente en gros et la personnalisation.<\/p>","protected":false},"excerpt":{"rendered":"<ul>\n<li>Mati\u00e8re PVC<\/li>\n<li>Bracelet<\/li>\n<li>Plus de 20 couleurs<\/li>\n<li>206 mm de long<\/li>\n<li>Possibilit\u00e9 d'apposer le logo de la Commission sur la bande passante<\/li>\n<\/ul>","protected":false},"featured_media":2675,"comment_status":"open","ping_status":"closed","template":"","meta":{"_seopress_robots_primary_cat":"","_seopress_titles_title":"","_seopress_titles_desc":"","_seopress_robots_index":"","site-sidebar-layout":"default","site-content-layout":"","ast-site-content-layout":"","site-content-style":"default","site-sidebar-style":"default","ast-global-header-display":"","ast-banner-title-visibility":"","ast-main-header-display":"","ast-hfb-above-header-display":"","ast-hfb-below-header-display":"","ast-hfb-mobile-header-display":"","site-post-title":"","ast-breadcrumbs-content":"","ast-featured-img":"","footer-sml-layout":"","theme-transparent-header-meta":"","adv-header-id-meta":"","stick-header-meta":"","header-above-stick-meta":"","header-main-stick-meta":"","header-below-stick-meta":"","astra-migrate-meta-layouts":"default","ast-page-background-enabled":"default","ast-page-background-meta":{"desktop":{"background-color":"var(--ast-global-color-5)","background-image":"","background-repeat":"repeat","background-position":"center center","background-size":"auto","background-attachment":"scroll","background-type":"","background-media":"","overlay-type":"","overlay-color":"","overlay-opacity":"","overlay-gradient":""},"tablet":{"background-color":"","background-image":"","background-repeat":"repeat","background-position":"center center","background-size":"auto","background-attachment":"scroll","background-type":"","background-media":"","overlay-type":"","overlay-color":"","overlay-opacity":"","overlay-gradient":""},"mobile":{"background-color":"","background-image":"","background-repeat":"repeat","background-position":"center center","background-size":"auto","background-attachment":"scroll","background-type":"","background-media":"","overlay-type":"","overlay-color":"","overlay-opacity":"","overlay-gradient":""}},"ast-content-background-meta":{"desktop":{"background-color":"var(--ast-global-color-4)","background-image":"","background-repeat":"repeat","background-position":"center center","background-size":"auto","background-attachment":"scroll","background-type":"","background-media":"","overlay-type":"","overlay-color":"","overlay-opacity":"","overlay-gradient":""},"tablet":{"background-color":"var(--ast-global-color-4)","background-image":"","background-repeat":"repeat","background-position":"center center","background-size":"auto","background-attachment":"scroll","background-type":"","background-media":"","overlay-type":"","overlay-color":"","overlay-opacity":"","overlay-gradient":""},"mobile":{"background-color":"var(--ast-global-color-4)","background-image":"","background-repeat":"repeat","background-position":"center center","background-size":"auto","background-attachment":"scroll","background-type":"","background-media":"","overlay-type":"","overlay-color":"","overlay-opacity":"","overlay-gradient":""}}},"product_brand":[],"product_cat":[97],"product_tag":[173],"class_list":{"0":"post-2664","1":"product","2":"type-product","3":"status-publish","4":"has-post-thumbnail","6":"product_cat-wristband-usb-drives","7":"product_tag-silicone-usb-flash-drive","8":"desktop-align-left","9":"tablet-align-left","10":"mobile-align-left","12":"first","13":"instock","14":"shipping-taxable","15":"product-type-simple"},"_links":{"self":[{"href":"https:\/\/www.usborkeychain.com\/fr\/wp-json\/wp\/v2\/product\/2664","targetHints":{"allow":["GET"]}}],"collection":[{"href":"https:\/\/www.usborkeychain.com\/fr\/wp-json\/wp\/v2\/product"}],"about":[{"href":"https:\/\/www.usborkeychain.com\/fr\/wp-json\/wp\/v2\/types\/product"}],"replies":[{"embeddable":true,"href":"https:\/\/www.usborkeychain.com\/fr\/wp-json\/wp\/v2\/comments?post=2664"}],"wp:featuredmedia":[{"embeddable":true,"href":"https:\/\/www.usborkeychain.com\/fr\/wp-json\/wp\/v2\/media\/2675"}],"wp:attachment":[{"href":"https:\/\/www.usborkeychain.com\/fr\/wp-json\/wp\/v2\/media?parent=2664"}],"wp:term":[{"taxonomy":"product_brand","embeddable":true,"href":"https:\/\/www.usborkeychain.com\/fr\/wp-json\/wp\/v2\/product_brand?post=2664"},{"taxonomy":"product_cat","embeddable":true,"href":"https:\/\/www.usborkeychain.com\/fr\/wp-json\/wp\/v2\/product_cat?post=2664"},{"taxonomy":"product_tag","embeddable":true,"href":"https:\/\/www.usborkeychain.com\/fr\/wp-json\/wp\/v2\/product_tag?post=2664"}],"curies":[{"name":"wp","href":"https:\/\/api.w.org\/{rel}","templated":true}]}}