{"id":2692,"date":"2025-06-23T02:58:01","date_gmt":"2025-06-23T02:58:01","guid":{"rendered":"https:\/\/www.usborkeychain.com\/?post_type=product&#038;p=2692"},"modified":"2025-06-23T03:04:03","modified_gmt":"2025-06-23T03:04:03","slug":"swarovski-crystal-flash-drive","status":"publish","type":"product","link":"https:\/\/www.usborkeychain.com\/fr\/produit\/swarovski-crystal-flash-drive\/","title":{"rendered":"Cl\u00e9 USB en cristal Swarovski color\u00e9"},"content":{"rendered":"<h2 class=\"wp-block-heading\">Pr\u00e9sentation de la cl\u00e9 USB classique en cristal de Swarovski<\/h2>\n\n\n\n<div class=\"wp-block-columns is-layout-flex wp-container-core-columns-is-layout-28f84493 wp-block-columns-is-layout-flex\">\n<div class=\"wp-block-column is-layout-flow wp-block-column-is-layout-flow\">\n<figure class=\"wp-block-image size-full\"><img alt=\"\" fetchpriority=\"high\" decoding=\"async\" width=\"696\" height=\"696\" src=\"https:\/\/www.usborkeychain.com\/wp-content\/uploads\/O1CN01r5ofeI2DMZ93FvEIH_984728595-0-cib.jpg_.webp.jpg\" class=\"wp-image-2700\" srcset=\"https:\/\/www.usborkeychain.com\/wp-content\/uploads\/O1CN01r5ofeI2DMZ93FvEIH_984728595-0-cib.jpg_.webp.jpg 696w, https:\/\/www.usborkeychain.com\/wp-content\/uploads\/O1CN01r5ofeI2DMZ93FvEIH_984728595-0-cib.jpg_.webp-300x300.jpg 300w, https:\/\/www.usborkeychain.com\/wp-content\/uploads\/O1CN01r5ofeI2DMZ93FvEIH_984728595-0-cib.jpg_.webp-150x150.jpg 150w, https:\/\/www.usborkeychain.com\/wp-content\/uploads\/O1CN01r5ofeI2DMZ93FvEIH_984728595-0-cib.jpg_.webp-12x12.jpg 12w, https:\/\/www.usborkeychain.com\/wp-content\/uploads\/O1CN01r5ofeI2DMZ93FvEIH_984728595-0-cib.jpg_.webp-600x600.jpg 600w, https:\/\/www.usborkeychain.com\/wp-content\/uploads\/O1CN01r5ofeI2DMZ93FvEIH_984728595-0-cib.jpg_.webp-100x100.jpg 100w\" sizes=\"(max-width: 696px) 100vw, 696px\" \/><\/figure>\n<\/div>\n\n\n\n<div class=\"wp-block-column is-vertically-aligned-center is-layout-flow wp-block-column-is-layout-flow\">\n<p>Cette cl\u00e9 USB classique en cristal Swarovski, soigneusement fabriqu\u00e9e par le fabricant, est un mod\u00e8le tr\u00e8s repr\u00e9sentatif de la s\u00e9rie des cl\u00e9s USB en cristal. Avec son design unique et sa haute qualit\u00e9, elle est devenue l'un des mod\u00e8les de cl\u00e9 USB les plus appr\u00e9ci\u00e9s dans le secteur des cadeaux promotionnels. <\/p>\n\n\n\n<p>Elle allie parfaitement l'\u00e9clat des cristaux Swarovski \u00e0 la fonction pratique d'une cl\u00e9 USB, ce qui t\u00e9moigne d'un go\u00fbt et d'une valeur haut de gamme et \u00e0 la mode, que ce soit pour un usage personnel ou comme cadeau.<\/p>\n<\/div>\n<\/div>\n\n\n\n<p><\/p>\n\n\n\n<h2 class=\"wp-block-heading\">Quel est le mat\u00e9riau de la cl\u00e9 USB en cristal Swarovski ?<\/h2>\n\n\n\n<p>La coque de cette cl\u00e9 USB est fabriqu\u00e9e en acrylique transparent de haute qualit\u00e9, l'usine contr\u00f4lant strictement le processus de production pour garantir la transparence et la durabilit\u00e9 du mat\u00e9riau. L'int\u00e9rieur est rempli de cristaux Swarovski de diff\u00e9rentes couleurs, soigneusement s\u00e9lectionn\u00e9s pour leur \u00e9clat brillant et leur excellente texture. L'interface est en m\u00e9tal brillant. Les nombreuses options de couleurs peuvent r\u00e9pondre aux besoins de diff\u00e9rents clients, qu'il s'agisse de la personnalisation de cadeaux promotionnels d'entreprise ou d'un usage personnel, permettant aux utilisateurs de trouver des combinaisons de couleurs appropri\u00e9es.<\/p>\n\n\n\n<div class=\"wp-block-columns is-layout-flex wp-container-core-columns-is-layout-28f84493 wp-block-columns-is-layout-flex\">\n<div class=\"wp-block-column is-layout-flow wp-block-column-is-layout-flow\">\n<figure class=\"wp-block-image size-full\"><img alt=\"\" decoding=\"async\" width=\"800\" height=\"800\" src=\"https:\/\/www.usborkeychain.com\/wp-content\/uploads\/swarovski-flash-disk.jpg\" class=\"wp-image-2706\" srcset=\"https:\/\/www.usborkeychain.com\/wp-content\/uploads\/swarovski-flash-disk.jpg 800w, https:\/\/www.usborkeychain.com\/wp-content\/uploads\/swarovski-flash-disk-300x300.jpg 300w, https:\/\/www.usborkeychain.com\/wp-content\/uploads\/swarovski-flash-disk-150x150.jpg 150w, https:\/\/www.usborkeychain.com\/wp-content\/uploads\/swarovski-flash-disk-768x768.jpg 768w, https:\/\/www.usborkeychain.com\/wp-content\/uploads\/swarovski-flash-disk-12x12.jpg 12w, https:\/\/www.usborkeychain.com\/wp-content\/uploads\/swarovski-flash-disk-600x600.jpg 600w, https:\/\/www.usborkeychain.com\/wp-content\/uploads\/swarovski-flash-disk-100x100.jpg 100w\" sizes=\"(max-width: 800px) 100vw, 800px\" \/><\/figure>\n<\/div>\n\n\n\n<div class=\"wp-block-column is-layout-flow wp-block-column-is-layout-flow\">\n<figure class=\"wp-block-image size-full\"><img alt=\"\" decoding=\"async\" width=\"1000\" height=\"1000\" src=\"https:\/\/www.usborkeychain.com\/wp-content\/uploads\/colorful-swarovski-crystal-flip-usb-pendrive.jpg\" class=\"wp-image-2696\" srcset=\"https:\/\/www.usborkeychain.com\/wp-content\/uploads\/colorful-swarovski-crystal-flip-usb-pendrive.jpg 1000w, https:\/\/www.usborkeychain.com\/wp-content\/uploads\/colorful-swarovski-crystal-flip-usb-pendrive-300x300.jpg 300w, https:\/\/www.usborkeychain.com\/wp-content\/uploads\/colorful-swarovski-crystal-flip-usb-pendrive-150x150.jpg 150w, https:\/\/www.usborkeychain.com\/wp-content\/uploads\/colorful-swarovski-crystal-flip-usb-pendrive-768x768.jpg 768w, https:\/\/www.usborkeychain.com\/wp-content\/uploads\/colorful-swarovski-crystal-flip-usb-pendrive-12x12.jpg 12w, https:\/\/www.usborkeychain.com\/wp-content\/uploads\/colorful-swarovski-crystal-flip-usb-pendrive-600x600.jpg 600w, https:\/\/www.usborkeychain.com\/wp-content\/uploads\/colorful-swarovski-crystal-flip-usb-pendrive-100x100.jpg 100w\" sizes=\"(max-width: 1000px) 100vw, 1000px\" \/><\/figure>\n<\/div>\n\n\n\n<div class=\"wp-block-column is-layout-flow wp-block-column-is-layout-flow\">\n<figure class=\"wp-block-image size-full\"><img alt=\"\" loading=\"lazy\" decoding=\"async\" width=\"1000\" height=\"1000\" src=\"https:\/\/www.usborkeychain.com\/wp-content\/uploads\/High-Speed-Crystal-Glass-U-Disk.jpg\" class=\"wp-image-2698\" srcset=\"https:\/\/www.usborkeychain.com\/wp-content\/uploads\/High-Speed-Crystal-Glass-U-Disk.jpg 1000w, https:\/\/www.usborkeychain.com\/wp-content\/uploads\/High-Speed-Crystal-Glass-U-Disk-300x300.jpg 300w, https:\/\/www.usborkeychain.com\/wp-content\/uploads\/High-Speed-Crystal-Glass-U-Disk-150x150.jpg 150w, https:\/\/www.usborkeychain.com\/wp-content\/uploads\/High-Speed-Crystal-Glass-U-Disk-768x768.jpg 768w, https:\/\/www.usborkeychain.com\/wp-content\/uploads\/High-Speed-Crystal-Glass-U-Disk-12x12.jpg 12w, https:\/\/www.usborkeychain.com\/wp-content\/uploads\/High-Speed-Crystal-Glass-U-Disk-600x600.jpg 600w, https:\/\/www.usborkeychain.com\/wp-content\/uploads\/High-Speed-Crystal-Glass-U-Disk-100x100.jpg 100w\" sizes=\"(max-width: 1000px) 100vw, 1000px\" \/><\/figure>\n<\/div>\n<\/div>\n\n\n\n<h2 class=\"wp-block-heading\">Quels sont les param\u00e8tres de la cl\u00e9 USB en cristal Swarovski ?<\/h2>\n\n\n\n<p>Voici les param\u00e8tres d\u00e9taill\u00e9s de la cl\u00e9 USB en cristal Swarovski. Comme il s'agit d'un produit lanc\u00e9 par le fabricant, la conception de ses param\u00e8tres tient pleinement compte des aspects pratiques et esth\u00e9tiques :<\/p>\n\n\n\n<figure class=\"wp-block-table\"><table class=\"has-fixed-layout\"><thead><tr><th>Cat\u00e9gorie de param\u00e8tres<\/th><th>Param\u00e8tres<\/th><\/tr><\/thead><tbody><tr><td>Capacit\u00e9 de stockage<\/td><td>8GB, 16GB, 32GB, 64GB (des capacit\u00e9s plus importantes peuvent \u00eatre personnalis\u00e9es en fonction des besoins du client)<\/td><\/tr><tr><td>Type d'interface<\/td><td>USB 2.0\/USB 3.0 (en option)<\/td><\/tr><tr><td>Vitesse de transfert<\/td><td>USB 2.0 : Vitesse de lecture env. 25 Mo\/s, vitesse d'\u00e9criture env. 15 Mo\/s ; USB 3.0 : Vitesse de lecture env. 450MB\/s<\/td><\/tr><tr><td>Mat\u00e9riau<\/td><td>Coque : acrylique transparent ; int\u00e9rieur : incrust\u00e9 de cristaux Swarovski<\/td><\/tr><tr><td>Dimensions<\/td><td>6,8 x 1,6 x 1cm<\/td><\/tr><tr><td>Temp\u00e9rature de fonctionnement<\/td><td>0\u2103 - 60\u2103<\/td><\/tr><tr><td>Temp\u00e9rature de stockage<\/td><td>-20\u2103 - 85\u2103<\/td><\/tr><tr><td>Poids<\/td><td>Environ 15 g<\/td><\/tr><\/tbody><\/table><\/figure>\n\n\n\n<h2 class=\"wp-block-heading\">Comment cr\u00e9er un set avec la cl\u00e9 USB en cristal Swarovski ?<\/h2>\n\n\n\n<p>Le fabricant propose un set de cl\u00e9s USB en cristal Swarovski, combinant la cl\u00e9 USB en cristal avec un stylo USB en cristal. Cette combinaison est devenue un choix populaire pour des \u00e9v\u00e9nements tels que les mariages, les d\u00e9fil\u00e9s de mode et les expositions de bijoux. L'ensemble est d'une conception exquise, mettant en valeur une qualit\u00e9 haut de gamme et un style unique, qu'il soit utilis\u00e9 comme cadeau de retour pour les invit\u00e9s lors de mariages ou comme cadeau promotionnel pour les \u00e9v\u00e9nements de mode et les expositions de bijoux. L'usine peut fournir un emballage personnalis\u00e9 pour l'ensemble selon les besoins du client, ce qui renforce encore l'attrait du produit.<\/p>\n\n\n\n<div class=\"wp-block-columns is-layout-flex wp-container-core-columns-is-layout-28f84493 wp-block-columns-is-layout-flex\">\n<div class=\"wp-block-column is-layout-flow wp-block-column-is-layout-flow\">\n<figure class=\"wp-block-image size-full\"><img alt=\"\" loading=\"lazy\" decoding=\"async\" width=\"800\" height=\"800\" src=\"https:\/\/www.usborkeychain.com\/wp-content\/uploads\/purple-swarovski-crystal-flip-usb-pendrive.jpg\" class=\"wp-image-2703\" srcset=\"https:\/\/www.usborkeychain.com\/wp-content\/uploads\/purple-swarovski-crystal-flip-usb-pendrive.jpg 800w, https:\/\/www.usborkeychain.com\/wp-content\/uploads\/purple-swarovski-crystal-flip-usb-pendrive-300x300.jpg 300w, https:\/\/www.usborkeychain.com\/wp-content\/uploads\/purple-swarovski-crystal-flip-usb-pendrive-150x150.jpg 150w, https:\/\/www.usborkeychain.com\/wp-content\/uploads\/purple-swarovski-crystal-flip-usb-pendrive-768x768.jpg 768w, https:\/\/www.usborkeychain.com\/wp-content\/uploads\/purple-swarovski-crystal-flip-usb-pendrive-12x12.jpg 12w, https:\/\/www.usborkeychain.com\/wp-content\/uploads\/purple-swarovski-crystal-flip-usb-pendrive-600x600.jpg 600w, https:\/\/www.usborkeychain.com\/wp-content\/uploads\/purple-swarovski-crystal-flip-usb-pendrive-100x100.jpg 100w\" sizes=\"(max-width: 800px) 100vw, 800px\" \/><\/figure>\n<\/div>\n\n\n\n<div class=\"wp-block-column is-layout-flow wp-block-column-is-layout-flow\">\n<figure class=\"wp-block-image size-full\"><img alt=\"\" loading=\"lazy\" decoding=\"async\" width=\"800\" height=\"800\" src=\"https:\/\/www.usborkeychain.com\/wp-content\/uploads\/swhtiewarovski-crystal-flip-usb-pendrive.jpg\" class=\"wp-image-2707\" srcset=\"https:\/\/www.usborkeychain.com\/wp-content\/uploads\/swhtiewarovski-crystal-flip-usb-pendrive.jpg 800w, https:\/\/www.usborkeychain.com\/wp-content\/uploads\/swhtiewarovski-crystal-flip-usb-pendrive-300x300.jpg 300w, https:\/\/www.usborkeychain.com\/wp-content\/uploads\/swhtiewarovski-crystal-flip-usb-pendrive-150x150.jpg 150w, https:\/\/www.usborkeychain.com\/wp-content\/uploads\/swhtiewarovski-crystal-flip-usb-pendrive-768x768.jpg 768w, https:\/\/www.usborkeychain.com\/wp-content\/uploads\/swhtiewarovski-crystal-flip-usb-pendrive-12x12.jpg 12w, https:\/\/www.usborkeychain.com\/wp-content\/uploads\/swhtiewarovski-crystal-flip-usb-pendrive-600x600.jpg 600w, https:\/\/www.usborkeychain.com\/wp-content\/uploads\/swhtiewarovski-crystal-flip-usb-pendrive-100x100.jpg 100w\" sizes=\"(max-width: 800px) 100vw, 800px\" \/><\/figure>\n<\/div>\n\n\n\n<div class=\"wp-block-column is-layout-flow wp-block-column-is-layout-flow\">\n<figure class=\"wp-block-image size-full\"><img alt=\"\" loading=\"lazy\" decoding=\"async\" width=\"800\" height=\"800\" src=\"https:\/\/www.usborkeychain.com\/wp-content\/uploads\/pink-swarovski-crystal-flip-usb-pendrive.jpg\" class=\"wp-image-2702\" srcset=\"https:\/\/www.usborkeychain.com\/wp-content\/uploads\/pink-swarovski-crystal-flip-usb-pendrive.jpg 800w, https:\/\/www.usborkeychain.com\/wp-content\/uploads\/pink-swarovski-crystal-flip-usb-pendrive-300x300.jpg 300w, https:\/\/www.usborkeychain.com\/wp-content\/uploads\/pink-swarovski-crystal-flip-usb-pendrive-150x150.jpg 150w, https:\/\/www.usborkeychain.com\/wp-content\/uploads\/pink-swarovski-crystal-flip-usb-pendrive-768x768.jpg 768w, https:\/\/www.usborkeychain.com\/wp-content\/uploads\/pink-swarovski-crystal-flip-usb-pendrive-12x12.jpg 12w, https:\/\/www.usborkeychain.com\/wp-content\/uploads\/pink-swarovski-crystal-flip-usb-pendrive-600x600.jpg 600w, https:\/\/www.usborkeychain.com\/wp-content\/uploads\/pink-swarovski-crystal-flip-usb-pendrive-100x100.jpg 100w\" sizes=\"(max-width: 800px) 100vw, 800px\" \/><\/figure>\n<\/div>\n<\/div>\n\n\n\n<div class=\"wp-block-columns is-layout-flex wp-container-core-columns-is-layout-28f84493 wp-block-columns-is-layout-flex\">\n<div class=\"wp-block-column is-layout-flow wp-block-column-is-layout-flow\">\n<figure class=\"wp-block-image size-full\"><img alt=\"\" loading=\"lazy\" decoding=\"async\" width=\"800\" height=\"800\" src=\"https:\/\/www.usborkeychain.com\/wp-content\/uploads\/orange-swarovski-flash-drive.jpg\" class=\"wp-image-2701\" srcset=\"https:\/\/www.usborkeychain.com\/wp-content\/uploads\/orange-swarovski-flash-drive.jpg 800w, https:\/\/www.usborkeychain.com\/wp-content\/uploads\/orange-swarovski-flash-drive-300x300.jpg 300w, https:\/\/www.usborkeychain.com\/wp-content\/uploads\/orange-swarovski-flash-drive-150x150.jpg 150w, https:\/\/www.usborkeychain.com\/wp-content\/uploads\/orange-swarovski-flash-drive-768x768.jpg 768w, https:\/\/www.usborkeychain.com\/wp-content\/uploads\/orange-swarovski-flash-drive-12x12.jpg 12w, https:\/\/www.usborkeychain.com\/wp-content\/uploads\/orange-swarovski-flash-drive-600x600.jpg 600w, https:\/\/www.usborkeychain.com\/wp-content\/uploads\/orange-swarovski-flash-drive-100x100.jpg 100w\" sizes=\"(max-width: 800px) 100vw, 800px\" \/><\/figure>\n<\/div>\n\n\n\n<div class=\"wp-block-column is-layout-flow wp-block-column-is-layout-flow\">\n<figure class=\"wp-block-image size-full\"><img alt=\"\" loading=\"lazy\" decoding=\"async\" width=\"800\" height=\"800\" src=\"https:\/\/www.usborkeychain.com\/wp-content\/uploads\/light-blue-swarovski-crystal-flip-usb-pendrive.jpg\" class=\"wp-image-2699\" srcset=\"https:\/\/www.usborkeychain.com\/wp-content\/uploads\/light-blue-swarovski-crystal-flip-usb-pendrive.jpg 800w, https:\/\/www.usborkeychain.com\/wp-content\/uploads\/light-blue-swarovski-crystal-flip-usb-pendrive-300x300.jpg 300w, https:\/\/www.usborkeychain.com\/wp-content\/uploads\/light-blue-swarovski-crystal-flip-usb-pendrive-150x150.jpg 150w, https:\/\/www.usborkeychain.com\/wp-content\/uploads\/light-blue-swarovski-crystal-flip-usb-pendrive-768x768.jpg 768w, https:\/\/www.usborkeychain.com\/wp-content\/uploads\/light-blue-swarovski-crystal-flip-usb-pendrive-12x12.jpg 12w, https:\/\/www.usborkeychain.com\/wp-content\/uploads\/light-blue-swarovski-crystal-flip-usb-pendrive-600x600.jpg 600w, https:\/\/www.usborkeychain.com\/wp-content\/uploads\/light-blue-swarovski-crystal-flip-usb-pendrive-100x100.jpg 100w\" sizes=\"(max-width: 800px) 100vw, 800px\" \/><\/figure>\n<\/div>\n\n\n\n<div class=\"wp-block-column is-layout-flow wp-block-column-is-layout-flow\">\n<figure class=\"wp-block-image size-full\"><img alt=\"\" loading=\"lazy\" decoding=\"async\" width=\"800\" height=\"800\" src=\"https:\/\/www.usborkeychain.com\/wp-content\/uploads\/green-swarovski-crystal-flip-usb-pendrive.jpg\" class=\"wp-image-2697\" srcset=\"https:\/\/www.usborkeychain.com\/wp-content\/uploads\/green-swarovski-crystal-flip-usb-pendrive.jpg 800w, https:\/\/www.usborkeychain.com\/wp-content\/uploads\/green-swarovski-crystal-flip-usb-pendrive-300x300.jpg 300w, https:\/\/www.usborkeychain.com\/wp-content\/uploads\/green-swarovski-crystal-flip-usb-pendrive-150x150.jpg 150w, https:\/\/www.usborkeychain.com\/wp-content\/uploads\/green-swarovski-crystal-flip-usb-pendrive-768x768.jpg 768w, https:\/\/www.usborkeychain.com\/wp-content\/uploads\/green-swarovski-crystal-flip-usb-pendrive-12x12.jpg 12w, https:\/\/www.usborkeychain.com\/wp-content\/uploads\/green-swarovski-crystal-flip-usb-pendrive-600x600.jpg 600w, https:\/\/www.usborkeychain.com\/wp-content\/uploads\/green-swarovski-crystal-flip-usb-pendrive-100x100.jpg 100w\" sizes=\"(max-width: 800px) 100vw, 800px\" \/><\/figure>\n<\/div>\n<\/div>\n\n\n\n<h2 class=\"wp-block-heading\">La cl\u00e9 USB en cristal Swarovski peut-elle \u00eatre personnalis\u00e9e avec un logo ?<\/h2>\n\n\n\n<p>Pour les clients ayant des besoins de personnalisation, le fabricant propose des services professionnels de personnalisation, permettant la gravure au laser de logos et de motifs sur les parties m\u00e9talliques. Cette m\u00e9thode de personnalisation permet non seulement de mettre en valeur l'image de marque de l'entreprise, mais aussi de faire de la cl\u00e9 USB un support promotionnel unique. Qu'elle soit utilis\u00e9e par les entreprises pour des cadeaux d'affaires ou comme souvenir d'un \u00e9v\u00e9nement, la cl\u00e9 USB en cristal Swarovski avec un logo personnalis\u00e9 peut laisser une impression profonde. Par ailleurs, le fabricant prend \u00e9galement en charge les achats en gros, ce qui permet de r\u00e9pondre aux besoins de diff\u00e9rents clients et de leur proposer des solutions plus rentables.<\/p>\n\n\n\n<p>La cl\u00e9 USB classique en cristal Swarovski, avec ses mat\u00e9riaux de haute qualit\u00e9, son design exquis, ses nombreuses options de personnalisation et les services professionnels du fabricant, est devenue un choix id\u00e9al pour les clients B2B dans le domaine des cadeaux promotionnels, des ensembles d'\u00e9v\u00e9nements, etc. Qu'il s'agisse d'achats en gros ou de besoins de personnalisation, le fabricant et l'usine peuvent fournir un soutien solide pour aider les clients \u00e0 mener \u00e0 bien diverses activit\u00e9s commerciales.<\/p>","protected":false},"excerpt":{"rendered":"<ul>\n<li>Mode et tendance Swarovski<\/li>\n<li>Un design unique<\/li>\n<li>Id\u00e9al pour les cadeaux<\/li>\n<li>Utilisation promotionnelle<\/li>\n<li>Possibilit\u00e9 de personnaliser le logo<\/li>\n<\/ul>","protected":false},"featured_media":2704,"comment_status":"open","ping_status":"closed","template":"","meta":{"_seopress_robots_primary_cat":"","_seopress_titles_title":"","_seopress_titles_desc":"","_seopress_robots_index":"","site-sidebar-layout":"default","site-content-layout":"","ast-site-content-layout":"","site-content-style":"default","site-sidebar-style":"default","ast-global-header-display":"","ast-banner-title-visibility":"","ast-main-header-display":"","ast-hfb-above-header-display":"","ast-hfb-below-header-display":"","ast-hfb-mobile-header-display":"","site-post-title":"","ast-breadcrumbs-content":"","ast-featured-img":"","footer-sml-layout":"","theme-transparent-header-meta":"","adv-header-id-meta":"","stick-header-meta":"","header-above-stick-meta":"","header-main-stick-meta":"","header-below-stick-meta":"","astra-migrate-meta-layouts":"default","ast-page-background-enabled":"default","ast-page-background-meta":{"desktop":{"background-color":"var(--ast-global-color-5)","background-image":"","background-repeat":"repeat","background-position":"center center","background-size":"auto","background-attachment":"scroll","background-type":"","background-media":"","overlay-type":"","overlay-color":"","overlay-opacity":"","overlay-gradient":""},"tablet":{"background-color":"","background-image":"","background-repeat":"repeat","background-position":"center center","background-size":"auto","background-attachment":"scroll","background-type":"","background-media":"","overlay-type":"","overlay-color":"","overlay-opacity":"","overlay-gradient":""},"mobile":{"background-color":"","background-image":"","background-repeat":"repeat","background-position":"center center","background-size":"auto","background-attachment":"scroll","background-type":"","background-media":"","overlay-type":"","overlay-color":"","overlay-opacity":"","overlay-gradient":""}},"ast-content-background-meta":{"desktop":{"background-color":"var(--ast-global-color-4)","background-image":"","background-repeat":"repeat","background-position":"center center","background-size":"auto","background-attachment":"scroll","background-type":"","background-media":"","overlay-type":"","overlay-color":"","overlay-opacity":"","overlay-gradient":""},"tablet":{"background-color":"var(--ast-global-color-4)","background-image":"","background-repeat":"repeat","background-position":"center center","background-size":"auto","background-attachment":"scroll","background-type":"","background-media":"","overlay-type":"","overlay-color":"","overlay-opacity":"","overlay-gradient":""},"mobile":{"background-color":"var(--ast-global-color-4)","background-image":"","background-repeat":"repeat","background-position":"center center","background-size":"auto","background-attachment":"scroll","background-type":"","background-media":"","overlay-type":"","overlay-color":"","overlay-opacity":"","overlay-gradient":""}}},"product_brand":[],"product_cat":[91,174],"product_tag":[177,176],"class_list":{"0":"post-2692","1":"product","2":"type-product","3":"status-publish","4":"has-post-thumbnail","6":"product_cat-acrylic-usb-pendrive","7":"product_cat-crystal-usb-pendrive","8":"product_tag-crystal-flash-drive","9":"product_tag-swarovski-crystal-flash-drive","10":"desktop-align-left","11":"tablet-align-left","12":"mobile-align-left","14":"first","15":"instock","16":"shipping-taxable","17":"product-type-simple"},"_links":{"self":[{"href":"https:\/\/www.usborkeychain.com\/fr\/wp-json\/wp\/v2\/product\/2692","targetHints":{"allow":["GET"]}}],"collection":[{"href":"https:\/\/www.usborkeychain.com\/fr\/wp-json\/wp\/v2\/product"}],"about":[{"href":"https:\/\/www.usborkeychain.com\/fr\/wp-json\/wp\/v2\/types\/product"}],"replies":[{"embeddable":true,"href":"https:\/\/www.usborkeychain.com\/fr\/wp-json\/wp\/v2\/comments?post=2692"}],"wp:featuredmedia":[{"embeddable":true,"href":"https:\/\/www.usborkeychain.com\/fr\/wp-json\/wp\/v2\/media\/2704"}],"wp:attachment":[{"href":"https:\/\/www.usborkeychain.com\/fr\/wp-json\/wp\/v2\/media?parent=2692"}],"wp:term":[{"taxonomy":"product_brand","embeddable":true,"href":"https:\/\/www.usborkeychain.com\/fr\/wp-json\/wp\/v2\/product_brand?post=2692"},{"taxonomy":"product_cat","embeddable":true,"href":"https:\/\/www.usborkeychain.com\/fr\/wp-json\/wp\/v2\/product_cat?post=2692"},{"taxonomy":"product_tag","embeddable":true,"href":"https:\/\/www.usborkeychain.com\/fr\/wp-json\/wp\/v2\/product_tag?post=2692"}],"curies":[{"name":"wp","href":"https:\/\/api.w.org\/{rel}","templated":true}]}}