{"id":2708,"date":"2025-06-23T04:02:50","date_gmt":"2025-06-23T04:02:50","guid":{"rendered":"https:\/\/www.usborkeychain.com\/?post_type=product&#038;p=2708"},"modified":"2025-07-25T03:57:24","modified_gmt":"2025-07-25T03:57:24","slug":"plastic-lighter-usb-flash-drive%ef%bc%882-modles%ef%bc%89","status":"publish","type":"product","link":"https:\/\/www.usborkeychain.com\/fr\/produit\/plastic-lighter-usb-flash-drive%ef%bc%882-modles%ef%bc%89\/","title":{"rendered":"Briquet en plastique Cl\u00e9 USB\uff082 modles\uff09"},"content":{"rendered":"<h2 class=\"wp-block-heading\">Pr\u00e9sentation de la cl\u00e9 USB classique avec briquet en plastique<\/h2>\n\n\n\n<p>La cl\u00e9 USB classique \u00e0 briquet en plastique, un nom sp\u00e9cial donn\u00e9 par les fabricants de cl\u00e9s USB, est populaire depuis plus de 20 ans. Avec son design pratique et ultra-simple, elle est devenue l'un des mod\u00e8les de cl\u00e9 USB les plus export\u00e9s. Elle comporte deux mod\u00e8les principaux tr\u00e8s reconnus sur le march\u00e9 - le mod\u00e8le long de la premi\u00e8re g\u00e9n\u00e9ration et le mod\u00e8le arrondi de la deuxi\u00e8me g\u00e9n\u00e9ration - qui brillent \u00e0 la fois dans le commerce de gros \u00e0 l'\u00e9tranger et dans la personnalisation des entreprises, et qui constituent un \u00e9l\u00e9ment incontournable des cadeaux promotionnels et des sc\u00e9narios de cadeaux d'affaires.<\/p>\n\n\n\n<div class=\"wp-block-columns is-layout-flex wp-container-core-columns-is-layout-28f84493 wp-block-columns-is-layout-flex\">\n<div class=\"wp-block-column is-layout-flow wp-block-column-is-layout-flow\">\n<figure class=\"wp-block-image size-full\"><img alt=\"\" fetchpriority=\"high\" decoding=\"async\" width=\"800\" height=\"800\" src=\"https:\/\/www.usborkeychain.com\/wp-content\/uploads\/Classic-Plastic-Lighter-USB-Drive.jpg\" class=\"wp-image-2719\" srcset=\"https:\/\/www.usborkeychain.com\/wp-content\/uploads\/Classic-Plastic-Lighter-USB-Drive.jpg 800w, https:\/\/www.usborkeychain.com\/wp-content\/uploads\/Classic-Plastic-Lighter-USB-Drive-300x300.jpg 300w, https:\/\/www.usborkeychain.com\/wp-content\/uploads\/Classic-Plastic-Lighter-USB-Drive-150x150.jpg 150w, https:\/\/www.usborkeychain.com\/wp-content\/uploads\/Classic-Plastic-Lighter-USB-Drive-768x768.jpg 768w, https:\/\/www.usborkeychain.com\/wp-content\/uploads\/Classic-Plastic-Lighter-USB-Drive-12x12.jpg 12w, https:\/\/www.usborkeychain.com\/wp-content\/uploads\/Classic-Plastic-Lighter-USB-Drive-600x600.jpg 600w, https:\/\/www.usborkeychain.com\/wp-content\/uploads\/Classic-Plastic-Lighter-USB-Drive-100x100.jpg 100w\" sizes=\"(max-width: 800px) 100vw, 800px\" \/><\/figure>\n<\/div>\n\n\n\n<div class=\"wp-block-column is-layout-flow wp-block-column-is-layout-flow\">\n<figure class=\"wp-block-image size-full\"><img alt=\"\" decoding=\"async\" width=\"800\" height=\"800\" src=\"https:\/\/www.usborkeychain.com\/wp-content\/uploads\/bulk-plastic-usb-drive.jpg\" class=\"wp-image-2732\" srcset=\"https:\/\/www.usborkeychain.com\/wp-content\/uploads\/bulk-plastic-usb-drive.jpg 800w, https:\/\/www.usborkeychain.com\/wp-content\/uploads\/bulk-plastic-usb-drive-300x300.jpg 300w, https:\/\/www.usborkeychain.com\/wp-content\/uploads\/bulk-plastic-usb-drive-150x150.jpg 150w, https:\/\/www.usborkeychain.com\/wp-content\/uploads\/bulk-plastic-usb-drive-768x768.jpg 768w, https:\/\/www.usborkeychain.com\/wp-content\/uploads\/bulk-plastic-usb-drive-12x12.jpg 12w, https:\/\/www.usborkeychain.com\/wp-content\/uploads\/bulk-plastic-usb-drive-600x600.jpg 600w, https:\/\/www.usborkeychain.com\/wp-content\/uploads\/bulk-plastic-usb-drive-100x100.jpg 100w\" sizes=\"(max-width: 800px) 100vw, 800px\" \/><\/figure>\n<\/div>\n<\/div>\n\n\n\n<h2 class=\"wp-block-heading\">Quel est le mat\u00e9riau de la cl\u00e9 USB \u00e0 briquet ?<\/h2>\n\n\n\n<p>La coque est fabriqu\u00e9e en plastique ABS traditionnel, int\u00e9gralement form\u00e9 par l'usine par moulage par injection, avec des propri\u00e9t\u00e9s de r\u00e9sistance aux chutes et \u00e0 l'usure. Le mat\u00e9riau permet divers traitements de surface : l'\u00e9tat brut du mat\u00e9riau permet l'impression directe du logo ; le processus de pulv\u00e9risation d'huile permet \u00e0 la coque de pr\u00e9senter une texture lisse et miroitante en couleur ; le processus de givrage donne un toucher granuleux d\u00e9licat, am\u00e9liorant les performances antid\u00e9rapantes et rehaussant la sensation de haut de gamme. Les trois proc\u00e9d\u00e9s permettent de personnaliser les lots afin de r\u00e9pondre aux besoins visuels des diff\u00e9rentes marques.<\/p>\n\n\n\n<h2 class=\"wp-block-heading\">Quel est le design de la cl\u00e9 USB classique \u00e0 briquet de premi\u00e8re g\u00e9n\u00e9ration ?<\/h2>\n\n\n\n<p>Il a la forme d'une longue planche droite, avec des bords arrondis pour une prise en main confortable. La conception de l'ouverture et de la fermeture du couvercle reprend la logique de fonctionnement classique des briquets, et la structure de connexion m\u00e9tallique int\u00e9gr\u00e9e garantit que le couvercle ne tombe pas facilement. Il existe une large gamme d'options de couleurs, y compris le noir\/blanc classique, l'orange vibrant, le gris commercial et d'autres syst\u00e8mes de couleurs de base. L'usine peut personnaliser des couleurs exclusives selon la carte de couleurs Pantone pour s'adapter au syst\u00e8me de la marque VI.<\/p>\n\n\n\n<div class=\"wp-block-columns is-layout-flex wp-container-core-columns-is-layout-28f84493 wp-block-columns-is-layout-flex\">\n<div class=\"wp-block-column is-layout-flow wp-block-column-is-layout-flow\">\n<figure class=\"wp-block-image size-full\"><img alt=\"\" decoding=\"async\" width=\"800\" height=\"800\" src=\"https:\/\/www.usborkeychain.com\/wp-content\/uploads\/white-all-plastic-usb-flash-drive-supplier.jpg\" class=\"wp-image-2725\" srcset=\"https:\/\/www.usborkeychain.com\/wp-content\/uploads\/white-all-plastic-usb-flash-drive-supplier.jpg 800w, https:\/\/www.usborkeychain.com\/wp-content\/uploads\/white-all-plastic-usb-flash-drive-supplier-300x300.jpg 300w, https:\/\/www.usborkeychain.com\/wp-content\/uploads\/white-all-plastic-usb-flash-drive-supplier-150x150.jpg 150w, https:\/\/www.usborkeychain.com\/wp-content\/uploads\/white-all-plastic-usb-flash-drive-supplier-768x768.jpg 768w, https:\/\/www.usborkeychain.com\/wp-content\/uploads\/white-all-plastic-usb-flash-drive-supplier-12x12.jpg 12w, https:\/\/www.usborkeychain.com\/wp-content\/uploads\/white-all-plastic-usb-flash-drive-supplier-600x600.jpg 600w, https:\/\/www.usborkeychain.com\/wp-content\/uploads\/white-all-plastic-usb-flash-drive-supplier-100x100.jpg 100w\" sizes=\"(max-width: 800px) 100vw, 800px\" \/><\/figure>\n<\/div>\n\n\n\n<div class=\"wp-block-column is-layout-flow wp-block-column-is-layout-flow\">\n<figure class=\"wp-block-image size-full\"><img alt=\"\" loading=\"lazy\" decoding=\"async\" width=\"1000\" height=\"1000\" src=\"https:\/\/www.usborkeychain.com\/wp-content\/uploads\/O1CN01ygXwHD1Eon2aagL8h_1008900399-0-cib.jpg\" class=\"wp-image-2723\" srcset=\"https:\/\/www.usborkeychain.com\/wp-content\/uploads\/O1CN01ygXwHD1Eon2aagL8h_1008900399-0-cib.jpg 1000w, https:\/\/www.usborkeychain.com\/wp-content\/uploads\/O1CN01ygXwHD1Eon2aagL8h_1008900399-0-cib-300x300.jpg 300w, https:\/\/www.usborkeychain.com\/wp-content\/uploads\/O1CN01ygXwHD1Eon2aagL8h_1008900399-0-cib-150x150.jpg 150w, https:\/\/www.usborkeychain.com\/wp-content\/uploads\/O1CN01ygXwHD1Eon2aagL8h_1008900399-0-cib-768x768.jpg 768w, https:\/\/www.usborkeychain.com\/wp-content\/uploads\/O1CN01ygXwHD1Eon2aagL8h_1008900399-0-cib-12x12.jpg 12w, https:\/\/www.usborkeychain.com\/wp-content\/uploads\/O1CN01ygXwHD1Eon2aagL8h_1008900399-0-cib-600x600.jpg 600w, https:\/\/www.usborkeychain.com\/wp-content\/uploads\/O1CN01ygXwHD1Eon2aagL8h_1008900399-0-cib-100x100.jpg 100w\" sizes=\"(max-width: 1000px) 100vw, 1000px\" \/><\/figure>\n<\/div>\n\n\n\n<div class=\"wp-block-column is-layout-flow wp-block-column-is-layout-flow\">\n<figure class=\"wp-block-image size-full\"><img alt=\"\" loading=\"lazy\" decoding=\"async\" width=\"1000\" height=\"1000\" src=\"https:\/\/www.usborkeychain.com\/wp-content\/uploads\/O1CN01eezEc21gJT18bKHrw_2215467894121-0-cib.jpg\" class=\"wp-image-2720\" srcset=\"https:\/\/www.usborkeychain.com\/wp-content\/uploads\/O1CN01eezEc21gJT18bKHrw_2215467894121-0-cib.jpg 1000w, https:\/\/www.usborkeychain.com\/wp-content\/uploads\/O1CN01eezEc21gJT18bKHrw_2215467894121-0-cib-300x300.jpg 300w, https:\/\/www.usborkeychain.com\/wp-content\/uploads\/O1CN01eezEc21gJT18bKHrw_2215467894121-0-cib-150x150.jpg 150w, https:\/\/www.usborkeychain.com\/wp-content\/uploads\/O1CN01eezEc21gJT18bKHrw_2215467894121-0-cib-768x768.jpg 768w, https:\/\/www.usborkeychain.com\/wp-content\/uploads\/O1CN01eezEc21gJT18bKHrw_2215467894121-0-cib-12x12.jpg 12w, https:\/\/www.usborkeychain.com\/wp-content\/uploads\/O1CN01eezEc21gJT18bKHrw_2215467894121-0-cib-600x600.jpg 600w, https:\/\/www.usborkeychain.com\/wp-content\/uploads\/O1CN01eezEc21gJT18bKHrw_2215467894121-0-cib-100x100.jpg 100w\" sizes=\"(max-width: 1000px) 100vw, 1000px\" \/><\/figure>\n<\/div>\n<\/div>\n\n\n\n<h2 class=\"wp-block-heading\">Quels sont les param\u00e8tres de la cl\u00e9 USB \u00e0 briquet classique de premi\u00e8re g\u00e9n\u00e9ration ?<\/h2>\n\n\n\n<p>Voici les principaux param\u00e8tres du produit de premi\u00e8re g\u00e9n\u00e9ration, d\u00e9velopp\u00e9 par le fabricant conform\u00e9ment aux normes internationales d'exportation, en conciliant performance et portabilit\u00e9 :<\/p>\n\n\n\n<figure class=\"wp-block-table\"><table class=\"has-fixed-layout\"><thead><tr><th>Cat\u00e9gorie de param\u00e8tres<\/th><th>Param\u00e8tres sp\u00e9cifiques<\/th><\/tr><\/thead><tbody><tr><td>Capacit\u00e9 de stockage<\/td><td>8GB\/16GB\/32GB\/64GB (prend en charge la personnalisation de la grande capacit\u00e9 de 128GB et plus)<\/td><\/tr><tr><td>Type d'interface<\/td><td>USB 2.0 (par d\u00e9faut)\/USB 3.0 (en option)<\/td><\/tr><tr><td>Vitesse de transfert<\/td><td>USB 2.0 : Lecture 25 Mo\/s, \u00e9criture 15 Mo\/s ; USB 3.0 : Lecture 450 Mo\/s, \u00e9criture 120 Mo\/s<\/td><\/tr><tr><td>Mat\u00e9riau<\/td><td>Coque : Plastique ABS (pulv\u00e9risation d'huile\/processus de givrage)<\/td><\/tr><tr><td>Dimensions<\/td><td>723\u00d720\u00d73mm (Longueur\u00d7Largeur\u00d7\u00c9paisseur)<\/td><\/tr><tr><td>Temp\u00e9rature de fonctionnement<\/td><td>0\u2103-60\u2103<\/td><\/tr><tr><td>Temp\u00e9rature de stockage<\/td><td>-20\u2103-85\u2103<\/td><\/tr><tr><td>Fonctions suppl\u00e9mentaires<\/td><td>T\u00e9moin lumineux LED int\u00e9gr\u00e9 (clignote lorsqu'il est branch\u00e9 ou d\u00e9branch\u00e9)<\/td><\/tr><\/tbody><\/table><\/figure>\n\n\n\n<div class=\"wp-block-columns is-layout-flex wp-container-core-columns-is-layout-28f84493 wp-block-columns-is-layout-flex\">\n<div class=\"wp-block-column is-layout-flow wp-block-column-is-layout-flow\">\n<figure class=\"wp-block-image size-full\"><img alt=\"\" loading=\"lazy\" decoding=\"async\" width=\"1000\" height=\"1000\" src=\"https:\/\/www.usborkeychain.com\/wp-content\/uploads\/Plastic-Lighter-USB-Flash-Drive.jpg\" class=\"wp-image-2738\" srcset=\"https:\/\/www.usborkeychain.com\/wp-content\/uploads\/Plastic-Lighter-USB-Flash-Drive.jpg 1000w, https:\/\/www.usborkeychain.com\/wp-content\/uploads\/Plastic-Lighter-USB-Flash-Drive-300x300.jpg 300w, https:\/\/www.usborkeychain.com\/wp-content\/uploads\/Plastic-Lighter-USB-Flash-Drive-150x150.jpg 150w, https:\/\/www.usborkeychain.com\/wp-content\/uploads\/Plastic-Lighter-USB-Flash-Drive-768x768.jpg 768w, https:\/\/www.usborkeychain.com\/wp-content\/uploads\/Plastic-Lighter-USB-Flash-Drive-12x12.jpg 12w, https:\/\/www.usborkeychain.com\/wp-content\/uploads\/Plastic-Lighter-USB-Flash-Drive-600x600.jpg 600w, https:\/\/www.usborkeychain.com\/wp-content\/uploads\/Plastic-Lighter-USB-Flash-Drive-100x100.jpg 100w\" sizes=\"(max-width: 1000px) 100vw, 1000px\" \/><\/figure>\n<\/div>\n\n\n\n<div class=\"wp-block-column is-layout-flow wp-block-column-is-layout-flow\">\n<figure class=\"wp-block-image size-full\"><img alt=\"\" loading=\"lazy\" decoding=\"async\" width=\"1024\" height=\"1024\" src=\"https:\/\/www.usborkeychain.com\/wp-content\/uploads\/plastic-case-for-usb-flash-drive.jpg\" class=\"wp-image-2724\" srcset=\"https:\/\/www.usborkeychain.com\/wp-content\/uploads\/plastic-case-for-usb-flash-drive.jpg 1024w, https:\/\/www.usborkeychain.com\/wp-content\/uploads\/plastic-case-for-usb-flash-drive-300x300.jpg 300w, https:\/\/www.usborkeychain.com\/wp-content\/uploads\/plastic-case-for-usb-flash-drive-150x150.jpg 150w, https:\/\/www.usborkeychain.com\/wp-content\/uploads\/plastic-case-for-usb-flash-drive-768x768.jpg 768w, https:\/\/www.usborkeychain.com\/wp-content\/uploads\/plastic-case-for-usb-flash-drive-12x12.jpg 12w, https:\/\/www.usborkeychain.com\/wp-content\/uploads\/plastic-case-for-usb-flash-drive-600x600.jpg 600w, https:\/\/www.usborkeychain.com\/wp-content\/uploads\/plastic-case-for-usb-flash-drive-100x100.jpg 100w\" sizes=\"(max-width: 1024px) 100vw, 1024px\" \/><\/figure>\n<\/div>\n\n\n\n<div class=\"wp-block-column is-layout-flow wp-block-column-is-layout-flow\">\n<figure class=\"wp-block-image size-full\"><img alt=\"\" loading=\"lazy\" decoding=\"async\" width=\"1000\" height=\"1000\" src=\"https:\/\/www.usborkeychain.com\/wp-content\/uploads\/O1CN01JmxRpW1Eon2XMct5t_1008900399-0-cib.jpg\" class=\"wp-image-2721\" srcset=\"https:\/\/www.usborkeychain.com\/wp-content\/uploads\/O1CN01JmxRpW1Eon2XMct5t_1008900399-0-cib.jpg 1000w, https:\/\/www.usborkeychain.com\/wp-content\/uploads\/O1CN01JmxRpW1Eon2XMct5t_1008900399-0-cib-300x300.jpg 300w, https:\/\/www.usborkeychain.com\/wp-content\/uploads\/O1CN01JmxRpW1Eon2XMct5t_1008900399-0-cib-150x150.jpg 150w, https:\/\/www.usborkeychain.com\/wp-content\/uploads\/O1CN01JmxRpW1Eon2XMct5t_1008900399-0-cib-768x768.jpg 768w, https:\/\/www.usborkeychain.com\/wp-content\/uploads\/O1CN01JmxRpW1Eon2XMct5t_1008900399-0-cib-12x12.jpg 12w, https:\/\/www.usborkeychain.com\/wp-content\/uploads\/O1CN01JmxRpW1Eon2XMct5t_1008900399-0-cib-600x600.jpg 600w, https:\/\/www.usborkeychain.com\/wp-content\/uploads\/O1CN01JmxRpW1Eon2XMct5t_1008900399-0-cib-100x100.jpg 100w\" sizes=\"(max-width: 1000px) 100vw, 1000px\" \/><\/figure>\n<\/div>\n<\/div>\n\n\n\n<h2 class=\"wp-block-heading\">Quelles sont les am\u00e9liorations apport\u00e9es \u00e0 la cl\u00e9 USB \u00e0 briquet classique de deuxi\u00e8me g\u00e9n\u00e9ration ?<\/h2>\n\n\n\n<p>Bas\u00e9e sur le mod\u00e8le long de la premi\u00e8re g\u00e9n\u00e9ration, la deuxi\u00e8me g\u00e9n\u00e9ration est optimis\u00e9e dans un profil rectangulaire arrondi, avec de grands arcs de cercle au niveau de la t\u00eate et de la queue, ce qui rend la vision plus arrondie et plus \u00e0 la mode. La taille globale est 15% plus petite que la g\u00e9n\u00e9ration pr\u00e9c\u00e9dente, avec un volume mesur\u00e9 de seulement 680\u00d718\u00d72,8 mm. La capacit\u00e9 de chargement par bo\u00eete lors de l'emballage et du transport est augment\u00e9e de 20%, ce qui permet de r\u00e9duire efficacement les co\u00fbts logistiques \u00e0 l'exportation. L'usine peut fournir des bo\u00eetes blanches neutres ou des emballages de couleur personnalis\u00e9s pour s'adapter aux besoins d'approvisionnement du commerce \u00e9lectronique transfrontalier.<\/p>\n\n\n\n<div class=\"wp-block-columns is-layout-flex wp-container-core-columns-is-layout-28f84493 wp-block-columns-is-layout-flex\">\n<div class=\"wp-block-column is-layout-flow wp-block-column-is-layout-flow\">\n<figure class=\"wp-block-image size-full\"><img alt=\"\" loading=\"lazy\" decoding=\"async\" width=\"790\" height=\"564\" src=\"https:\/\/www.usborkeychain.com\/wp-content\/uploads\/Plastic-Lighter-USB-Flash-Drive-paper.jpg\" class=\"wp-image-2734\" srcset=\"https:\/\/www.usborkeychain.com\/wp-content\/uploads\/Plastic-Lighter-USB-Flash-Drive-paper.jpg 790w, https:\/\/www.usborkeychain.com\/wp-content\/uploads\/Plastic-Lighter-USB-Flash-Drive-paper-300x214.jpg 300w, https:\/\/www.usborkeychain.com\/wp-content\/uploads\/Plastic-Lighter-USB-Flash-Drive-paper-768x548.jpg 768w, https:\/\/www.usborkeychain.com\/wp-content\/uploads\/Plastic-Lighter-USB-Flash-Drive-paper-18x12.jpg 18w, https:\/\/www.usborkeychain.com\/wp-content\/uploads\/Plastic-Lighter-USB-Flash-Drive-paper-600x428.jpg 600w\" sizes=\"(max-width: 790px) 100vw, 790px\" \/><\/figure>\n<\/div>\n\n\n\n<div class=\"wp-block-column is-layout-flow wp-block-column-is-layout-flow\">\n<figure class=\"wp-block-image size-full\"><img alt=\"\" loading=\"lazy\" decoding=\"async\" width=\"790\" height=\"564\" src=\"https:\/\/www.usborkeychain.com\/wp-content\/uploads\/Plastic-Lighter-USB-Flash-Drive-plastic-box.jpg\" class=\"wp-image-2735\" srcset=\"https:\/\/www.usborkeychain.com\/wp-content\/uploads\/Plastic-Lighter-USB-Flash-Drive-plastic-box.jpg 790w, https:\/\/www.usborkeychain.com\/wp-content\/uploads\/Plastic-Lighter-USB-Flash-Drive-plastic-box-300x214.jpg 300w, https:\/\/www.usborkeychain.com\/wp-content\/uploads\/Plastic-Lighter-USB-Flash-Drive-plastic-box-768x548.jpg 768w, https:\/\/www.usborkeychain.com\/wp-content\/uploads\/Plastic-Lighter-USB-Flash-Drive-plastic-box-18x12.jpg 18w, https:\/\/www.usborkeychain.com\/wp-content\/uploads\/Plastic-Lighter-USB-Flash-Drive-plastic-box-600x428.jpg 600w\" sizes=\"(max-width: 790px) 100vw, 790px\" \/><\/figure>\n<\/div>\n\n\n\n<div class=\"wp-block-column is-layout-flow wp-block-column-is-layout-flow\">\n<figure class=\"wp-block-image size-full\"><img alt=\"\" loading=\"lazy\" decoding=\"async\" width=\"790\" height=\"564\" src=\"https:\/\/www.usborkeychain.com\/wp-content\/uploads\/Plastic-Lighter-USB-Flash-Drive-gift-box.jpg\" class=\"wp-image-2733\" srcset=\"https:\/\/www.usborkeychain.com\/wp-content\/uploads\/Plastic-Lighter-USB-Flash-Drive-gift-box.jpg 790w, https:\/\/www.usborkeychain.com\/wp-content\/uploads\/Plastic-Lighter-USB-Flash-Drive-gift-box-300x214.jpg 300w, https:\/\/www.usborkeychain.com\/wp-content\/uploads\/Plastic-Lighter-USB-Flash-Drive-gift-box-768x548.jpg 768w, https:\/\/www.usborkeychain.com\/wp-content\/uploads\/Plastic-Lighter-USB-Flash-Drive-gift-box-18x12.jpg 18w, https:\/\/www.usborkeychain.com\/wp-content\/uploads\/Plastic-Lighter-USB-Flash-Drive-gift-box-600x428.jpg 600w\" sizes=\"(max-width: 790px) 100vw, 790px\" \/><\/figure>\n<\/div>\n\n\n\n<div class=\"wp-block-column is-layout-flow wp-block-column-is-layout-flow\">\n<figure class=\"wp-block-image size-full\"><img alt=\"\" loading=\"lazy\" decoding=\"async\" width=\"790\" height=\"564\" src=\"https:\/\/www.usborkeychain.com\/wp-content\/uploads\/Plastic-Lighter-USB-Flash-Drive-tin-box.jpg\" class=\"wp-image-2737\" srcset=\"https:\/\/www.usborkeychain.com\/wp-content\/uploads\/Plastic-Lighter-USB-Flash-Drive-tin-box.jpg 790w, https:\/\/www.usborkeychain.com\/wp-content\/uploads\/Plastic-Lighter-USB-Flash-Drive-tin-box-300x214.jpg 300w, https:\/\/www.usborkeychain.com\/wp-content\/uploads\/Plastic-Lighter-USB-Flash-Drive-tin-box-768x548.jpg 768w, https:\/\/www.usborkeychain.com\/wp-content\/uploads\/Plastic-Lighter-USB-Flash-Drive-tin-box-18x12.jpg 18w, https:\/\/www.usborkeychain.com\/wp-content\/uploads\/Plastic-Lighter-USB-Flash-Drive-tin-box-600x428.jpg 600w\" sizes=\"(max-width: 790px) 100vw, 790px\" \/><\/figure>\n<\/div>\n<\/div>\n\n\n\n<h2 class=\"wp-block-heading\">Les deux mod\u00e8les de cl\u00e9s USB plus l\u00e9g\u00e8res peuvent-ils \u00eatre personnalis\u00e9s avec des logos ?<\/h2>\n\n\n\n<p>Elles prennent en charge deux processus de personnalisation : la s\u00e9rigraphie et la tampographie, qui permettent de pr\u00e9senter des LOGO de marque, des slogans d'\u00e9v\u00e9nements et d'autres motifs sur la coque en plastique du corps. La lumi\u00e8re LED int\u00e9gr\u00e9e fait clignoter la couleur de la marque (couleur personnalisable) lorsque la cl\u00e9 USB est ins\u00e9r\u00e9e dans l'ordinateur, renfor\u00e7ant ainsi le point de m\u00e9moire de la marque. Le fabricant propose des services de vente en gros avec une quantit\u00e9 de commande minimale de 100 pi\u00e8ces, ce qui permet d'obtenir des lots mixtes des deux g\u00e9n\u00e9rations de mod\u00e8les. Un stock ponctuel suffisant permet aux entreprises de cadeaux et aux commer\u00e7ants \u00e9trangers de s'approvisionner en gros.<\/p>\n\n\n\n<p>La cl\u00e9 USB classique \u00e0 briquet en plastique, dont la conception a fait ses preuves depuis 20 ans sur le march\u00e9, associ\u00e9e au traitement diversifi\u00e9 du plastique ABS et aux avantages de la personnalisation et de la vente en gros offerts par le fabricant direct, est devenue un choix rentable pour les clients B2B dans les domaines des cadeaux promotionnels et de l'exportation transfrontali\u00e8re.<\/p>","protected":false},"excerpt":{"rendered":"<p>Introduction to the Classic Plastic Lighter USB Drive The classic plastic lighter USB drive, a special name given by USB [&hellip;]<\/p>","protected":false},"featured_media":2736,"comment_status":"open","ping_status":"closed","template":"","meta":{"_seopress_robots_primary_cat":"none","_seopress_titles_title":"","_seopress_titles_desc":"","_seopress_robots_index":"","site-sidebar-layout":"default","site-content-layout":"","ast-site-content-layout":"","site-content-style":"default","site-sidebar-style":"default","ast-global-header-display":"","ast-banner-title-visibility":"","ast-main-header-display":"","ast-hfb-above-header-display":"","ast-hfb-below-header-display":"","ast-hfb-mobile-header-display":"","site-post-title":"","ast-breadcrumbs-content":"","ast-featured-img":"","footer-sml-layout":"","theme-transparent-header-meta":"","adv-header-id-meta":"","stick-header-meta":"","header-above-stick-meta":"","header-main-stick-meta":"","header-below-stick-meta":"","astra-migrate-meta-layouts":"default","ast-page-background-enabled":"default","ast-page-background-meta":{"desktop":{"background-color":"var(--ast-global-color-5)","background-image":"","background-repeat":"repeat","background-position":"center center","background-size":"auto","background-attachment":"scroll","background-type":"","background-media":"","overlay-type":"","overlay-color":"","overlay-opacity":"","overlay-gradient":""},"tablet":{"background-color":"","background-image":"","background-repeat":"repeat","background-position":"center center","background-size":"auto","background-attachment":"scroll","background-type":"","background-media":"","overlay-type":"","overlay-color":"","overlay-opacity":"","overlay-gradient":""},"mobile":{"background-color":"","background-image":"","background-repeat":"repeat","background-position":"center center","background-size":"auto","background-attachment":"scroll","background-type":"","background-media":"","overlay-type":"","overlay-color":"","overlay-opacity":"","overlay-gradient":""}},"ast-content-background-meta":{"desktop":{"background-color":"var(--ast-global-color-4)","background-image":"","background-repeat":"repeat","background-position":"center center","background-size":"auto","background-attachment":"scroll","background-type":"","background-media":"","overlay-type":"","overlay-color":"","overlay-opacity":"","overlay-gradient":""},"tablet":{"background-color":"var(--ast-global-color-4)","background-image":"","background-repeat":"repeat","background-position":"center center","background-size":"auto","background-attachment":"scroll","background-type":"","background-media":"","overlay-type":"","overlay-color":"","overlay-opacity":"","overlay-gradient":""},"mobile":{"background-color":"var(--ast-global-color-4)","background-image":"","background-repeat":"repeat","background-position":"center center","background-size":"auto","background-attachment":"scroll","background-type":"","background-media":"","overlay-type":"","overlay-color":"","overlay-opacity":"","overlay-gradient":""}}},"product_brand":[],"product_cat":[92],"product_tag":[178],"class_list":{"0":"post-2708","1":"product","2":"type-product","3":"status-publish","4":"has-post-thumbnail","6":"product_cat-plastic-usb-pendrive","7":"product_tag-lighter-usb-flash-drive","8":"desktop-align-left","9":"tablet-align-left","10":"mobile-align-left","12":"first","13":"instock","14":"shipping-taxable","15":"product-type-simple"},"_links":{"self":[{"href":"https:\/\/www.usborkeychain.com\/fr\/wp-json\/wp\/v2\/product\/2708","targetHints":{"allow":["GET"]}}],"collection":[{"href":"https:\/\/www.usborkeychain.com\/fr\/wp-json\/wp\/v2\/product"}],"about":[{"href":"https:\/\/www.usborkeychain.com\/fr\/wp-json\/wp\/v2\/types\/product"}],"replies":[{"embeddable":true,"href":"https:\/\/www.usborkeychain.com\/fr\/wp-json\/wp\/v2\/comments?post=2708"}],"wp:featuredmedia":[{"embeddable":true,"href":"https:\/\/www.usborkeychain.com\/fr\/wp-json\/wp\/v2\/media\/2736"}],"wp:attachment":[{"href":"https:\/\/www.usborkeychain.com\/fr\/wp-json\/wp\/v2\/media?parent=2708"}],"wp:term":[{"taxonomy":"product_brand","embeddable":true,"href":"https:\/\/www.usborkeychain.com\/fr\/wp-json\/wp\/v2\/product_brand?post=2708"},{"taxonomy":"product_cat","embeddable":true,"href":"https:\/\/www.usborkeychain.com\/fr\/wp-json\/wp\/v2\/product_cat?post=2708"},{"taxonomy":"product_tag","embeddable":true,"href":"https:\/\/www.usborkeychain.com\/fr\/wp-json\/wp\/v2\/product_tag?post=2708"}],"curies":[{"name":"wp","href":"https:\/\/api.w.org\/{rel}","templated":true}]}}