{"id":2741,"date":"2025-06-23T05:36:45","date_gmt":"2025-06-23T05:36:45","guid":{"rendered":"https:\/\/www.usborkeychain.com\/?post_type=product&#038;p=2741"},"modified":"2025-06-23T08:04:40","modified_gmt":"2025-06-23T08:04:40","slug":"retro-key-metal-usb-drive","status":"publish","type":"product","link":"https:\/\/www.usborkeychain.com\/fr\/produit\/retro-key-metal-usb-drive\/","title":{"rendered":"Cl\u00e9 USB r\u00e9tro en m\u00e9tal"},"content":{"rendered":"<h2 class=\"wp-block-heading\"><strong>Qu'est-ce qu'une cl\u00e9 USB Retro Key Metal ? <\/strong><strong><\/strong><\/h2>\n\n\n\n<div class=\"wp-block-columns is-layout-flex wp-container-core-columns-is-layout-28f84493 wp-block-columns-is-layout-flex\">\n<div class=\"wp-block-column is-layout-flow wp-block-column-is-layout-flow\">\n<figure class=\"wp-block-image aligncenter size-full is-resized\"><img fetchpriority=\"high\" decoding=\"async\" width=\"800\" height=\"800\" src=\"https:\/\/www.usborkeychain.com\/wp-content\/uploads\/China-key-shape-metal-usb-flash-drive-supplier.jpg\" alt=\"China key shape metal usb flash drive supplier\" class=\"wp-image-2748\" style=\"width:450px\" srcset=\"https:\/\/www.usborkeychain.com\/wp-content\/uploads\/China-key-shape-metal-usb-flash-drive-supplier.jpg 800w, https:\/\/www.usborkeychain.com\/wp-content\/uploads\/China-key-shape-metal-usb-flash-drive-supplier-300x300.jpg 300w, https:\/\/www.usborkeychain.com\/wp-content\/uploads\/China-key-shape-metal-usb-flash-drive-supplier-150x150.jpg 150w, https:\/\/www.usborkeychain.com\/wp-content\/uploads\/China-key-shape-metal-usb-flash-drive-supplier-768x768.jpg 768w, https:\/\/www.usborkeychain.com\/wp-content\/uploads\/China-key-shape-metal-usb-flash-drive-supplier-12x12.jpg 12w, https:\/\/www.usborkeychain.com\/wp-content\/uploads\/China-key-shape-metal-usb-flash-drive-supplier-600x600.jpg 600w, https:\/\/www.usborkeychain.com\/wp-content\/uploads\/China-key-shape-metal-usb-flash-drive-supplier-100x100.jpg 100w\" sizes=\"(max-width: 800px) 100vw, 800px\" \/><\/figure>\n<\/div>\n\n\n\n<div class=\"wp-block-column is-vertically-aligned-center is-layout-flow wp-block-column-is-layout-flow\">\n<p>La cl\u00e9 USB r\u00e9tro en m\u00e9tal est un produit qui int\u00e8gre parfaitement des fonctions de stockage pratiques et un design cr\u00e9atif en forme de cl\u00e9. Fabriqu\u00e9e en m\u00e9tal, elle pr\u00e9sente un aspect de cl\u00e9 r\u00e9aliste avec un motif creux en forme de c\u0153ur sur la poign\u00e9e de la cl\u00e9, pr\u00e9servant la forme classique d'une cl\u00e9 tout en ajoutant un \u00e9l\u00e9ment romantique unique.<\/p>\n\n\n\n<p>Le mat\u00e9riau m\u00e9tallique lui conf\u00e8re une grande durabilit\u00e9, ce qui le rend r\u00e9sistant aux dommages lors d'une utilisation quotidienne. En outre, sa forme de cl\u00e9 lui permet d'\u00eatre facilement accroch\u00e9 \u00e0 un trousseau de cl\u00e9s pour un transport pratique, r\u00e9pondant ainsi \u00e0 vos besoins de stockage et de transmission de donn\u00e9es \u00e0 tout moment et en tout lieu. Il s'agit d'un objet num\u00e9rique qui allie praticit\u00e9 et d\u00e9corativit\u00e9.<\/p>\n<\/div>\n<\/div>\n\n\n\n<h2 class=\"wp-block-heading\"><strong>Interface et <\/strong><strong>Capacit\u00e9<\/strong><strong>\u00a0de la cl\u00e9 USB en m\u00e9tal Retro Key <\/strong><\/h2>\n\n\n\n<p>La cl\u00e9 USB Retro Key Metal est \u00e9quip\u00e9e d'une interface USB3.0 \u00e0 haut d\u00e9bit, prenant en charge plusieurs options de capacit\u00e9, notamment 8 Go, 16 Go, 32 Go, 64 Go et 128 Go, afin de r\u00e9pondre de mani\u00e8re flexible \u00e0 diff\u00e9rents besoins de stockage.<\/p>\n\n\n\n<h2 class=\"wp-block-heading\"><strong>Couleur de la cl\u00e9 USB r\u00e9tro en m\u00e9tal <\/strong><strong><\/strong><\/h2>\n\n\n\n<p>Sa couleur est l'or r\u00e9tro. Cet or n'est pas une couleur ordinaire et monotone, mais il porte la texture fine unique et le charme r\u00e9tro du m\u00e9tal. Sous l'effet de la lumi\u00e8re, il pr\u00e9sente un \u00e9clat m\u00e9tallique stratifi\u00e9, comme une cl\u00e9 ancienne qui a subi la pr\u00e9cipitation du temps, exsudant la d\u00e9licatesse d'une mani\u00e8re discr\u00e8te.<\/p>\n\n\n\n<p>Qu'il brille au soleil ou qu'il \u00e9mette une lueur chaude dans la lumi\u00e8re douce de l'int\u00e9rieur, il peut devenir une pr\u00e9sence accrocheuse sur le porte-cl\u00e9s, ajoutant une touche de mode unique et une atmosph\u00e8re r\u00e9tro \u00e0 votre vie quotidienne.<\/p>\n\n\n\n<div class=\"wp-block-columns is-layout-flex wp-container-core-columns-is-layout-28f84493 wp-block-columns-is-layout-flex\">\n<div class=\"wp-block-column is-layout-flow wp-block-column-is-layout-flow\">\n<figure class=\"wp-block-image aligncenter size-full is-resized\"><img decoding=\"async\" width=\"800\" height=\"800\" src=\"https:\/\/www.usborkeychain.com\/wp-content\/uploads\/bulk-key-shape-metal-usb-flash-drive.jpg\" alt=\"bulk key shape metal usb flash drive\" class=\"wp-image-2747\" style=\"width:450px\" srcset=\"https:\/\/www.usborkeychain.com\/wp-content\/uploads\/bulk-key-shape-metal-usb-flash-drive.jpg 800w, https:\/\/www.usborkeychain.com\/wp-content\/uploads\/bulk-key-shape-metal-usb-flash-drive-300x300.jpg 300w, https:\/\/www.usborkeychain.com\/wp-content\/uploads\/bulk-key-shape-metal-usb-flash-drive-150x150.jpg 150w, https:\/\/www.usborkeychain.com\/wp-content\/uploads\/bulk-key-shape-metal-usb-flash-drive-768x768.jpg 768w, https:\/\/www.usborkeychain.com\/wp-content\/uploads\/bulk-key-shape-metal-usb-flash-drive-12x12.jpg 12w, https:\/\/www.usborkeychain.com\/wp-content\/uploads\/bulk-key-shape-metal-usb-flash-drive-600x600.jpg 600w, https:\/\/www.usborkeychain.com\/wp-content\/uploads\/bulk-key-shape-metal-usb-flash-drive-100x100.jpg 100w\" sizes=\"(max-width: 800px) 100vw, 800px\" \/><\/figure>\n<\/div>\n\n\n\n<div class=\"wp-block-column is-layout-flow wp-block-column-is-layout-flow\">\n<figure class=\"wp-block-image aligncenter size-full is-resized\"><img decoding=\"async\" width=\"800\" height=\"800\" src=\"https:\/\/www.usborkeychain.com\/wp-content\/uploads\/key-shape-metal-usb-flash-drive.jpg\" alt=\"key shape metal usb flash drive\" class=\"wp-image-2749\" style=\"width:450px\" srcset=\"https:\/\/www.usborkeychain.com\/wp-content\/uploads\/key-shape-metal-usb-flash-drive.jpg 800w, https:\/\/www.usborkeychain.com\/wp-content\/uploads\/key-shape-metal-usb-flash-drive-300x300.jpg 300w, https:\/\/www.usborkeychain.com\/wp-content\/uploads\/key-shape-metal-usb-flash-drive-150x150.jpg 150w, https:\/\/www.usborkeychain.com\/wp-content\/uploads\/key-shape-metal-usb-flash-drive-768x768.jpg 768w, https:\/\/www.usborkeychain.com\/wp-content\/uploads\/key-shape-metal-usb-flash-drive-12x12.jpg 12w, https:\/\/www.usborkeychain.com\/wp-content\/uploads\/key-shape-metal-usb-flash-drive-600x600.jpg 600w, https:\/\/www.usborkeychain.com\/wp-content\/uploads\/key-shape-metal-usb-flash-drive-100x100.jpg 100w\" sizes=\"(max-width: 800px) 100vw, 800px\" \/><\/figure>\n<\/div>\n<\/div>\n\n\n\n<h2 class=\"wp-block-heading\"><strong>La cl\u00e9 USB Retro Key Metal peut-elle \u00eatre personnalis\u00e9e avec un logo ? <\/strong><strong><\/strong><\/h2>\n\n\n\n<div class=\"wp-block-columns is-layout-flex wp-container-core-columns-is-layout-28f84493 wp-block-columns-is-layout-flex\">\n<div class=\"wp-block-column is-layout-flow wp-block-column-is-layout-flow\">\n<figure class=\"wp-block-image aligncenter size-full is-resized\"><img loading=\"lazy\" decoding=\"async\" width=\"800\" height=\"800\" src=\"https:\/\/www.usborkeychain.com\/wp-content\/uploads\/Retro-Key-Metal-USB-Drive.jpg\" alt=\"Retro Key Metal USB Drive\" class=\"wp-image-2750\" style=\"width:450px\" srcset=\"https:\/\/www.usborkeychain.com\/wp-content\/uploads\/Retro-Key-Metal-USB-Drive.jpg 800w, https:\/\/www.usborkeychain.com\/wp-content\/uploads\/Retro-Key-Metal-USB-Drive-300x300.jpg 300w, https:\/\/www.usborkeychain.com\/wp-content\/uploads\/Retro-Key-Metal-USB-Drive-150x150.jpg 150w, https:\/\/www.usborkeychain.com\/wp-content\/uploads\/Retro-Key-Metal-USB-Drive-768x768.jpg 768w, https:\/\/www.usborkeychain.com\/wp-content\/uploads\/Retro-Key-Metal-USB-Drive-12x12.jpg 12w, https:\/\/www.usborkeychain.com\/wp-content\/uploads\/Retro-Key-Metal-USB-Drive-600x600.jpg 600w, https:\/\/www.usborkeychain.com\/wp-content\/uploads\/Retro-Key-Metal-USB-Drive-100x100.jpg 100w\" sizes=\"(max-width: 800px) 100vw, 800px\" \/><\/figure>\n<\/div>\n\n\n\n<div class=\"wp-block-column is-vertically-aligned-center is-layout-flow wp-block-column-is-layout-flow\">\n<p>Certainement ! Le recto et le verso de la cl\u00e9 USB r\u00e9tro en m\u00e9tal peuvent \u00eatre personnalis\u00e9s avec un logo. Gr\u00e2ce \u00e0 la technologie avanc\u00e9e de gravure au laser, il est possible de graver avec pr\u00e9cision votre logo, texte, motif, etc. sur la surface de la cl\u00e9 USB.<\/p>\n\n\n\n<p>Les avantages de la gravure au laser sont \u00e9vidents : non seulement les lignes de gravure sont fines et claires, ce qui conf\u00e8re au logo une texture de haute qualit\u00e9, mais la combinaison avec le mat\u00e9riau m\u00e9tallique est \u00e9troite, ne s'use ni ne se d\u00e9tache facilement, et peut maintenir l'effet personnalis\u00e9 pendant longtemps.<\/p>\n\n\n\n<p>Qu'elle soit personnalis\u00e9e par les entreprises comme cadeau d'affaires avec le logo de l'entreprise pour v\u00e9hiculer l'image de marque ou personnalis\u00e9e par les particuliers avec des symboles exclusifs pour cr\u00e9er une signification comm\u00e9morative unique, elle peut \u00eatre facilement r\u00e9alis\u00e9e, ce qui rend cette cl\u00e9 USB plus pr\u00e9cieuse gr\u00e2ce \u00e0 son exclusivit\u00e9.<\/p>\n<\/div>\n<\/div>\n\n\n\n<h2 class=\"wp-block-heading\"><strong>R\u00e9sum\u00e9 <\/strong><strong><\/strong><\/h2>\n\n\n\n<p>La cl\u00e9 USB r\u00e9tro en m\u00e9tal, avec son design cr\u00e9atif (forme de cl\u00e9 + mat\u00e9riau m\u00e9tallique), associ\u00e9e \u00e0 une interface USB3.0 \u00e0 haut d\u00e9bit, offre d'excellentes performances en termes de capacit\u00e9, de dimensions et de vitesse de lecture et d'\u00e9criture. Sa couleur or r\u00e9tro est visuellement attrayante, et elle permet \u00e9galement une personnalisation flexible du logo.<\/p>\n\n\n\n<p>Que vous soyez un utilisateur ordinaire stockant des donn\u00e9es dans la vie quotidienne ou une entreprise\/un particulier personnalisant des cadeaux exclusifs, il peut r\u00e9pondre \u00e0 vos besoins gr\u00e2ce \u00e0 ses fonctions pratiques et \u00e0 son aspect unique, devenant un assistant pratique et accrocheur dans la vie num\u00e9rique, qui m\u00e9rite d'\u00eatre achet\u00e9 et exp\u00e9riment\u00e9.<\/p>","protected":false},"excerpt":{"rendered":"<ul>\n<li>Conception de la forme de la cl\u00e9<\/li>\n<li>Mat\u00e9riau m\u00e9tallique<\/li>\n<li>Imperm\u00e9able et durable<\/li>\n<li>Vitesse plus rapide et haute qualit\u00e9<\/li>\n<li>Fiabilit\u00e9 et s\u00e9curit\u00e9<\/li>\n<li>Id\u00e9al pour tous les usages<\/li>\n<\/ul>","protected":false},"featured_media":2747,"comment_status":"open","ping_status":"closed","template":"","meta":{"_seopress_robots_primary_cat":"","_seopress_titles_title":"","_seopress_titles_desc":"","_seopress_robots_index":"","site-sidebar-layout":"default","site-content-layout":"","ast-site-content-layout":"","site-content-style":"default","site-sidebar-style":"default","ast-global-header-display":"","ast-banner-title-visibility":"","ast-main-header-display":"","ast-hfb-above-header-display":"","ast-hfb-below-header-display":"","ast-hfb-mobile-header-display":"","site-post-title":"","ast-breadcrumbs-content":"","ast-featured-img":"","footer-sml-layout":"","theme-transparent-header-meta":"","adv-header-id-meta":"","stick-header-meta":"","header-above-stick-meta":"","header-main-stick-meta":"","header-below-stick-meta":"","astra-migrate-meta-layouts":"default","ast-page-background-enabled":"default","ast-page-background-meta":{"desktop":{"background-color":"var(--ast-global-color-5)","background-image":"","background-repeat":"repeat","background-position":"center center","background-size":"auto","background-attachment":"scroll","background-type":"","background-media":"","overlay-type":"","overlay-color":"","overlay-opacity":"","overlay-gradient":""},"tablet":{"background-color":"","background-image":"","background-repeat":"repeat","background-position":"center center","background-size":"auto","background-attachment":"scroll","background-type":"","background-media":"","overlay-type":"","overlay-color":"","overlay-opacity":"","overlay-gradient":""},"mobile":{"background-color":"","background-image":"","background-repeat":"repeat","background-position":"center center","background-size":"auto","background-attachment":"scroll","background-type":"","background-media":"","overlay-type":"","overlay-color":"","overlay-opacity":"","overlay-gradient":""}},"ast-content-background-meta":{"desktop":{"background-color":"var(--ast-global-color-4)","background-image":"","background-repeat":"repeat","background-position":"center center","background-size":"auto","background-attachment":"scroll","background-type":"","background-media":"","overlay-type":"","overlay-color":"","overlay-opacity":"","overlay-gradient":""},"tablet":{"background-color":"var(--ast-global-color-4)","background-image":"","background-repeat":"repeat","background-position":"center center","background-size":"auto","background-attachment":"scroll","background-type":"","background-media":"","overlay-type":"","overlay-color":"","overlay-opacity":"","overlay-gradient":""},"mobile":{"background-color":"var(--ast-global-color-4)","background-image":"","background-repeat":"repeat","background-position":"center center","background-size":"auto","background-attachment":"scroll","background-type":"","background-media":"","overlay-type":"","overlay-color":"","overlay-opacity":"","overlay-gradient":""}}},"product_brand":[],"product_cat":[108,103],"product_tag":[179],"class_list":{"0":"post-2741","1":"product","2":"type-product","3":"status-publish","4":"has-post-thumbnail","6":"product_cat-key-shaped-usb-pendrive","7":"product_cat-usb2-0-usb-pendrive","8":"product_tag-retro-key-metal-usb-drive","9":"desktop-align-left","10":"tablet-align-left","11":"mobile-align-left","13":"first","14":"instock","15":"shipping-taxable","16":"product-type-simple"},"_links":{"self":[{"href":"https:\/\/www.usborkeychain.com\/fr\/wp-json\/wp\/v2\/product\/2741","targetHints":{"allow":["GET"]}}],"collection":[{"href":"https:\/\/www.usborkeychain.com\/fr\/wp-json\/wp\/v2\/product"}],"about":[{"href":"https:\/\/www.usborkeychain.com\/fr\/wp-json\/wp\/v2\/types\/product"}],"replies":[{"embeddable":true,"href":"https:\/\/www.usborkeychain.com\/fr\/wp-json\/wp\/v2\/comments?post=2741"}],"wp:featuredmedia":[{"embeddable":true,"href":"https:\/\/www.usborkeychain.com\/fr\/wp-json\/wp\/v2\/media\/2747"}],"wp:attachment":[{"href":"https:\/\/www.usborkeychain.com\/fr\/wp-json\/wp\/v2\/media?parent=2741"}],"wp:term":[{"taxonomy":"product_brand","embeddable":true,"href":"https:\/\/www.usborkeychain.com\/fr\/wp-json\/wp\/v2\/product_brand?post=2741"},{"taxonomy":"product_cat","embeddable":true,"href":"https:\/\/www.usborkeychain.com\/fr\/wp-json\/wp\/v2\/product_cat?post=2741"},{"taxonomy":"product_tag","embeddable":true,"href":"https:\/\/www.usborkeychain.com\/fr\/wp-json\/wp\/v2\/product_tag?post=2741"}],"curies":[{"name":"wp","href":"https:\/\/api.w.org\/{rel}","templated":true}]}}