{"id":2751,"date":"2025-06-23T06:32:00","date_gmt":"2025-06-23T06:32:00","guid":{"rendered":"https:\/\/www.usborkeychain.com\/?post_type=product&#038;p=2751"},"modified":"2025-07-31T00:30:26","modified_gmt":"2025-07-31T00:30:26","slug":"metal-pen-usb-drive","status":"publish","type":"product","link":"https:\/\/www.usborkeychain.com\/fr\/produit\/metal-pen-usb-drive\/","title":{"rendered":"Stylo en m\u00e9tal Cl\u00e9 USB"},"content":{"rendered":"<h2 class=\"wp-block-heading\"><strong>Qu'est-ce qu'une cl\u00e9 USB \u00e0 stylo m\u00e9tallique ? <\/strong><strong><\/strong><\/h2>\n\n\n\n<div class=\"wp-block-columns is-layout-flex wp-container-core-columns-is-layout-28f84493 wp-block-columns-is-layout-flex\">\n<div class=\"wp-block-column is-layout-flow wp-block-column-is-layout-flow\">\n<figure class=\"wp-block-image aligncenter size-full is-resized\"><img fetchpriority=\"high\" decoding=\"async\" width=\"800\" height=\"800\" src=\"https:\/\/www.usborkeychain.com\/wp-content\/uploads\/Metal-Pen-USB-Drive-supplier.jpg\" alt=\"Metal Pen USB Drive supplier\" class=\"wp-image-2756\" style=\"width:450px\" srcset=\"https:\/\/www.usborkeychain.com\/wp-content\/uploads\/Metal-Pen-USB-Drive-supplier.jpg 800w, https:\/\/www.usborkeychain.com\/wp-content\/uploads\/Metal-Pen-USB-Drive-supplier-300x300.jpg 300w, https:\/\/www.usborkeychain.com\/wp-content\/uploads\/Metal-Pen-USB-Drive-supplier-150x150.jpg 150w, https:\/\/www.usborkeychain.com\/wp-content\/uploads\/Metal-Pen-USB-Drive-supplier-768x768.jpg 768w, https:\/\/www.usborkeychain.com\/wp-content\/uploads\/Metal-Pen-USB-Drive-supplier-12x12.jpg 12w, https:\/\/www.usborkeychain.com\/wp-content\/uploads\/Metal-Pen-USB-Drive-supplier-600x600.jpg 600w, https:\/\/www.usborkeychain.com\/wp-content\/uploads\/Metal-Pen-USB-Drive-supplier-100x100.jpg 100w\" sizes=\"(max-width: 800px) 100vw, 800px\" \/><\/figure>\n<\/div>\n\n\n\n<div class=\"wp-block-column is-vertically-aligned-center is-layout-flow wp-block-column-is-layout-flow\">\n<p>La cl\u00e9 USB \u00e0 stylo m\u00e9tallique est un produit innovant qui int\u00e8gre intelligemment les fonctions d'un outil d'\u00e9criture et d'un dispositif de stockage. Elle pr\u00e9sente une forme de stylo classique, avec un corps en m\u00e9tal, combinant la texture et la durabilit\u00e9 du m\u00e9tal.<\/p>\n\n\n\n<p>Au quotidien, il peut \u00eatre utilis\u00e9 pour \u00e9crire et enregistrer comme un stylo ordinaire, tandis que la cl\u00e9 USB cach\u00e9e dans le corps du stylo peut \u00eatre utilis\u00e9e pour stocker et transf\u00e9rer des fichiers \u00e0 tout moment, ce qui vous permet de concilier les besoins d'\u00e9criture et de stockage de donn\u00e9es avec un seul stylo dans les sc\u00e9narios de bureau et d'\u00e9tude, ce qui le rend pratique et commode.<\/p>\n<\/div>\n<\/div>\n\n\n\n<h2 class=\"wp-block-heading\"><strong>Interface et param\u00e8tres de la cl\u00e9 USB \u00e0 stylo en m\u00e9tal <\/strong><strong><\/strong><\/h2>\n\n\n\n<figure class=\"wp-block-table\"><table class=\"has-fixed-layout\"><tbody><tr><td>Cat\u00e9gorie de param\u00e8tres<\/td><td>D\u00e9tails sp\u00e9cifiques<\/td><\/tr><tr><td>Capacit\u00e9<\/td><td>Le choix est vaste : 8GB, 16GB, 32GB, 64GB, 128GB, etc. et peut \u00eatre adapt\u00e9 en fonction des besoins.<\/td><\/tr><tr><td>Dimensions<\/td><td>Le corps du stylo mesure 135 mm de long et 12 mm de diam\u00e8tre, avec une forme \u00e9lanc\u00e9e qui s'adapte \u00e0 la prise en main et ne prend pas de place lorsqu'on l'ins\u00e8re dans une trousse ou une poche.<\/td><\/tr><tr><td>Poids<\/td><td>Avec seulement 22 g, il est l\u00e9ger et agr\u00e9able \u00e0 tenir en main. Il ne p\u00e8se pas lourd lorsqu'on \u00e9crit ou qu'on le porte pendant une longue p\u00e9riode.<\/td><\/tr><\/tbody><\/table><\/figure>\n\n\n\n<h2 class=\"wp-block-heading\"><strong>\u4e09\u3001Quelles sont les couleurs de la cl\u00e9 USB en m\u00e9tal ? <\/strong><strong><\/strong><\/h2>\n\n\n\n<p>La cl\u00e9 USB \u00e0 stylo m\u00e9tallique est disponible dans une vari\u00e9t\u00e9 de couleurs charmantes, telles que l'argent, le noir, le rouge, l'or, etc.<\/p>\n\n\n\n<p>L'argent froid est aussi brillant qu'un miroir m\u00e9tallique, plein de texture ; le noir classique d\u00e9gage un style calme et digne ; le rouge vif est comme une flamme passionn\u00e9e, avec un grand impact visuel ; l'or luxueux a son propre \u00e9clat noble ; et le bleu frais apporte une exp\u00e9rience visuelle rafra\u00eechissante.<\/p>\n\n\n\n<p>Gr\u00e2ce au mat\u00e9riau m\u00e9tallique, ces couleurs pr\u00e9sentent une texture d\u00e9licate et brillante, et sous diff\u00e9rentes irradiations lumineuses, elles pr\u00e9sentent des changements de couleur m\u00e9talliques uniques, ce qui rend chaque cl\u00e9 USB \u00e0 stylo m\u00e9tallique \u00e0 la fois pratique et belle, s'adaptant facilement aux diff\u00e9rentes personnalit\u00e9s et aux besoins de la sc\u00e8ne.<\/p>\n\n\n\n<div class=\"wp-block-columns is-layout-flex wp-container-core-columns-is-layout-28f84493 wp-block-columns-is-layout-flex\">\n<div class=\"wp-block-column is-layout-flow wp-block-column-is-layout-flow\">\n<figure class=\"wp-block-image aligncenter size-full is-resized\"><img decoding=\"async\" width=\"800\" height=\"800\" src=\"https:\/\/www.usborkeychain.com\/wp-content\/uploads\/Metal-Pen-USB-Drive.jpg\" alt=\"Metal Pen USB Drive\" class=\"wp-image-2757\" style=\"width:450px\" srcset=\"https:\/\/www.usborkeychain.com\/wp-content\/uploads\/Metal-Pen-USB-Drive.jpg 800w, https:\/\/www.usborkeychain.com\/wp-content\/uploads\/Metal-Pen-USB-Drive-300x300.jpg 300w, https:\/\/www.usborkeychain.com\/wp-content\/uploads\/Metal-Pen-USB-Drive-150x150.jpg 150w, https:\/\/www.usborkeychain.com\/wp-content\/uploads\/Metal-Pen-USB-Drive-768x768.jpg 768w, https:\/\/www.usborkeychain.com\/wp-content\/uploads\/Metal-Pen-USB-Drive-12x12.jpg 12w, https:\/\/www.usborkeychain.com\/wp-content\/uploads\/Metal-Pen-USB-Drive-600x600.jpg 600w, https:\/\/www.usborkeychain.com\/wp-content\/uploads\/Metal-Pen-USB-Drive-100x100.jpg 100w\" sizes=\"(max-width: 800px) 100vw, 800px\" \/><\/figure>\n<\/div>\n\n\n\n<div class=\"wp-block-column is-layout-flow wp-block-column-is-layout-flow\">\n<figure class=\"wp-block-image aligncenter size-full is-resized\"><img decoding=\"async\" width=\"800\" height=\"800\" src=\"https:\/\/www.usborkeychain.com\/wp-content\/uploads\/Metal-Pen-USB-Drive-factory.jpg\" alt=\"Metal Pen USB Drive factory\" class=\"wp-image-2755\" style=\"width:450px\" srcset=\"https:\/\/www.usborkeychain.com\/wp-content\/uploads\/Metal-Pen-USB-Drive-factory.jpg 800w, https:\/\/www.usborkeychain.com\/wp-content\/uploads\/Metal-Pen-USB-Drive-factory-300x300.jpg 300w, https:\/\/www.usborkeychain.com\/wp-content\/uploads\/Metal-Pen-USB-Drive-factory-150x150.jpg 150w, https:\/\/www.usborkeychain.com\/wp-content\/uploads\/Metal-Pen-USB-Drive-factory-768x768.jpg 768w, https:\/\/www.usborkeychain.com\/wp-content\/uploads\/Metal-Pen-USB-Drive-factory-12x12.jpg 12w, https:\/\/www.usborkeychain.com\/wp-content\/uploads\/Metal-Pen-USB-Drive-factory-600x600.jpg 600w, https:\/\/www.usborkeychain.com\/wp-content\/uploads\/Metal-Pen-USB-Drive-factory-100x100.jpg 100w\" sizes=\"(max-width: 800px) 100vw, 800px\" \/><\/figure>\n<\/div>\n<\/div>\n\n\n\n<h2 class=\"wp-block-heading\"><strong>\u56db\u3001La cl\u00e9 USB \u00e0 stylo en m\u00e9tal peut-elle \u00eatre personnalis\u00e9e avec un logo ? <\/strong><strong><\/strong><\/h2>\n\n\n\n<p>Le stylo m\u00e9tallique de la cl\u00e9 USB permet de personnaliser le logo \u00e0 l'avant et \u00e0 l'arri\u00e8re.<\/p>\n\n\n\n<p>Gr\u00e2ce \u00e0 l'impression couleur ou \u00e0 la tampographie, il peut pr\u00e9senter avec pr\u00e9cision des logos exclusifs. Le processus d'impression couleur a une forte r\u00e9duction des couleurs et peut clairement pr\u00e9senter des motifs complexes et des couleurs vives ; le processus de tampographie est adapt\u00e9 \u00e0 diff\u00e9rentes surfaces incurv\u00e9es, ce qui permet au logo d'\u00eatre fermement fix\u00e9 au corps du stylo.<\/p>\n\n\n\n<p>Qu'elle soit personnalis\u00e9e par les entreprises comme cadeau d'affaires avec le logo de la marque pour v\u00e9hiculer l'image ou par les particuliers avec des symboles uniques pour conserver des souvenirs, elle peut \u00eatre parfaitement r\u00e9alis\u00e9e, conf\u00e9rant \u00e0 la cl\u00e9 USB \u00e0 stylo m\u00e9tallique une valeur exclusive.<\/p>\n\n\n\n<h2 class=\"wp-block-heading\"><strong>R\u00e9sum\u00e9 <\/strong><strong><\/strong><\/h2>\n\n\n\n<div class=\"wp-block-columns is-layout-flex wp-container-core-columns-is-layout-28f84493 wp-block-columns-is-layout-flex\">\n<div class=\"wp-block-column is-layout-flow wp-block-column-is-layout-flow\">\n<figure class=\"wp-block-image aligncenter size-full is-resized\"><img loading=\"lazy\" decoding=\"async\" width=\"800\" height=\"800\" src=\"https:\/\/www.usborkeychain.com\/wp-content\/uploads\/Metal-Pen-USB-Drive-bulk.jpg\" alt=\"Metal Pen USB Drive bulk\" class=\"wp-image-2754\" style=\"width:450px\" srcset=\"https:\/\/www.usborkeychain.com\/wp-content\/uploads\/Metal-Pen-USB-Drive-bulk.jpg 800w, https:\/\/www.usborkeychain.com\/wp-content\/uploads\/Metal-Pen-USB-Drive-bulk-300x300.jpg 300w, https:\/\/www.usborkeychain.com\/wp-content\/uploads\/Metal-Pen-USB-Drive-bulk-150x150.jpg 150w, https:\/\/www.usborkeychain.com\/wp-content\/uploads\/Metal-Pen-USB-Drive-bulk-768x768.jpg 768w, https:\/\/www.usborkeychain.com\/wp-content\/uploads\/Metal-Pen-USB-Drive-bulk-12x12.jpg 12w, https:\/\/www.usborkeychain.com\/wp-content\/uploads\/Metal-Pen-USB-Drive-bulk-600x600.jpg 600w, https:\/\/www.usborkeychain.com\/wp-content\/uploads\/Metal-Pen-USB-Drive-bulk-100x100.jpg 100w\" sizes=\"(max-width: 800px) 100vw, 800px\" \/><\/figure>\n<\/div>\n\n\n\n<div class=\"wp-block-column is-vertically-aligned-center is-layout-flow wp-block-column-is-layout-flow\">\n<p>La cl\u00e9 USB \u00e0 stylo m\u00e9tallique combine les fonctions d'\u00e9criture et de stockage, avec une interface USB3.0 \u00e0 haut d\u00e9bit pour assurer une transmission efficace. Sa grande capacit\u00e9, sa taille compacte et son poids l\u00e9ger conviennent \u00e0 divers sc\u00e9narios. Les diverses couleurs de la texture m\u00e9tallique r\u00e9pondent aux pr\u00e9f\u00e9rences des utilisateurs et permettent \u00e9galement de personnaliser le logo.<\/p>\n\n\n\n<p>Qu'il s'agisse de l'enregistrement quotidien au bureau, de la transmission de fichiers, de cadeaux d'entreprise ou d'objets exclusifs personnels, il peut devenir un assistant comp\u00e9tent et un objet qui attire l'attention gr\u00e2ce \u00e0 ses fonctions pratiques et \u00e0 son design unique, qui m\u00e9ritent d'\u00eatre achet\u00e9s et exp\u00e9riment\u00e9s.<\/p>\n<\/div>\n<\/div>\n\n\n\n<p><\/p>","protected":false},"excerpt":{"rendered":"<ul>\n<li>Conception fonctionnelle deux-en-un<\/li>\n<li>Transmission de donn\u00e9es \u00e0 haut d\u00e9bit<\/li>\n<li>Construction m\u00e9tallique durable et esth\u00e9tique \u00e9l\u00e9gante<\/li>\n<li>Portable et ergonomique<\/li>\n<li>Logo personnalisable<\/li>\n<\/ul>","protected":false},"featured_media":2757,"comment_status":"open","ping_status":"closed","template":"","meta":{"_seopress_robots_primary_cat":"","_seopress_titles_title":"Metal Pen USB Drive","_seopress_titles_desc":"","_seopress_robots_index":"","site-sidebar-layout":"default","site-content-layout":"","ast-site-content-layout":"","site-content-style":"default","site-sidebar-style":"default","ast-global-header-display":"","ast-banner-title-visibility":"","ast-main-header-display":"","ast-hfb-above-header-display":"","ast-hfb-below-header-display":"","ast-hfb-mobile-header-display":"","site-post-title":"","ast-breadcrumbs-content":"","ast-featured-img":"","footer-sml-layout":"","theme-transparent-header-meta":"","adv-header-id-meta":"","stick-header-meta":"","header-above-stick-meta":"","header-main-stick-meta":"","header-below-stick-meta":"","astra-migrate-meta-layouts":"default","ast-page-background-enabled":"default","ast-page-background-meta":{"desktop":{"background-color":"var(--ast-global-color-5)","background-image":"","background-repeat":"repeat","background-position":"center center","background-size":"auto","background-attachment":"scroll","background-type":"","background-media":"","overlay-type":"","overlay-color":"","overlay-opacity":"","overlay-gradient":""},"tablet":{"background-color":"","background-image":"","background-repeat":"repeat","background-position":"center center","background-size":"auto","background-attachment":"scroll","background-type":"","background-media":"","overlay-type":"","overlay-color":"","overlay-opacity":"","overlay-gradient":""},"mobile":{"background-color":"","background-image":"","background-repeat":"repeat","background-position":"center center","background-size":"auto","background-attachment":"scroll","background-type":"","background-media":"","overlay-type":"","overlay-color":"","overlay-opacity":"","overlay-gradient":""}},"ast-content-background-meta":{"desktop":{"background-color":"var(--ast-global-color-4)","background-image":"","background-repeat":"repeat","background-position":"center center","background-size":"auto","background-attachment":"scroll","background-type":"","background-media":"","overlay-type":"","overlay-color":"","overlay-opacity":"","overlay-gradient":""},"tablet":{"background-color":"var(--ast-global-color-4)","background-image":"","background-repeat":"repeat","background-position":"center center","background-size":"auto","background-attachment":"scroll","background-type":"","background-media":"","overlay-type":"","overlay-color":"","overlay-opacity":"","overlay-gradient":""},"mobile":{"background-color":"var(--ast-global-color-4)","background-image":"","background-repeat":"repeat","background-position":"center center","background-size":"auto","background-attachment":"scroll","background-type":"","background-media":"","overlay-type":"","overlay-color":"","overlay-opacity":"","overlay-gradient":""}}},"product_brand":[],"product_cat":[100],"product_tag":[324,318],"class_list":{"0":"post-2751","1":"product","2":"type-product","3":"status-publish","4":"has-post-thumbnail","6":"product_cat-usb-drive-with-pen","7":"product_tag-ballpoint-usb-flash-drive-pen","8":"product_tag-colorful-pen-usb-flash","9":"desktop-align-left","10":"tablet-align-left","11":"mobile-align-left","13":"first","14":"instock","15":"shipping-taxable","16":"product-type-simple"},"_links":{"self":[{"href":"https:\/\/www.usborkeychain.com\/fr\/wp-json\/wp\/v2\/product\/2751","targetHints":{"allow":["GET"]}}],"collection":[{"href":"https:\/\/www.usborkeychain.com\/fr\/wp-json\/wp\/v2\/product"}],"about":[{"href":"https:\/\/www.usborkeychain.com\/fr\/wp-json\/wp\/v2\/types\/product"}],"replies":[{"embeddable":true,"href":"https:\/\/www.usborkeychain.com\/fr\/wp-json\/wp\/v2\/comments?post=2751"}],"wp:featuredmedia":[{"embeddable":true,"href":"https:\/\/www.usborkeychain.com\/fr\/wp-json\/wp\/v2\/media\/2757"}],"wp:attachment":[{"href":"https:\/\/www.usborkeychain.com\/fr\/wp-json\/wp\/v2\/media?parent=2751"}],"wp:term":[{"taxonomy":"product_brand","embeddable":true,"href":"https:\/\/www.usborkeychain.com\/fr\/wp-json\/wp\/v2\/product_brand?post=2751"},{"taxonomy":"product_cat","embeddable":true,"href":"https:\/\/www.usborkeychain.com\/fr\/wp-json\/wp\/v2\/product_cat?post=2751"},{"taxonomy":"product_tag","embeddable":true,"href":"https:\/\/www.usborkeychain.com\/fr\/wp-json\/wp\/v2\/product_tag?post=2751"}],"curies":[{"name":"wp","href":"https:\/\/api.w.org\/{rel}","templated":true}]}}