{"id":3271,"date":"2025-06-24T03:38:21","date_gmt":"2025-06-24T03:38:21","guid":{"rendered":"https:\/\/www.usborkeychain.com\/?post_type=product&#038;p=3271"},"modified":"2025-06-24T04:28:07","modified_gmt":"2025-06-24T04:28:07","slug":"metal-keychain-usb-flash-drive","status":"publish","type":"product","link":"https:\/\/www.usborkeychain.com\/fr\/produit\/metal-keychain-usb-flash-drive\/","title":{"rendered":"Cl\u00e9 USB avec porte-cl\u00e9s en m\u00e9tal"},"content":{"rendered":"<h2 class=\"wp-block-heading\"><strong>Qu'est-ce qu'une cl\u00e9 USB avec porte-cl\u00e9s en m\u00e9tal ? <\/strong><strong><\/strong><\/h2>\n\n\n\n<div class=\"wp-block-columns is-layout-flex wp-container-core-columns-is-layout-28f84493 wp-block-columns-is-layout-flex\">\n<div class=\"wp-block-column is-layout-flow wp-block-column-is-layout-flow\">\n<figure class=\"wp-block-image aligncenter size-full is-resized\"><img fetchpriority=\"high\" decoding=\"async\" width=\"800\" height=\"800\" src=\"https:\/\/www.usborkeychain.com\/wp-content\/uploads\/Silver-Metal-Keychain-USB-Flash-Drive.jpg\" alt=\"Silver Metal Keychain USB Flash Drive\" class=\"wp-image-3277\" style=\"width:450px\" srcset=\"https:\/\/www.usborkeychain.com\/wp-content\/uploads\/Silver-Metal-Keychain-USB-Flash-Drive.jpg 800w, https:\/\/www.usborkeychain.com\/wp-content\/uploads\/Silver-Metal-Keychain-USB-Flash-Drive-300x300.jpg 300w, https:\/\/www.usborkeychain.com\/wp-content\/uploads\/Silver-Metal-Keychain-USB-Flash-Drive-150x150.jpg 150w, https:\/\/www.usborkeychain.com\/wp-content\/uploads\/Silver-Metal-Keychain-USB-Flash-Drive-768x768.jpg 768w, https:\/\/www.usborkeychain.com\/wp-content\/uploads\/Silver-Metal-Keychain-USB-Flash-Drive-12x12.jpg 12w, https:\/\/www.usborkeychain.com\/wp-content\/uploads\/Silver-Metal-Keychain-USB-Flash-Drive-600x600.jpg 600w, https:\/\/www.usborkeychain.com\/wp-content\/uploads\/Silver-Metal-Keychain-USB-Flash-Drive-100x100.jpg 100w\" sizes=\"(max-width: 800px) 100vw, 800px\" \/><\/figure>\n<\/div>\n\n\n\n<div class=\"wp-block-column is-vertically-aligned-center is-layout-flow wp-block-column-is-layout-flow\">\n<p>La cl\u00e9 USB porte-cl\u00e9s en m\u00e9tal est un produit qui int\u00e8gre des fonctions de stockage pratiques \u00e0 un design de porte-cl\u00e9s portable. Elle pr\u00e9sente une forme \u00e9l\u00e9gante, rectangulaire et allong\u00e9e, fabriqu\u00e9e en m\u00e9tal pour offrir \u00e0 la fois texture et durabilit\u00e9.<\/p>\n\n\n\n<p>Ressemblant \u00e0 un porte-cl\u00e9s, elle peut \u00eatre facilement accroch\u00e9e \u00e0 un porte-cl\u00e9s pour un transport pratique, tout en servant \u00e9galement de cl\u00e9 USB pour le stockage de donn\u00e9es, r\u00e9pondant ainsi aux besoins quotidiens en mati\u00e8re de transfert de fichiers et de sauvegarde de donn\u00e9es. Il s'agit d'une combinaison de commodit\u00e9 et de praticit\u00e9.<\/p>\n<\/div>\n<\/div>\n\n\n\n<h2 class=\"wp-block-heading\"><strong>Interfaces et param\u00e8tres de la cl\u00e9 USB porte-cl\u00e9s en m\u00e9tal <\/strong><strong><\/strong><\/h2>\n\n\n\n<figure class=\"wp-block-table\"><table class=\"has-fixed-layout\"><tbody><tr><td>Cat\u00e9gorie de param\u00e8tres<\/td><td>D\u00e9tails<\/td><\/tr><tr><td>Capacit\u00e9<\/td><td>8GB, 16GB, 32GB, 64GB, 128GB, etc.<\/td><\/tr><tr><td>Vitesse de lecture\/\u00e9criture<\/td><td>Vitesse de lecture jusqu'\u00e0 environ 80-150MB\/s, vitesse d'\u00e9criture d'environ 15-60MB\/s<\/td><\/tr><tr><td>Appareils compatibles<\/td><td>Compatible avec les syst\u00e8mes d'exploitation courants tels que Windows, Mac OS et Linux ; peut \u00eatre connect\u00e9 \u00e0 des appareils tels que des ordinateurs, des ordinateurs portables et des t\u00e9l\u00e9viseurs intelligents pour un stockage \u00e9tendu ou la transmission de donn\u00e9es.<\/td><\/tr><\/tbody><\/table><\/figure>\n\n\n\n<h2 class=\"wp-block-heading\"><strong>Quelles sont les couleurs disponibles pour la cl\u00e9 USB porte-cl\u00e9s en m\u00e9tal ? <\/strong><strong><\/strong><\/h2>\n\n\n\n<div class=\"wp-block-columns is-layout-flex wp-container-core-columns-is-layout-28f84493 wp-block-columns-is-layout-flex\">\n<div class=\"wp-block-column is-layout-flow wp-block-column-is-layout-flow\">\n<figure class=\"wp-block-image aligncenter size-full is-resized\"><img decoding=\"async\" width=\"800\" height=\"800\" src=\"https:\/\/www.usborkeychain.com\/wp-content\/uploads\/Metal-Keychain-USB-Flash-Drive.jpg\" alt=\"Metal Keychain USB Flash Drive\" class=\"wp-image-3276\" style=\"width:450px\" srcset=\"https:\/\/www.usborkeychain.com\/wp-content\/uploads\/Metal-Keychain-USB-Flash-Drive.jpg 800w, https:\/\/www.usborkeychain.com\/wp-content\/uploads\/Metal-Keychain-USB-Flash-Drive-300x300.jpg 300w, https:\/\/www.usborkeychain.com\/wp-content\/uploads\/Metal-Keychain-USB-Flash-Drive-150x150.jpg 150w, https:\/\/www.usborkeychain.com\/wp-content\/uploads\/Metal-Keychain-USB-Flash-Drive-768x768.jpg 768w, https:\/\/www.usborkeychain.com\/wp-content\/uploads\/Metal-Keychain-USB-Flash-Drive-12x12.jpg 12w, https:\/\/www.usborkeychain.com\/wp-content\/uploads\/Metal-Keychain-USB-Flash-Drive-600x600.jpg 600w, https:\/\/www.usborkeychain.com\/wp-content\/uploads\/Metal-Keychain-USB-Flash-Drive-100x100.jpg 100w\" sizes=\"(max-width: 800px) 100vw, 800px\" \/><\/figure>\n<\/div>\n\n\n\n<div class=\"wp-block-column is-vertically-aligned-center is-layout-flow wp-block-column-is-layout-flow\">\n<p>La cl\u00e9 USB porte-cl\u00e9s en m\u00e9tal est disponible en deux couleurs classiques.<\/p>\n\n\n\n<p>Le mod\u00e8le argent\u00e9 brille comme un \u00e9clat d'argent qui se r\u00e9pand doucement, le mat\u00e9riau m\u00e9tallique conf\u00e9rant un lustre frais et de qualit\u00e9 sup\u00e9rieure qui s'\u00e9coule avec une texture d\u00e9licate sous la lumi\u00e8re, combinant simplicit\u00e9 et \u00e9l\u00e9gance pour s'adapter \u00e0 divers sc\u00e9narios d'utilisation.<\/p>\n\n\n\n<p>Le mod\u00e8le noir \u00e9voque la profondeur de la nuit, la surface m\u00e9tallique \u00e9tant trait\u00e9e pour pr\u00e9senter un noir mat calme et sophistiqu\u00e9. Il exsude un raffinement subtil, mettant en valeur un go\u00fbt unique lorsqu'on le tient en main. Les deux couleurs tirent parti des propri\u00e9t\u00e9s du m\u00e9tal, qui est r\u00e9sistant \u00e0 l'usure et \u00e0 la d\u00e9coloration, et conserve sa beaut\u00e9 pendant longtemps.<\/p>\n<\/div>\n<\/div>\n\n\n\n<h2 class=\"wp-block-heading\"><strong>La cl\u00e9 USB porte-cl\u00e9s en m\u00e9tal peut-elle \u00eatre personnalis\u00e9e avec un logo ? <\/strong><strong><\/strong><\/h2>\n\n\n\n<div class=\"wp-block-columns is-layout-flex wp-container-core-columns-is-layout-28f84493 wp-block-columns-is-layout-flex\">\n<div class=\"wp-block-column is-vertically-aligned-center is-layout-flow wp-block-column-is-layout-flow\">\n<p>La cl\u00e9 USB porte-cl\u00e9s en m\u00e9tal permet de personnaliser le logo. Le recto et le verso peuvent \u00eatre personnalis\u00e9s gr\u00e2ce \u00e0 la technologie de la gravure au laser.<\/p>\n\n\n\n<p>La gravure au laser pr\u00e9sente avec pr\u00e9cision les d\u00e9tails du logo et s'int\u00e8gre profond\u00e9ment dans la surface du m\u00e9tal pour r\u00e9sister au d\u00e9tachement et \u00e0 l'usure, garantissant ainsi un affichage clair du logo de votre marque ou de motifs exclusifs.<\/p>\n\n\n\n<p>Qu'elle soit personnalis\u00e9e par des entreprises pour des cadeaux d'affaires ou par des particuliers pour des souvenirs uniques, elle r\u00e9pond \u00e0 des besoins personnalis\u00e9s et conf\u00e8re une signification unique \u00e0 la cl\u00e9 USB.<\/p>\n<\/div>\n\n\n\n<div class=\"wp-block-column is-layout-flow wp-block-column-is-layout-flow\">\n<figure class=\"wp-block-image aligncenter size-full is-resized\"><img decoding=\"async\" width=\"894\" height=\"894\" src=\"https:\/\/www.usborkeychain.com\/wp-content\/uploads\/Metal-Keychain-USB-Flash-Drive-with-Logo.jpg\" alt=\"Metal Keychain USB Flash Drive with Logo\" class=\"wp-image-3275\" style=\"width:448px\" srcset=\"https:\/\/www.usborkeychain.com\/wp-content\/uploads\/Metal-Keychain-USB-Flash-Drive-with-Logo.jpg 894w, https:\/\/www.usborkeychain.com\/wp-content\/uploads\/Metal-Keychain-USB-Flash-Drive-with-Logo-300x300.jpg 300w, https:\/\/www.usborkeychain.com\/wp-content\/uploads\/Metal-Keychain-USB-Flash-Drive-with-Logo-150x150.jpg 150w, https:\/\/www.usborkeychain.com\/wp-content\/uploads\/Metal-Keychain-USB-Flash-Drive-with-Logo-768x768.jpg 768w, https:\/\/www.usborkeychain.com\/wp-content\/uploads\/Metal-Keychain-USB-Flash-Drive-with-Logo-12x12.jpg 12w, https:\/\/www.usborkeychain.com\/wp-content\/uploads\/Metal-Keychain-USB-Flash-Drive-with-Logo-600x600.jpg 600w, https:\/\/www.usborkeychain.com\/wp-content\/uploads\/Metal-Keychain-USB-Flash-Drive-with-Logo-100x100.jpg 100w\" sizes=\"(max-width: 894px) 100vw, 894px\" \/><\/figure>\n<\/div>\n<\/div>\n\n\n\n<h2 class=\"wp-block-heading\"><strong>R\u00e9sum\u00e9 <\/strong><strong><\/strong><\/h2>\n\n\n\n<p>La cl\u00e9 USB porte-cl\u00e9s en m\u00e9tal int\u00e8gre un porte-cl\u00e9s portable et des fonctions de stockage \u00e0 grande vitesse. L'interface USB 3.0 garantit une transmission efficace, diverses capacit\u00e9s s'adaptent \u00e0 diff\u00e9rents besoins, les couleurs argent et noir \u00e9quilibrent l'esth\u00e9tique et la durabilit\u00e9, et la cl\u00e9 prend en charge la personnalisation du logo par gravure laser.<\/p>\n\n\n\n<p>Qu'il s'agisse du stockage quotidien de fichiers, d'une utilisation professionnelle ou d'un cadeau personnalis\u00e9, il constitue un excellent choix gr\u00e2ce \u00e0 ses performances pratiques et \u00e0 ses avantages personnalis\u00e9s. Il r\u00e9sout facilement les probl\u00e8mes de stockage et de transport de donn\u00e9es et int\u00e8gre les gadgets technologiques dans la vie de tous les jours.<\/p>","protected":false},"excerpt":{"rendered":"<ul>\n<li>Porte-cl\u00e9s<\/li>\n<li>Mat\u00e9riau m\u00e9tallique<\/li>\n<li>Imperm\u00e9able et durable<\/li>\n<li>Vitesse plus rapide et haute qualit\u00e9<\/li>\n<li>Fiabilit\u00e9 et s\u00e9curit\u00e9<\/li>\n<li>Id\u00e9al pour tous les usages<\/li>\n<\/ul>","protected":false},"featured_media":3276,"comment_status":"open","ping_status":"closed","template":"","meta":{"_seopress_robots_primary_cat":"none","_seopress_titles_title":"Metal Keychain USB Flash Drive","_seopress_titles_desc":"","_seopress_robots_index":"","site-sidebar-layout":"default","site-content-layout":"","ast-site-content-layout":"","site-content-style":"default","site-sidebar-style":"default","ast-global-header-display":"","ast-banner-title-visibility":"","ast-main-header-display":"","ast-hfb-above-header-display":"","ast-hfb-below-header-display":"","ast-hfb-mobile-header-display":"","site-post-title":"","ast-breadcrumbs-content":"","ast-featured-img":"","footer-sml-layout":"","theme-transparent-header-meta":"","adv-header-id-meta":"","stick-header-meta":"","header-above-stick-meta":"","header-main-stick-meta":"","header-below-stick-meta":"","astra-migrate-meta-layouts":"default","ast-page-background-enabled":"default","ast-page-background-meta":{"desktop":{"background-color":"var(--ast-global-color-5)","background-image":"","background-repeat":"repeat","background-position":"center center","background-size":"auto","background-attachment":"scroll","background-type":"","background-media":"","overlay-type":"","overlay-color":"","overlay-opacity":"","overlay-gradient":""},"tablet":{"background-color":"","background-image":"","background-repeat":"repeat","background-position":"center center","background-size":"auto","background-attachment":"scroll","background-type":"","background-media":"","overlay-type":"","overlay-color":"","overlay-opacity":"","overlay-gradient":""},"mobile":{"background-color":"","background-image":"","background-repeat":"repeat","background-position":"center center","background-size":"auto","background-attachment":"scroll","background-type":"","background-media":"","overlay-type":"","overlay-color":"","overlay-opacity":"","overlay-gradient":""}},"ast-content-background-meta":{"desktop":{"background-color":"var(--ast-global-color-4)","background-image":"","background-repeat":"repeat","background-position":"center center","background-size":"auto","background-attachment":"scroll","background-type":"","background-media":"","overlay-type":"","overlay-color":"","overlay-opacity":"","overlay-gradient":""},"tablet":{"background-color":"var(--ast-global-color-4)","background-image":"","background-repeat":"repeat","background-position":"center center","background-size":"auto","background-attachment":"scroll","background-type":"","background-media":"","overlay-type":"","overlay-color":"","overlay-opacity":"","overlay-gradient":""},"mobile":{"background-color":"var(--ast-global-color-4)","background-image":"","background-repeat":"repeat","background-position":"center center","background-size":"auto","background-attachment":"scroll","background-type":"","background-media":"","overlay-type":"","overlay-color":"","overlay-opacity":"","overlay-gradient":""}}},"product_brand":[],"product_cat":[101],"product_tag":[],"class_list":{"0":"post-3271","1":"product","2":"type-product","3":"status-publish","4":"has-post-thumbnail","6":"product_cat-usb-pendrive-with-keychain","7":"desktop-align-left","8":"tablet-align-left","9":"mobile-align-left","11":"first","12":"instock","13":"shipping-taxable","14":"product-type-simple"},"_links":{"self":[{"href":"https:\/\/www.usborkeychain.com\/fr\/wp-json\/wp\/v2\/product\/3271","targetHints":{"allow":["GET"]}}],"collection":[{"href":"https:\/\/www.usborkeychain.com\/fr\/wp-json\/wp\/v2\/product"}],"about":[{"href":"https:\/\/www.usborkeychain.com\/fr\/wp-json\/wp\/v2\/types\/product"}],"replies":[{"embeddable":true,"href":"https:\/\/www.usborkeychain.com\/fr\/wp-json\/wp\/v2\/comments?post=3271"}],"wp:featuredmedia":[{"embeddable":true,"href":"https:\/\/www.usborkeychain.com\/fr\/wp-json\/wp\/v2\/media\/3276"}],"wp:attachment":[{"href":"https:\/\/www.usborkeychain.com\/fr\/wp-json\/wp\/v2\/media?parent=3271"}],"wp:term":[{"taxonomy":"product_brand","embeddable":true,"href":"https:\/\/www.usborkeychain.com\/fr\/wp-json\/wp\/v2\/product_brand?post=3271"},{"taxonomy":"product_cat","embeddable":true,"href":"https:\/\/www.usborkeychain.com\/fr\/wp-json\/wp\/v2\/product_cat?post=3271"},{"taxonomy":"product_tag","embeddable":true,"href":"https:\/\/www.usborkeychain.com\/fr\/wp-json\/wp\/v2\/product_tag?post=3271"}],"curies":[{"name":"wp","href":"https:\/\/api.w.org\/{rel}","templated":true}]}}