{"id":3300,"date":"2025-06-24T06:56:16","date_gmt":"2025-06-24T06:56:16","guid":{"rendered":"https:\/\/www.usborkeychain.com\/?post_type=product&#038;p=3300"},"modified":"2025-06-25T01:38:48","modified_gmt":"2025-06-25T01:38:48","slug":"super-mini-usb-flash-drive","status":"publish","type":"product","link":"https:\/\/www.usborkeychain.com\/fr\/produit\/super-mini-usb-flash-drive\/","title":{"rendered":"Cl\u00e9 USB Super Mini"},"content":{"rendered":"<h3 class=\"wp-block-heading\"><strong>Qu'est-ce qu'une cl\u00e9 USB Super Mini ? <\/strong><strong><\/strong><\/h3>\n\n\n\n<div class=\"wp-block-columns is-layout-flex wp-container-core-columns-is-layout-28f84493 wp-block-columns-is-layout-flex\">\n<div class=\"wp-block-column is-layout-flow wp-block-column-is-layout-flow\">\n<figure class=\"wp-block-image aligncenter size-full is-resized\"><img fetchpriority=\"high\" decoding=\"async\" width=\"760\" height=\"760\" src=\"https:\/\/www.usborkeychain.com\/wp-content\/uploads\/Super-Mini-USB-Flash-Drive-Factory.jpg\" alt=\"Super Mini USB Flash Drive Factory\" class=\"wp-image-3306\" style=\"width:450px\" srcset=\"https:\/\/www.usborkeychain.com\/wp-content\/uploads\/Super-Mini-USB-Flash-Drive-Factory.jpg 760w, https:\/\/www.usborkeychain.com\/wp-content\/uploads\/Super-Mini-USB-Flash-Drive-Factory-300x300.jpg 300w, https:\/\/www.usborkeychain.com\/wp-content\/uploads\/Super-Mini-USB-Flash-Drive-Factory-150x150.jpg 150w, https:\/\/www.usborkeychain.com\/wp-content\/uploads\/Super-Mini-USB-Flash-Drive-Factory-12x12.jpg 12w, https:\/\/www.usborkeychain.com\/wp-content\/uploads\/Super-Mini-USB-Flash-Drive-Factory-600x600.jpg 600w, https:\/\/www.usborkeychain.com\/wp-content\/uploads\/Super-Mini-USB-Flash-Drive-Factory-100x100.jpg 100w\" sizes=\"(max-width: 760px) 100vw, 760px\" \/><\/figure>\n<\/div>\n\n\n\n<div class=\"wp-block-column is-vertically-aligned-center is-layout-flow wp-block-column-is-layout-flow\">\n<p>La cl\u00e9 USB Super Mini est une cl\u00e9 USB ultra-miniature. Elle pr\u00e9sente un design compact et d\u00e9licat, avec un bo\u00eetier en plastique dur robuste et durable.<\/p>\n\n\n\n<p>Il se range facilement dans les petits espaces tels que les poches ou les pochettes de cl\u00e9s, ce qui le rend pratique \u00e0 transporter \u00e0 tout moment.<\/p>\n\n\n\n<p>Il offre aux utilisateurs une solution de stockage mobile pratique, permettant de r\u00e9aliser sans effort des t\u00e2ches telles que le transfert de documents, la sauvegarde de photos ou le stockage de musique et de vid\u00e9os.<\/p>\n<\/div>\n<\/div>\n\n\n\n<h3 class=\"wp-block-heading\"><strong>Interface et param\u00e8tres de la cl\u00e9 USB Super Mini <\/strong><strong><\/strong><\/h3>\n\n\n\n<figure class=\"wp-block-table\"><table class=\"has-fixed-layout\"><tbody><tr><td>Cat\u00e9gorie de param\u00e8tres<\/td><td>D\u00e9tails<\/td><\/tr><tr><td>Capacit\u00e9<\/td><td>16GB, 32GB, 64GB, 128GB, 256GB, 512GB, 1TB<\/td><\/tr><tr><td>Taille<\/td><td>23*12mm<\/td><\/tr><tr><td>Vitesse de lecture\/\u00e9criture<\/td><td>La vitesse de lecture maximale atteint 120 Mo\/s et la vitesse d'\u00e9criture maximale 40 Mo\/s. Il permet des transferts efficaces de fichiers volumineux - m\u00eame un film haute d\u00e9finition de 5 Go peut \u00eatre transf\u00e9r\u00e9 en un peu plus d'une minute, ce qui r\u00e9duit consid\u00e9rablement le temps d'attente.<\/td><\/tr><tr><td>Appareils compatibles<\/td><td>Compatible avec les appareils dot\u00e9s d'une interface USB, notamment les ordinateurs (Windows, Mac OS, etc.), les ordinateurs portables, les t\u00e9l\u00e9viseurs intelligents, les syst\u00e8mes audio des voitures, etc.<\/td><\/tr><\/tbody><\/table><\/figure>\n\n\n\n<h3 class=\"wp-block-heading\"><strong>Couleur de la cl\u00e9 USB Super Mini <\/strong><strong><\/strong><\/h3>\n\n\n\n<div class=\"wp-block-columns is-layout-flex wp-container-core-columns-is-layout-28f84493 wp-block-columns-is-layout-flex\">\n<div class=\"wp-block-column is-layout-flow wp-block-column-is-layout-flow\">\n<figure class=\"wp-block-image aligncenter size-full is-resized\"><img decoding=\"async\" width=\"760\" height=\"760\" src=\"https:\/\/www.usborkeychain.com\/wp-content\/uploads\/Super-Mini-USB-Flash-Drive-Supplier.jpg\" alt=\"Super Mini USB Flash Drive Supplier\" class=\"wp-image-3307\" style=\"width:450px\" srcset=\"https:\/\/www.usborkeychain.com\/wp-content\/uploads\/Super-Mini-USB-Flash-Drive-Supplier.jpg 760w, https:\/\/www.usborkeychain.com\/wp-content\/uploads\/Super-Mini-USB-Flash-Drive-Supplier-300x300.jpg 300w, https:\/\/www.usborkeychain.com\/wp-content\/uploads\/Super-Mini-USB-Flash-Drive-Supplier-150x150.jpg 150w, https:\/\/www.usborkeychain.com\/wp-content\/uploads\/Super-Mini-USB-Flash-Drive-Supplier-12x12.jpg 12w, https:\/\/www.usborkeychain.com\/wp-content\/uploads\/Super-Mini-USB-Flash-Drive-Supplier-600x600.jpg 600w, https:\/\/www.usborkeychain.com\/wp-content\/uploads\/Super-Mini-USB-Flash-Drive-Supplier-100x100.jpg 100w\" sizes=\"(max-width: 760px) 100vw, 760px\" \/><\/figure>\n<\/div>\n\n\n\n<div class=\"wp-block-column is-vertically-aligned-center is-layout-flow wp-block-column-is-layout-flow\">\n<p>La cl\u00e9 USB Super Mini se pr\u00e9sente dans une couleur noire classique. Ce noir n'est pas monotone ou terne ; au contraire, gr\u00e2ce au mat\u00e9riau plastique dur, il pr\u00e9sente un noir profond et textur\u00e9. Sous la lumi\u00e8re, la surface \u00e9met subtilement une lueur mate, d\u00e9gageant \u00e0 la fois une attitude discr\u00e8te et stable et un sentiment de raffinement.<\/p>\n\n\n\n<p>Contrairement aux mat\u00e9riaux m\u00e9talliques, il ne laisse pas facilement de traces de doigts, ce qui lui permet de conserver un aspect propre et net au quotidien et de s'adapter \u00e0 diff\u00e9rents sc\u00e9narios d'utilisation et styles d'appareils.<\/p>\n<\/div>\n<\/div>\n\n\n\n<h3 class=\"wp-block-heading\"><strong>La cl\u00e9 USB Super Mini peut-elle \u00eatre personnalis\u00e9e avec un logo ? <\/strong><strong><\/strong><\/h3>\n\n\n\n<p>La cl\u00e9 USB Super Mini peut \u00eatre personnalis\u00e9e avec un logo. Des logos exclusifs peuvent \u00eatre appos\u00e9s au recto et au verso de la cl\u00e9 USB par s\u00e9rigraphie ou impression couleur.<\/p>\n\n\n\n<p>Qu'elle soit personnalis\u00e9e par des entreprises pour la promotion de leur marque, avec des logos d'entreprise imprim\u00e9s dessus comme cadeaux d'affaires, ou par des particuliers pour cr\u00e9er des cl\u00e9s USB personnalis\u00e9es uniques avec des motifs ou des textes pr\u00e9f\u00e9r\u00e9s, elle peut \u00eatre facilement r\u00e9alis\u00e9e, ce qui rend cette cl\u00e9 USB \u00e0 la fois pratique et d'une valeur comm\u00e9morative exclusive.<\/p>\n\n\n\n<div class=\"wp-block-columns is-layout-flex wp-container-core-columns-is-layout-28f84493 wp-block-columns-is-layout-flex\">\n<div class=\"wp-block-column is-layout-flow wp-block-column-is-layout-flow\">\n<figure class=\"wp-block-image aligncenter size-full is-resized\"><img decoding=\"async\" width=\"950\" height=\"950\" src=\"https:\/\/www.usborkeychain.com\/wp-content\/uploads\/Super-Mini-USB-Flash-Drive.jpg\" alt=\"Super Mini USB Flash Drive\" class=\"wp-image-3308\" style=\"width:450px\" srcset=\"https:\/\/www.usborkeychain.com\/wp-content\/uploads\/Super-Mini-USB-Flash-Drive.jpg 950w, https:\/\/www.usborkeychain.com\/wp-content\/uploads\/Super-Mini-USB-Flash-Drive-300x300.jpg 300w, https:\/\/www.usborkeychain.com\/wp-content\/uploads\/Super-Mini-USB-Flash-Drive-150x150.jpg 150w, https:\/\/www.usborkeychain.com\/wp-content\/uploads\/Super-Mini-USB-Flash-Drive-768x768.jpg 768w, https:\/\/www.usborkeychain.com\/wp-content\/uploads\/Super-Mini-USB-Flash-Drive-12x12.jpg 12w, https:\/\/www.usborkeychain.com\/wp-content\/uploads\/Super-Mini-USB-Flash-Drive-600x600.jpg 600w, https:\/\/www.usborkeychain.com\/wp-content\/uploads\/Super-Mini-USB-Flash-Drive-100x100.jpg 100w\" sizes=\"(max-width: 950px) 100vw, 950px\" \/><\/figure>\n<\/div>\n\n\n\n<div class=\"wp-block-column is-layout-flow wp-block-column-is-layout-flow\">\n<figure class=\"wp-block-image aligncenter size-full is-resized\"><img loading=\"lazy\" decoding=\"async\" width=\"760\" height=\"760\" src=\"https:\/\/www.usborkeychain.com\/wp-content\/uploads\/China-Super-Mini-USB-Flash-Drive.jpg\" alt=\"China Super Mini USB Flash Drive\" class=\"wp-image-3305\" style=\"width:450px\" srcset=\"https:\/\/www.usborkeychain.com\/wp-content\/uploads\/China-Super-Mini-USB-Flash-Drive.jpg 760w, https:\/\/www.usborkeychain.com\/wp-content\/uploads\/China-Super-Mini-USB-Flash-Drive-300x300.jpg 300w, https:\/\/www.usborkeychain.com\/wp-content\/uploads\/China-Super-Mini-USB-Flash-Drive-150x150.jpg 150w, https:\/\/www.usborkeychain.com\/wp-content\/uploads\/China-Super-Mini-USB-Flash-Drive-12x12.jpg 12w, https:\/\/www.usborkeychain.com\/wp-content\/uploads\/China-Super-Mini-USB-Flash-Drive-600x600.jpg 600w, https:\/\/www.usborkeychain.com\/wp-content\/uploads\/China-Super-Mini-USB-Flash-Drive-100x100.jpg 100w\" sizes=\"(max-width: 760px) 100vw, 760px\" \/><\/figure>\n<\/div>\n<\/div>\n\n\n\n<h3 class=\"wp-block-heading\"><strong>R\u00e9sum\u00e9 <\/strong><strong><\/strong><\/h3>\n\n\n\n<p>La cl\u00e9 USB Super Mini se distingue comme un choix de haute qualit\u00e9 pour le stockage mobile, avec un design ultra-mini en plastique dur, une interface USB 3.0 \u00e0 grande vitesse, diverses options de capacit\u00e9, une couleur noire textur\u00e9e classique et la prise en charge de la personnalisation du logo.<\/p>\n\n\n\n<p>Qu'il s'agisse du transfert quotidien de documents de bureau, du stockage de musique dans une voiture ou de la personnalisation de cadeaux exclusifs, il r\u00e9pond sans effort aux besoins, offrant aux utilisateurs des exp\u00e9riences de stockage pratiques et personnalis\u00e9es.<\/p>\n\n\n\n<p><\/p>","protected":false},"excerpt":{"rendered":"<ul>\n<li>Conception ultra-compacte<\/li>\n<li>Construction en plastique dur durable<\/li>\n<li>Transfert de donn\u00e9es \u00e0 haut d\u00e9bit<\/li>\n<li>Transfert de donn\u00e9es \u00e0 haut d\u00e9bit<\/li>\n<li>Options de logo personnalisables<\/li>\n<\/ul>","protected":false},"featured_media":3306,"comment_status":"open","ping_status":"closed","template":"","meta":{"_seopress_robots_primary_cat":"none","_seopress_titles_title":"Super Mini USB Flash Drive","_seopress_titles_desc":"","_seopress_robots_index":"","site-sidebar-layout":"default","site-content-layout":"","ast-site-content-layout":"","site-content-style":"default","site-sidebar-style":"default","ast-global-header-display":"","ast-banner-title-visibility":"","ast-main-header-display":"","ast-hfb-above-header-display":"","ast-hfb-below-header-display":"","ast-hfb-mobile-header-display":"","site-post-title":"","ast-breadcrumbs-content":"","ast-featured-img":"","footer-sml-layout":"","theme-transparent-header-meta":"","adv-header-id-meta":"","stick-header-meta":"","header-above-stick-meta":"","header-main-stick-meta":"","header-below-stick-meta":"","astra-migrate-meta-layouts":"default","ast-page-background-enabled":"default","ast-page-background-meta":{"desktop":{"background-color":"var(--ast-global-color-5)","background-image":"","background-repeat":"repeat","background-position":"center center","background-size":"auto","background-attachment":"scroll","background-type":"","background-media":"","overlay-type":"","overlay-color":"","overlay-opacity":"","overlay-gradient":""},"tablet":{"background-color":"","background-image":"","background-repeat":"repeat","background-position":"center center","background-size":"auto","background-attachment":"scroll","background-type":"","background-media":"","overlay-type":"","overlay-color":"","overlay-opacity":"","overlay-gradient":""},"mobile":{"background-color":"","background-image":"","background-repeat":"repeat","background-position":"center center","background-size":"auto","background-attachment":"scroll","background-type":"","background-media":"","overlay-type":"","overlay-color":"","overlay-opacity":"","overlay-gradient":""}},"ast-content-background-meta":{"desktop":{"background-color":"var(--ast-global-color-4)","background-image":"","background-repeat":"repeat","background-position":"center center","background-size":"auto","background-attachment":"scroll","background-type":"","background-media":"","overlay-type":"","overlay-color":"","overlay-opacity":"","overlay-gradient":""},"tablet":{"background-color":"var(--ast-global-color-4)","background-image":"","background-repeat":"repeat","background-position":"center center","background-size":"auto","background-attachment":"scroll","background-type":"","background-media":"","overlay-type":"","overlay-color":"","overlay-opacity":"","overlay-gradient":""},"mobile":{"background-color":"var(--ast-global-color-4)","background-image":"","background-repeat":"repeat","background-position":"center center","background-size":"auto","background-attachment":"scroll","background-type":"","background-media":"","overlay-type":"","overlay-color":"","overlay-opacity":"","overlay-gradient":""}}},"product_brand":[],"product_cat":[113],"product_tag":[],"class_list":{"0":"post-3300","1":"product","2":"type-product","3":"status-publish","4":"has-post-thumbnail","6":"product_cat-mini-usb-pendrive","7":"desktop-align-left","8":"tablet-align-left","9":"mobile-align-left","11":"first","12":"instock","13":"shipping-taxable","14":"product-type-simple"},"_links":{"self":[{"href":"https:\/\/www.usborkeychain.com\/fr\/wp-json\/wp\/v2\/product\/3300","targetHints":{"allow":["GET"]}}],"collection":[{"href":"https:\/\/www.usborkeychain.com\/fr\/wp-json\/wp\/v2\/product"}],"about":[{"href":"https:\/\/www.usborkeychain.com\/fr\/wp-json\/wp\/v2\/types\/product"}],"replies":[{"embeddable":true,"href":"https:\/\/www.usborkeychain.com\/fr\/wp-json\/wp\/v2\/comments?post=3300"}],"wp:featuredmedia":[{"embeddable":true,"href":"https:\/\/www.usborkeychain.com\/fr\/wp-json\/wp\/v2\/media\/3306"}],"wp:attachment":[{"href":"https:\/\/www.usborkeychain.com\/fr\/wp-json\/wp\/v2\/media?parent=3300"}],"wp:term":[{"taxonomy":"product_brand","embeddable":true,"href":"https:\/\/www.usborkeychain.com\/fr\/wp-json\/wp\/v2\/product_brand?post=3300"},{"taxonomy":"product_cat","embeddable":true,"href":"https:\/\/www.usborkeychain.com\/fr\/wp-json\/wp\/v2\/product_cat?post=3300"},{"taxonomy":"product_tag","embeddable":true,"href":"https:\/\/www.usborkeychain.com\/fr\/wp-json\/wp\/v2\/product_tag?post=3300"}],"curies":[{"name":"wp","href":"https:\/\/api.w.org\/{rel}","templated":true}]}}