{"id":3384,"date":"2025-06-25T03:50:45","date_gmt":"2025-06-25T03:50:45","guid":{"rendered":"https:\/\/www.usborkeychain.com\/?post_type=product&#038;p=3384"},"modified":"2025-06-25T07:34:00","modified_gmt":"2025-06-25T07:34:00","slug":"brightcolor-mobile-usb-flash-drive","status":"publish","type":"product","link":"https:\/\/www.usborkeychain.com\/fr\/produit\/brightcolor-mobile-usb-flash-drive\/","title":{"rendered":"Cl\u00e9 USB C en aluminium BrightColor"},"content":{"rendered":"<div class=\"wp-block-columns is-layout-flex wp-container-core-columns-is-layout-28f84493 wp-block-columns-is-layout-flex\">\n<div class=\"wp-block-column is-layout-flow wp-block-column-is-layout-flow\">\n<figure class=\"wp-block-image size-full\"><img fetchpriority=\"high\" decoding=\"async\" width=\"750\" height=\"750\" src=\"https:\/\/www.usborkeychain.com\/wp-content\/uploads\/usb-c-256gb-flash-drive.jpg\" alt=\"usb c 256gb flash drive\" class=\"wp-image-3396\" srcset=\"https:\/\/www.usborkeychain.com\/wp-content\/uploads\/usb-c-256gb-flash-drive.jpg 750w, https:\/\/www.usborkeychain.com\/wp-content\/uploads\/usb-c-256gb-flash-drive-300x300.jpg 300w, https:\/\/www.usborkeychain.com\/wp-content\/uploads\/usb-c-256gb-flash-drive-150x150.jpg 150w, https:\/\/www.usborkeychain.com\/wp-content\/uploads\/usb-c-256gb-flash-drive-12x12.jpg 12w, https:\/\/www.usborkeychain.com\/wp-content\/uploads\/usb-c-256gb-flash-drive-600x600.jpg 600w, https:\/\/www.usborkeychain.com\/wp-content\/uploads\/usb-c-256gb-flash-drive-100x100.jpg 100w\" sizes=\"(max-width: 750px) 100vw, 750px\" \/><\/figure>\n<\/div>\n\n\n\n<div class=\"wp-block-column is-vertically-aligned-center is-layout-flow wp-block-column-is-layout-flow\">\n<p>La cl\u00e9 USB mobile BrightColor est le premier mod\u00e8le de cl\u00e9 USB mobile lanc\u00e9 par YOUSAN USB Factory. <\/p>\n\n\n\n<p>Avec un design classique \u00e0 longue barre et une coque en alliage d'aluminium, il peut \u00eatre utilis\u00e9 \u00e0 la fois sur les t\u00e9l\u00e9phones portables et les ordinateurs.<\/p>\n\n\n\n<p> Il s'agit d'un excellent choix pour les fabricants qui souhaitent acheter des produits en vrac ou les personnaliser pour en faire des cadeaux. C'est \u00e9galement l'un des mod\u00e8les USB qui enregistre le plus grand volume de commandes pour les cl\u00e9s USB mobiles.<\/p>\n<\/div>\n<\/div>\n\n\n\n<div style=\"height:50px\" aria-hidden=\"true\" class=\"wp-block-spacer\"><\/div>\n\n\n\n<h4 class=\"wp-block-heading\">Quel est le mat\u00e9riau de la cl\u00e9 USB mobile BrightColor ?<\/h4>\n\n\n\n<div class=\"wp-block-columns is-layout-flex wp-container-core-columns-is-layout-28f84493 wp-block-columns-is-layout-flex\">\n<div class=\"wp-block-column is-vertically-aligned-center is-layout-flow wp-block-column-is-layout-flow\">\n<p>La cl\u00e9 USB mobile classique BrightColor est fabriqu\u00e9e en alliage d'aluminium, ce qui la rend extr\u00eamement l\u00e9g\u00e8re - l'ensemble de la coque ne p\u00e8se que 8 g. <\/p>\n\n\n\n<p>La surface de la coque de l'USB est trait\u00e9e par un proc\u00e9d\u00e9 givr\u00e9, qui est non seulement antid\u00e9rapant et r\u00e9sistant \u00e0 l'usure, mais qui offre \u00e9galement une sensation d\u00e9licate et confortable pour la main. <\/p>\n\n\n\n<p>Cela \u00e9vite \u00e9galement de laisser des empreintes digitales sur la coque pendant l'utilisation. Gr\u00e2ce \u00e0 une technologie d'oxydation avanc\u00e9e, la coque peut \u00eatre oxyd\u00e9e en diff\u00e9rentes couleurs, notamment en teintes vives, afin de r\u00e9pondre aux besoins personnalis\u00e9s des clients en mati\u00e8re d'apparence.<\/p>\n<\/div>\n\n\n\n<div class=\"wp-block-column is-layout-flow wp-block-column-is-layout-flow\">\n<figure class=\"wp-block-image size-full\"><img decoding=\"async\" width=\"805\" height=\"499\" src=\"https:\/\/www.usborkeychain.com\/wp-content\/uploads\/usb-c-storage-drive.jpg\" alt=\"usb c storage drive\" class=\"wp-image-3400\" srcset=\"https:\/\/www.usborkeychain.com\/wp-content\/uploads\/usb-c-storage-drive.jpg 805w, https:\/\/www.usborkeychain.com\/wp-content\/uploads\/usb-c-storage-drive-300x186.jpg 300w, https:\/\/www.usborkeychain.com\/wp-content\/uploads\/usb-c-storage-drive-768x476.jpg 768w, https:\/\/www.usborkeychain.com\/wp-content\/uploads\/usb-c-storage-drive-18x12.jpg 18w, https:\/\/www.usborkeychain.com\/wp-content\/uploads\/usb-c-storage-drive-600x372.jpg 600w\" sizes=\"(max-width: 805px) 100vw, 805px\" \/><\/figure>\n<\/div>\n<\/div>\n\n\n\n<h4 class=\"wp-block-heading\">Param\u00e8tres de la cl\u00e9 USB mobile BrightColor<\/h4>\n\n\n\n<p>La cl\u00e9 USB mobile BrightColor permet une double utilisation sur les ordinateurs et les t\u00e9l\u00e9phones portables. <\/p>\n\n\n\n<p>L'une des extr\u00e9mit\u00e9s est une interface USB standard, adapt\u00e9e \u00e0 divers appareils informatiques ; l'autre est une interface Android, qui peut \u00eatre ins\u00e9r\u00e9e directement dans les t\u00e9l\u00e9phones Android pour lire les donn\u00e9es. Pour les t\u00e9l\u00e9phones \u00e0 interface de type C, elle peut \u00eatre connect\u00e9e \u00e0 l'aide d'un adaptateur, et elle permet \u00e9galement de personnaliser des mod\u00e8les exclusifs \u00e0 interface de type C gr\u00e2ce \u00e0 l'ouverture du moule.<\/p>\n\n\n\n<div class=\"wp-block-columns is-layout-flex wp-container-core-columns-is-layout-28f84493 wp-block-columns-is-layout-flex\">\n<div class=\"wp-block-column is-layout-flow wp-block-column-is-layout-flow\">\n<figure class=\"wp-block-image size-full\"><img decoding=\"async\" width=\"800\" height=\"800\" src=\"https:\/\/www.usborkeychain.com\/wp-content\/uploads\/usb-c-storage-devices.jpg\" alt=\"usb c storage devices\" class=\"wp-image-3398\" srcset=\"https:\/\/www.usborkeychain.com\/wp-content\/uploads\/usb-c-storage-devices.jpg 800w, https:\/\/www.usborkeychain.com\/wp-content\/uploads\/usb-c-storage-devices-300x300.jpg 300w, https:\/\/www.usborkeychain.com\/wp-content\/uploads\/usb-c-storage-devices-150x150.jpg 150w, https:\/\/www.usborkeychain.com\/wp-content\/uploads\/usb-c-storage-devices-768x768.jpg 768w, https:\/\/www.usborkeychain.com\/wp-content\/uploads\/usb-c-storage-devices-12x12.jpg 12w, https:\/\/www.usborkeychain.com\/wp-content\/uploads\/usb-c-storage-devices-600x600.jpg 600w, https:\/\/www.usborkeychain.com\/wp-content\/uploads\/usb-c-storage-devices-100x100.jpg 100w\" sizes=\"(max-width: 800px) 100vw, 800px\" \/><\/figure>\n<\/div>\n\n\n\n<div class=\"wp-block-column is-layout-flow wp-block-column-is-layout-flow\">\n<figure class=\"wp-block-image size-full\"><img loading=\"lazy\" decoding=\"async\" width=\"800\" height=\"800\" src=\"https:\/\/www.usborkeychain.com\/wp-content\/uploads\/usb-type-c-storage-drive.jpg\" alt=\"usb type c storage drive\" class=\"wp-image-3401\" srcset=\"https:\/\/www.usborkeychain.com\/wp-content\/uploads\/usb-type-c-storage-drive.jpg 800w, https:\/\/www.usborkeychain.com\/wp-content\/uploads\/usb-type-c-storage-drive-300x300.jpg 300w, https:\/\/www.usborkeychain.com\/wp-content\/uploads\/usb-type-c-storage-drive-150x150.jpg 150w, https:\/\/www.usborkeychain.com\/wp-content\/uploads\/usb-type-c-storage-drive-768x768.jpg 768w, https:\/\/www.usborkeychain.com\/wp-content\/uploads\/usb-type-c-storage-drive-12x12.jpg 12w, https:\/\/www.usborkeychain.com\/wp-content\/uploads\/usb-type-c-storage-drive-600x600.jpg 600w, https:\/\/www.usborkeychain.com\/wp-content\/uploads\/usb-type-c-storage-drive-100x100.jpg 100w\" sizes=\"(max-width: 800px) 100vw, 800px\" \/><\/figure>\n<\/div>\n\n\n\n<div class=\"wp-block-column is-layout-flow wp-block-column-is-layout-flow\">\n<figure class=\"wp-block-image size-full\"><img loading=\"lazy\" decoding=\"async\" width=\"800\" height=\"800\" src=\"https:\/\/www.usborkeychain.com\/wp-content\/uploads\/pen-usb-type-c.jpg\" alt=\"pen usb type c\" class=\"wp-image-3392\" srcset=\"https:\/\/www.usborkeychain.com\/wp-content\/uploads\/pen-usb-type-c.jpg 800w, https:\/\/www.usborkeychain.com\/wp-content\/uploads\/pen-usb-type-c-300x300.jpg 300w, https:\/\/www.usborkeychain.com\/wp-content\/uploads\/pen-usb-type-c-150x150.jpg 150w, https:\/\/www.usborkeychain.com\/wp-content\/uploads\/pen-usb-type-c-768x768.jpg 768w, https:\/\/www.usborkeychain.com\/wp-content\/uploads\/pen-usb-type-c-12x12.jpg 12w, https:\/\/www.usborkeychain.com\/wp-content\/uploads\/pen-usb-type-c-600x600.jpg 600w, https:\/\/www.usborkeychain.com\/wp-content\/uploads\/pen-usb-type-c-100x100.jpg 100w\" sizes=\"(max-width: 800px) 100vw, 800px\" \/><\/figure>\n<\/div>\n<\/div>\n\n\n\n<p> En termes de vitesse de transmission, il offre deux options d'interface : USB2.0 et USB3.0 \u00e0 grande vitesse, pour r\u00e9pondre aux besoins de transmission de donn\u00e9es dans diff\u00e9rents sc\u00e9narios. Les param\u00e8tres sp\u00e9cifiques sont les suivants :<\/p>\n\n\n\n<figure class=\"wp-block-table\"><table class=\"has-fixed-layout\"><thead><tr><th>Projet<\/th><th>D\u00e9tails des param\u00e8tres<\/th><\/tr><\/thead><tbody><tr><td>Type d'interface<\/td><td>Une extr\u00e9mit\u00e9 USB, une extr\u00e9mit\u00e9 Android (personnalisation Type-c prise en charge)<\/td><\/tr><tr><td>Norme de transmission<\/td><td>USB2.0\/USB3.0 (en option)<\/td><\/tr><tr><td>Mat\u00e9riau<\/td><td>Alliage d'aluminium<\/td><\/tr><tr><td>Plage de capacit\u00e9<\/td><td>1GB - 256GB (personnalisable)<\/td><\/tr><tr><td>Temp\u00e9rature de fonctionnement<\/td><td>-25\u2103 ~ 85\u2103<\/td><\/tr><tr><td>Temp\u00e9rature de stockage<\/td><td>-40\u2103 ~ 95\u2103<\/td><\/tr><\/tbody><\/table><\/figure>\n\n\n\n<h4 class=\"wp-block-heading\">Comment utiliser la cl\u00e9 USB BrightColor mobile ?<\/h4>\n\n\n\n<div class=\"wp-block-columns is-layout-flex wp-container-core-columns-is-layout-28f84493 wp-block-columns-is-layout-flex\">\n<div class=\"wp-block-column is-layout-flow wp-block-column-is-layout-flow\">\n<figure class=\"wp-block-image size-full\"><img loading=\"lazy\" decoding=\"async\" width=\"800\" height=\"800\" src=\"https:\/\/www.usborkeychain.com\/wp-content\/uploads\/best-usb-c-flash-drive.jpg\" alt=\"best usb c flash drive\" class=\"wp-image-3387\" srcset=\"https:\/\/www.usborkeychain.com\/wp-content\/uploads\/best-usb-c-flash-drive.jpg 800w, https:\/\/www.usborkeychain.com\/wp-content\/uploads\/best-usb-c-flash-drive-300x300.jpg 300w, https:\/\/www.usborkeychain.com\/wp-content\/uploads\/best-usb-c-flash-drive-150x150.jpg 150w, https:\/\/www.usborkeychain.com\/wp-content\/uploads\/best-usb-c-flash-drive-768x768.jpg 768w, https:\/\/www.usborkeychain.com\/wp-content\/uploads\/best-usb-c-flash-drive-12x12.jpg 12w, https:\/\/www.usborkeychain.com\/wp-content\/uploads\/best-usb-c-flash-drive-600x600.jpg 600w, https:\/\/www.usborkeychain.com\/wp-content\/uploads\/best-usb-c-flash-drive-100x100.jpg 100w\" sizes=\"(max-width: 800px) 100vw, 800px\" \/><\/figure>\n<\/div>\n\n\n\n<div class=\"wp-block-column is-vertically-aligned-center is-layout-flow wp-block-column-is-layout-flow\">\n<ul class=\"wp-block-list\">\n<li><strong>Connecter l'appareil<\/strong>: Ins\u00e9rez directement l'interface Android de la cl\u00e9 USB mobile BrightColor dans l'interface correspondante d'un t\u00e9l\u00e9phone Android. Elle est pr\u00eate \u00e0 l'emploi et ne n\u00e9cessite aucun pilote suppl\u00e9mentaire.<\/li>\n\n\n\n<li><strong>Lire les donn\u00e9es<\/strong>: Apr\u00e8s une connexion r\u00e9ussie, recherchez le p\u00e9riph\u00e9rique USB dans la gestion des fichiers du t\u00e9l\u00e9phone pour effectuer des op\u00e9rations telles que le stockage, la lecture et la suppression de fichiers.<\/li>\n\n\n\n<li><strong>Utilisation avec les iPhones<\/strong>Les utilisateurs d'iPhone doivent utiliser un adaptateur sp\u00e9cifique pour connecter la cl\u00e9 USB au t\u00e9l\u00e9phone et s'appuyer sur l'application correspondante pour transmettre et g\u00e9rer les donn\u00e9es.<\/li>\n<\/ul>\n<\/div>\n<\/div>\n\n\n\n<h4 class=\"wp-block-heading\">La cl\u00e9 USB mobile BrightColor peut-elle \u00eatre personnalis\u00e9e avec un logo ?<\/h4>\n\n\n\n<p>En tant qu'usine de production USB, nous proposons deux processus de personnalisation pour les cl\u00e9s USB mobiles BrightColor : la gravure au laser et la s\u00e9rigraphie. Le processus de gravure au laser permet de pr\u00e9senter avec pr\u00e9cision les d\u00e9tails du logo, tout en offrant une r\u00e9sistance \u00e0 l'usure et une absence de d\u00e9coloration ; le processus de s\u00e9rigraphie offre des couleurs vives et des motifs clairs. Les deux proc\u00e9d\u00e9s conviennent \u00e0 la personnalisation des cadeaux d'entreprise et r\u00e9pondent aux besoins des diff\u00e9rents clients, de la production de masse \u00e0 la personnalisation. D'apr\u00e8s les r\u00e9actions du march\u00e9, la plupart des clients B2B pr\u00e9f\u00e8rent la gravure au laser pour la personnalisation du logo afin d'am\u00e9liorer la texture du cadeau et l'image de marque.<\/p>\n\n\n\n<div class=\"wp-block-columns is-layout-flex wp-container-core-columns-is-layout-28f84493 wp-block-columns-is-layout-flex\">\n<div class=\"wp-block-column is-layout-flow wp-block-column-is-layout-flow\">\n<figure class=\"wp-block-image size-full\"><img loading=\"lazy\" decoding=\"async\" width=\"800\" height=\"800\" src=\"https:\/\/www.usborkeychain.com\/wp-content\/uploads\/c-thumb-drive.jpg\" alt=\"c thumb drive\" class=\"wp-image-3389\" srcset=\"https:\/\/www.usborkeychain.com\/wp-content\/uploads\/c-thumb-drive.jpg 800w, https:\/\/www.usborkeychain.com\/wp-content\/uploads\/c-thumb-drive-300x300.jpg 300w, https:\/\/www.usborkeychain.com\/wp-content\/uploads\/c-thumb-drive-150x150.jpg 150w, https:\/\/www.usborkeychain.com\/wp-content\/uploads\/c-thumb-drive-768x768.jpg 768w, https:\/\/www.usborkeychain.com\/wp-content\/uploads\/c-thumb-drive-12x12.jpg 12w, https:\/\/www.usborkeychain.com\/wp-content\/uploads\/c-thumb-drive-600x600.jpg 600w, https:\/\/www.usborkeychain.com\/wp-content\/uploads\/c-thumb-drive-100x100.jpg 100w\" sizes=\"(max-width: 800px) 100vw, 800px\" \/><\/figure>\n<\/div>\n\n\n\n<div class=\"wp-block-column is-layout-flow wp-block-column-is-layout-flow\">\n<figure class=\"wp-block-image size-full\"><img loading=\"lazy\" decoding=\"async\" width=\"800\" height=\"800\" src=\"https:\/\/www.usborkeychain.com\/wp-content\/uploads\/usb-3.1-usb-stick-custom-logo.jpg\" alt=\"usb 3.1 usb stick custom logo\" class=\"wp-image-3395\" srcset=\"https:\/\/www.usborkeychain.com\/wp-content\/uploads\/usb-3.1-usb-stick-custom-logo.jpg 800w, https:\/\/www.usborkeychain.com\/wp-content\/uploads\/usb-3.1-usb-stick-custom-logo-300x300.jpg 300w, https:\/\/www.usborkeychain.com\/wp-content\/uploads\/usb-3.1-usb-stick-custom-logo-150x150.jpg 150w, https:\/\/www.usborkeychain.com\/wp-content\/uploads\/usb-3.1-usb-stick-custom-logo-768x768.jpg 768w, https:\/\/www.usborkeychain.com\/wp-content\/uploads\/usb-3.1-usb-stick-custom-logo-12x12.jpg 12w, https:\/\/www.usborkeychain.com\/wp-content\/uploads\/usb-3.1-usb-stick-custom-logo-600x600.jpg 600w, https:\/\/www.usborkeychain.com\/wp-content\/uploads\/usb-3.1-usb-stick-custom-logo-100x100.jpg 100w\" sizes=\"(max-width: 800px) 100vw, 800px\" \/><\/figure>\n<\/div>\n<\/div>\n\n\n\n<p><strong>Conclusion<\/strong>: Avec son design classique, ses mat\u00e9riaux de haute qualit\u00e9, ses fonctions pratiques et ses divers processus de personnalisation, la cl\u00e9 USB mobile BrightColor est devenue un choix id\u00e9al pour les fabricants et les grossistes qui souhaitent acheter des dispositifs de stockage et personnaliser des cadeaux d'affaires.<\/p>\n\n\n\n<p><\/p>","protected":false},"excerpt":{"rendered":"<ul>\n<li>Un style brillant pour l'USB C et l'USB a<\/li>\n<li>Design de la longue bande<\/li>\n<li>Mat\u00e9riau en alliage d'aluminium Bo\u00eetier<\/li>\n<li>Convient aux cadeaux personnalis\u00e9s<\/li>\n<li>Approvisionnement en gros des fabricants<\/li>\n<\/ul>","protected":false},"featured_media":3389,"comment_status":"open","ping_status":"closed","template":"","meta":{"_seopress_robots_primary_cat":"none","_seopress_titles_title":"","_seopress_titles_desc":"","_seopress_robots_index":"","site-sidebar-layout":"default","site-content-layout":"","ast-site-content-layout":"","site-content-style":"default","site-sidebar-style":"default","ast-global-header-display":"","ast-banner-title-visibility":"","ast-main-header-display":"","ast-hfb-above-header-display":"","ast-hfb-below-header-display":"","ast-hfb-mobile-header-display":"","site-post-title":"","ast-breadcrumbs-content":"","ast-featured-img":"","footer-sml-layout":"","theme-transparent-header-meta":"","adv-header-id-meta":"","stick-header-meta":"","header-above-stick-meta":"","header-main-stick-meta":"","header-below-stick-meta":"","astra-migrate-meta-layouts":"default","ast-page-background-enabled":"default","ast-page-background-meta":{"desktop":{"background-color":"var(--ast-global-color-5)","background-image":"","background-repeat":"repeat","background-position":"center center","background-size":"auto","background-attachment":"scroll","background-type":"","background-media":"","overlay-type":"","overlay-color":"","overlay-opacity":"","overlay-gradient":""},"tablet":{"background-color":"","background-image":"","background-repeat":"repeat","background-position":"center center","background-size":"auto","background-attachment":"scroll","background-type":"","background-media":"","overlay-type":"","overlay-color":"","overlay-opacity":"","overlay-gradient":""},"mobile":{"background-color":"","background-image":"","background-repeat":"repeat","background-position":"center center","background-size":"auto","background-attachment":"scroll","background-type":"","background-media":"","overlay-type":"","overlay-color":"","overlay-opacity":"","overlay-gradient":""}},"ast-content-background-meta":{"desktop":{"background-color":"var(--ast-global-color-4)","background-image":"","background-repeat":"repeat","background-position":"center center","background-size":"auto","background-attachment":"scroll","background-type":"","background-media":"","overlay-type":"","overlay-color":"","overlay-opacity":"","overlay-gradient":""},"tablet":{"background-color":"var(--ast-global-color-4)","background-image":"","background-repeat":"repeat","background-position":"center center","background-size":"auto","background-attachment":"scroll","background-type":"","background-media":"","overlay-type":"","overlay-color":"","overlay-opacity":"","overlay-gradient":""},"mobile":{"background-color":"var(--ast-global-color-4)","background-image":"","background-repeat":"repeat","background-position":"center center","background-size":"auto","background-attachment":"scroll","background-type":"","background-media":"","overlay-type":"","overlay-color":"","overlay-opacity":"","overlay-gradient":""}}},"product_brand":[],"product_cat":[105],"product_tag":[185,180],"class_list":{"0":"post-3384","1":"product","2":"type-product","3":"status-publish","4":"has-post-thumbnail","6":"product_cat-usb-c-pendrive","7":"product_tag-aluminium-usb-flash-drive","8":"product_tag-usb-flash-drive-for-cell-phones","9":"desktop-align-left","10":"tablet-align-left","11":"mobile-align-left","13":"first","14":"instock","15":"shipping-taxable","16":"product-type-grouped"},"_links":{"self":[{"href":"https:\/\/www.usborkeychain.com\/fr\/wp-json\/wp\/v2\/product\/3384","targetHints":{"allow":["GET"]}}],"collection":[{"href":"https:\/\/www.usborkeychain.com\/fr\/wp-json\/wp\/v2\/product"}],"about":[{"href":"https:\/\/www.usborkeychain.com\/fr\/wp-json\/wp\/v2\/types\/product"}],"replies":[{"embeddable":true,"href":"https:\/\/www.usborkeychain.com\/fr\/wp-json\/wp\/v2\/comments?post=3384"}],"wp:featuredmedia":[{"embeddable":true,"href":"https:\/\/www.usborkeychain.com\/fr\/wp-json\/wp\/v2\/media\/3389"}],"wp:attachment":[{"href":"https:\/\/www.usborkeychain.com\/fr\/wp-json\/wp\/v2\/media?parent=3384"}],"wp:term":[{"taxonomy":"product_brand","embeddable":true,"href":"https:\/\/www.usborkeychain.com\/fr\/wp-json\/wp\/v2\/product_brand?post=3384"},{"taxonomy":"product_cat","embeddable":true,"href":"https:\/\/www.usborkeychain.com\/fr\/wp-json\/wp\/v2\/product_cat?post=3384"},{"taxonomy":"product_tag","embeddable":true,"href":"https:\/\/www.usborkeychain.com\/fr\/wp-json\/wp\/v2\/product_tag?post=3384"}],"curies":[{"name":"wp","href":"https:\/\/api.w.org\/{rel}","templated":true}]}}