{"id":3412,"date":"2025-06-25T06:44:47","date_gmt":"2025-06-25T06:44:47","guid":{"rendered":"https:\/\/www.usborkeychain.com\/?post_type=product&#038;p=3412"},"modified":"2025-06-25T10:39:15","modified_gmt":"2025-06-25T10:39:15","slug":"card-shaped-mobile-usb-flash-drive","status":"publish","type":"product","link":"https:\/\/www.usborkeychain.com\/fr\/produit\/card-shaped-mobile-usb-flash-drive\/","title":{"rendered":"Cl\u00e9 USB C en forme de carte avec OTG"},"content":{"rendered":"<div class=\"wp-block-columns is-layout-flex wp-container-core-columns-is-layout-28f84493 wp-block-columns-is-layout-flex\">\n<div class=\"wp-block-column is-layout-flow wp-block-column-is-layout-flow\">\n<figure class=\"wp-block-image size-large\"><img fetchpriority=\"high\" decoding=\"async\" width=\"1024\" height=\"1024\" src=\"https:\/\/www.usborkeychain.com\/wp-content\/uploads\/how-to-use-the-USB-Card-Flash-Drive-with-Type-C-1024x1024.jpg\" alt=\"how to use the USB Card Flash Drive with Type C\" class=\"wp-image-3417\" srcset=\"https:\/\/www.usborkeychain.com\/wp-content\/uploads\/how-to-use-the-USB-Card-Flash-Drive-with-Type-C-1024x1024.jpg 1024w, https:\/\/www.usborkeychain.com\/wp-content\/uploads\/how-to-use-the-USB-Card-Flash-Drive-with-Type-C-300x300.jpg 300w, https:\/\/www.usborkeychain.com\/wp-content\/uploads\/how-to-use-the-USB-Card-Flash-Drive-with-Type-C-150x150.jpg 150w, https:\/\/www.usborkeychain.com\/wp-content\/uploads\/how-to-use-the-USB-Card-Flash-Drive-with-Type-C-768x768.jpg 768w, https:\/\/www.usborkeychain.com\/wp-content\/uploads\/how-to-use-the-USB-Card-Flash-Drive-with-Type-C-12x12.jpg 12w, https:\/\/www.usborkeychain.com\/wp-content\/uploads\/how-to-use-the-USB-Card-Flash-Drive-with-Type-C-600x600.jpg 600w, https:\/\/www.usborkeychain.com\/wp-content\/uploads\/how-to-use-the-USB-Card-Flash-Drive-with-Type-C-100x100.jpg 100w, https:\/\/www.usborkeychain.com\/wp-content\/uploads\/how-to-use-the-USB-Card-Flash-Drive-with-Type-C.jpg 1080w\" sizes=\"(max-width: 1024px) 100vw, 1024px\" \/><\/figure>\n<\/div>\n\n\n\n<div class=\"wp-block-column is-vertically-aligned-center is-layout-flow wp-block-column-is-layout-flow\">\n<p>La cl\u00e9 USB mobile en forme de carte ajoute une nouvelle fonction \u00e0 la carte USB classique, permettant une insertion directe dans les t\u00e9l\u00e9phones mobiles. <\/p>\n\n\n\n<p>Avec son design de carte classique et son mat\u00e9riau plastique de haute qualit\u00e9, il peut \u00eatre utilis\u00e9 \u00e0 la fois sur les t\u00e9l\u00e9phones portables et les ordinateurs. <\/p>\n\n\n\n<p>Il s'agit d'un choix populaire pour les cadeaux USB promotionnels, souvent choisi par les fabricants de t\u00e9l\u00e9phones portables comme cadeaux pour les utilisateurs.<\/p>\n<\/div>\n<\/div>\n\n\n\n<div style=\"height:50px\" aria-hidden=\"true\" class=\"wp-block-spacer\"><\/div>\n\n\n\n<h3 class=\"wp-block-heading\">Conception de la cl\u00e9 USB mobile en forme de carte classique<\/h3>\n\n\n\n<div class=\"wp-block-columns is-layout-flex wp-container-core-columns-is-layout-28f84493 wp-block-columns-is-layout-flex\">\n<div class=\"wp-block-column is-vertically-aligned-center is-layout-flow wp-block-column-is-layout-flow\">\n<p>La cl\u00e9 USB mobile classique en forme de carte pr\u00e9sente un design unique en forme de carte, correspondant \u00e0 la taille des cartes de cr\u00e9dit et des cartes bancaires : 85<em>55<\/em>2 mm, avec une \u00e9paisseur de seulement 2 mm, ce qui en fait un mod\u00e8le ultra-mince. <\/p>\n\n\n\n<p> Sa l\u00e9g\u00e8ret\u00e9 et son caract\u00e8re portable lui permettent d'\u00eatre facilement plac\u00e9 dans un portefeuille, un porte-cartes ou une poche, sans qu'il soit n\u00e9cessaire de le transporter. <\/p>\n\n\n\n<p>Que les professionnels aient besoin de transporter des documents importants ou que les utilisateurs ordinaires veuillent sauvegarder des donn\u00e9es, il offre une grande commodit\u00e9, ce qui en fait un mod\u00e8le populaire pour la production de masse dans les usines.<\/p>\n<\/div>\n\n\n\n<div class=\"wp-block-column is-layout-flow wp-block-column-is-layout-flow\">\n<figure class=\"wp-block-image size-full\"><img decoding=\"async\" width=\"800\" height=\"800\" src=\"https:\/\/www.usborkeychain.com\/wp-content\/uploads\/Credit-Card-usb-c-USB-Pendrive.jpg\" alt=\"Credit Card usb c USB Pendrive\" class=\"wp-image-3416\" srcset=\"https:\/\/www.usborkeychain.com\/wp-content\/uploads\/Credit-Card-usb-c-USB-Pendrive.jpg 800w, https:\/\/www.usborkeychain.com\/wp-content\/uploads\/Credit-Card-usb-c-USB-Pendrive-300x300.jpg 300w, https:\/\/www.usborkeychain.com\/wp-content\/uploads\/Credit-Card-usb-c-USB-Pendrive-150x150.jpg 150w, https:\/\/www.usborkeychain.com\/wp-content\/uploads\/Credit-Card-usb-c-USB-Pendrive-768x768.jpg 768w, https:\/\/www.usborkeychain.com\/wp-content\/uploads\/Credit-Card-usb-c-USB-Pendrive-12x12.jpg 12w, https:\/\/www.usborkeychain.com\/wp-content\/uploads\/Credit-Card-usb-c-USB-Pendrive-600x600.jpg 600w, https:\/\/www.usborkeychain.com\/wp-content\/uploads\/Credit-Card-usb-c-USB-Pendrive-100x100.jpg 100w\" sizes=\"(max-width: 800px) 100vw, 800px\" \/><\/figure>\n<\/div>\n<\/div>\n\n\n\n<h3 class=\"wp-block-heading\">Quels sont les param\u00e8tres de la cl\u00e9 USB mobile en forme de carte ?<\/h3>\n\n\n\n<div class=\"wp-block-columns is-layout-flex wp-container-core-columns-is-layout-28f84493 wp-block-columns-is-layout-flex\">\n<div class=\"wp-block-column is-layout-flow wp-block-column-is-layout-flow\">\n<figure class=\"wp-block-image size-full\"><img decoding=\"async\" width=\"600\" height=\"600\" src=\"https:\/\/www.usborkeychain.com\/wp-content\/uploads\/USB-Card-Flash-Drive-with-OTG.png\" alt=\"USB Card Flash Drive with OTG\" class=\"wp-image-3420\" srcset=\"https:\/\/www.usborkeychain.com\/wp-content\/uploads\/USB-Card-Flash-Drive-with-OTG.png 600w, https:\/\/www.usborkeychain.com\/wp-content\/uploads\/USB-Card-Flash-Drive-with-OTG-300x300.png 300w, https:\/\/www.usborkeychain.com\/wp-content\/uploads\/USB-Card-Flash-Drive-with-OTG-150x150.png 150w, https:\/\/www.usborkeychain.com\/wp-content\/uploads\/USB-Card-Flash-Drive-with-OTG-12x12.png 12w, https:\/\/www.usborkeychain.com\/wp-content\/uploads\/USB-Card-Flash-Drive-with-OTG-100x100.png 100w\" sizes=\"(max-width: 600px) 100vw, 600px\" \/><\/figure>\n<\/div>\n\n\n\n<div class=\"wp-block-column is-layout-flow wp-block-column-is-layout-flow\">\n<figure class=\"wp-block-image size-full\"><img loading=\"lazy\" decoding=\"async\" width=\"800\" height=\"800\" src=\"https:\/\/www.usborkeychain.com\/wp-content\/uploads\/Credit-Card-Shape-OTG-USB-Pendrive.jpg\" alt=\"Credit Card Shape OTG USB Pendrive\" class=\"wp-image-3415\" srcset=\"https:\/\/www.usborkeychain.com\/wp-content\/uploads\/Credit-Card-Shape-OTG-USB-Pendrive.jpg 800w, https:\/\/www.usborkeychain.com\/wp-content\/uploads\/Credit-Card-Shape-OTG-USB-Pendrive-300x300.jpg 300w, https:\/\/www.usborkeychain.com\/wp-content\/uploads\/Credit-Card-Shape-OTG-USB-Pendrive-150x150.jpg 150w, https:\/\/www.usborkeychain.com\/wp-content\/uploads\/Credit-Card-Shape-OTG-USB-Pendrive-768x768.jpg 768w, https:\/\/www.usborkeychain.com\/wp-content\/uploads\/Credit-Card-Shape-OTG-USB-Pendrive-12x12.jpg 12w, https:\/\/www.usborkeychain.com\/wp-content\/uploads\/Credit-Card-Shape-OTG-USB-Pendrive-600x600.jpg 600w, https:\/\/www.usborkeychain.com\/wp-content\/uploads\/Credit-Card-Shape-OTG-USB-Pendrive-100x100.jpg 100w\" sizes=\"(max-width: 800px) 100vw, 800px\" \/><\/figure>\n<\/div>\n\n\n\n<div class=\"wp-block-column is-vertically-aligned-center is-layout-flow wp-block-column-is-layout-flow\">\n<p>La cl\u00e9 USB mobile en forme de carte permet une double utilisation sur les ordinateurs et les t\u00e9l\u00e9phones portables. <\/p>\n\n\n\n<p>L'une des extr\u00e9mit\u00e9s est une interface USB standard, compatible avec divers ordinateurs ; l'extr\u00e9mit\u00e9 pour t\u00e9l\u00e9phone portable offre deux options d'interface : Type-c et Android. <\/p>\n\n\n\n<p>Les utilisateurs devraient pr\u00e9ciser leurs exigences en mati\u00e8re d'interface lors de l'achat afin d'\u00e9viter d'avoir \u00e0 utiliser des adaptateurs par la suite.<\/p>\n\n\n\n<p><\/p>\n\n\n\n<p><\/p>\n<\/div>\n<\/div>\n\n\n\n<p> Il utilise une puce UDP \u00e9tanche pour garantir la s\u00e9curit\u00e9 des donn\u00e9es. Les normes de transmission de l'interface sont optionnelles entre USB2.0 et USB3.0 \u00e0 grande vitesse, ce qui permet de r\u00e9pondre aux besoins de transmission de donn\u00e9es dans diff\u00e9rents sc\u00e9narios. Les param\u00e8tres sp\u00e9cifiques sont les suivants :<\/p>\n\n\n\n<figure class=\"wp-block-table\"><table class=\"has-fixed-layout\"><thead><tr><th>Projet<\/th><th>D\u00e9tails des param\u00e8tres<\/th><\/tr><\/thead><tbody><tr><td>Dimensions<\/td><td>85<em>55<\/em>2mm<\/td><\/tr><tr><td>Type d'interface<\/td><td>USB + Type-c \/ Android (en choisir un)<\/td><\/tr><tr><td>Norme de transmission<\/td><td>USB2.0\/USB3.0 (en option)<\/td><\/tr><tr><td>Type de puce<\/td><td>Waterproof UDP<\/td><\/tr><tr><td>Mat\u00e9riau<\/td><td>Plastique de haute qualit\u00e9<\/td><\/tr><tr><td>Plage de capacit\u00e9<\/td><td>8GB - 256GB (personnalisable)<\/td><\/tr><\/tbody><\/table><\/figure>\n\n\n\n<div style=\"height:50px\" aria-hidden=\"true\" class=\"wp-block-spacer\"><\/div>\n\n\n\n<h3 class=\"wp-block-heading\">Comment utiliser la cl\u00e9 USB mobile en forme de carte ?<\/h3>\n\n\n\n<div style=\"height:50px\" aria-hidden=\"true\" class=\"wp-block-spacer\"><\/div>\n\n\n\n<div class=\"wp-block-columns is-layout-flex wp-container-core-columns-is-layout-28f84493 wp-block-columns-is-layout-flex\">\n<div class=\"wp-block-column is-layout-flow wp-block-column-is-layout-flow\">\n<figure class=\"wp-block-image size-full\"><img loading=\"lazy\" decoding=\"async\" width=\"1000\" height=\"1000\" src=\"https:\/\/www.usborkeychain.com\/wp-content\/uploads\/type-c-card-shaped-usb-drive.jpg\" alt=\"type c card shaped usb drive\" class=\"wp-image-3419\" srcset=\"https:\/\/www.usborkeychain.com\/wp-content\/uploads\/type-c-card-shaped-usb-drive.jpg 1000w, https:\/\/www.usborkeychain.com\/wp-content\/uploads\/type-c-card-shaped-usb-drive-300x300.jpg 300w, https:\/\/www.usborkeychain.com\/wp-content\/uploads\/type-c-card-shaped-usb-drive-150x150.jpg 150w, https:\/\/www.usborkeychain.com\/wp-content\/uploads\/type-c-card-shaped-usb-drive-768x768.jpg 768w, https:\/\/www.usborkeychain.com\/wp-content\/uploads\/type-c-card-shaped-usb-drive-12x12.jpg 12w, https:\/\/www.usborkeychain.com\/wp-content\/uploads\/type-c-card-shaped-usb-drive-600x600.jpg 600w, https:\/\/www.usborkeychain.com\/wp-content\/uploads\/type-c-card-shaped-usb-drive-100x100.jpg 100w\" sizes=\"(max-width: 1000px) 100vw, 1000px\" \/><\/figure>\n<\/div>\n\n\n\n<div class=\"wp-block-column is-vertically-aligned-center is-layout-flow wp-block-column-is-layout-flow\">\n<ul class=\"wp-block-list\">\n<li>Pr\u00e9paration de la connexion : Retirez d\u00e9licatement l'interface de l'extr\u00e9mit\u00e9 du t\u00e9l\u00e9phone portable de la cl\u00e9 USB mobile en forme de carte. L'interface permet une rotation \u00e0 360 degr\u00e9s, ce qui facilite le r\u00e9glage de l'angle d'insertion.<\/li>\n\n\n\n<li><\/li>\n\n\n\n<li>Connexion de l'appareil : Ins\u00e9rez directement l'interface d'extr\u00e9mit\u00e9 du t\u00e9l\u00e9phone portable dans le port de t\u00e9l\u00e9phone correspondant (Type-c ou Android). Aucune installation d'APP ou de pilote n'est n\u00e9cessaire pour effectuer la connexion.<\/li>\n\n\n\n<li><\/li>\n\n\n\n<li>Utilisation multi-appareils : Pour les iPhones dot\u00e9s d'une interface Lightning, un adaptateur d\u00e9di\u00e9 est n\u00e9cessaire ; lors de l'utilisation sur un ordinateur, il suffit d'ins\u00e9rer l'interface USB dans l'ordinateur pour assurer la transmission des donn\u00e9es.<\/li>\n<\/ul>\n<\/div>\n<\/div>\n\n\n\n<div style=\"height:50px\" aria-hidden=\"true\" class=\"wp-block-spacer\"><\/div>\n\n\n\n<h3 class=\"wp-block-heading\">La cl\u00e9 USB mobile en forme de carte peut-elle \u00eatre personnalis\u00e9e avec un logo ?<\/h3>\n\n\n\n<div style=\"height:50px\" aria-hidden=\"true\" class=\"wp-block-spacer\"><\/div>\n\n\n\n<div class=\"wp-block-columns is-layout-flex wp-container-core-columns-is-layout-28f84493 wp-block-columns-is-layout-flex\">\n<div class=\"wp-block-column is-vertically-aligned-center is-layout-flow wp-block-column-is-layout-flow\">\n<p>La cl\u00e9 USB mobile en forme de carte poss\u00e8de de larges zones vierges au recto et au verso, offrant un espace suffisant pour l'impression de logos et de motifs. Elle est particuli\u00e8rement adapt\u00e9e \u00e0 la personnalisation d'images complexes, de photos, de cartes de visite et d'autres supports. <\/p>\n\n\n\n<p>Nous adoptons une technologie avanc\u00e9e d'impression couleur UV, qui nous permet de produire des rendus en 30 minutes et de fournir des \u00e9chantillons en une heure seulement. <\/p>\n\n\n\n<p>Que les entreprises aient besoin de personnaliser les cadeaux de promotion de leur marque ou que les grossistes cherchent \u00e0 cr\u00e9er des produits uniques, il r\u00e9pond efficacement aux diff\u00e9rents besoins.<\/p>\n<\/div>\n\n\n\n<div class=\"wp-block-column is-layout-flow wp-block-column-is-layout-flow\">\n<figure class=\"wp-block-image size-full\"><img loading=\"lazy\" decoding=\"async\" width=\"600\" height=\"600\" src=\"https:\/\/www.usborkeychain.com\/wp-content\/uploads\/otg-card-shaped-usb-drive.jpg\" alt=\"otg card shaped usb drive\" class=\"wp-image-3418\" srcset=\"https:\/\/www.usborkeychain.com\/wp-content\/uploads\/otg-card-shaped-usb-drive.jpg 600w, https:\/\/www.usborkeychain.com\/wp-content\/uploads\/otg-card-shaped-usb-drive-300x300.jpg 300w, https:\/\/www.usborkeychain.com\/wp-content\/uploads\/otg-card-shaped-usb-drive-150x150.jpg 150w, https:\/\/www.usborkeychain.com\/wp-content\/uploads\/otg-card-shaped-usb-drive-12x12.jpg 12w, https:\/\/www.usborkeychain.com\/wp-content\/uploads\/otg-card-shaped-usb-drive-100x100.jpg 100w\" sizes=\"(max-width: 600px) 100vw, 600px\" \/><\/figure>\n<\/div>\n\n\n\n<div class=\"wp-block-column is-layout-flow wp-block-column-is-layout-flow\">\n<figure class=\"wp-block-image size-full\"><img loading=\"lazy\" decoding=\"async\" width=\"700\" height=\"700\" src=\"https:\/\/www.usborkeychain.com\/wp-content\/uploads\/USB-Card-Flash-Drive-with-Type-C.webp\" alt=\"USB Card Flash Drive with Type C\" class=\"wp-image-3421\" srcset=\"https:\/\/www.usborkeychain.com\/wp-content\/uploads\/USB-Card-Flash-Drive-with-Type-C.webp 700w, https:\/\/www.usborkeychain.com\/wp-content\/uploads\/USB-Card-Flash-Drive-with-Type-C-300x300.webp 300w, https:\/\/www.usborkeychain.com\/wp-content\/uploads\/USB-Card-Flash-Drive-with-Type-C-150x150.webp 150w, https:\/\/www.usborkeychain.com\/wp-content\/uploads\/USB-Card-Flash-Drive-with-Type-C-12x12.webp 12w, https:\/\/www.usborkeychain.com\/wp-content\/uploads\/USB-Card-Flash-Drive-with-Type-C-600x600.webp 600w, https:\/\/www.usborkeychain.com\/wp-content\/uploads\/USB-Card-Flash-Drive-with-Type-C-100x100.webp 100w\" sizes=\"(max-width: 700px) 100vw, 700px\" \/><\/figure>\n<\/div>\n<\/div>\n\n\n\n<div style=\"height:50px\" aria-hidden=\"true\" class=\"wp-block-spacer\"><\/div>\n\n\n\n<p><strong>Conclusion<\/strong>: Avec son design de carte unique, ses diverses options d'interface, ses solides performances d'\u00e9tanch\u00e9it\u00e9 et ses services de personnalisation efficaces, la cl\u00e9 USB mobile en forme de carte est devenue un excellent choix pour les fabricants et les grossistes pour les achats en gros et la personnalisation.<\/p>\n\n\n\n<p><\/p>","protected":false},"excerpt":{"rendered":"<ul>\n<li>Carte classique T\u00e9l\u00e9phone portable U-Disk<\/li>\n<li>Interface Type-C et interface Android<\/li>\n<li>Capacit\u00e9 : 8GB - 256GB<\/li>\n<li>Carte de t\u00e9l\u00e9phone portable U-Disk personnalisable avec logo<\/li>\n<\/ul>","protected":false},"featured_media":3418,"comment_status":"open","ping_status":"closed","template":"","meta":{"_seopress_robots_primary_cat":"","_seopress_titles_title":"","_seopress_titles_desc":"","_seopress_robots_index":"","site-sidebar-layout":"default","site-content-layout":"","ast-site-content-layout":"","site-content-style":"default","site-sidebar-style":"default","ast-global-header-display":"","ast-banner-title-visibility":"","ast-main-header-display":"","ast-hfb-above-header-display":"","ast-hfb-below-header-display":"","ast-hfb-mobile-header-display":"","site-post-title":"","ast-breadcrumbs-content":"","ast-featured-img":"","footer-sml-layout":"","theme-transparent-header-meta":"","adv-header-id-meta":"","stick-header-meta":"","header-above-stick-meta":"","header-main-stick-meta":"","header-below-stick-meta":"","astra-migrate-meta-layouts":"default","ast-page-background-enabled":"default","ast-page-background-meta":{"desktop":{"background-color":"var(--ast-global-color-5)","background-image":"","background-repeat":"repeat","background-position":"center center","background-size":"auto","background-attachment":"scroll","background-type":"","background-media":"","overlay-type":"","overlay-color":"","overlay-opacity":"","overlay-gradient":""},"tablet":{"background-color":"","background-image":"","background-repeat":"repeat","background-position":"center center","background-size":"auto","background-attachment":"scroll","background-type":"","background-media":"","overlay-type":"","overlay-color":"","overlay-opacity":"","overlay-gradient":""},"mobile":{"background-color":"","background-image":"","background-repeat":"repeat","background-position":"center center","background-size":"auto","background-attachment":"scroll","background-type":"","background-media":"","overlay-type":"","overlay-color":"","overlay-opacity":"","overlay-gradient":""}},"ast-content-background-meta":{"desktop":{"background-color":"var(--ast-global-color-4)","background-image":"","background-repeat":"repeat","background-position":"center center","background-size":"auto","background-attachment":"scroll","background-type":"","background-media":"","overlay-type":"","overlay-color":"","overlay-opacity":"","overlay-gradient":""},"tablet":{"background-color":"var(--ast-global-color-4)","background-image":"","background-repeat":"repeat","background-position":"center center","background-size":"auto","background-attachment":"scroll","background-type":"","background-media":"","overlay-type":"","overlay-color":"","overlay-opacity":"","overlay-gradient":""},"mobile":{"background-color":"var(--ast-global-color-4)","background-image":"","background-repeat":"repeat","background-position":"center center","background-size":"auto","background-attachment":"scroll","background-type":"","background-media":"","overlay-type":"","overlay-color":"","overlay-opacity":"","overlay-gradient":""}}},"product_brand":[],"product_cat":[96,105],"product_tag":[184],"class_list":{"0":"post-3412","1":"product","2":"type-product","3":"status-publish","4":"has-post-thumbnail","6":"product_cat-card-usb-pendrive","7":"product_cat-usb-c-pendrive","8":"product_tag-card-shaepd-usb-flash-drive","9":"desktop-align-left","10":"tablet-align-left","11":"mobile-align-left","13":"first","14":"instock","15":"shipping-taxable","16":"product-type-simple"},"_links":{"self":[{"href":"https:\/\/www.usborkeychain.com\/fr\/wp-json\/wp\/v2\/product\/3412","targetHints":{"allow":["GET"]}}],"collection":[{"href":"https:\/\/www.usborkeychain.com\/fr\/wp-json\/wp\/v2\/product"}],"about":[{"href":"https:\/\/www.usborkeychain.com\/fr\/wp-json\/wp\/v2\/types\/product"}],"replies":[{"embeddable":true,"href":"https:\/\/www.usborkeychain.com\/fr\/wp-json\/wp\/v2\/comments?post=3412"}],"wp:featuredmedia":[{"embeddable":true,"href":"https:\/\/www.usborkeychain.com\/fr\/wp-json\/wp\/v2\/media\/3418"}],"wp:attachment":[{"href":"https:\/\/www.usborkeychain.com\/fr\/wp-json\/wp\/v2\/media?parent=3412"}],"wp:term":[{"taxonomy":"product_brand","embeddable":true,"href":"https:\/\/www.usborkeychain.com\/fr\/wp-json\/wp\/v2\/product_brand?post=3412"},{"taxonomy":"product_cat","embeddable":true,"href":"https:\/\/www.usborkeychain.com\/fr\/wp-json\/wp\/v2\/product_cat?post=3412"},{"taxonomy":"product_tag","embeddable":true,"href":"https:\/\/www.usborkeychain.com\/fr\/wp-json\/wp\/v2\/product_tag?post=3412"}],"curies":[{"name":"wp","href":"https:\/\/api.w.org\/{rel}","templated":true}]}}