{"id":3432,"date":"2025-06-25T07:39:27","date_gmt":"2025-06-25T07:39:27","guid":{"rendered":"https:\/\/www.usborkeychain.com\/?post_type=product&#038;p=3432"},"modified":"2025-08-17T13:19:34","modified_gmt":"2025-08-17T13:19:34","slug":"iron-man-mobile-usb-flash-drive","status":"publish","type":"product","link":"https:\/\/www.usborkeychain.com\/fr\/produit\/iron-man-mobile-usb-flash-drive\/","title":{"rendered":"Cl\u00e9 USB Iron Man Mobile"},"content":{"rendered":"<div class=\"wp-block-columns is-layout-flex wp-container-core-columns-is-layout-cc5f43ef wp-block-columns-is-layout-flex\" style=\"border-style:none;border-width:0px;padding-top:0;padding-bottom:0\">\n<div class=\"wp-block-column is-layout-flow wp-block-column-is-layout-flow\">\n<figure class=\"wp-block-image aligncenter size-full is-resized\"><img fetchpriority=\"high\" decoding=\"async\" width=\"800\" height=\"800\" src=\"https:\/\/www.usborkeychain.com\/wp-content\/uploads\/zinc-alloy-rotating-metal-usb-type-c-flash-drive-custom-logo.jpg\" alt=\"zinc alloy rotating metal usb type c flash drive-custom-logo\" class=\"wp-image-3438\" style=\"object-fit:cover;width:600px;height:600px\" srcset=\"https:\/\/www.usborkeychain.com\/wp-content\/uploads\/zinc-alloy-rotating-metal-usb-type-c-flash-drive-custom-logo.jpg 800w, https:\/\/www.usborkeychain.com\/wp-content\/uploads\/zinc-alloy-rotating-metal-usb-type-c-flash-drive-custom-logo-300x300.jpg 300w, https:\/\/www.usborkeychain.com\/wp-content\/uploads\/zinc-alloy-rotating-metal-usb-type-c-flash-drive-custom-logo-150x150.jpg 150w, https:\/\/www.usborkeychain.com\/wp-content\/uploads\/zinc-alloy-rotating-metal-usb-type-c-flash-drive-custom-logo-768x768.jpg 768w, https:\/\/www.usborkeychain.com\/wp-content\/uploads\/zinc-alloy-rotating-metal-usb-type-c-flash-drive-custom-logo-12x12.jpg 12w, https:\/\/www.usborkeychain.com\/wp-content\/uploads\/zinc-alloy-rotating-metal-usb-type-c-flash-drive-custom-logo-600x600.jpg 600w, https:\/\/www.usborkeychain.com\/wp-content\/uploads\/zinc-alloy-rotating-metal-usb-type-c-flash-drive-custom-logo-100x100.jpg 100w\" sizes=\"(max-width: 800px) 100vw, 800px\" \/><\/figure>\n<\/div>\n\n\n\n<div class=\"wp-block-column is-vertically-aligned-center is-layout-flow wp-block-column-is-layout-flow\">\n<p>La cl\u00e9 USB mobile Iron Man est un nouveau mod\u00e8le USB mobile lanc\u00e9 avec un design rotatif classique.<\/p>\n\n\n\n<p>Fabriqu\u00e9 en alliage de zinc de haute qualit\u00e9, il int\u00e8gre les \u00e9l\u00e9ments d'Iron Man et permet une double utilisation sur les t\u00e9l\u00e9phones portables et les ordinateurs.<\/p>\n\n\n\n<p>En tant que fabricant professionnel, il s'agit de l'un des mod\u00e8les cr\u00e9atifs d'USB mobile personnalis\u00e9s par de nombreuses entreprises et grossistes.<\/p>\n<\/div>\n<\/div>\n\n\n\n<div style=\"height:50px\" aria-hidden=\"true\" class=\"wp-block-spacer\"><\/div>\n\n\n\n<h3 class=\"wp-block-heading\">Quel est le mat\u00e9riau de la cl\u00e9 USB mobile Iron Man ?<\/h3>\n\n\n\n<div style=\"height:30px\" aria-hidden=\"true\" class=\"wp-block-spacer\"><\/div>\n\n\n\n<p>La cl\u00e9 USB Iron Man mobile est fabriqu\u00e9e en alliage de zinc de haute qualit\u00e9. Gr\u00e2ce \u00e0 un travail artisanal pr\u00e9cis, elle cr\u00e9e un effet tridimensionnel avec des textures concaves et convexes, puis utilise des \u00e9l\u00e9ments color\u00e9s pour un remplissage pr\u00e9cis afin de restituer parfaitement l'image d'Iron Man. Le produit est dot\u00e9 d'une conception rotative \u00e0 360 degr\u00e9s, ce qui \u00e9vite d'avoir \u00e0 retirer le capuchon pendant l'utilisation, et donc de perdre le capuchon. Cette conception garantit \u00e0 la fois l'attrait esth\u00e9tique et l'aspect pratique, ce qui en fait un choix populaire pour les usines qui souhaitent produire des cl\u00e9s USB originales.<\/p>\n\n\n\n<div style=\"height:49px\" aria-hidden=\"true\" class=\"wp-block-spacer\"><\/div>\n\n\n\n<h3 class=\"wp-block-heading\">Param\u00e8tres de la cl\u00e9 USB Iron Man mobile<\/h3>\n\n\n\n<div class=\"wp-block-columns is-layout-flex wp-container-core-columns-is-layout-28f84493 wp-block-columns-is-layout-flex\">\n<div class=\"wp-block-column is-vertically-aligned-center is-layout-flow wp-block-column-is-layout-flow\">\n<p>La cl\u00e9 USB Iron Man Mobile permet une double utilisation pour les ordinateurs et les t\u00e9l\u00e9phones portables. <\/p>\n\n\n\n<p> L'une des extr\u00e9mit\u00e9s est un connecteur USB standard et l'autre est un connecteur de type C pour les t\u00e9l\u00e9phones portables.<\/p>\n\n\n\n<p>Il pousse (maintient) la norme de transmission \u00e0 grande vitesse USB3.0 pour des vitesses de lecture et d'\u00e9criture plus rapides, et est \u00e9galement r\u00e9trocompatible avec USB2.0 pour s'adapter \u00e0 davantage d'appareils. Les param\u00e8tres sp\u00e9cifiques sont les suivants<\/p>\n<\/div>\n\n\n\n<div class=\"wp-block-column is-layout-flow wp-block-column-is-layout-flow\">\n<figure class=\"wp-block-image aligncenter size-full is-resized\"><img decoding=\"async\" width=\"800\" height=\"800\" src=\"https:\/\/www.usborkeychain.com\/wp-content\/uploads\/zinc-alloy-rotating-metal-usb-type-c-flash-drive.jpg\" alt=\"zinc alloy rotating metal usb type c flash drive\" class=\"wp-image-3437\" style=\"object-fit:cover;width:600px;height:600px\" srcset=\"https:\/\/www.usborkeychain.com\/wp-content\/uploads\/zinc-alloy-rotating-metal-usb-type-c-flash-drive.jpg 800w, https:\/\/www.usborkeychain.com\/wp-content\/uploads\/zinc-alloy-rotating-metal-usb-type-c-flash-drive-300x300.jpg 300w, https:\/\/www.usborkeychain.com\/wp-content\/uploads\/zinc-alloy-rotating-metal-usb-type-c-flash-drive-150x150.jpg 150w, https:\/\/www.usborkeychain.com\/wp-content\/uploads\/zinc-alloy-rotating-metal-usb-type-c-flash-drive-768x768.jpg 768w, https:\/\/www.usborkeychain.com\/wp-content\/uploads\/zinc-alloy-rotating-metal-usb-type-c-flash-drive-12x12.jpg 12w, https:\/\/www.usborkeychain.com\/wp-content\/uploads\/zinc-alloy-rotating-metal-usb-type-c-flash-drive-600x600.jpg 600w, https:\/\/www.usborkeychain.com\/wp-content\/uploads\/zinc-alloy-rotating-metal-usb-type-c-flash-drive-100x100.jpg 100w\" sizes=\"(max-width: 800px) 100vw, 800px\" \/><\/figure>\n<\/div>\n<\/div>\n\n\n\n<figure class=\"wp-block-table\"><table class=\"has-fixed-layout\"><thead><tr><th>Projet<\/th><th>D\u00e9tails des param\u00e8tres<\/th><\/tr><\/thead><tbody><tr><td>Type d'interface<\/td><td>USB + Type-c<\/td><\/tr><tr><td>Norme de transmission<\/td><td>USB3.0 (compatible avec USB2.0)<\/td><\/tr><tr><td>Mat\u00e9riau<\/td><td>Alliage de zinc<\/td><\/tr><tr><td>Caract\u00e9ristiques de la conception<\/td><td>Rotation \u00e0 360 degr\u00e9s, mod\u00e9lisation tridimensionnelle d'Iron Man<\/td><\/tr><tr><td>Couleur<\/td><td>Couleurs rouge-argent (imitant l'armure d'Iron Man)<\/td><\/tr><tr><td>Plage de capacit\u00e9<\/td><td>1GB - 256GB (personnalisable)<\/td><\/tr><\/tbody><\/table><\/figure>\n\n\n\n<div style=\"height:50px\" aria-hidden=\"true\" class=\"wp-block-spacer\"><\/div>\n\n\n\n<h3 class=\"wp-block-heading\">La cl\u00e9 USB Iron Man mobile peut-elle \u00eatre personnalis\u00e9e avec un logo ?<\/h3>\n\n\n\n<div style=\"height:50px\" aria-hidden=\"true\" class=\"wp-block-spacer\"><\/div>\n\n\n\n<div class=\"wp-block-columns is-layout-flex wp-container-core-columns-is-layout-28f84493 wp-block-columns-is-layout-flex\">\n<div class=\"wp-block-column is-layout-flow wp-block-column-is-layout-flow\">\n<figure class=\"wp-block-image aligncenter size-full is-resized\"><img decoding=\"async\" width=\"800\" height=\"800\" src=\"https:\/\/www.usborkeychain.com\/wp-content\/uploads\/zinc-alloy-rotating-metal-usb-type-c-flash-drive-wholesale.jpg\" alt=\"zinc alloy rotating metal usb type c flash drive-wholesale\" class=\"wp-image-3439\" style=\"object-fit:cover;width:600px;height:600px\" srcset=\"https:\/\/www.usborkeychain.com\/wp-content\/uploads\/zinc-alloy-rotating-metal-usb-type-c-flash-drive-wholesale.jpg 800w, https:\/\/www.usborkeychain.com\/wp-content\/uploads\/zinc-alloy-rotating-metal-usb-type-c-flash-drive-wholesale-300x300.jpg 300w, https:\/\/www.usborkeychain.com\/wp-content\/uploads\/zinc-alloy-rotating-metal-usb-type-c-flash-drive-wholesale-150x150.jpg 150w, https:\/\/www.usborkeychain.com\/wp-content\/uploads\/zinc-alloy-rotating-metal-usb-type-c-flash-drive-wholesale-768x768.jpg 768w, https:\/\/www.usborkeychain.com\/wp-content\/uploads\/zinc-alloy-rotating-metal-usb-type-c-flash-drive-wholesale-12x12.jpg 12w, https:\/\/www.usborkeychain.com\/wp-content\/uploads\/zinc-alloy-rotating-metal-usb-type-c-flash-drive-wholesale-600x600.jpg 600w, https:\/\/www.usborkeychain.com\/wp-content\/uploads\/zinc-alloy-rotating-metal-usb-type-c-flash-drive-wholesale-100x100.jpg 100w\" sizes=\"(max-width: 800px) 100vw, 800px\" \/><\/figure>\n<\/div>\n\n\n\n<div class=\"wp-block-column is-vertically-aligned-center is-layout-flow wp-block-column-is-layout-flow\">\n<p>La cl\u00e9 USB mobile Iron Man est compatible avec les services de personnalisation de logo. <\/p>\n\n\n\n<p>Sur un plan du clip rotatif, le processus de gravure au laser permet de pr\u00e9senter des logos fins, et le processus de s\u00e9rigraphie permet d'imprimer des logos de lignes simples. <\/p>\n\n\n\n<p>Que les entreprises personnalisent les logos de leur marque ou que les grossistes cr\u00e9ent des produits exclusifs, nous pouvons r\u00e9pondre rapidement aux besoins et fournir des services complets, de la conception \u00e0 la production, afin de soutenir la promotion de la marque et la diff\u00e9renciation des produits.<\/p>\n<\/div>\n<\/div>\n\n\n\n<div style=\"height:50px\" aria-hidden=\"true\" class=\"wp-block-spacer\"><\/div>\n\n\n\n<h3 class=\"wp-block-heading\">La cl\u00e9 USB Iron Man mobile est-elle livr\u00e9e avec un porte-cl\u00e9s ?<\/h3>\n\n\n\n<div style=\"height:30px\" aria-hidden=\"true\" class=\"wp-block-spacer\"><\/div>\n\n\n\n<p>En termes de design, la cl\u00e9 USB mobile Iron Man est dot\u00e9e d'un trou pour porte-cl\u00e9s r\u00e9serv\u00e9 \u00e0 la t\u00eate rotative du clip, ce qui permet aux utilisateurs d'installer facilement un porte-cl\u00e9s en m\u00e9tal pour un transport pratique. Qu'elle soit accroch\u00e9e \u00e0 un porte-cl\u00e9s ou utilis\u00e9e avec un sac \u00e0 dos, elle peut facilement r\u00e9pondre aux besoins de portabilit\u00e9 tout en rehaussant le caract\u00e8re d\u00e9coratif et pratique du produit.<\/p>\n\n\n\n<div style=\"height:50px\" aria-hidden=\"true\" class=\"wp-block-spacer\"><\/div>\n\n\n\n<h3 class=\"wp-block-heading\">Le motif Iron Man de la cl\u00e9 USB mobile peut-il \u00eatre modifi\u00e9 ?<\/h3>\n\n\n\n<div class=\"wp-block-columns is-layout-flex wp-container-core-columns-is-layout-28f84493 wp-block-columns-is-layout-flex\">\n<div class=\"wp-block-column is-vertically-aligned-center is-layout-flow wp-block-column-is-layout-flow\">\n<p>Le motif de la cl\u00e9 USB mobile Iron Man est form\u00e9 par un processus d'ouverture de moule et ne peut actuellement pas \u00eatre modifi\u00e9 directement.<\/p>\n\n\n\n<p>Si un changement de mod\u00e8le est n\u00e9cessaire, il faut revoir la conception et ouvrir le moule, ce qui est consid\u00e9r\u00e9 comme un nouveau mod\u00e8le. <\/p>\n\n\n\n<p>En tant que fabricant, nous r\u00e9pondons aux exigences de nos clients en mati\u00e8re d'ouverture de moules sur mesure, en suivant l'ensemble du processus, depuis les dessins de conception jusqu'\u00e0 la production d'\u00e9chantillons, afin de r\u00e9pondre aux besoins de d\u00e9veloppement de produits personnalis\u00e9s.<\/p>\n<\/div>\n\n\n\n<div class=\"wp-block-column is-layout-flow wp-block-column-is-layout-flow\">\n<figure class=\"wp-block-image aligncenter size-full is-resized\"><img loading=\"lazy\" decoding=\"async\" width=\"800\" height=\"800\" src=\"https:\/\/www.usborkeychain.com\/wp-content\/uploads\/O1CN01WH7A4j1D0ZxGLPcta_2206735590154-0-cib.jpg_.webp.jpg\" alt=\"O1CN01WH7A4j1D0ZxGLPcta_!!2206735590154-0-cib.jpg_.webp\" class=\"wp-image-3436\" style=\"object-fit:cover;width:600px;height:600px\" srcset=\"https:\/\/www.usborkeychain.com\/wp-content\/uploads\/O1CN01WH7A4j1D0ZxGLPcta_2206735590154-0-cib.jpg_.webp.jpg 800w, https:\/\/www.usborkeychain.com\/wp-content\/uploads\/O1CN01WH7A4j1D0ZxGLPcta_2206735590154-0-cib.jpg_.webp-300x300.jpg 300w, https:\/\/www.usborkeychain.com\/wp-content\/uploads\/O1CN01WH7A4j1D0ZxGLPcta_2206735590154-0-cib.jpg_.webp-150x150.jpg 150w, https:\/\/www.usborkeychain.com\/wp-content\/uploads\/O1CN01WH7A4j1D0ZxGLPcta_2206735590154-0-cib.jpg_.webp-768x768.jpg 768w, https:\/\/www.usborkeychain.com\/wp-content\/uploads\/O1CN01WH7A4j1D0ZxGLPcta_2206735590154-0-cib.jpg_.webp-12x12.jpg 12w, https:\/\/www.usborkeychain.com\/wp-content\/uploads\/O1CN01WH7A4j1D0ZxGLPcta_2206735590154-0-cib.jpg_.webp-600x600.jpg 600w, https:\/\/www.usborkeychain.com\/wp-content\/uploads\/O1CN01WH7A4j1D0ZxGLPcta_2206735590154-0-cib.jpg_.webp-100x100.jpg 100w\" sizes=\"(max-width: 800px) 100vw, 800px\" \/><\/figure>\n<\/div>\n<\/div>\n\n\n\n<p>R\u00e9sum\u00e9 : Avec sa forme cool, ses performances de transmission \u00e0 grande vitesse, ses services de personnalisation diversifi\u00e9s et son design pratique, la cl\u00e9 USB Iron Man est devenue un excellent choix pour les fabricants et les grossistes qui souhaitent cr\u00e9er des produits \u00e0 succ\u00e8s et s'emparer de parts de march\u00e9.<\/p>\n\n\n\n<p><\/p>","protected":false},"excerpt":{"rendered":"<ul>\n<li>U-Disk pour t\u00e9l\u00e9phone portable Iron Man<\/li>\n<li>Interface : USB + Type-C<\/li>\n<li>Capacit\u00e9 : 8GB - 256GB<\/li>\n<li>Iron Man Mobile Phone U-Disk personnalisable avec un logo<\/li>\n<\/ul>","protected":false},"featured_media":3437,"comment_status":"open","ping_status":"closed","template":"","meta":{"_seopress_robots_primary_cat":"","_seopress_titles_title":"","_seopress_titles_desc":"","_seopress_robots_index":"","site-sidebar-layout":"default","site-content-layout":"","ast-site-content-layout":"","site-content-style":"default","site-sidebar-style":"default","ast-global-header-display":"","ast-banner-title-visibility":"","ast-main-header-display":"","ast-hfb-above-header-display":"","ast-hfb-below-header-display":"","ast-hfb-mobile-header-display":"","site-post-title":"","ast-breadcrumbs-content":"","ast-featured-img":"","footer-sml-layout":"","theme-transparent-header-meta":"","adv-header-id-meta":"","stick-header-meta":"","header-above-stick-meta":"","header-main-stick-meta":"","header-below-stick-meta":"","astra-migrate-meta-layouts":"default","ast-page-background-enabled":"default","ast-page-background-meta":{"desktop":{"background-color":"var(--ast-global-color-5)","background-image":"","background-repeat":"repeat","background-position":"center center","background-size":"auto","background-attachment":"scroll","background-type":"","background-media":"","overlay-type":"","overlay-color":"","overlay-opacity":"","overlay-gradient":""},"tablet":{"background-color":"","background-image":"","background-repeat":"repeat","background-position":"center center","background-size":"auto","background-attachment":"scroll","background-type":"","background-media":"","overlay-type":"","overlay-color":"","overlay-opacity":"","overlay-gradient":""},"mobile":{"background-color":"","background-image":"","background-repeat":"repeat","background-position":"center center","background-size":"auto","background-attachment":"scroll","background-type":"","background-media":"","overlay-type":"","overlay-color":"","overlay-opacity":"","overlay-gradient":""}},"ast-content-background-meta":{"desktop":{"background-color":"var(--ast-global-color-4)","background-image":"","background-repeat":"repeat","background-position":"center center","background-size":"auto","background-attachment":"scroll","background-type":"","background-media":"","overlay-type":"","overlay-color":"","overlay-opacity":"","overlay-gradient":""},"tablet":{"background-color":"var(--ast-global-color-4)","background-image":"","background-repeat":"repeat","background-position":"center center","background-size":"auto","background-attachment":"scroll","background-type":"","background-media":"","overlay-type":"","overlay-color":"","overlay-opacity":"","overlay-gradient":""},"mobile":{"background-color":"var(--ast-global-color-4)","background-image":"","background-repeat":"repeat","background-position":"center center","background-size":"auto","background-attachment":"scroll","background-type":"","background-media":"","overlay-type":"","overlay-color":"","overlay-opacity":"","overlay-gradient":""}}},"product_brand":[],"product_cat":[106,105],"product_tag":[406,187,397],"class_list":{"0":"post-3432","1":"product","2":"type-product","3":"status-publish","4":"has-post-thumbnail","6":"product_cat-rotating-usb-pendrive","7":"product_cat-usb-c-pendrive","8":"product_tag-metal-swivel-usb-drive","9":"product_tag-metal-usb-c-flash-drive","10":"product_tag-zinc-alloy-usb-pen-drive","11":"desktop-align-left","12":"tablet-align-left","13":"mobile-align-left","15":"first","16":"instock","17":"shipping-taxable","18":"product-type-simple"},"_links":{"self":[{"href":"https:\/\/www.usborkeychain.com\/fr\/wp-json\/wp\/v2\/product\/3432","targetHints":{"allow":["GET"]}}],"collection":[{"href":"https:\/\/www.usborkeychain.com\/fr\/wp-json\/wp\/v2\/product"}],"about":[{"href":"https:\/\/www.usborkeychain.com\/fr\/wp-json\/wp\/v2\/types\/product"}],"replies":[{"embeddable":true,"href":"https:\/\/www.usborkeychain.com\/fr\/wp-json\/wp\/v2\/comments?post=3432"}],"wp:featuredmedia":[{"embeddable":true,"href":"https:\/\/www.usborkeychain.com\/fr\/wp-json\/wp\/v2\/media\/3437"}],"wp:attachment":[{"href":"https:\/\/www.usborkeychain.com\/fr\/wp-json\/wp\/v2\/media?parent=3432"}],"wp:term":[{"taxonomy":"product_brand","embeddable":true,"href":"https:\/\/www.usborkeychain.com\/fr\/wp-json\/wp\/v2\/product_brand?post=3432"},{"taxonomy":"product_cat","embeddable":true,"href":"https:\/\/www.usborkeychain.com\/fr\/wp-json\/wp\/v2\/product_cat?post=3432"},{"taxonomy":"product_tag","embeddable":true,"href":"https:\/\/www.usborkeychain.com\/fr\/wp-json\/wp\/v2\/product_tag?post=3432"}],"curies":[{"name":"wp","href":"https:\/\/api.w.org\/{rel}","templated":true}]}}