{"id":3448,"date":"2025-06-25T08:58:40","date_gmt":"2025-06-25T08:58:40","guid":{"rendered":"https:\/\/www.usborkeychain.com\/?post_type=product&#038;p=3448"},"modified":"2025-08-17T13:18:30","modified_gmt":"2025-08-17T13:18:30","slug":"wheat-straw-rotating-mobile-usb-flash-drive","status":"publish","type":"product","link":"https:\/\/www.usborkeychain.com\/fr\/produit\/wheat-straw-rotating-mobile-usb-flash-drive\/","title":{"rendered":"Cl\u00e9 USB Type-c rotative en paille de bl\u00e9"},"content":{"rendered":"<p><\/p>\n\n\n\n<div class=\"wp-block-columns is-layout-flex wp-container-core-columns-is-layout-28f84493 wp-block-columns-is-layout-flex\">\n<div class=\"wp-block-column is-layout-flow wp-block-column-is-layout-flow\">\n<figure class=\"wp-block-image size-full\"><img fetchpriority=\"high\" decoding=\"async\" width=\"800\" height=\"800\" src=\"https:\/\/www.usborkeychain.com\/wp-content\/uploads\/tiny-usb-c-flash-drive.jpg\" alt=\"tiny usb c flash drive\" class=\"wp-image-3463\" srcset=\"https:\/\/www.usborkeychain.com\/wp-content\/uploads\/tiny-usb-c-flash-drive.jpg 800w, https:\/\/www.usborkeychain.com\/wp-content\/uploads\/tiny-usb-c-flash-drive-300x300.jpg 300w, https:\/\/www.usborkeychain.com\/wp-content\/uploads\/tiny-usb-c-flash-drive-150x150.jpg 150w, https:\/\/www.usborkeychain.com\/wp-content\/uploads\/tiny-usb-c-flash-drive-768x768.jpg 768w, https:\/\/www.usborkeychain.com\/wp-content\/uploads\/tiny-usb-c-flash-drive-12x12.jpg 12w, https:\/\/www.usborkeychain.com\/wp-content\/uploads\/tiny-usb-c-flash-drive-600x600.jpg 600w, https:\/\/www.usborkeychain.com\/wp-content\/uploads\/tiny-usb-c-flash-drive-100x100.jpg 100w\" sizes=\"(max-width: 800px) 100vw, 800px\" \/><\/figure>\n<\/div>\n\n\n\n<div class=\"wp-block-column is-vertically-aligned-center is-layout-flow wp-block-column-is-layout-flow\">\n<p>La cl\u00e9 USB de type C \u00e0 rotation en paille de bl\u00e9 est une cl\u00e9 USB de stockage qui int\u00e8gre parfaitement les concepts environnementaux et les performances pratiques. Dot\u00e9e d'un clip rotatif classique et d'une coque en paille de bl\u00e9 respectueuse de l'environnement, elle peut \u00eatre utilis\u00e9e \u00e0 la fois sur les t\u00e9l\u00e9phones portables et les ordinateurs.<\/p>\n\n\n\n<p> En tant que fabricant professionnel d'USB, nous proposons des services de personnalisation et de vente en gros \u00e0 grande \u00e9chelle, offrant ainsi des solutions id\u00e9ales aux entreprises qui ach\u00e8tent des cadeaux verts ou aux grossistes qui d\u00e9veloppent des gammes de produits \u00e9cologiques.<\/p>\n<\/div>\n<\/div>\n\n\n\n<h3 class=\"wp-block-heading\">Mati\u00e8re de la cl\u00e9 USB mobile rotative classique en paille de bl\u00e9<\/h3>\n\n\n\n<p>La cl\u00e9 USB mobile rotative classique en paille de bl\u00e9 utilise de la paille de bl\u00e9 \u00e9cologique comme mat\u00e9riau de base. La paille de bl\u00e9 est un mat\u00e9riau d\u00e9gradable qui peut se d\u00e9composer rapidement dans des environnements naturels sans polluer le sol ou les \u00e9cosyst\u00e8mes, r\u00e9pondant ainsi pleinement aux exigences environnementales strictes actuelles. Par rapport aux mati\u00e8res plastiques traditionnelles, l'utilisation de la paille de bl\u00e9 r\u00e9pond non seulement \u00e0 l'appel mondial en faveur du d\u00e9veloppement vert, mais conf\u00e8re \u00e9galement une texture naturelle au produit, ce qui en fait un choix optimal pour les usines qui souhaitent fabriquer des produits verts et respectueux de l'environnement.<\/p>\n\n\n\n<div class=\"wp-block-columns alignfull is-layout-flex wp-container-core-columns-is-layout-28f84493 wp-block-columns-is-layout-flex\" style=\"border-style:none;border-width:0px;border-radius:0px\">\n<div class=\"wp-block-column is-layout-flow wp-block-column-is-layout-flow\">\n<figure class=\"wp-block-image alignfull size-full\"><img decoding=\"async\" width=\"800\" height=\"800\" src=\"https:\/\/www.usborkeychain.com\/wp-content\/uploads\/mini-usb-c-flash-drive-light-blue.jpg\" alt=\"mini usb c flash drive light blue\" class=\"wp-image-3461\" srcset=\"https:\/\/www.usborkeychain.com\/wp-content\/uploads\/mini-usb-c-flash-drive-light-blue.jpg 800w, https:\/\/www.usborkeychain.com\/wp-content\/uploads\/mini-usb-c-flash-drive-light-blue-300x300.jpg 300w, https:\/\/www.usborkeychain.com\/wp-content\/uploads\/mini-usb-c-flash-drive-light-blue-150x150.jpg 150w, https:\/\/www.usborkeychain.com\/wp-content\/uploads\/mini-usb-c-flash-drive-light-blue-768x768.jpg 768w, https:\/\/www.usborkeychain.com\/wp-content\/uploads\/mini-usb-c-flash-drive-light-blue-12x12.jpg 12w, https:\/\/www.usborkeychain.com\/wp-content\/uploads\/mini-usb-c-flash-drive-light-blue-600x600.jpg 600w, https:\/\/www.usborkeychain.com\/wp-content\/uploads\/mini-usb-c-flash-drive-light-blue-100x100.jpg 100w\" sizes=\"(max-width: 800px) 100vw, 800px\" \/><\/figure>\n<\/div>\n\n\n\n<div class=\"wp-block-column is-layout-flow wp-block-column-is-layout-flow\">\n<figure class=\"wp-block-image alignfull size-full\"><img decoding=\"async\" width=\"800\" height=\"800\" src=\"https:\/\/www.usborkeychain.com\/wp-content\/uploads\/flash-drive-for-phone-type-c.jpg\" alt=\"flash drive for phone type c\" class=\"wp-image-3458\" srcset=\"https:\/\/www.usborkeychain.com\/wp-content\/uploads\/flash-drive-for-phone-type-c.jpg 800w, https:\/\/www.usborkeychain.com\/wp-content\/uploads\/flash-drive-for-phone-type-c-300x300.jpg 300w, https:\/\/www.usborkeychain.com\/wp-content\/uploads\/flash-drive-for-phone-type-c-150x150.jpg 150w, https:\/\/www.usborkeychain.com\/wp-content\/uploads\/flash-drive-for-phone-type-c-768x768.jpg 768w, https:\/\/www.usborkeychain.com\/wp-content\/uploads\/flash-drive-for-phone-type-c-12x12.jpg 12w, https:\/\/www.usborkeychain.com\/wp-content\/uploads\/flash-drive-for-phone-type-c-600x600.jpg 600w, https:\/\/www.usborkeychain.com\/wp-content\/uploads\/flash-drive-for-phone-type-c-100x100.jpg 100w\" sizes=\"(max-width: 800px) 100vw, 800px\" \/><\/figure>\n<\/div>\n\n\n\n<div class=\"wp-block-column is-layout-flow wp-block-column-is-layout-flow\">\n<figure class=\"wp-block-image size-full\"><img loading=\"lazy\" decoding=\"async\" width=\"800\" height=\"800\" src=\"https:\/\/www.usborkeychain.com\/wp-content\/uploads\/fastest-usb-type-c-flash-drive-red.jpg\" alt=\"fastest usb type c flash drive red\" class=\"wp-image-3457\" srcset=\"https:\/\/www.usborkeychain.com\/wp-content\/uploads\/fastest-usb-type-c-flash-drive-red.jpg 800w, https:\/\/www.usborkeychain.com\/wp-content\/uploads\/fastest-usb-type-c-flash-drive-red-300x300.jpg 300w, https:\/\/www.usborkeychain.com\/wp-content\/uploads\/fastest-usb-type-c-flash-drive-red-150x150.jpg 150w, https:\/\/www.usborkeychain.com\/wp-content\/uploads\/fastest-usb-type-c-flash-drive-red-768x768.jpg 768w, https:\/\/www.usborkeychain.com\/wp-content\/uploads\/fastest-usb-type-c-flash-drive-red-12x12.jpg 12w, https:\/\/www.usborkeychain.com\/wp-content\/uploads\/fastest-usb-type-c-flash-drive-red-600x600.jpg 600w, https:\/\/www.usborkeychain.com\/wp-content\/uploads\/fastest-usb-type-c-flash-drive-red-100x100.jpg 100w\" sizes=\"(max-width: 800px) 100vw, 800px\" \/><\/figure>\n<\/div>\n\n\n\n<div class=\"wp-block-column is-layout-flow wp-block-column-is-layout-flow\">\n<figure class=\"wp-block-image size-full\"><img loading=\"lazy\" decoding=\"async\" width=\"800\" height=\"800\" src=\"https:\/\/www.usborkeychain.com\/wp-content\/uploads\/eco-friendly-usbc-thumb-drive.jpg\" alt=\"eco-friendly usbc thumb drive\" class=\"wp-image-3455\" srcset=\"https:\/\/www.usborkeychain.com\/wp-content\/uploads\/eco-friendly-usbc-thumb-drive.jpg 800w, https:\/\/www.usborkeychain.com\/wp-content\/uploads\/eco-friendly-usbc-thumb-drive-300x300.jpg 300w, https:\/\/www.usborkeychain.com\/wp-content\/uploads\/eco-friendly-usbc-thumb-drive-150x150.jpg 150w, https:\/\/www.usborkeychain.com\/wp-content\/uploads\/eco-friendly-usbc-thumb-drive-768x768.jpg 768w, https:\/\/www.usborkeychain.com\/wp-content\/uploads\/eco-friendly-usbc-thumb-drive-12x12.jpg 12w, https:\/\/www.usborkeychain.com\/wp-content\/uploads\/eco-friendly-usbc-thumb-drive-600x600.jpg 600w, https:\/\/www.usborkeychain.com\/wp-content\/uploads\/eco-friendly-usbc-thumb-drive-100x100.jpg 100w\" sizes=\"(max-width: 800px) 100vw, 800px\" \/><\/figure>\n<\/div>\n\n\n\n<div class=\"wp-block-column is-layout-flow wp-block-column-is-layout-flow\">\n<figure class=\"wp-block-image size-full\"><img loading=\"lazy\" decoding=\"async\" width=\"800\" height=\"800\" src=\"https:\/\/www.usborkeychain.com\/wp-content\/uploads\/white-pen-drive-with-type-c.jpg\" alt=\"white pen drive with type c\" class=\"wp-image-3469\" srcset=\"https:\/\/www.usborkeychain.com\/wp-content\/uploads\/white-pen-drive-with-type-c.jpg 800w, https:\/\/www.usborkeychain.com\/wp-content\/uploads\/white-pen-drive-with-type-c-300x300.jpg 300w, https:\/\/www.usborkeychain.com\/wp-content\/uploads\/white-pen-drive-with-type-c-150x150.jpg 150w, https:\/\/www.usborkeychain.com\/wp-content\/uploads\/white-pen-drive-with-type-c-768x768.jpg 768w, https:\/\/www.usborkeychain.com\/wp-content\/uploads\/white-pen-drive-with-type-c-12x12.jpg 12w, https:\/\/www.usborkeychain.com\/wp-content\/uploads\/white-pen-drive-with-type-c-600x600.jpg 600w, https:\/\/www.usborkeychain.com\/wp-content\/uploads\/white-pen-drive-with-type-c-100x100.jpg 100w\" sizes=\"(max-width: 800px) 100vw, 800px\" \/><\/figure>\n<\/div>\n<\/div>\n\n\n\n<h3 class=\"wp-block-heading\">Param\u00e8tres de la cl\u00e9 USB-c rotative en paille de bl\u00e9<\/h3>\n\n\n\n<p><\/p>\n\n\n\n<div class=\"wp-block-columns is-layout-flex wp-container-core-columns-is-layout-28f84493 wp-block-columns-is-layout-flex\">\n<div class=\"wp-block-column is-layout-flow wp-block-column-is-layout-flow\">\n<figure class=\"wp-block-image size-full\"><img loading=\"lazy\" decoding=\"async\" width=\"800\" height=\"600\" src=\"https:\/\/www.usborkeychain.com\/wp-content\/uploads\/type-c-thumb-drive-size.jpg\" alt=\"type c thumb drive size\" class=\"wp-image-3464\" srcset=\"https:\/\/www.usborkeychain.com\/wp-content\/uploads\/type-c-thumb-drive-size.jpg 800w, https:\/\/www.usborkeychain.com\/wp-content\/uploads\/type-c-thumb-drive-size-300x225.jpg 300w, https:\/\/www.usborkeychain.com\/wp-content\/uploads\/type-c-thumb-drive-size-768x576.jpg 768w, https:\/\/www.usborkeychain.com\/wp-content\/uploads\/type-c-thumb-drive-size-16x12.jpg 16w, https:\/\/www.usborkeychain.com\/wp-content\/uploads\/type-c-thumb-drive-size-600x450.jpg 600w\" sizes=\"(max-width: 800px) 100vw, 800px\" \/><\/figure>\n<\/div>\n\n\n\n<div class=\"wp-block-column is-vertically-aligned-center is-layout-flow wp-block-column-is-layout-flow\">\n<p>La cl\u00e9 USB mobile rotative Wheat Straw permet une double utilisation sur les ordinateurs et les t\u00e9l\u00e9phones portables. L'une des extr\u00e9mit\u00e9s est une interface USB standard, compatible avec divers appareils informatiques ; l'autre est une interface de type C pour les t\u00e9l\u00e9phones portables. Lors de l'achat, les utilisateurs doivent pr\u00e9ciser leurs besoins afin d'\u00e9viter d'avoir \u00e0 utiliser des adaptateurs par la suite. <\/p>\n\n\n\n<p>Les normes de transmission offrent deux options : USB2.0 et USB3.0 \u00e0 grande vitesse, r\u00e9pondant aux besoins d'efficacit\u00e9 de la transmission de donn\u00e9es dans diff\u00e9rents sc\u00e9narios. <\/p>\n<\/div>\n<\/div>\n\n\n\n<p>Par ailleurs, le produit est disponible dans des couleurs (l\u00e9g\u00e8res) telles que le noir, le blanc, la couleur paille de bl\u00e9, le bleu ciel et le vert clair, ce qui permet de r\u00e9pondre \u00e0 diverses pr\u00e9f\u00e9rences esth\u00e9tiques. Les param\u00e8tres sp\u00e9cifiques sont les suivants :<\/p>\n\n\n\n<figure class=\"wp-block-table\"><table class=\"has-fixed-layout\"><thead><tr><th>Projet<\/th><th>D\u00e9tails des param\u00e8tres<\/th><\/tr><\/thead><tbody><tr><td>Type d'interface<\/td><td>USB + Type-c<\/td><\/tr><tr><td>Norme de transmission<\/td><td>USB2.0\/USB3.0 (en option)<\/td><\/tr><tr><td>Mat\u00e9riau<\/td><td>Paille de bl\u00e9 \u00e9cologique<\/td><\/tr><tr><td>Options de couleur<\/td><td>Noir, blanc, couleur paille de bl\u00e9, bleu ciel, vert clair<\/td><\/tr><tr><td>Conception rotative<\/td><td>Structure rotative \u00e0 clips<\/td><\/tr><tr><td>Plage de capacit\u00e9<\/td><td>8GB - 256GB (personnalisable)<\/td><\/tr><\/tbody><\/table><\/figure>\n\n\n\n<h3 class=\"wp-block-heading\">Emballage de la cl\u00e9 USB mobile rotative en paille de bl\u00e9<\/h3>\n\n\n\n<p>La cl\u00e9 USB mobile rotative en paille de bl\u00e9 peut \u00eatre associ\u00e9e \u00e0 une bo\u00eete d'emballage du m\u00eame mat\u00e9riau, formant ainsi un ensemble \u00e9l\u00e9gant au design unifi\u00e9. La bo\u00eete d'emballage est assortie \u00e0 la cl\u00e9 USB en termes de mat\u00e9riau et de couleur, tout en offrant deux options de traitement : une surface lisse et une texture givr\u00e9e granuleuse. La bo\u00eete d'emballage \u00e0 texture givr\u00e9e met en valeur la texture \u00e9cologique originale, ce qui permet non seulement de rehausser la qualit\u00e9 du produit, mais aussi de renforcer ses attributs environnementaux. C'est un choix int\u00e9ressant pour les entreprises qui personnalisent des cadeaux et pour les grossistes qui cr\u00e9ent des produits diff\u00e9renci\u00e9s.<\/p>\n\n\n\n<div class=\"wp-block-columns is-layout-flex wp-container-core-columns-is-layout-28f84493 wp-block-columns-is-layout-flex\">\n<div class=\"wp-block-column is-layout-flow wp-block-column-is-layout-flow\">\n<figure class=\"wp-block-image size-full\"><img loading=\"lazy\" decoding=\"async\" width=\"800\" height=\"800\" src=\"https:\/\/www.usborkeychain.com\/wp-content\/uploads\/usb-c-thumb-drive-256gb-with-box.jpg\" alt=\"usb c thumb drive 256gb with box\" class=\"wp-image-3467\" srcset=\"https:\/\/www.usborkeychain.com\/wp-content\/uploads\/usb-c-thumb-drive-256gb-with-box.jpg 800w, https:\/\/www.usborkeychain.com\/wp-content\/uploads\/usb-c-thumb-drive-256gb-with-box-300x300.jpg 300w, https:\/\/www.usborkeychain.com\/wp-content\/uploads\/usb-c-thumb-drive-256gb-with-box-150x150.jpg 150w, https:\/\/www.usborkeychain.com\/wp-content\/uploads\/usb-c-thumb-drive-256gb-with-box-768x768.jpg 768w, https:\/\/www.usborkeychain.com\/wp-content\/uploads\/usb-c-thumb-drive-256gb-with-box-12x12.jpg 12w, https:\/\/www.usborkeychain.com\/wp-content\/uploads\/usb-c-thumb-drive-256gb-with-box-600x600.jpg 600w, https:\/\/www.usborkeychain.com\/wp-content\/uploads\/usb-c-thumb-drive-256gb-with-box-100x100.jpg 100w\" sizes=\"(max-width: 800px) 100vw, 800px\" \/><\/figure>\n<\/div>\n\n\n\n<div class=\"wp-block-column is-layout-flow wp-block-column-is-layout-flow\">\n<figure class=\"wp-block-image size-full\"><img loading=\"lazy\" decoding=\"async\" width=\"800\" height=\"800\" src=\"https:\/\/www.usborkeychain.com\/wp-content\/uploads\/pink-usbc-thumbdrive.jpg\" alt=\"pink usbc thumbdrive\" class=\"wp-image-3462\" srcset=\"https:\/\/www.usborkeychain.com\/wp-content\/uploads\/pink-usbc-thumbdrive.jpg 800w, https:\/\/www.usborkeychain.com\/wp-content\/uploads\/pink-usbc-thumbdrive-300x300.jpg 300w, https:\/\/www.usborkeychain.com\/wp-content\/uploads\/pink-usbc-thumbdrive-150x150.jpg 150w, https:\/\/www.usborkeychain.com\/wp-content\/uploads\/pink-usbc-thumbdrive-768x768.jpg 768w, https:\/\/www.usborkeychain.com\/wp-content\/uploads\/pink-usbc-thumbdrive-12x12.jpg 12w, https:\/\/www.usborkeychain.com\/wp-content\/uploads\/pink-usbc-thumbdrive-600x600.jpg 600w, https:\/\/www.usborkeychain.com\/wp-content\/uploads\/pink-usbc-thumbdrive-100x100.jpg 100w\" sizes=\"(max-width: 800px) 100vw, 800px\" \/><\/figure>\n<\/div>\n\n\n\n<div class=\"wp-block-column is-layout-flow wp-block-column-is-layout-flow\">\n<figure class=\"wp-block-image size-full\"><img loading=\"lazy\" decoding=\"async\" width=\"800\" height=\"800\" src=\"https:\/\/www.usborkeychain.com\/wp-content\/uploads\/fastest-usb-c-flash-drive.jpg\" alt=\"fastest usb c flash drive\" class=\"wp-image-3456\" srcset=\"https:\/\/www.usborkeychain.com\/wp-content\/uploads\/fastest-usb-c-flash-drive.jpg 800w, https:\/\/www.usborkeychain.com\/wp-content\/uploads\/fastest-usb-c-flash-drive-300x300.jpg 300w, https:\/\/www.usborkeychain.com\/wp-content\/uploads\/fastest-usb-c-flash-drive-150x150.jpg 150w, https:\/\/www.usborkeychain.com\/wp-content\/uploads\/fastest-usb-c-flash-drive-768x768.jpg 768w, https:\/\/www.usborkeychain.com\/wp-content\/uploads\/fastest-usb-c-flash-drive-12x12.jpg 12w, https:\/\/www.usborkeychain.com\/wp-content\/uploads\/fastest-usb-c-flash-drive-600x600.jpg 600w, https:\/\/www.usborkeychain.com\/wp-content\/uploads\/fastest-usb-c-flash-drive-100x100.jpg 100w\" sizes=\"(max-width: 800px) 100vw, 800px\" \/><\/figure>\n<\/div>\n\n\n\n<div class=\"wp-block-column is-layout-flow wp-block-column-is-layout-flow\">\n<figure class=\"wp-block-image size-full\"><img loading=\"lazy\" decoding=\"async\" width=\"800\" height=\"800\" src=\"https:\/\/www.usborkeychain.com\/wp-content\/uploads\/blue-type-c-memory.jpg\" alt=\"blue type c memory\" class=\"wp-image-3454\" srcset=\"https:\/\/www.usborkeychain.com\/wp-content\/uploads\/blue-type-c-memory.jpg 800w, https:\/\/www.usborkeychain.com\/wp-content\/uploads\/blue-type-c-memory-300x300.jpg 300w, https:\/\/www.usborkeychain.com\/wp-content\/uploads\/blue-type-c-memory-150x150.jpg 150w, https:\/\/www.usborkeychain.com\/wp-content\/uploads\/blue-type-c-memory-768x768.jpg 768w, https:\/\/www.usborkeychain.com\/wp-content\/uploads\/blue-type-c-memory-12x12.jpg 12w, https:\/\/www.usborkeychain.com\/wp-content\/uploads\/blue-type-c-memory-600x600.jpg 600w, https:\/\/www.usborkeychain.com\/wp-content\/uploads\/blue-type-c-memory-100x100.jpg 100w\" sizes=\"(max-width: 800px) 100vw, 800px\" \/><\/figure>\n<\/div>\n<\/div>\n\n\n\n<h3 class=\"wp-block-heading\">La cl\u00e9 USB mobile rotative en paille de bl\u00e9 peut-elle \u00eatre personnalis\u00e9e avec un logo ?<\/h3>\n\n\n\n<p>La cl\u00e9 USB mobile rotative en paille de bl\u00e9 permet la personnalisation de logos \u00e0 plusieurs endroits. Des logos color\u00e9s ou monochromes peuvent \u00eatre pr\u00e9sent\u00e9s par s\u00e9rigraphie sur le clip rotatif et sur la surface de la bo\u00eete d'emballage. Un logo blanc s\u00e9rigraphi\u00e9 sur une coque color\u00e9e cr\u00e9e un effet visuel simple et coordonn\u00e9, renfor\u00e7ant efficacement la reconnaissance de la marque. En tant que fabricant, nous pouvons r\u00e9pondre rapidement aux besoins de personnalisation et fournir des services efficaces, de la conception \u00e0 l'\u00e9chantillonnage, afin de r\u00e9pondre aux exigences des entreprises et des grossistes en mati\u00e8re de promotion de la marque.<\/p>\n\n\n\n<div class=\"wp-block-columns is-layout-flex wp-container-core-columns-is-layout-28f84493 wp-block-columns-is-layout-flex\">\n<div class=\"wp-block-column is-layout-flow wp-block-column-is-layout-flow\">\n<figure class=\"wp-block-image size-full\"><img loading=\"lazy\" decoding=\"async\" width=\"800\" height=\"600\" src=\"https:\/\/www.usborkeychain.com\/wp-content\/uploads\/usb-c-flash-drive-128gb-with-logo.jpg\" alt=\"usb c flash drive 128gb with logo\" class=\"wp-image-3465\" srcset=\"https:\/\/www.usborkeychain.com\/wp-content\/uploads\/usb-c-flash-drive-128gb-with-logo.jpg 800w, https:\/\/www.usborkeychain.com\/wp-content\/uploads\/usb-c-flash-drive-128gb-with-logo-300x225.jpg 300w, https:\/\/www.usborkeychain.com\/wp-content\/uploads\/usb-c-flash-drive-128gb-with-logo-768x576.jpg 768w, https:\/\/www.usborkeychain.com\/wp-content\/uploads\/usb-c-flash-drive-128gb-with-logo-16x12.jpg 16w, https:\/\/www.usborkeychain.com\/wp-content\/uploads\/usb-c-flash-drive-128gb-with-logo-600x450.jpg 600w\" sizes=\"(max-width: 800px) 100vw, 800px\" \/><\/figure>\n<\/div>\n\n\n\n<div class=\"wp-block-column is-layout-flow wp-block-column-is-layout-flow\">\n<figure class=\"wp-block-image size-full\"><img loading=\"lazy\" decoding=\"async\" width=\"800\" height=\"600\" src=\"https:\/\/www.usborkeychain.com\/wp-content\/uploads\/usb-c-mini-flash-drive.jpg\" alt=\"usb c mini flash drive\" class=\"wp-image-3466\" srcset=\"https:\/\/www.usborkeychain.com\/wp-content\/uploads\/usb-c-mini-flash-drive.jpg 800w, https:\/\/www.usborkeychain.com\/wp-content\/uploads\/usb-c-mini-flash-drive-300x225.jpg 300w, https:\/\/www.usborkeychain.com\/wp-content\/uploads\/usb-c-mini-flash-drive-768x576.jpg 768w, https:\/\/www.usborkeychain.com\/wp-content\/uploads\/usb-c-mini-flash-drive-16x12.jpg 16w, https:\/\/www.usborkeychain.com\/wp-content\/uploads\/usb-c-mini-flash-drive-600x450.jpg 600w\" sizes=\"(max-width: 800px) 100vw, 800px\" \/><\/figure>\n<\/div>\n\n\n\n<div class=\"wp-block-column is-layout-flow wp-block-column-is-layout-flow\">\n<figure class=\"wp-block-image size-full\"><img loading=\"lazy\" decoding=\"async\" width=\"800\" height=\"600\" src=\"https:\/\/www.usborkeychain.com\/wp-content\/uploads\/low-profile-usb-c-flash-drive.jpg\" alt=\"low profile usb c flash drive\" class=\"wp-image-3460\" srcset=\"https:\/\/www.usborkeychain.com\/wp-content\/uploads\/low-profile-usb-c-flash-drive.jpg 800w, https:\/\/www.usborkeychain.com\/wp-content\/uploads\/low-profile-usb-c-flash-drive-300x225.jpg 300w, https:\/\/www.usborkeychain.com\/wp-content\/uploads\/low-profile-usb-c-flash-drive-768x576.jpg 768w, https:\/\/www.usborkeychain.com\/wp-content\/uploads\/low-profile-usb-c-flash-drive-16x12.jpg 16w, https:\/\/www.usborkeychain.com\/wp-content\/uploads\/low-profile-usb-c-flash-drive-600x450.jpg 600w\" sizes=\"(max-width: 800px) 100vw, 800px\" \/><\/figure>\n<\/div>\n\n\n\n<div class=\"wp-block-column is-layout-flow wp-block-column-is-layout-flow\">\n<figure class=\"wp-block-image size-full\"><img alt=\"\" loading=\"lazy\" decoding=\"async\" width=\"800\" height=\"600\" src=\"https:\/\/www.usborkeychain.com\/wp-content\/uploads\/an1.jpg\" class=\"wp-image-3452\" srcset=\"https:\/\/www.usborkeychain.com\/wp-content\/uploads\/an1.jpg 800w, https:\/\/www.usborkeychain.com\/wp-content\/uploads\/an1-300x225.jpg 300w, https:\/\/www.usborkeychain.com\/wp-content\/uploads\/an1-768x576.jpg 768w, https:\/\/www.usborkeychain.com\/wp-content\/uploads\/an1-16x12.jpg 16w, https:\/\/www.usborkeychain.com\/wp-content\/uploads\/an1-600x450.jpg 600w\" sizes=\"(max-width: 800px) 100vw, 800px\" \/><\/figure>\n<\/div>\n<\/div>\n\n\n\n<p><strong>Conclusion<\/strong>: Avec son mat\u00e9riau \u00e9cologique, ses performances pratiques, son emballage exquis et ses services de personnalisation flexibles, la cl\u00e9 USB mobile rotative en paille de bl\u00e9 est devenue un excellent choix pour les fabricants et les grossistes qui souhaitent s'emparer du march\u00e9 vert et personnaliser leurs produits.<\/p>","protected":false},"excerpt":{"rendered":"<ul>\n<li>USB A et type-c<\/li>\n<li>Paille de bl\u00e9 m\u00e9tariale<\/li>\n<li>Conception rotative<\/li>\n<li>Possibilit\u00e9 de choisir entre USB3.0 et USB2.0<\/li>\n<li>Logo personnalis\u00e9 sur la coque et l'emballage<\/li>\n<\/ul>","protected":false},"featured_media":3453,"comment_status":"open","ping_status":"closed","template":"","meta":{"_seopress_robots_primary_cat":"","_seopress_titles_title":"","_seopress_titles_desc":"","_seopress_robots_index":"","site-sidebar-layout":"default","site-content-layout":"","ast-site-content-layout":"","site-content-style":"default","site-sidebar-style":"default","ast-global-header-display":"","ast-banner-title-visibility":"","ast-main-header-display":"","ast-hfb-above-header-display":"","ast-hfb-below-header-display":"","ast-hfb-mobile-header-display":"","site-post-title":"","ast-breadcrumbs-content":"","ast-featured-img":"","footer-sml-layout":"","theme-transparent-header-meta":"","adv-header-id-meta":"","stick-header-meta":"","header-above-stick-meta":"","header-main-stick-meta":"","header-below-stick-meta":"","astra-migrate-meta-layouts":"default","ast-page-background-enabled":"default","ast-page-background-meta":{"desktop":{"background-color":"var(--ast-global-color-5)","background-image":"","background-repeat":"repeat","background-position":"center center","background-size":"auto","background-attachment":"scroll","background-type":"","background-media":"","overlay-type":"","overlay-color":"","overlay-opacity":"","overlay-gradient":""},"tablet":{"background-color":"","background-image":"","background-repeat":"repeat","background-position":"center center","background-size":"auto","background-attachment":"scroll","background-type":"","background-media":"","overlay-type":"","overlay-color":"","overlay-opacity":"","overlay-gradient":""},"mobile":{"background-color":"","background-image":"","background-repeat":"repeat","background-position":"center center","background-size":"auto","background-attachment":"scroll","background-type":"","background-media":"","overlay-type":"","overlay-color":"","overlay-opacity":"","overlay-gradient":""}},"ast-content-background-meta":{"desktop":{"background-color":"var(--ast-global-color-4)","background-image":"","background-repeat":"repeat","background-position":"center center","background-size":"auto","background-attachment":"scroll","background-type":"","background-media":"","overlay-type":"","overlay-color":"","overlay-opacity":"","overlay-gradient":""},"tablet":{"background-color":"var(--ast-global-color-4)","background-image":"","background-repeat":"repeat","background-position":"center center","background-size":"auto","background-attachment":"scroll","background-type":"","background-media":"","overlay-type":"","overlay-color":"","overlay-opacity":"","overlay-gradient":""},"mobile":{"background-color":"var(--ast-global-color-4)","background-image":"","background-repeat":"repeat","background-position":"center center","background-size":"auto","background-attachment":"scroll","background-type":"","background-media":"","overlay-type":"","overlay-color":"","overlay-opacity":"","overlay-gradient":""}}},"product_brand":[],"product_cat":[170,106,105],"product_tag":[188,404],"class_list":{"0":"post-3448","1":"product","2":"type-product","3":"status-publish","4":"has-post-thumbnail","6":"product_cat-biodegradable-usb-pendrive-2","7":"product_cat-rotating-usb-pendrive","8":"product_cat-usb-c-pendrive","9":"product_tag-straw-usb-flash-drive","10":"product_tag-wooden-rotating-usb-drive","11":"desktop-align-left","12":"tablet-align-left","13":"mobile-align-left","15":"first","16":"instock","17":"shipping-taxable","18":"product-type-simple"},"_links":{"self":[{"href":"https:\/\/www.usborkeychain.com\/fr\/wp-json\/wp\/v2\/product\/3448","targetHints":{"allow":["GET"]}}],"collection":[{"href":"https:\/\/www.usborkeychain.com\/fr\/wp-json\/wp\/v2\/product"}],"about":[{"href":"https:\/\/www.usborkeychain.com\/fr\/wp-json\/wp\/v2\/types\/product"}],"replies":[{"embeddable":true,"href":"https:\/\/www.usborkeychain.com\/fr\/wp-json\/wp\/v2\/comments?post=3448"}],"wp:featuredmedia":[{"embeddable":true,"href":"https:\/\/www.usborkeychain.com\/fr\/wp-json\/wp\/v2\/media\/3453"}],"wp:attachment":[{"href":"https:\/\/www.usborkeychain.com\/fr\/wp-json\/wp\/v2\/media?parent=3448"}],"wp:term":[{"taxonomy":"product_brand","embeddable":true,"href":"https:\/\/www.usborkeychain.com\/fr\/wp-json\/wp\/v2\/product_brand?post=3448"},{"taxonomy":"product_cat","embeddable":true,"href":"https:\/\/www.usborkeychain.com\/fr\/wp-json\/wp\/v2\/product_cat?post=3448"},{"taxonomy":"product_tag","embeddable":true,"href":"https:\/\/www.usborkeychain.com\/fr\/wp-json\/wp\/v2\/product_tag?post=3448"}],"curies":[{"name":"wp","href":"https:\/\/api.w.org\/{rel}","templated":true}]}}