{"id":3532,"date":"2025-06-26T06:32:25","date_gmt":"2025-06-26T06:32:25","guid":{"rendered":"https:\/\/www.usborkeychain.com\/?post_type=product&#038;p=3532"},"modified":"2025-07-25T01:39:34","modified_gmt":"2025-07-25T01:39:34","slug":"pvc-caterpillar-mobile-usb-drive","status":"publish","type":"product","link":"https:\/\/www.usborkeychain.com\/fr\/produit\/pvc-caterpillar-mobile-usb-drive\/","title":{"rendered":"Cl\u00e9 USB mobile PVC Caterpillar"},"content":{"rendered":"<div class=\"wp-block-columns is-layout-flex wp-container-core-columns-is-layout-28f84493 wp-block-columns-is-layout-flex\">\n<div class=\"wp-block-column is-layout-flow wp-block-column-is-layout-flow\">\n<figure class=\"wp-block-image aligncenter size-full is-resized\"><img fetchpriority=\"high\" decoding=\"async\" width=\"750\" height=\"750\" src=\"https:\/\/www.usborkeychain.com\/wp-content\/uploads\/9.jpg\" alt=\"pvc caterpillar cell phone usb flash drive\" class=\"wp-image-3538\" style=\"object-fit:cover;width:600px;height:600px\" srcset=\"https:\/\/www.usborkeychain.com\/wp-content\/uploads\/9.jpg 750w, https:\/\/www.usborkeychain.com\/wp-content\/uploads\/9-300x300.jpg 300w, https:\/\/www.usborkeychain.com\/wp-content\/uploads\/9-150x150.jpg 150w, https:\/\/www.usborkeychain.com\/wp-content\/uploads\/9-12x12.jpg 12w, https:\/\/www.usborkeychain.com\/wp-content\/uploads\/9-600x600.jpg 600w, https:\/\/www.usborkeychain.com\/wp-content\/uploads\/9-100x100.jpg 100w\" sizes=\"(max-width: 750px) 100vw, 750px\" \/><\/figure>\n<\/div>\n\n\n\n<div class=\"wp-block-column is-vertically-aligned-center is-layout-flow wp-block-column-is-layout-flow\">\n<p>Sur le march\u00e9 des cl\u00e9s USB mobiles, les cl\u00e9s USB de style \"cartoon\" sont rares, la plupart \u00e9tant en m\u00e9tal. La cl\u00e9 USB mobile PVC Caterpillar se pr\u00e9sente comme une innovation avec son design cartoon (dessin anim\u00e9). <\/p>\n\n\n\n<p>Il pr\u00e9sente un design adorable et ludique de style bande dessin\u00e9e, associ\u00e9 \u00e0 un mat\u00e9riau en caoutchouc souple enti\u00e8rement en PVC, offrant un toucher doux tout en \u00e9tant durable et r\u00e9sistant aux chutes. <\/p>\n\n\n\n<p>En tant que cl\u00e9 USB \u00e0 double usage pour t\u00e9l\u00e9phone portable et ordinateur, elle prend en charge la fonctionnalit\u00e9 OTG, ce qui facilite le transfert de donn\u00e9es entre les t\u00e9l\u00e9phones portables et les ordinateurs. <\/p>\n\n\n\n<p>Avec son aspect unique et ses performances pratiques, cette cl\u00e9 USB est devenue l'un des mod\u00e8les de cl\u00e9s USB les plus populaires, convenant \u00e0 la fois \u00e0 un usage personnel et \u00e0 un cadeau.<\/p>\n<\/div>\n<\/div>\n\n\n\n<div style=\"height:46px\" aria-hidden=\"true\" class=\"wp-block-spacer\"><\/div>\n\n\n\n<h2 class=\"wp-block-heading\"> Cl\u00e9 USB mobile PVC Caterpillar<\/h2>\n\n\n\n<div class=\"wp-block-columns is-layout-flex wp-container-core-columns-is-layout-28f84493 wp-block-columns-is-layout-flex\">\n<div class=\"wp-block-column is-vertically-aligned-center is-layout-flow wp-block-column-is-layout-flow\">\n<p>La cl\u00e9 USB en PVC et caoutchouc souple \"Caterpillar Mobile USB Drive\" adopte un mignon design de dessin anim\u00e9, pr\u00e9sentant de mani\u00e8re vivante l'image attachante d'une chenille. <\/p>\n\n\n\n<p>Chaque d\u00e9tail, de son corps rond \u00e0 ses tentacules agiles en passant par ses yeux adorables, d\u00e9gage un charme enfantin. <\/p>\n\n\n\n<p>Le mat\u00e9riau en caoutchouc souple enti\u00e8rement en PVC lui conf\u00e8re non seulement un toucher doux et confortable, mais il offre \u00e9galement une excellente r\u00e9sistance aux chutes et \u00e0 l'eau. <\/p>\n\n\n\n<p>M\u00eame si elle est accidentellement heurt\u00e9e ou expos\u00e9e \u00e0 l'eau lors d'une utilisation quotidienne, il n'y a pas lieu de s'inqui\u00e9ter de la d\u00e9t\u00e9rioration de la cl\u00e9 USB, qui allie parfaitement esth\u00e9tique et durabilit\u00e9.<\/p>\n<\/div>\n\n\n\n<div class=\"wp-block-column is-layout-flow wp-block-column-is-layout-flow\">\n<figure class=\"wp-block-image aligncenter size-full is-resized\"><img decoding=\"async\" width=\"750\" height=\"750\" src=\"https:\/\/www.usborkeychain.com\/wp-content\/uploads\/8.jpg\" alt=\"pvc caterpillar shape cell phone usb flash drive\" class=\"wp-image-3537\" style=\"object-fit:cover;width:600px;height:600px\" srcset=\"https:\/\/www.usborkeychain.com\/wp-content\/uploads\/8.jpg 750w, https:\/\/www.usborkeychain.com\/wp-content\/uploads\/8-300x300.jpg 300w, https:\/\/www.usborkeychain.com\/wp-content\/uploads\/8-150x150.jpg 150w, https:\/\/www.usborkeychain.com\/wp-content\/uploads\/8-12x12.jpg 12w, https:\/\/www.usborkeychain.com\/wp-content\/uploads\/8-600x600.jpg 600w, https:\/\/www.usborkeychain.com\/wp-content\/uploads\/8-100x100.jpg 100w\" sizes=\"(max-width: 750px) 100vw, 750px\" \/><\/figure>\n<\/div>\n<\/div>\n\n\n\n<h2 class=\"wp-block-heading\">Param\u00e8tres de la cl\u00e9 USB mobile PVC Caterpillar<\/h2>\n\n\n\n<figure class=\"wp-block-table\"><table class=\"has-fixed-layout\"><thead><tr><th>Projet<\/th><th>D\u00e9tails des param\u00e8tres<\/th><\/tr><\/thead><tbody><tr><td>Taille<\/td><td>56*2mm<\/td><\/tr><tr><td>Mat\u00e9riau<\/td><td>PVC Caoutchouc souple<\/td><\/tr><tr><td>Poids<\/td><td>15g<\/td><\/tr><tr><td>Type d'interface<\/td><td>USB2.0\/3.0<\/td><\/tr><tr><td>Projet<\/td><td>D\u00e9tails des param\u00e8tres<\/td><\/tr><tr><td>Plage de capacit\u00e9<\/td><td>8GB - 256GB (personnalisable)<\/td><\/tr><\/tbody><\/table><\/figure>\n\n\n\n<div class=\"wp-block-columns is-layout-flex wp-container-core-columns-is-layout-28f84493 wp-block-columns-is-layout-flex\">\n<div class=\"wp-block-column is-layout-flow wp-block-column-is-layout-flow\">\n<figure class=\"wp-block-image aligncenter size-full is-resized\"><img decoding=\"async\" width=\"750\" height=\"750\" src=\"https:\/\/www.usborkeychain.com\/wp-content\/uploads\/7.jpg\" alt=\"pvc caterpillar cell phone usb flash drive display\" class=\"wp-image-3536\" style=\"object-fit:cover;width:600px;height:600px\" srcset=\"https:\/\/www.usborkeychain.com\/wp-content\/uploads\/7.jpg 750w, https:\/\/www.usborkeychain.com\/wp-content\/uploads\/7-300x300.jpg 300w, https:\/\/www.usborkeychain.com\/wp-content\/uploads\/7-150x150.jpg 150w, https:\/\/www.usborkeychain.com\/wp-content\/uploads\/7-12x12.jpg 12w, https:\/\/www.usborkeychain.com\/wp-content\/uploads\/7-600x600.jpg 600w, https:\/\/www.usborkeychain.com\/wp-content\/uploads\/7-100x100.jpg 100w\" sizes=\"(max-width: 750px) 100vw, 750px\" \/><\/figure>\n<\/div>\n\n\n\n<div class=\"wp-block-column is-vertically-aligned-center is-layout-flow wp-block-column-is-layout-flow\">\n<p>Cette cl\u00e9 USB mobile \u00e0 chenilles est \u00e9quip\u00e9e d'une interface standard USB2.0 et d'une interface haute vitesse USB3.0 pour r\u00e9pondre aux besoins de transmission des diff\u00e9rents utilisateurs.<\/p>\n\n\n\n<p>L'interface USB2.0 est largement compatible avec divers appareils anciens et nouveaux, tels que les ordinateurs, les t\u00e9l\u00e9viseurs intelligents, les appareils automobiles, etc ; <\/p>\n\n\n\n<p>L'interface USB3.0 a une vitesse de transmission th\u00e9orique allant jusqu'\u00e0 450 Mbps, ce qui est beaucoup plus efficace pour les transferts de fichiers volumineux que les 25 Mbps de l'USB2.0, et convient aux ordinateurs grand public, aux tablettes et \u00e0 d'autres appareils. Les param\u00e8tres sp\u00e9cifiques sont les suivants :<\/p>\n<\/div>\n<\/div>\n\n\n\n<div style=\"height:30px\" aria-hidden=\"true\" class=\"wp-block-spacer\"><\/div>\n\n\n\n<h2 class=\"wp-block-heading\">Couleurs de la cl\u00e9 USB mobile PVC Caterpillar<\/h2>\n\n\n\n<div style=\"height:30px\" aria-hidden=\"true\" class=\"wp-block-spacer\"><\/div>\n\n\n\n<p>En termes de choix de couleurs, la cl\u00e9 USB PVC Caterpillar Mobile propose deux styles : vert frais et violet myst\u00e9rieux. Que les utilisateurs pr\u00e9f\u00e8rent un style frais et naturel ou un ton myst\u00e9rieux et \u00e9l\u00e9gant, ils peuvent trouver leur choix. Des couleurs personnalis\u00e9es sont \u00e9galement disponibles, avec une quantit\u00e9 minimale de commande de 100 pi\u00e8ces pour un seul style.<\/p>\n\n\n\n<p>En termes de capacit\u00e9, il offre plusieurs options : 16 Go, 32 Go, 64 Go, 128 Go, 256 Go et 512 Go, ce qui permet de r\u00e9pondre facilement aux besoins quotidiens de stockage de documents de travail, de photos ou de vid\u00e9os haute d\u00e9finition.<\/p>\n\n\n\n<div style=\"height:30px\" aria-hidden=\"true\" class=\"wp-block-spacer\"><\/div>\n\n\n\n<h2 class=\"wp-block-heading\">La cl\u00e9 USB PVC Caterpillar Mobile peut-elle \u00eatre personnalis\u00e9e avec un logo ?<\/h2>\n\n\n\n<div class=\"wp-block-columns is-layout-flex wp-container-core-columns-is-layout-28f84493 wp-block-columns-is-layout-flex\">\n<div class=\"wp-block-column is-vertically-aligned-center is-layout-flow wp-block-column-is-layout-flow\">\n<p>Certainement ! Si vous souhaitez rendre cette jolie cl\u00e9 USB encore plus exclusive, la cl\u00e9 USB PVC Caterpillar Mobile peut \u00eatre personnalis\u00e9e avec un logo. <\/p>\n\n\n\n<p>Le logo est directement moul\u00e9 au cours du processus de fabrication. Il convient aux logos simples et peut cr\u00e9er un effet tactile concave-convexe.<\/p>\n\n\n\n<p>En outre, l'emballage permet \u00e9galement de personnaliser le logo. Le sac PP standard est simple et pratique, tandis que la bo\u00eete en fer est exquise et haut de gamme. <\/p>\n\n\n\n<p>Qu'il s'agisse d'un usage personnel pour montrer sa personnalit\u00e9 ou d'un cadeau pour exprimer ses intentions, il peut cr\u00e9er une exp\u00e9rience unique et exclusive.<\/p>\n<\/div>\n\n\n\n<div class=\"wp-block-column is-layout-flow wp-block-column-is-layout-flow\">\n<figure class=\"wp-block-image aligncenter size-full is-resized\"><img loading=\"lazy\" decoding=\"async\" width=\"750\" height=\"750\" src=\"https:\/\/www.usborkeychain.com\/wp-content\/uploads\/6.jpg\" alt=\"pvc caterpillar cute shape cell phone usb flash drive\" class=\"wp-image-3535\" style=\"object-fit:cover;width:600px;height:600px\" srcset=\"https:\/\/www.usborkeychain.com\/wp-content\/uploads\/6.jpg 750w, https:\/\/www.usborkeychain.com\/wp-content\/uploads\/6-300x300.jpg 300w, https:\/\/www.usborkeychain.com\/wp-content\/uploads\/6-150x150.jpg 150w, https:\/\/www.usborkeychain.com\/wp-content\/uploads\/6-12x12.jpg 12w, https:\/\/www.usborkeychain.com\/wp-content\/uploads\/6-600x600.jpg 600w, https:\/\/www.usborkeychain.com\/wp-content\/uploads\/6-100x100.jpg 100w\" sizes=\"(max-width: 750px) 100vw, 750px\" \/><\/figure>\n<\/div>\n<\/div>\n\n\n\n<p>La cl\u00e9 USB mobile PVC Caterpillar se distingue des autres cl\u00e9s USB par son design de dessin anim\u00e9, son mat\u00e9riau en caoutchouc souple PVC de haute qualit\u00e9 et durable, sa conception pratique \u00e0 double interface, sa capacit\u00e9 et ses options de couleur, ainsi que ses services de personnalisation flexibles.<\/p>\n\n\n\n<p><\/p>","protected":false},"excerpt":{"rendered":"<ul>\n<li>Mati\u00e8re PVC<\/li>\n<li>Style rotatif<\/li>\n<li>USB2.0 USB3.0<\/li>\n<li>Logo personnalis\u00e9<\/li>\n<li>MOQ : La quantit\u00e9 minimale de commande est de 100 pi\u00e8ces<\/li>\n<li>Gamme de capacit\u00e9s : 1GB - 1TB<\/li>\n<\/ul>","protected":false},"featured_media":3545,"comment_status":"open","ping_status":"closed","template":"","meta":{"_seopress_robots_primary_cat":"none","_seopress_titles_title":"PVC Cell Phone USB Stick","_seopress_titles_desc":"","_seopress_robots_index":"","site-sidebar-layout":"default","site-content-layout":"","ast-site-content-layout":"","site-content-style":"default","site-sidebar-style":"default","ast-global-header-display":"","ast-banner-title-visibility":"","ast-main-header-display":"","ast-hfb-above-header-display":"","ast-hfb-below-header-display":"","ast-hfb-mobile-header-display":"","site-post-title":"","ast-breadcrumbs-content":"","ast-featured-img":"","footer-sml-layout":"","theme-transparent-header-meta":"","adv-header-id-meta":"","stick-header-meta":"","header-above-stick-meta":"","header-main-stick-meta":"","header-below-stick-meta":"","astra-migrate-meta-layouts":"default","ast-page-background-enabled":"default","ast-page-background-meta":{"desktop":{"background-color":"var(--ast-global-color-5)","background-image":"","background-repeat":"repeat","background-position":"center center","background-size":"auto","background-attachment":"scroll","background-type":"","background-media":"","overlay-type":"","overlay-color":"","overlay-opacity":"","overlay-gradient":""},"tablet":{"background-color":"","background-image":"","background-repeat":"repeat","background-position":"center center","background-size":"auto","background-attachment":"scroll","background-type":"","background-media":"","overlay-type":"","overlay-color":"","overlay-opacity":"","overlay-gradient":""},"mobile":{"background-color":"","background-image":"","background-repeat":"repeat","background-position":"center center","background-size":"auto","background-attachment":"scroll","background-type":"","background-media":"","overlay-type":"","overlay-color":"","overlay-opacity":"","overlay-gradient":""}},"ast-content-background-meta":{"desktop":{"background-color":"var(--ast-global-color-4)","background-image":"","background-repeat":"repeat","background-position":"center center","background-size":"auto","background-attachment":"scroll","background-type":"","background-media":"","overlay-type":"","overlay-color":"","overlay-opacity":"","overlay-gradient":""},"tablet":{"background-color":"var(--ast-global-color-4)","background-image":"","background-repeat":"repeat","background-position":"center center","background-size":"auto","background-attachment":"scroll","background-type":"","background-media":"","overlay-type":"","overlay-color":"","overlay-opacity":"","overlay-gradient":""},"mobile":{"background-color":"var(--ast-global-color-4)","background-image":"","background-repeat":"repeat","background-position":"center center","background-size":"auto","background-attachment":"scroll","background-type":"","background-media":"","overlay-type":"","overlay-color":"","overlay-opacity":"","overlay-gradient":""}}},"product_brand":[],"product_cat":[112,94,105],"product_tag":[191,192],"class_list":{"0":"post-3532","1":"product","2":"type-product","3":"status-publish","4":"has-post-thumbnail","6":"product_cat-cartton-usb-pendrive","7":"product_cat-pvc-usb-pendrive","8":"product_cat-usb-c-pendrive","9":"product_tag-pvc-usb-stick","10":"product_tag-usb-flash-drive-for-iphone","11":"desktop-align-left","12":"tablet-align-left","13":"mobile-align-left","15":"first","16":"instock","17":"shipping-taxable","18":"product-type-simple"},"_links":{"self":[{"href":"https:\/\/www.usborkeychain.com\/fr\/wp-json\/wp\/v2\/product\/3532","targetHints":{"allow":["GET"]}}],"collection":[{"href":"https:\/\/www.usborkeychain.com\/fr\/wp-json\/wp\/v2\/product"}],"about":[{"href":"https:\/\/www.usborkeychain.com\/fr\/wp-json\/wp\/v2\/types\/product"}],"replies":[{"embeddable":true,"href":"https:\/\/www.usborkeychain.com\/fr\/wp-json\/wp\/v2\/comments?post=3532"}],"wp:featuredmedia":[{"embeddable":true,"href":"https:\/\/www.usborkeychain.com\/fr\/wp-json\/wp\/v2\/media\/3545"}],"wp:attachment":[{"href":"https:\/\/www.usborkeychain.com\/fr\/wp-json\/wp\/v2\/media?parent=3532"}],"wp:term":[{"taxonomy":"product_brand","embeddable":true,"href":"https:\/\/www.usborkeychain.com\/fr\/wp-json\/wp\/v2\/product_brand?post=3532"},{"taxonomy":"product_cat","embeddable":true,"href":"https:\/\/www.usborkeychain.com\/fr\/wp-json\/wp\/v2\/product_cat?post=3532"},{"taxonomy":"product_tag","embeddable":true,"href":"https:\/\/www.usborkeychain.com\/fr\/wp-json\/wp\/v2\/product_tag?post=3532"}],"curies":[{"name":"wp","href":"https:\/\/api.w.org\/{rel}","templated":true}]}}