{"id":3548,"date":"2025-06-27T02:39:22","date_gmt":"2025-06-27T02:39:22","guid":{"rendered":"https:\/\/www.usborkeychain.com\/?post_type=product&#038;p=3548"},"modified":"2025-07-08T01:53:19","modified_gmt":"2025-07-08T01:53:19","slug":"halloween-pvc-cartoon-usb-flash-drive","status":"publish","type":"product","link":"https:\/\/www.usborkeychain.com\/fr\/produit\/halloween-pvc-cartoon-usb-flash-drive\/","title":{"rendered":"Cl\u00e9 USB en forme de cerveau\/poumon\/rein"},"content":{"rendered":"<h2 class=\"wp-block-heading\">Cl\u00e9 USB en forme de cerveau<\/h2>\n\n\n\n<div class=\"wp-block-columns is-layout-flex wp-container-core-columns-is-layout-28f84493 wp-block-columns-is-layout-flex\">\n<div class=\"wp-block-column is-layout-flow wp-block-column-is-layout-flow\">\n<figure class=\"wp-block-image aligncenter size-full is-resized\"><img fetchpriority=\"high\" decoding=\"async\" width=\"800\" height=\"800\" src=\"https:\/\/www.usborkeychain.com\/wp-content\/uploads\/Brain-Shape-USB-Flash-Drive.jpg\" alt=\"Brain Shape USB Flash Drive\" class=\"wp-image-3552\" style=\"object-fit:cover;width:600px;height:600px\" srcset=\"https:\/\/www.usborkeychain.com\/wp-content\/uploads\/Brain-Shape-USB-Flash-Drive.jpg 800w, https:\/\/www.usborkeychain.com\/wp-content\/uploads\/Brain-Shape-USB-Flash-Drive-300x300.jpg 300w, https:\/\/www.usborkeychain.com\/wp-content\/uploads\/Brain-Shape-USB-Flash-Drive-150x150.jpg 150w, https:\/\/www.usborkeychain.com\/wp-content\/uploads\/Brain-Shape-USB-Flash-Drive-768x768.jpg 768w, https:\/\/www.usborkeychain.com\/wp-content\/uploads\/Brain-Shape-USB-Flash-Drive-12x12.jpg 12w, https:\/\/www.usborkeychain.com\/wp-content\/uploads\/Brain-Shape-USB-Flash-Drive-600x600.jpg 600w, https:\/\/www.usborkeychain.com\/wp-content\/uploads\/Brain-Shape-USB-Flash-Drive-100x100.jpg 100w\" sizes=\"(max-width: 800px) 100vw, 800px\" \/><\/figure>\n<\/div>\n\n\n\n<div class=\"wp-block-column is-vertically-aligned-center is-layout-flow wp-block-column-is-layout-flow\">\n<p>La cl\u00e9 USB en forme de cerveau pr\u00e9sente une r\u00e9plique pr\u00e9cise du cerveau humain, avec des motifs clairs de gyri et de sulci se croisant sur une base gris-blanc, accentu\u00e9e par d'\u00e9tranges vaisseaux sanguins violets, comme s'ils contenaient un myst\u00e9rieux pouvoir mental. <\/p>\n\n\n\n<p>La surface est fabriqu\u00e9e en PVC givr\u00e9, ce qui donne une impression de r\u00e9alisme tout en emp\u00eachant efficacement les traces de doigts. <\/p>\n\n\n\n<p>Les \u00e9tablissements d'enseignement et les entreprises technologiques le personnalisent souvent comme cadeau pour les \u00e9tudiants ou les participants \u00e0 des \u00e9v\u00e9nements. Il s'adapte \u00e0 l'atmosph\u00e8re d'Halloween tout en \u00e9voquant l'exploration et la poursuite de la sagesse, inspirant ainsi le d\u00e9sir de connaissance des destinataires.<\/p>\n<\/div>\n<\/div>\n\n\n\n<div style=\"height:38px\" aria-hidden=\"true\" class=\"wp-block-spacer\"><\/div>\n\n\n\n<h2 class=\"wp-block-heading\">Cl\u00e9 USB en forme de c\u0153ur<\/h2>\n\n\n\n<div class=\"wp-block-columns is-layout-flex wp-container-core-columns-is-layout-28f84493 wp-block-columns-is-layout-flex\">\n<div class=\"wp-block-column is-vertically-aligned-center is-layout-flow wp-block-column-is-layout-flow\">\n<p>Le pr\u00e9sent <a href=\"https:\/\/www.usborkeychain.com\/etiqueta-producto\/heart-shaped-usb-flash-drive\/\">cl\u00e9 USB en forme de c\u0153ur<\/a> se caract\u00e9rise par un ton principal rouge vif, restituant de mani\u00e8re r\u00e9aliste la structure tridimensionnelle du c\u0153ur.<\/p>\n\n\n\n<p>La texture ondulante du myocarde et les vaisseaux art\u00e9riels qui se croisent \u00e0 la surface semblent sur le point de battre la seconde suivante. <\/p>\n\n\n\n<p>Le mat\u00e9riau PVC souple lui conf\u00e8re une l\u00e9g\u00e8re \u00e9lasticit\u00e9, semblable au toucher d'un vrai c\u0153ur. <\/p>\n\n\n\n<p>Les entreprises d'organisation de mariages et les marques de soins de sant\u00e9 souhaitent personnaliser cette cl\u00e9 USB pour l'utiliser dans le cadre des activit\u00e9s d'Halloween ou de la promotion de la marque, afin de transmettre la passion et la vitalit\u00e9 de la vie et d'indiquer que la marque se pr\u00e9occupe de la sant\u00e9 et de l'am\u00e9lioration de la vie de ses utilisateurs.<\/p>\n<\/div>\n\n\n\n<div class=\"wp-block-column is-layout-flow wp-block-column-is-layout-flow\">\n<figure class=\"wp-block-image aligncenter size-full is-resized\"><img decoding=\"async\" width=\"800\" height=\"800\" src=\"https:\/\/www.usborkeychain.com\/wp-content\/uploads\/Heart-Shape-USB-Flash-Drive.jpg\" alt=\"Heart Shape USB Flash Drive\" class=\"wp-image-3554\" style=\"object-fit:cover;width:600px;height:600px\" srcset=\"https:\/\/www.usborkeychain.com\/wp-content\/uploads\/Heart-Shape-USB-Flash-Drive.jpg 800w, https:\/\/www.usborkeychain.com\/wp-content\/uploads\/Heart-Shape-USB-Flash-Drive-300x300.jpg 300w, https:\/\/www.usborkeychain.com\/wp-content\/uploads\/Heart-Shape-USB-Flash-Drive-150x150.jpg 150w, https:\/\/www.usborkeychain.com\/wp-content\/uploads\/Heart-Shape-USB-Flash-Drive-768x768.jpg 768w, https:\/\/www.usborkeychain.com\/wp-content\/uploads\/Heart-Shape-USB-Flash-Drive-12x12.jpg 12w, https:\/\/www.usborkeychain.com\/wp-content\/uploads\/Heart-Shape-USB-Flash-Drive-600x600.jpg 600w, https:\/\/www.usborkeychain.com\/wp-content\/uploads\/Heart-Shape-USB-Flash-Drive-100x100.jpg 100w\" sizes=\"(max-width: 800px) 100vw, 800px\" \/><\/figure>\n<\/div>\n<\/div>\n\n\n\n<h2 class=\"wp-block-heading\">Cl\u00e9 USB en forme de poumon<\/h2>\n\n\n\n<div class=\"wp-block-columns is-layout-flex wp-container-core-columns-is-layout-28f84493 wp-block-columns-is-layout-flex\">\n<div class=\"wp-block-column is-layout-flow wp-block-column-is-layout-flow\">\n<figure class=\"wp-block-image aligncenter size-full is-resized\"><img decoding=\"async\" width=\"800\" height=\"800\" src=\"https:\/\/www.usborkeychain.com\/wp-content\/uploads\/Lung-Shape-USB-Flash-Drive.jpg\" alt=\"Lung Shape USB Flash Drive\" class=\"wp-image-3557\" style=\"object-fit:cover;width:600px;height:600px\" srcset=\"https:\/\/www.usborkeychain.com\/wp-content\/uploads\/Lung-Shape-USB-Flash-Drive.jpg 800w, https:\/\/www.usborkeychain.com\/wp-content\/uploads\/Lung-Shape-USB-Flash-Drive-300x300.jpg 300w, https:\/\/www.usborkeychain.com\/wp-content\/uploads\/Lung-Shape-USB-Flash-Drive-150x150.jpg 150w, https:\/\/www.usborkeychain.com\/wp-content\/uploads\/Lung-Shape-USB-Flash-Drive-768x768.jpg 768w, https:\/\/www.usborkeychain.com\/wp-content\/uploads\/Lung-Shape-USB-Flash-Drive-12x12.jpg 12w, https:\/\/www.usborkeychain.com\/wp-content\/uploads\/Lung-Shape-USB-Flash-Drive-600x600.jpg 600w, https:\/\/www.usborkeychain.com\/wp-content\/uploads\/Lung-Shape-USB-Flash-Drive-100x100.jpg 100w\" sizes=\"(max-width: 800px) 100vw, 800px\" \/><\/figure>\n<\/div>\n\n\n\n<div class=\"wp-block-column is-vertically-aligned-center is-layout-flow wp-block-column-is-layout-flow\">\n<p>Le <a href=\"https:\/\/www.usborkeychain.com\/etiqueta-producto\/lung-shape-usb-drive\/\">Cl\u00e9 USB en forme de poumon<\/a> est principalement gris-noir, imitant les plis et la structure alv\u00e9olaire des poumons.<\/p>\n\n\n\n<p>Les saillies irr\u00e9guli\u00e8res et les trous minuscules sur la surface cr\u00e9ent un effet visuel \u00e9trange et choquant. Le mat\u00e9riau PVC mat conf\u00e8re \u00e0 la cl\u00e9 USB un aspect plus r\u00e9aliste et plus myst\u00e9rieux. <\/p>\n\n\n\n<p>Les organisations de protection de l'environnement et les institutions de m\u00e9decine respiratoire le personnaliseront comme cadeau promotionnel et le distribueront lors des activit\u00e9s d'Halloween. Il s'inscrit non seulement dans le th\u00e8me du festival, mais attire \u00e9galement l'attention du public gr\u00e2ce \u00e0 sa forme unique qui permet de promouvoir les concepts de protection de l'environnement ou les connaissances en mati\u00e8re de sant\u00e9 respiratoire.<\/p>\n<\/div>\n<\/div>\n\n\n\n<div style=\"height:43px\" aria-hidden=\"true\" class=\"wp-block-spacer\"><\/div>\n\n\n\n<h2 class=\"wp-block-heading\">Cl\u00e9 USB en forme de rein<\/h2>\n\n\n\n<div class=\"wp-block-columns is-layout-flex wp-container-core-columns-is-layout-28f84493 wp-block-columns-is-layout-flex\">\n<div class=\"wp-block-column is-vertically-aligned-center is-layout-flow wp-block-column-is-layout-flow\">\n<p>Le <a href=\"https:\/\/www.usborkeychain.com\/etiqueta-producto\/kidney-usb-drive\/\">Cl\u00e9 USB en forme de rein<\/a> rompt avec les conventions en affichant un design color\u00e9 orange-bleu vif.<\/p>\n\n\n\n<p>La forme unique aux bords arrondis allie le sens de la mode et de l'amusement. <\/p>\n\n\n\n<p>La surface brillante du mat\u00e9riau PVC fait briller la cl\u00e9 USB \u00e0 la lumi\u00e8re. <\/p>\n\n\n\n<p>Les entreprises de R&amp;D pharmaceutique et les clubs de soins de sant\u00e9 le personnalisent souvent comme cadeau de f\u00eate pour les clients lors des activit\u00e9s d'Halloween, ce qui permet non seulement de transmettre des informations sur la marque, mais aussi d'attirer l'attention des clients gr\u00e2ce \u00e0 la forme unique, rappelant \u00e0 tous de faire attention \u00e0 la sant\u00e9 des reins, \u00e0 la fois pratique et promotionnel.<\/p>\n<\/div>\n\n\n\n<div class=\"wp-block-column is-layout-flow wp-block-column-is-layout-flow\">\n<figure class=\"wp-block-image aligncenter size-full is-resized\"><img loading=\"lazy\" decoding=\"async\" width=\"800\" height=\"800\" src=\"https:\/\/www.usborkeychain.com\/wp-content\/uploads\/Kidney-Shape-USB-Flash-Drive-1.jpg\" alt=\"Kidney Shape USB Flash Drive\" class=\"wp-image-3560\" style=\"object-fit:cover;width:600px;height:600px\" srcset=\"https:\/\/www.usborkeychain.com\/wp-content\/uploads\/Kidney-Shape-USB-Flash-Drive-1.jpg 800w, https:\/\/www.usborkeychain.com\/wp-content\/uploads\/Kidney-Shape-USB-Flash-Drive-1-300x300.jpg 300w, https:\/\/www.usborkeychain.com\/wp-content\/uploads\/Kidney-Shape-USB-Flash-Drive-1-150x150.jpg 150w, https:\/\/www.usborkeychain.com\/wp-content\/uploads\/Kidney-Shape-USB-Flash-Drive-1-768x768.jpg 768w, https:\/\/www.usborkeychain.com\/wp-content\/uploads\/Kidney-Shape-USB-Flash-Drive-1-12x12.jpg 12w, https:\/\/www.usborkeychain.com\/wp-content\/uploads\/Kidney-Shape-USB-Flash-Drive-1-600x600.jpg 600w, https:\/\/www.usborkeychain.com\/wp-content\/uploads\/Kidney-Shape-USB-Flash-Drive-1-100x100.jpg 100w\" sizes=\"(max-width: 800px) 100vw, 800px\" \/><\/figure>\n<\/div>\n<\/div>\n\n\n\n<p>Les entreprises ou les institutions dans de multiples domaines tels que l'\u00e9ducation, le mariage, la protection de l'environnement et la m\u00e9decine peuvent atteindre le double objectif de la promotion de la marque et du cadeau dans les activit\u00e9s en personnalisant cette cl\u00e9 USB, en ajoutant une atmosph\u00e8re de festival unique \u00e0 l'\u00e9v\u00e9nement, et en apportant aux utilisateurs des articles de stockage avec une valeur \u00e0 la fois cr\u00e9ative et pratique.<\/p>\n\n\n\n<div class=\"wp-block-columns is-layout-flex wp-container-core-columns-is-layout-28f84493 wp-block-columns-is-layout-flex\">\n<div class=\"wp-block-column is-layout-flow wp-block-column-is-layout-flow\">\n<figure class=\"wp-block-image size-full\"><img loading=\"lazy\" decoding=\"async\" width=\"800\" height=\"800\" src=\"https:\/\/www.usborkeychain.com\/wp-content\/uploads\/brian-lung-shapd-usb-drive.jpg\" alt=\"brian-lung-shapd-usb-drive\" class=\"wp-image-3595\" srcset=\"https:\/\/www.usborkeychain.com\/wp-content\/uploads\/brian-lung-shapd-usb-drive.jpg 800w, https:\/\/www.usborkeychain.com\/wp-content\/uploads\/brian-lung-shapd-usb-drive-300x300.jpg 300w, https:\/\/www.usborkeychain.com\/wp-content\/uploads\/brian-lung-shapd-usb-drive-150x150.jpg 150w, https:\/\/www.usborkeychain.com\/wp-content\/uploads\/brian-lung-shapd-usb-drive-768x768.jpg 768w, https:\/\/www.usborkeychain.com\/wp-content\/uploads\/brian-lung-shapd-usb-drive-12x12.jpg 12w, https:\/\/www.usborkeychain.com\/wp-content\/uploads\/brian-lung-shapd-usb-drive-600x600.jpg 600w, https:\/\/www.usborkeychain.com\/wp-content\/uploads\/brian-lung-shapd-usb-drive-100x100.jpg 100w\" sizes=\"(max-width: 800px) 100vw, 800px\" \/><\/figure>\n<\/div>\n\n\n\n<div class=\"wp-block-column is-layout-flow wp-block-column-is-layout-flow\">\n<figure class=\"wp-block-image size-full\"><img loading=\"lazy\" decoding=\"async\" width=\"800\" height=\"800\" src=\"https:\/\/www.usborkeychain.com\/wp-content\/uploads\/O1CN01YJLqFT1vMsHYvIPLi_2216936226159-0-cib.jpg\" alt=\"pvc cartoon flash drive\" class=\"wp-image-3565\" srcset=\"https:\/\/www.usborkeychain.com\/wp-content\/uploads\/O1CN01YJLqFT1vMsHYvIPLi_2216936226159-0-cib.jpg 800w, https:\/\/www.usborkeychain.com\/wp-content\/uploads\/O1CN01YJLqFT1vMsHYvIPLi_2216936226159-0-cib-300x300.jpg 300w, https:\/\/www.usborkeychain.com\/wp-content\/uploads\/O1CN01YJLqFT1vMsHYvIPLi_2216936226159-0-cib-150x150.jpg 150w, https:\/\/www.usborkeychain.com\/wp-content\/uploads\/O1CN01YJLqFT1vMsHYvIPLi_2216936226159-0-cib-768x768.jpg 768w, https:\/\/www.usborkeychain.com\/wp-content\/uploads\/O1CN01YJLqFT1vMsHYvIPLi_2216936226159-0-cib-12x12.jpg 12w, https:\/\/www.usborkeychain.com\/wp-content\/uploads\/O1CN01YJLqFT1vMsHYvIPLi_2216936226159-0-cib-600x600.jpg 600w, https:\/\/www.usborkeychain.com\/wp-content\/uploads\/O1CN01YJLqFT1vMsHYvIPLi_2216936226159-0-cib-100x100.jpg 100w\" sizes=\"(max-width: 800px) 100vw, 800px\" \/><\/figure>\n<\/div>\n<\/div>\n\n\n\n<p>Avec des capacit\u00e9s flexibles allant de 1 Go \u00e0 1 To, des sch\u00e9mas de couleurs diversifi\u00e9s, un moulage de logo personnalis\u00e9 et un emballage de festival, il peut non seulement r\u00e9pondre \u00e0 l'affichage personnel, mais aussi assurer un stockage de donn\u00e9es s\u00e9curis\u00e9.<\/p>","protected":false},"excerpt":{"rendered":"<ul>\n<li>Mati\u00e8re PVC<\/li>\n<li>Brian, lung, kidney sheapd desgin<\/li>\n<li>$50 \u00e9chantillon de frais de moule<\/li>\n<li>Moule en PVC en 3 jours<\/li>\n<li>MOQ : 100 pi\u00e8ces<\/li>\n<li>Gamme de capacit\u00e9s : 1GB - 1TB<\/li>\n<\/ul>","protected":false},"featured_media":3595,"comment_status":"open","ping_status":"closed","template":"","meta":{"_seopress_robots_primary_cat":"none","_seopress_titles_title":"","_seopress_titles_desc":"","_seopress_robots_index":"","site-sidebar-layout":"default","site-content-layout":"","ast-site-content-layout":"","site-content-style":"default","site-sidebar-style":"default","ast-global-header-display":"","ast-banner-title-visibility":"","ast-main-header-display":"","ast-hfb-above-header-display":"","ast-hfb-below-header-display":"","ast-hfb-mobile-header-display":"","site-post-title":"","ast-breadcrumbs-content":"","ast-featured-img":"","footer-sml-layout":"","theme-transparent-header-meta":"","adv-header-id-meta":"","stick-header-meta":"","header-above-stick-meta":"","header-main-stick-meta":"","header-below-stick-meta":"","astra-migrate-meta-layouts":"default","ast-page-background-enabled":"default","ast-page-background-meta":{"desktop":{"background-color":"var(--ast-global-color-5)","background-image":"","background-repeat":"repeat","background-position":"center center","background-size":"auto","background-attachment":"scroll","background-type":"","background-media":"","overlay-type":"","overlay-color":"","overlay-opacity":"","overlay-gradient":""},"tablet":{"background-color":"","background-image":"","background-repeat":"repeat","background-position":"center center","background-size":"auto","background-attachment":"scroll","background-type":"","background-media":"","overlay-type":"","overlay-color":"","overlay-opacity":"","overlay-gradient":""},"mobile":{"background-color":"","background-image":"","background-repeat":"repeat","background-position":"center center","background-size":"auto","background-attachment":"scroll","background-type":"","background-media":"","overlay-type":"","overlay-color":"","overlay-opacity":"","overlay-gradient":""}},"ast-content-background-meta":{"desktop":{"background-color":"var(--ast-global-color-4)","background-image":"","background-repeat":"repeat","background-position":"center center","background-size":"auto","background-attachment":"scroll","background-type":"","background-media":"","overlay-type":"","overlay-color":"","overlay-opacity":"","overlay-gradient":""},"tablet":{"background-color":"var(--ast-global-color-4)","background-image":"","background-repeat":"repeat","background-position":"center center","background-size":"auto","background-attachment":"scroll","background-type":"","background-media":"","overlay-type":"","overlay-color":"","overlay-opacity":"","overlay-gradient":""},"mobile":{"background-color":"var(--ast-global-color-4)","background-image":"","background-repeat":"repeat","background-position":"center center","background-size":"auto","background-attachment":"scroll","background-type":"","background-media":"","overlay-type":"","overlay-color":"","overlay-opacity":"","overlay-gradient":""}}},"product_brand":[],"product_cat":[112,94],"product_tag":[197,196,195],"class_list":{"0":"post-3548","1":"product","2":"type-product","3":"status-publish","4":"has-post-thumbnail","6":"product_cat-cartton-usb-pendrive","7":"product_cat-pvc-usb-pendrive","8":"product_tag-heart-shaped-usb-flash-drive","9":"product_tag-kidney-usb-drive","10":"product_tag-lung-shape-usb-drive","11":"desktop-align-left","12":"tablet-align-left","13":"mobile-align-left","15":"first","16":"instock","17":"shipping-taxable","18":"product-type-simple"},"_links":{"self":[{"href":"https:\/\/www.usborkeychain.com\/fr\/wp-json\/wp\/v2\/product\/3548","targetHints":{"allow":["GET"]}}],"collection":[{"href":"https:\/\/www.usborkeychain.com\/fr\/wp-json\/wp\/v2\/product"}],"about":[{"href":"https:\/\/www.usborkeychain.com\/fr\/wp-json\/wp\/v2\/types\/product"}],"replies":[{"embeddable":true,"href":"https:\/\/www.usborkeychain.com\/fr\/wp-json\/wp\/v2\/comments?post=3548"}],"wp:featuredmedia":[{"embeddable":true,"href":"https:\/\/www.usborkeychain.com\/fr\/wp-json\/wp\/v2\/media\/3595"}],"wp:attachment":[{"href":"https:\/\/www.usborkeychain.com\/fr\/wp-json\/wp\/v2\/media?parent=3548"}],"wp:term":[{"taxonomy":"product_brand","embeddable":true,"href":"https:\/\/www.usborkeychain.com\/fr\/wp-json\/wp\/v2\/product_brand?post=3548"},{"taxonomy":"product_cat","embeddable":true,"href":"https:\/\/www.usborkeychain.com\/fr\/wp-json\/wp\/v2\/product_cat?post=3548"},{"taxonomy":"product_tag","embeddable":true,"href":"https:\/\/www.usborkeychain.com\/fr\/wp-json\/wp\/v2\/product_tag?post=3548"}],"curies":[{"name":"wp","href":"https:\/\/api.w.org\/{rel}","templated":true}]}}