{"id":3599,"date":"2025-06-28T01:52:43","date_gmt":"2025-06-28T01:52:43","guid":{"rendered":"https:\/\/www.usborkeychain.com\/?post_type=product&#038;p=3599"},"modified":"2025-08-17T13:17:41","modified_gmt":"2025-08-17T13:17:41","slug":"ultra-thin-mini-swivel-usb-flash-drive","status":"publish","type":"product","link":"https:\/\/www.usborkeychain.com\/fr\/produit\/ultra-thin-mini-swivel-usb-flash-drive\/","title":{"rendered":"Cl\u00e9 USB miniature pivotante ultra-mince"},"content":{"rendered":"<p>La mini cl\u00e9 USB rotative ultra-mince en m\u00e9tal est un mod\u00e8le populaire depuis 20 ans. En tant que mod\u00e8le rotatif de la s\u00e9rie mini, elle repr\u00e9sente non seulement un moyen de stockage pratique, mais aussi un \u00e9quilibre entre l'esth\u00e9tique et la durabilit\u00e9, pl\u00e9biscit\u00e9 par les consommateurs et les entreprises, en particulier dans le domaine du commerce ext\u00e9rieur, o\u00f9 les ventes ont toujours \u00e9t\u00e9 parmi les plus \u00e9lev\u00e9es.<\/p>\n\n\n\n<div class=\"wp-block-columns is-layout-flex wp-container-core-columns-is-layout-28f84493 wp-block-columns-is-layout-flex\">\n<div class=\"wp-block-column is-layout-flow wp-block-column-is-layout-flow\">\n<figure class=\"wp-block-image size-full\"><img alt=\"sliver-mini swivel usb flash drive\" fetchpriority=\"high\" decoding=\"async\" width=\"800\" height=\"800\" src=\"https:\/\/www.usborkeychain.com\/wp-content\/uploads\/sliver-mini-swivel-usb-flash-drive.jpg\" class=\"wp-image-3606\" srcset=\"https:\/\/www.usborkeychain.com\/wp-content\/uploads\/sliver-mini-swivel-usb-flash-drive.jpg 800w, https:\/\/www.usborkeychain.com\/wp-content\/uploads\/sliver-mini-swivel-usb-flash-drive-300x300.jpg 300w, https:\/\/www.usborkeychain.com\/wp-content\/uploads\/sliver-mini-swivel-usb-flash-drive-150x150.jpg 150w, https:\/\/www.usborkeychain.com\/wp-content\/uploads\/sliver-mini-swivel-usb-flash-drive-768x768.jpg 768w, https:\/\/www.usborkeychain.com\/wp-content\/uploads\/sliver-mini-swivel-usb-flash-drive-12x12.jpg 12w, https:\/\/www.usborkeychain.com\/wp-content\/uploads\/sliver-mini-swivel-usb-flash-drive-600x600.jpg 600w, https:\/\/www.usborkeychain.com\/wp-content\/uploads\/sliver-mini-swivel-usb-flash-drive-100x100.jpg 100w\" sizes=\"(max-width: 800px) 100vw, 800px\" \/><\/figure>\n<\/div>\n\n\n\n<div class=\"wp-block-column is-layout-flow wp-block-column-is-layout-flow\">\n<figure class=\"wp-block-image size-full\"><img alt=\"mini thin swivel usb flash drive\" decoding=\"async\" width=\"800\" height=\"800\" src=\"https:\/\/www.usborkeychain.com\/wp-content\/uploads\/mini-thin-swivel-usb-flash-drive.jpg\" class=\"wp-image-3605\" srcset=\"https:\/\/www.usborkeychain.com\/wp-content\/uploads\/mini-thin-swivel-usb-flash-drive.jpg 800w, https:\/\/www.usborkeychain.com\/wp-content\/uploads\/mini-thin-swivel-usb-flash-drive-300x300.jpg 300w, https:\/\/www.usborkeychain.com\/wp-content\/uploads\/mini-thin-swivel-usb-flash-drive-150x150.jpg 150w, https:\/\/www.usborkeychain.com\/wp-content\/uploads\/mini-thin-swivel-usb-flash-drive-768x768.jpg 768w, https:\/\/www.usborkeychain.com\/wp-content\/uploads\/mini-thin-swivel-usb-flash-drive-12x12.jpg 12w, https:\/\/www.usborkeychain.com\/wp-content\/uploads\/mini-thin-swivel-usb-flash-drive-600x600.jpg 600w, https:\/\/www.usborkeychain.com\/wp-content\/uploads\/mini-thin-swivel-usb-flash-drive-100x100.jpg 100w\" sizes=\"(max-width: 800px) 100vw, 800px\" \/><\/figure>\n<\/div>\n\n\n\n<div class=\"wp-block-column is-layout-flow wp-block-column-is-layout-flow\">\n<figure class=\"wp-block-image size-full\"><img alt=\"mini swivel usb flash drive with keychain\" decoding=\"async\" width=\"800\" height=\"800\" src=\"https:\/\/www.usborkeychain.com\/wp-content\/uploads\/mini-swivel-usb-flash-drive-with-keychain.jpg\" class=\"wp-image-3603\" srcset=\"https:\/\/www.usborkeychain.com\/wp-content\/uploads\/mini-swivel-usb-flash-drive-with-keychain.jpg 800w, https:\/\/www.usborkeychain.com\/wp-content\/uploads\/mini-swivel-usb-flash-drive-with-keychain-300x300.jpg 300w, https:\/\/www.usborkeychain.com\/wp-content\/uploads\/mini-swivel-usb-flash-drive-with-keychain-150x150.jpg 150w, https:\/\/www.usborkeychain.com\/wp-content\/uploads\/mini-swivel-usb-flash-drive-with-keychain-768x768.jpg 768w, https:\/\/www.usborkeychain.com\/wp-content\/uploads\/mini-swivel-usb-flash-drive-with-keychain-12x12.jpg 12w, https:\/\/www.usborkeychain.com\/wp-content\/uploads\/mini-swivel-usb-flash-drive-with-keychain-600x600.jpg 600w, https:\/\/www.usborkeychain.com\/wp-content\/uploads\/mini-swivel-usb-flash-drive-with-keychain-100x100.jpg 100w\" sizes=\"(max-width: 800px) 100vw, 800px\" \/><\/figure>\n<\/div>\n<\/div>\n\n\n\n<h2 class=\"wp-block-heading\">Design mini ultra-mince avec mat\u00e9riau en alliage d'aluminium<\/h2>\n\n\n\n<p>La mini cl\u00e9 USB rotative en m\u00e9tal ultra-mince adopte une conception combin\u00e9e d'alliage d'aluminium et de cadre en plastique ABS. Le bo\u00eetier en alliage d'aluminium offre une durabilit\u00e9 et une texture excellentes, et gr\u00e2ce aux proc\u00e9d\u00e9s d'anodisation, il peut pr\u00e9senter diverses couleurs \u00e0 la mode telles que le gris spatial, l'or rose et l'or champagne. Le cadre en plastique ABS permet une personnalisation flexible pour r\u00e9pondre aux divers besoins des clients en mati\u00e8re de couleurs. Son principal atout r\u00e9side dans son corps ultra-mince, d'une \u00e9paisseur de 2 \u00e0 3 mm seulement, l\u00e9ger et portable, qui se range facilement dans les portefeuilles ou les poches. Le design rotatif classique avec une t\u00eate ronde prot\u00e8ge non seulement l'interface USB mais conf\u00e8re \u00e9galement au produit une esth\u00e9tique m\u00e9canique unique, combinant praticit\u00e9 et valeur ornementale en tant que produit ing\u00e9nieux d\u00e9velopp\u00e9 et fabriqu\u00e9 par l'usine.<\/p>\n\n\n\n<div class=\"wp-block-columns is-layout-flex wp-container-core-columns-is-layout-28f84493 wp-block-columns-is-layout-flex\">\n<div class=\"wp-block-column is-layout-flow wp-block-column-is-layout-flow\">\n<figure class=\"wp-block-image size-full\"><img alt=\"mini swivel usb flash drive\" loading=\"lazy\" decoding=\"async\" width=\"800\" height=\"800\" src=\"https:\/\/www.usborkeychain.com\/wp-content\/uploads\/mini-swivel-usb-flash-drive.jpg\" class=\"wp-image-3604\" srcset=\"https:\/\/www.usborkeychain.com\/wp-content\/uploads\/mini-swivel-usb-flash-drive.jpg 800w, https:\/\/www.usborkeychain.com\/wp-content\/uploads\/mini-swivel-usb-flash-drive-300x300.jpg 300w, https:\/\/www.usborkeychain.com\/wp-content\/uploads\/mini-swivel-usb-flash-drive-150x150.jpg 150w, https:\/\/www.usborkeychain.com\/wp-content\/uploads\/mini-swivel-usb-flash-drive-768x768.jpg 768w, https:\/\/www.usborkeychain.com\/wp-content\/uploads\/mini-swivel-usb-flash-drive-12x12.jpg 12w, https:\/\/www.usborkeychain.com\/wp-content\/uploads\/mini-swivel-usb-flash-drive-600x600.jpg 600w, https:\/\/www.usborkeychain.com\/wp-content\/uploads\/mini-swivel-usb-flash-drive-100x100.jpg 100w\" sizes=\"(max-width: 800px) 100vw, 800px\" \/><\/figure>\n<\/div>\n\n\n\n<div class=\"wp-block-column is-layout-flow wp-block-column-is-layout-flow\">\n<figure class=\"wp-block-image size-full\"><img alt=\"colorful mini swivel usb flash drive\" loading=\"lazy\" decoding=\"async\" width=\"800\" height=\"800\" src=\"https:\/\/www.usborkeychain.com\/wp-content\/uploads\/colorful-mini-swivel-usb-flash-drive.jpg\" class=\"wp-image-3602\" srcset=\"https:\/\/www.usborkeychain.com\/wp-content\/uploads\/colorful-mini-swivel-usb-flash-drive.jpg 800w, https:\/\/www.usborkeychain.com\/wp-content\/uploads\/colorful-mini-swivel-usb-flash-drive-300x300.jpg 300w, https:\/\/www.usborkeychain.com\/wp-content\/uploads\/colorful-mini-swivel-usb-flash-drive-150x150.jpg 150w, https:\/\/www.usborkeychain.com\/wp-content\/uploads\/colorful-mini-swivel-usb-flash-drive-768x768.jpg 768w, https:\/\/www.usborkeychain.com\/wp-content\/uploads\/colorful-mini-swivel-usb-flash-drive-12x12.jpg 12w, https:\/\/www.usborkeychain.com\/wp-content\/uploads\/colorful-mini-swivel-usb-flash-drive-600x600.jpg 600w, https:\/\/www.usborkeychain.com\/wp-content\/uploads\/colorful-mini-swivel-usb-flash-drive-100x100.jpg 100w\" sizes=\"(max-width: 800px) 100vw, 800px\" \/><\/figure>\n<\/div>\n<\/div>\n\n\n\n<p>Cette cl\u00e9 USB offre deux options d'interface : USB2.0 et USB3.0. Elle utilise une technologie UDP ultra-mince et \u00e9tanche pour r\u00e9pondre aux besoins des diff\u00e9rents appareils et vitesses de transmission. La capacit\u00e9 varie de 1 Go \u00e0 1 To, ce qui permet de stocker facilement des fichiers bureautiques quotidiens, des vid\u00e9os haute d\u00e9finition et des sauvegardes de donn\u00e9es volumineuses. Les param\u00e8tres d\u00e9taill\u00e9s sont les suivants :<\/p>\n\n\n\n<figure class=\"wp-block-table\"><table class=\"has-fixed-layout\"><thead><tr><th>Type de param\u00e8tre<\/th><th>Sp\u00e9cifications sp\u00e9cifiques<\/th><\/tr><\/thead><tbody><tr><td>Type d'interface<\/td><td>USB2.0, USB3.0<\/td><\/tr><tr><td>Capacit\u00e9 de stockage<\/td><td>1GB, 2GB, 4GB, 8GB, 16GB, 32GB, 64GB, 128GB, 256GB, 512GB, 1TB<\/td><\/tr><tr><td>Sp\u00e9cifications de la taille<\/td><td>Conception ultra-mince, \u00e9paisseur de 2 \u00e0 3 mm<\/td><\/tr><tr><td>Mat\u00e9riau<\/td><td>Corps principal en alliage d'aluminium + cadre en plastique ABS<\/td><\/tr><tr><td>Options de couleur<\/td><td>Alliage d'aluminium anodis\u00e9 en plusieurs couleurs, cadre en plastique permettant la personnalisation.<\/td><\/tr><tr><td>Vitesse de transmission des donn\u00e9es<\/td><td>USB2.0 : Vitesse d'\u00e9criture environ 6 Mo\/s, vitesse de lecture environ 15 Mo\/s ; USB3.0 : Vitesse d'\u00e9criture environ 20 Mo\/s, vitesse de lecture environ 100 Mo\/s.<\/td><\/tr><\/tbody><\/table><\/figure>\n\n\n\n<h2 class=\"wp-block-heading\">Logo personnalisable pour la promotion de la marque<\/h2>\n\n\n\n<p>La cl\u00e9 USB rotative ultra-mince en m\u00e9tal permet la personnalisation int\u00e9grale des logos sur les deux faces, ce qui en fait un support id\u00e9al pour la promotion de l'entreprise et le renforcement de la marque. Pour la partie m\u00e9tallique, la gravure au laser peut pr\u00e9senter des motifs de logo clairs et durables, mettant en valeur une texture haut de gamme ; la technologie de la s\u00e9rigraphie peut \u00e9galement \u00eatre choisie pour obtenir des couleurs riches et un affichage d\u00e9taill\u00e9. Gr\u00e2ce \u00e0 ses caract\u00e9ristiques miniatures, l\u00e9g\u00e8res et pratiques, il est souvent utilis\u00e9 dans des sc\u00e9narios tels que les cadeaux d'affaires et les cadeaux \u00e9v\u00e9nementiels, tr\u00e8s populaires parmi les clients internationaux dans les exportations de commerce ext\u00e9rieur.<\/p>\n\n\n\n<p>Avec son design classique, ses mat\u00e9riaux de haute qualit\u00e9, ses param\u00e8tres riches et ses services de personnalisation flexibles, cette mini cl\u00e9 USB rotative en m\u00e9tal ultra-mince est devenue un choix populaire pour la personnalisation des fabricants et les achats en gros, servant de produit de stockage de donn\u00e9es id\u00e9al qui combine praticit\u00e9 et valeur de la marque.<\/p>","protected":false},"excerpt":{"rendered":"<ul>\n<li>Style mini ultra-mince<\/li>\n<li>Mat\u00e9riau en alliage d'aluminium<\/li>\n<li>UDP imperm\u00e9able<\/li>\n<li>MOQ:100PCS<\/li>\n<li>Plusieurs couleurs au choix<\/li>\n<\/ul>","protected":false},"featured_media":3606,"comment_status":"open","ping_status":"closed","template":"","meta":{"_seopress_robots_primary_cat":"","_seopress_titles_title":"","_seopress_titles_desc":"","_seopress_robots_index":"","site-sidebar-layout":"default","site-content-layout":"","ast-site-content-layout":"","site-content-style":"default","site-sidebar-style":"default","ast-global-header-display":"","ast-banner-title-visibility":"","ast-main-header-display":"","ast-hfb-above-header-display":"","ast-hfb-below-header-display":"","ast-hfb-mobile-header-display":"","site-post-title":"","ast-breadcrumbs-content":"","ast-featured-img":"","footer-sml-layout":"","theme-transparent-header-meta":"","adv-header-id-meta":"","stick-header-meta":"","header-above-stick-meta":"","header-main-stick-meta":"","header-below-stick-meta":"","astra-migrate-meta-layouts":"default","ast-page-background-enabled":"default","ast-page-background-meta":{"desktop":{"background-color":"var(--ast-global-color-5)","background-image":"","background-repeat":"repeat","background-position":"center center","background-size":"auto","background-attachment":"scroll","background-type":"","background-media":"","overlay-type":"","overlay-color":"","overlay-opacity":"","overlay-gradient":""},"tablet":{"background-color":"","background-image":"","background-repeat":"repeat","background-position":"center center","background-size":"auto","background-attachment":"scroll","background-type":"","background-media":"","overlay-type":"","overlay-color":"","overlay-opacity":"","overlay-gradient":""},"mobile":{"background-color":"","background-image":"","background-repeat":"repeat","background-position":"center center","background-size":"auto","background-attachment":"scroll","background-type":"","background-media":"","overlay-type":"","overlay-color":"","overlay-opacity":"","overlay-gradient":""}},"ast-content-background-meta":{"desktop":{"background-color":"var(--ast-global-color-4)","background-image":"","background-repeat":"repeat","background-position":"center center","background-size":"auto","background-attachment":"scroll","background-type":"","background-media":"","overlay-type":"","overlay-color":"","overlay-opacity":"","overlay-gradient":""},"tablet":{"background-color":"var(--ast-global-color-4)","background-image":"","background-repeat":"repeat","background-position":"center center","background-size":"auto","background-attachment":"scroll","background-type":"","background-media":"","overlay-type":"","overlay-color":"","overlay-opacity":"","overlay-gradient":""},"mobile":{"background-color":"var(--ast-global-color-4)","background-image":"","background-repeat":"repeat","background-position":"center center","background-size":"auto","background-attachment":"scroll","background-type":"","background-media":"","overlay-type":"","overlay-color":"","overlay-opacity":"","overlay-gradient":""}}},"product_brand":[],"product_cat":[89,113,106,101],"product_tag":[398,406,198],"class_list":{"0":"post-3599","1":"product","2":"type-product","3":"status-publish","4":"has-post-thumbnail","6":"product_cat-metal-usb-pendrive","7":"product_cat-mini-usb-pendrive","8":"product_cat-rotating-usb-pendrive","9":"product_cat-usb-pendrive-with-keychain","10":"product_tag-aluminum-usb-drive","11":"product_tag-metal-swivel-usb-drive","12":"product_tag-mini-metal-usb-drive","13":"desktop-align-left","14":"tablet-align-left","15":"mobile-align-left","17":"first","18":"instock","19":"shipping-taxable","20":"product-type-simple"},"_links":{"self":[{"href":"https:\/\/www.usborkeychain.com\/fr\/wp-json\/wp\/v2\/product\/3599","targetHints":{"allow":["GET"]}}],"collection":[{"href":"https:\/\/www.usborkeychain.com\/fr\/wp-json\/wp\/v2\/product"}],"about":[{"href":"https:\/\/www.usborkeychain.com\/fr\/wp-json\/wp\/v2\/types\/product"}],"replies":[{"embeddable":true,"href":"https:\/\/www.usborkeychain.com\/fr\/wp-json\/wp\/v2\/comments?post=3599"}],"wp:featuredmedia":[{"embeddable":true,"href":"https:\/\/www.usborkeychain.com\/fr\/wp-json\/wp\/v2\/media\/3606"}],"wp:attachment":[{"href":"https:\/\/www.usborkeychain.com\/fr\/wp-json\/wp\/v2\/media?parent=3599"}],"wp:term":[{"taxonomy":"product_brand","embeddable":true,"href":"https:\/\/www.usborkeychain.com\/fr\/wp-json\/wp\/v2\/product_brand?post=3599"},{"taxonomy":"product_cat","embeddable":true,"href":"https:\/\/www.usborkeychain.com\/fr\/wp-json\/wp\/v2\/product_cat?post=3599"},{"taxonomy":"product_tag","embeddable":true,"href":"https:\/\/www.usborkeychain.com\/fr\/wp-json\/wp\/v2\/product_tag?post=3599"}],"curies":[{"name":"wp","href":"https:\/\/api.w.org\/{rel}","templated":true}]}}