{"id":3607,"date":"2025-06-28T03:08:42","date_gmt":"2025-06-28T03:08:42","guid":{"rendered":"https:\/\/www.usborkeychain.com\/?post_type=product&#038;p=3607"},"modified":"2025-07-18T02:31:46","modified_gmt":"2025-07-18T02:31:46","slug":"mini-metal-car-usb-flash-drive","status":"publish","type":"product","link":"https:\/\/www.usborkeychain.com\/fr\/produit\/mini-metal-car-usb-flash-drive\/","title":{"rendered":"Mini cl\u00e9 USB en m\u00e9tal pour voiture"},"content":{"rendered":"<h1 class=\"wp-block-heading\">Mini cl\u00e9 USB en m\u00e9tal pour voiture : Conception Plug-and-Play<\/h1>\n\n\n\n<p>Dans le domaine du stockage \u00e9lectronique embarqu\u00e9, la mini cl\u00e9 USB m\u00e9tallique pour voiture est devenue l'un des accessoires pr\u00e9f\u00e9r\u00e9s des automobilistes gr\u00e2ce \u00e0 sa taille compacte et \u00e0 son design pratique. En tant que mod\u00e8le de conception \"plug-and-play\", elle ne n\u00e9cessite aucune op\u00e9ration compliqu\u00e9e et peut \u00eatre utilis\u00e9e imm\u00e9diatement, s'adaptant parfaitement aux syst\u00e8mes audio, aux syst\u00e8mes de navigation et \u00e0 d'autres appareils embarqu\u00e9s. Le mini mod\u00e8le sp\u00e9cialement con\u00e7u pour les sc\u00e9narios embarqu\u00e9s peut non seulement r\u00e9pondre aux besoins de lecture de donn\u00e9es \u00e0 haute fr\u00e9quence, mais ne prend pas de place dans la voiture, ce qui en fait un produit populaire d\u00e9velopp\u00e9 par les fabricants pour le march\u00e9 de l'embarqu\u00e9.<\/p>\n\n\n\n<div class=\"wp-block-columns is-layout-flex wp-container-core-columns-is-layout-28f84493 wp-block-columns-is-layout-flex\">\n<div class=\"wp-block-column is-layout-flow wp-block-column-is-layout-flow\">\n<figure class=\"wp-block-image size-full\"><img alt=\"\" fetchpriority=\"high\" decoding=\"async\" width=\"800\" height=\"800\" src=\"https:\/\/www.usborkeychain.com\/wp-content\/uploads\/silver-Mini-Metal-Car-USB-Flash-Drive.jpg\" class=\"wp-image-3616\" srcset=\"https:\/\/www.usborkeychain.com\/wp-content\/uploads\/silver-Mini-Metal-Car-USB-Flash-Drive.jpg 800w, https:\/\/www.usborkeychain.com\/wp-content\/uploads\/silver-Mini-Metal-Car-USB-Flash-Drive-300x300.jpg 300w, https:\/\/www.usborkeychain.com\/wp-content\/uploads\/silver-Mini-Metal-Car-USB-Flash-Drive-150x150.jpg 150w, https:\/\/www.usborkeychain.com\/wp-content\/uploads\/silver-Mini-Metal-Car-USB-Flash-Drive-768x768.jpg 768w, https:\/\/www.usborkeychain.com\/wp-content\/uploads\/silver-Mini-Metal-Car-USB-Flash-Drive-12x12.jpg 12w, https:\/\/www.usborkeychain.com\/wp-content\/uploads\/silver-Mini-Metal-Car-USB-Flash-Drive-600x600.jpg 600w, https:\/\/www.usborkeychain.com\/wp-content\/uploads\/silver-Mini-Metal-Car-USB-Flash-Drive-100x100.jpg 100w\" sizes=\"(max-width: 800px) 100vw, 800px\" \/><\/figure>\n<\/div>\n\n\n\n<div class=\"wp-block-column is-layout-flow wp-block-column-is-layout-flow\">\n<figure class=\"wp-block-image size-full\"><img alt=\"\" decoding=\"async\" width=\"800\" height=\"800\" src=\"https:\/\/www.usborkeychain.com\/wp-content\/uploads\/Mini-Metal-Car-USB-Flash-Disk.jpg\" class=\"wp-image-3612\" srcset=\"https:\/\/www.usborkeychain.com\/wp-content\/uploads\/Mini-Metal-Car-USB-Flash-Disk.jpg 800w, https:\/\/www.usborkeychain.com\/wp-content\/uploads\/Mini-Metal-Car-USB-Flash-Disk-300x300.jpg 300w, https:\/\/www.usborkeychain.com\/wp-content\/uploads\/Mini-Metal-Car-USB-Flash-Disk-150x150.jpg 150w, https:\/\/www.usborkeychain.com\/wp-content\/uploads\/Mini-Metal-Car-USB-Flash-Disk-768x768.jpg 768w, https:\/\/www.usborkeychain.com\/wp-content\/uploads\/Mini-Metal-Car-USB-Flash-Disk-12x12.jpg 12w, https:\/\/www.usborkeychain.com\/wp-content\/uploads\/Mini-Metal-Car-USB-Flash-Disk-600x600.jpg 600w, https:\/\/www.usborkeychain.com\/wp-content\/uploads\/Mini-Metal-Car-USB-Flash-Disk-100x100.jpg 100w\" sizes=\"(max-width: 800px) 100vw, 800px\" \/><\/figure>\n<\/div>\n\n\n\n<div class=\"wp-block-column is-layout-flow wp-block-column-is-layout-flow\">\n<figure class=\"wp-block-image size-full\"><img alt=\"\" decoding=\"async\" width=\"800\" height=\"800\" src=\"https:\/\/www.usborkeychain.com\/wp-content\/uploads\/Mini-Metal-Car-USB-Flash-Drive.jpg\" class=\"wp-image-3614\" srcset=\"https:\/\/www.usborkeychain.com\/wp-content\/uploads\/Mini-Metal-Car-USB-Flash-Drive.jpg 800w, https:\/\/www.usborkeychain.com\/wp-content\/uploads\/Mini-Metal-Car-USB-Flash-Drive-300x300.jpg 300w, https:\/\/www.usborkeychain.com\/wp-content\/uploads\/Mini-Metal-Car-USB-Flash-Drive-150x150.jpg 150w, https:\/\/www.usborkeychain.com\/wp-content\/uploads\/Mini-Metal-Car-USB-Flash-Drive-768x768.jpg 768w, https:\/\/www.usborkeychain.com\/wp-content\/uploads\/Mini-Metal-Car-USB-Flash-Drive-12x12.jpg 12w, https:\/\/www.usborkeychain.com\/wp-content\/uploads\/Mini-Metal-Car-USB-Flash-Drive-600x600.jpg 600w, https:\/\/www.usborkeychain.com\/wp-content\/uploads\/Mini-Metal-Car-USB-Flash-Drive-100x100.jpg 100w\" sizes=\"(max-width: 800px) 100vw, 800px\" \/><\/figure>\n<\/div>\n<\/div>\n\n\n\n<h2 class=\"wp-block-heading\">1. Mat\u00e9riau m\u00e9tallique de haute qualit\u00e9 et fabrication artisanale<\/h2>\n\n\n\n<p>La mini cl\u00e9 USB en m\u00e9tal pour voiture est fabriqu\u00e9e en m\u00e9tal de haute qualit\u00e9 avec un processus de pulv\u00e9risation fin, et la surface pr\u00e9sente une texture lisse et d\u00e9licate, montrant une qualit\u00e9 haut de gamme \u00e0 la fois visuelle et tactile. Il existe trois couleurs classiques : or, argent et noir, l'argent \u00e9tant la couleur la plus populaire dans les exportations et les achats en gros en raison de son sens de la mode et de sa r\u00e9sistance \u00e0 la salet\u00e9. De la taille d'un doigt, soit environ 3,5 cm de long et 1,5 cm de large, il correspond vraiment \u00e0 la d\u00e9finition de \"mini\" et est tr\u00e8s pratique, qu'il soit ins\u00e9r\u00e9 dans l'interface USB de la voiture ou transport\u00e9. Les fabricants prennent en charge le processus de pulv\u00e9risation personnalis\u00e9 pour les bo\u00eetiers m\u00e9talliques, ce qui permet de d\u00e9boguer les couleurs en fonction des besoins de l'entreprise et de mettre en valeur la promotion de la marque.<\/p>\n\n\n\n<h2 class=\"wp-block-heading\">2. Param\u00e8tres pour r\u00e9pondre aux divers besoins de stockage dans les v\u00e9hicules<\/h2>\n\n\n\n<div class=\"wp-block-columns is-layout-flex wp-container-core-columns-is-layout-28f84493 wp-block-columns-is-layout-flex\">\n<div class=\"wp-block-column is-layout-flow wp-block-column-is-layout-flow\">\n<figure class=\"wp-block-image size-full\"><img alt=\"\" loading=\"lazy\" decoding=\"async\" width=\"600\" height=\"311\" src=\"https:\/\/www.usborkeychain.com\/wp-content\/uploads\/Mini-Metal-Car-USB-Flash-Drive-custom-logo.jpg\" class=\"wp-image-3613\" srcset=\"https:\/\/www.usborkeychain.com\/wp-content\/uploads\/Mini-Metal-Car-USB-Flash-Drive-custom-logo.jpg 600w, https:\/\/www.usborkeychain.com\/wp-content\/uploads\/Mini-Metal-Car-USB-Flash-Drive-custom-logo-300x156.jpg 300w, https:\/\/www.usborkeychain.com\/wp-content\/uploads\/Mini-Metal-Car-USB-Flash-Drive-custom-logo-18x9.jpg 18w\" sizes=\"(max-width: 600px) 100vw, 600px\" \/><\/figure>\n<\/div>\n\n\n\n<div class=\"wp-block-column is-layout-flow wp-block-column-is-layout-flow\">\n<p>Cette cl\u00e9 USB offre deux options d'interface USB2.0 et USB3.0, s'adaptant aux configurations d'interface des diff\u00e9rents mod\u00e8les d'ann\u00e9e : l'interface USB3.0 prend en charge la transmission \u00e0 grande vitesse des fichiers audio et vid\u00e9o embarqu\u00e9s, avec une vitesse de lecture allant jusqu'\u00e0 100 Mo\/s, ce qui permet de lire instantan\u00e9ment de la musique et des vid\u00e9os haute d\u00e9finition ;<\/p>\n\n\n\n<p> l'interface USB2.0 est compatible avec les anciens mod\u00e8les pour garantir une connexion stable. La capacit\u00e9 va de 1GB \u00e0 1TB, et peut \u00eatre s\u00e9lectionn\u00e9e de mani\u00e8re flexible, du stockage de listes de lecture de musique en voiture \u00e0 la sauvegarde de donn\u00e9es de cartes de navigation. Les param\u00e8tres sp\u00e9cifiques sont les suivants :<\/p>\n<\/div>\n<\/div>\n\n\n\n<p><\/p>\n\n\n\n<figure class=\"wp-block-table\"><table class=\"has-fixed-layout\"><thead><tr><th>Type de param\u00e8tre<\/th><th>Sp\u00e9cifications sp\u00e9cifiques<\/th><\/tr><\/thead><tbody><tr><td>Type d'interface<\/td><td>USB2.0, USB3.0<\/td><\/tr><tr><td>Capacit\u00e9 de stockage<\/td><td>1GB, 2GB, 4GB, 8GB, 16GB, 32GB, 64GB, 128GB, 256GB, 512GB, 1TB<\/td><\/tr><tr><td>Dimensions physiques<\/td><td>3,5 cm (L) \u00d7 1,5 cm (l) \u00d7 0,8 cm (H) (conception mini plug-and-play)<\/td><\/tr><tr><td>Mat\u00e9riaux et proc\u00e9d\u00e9s<\/td><td>Corps en alliage d'aluminium + proc\u00e9d\u00e9 de pulv\u00e9risation, duret\u00e9 de surface \u22653H<\/td><\/tr><tr><td>Options de couleur<\/td><td>Or, argent, noir (compatible avec les couleurs Pantone personnalis\u00e9es)<\/td><\/tr><tr><td>Vitesse de transmission<\/td><td>USB2.0 : Lecture 15 Mo\/s, \u00e9criture 6 Mo\/s ; USB3.0 : Lecture 100 Mo\/s, \u00e9criture 20 Mo\/s<\/td><\/tr><tr><td>Temp\u00e9rature de fonctionnement<\/td><td>-20\u2103~60\u2103 (adaptation aux changements de temp\u00e9rature dans l'environnement de la voiture)<\/td><\/tr><\/tbody><\/table><\/figure>\n\n\n\n<h2 class=\"wp-block-heading\">3. Pourquoi choisir Mini Metal pour cl\u00e9 USB de voiture ?<\/h2>\n\n\n\n<p>Pourquoi la mini cl\u00e9 USB en m\u00e9tal est-elle plus adapt\u00e9e \u00e0 une utilisation en voiture ? Ses principaux avantages r\u00e9sident dans l'optimisation du volume et du design :<\/p>\n\n\n\n<p>- Structure plug-and-play peu encombrante : Apr\u00e8s insertion dans l'interface USB de la voiture, seuls 5 mm du corps sont expos\u00e9s, ce qui permet de s'adapter facilement aux interfaces \u00e9troites de l'accoudoir central ou du tableau de bord, \u00e9vitant ainsi le probl\u00e8me de collision caus\u00e9 par la protub\u00e9rance des cl\u00e9s USB traditionnelles ;<\/p>\n\n\n\n<p>- Conception durable et r\u00e9sistante aux vibrations : La coque m\u00e9tallique peut supporter de l\u00e9g\u00e8res vibrations dans l'environnement de la voiture, et le processus de pulv\u00e9risation am\u00e9liore la r\u00e9sistance \u00e0 l'usure de la surface, ce qui fait qu'elle ne se d\u00e9colore pas facilement apr\u00e8s un branchement et un d\u00e9branchement de longue dur\u00e9e ;<\/p>\n\n\n\n<p>- Le design minimaliste s'adapte \u00e0 l'esth\u00e9tique de l'utilisateur : La forme plug-and-play sans boutons ou d\u00e9corations suppl\u00e9mentaires, combin\u00e9e au style industriel des couleurs primaires m\u00e9talliques, est particuli\u00e8rement appr\u00e9ci\u00e9e par les hommes propri\u00e9taires de voitures, en accord avec l'esth\u00e9tique pratique des sc\u00e9narios en voiture ;<\/p>\n\n\n\n<div class=\"wp-block-columns is-layout-flex wp-container-core-columns-is-layout-28f84493 wp-block-columns-is-layout-flex\">\n<div class=\"wp-block-column is-layout-flow wp-block-column-is-layout-flow\">\n<figure class=\"wp-block-image size-full\"><img alt=\"\" loading=\"lazy\" decoding=\"async\" width=\"800\" height=\"800\" src=\"https:\/\/www.usborkeychain.com\/wp-content\/uploads\/Mini-Metal-Car-USB-Flash-pendrive.jpg\" class=\"wp-image-3615\" srcset=\"https:\/\/www.usborkeychain.com\/wp-content\/uploads\/Mini-Metal-Car-USB-Flash-pendrive.jpg 800w, https:\/\/www.usborkeychain.com\/wp-content\/uploads\/Mini-Metal-Car-USB-Flash-pendrive-300x300.jpg 300w, https:\/\/www.usborkeychain.com\/wp-content\/uploads\/Mini-Metal-Car-USB-Flash-pendrive-150x150.jpg 150w, https:\/\/www.usborkeychain.com\/wp-content\/uploads\/Mini-Metal-Car-USB-Flash-pendrive-768x768.jpg 768w, https:\/\/www.usborkeychain.com\/wp-content\/uploads\/Mini-Metal-Car-USB-Flash-pendrive-12x12.jpg 12w, https:\/\/www.usborkeychain.com\/wp-content\/uploads\/Mini-Metal-Car-USB-Flash-pendrive-600x600.jpg 600w, https:\/\/www.usborkeychain.com\/wp-content\/uploads\/Mini-Metal-Car-USB-Flash-pendrive-100x100.jpg 100w\" sizes=\"(max-width: 800px) 100vw, 800px\" \/><\/figure>\n<\/div>\n\n\n\n<div class=\"wp-block-column is-layout-flow wp-block-column-is-layout-flow\">\n<figure class=\"wp-block-image size-full\"><img alt=\"\" loading=\"lazy\" decoding=\"async\" width=\"800\" height=\"800\" src=\"https:\/\/www.usborkeychain.com\/wp-content\/uploads\/black-Mini-Metal-Car-USB-Flash-Drive.jpg\" class=\"wp-image-3610\" srcset=\"https:\/\/www.usborkeychain.com\/wp-content\/uploads\/black-Mini-Metal-Car-USB-Flash-Drive.jpg 800w, https:\/\/www.usborkeychain.com\/wp-content\/uploads\/black-Mini-Metal-Car-USB-Flash-Drive-300x300.jpg 300w, https:\/\/www.usborkeychain.com\/wp-content\/uploads\/black-Mini-Metal-Car-USB-Flash-Drive-150x150.jpg 150w, https:\/\/www.usborkeychain.com\/wp-content\/uploads\/black-Mini-Metal-Car-USB-Flash-Drive-768x768.jpg 768w, https:\/\/www.usborkeychain.com\/wp-content\/uploads\/black-Mini-Metal-Car-USB-Flash-Drive-12x12.jpg 12w, https:\/\/www.usborkeychain.com\/wp-content\/uploads\/black-Mini-Metal-Car-USB-Flash-Drive-600x600.jpg 600w, https:\/\/www.usborkeychain.com\/wp-content\/uploads\/black-Mini-Metal-Car-USB-Flash-Drive-100x100.jpg 100w\" sizes=\"(max-width: 800px) 100vw, 800px\" \/><\/figure>\n<\/div>\n<\/div>\n\n\n\n<p>\u30fbAvantages de la personnalisation par lots et de la vente en gros : Les fabricants prennent en charge la personnalisation par gravure laser des deux c\u00f4t\u00e9s de la cl\u00e9 USB. Les entreprises peuvent directement proc\u00e9der \u00e0 la gravure au laser<strong> L<\/strong>OGO, des slogans de marque et autres sur la surface m\u00e9tallique. Lorsqu'ils sont achet\u00e9s en gros comme cadeaux embarqu\u00e9s ou cadeaux promotionnels, ils permettent non seulement de r\u00e9duire les co\u00fbts, mais aussi d'am\u00e9liorer la visibilit\u00e9 de la marque.<\/p>\n\n\n\n<p>R\u00e9sum\u00e9 : Cette mini cl\u00e9 USB m\u00e9tallique pour voiture, avec son design mini pr\u00eat \u00e0 l'emploi, sa fabrication en m\u00e9tal de haute qualit\u00e9 et ses param\u00e8tres adaptables \u00e0 l'ensemble de la sc\u00e8ne, est devenue le choix pr\u00e9f\u00e9r\u00e9 des fabricants pour la personnalisation et l'approvisionnement en gros du stockage dans la voiture. Qu'il s'agisse d'une utilisation personnelle dans la voiture ou d'un cadeau d'entreprise, elle permet d'obtenir une grande valeur avec un petit volume.<\/p>","protected":false},"excerpt":{"rendered":"<ul>\n<li>Mini style, petit lecteur usb<\/li>\n<li>Glissi\u00e8re m\u00e9tallique usb<\/li>\n<li>Couleur dor\u00e9e, argent\u00e9e, noire<\/li>\n<li>1GB-256GB au choix<\/li>\n<li>Pour musique de voiture usb<\/li>\n<\/ul>","protected":false},"featured_media":3614,"comment_status":"open","ping_status":"closed","template":"","meta":{"_seopress_robots_primary_cat":"","_seopress_titles_title":"","_seopress_titles_desc":"","_seopress_robots_index":"","site-sidebar-layout":"default","site-content-layout":"","ast-site-content-layout":"","site-content-style":"default","site-sidebar-style":"default","ast-global-header-display":"","ast-banner-title-visibility":"","ast-main-header-display":"","ast-hfb-above-header-display":"","ast-hfb-below-header-display":"","ast-hfb-mobile-header-display":"","site-post-title":"","ast-breadcrumbs-content":"","ast-featured-img":"","footer-sml-layout":"","theme-transparent-header-meta":"","adv-header-id-meta":"","stick-header-meta":"","header-above-stick-meta":"","header-main-stick-meta":"","header-below-stick-meta":"","astra-migrate-meta-layouts":"default","ast-page-background-enabled":"default","ast-page-background-meta":{"desktop":{"background-color":"var(--ast-global-color-5)","background-image":"","background-repeat":"repeat","background-position":"center center","background-size":"auto","background-attachment":"scroll","background-type":"","background-media":"","overlay-type":"","overlay-color":"","overlay-opacity":"","overlay-gradient":""},"tablet":{"background-color":"","background-image":"","background-repeat":"repeat","background-position":"center center","background-size":"auto","background-attachment":"scroll","background-type":"","background-media":"","overlay-type":"","overlay-color":"","overlay-opacity":"","overlay-gradient":""},"mobile":{"background-color":"","background-image":"","background-repeat":"repeat","background-position":"center center","background-size":"auto","background-attachment":"scroll","background-type":"","background-media":"","overlay-type":"","overlay-color":"","overlay-opacity":"","overlay-gradient":""}},"ast-content-background-meta":{"desktop":{"background-color":"var(--ast-global-color-4)","background-image":"","background-repeat":"repeat","background-position":"center center","background-size":"auto","background-attachment":"scroll","background-type":"","background-media":"","overlay-type":"","overlay-color":"","overlay-opacity":"","overlay-gradient":""},"tablet":{"background-color":"var(--ast-global-color-4)","background-image":"","background-repeat":"repeat","background-position":"center center","background-size":"auto","background-attachment":"scroll","background-type":"","background-media":"","overlay-type":"","overlay-color":"","overlay-opacity":"","overlay-gradient":""},"mobile":{"background-color":"var(--ast-global-color-4)","background-image":"","background-repeat":"repeat","background-position":"center center","background-size":"auto","background-attachment":"scroll","background-type":"","background-media":"","overlay-type":"","overlay-color":"","overlay-opacity":"","overlay-gradient":""}}},"product_brand":[],"product_cat":[102,113,110],"product_tag":[201,200,199],"class_list":{"0":"post-3607","1":"product","2":"type-product","3":"status-publish","4":"has-post-thumbnail","6":"product_cat-car-music-usb-pendrive","7":"product_cat-mini-usb-pendrive","8":"product_cat-sliding-usb-pendrive","9":"product_tag-golden-usb-drive","10":"product_tag-silver-usb-drive","11":"product_tag-simple-usb-flash-drive","12":"desktop-align-left","13":"tablet-align-left","14":"mobile-align-left","16":"first","17":"instock","18":"shipping-taxable","19":"product-type-simple"},"_links":{"self":[{"href":"https:\/\/www.usborkeychain.com\/fr\/wp-json\/wp\/v2\/product\/3607","targetHints":{"allow":["GET"]}}],"collection":[{"href":"https:\/\/www.usborkeychain.com\/fr\/wp-json\/wp\/v2\/product"}],"about":[{"href":"https:\/\/www.usborkeychain.com\/fr\/wp-json\/wp\/v2\/types\/product"}],"replies":[{"embeddable":true,"href":"https:\/\/www.usborkeychain.com\/fr\/wp-json\/wp\/v2\/comments?post=3607"}],"wp:featuredmedia":[{"embeddable":true,"href":"https:\/\/www.usborkeychain.com\/fr\/wp-json\/wp\/v2\/media\/3614"}],"wp:attachment":[{"href":"https:\/\/www.usborkeychain.com\/fr\/wp-json\/wp\/v2\/media?parent=3607"}],"wp:term":[{"taxonomy":"product_brand","embeddable":true,"href":"https:\/\/www.usborkeychain.com\/fr\/wp-json\/wp\/v2\/product_brand?post=3607"},{"taxonomy":"product_cat","embeddable":true,"href":"https:\/\/www.usborkeychain.com\/fr\/wp-json\/wp\/v2\/product_cat?post=3607"},{"taxonomy":"product_tag","embeddable":true,"href":"https:\/\/www.usborkeychain.com\/fr\/wp-json\/wp\/v2\/product_tag?post=3607"}],"curies":[{"name":"wp","href":"https:\/\/api.w.org\/{rel}","templated":true}]}}