{"id":3617,"date":"2025-06-29T08:37:41","date_gmt":"2025-06-29T08:37:41","guid":{"rendered":"https:\/\/www.usborkeychain.com\/?post_type=product&#038;p=3617"},"modified":"2025-08-17T13:17:28","modified_gmt":"2025-08-17T13:17:28","slug":"2025-hot-selling-metal-twist-usb-type-c-flash-memory","status":"publish","type":"product","link":"https:\/\/www.usborkeychain.com\/fr\/produit\/2025-hot-selling-metal-twist-usb-type-c-flash-memory\/","title":{"rendered":"2025 M\u00e9moire flash USB de type c \u00e0 torsion en m\u00e9tal tr\u00e8s vendue"},"content":{"rendered":"<p><\/p>\n\n\n\n<div class=\"wp-block-columns is-layout-flex wp-container-core-columns-is-layout-28f84493 wp-block-columns-is-layout-flex\">\n<div class=\"wp-block-column is-layout-flow wp-block-column-is-layout-flow\">\n<figure class=\"wp-block-image size-full\"><img alt=\"\" fetchpriority=\"high\" decoding=\"async\" width=\"800\" height=\"800\" src=\"https:\/\/www.usborkeychain.com\/wp-content\/uploads\/flash-memory-type-c.jpg\" class=\"wp-image-3622\" srcset=\"https:\/\/www.usborkeychain.com\/wp-content\/uploads\/flash-memory-type-c.jpg 800w, https:\/\/www.usborkeychain.com\/wp-content\/uploads\/flash-memory-type-c-300x300.jpg 300w, https:\/\/www.usborkeychain.com\/wp-content\/uploads\/flash-memory-type-c-150x150.jpg 150w, https:\/\/www.usborkeychain.com\/wp-content\/uploads\/flash-memory-type-c-768x768.jpg 768w, https:\/\/www.usborkeychain.com\/wp-content\/uploads\/flash-memory-type-c-12x12.jpg 12w, https:\/\/www.usborkeychain.com\/wp-content\/uploads\/flash-memory-type-c-600x600.jpg 600w, https:\/\/www.usborkeychain.com\/wp-content\/uploads\/flash-memory-type-c-100x100.jpg 100w\" sizes=\"(max-width: 800px) 100vw, 800px\" \/><\/figure>\n<\/div>\n\n\n\n<div class=\"wp-block-column is-vertically-aligned-center is-layout-flow wp-block-column-is-layout-flow\">\n<p>En 2025, cette cl\u00e9 USB mobile rotative en m\u00e9tal est devenue un mod\u00e8le tr\u00e8s populaire sur le march\u00e9. Produit phare m\u00e9ticuleusement con\u00e7u par des fabricants professionnels, elle est \u00e9quip\u00e9e d'une interface Type-C, fabriqu\u00e9e dans un mat\u00e9riau enti\u00e8rement m\u00e9tallique et prend en charge la rotation \u00e0 360 degr\u00e9s. <\/p>\n\n\n\n<p>Qu'il s'agisse de la transmission quotidienne de donn\u00e9es ou du stockage de fichiers professionnels, il offre aux utilisateurs une exp\u00e9rience d'utilisation efficace et pratique, ce qui en fait un choix id\u00e9al pour les utilisateurs individuels et la personnalisation en gros des entreprises.<\/p>\n<\/div>\n<\/div>\n\n\n\n<h2 class=\"wp-block-heading\">Pourquoi la cl\u00e9 USB rotative en m\u00e9tal est-elle populaire ?<\/h2>\n\n\n\n<p>La cl\u00e9 USB mobile rotative en m\u00e9tal est soigneusement fabriqu\u00e9e par de puissants fabricants, qui utilisent des mat\u00e9riaux m\u00e9talliques de haute qualit\u00e9. La surface ext\u00e9rieure est trait\u00e9e avec une technologie de pulv\u00e9risation d'huile fine, offrant un toucher lisse et d\u00e9licat qui illustre parfaitement la texture haut de gamme. Le produit est disponible en trois couleurs classiques : or, argent et gunmetal. L'argent est devenu le choix populaire pour le march\u00e9 de gros et la personnalisation en raison de son style simple et \u00e9l\u00e9gant. <\/p>\n\n\n\n<p>La cl\u00e9 USB adopte un design innovant sans couvercle, combin\u00e9 \u00e0 une structure rotative \u00e0 360 degr\u00e9s, qui non seulement r\u00e9sout le probl\u00e8me de la perte facile des couvercles traditionnels des cl\u00e9s USB, mais am\u00e9liore \u00e9galement l'esth\u00e9tique et la praticit\u00e9 du produit. Qu'il s'agisse d'un usage personnel ou de la personnalisation d'un cadeau d'entreprise, elle est tr\u00e8s attrayante.<\/p>\n\n\n\n<div class=\"wp-block-columns is-layout-flex wp-container-core-columns-is-layout-28f84493 wp-block-columns-is-layout-flex\">\n<div class=\"wp-block-column is-layout-flow wp-block-column-is-layout-flow\">\n<figure class=\"wp-block-image size-full\"><img alt=\"\" decoding=\"async\" width=\"800\" height=\"800\" src=\"https:\/\/www.usborkeychain.com\/wp-content\/uploads\/usb-c-flash-storage.jpg\" class=\"wp-image-3632\" srcset=\"https:\/\/www.usborkeychain.com\/wp-content\/uploads\/usb-c-flash-storage.jpg 800w, https:\/\/www.usborkeychain.com\/wp-content\/uploads\/usb-c-flash-storage-300x300.jpg 300w, https:\/\/www.usborkeychain.com\/wp-content\/uploads\/usb-c-flash-storage-150x150.jpg 150w, https:\/\/www.usborkeychain.com\/wp-content\/uploads\/usb-c-flash-storage-768x768.jpg 768w, https:\/\/www.usborkeychain.com\/wp-content\/uploads\/usb-c-flash-storage-12x12.jpg 12w, https:\/\/www.usborkeychain.com\/wp-content\/uploads\/usb-c-flash-storage-600x600.jpg 600w, https:\/\/www.usborkeychain.com\/wp-content\/uploads\/usb-c-flash-storage-100x100.jpg 100w\" sizes=\"(max-width: 800px) 100vw, 800px\" \/><\/figure>\n<\/div>\n\n\n\n<div class=\"wp-block-column is-layout-flow wp-block-column-is-layout-flow\">\n<figure class=\"wp-block-image size-full\"><img alt=\"\" decoding=\"async\" width=\"800\" height=\"800\" src=\"https:\/\/www.usborkeychain.com\/wp-content\/uploads\/usb-c-flash-drive-for-phone.jpg\" class=\"wp-image-3631\" srcset=\"https:\/\/www.usborkeychain.com\/wp-content\/uploads\/usb-c-flash-drive-for-phone.jpg 800w, https:\/\/www.usborkeychain.com\/wp-content\/uploads\/usb-c-flash-drive-for-phone-300x300.jpg 300w, https:\/\/www.usborkeychain.com\/wp-content\/uploads\/usb-c-flash-drive-for-phone-150x150.jpg 150w, https:\/\/www.usborkeychain.com\/wp-content\/uploads\/usb-c-flash-drive-for-phone-768x768.jpg 768w, https:\/\/www.usborkeychain.com\/wp-content\/uploads\/usb-c-flash-drive-for-phone-12x12.jpg 12w, https:\/\/www.usborkeychain.com\/wp-content\/uploads\/usb-c-flash-drive-for-phone-600x600.jpg 600w, https:\/\/www.usborkeychain.com\/wp-content\/uploads\/usb-c-flash-drive-for-phone-100x100.jpg 100w\" sizes=\"(max-width: 800px) 100vw, 800px\" \/><\/figure>\n<\/div>\n\n\n\n<div class=\"wp-block-column is-layout-flow wp-block-column-is-layout-flow\">\n<figure class=\"wp-block-image size-full\"><img alt=\"\" loading=\"lazy\" decoding=\"async\" width=\"800\" height=\"800\" src=\"https:\/\/www.usborkeychain.com\/wp-content\/uploads\/Rose-Gold-Type-C-Cell-Phone-USB-Flash-Drive-Luxury-Meets-Versatility.jpg\" class=\"wp-image-3627\" srcset=\"https:\/\/www.usborkeychain.com\/wp-content\/uploads\/Rose-Gold-Type-C-Cell-Phone-USB-Flash-Drive-Luxury-Meets-Versatility.jpg 800w, https:\/\/www.usborkeychain.com\/wp-content\/uploads\/Rose-Gold-Type-C-Cell-Phone-USB-Flash-Drive-Luxury-Meets-Versatility-300x300.jpg 300w, https:\/\/www.usborkeychain.com\/wp-content\/uploads\/Rose-Gold-Type-C-Cell-Phone-USB-Flash-Drive-Luxury-Meets-Versatility-150x150.jpg 150w, https:\/\/www.usborkeychain.com\/wp-content\/uploads\/Rose-Gold-Type-C-Cell-Phone-USB-Flash-Drive-Luxury-Meets-Versatility-768x768.jpg 768w, https:\/\/www.usborkeychain.com\/wp-content\/uploads\/Rose-Gold-Type-C-Cell-Phone-USB-Flash-Drive-Luxury-Meets-Versatility-12x12.jpg 12w, https:\/\/www.usborkeychain.com\/wp-content\/uploads\/Rose-Gold-Type-C-Cell-Phone-USB-Flash-Drive-Luxury-Meets-Versatility-600x600.jpg 600w, https:\/\/www.usborkeychain.com\/wp-content\/uploads\/Rose-Gold-Type-C-Cell-Phone-USB-Flash-Drive-Luxury-Meets-Versatility-100x100.jpg 100w\" sizes=\"(max-width: 800px) 100vw, 800px\" \/><\/figure>\n<\/div>\n<\/div>\n\n\n\n<h2 class=\"wp-block-heading\">Informations sur le produit<\/h2>\n\n\n\n<figure class=\"wp-block-table\"><table class=\"has-fixed-layout\"><thead><tr><th>Type de param\u00e8tre<\/th><th>Param\u00e8tres sp\u00e9cifiques<\/th><\/tr><\/thead><tbody><tr><td>Type d'interface<\/td><td>USB2.0, USB3.0 (interface Type-C)<\/td><\/tr><tr><td>Capacit\u00e9 de stockage<\/td><td>1GB, 2GB, 4GB, 8GB, 16GB, 32GB, 64GB, 128GB, 256GB, 512GB, 1TB<\/td><\/tr><tr><td>Options de couleur<\/td><td>Or, argent, bronze<\/td><\/tr><tr><td>Mat\u00e9riau<\/td><td>Plein M\u00e9tal<\/td><\/tr><tr><td>Conception de la rotation<\/td><td>Rotation \u00e0 360 degr\u00e9s<\/td><\/tr><tr><td>Caract\u00e9ristiques sp\u00e9ciales<\/td><td>Conception sans couvercle, porte-cl\u00e9s plat sup\u00e9rieur<\/td><\/tr><tr><td>Services de personnalisation<\/td><td>Permet la personnalisation du LOGO et de l'emballage pour r\u00e9pondre aux besoins des entreprises en mati\u00e8re de vente en gros.<\/td><\/tr><\/tbody><\/table><\/figure>\n\n\n\n<h2 class=\"wp-block-heading\">Comment fonctionne le portage de la cl\u00e9 USB rotative en m\u00e9tal ?<\/h2>\n\n\n\n<p>Mod\u00e8le de cl\u00e9 USB mobile le plus populaire en 2025, la cl\u00e9 USB mobile rotative en m\u00e9tal pr\u00e9sente une ing\u00e9niosit\u00e9 unique dans sa conception d\u00e9taill\u00e9e. La partie sup\u00e9rieure de la cl\u00e9 USB est \u00e9quip\u00e9e d'un porte-cl\u00e9s plat, ce qui permet aux utilisateurs de l'attacher facilement \u00e0 leurs cl\u00e9s, \u00e0 leur sac \u00e0 dos et \u00e0 d'autres objets personnels, r\u00e9duisant ainsi consid\u00e9rablement le risque de perte. Qu'il s'agisse d'un usage personnel quotidien ou d'une vente en gros \u00e0 grande \u00e9chelle par les entreprises en tant qu'avantages pour les employ\u00e9s ou cadeaux pour des \u00e9v\u00e9nements, cette conception portable apporte une grande commodit\u00e9 aux utilisateurs, ce qui explique sa grande popularit\u00e9 sur le march\u00e9 de la personnalisation.<\/p>\n\n\n\n<div class=\"wp-block-columns is-layout-flex wp-container-core-columns-is-layout-28f84493 wp-block-columns-is-layout-flex\">\n<div class=\"wp-block-column is-layout-flow wp-block-column-is-layout-flow\">\n<figure class=\"wp-block-image size-full\"><img alt=\"\" loading=\"lazy\" decoding=\"async\" width=\"1000\" height=\"1000\" src=\"https:\/\/www.usborkeychain.com\/wp-content\/uploads\/usb-type-c-flash-memory.jpg\" class=\"wp-image-3633\" srcset=\"https:\/\/www.usborkeychain.com\/wp-content\/uploads\/usb-type-c-flash-memory.jpg 1000w, https:\/\/www.usborkeychain.com\/wp-content\/uploads\/usb-type-c-flash-memory-300x300.jpg 300w, https:\/\/www.usborkeychain.com\/wp-content\/uploads\/usb-type-c-flash-memory-150x150.jpg 150w, https:\/\/www.usborkeychain.com\/wp-content\/uploads\/usb-type-c-flash-memory-768x768.jpg 768w, https:\/\/www.usborkeychain.com\/wp-content\/uploads\/usb-type-c-flash-memory-12x12.jpg 12w, https:\/\/www.usborkeychain.com\/wp-content\/uploads\/usb-type-c-flash-memory-600x600.jpg 600w, https:\/\/www.usborkeychain.com\/wp-content\/uploads\/usb-type-c-flash-memory-100x100.jpg 100w\" sizes=\"(max-width: 1000px) 100vw, 1000px\" \/><\/figure>\n<\/div>\n\n\n\n<div class=\"wp-block-column is-layout-flow wp-block-column-is-layout-flow\">\n<figure class=\"wp-block-image size-full\"><img alt=\"\" loading=\"lazy\" decoding=\"async\" width=\"1000\" height=\"1000\" src=\"https:\/\/www.usborkeychain.com\/wp-content\/uploads\/type-c-and-usb-pen-drive.jpg\" class=\"wp-image-3629\" srcset=\"https:\/\/www.usborkeychain.com\/wp-content\/uploads\/type-c-and-usb-pen-drive.jpg 1000w, https:\/\/www.usborkeychain.com\/wp-content\/uploads\/type-c-and-usb-pen-drive-300x300.jpg 300w, https:\/\/www.usborkeychain.com\/wp-content\/uploads\/type-c-and-usb-pen-drive-150x150.jpg 150w, https:\/\/www.usborkeychain.com\/wp-content\/uploads\/type-c-and-usb-pen-drive-768x768.jpg 768w, https:\/\/www.usborkeychain.com\/wp-content\/uploads\/type-c-and-usb-pen-drive-12x12.jpg 12w, https:\/\/www.usborkeychain.com\/wp-content\/uploads\/type-c-and-usb-pen-drive-600x600.jpg 600w, https:\/\/www.usborkeychain.com\/wp-content\/uploads\/type-c-and-usb-pen-drive-100x100.jpg 100w\" sizes=\"(max-width: 1000px) 100vw, 1000px\" \/><\/figure>\n<\/div>\n<\/div>\n\n\n\n<h2 class=\"wp-block-heading\">Combien d'interfaces la cl\u00e9 USB de type c en m\u00e9tal poss\u00e8de-t-elle ?<\/h2>\n\n\n\n<p>La cl\u00e9 USB mobile rotative en m\u00e9tal utilise actuellement une interface TYPE-C unifi\u00e9e, prenant en charge deux protocoles de transmission : USB2.0 et USB3.0. Si la vitesse de transmission des donn\u00e9es est recherch\u00e9e, le protocole USB3.0 est sans aucun doute le meilleur choix, avec un taux de transmission maximal allant jusqu'\u00e0 5Gbps, ce qui peut am\u00e9liorer de mani\u00e8re significative l'efficacit\u00e9 du transfert de fichiers. D'apr\u00e8s les r\u00e9actions du march\u00e9, la version USB3.0 est actuellement la sp\u00e9cification la plus personnalis\u00e9e. Les clients individuels et les entreprises qui passent des commandes en gros ont tendance \u00e0 choisir cette configuration \u00e0 haute efficacit\u00e9, ce qui d\u00e9montre pleinement sa forte comp\u00e9titivit\u00e9 sur le march\u00e9.<\/p>\n\n\n\n<div class=\"wp-block-columns is-layout-flex wp-container-core-columns-is-layout-28f84493 wp-block-columns-is-layout-flex\">\n<div class=\"wp-block-column is-layout-flow wp-block-column-is-layout-flow\">\n<figure class=\"wp-block-image size-full\"><img alt=\"\" loading=\"lazy\" decoding=\"async\" width=\"1000\" height=\"1000\" src=\"https:\/\/www.usborkeychain.com\/wp-content\/uploads\/thumb-drive-usb-c.jpg\" class=\"wp-image-3628\" srcset=\"https:\/\/www.usborkeychain.com\/wp-content\/uploads\/thumb-drive-usb-c.jpg 1000w, https:\/\/www.usborkeychain.com\/wp-content\/uploads\/thumb-drive-usb-c-300x300.jpg 300w, https:\/\/www.usborkeychain.com\/wp-content\/uploads\/thumb-drive-usb-c-150x150.jpg 150w, https:\/\/www.usborkeychain.com\/wp-content\/uploads\/thumb-drive-usb-c-768x768.jpg 768w, https:\/\/www.usborkeychain.com\/wp-content\/uploads\/thumb-drive-usb-c-12x12.jpg 12w, https:\/\/www.usborkeychain.com\/wp-content\/uploads\/thumb-drive-usb-c-600x600.jpg 600w, https:\/\/www.usborkeychain.com\/wp-content\/uploads\/thumb-drive-usb-c-100x100.jpg 100w\" sizes=\"(max-width: 1000px) 100vw, 1000px\" \/><\/figure>\n<\/div>\n\n\n\n<div class=\"wp-block-column is-layout-flow wp-block-column-is-layout-flow\">\n<figure class=\"wp-block-image size-full\"><img alt=\"\" loading=\"lazy\" decoding=\"async\" width=\"1000\" height=\"1000\" src=\"https:\/\/www.usborkeychain.com\/wp-content\/uploads\/pendrive-type-c-and-usb.jpg\" class=\"wp-image-3625\" srcset=\"https:\/\/www.usborkeychain.com\/wp-content\/uploads\/pendrive-type-c-and-usb.jpg 1000w, https:\/\/www.usborkeychain.com\/wp-content\/uploads\/pendrive-type-c-and-usb-300x300.jpg 300w, https:\/\/www.usborkeychain.com\/wp-content\/uploads\/pendrive-type-c-and-usb-150x150.jpg 150w, https:\/\/www.usborkeychain.com\/wp-content\/uploads\/pendrive-type-c-and-usb-768x768.jpg 768w, https:\/\/www.usborkeychain.com\/wp-content\/uploads\/pendrive-type-c-and-usb-12x12.jpg 12w, https:\/\/www.usborkeychain.com\/wp-content\/uploads\/pendrive-type-c-and-usb-600x600.jpg 600w, https:\/\/www.usborkeychain.com\/wp-content\/uploads\/pendrive-type-c-and-usb-100x100.jpg 100w\" sizes=\"(max-width: 1000px) 100vw, 1000px\" \/><\/figure>\n<\/div>\n<\/div>\n\n\n\n<p>La cl\u00e9 USB mobile rotative en m\u00e9tal, m\u00e9ticuleusement con\u00e7ue par des fabricants professionnels, utilise des mat\u00e9riaux de haute qualit\u00e9, des param\u00e8tres riches, une conception r\u00e9fl\u00e9chie et diverses interfaces comme avantages principaux, prend en charge la personnalisation et la vente en gros \u00e0 grande \u00e9chelle, et constitue un choix de haute qualit\u00e9 pour r\u00e9pondre aux besoins de stockage mobile des particuliers et des entreprises.<\/p>","protected":false},"excerpt":{"rendered":"<ul>\n<li>Mat\u00e9riau m\u00e9tallique<\/li>\n<li>Conception de style torsad\u00e9<\/li>\n<li>Choix entre USB2.0 et USB3.0<\/li>\n<li>LOGO personnalis\u00e9<\/li>\n<li>MOQ:50pcs<\/li>\n<\/ul>","protected":false},"featured_media":3620,"comment_status":"open","ping_status":"closed","template":"","meta":{"_seopress_robots_primary_cat":"","_seopress_titles_title":"","_seopress_titles_desc":"","_seopress_robots_index":"","site-sidebar-layout":"default","site-content-layout":"","ast-site-content-layout":"","site-content-style":"default","site-sidebar-style":"default","ast-global-header-display":"","ast-banner-title-visibility":"","ast-main-header-display":"","ast-hfb-above-header-display":"","ast-hfb-below-header-display":"","ast-hfb-mobile-header-display":"","site-post-title":"","ast-breadcrumbs-content":"","ast-featured-img":"","footer-sml-layout":"","theme-transparent-header-meta":"","adv-header-id-meta":"","stick-header-meta":"","header-above-stick-meta":"","header-main-stick-meta":"","header-below-stick-meta":"","astra-migrate-meta-layouts":"default","ast-page-background-enabled":"default","ast-page-background-meta":{"desktop":{"background-color":"var(--ast-global-color-5)","background-image":"","background-repeat":"repeat","background-position":"center center","background-size":"auto","background-attachment":"scroll","background-type":"","background-media":"","overlay-type":"","overlay-color":"","overlay-opacity":"","overlay-gradient":""},"tablet":{"background-color":"","background-image":"","background-repeat":"repeat","background-position":"center center","background-size":"auto","background-attachment":"scroll","background-type":"","background-media":"","overlay-type":"","overlay-color":"","overlay-opacity":"","overlay-gradient":""},"mobile":{"background-color":"","background-image":"","background-repeat":"repeat","background-position":"center center","background-size":"auto","background-attachment":"scroll","background-type":"","background-media":"","overlay-type":"","overlay-color":"","overlay-opacity":"","overlay-gradient":""}},"ast-content-background-meta":{"desktop":{"background-color":"var(--ast-global-color-4)","background-image":"","background-repeat":"repeat","background-position":"center center","background-size":"auto","background-attachment":"scroll","background-type":"","background-media":"","overlay-type":"","overlay-color":"","overlay-opacity":"","overlay-gradient":""},"tablet":{"background-color":"var(--ast-global-color-4)","background-image":"","background-repeat":"repeat","background-position":"center center","background-size":"auto","background-attachment":"scroll","background-type":"","background-media":"","overlay-type":"","overlay-color":"","overlay-opacity":"","overlay-gradient":""},"mobile":{"background-color":"var(--ast-global-color-4)","background-image":"","background-repeat":"repeat","background-position":"center center","background-size":"auto","background-attachment":"scroll","background-type":"","background-media":"","overlay-type":"","overlay-color":"","overlay-opacity":"","overlay-gradient":""}}},"product_brand":[],"product_cat":[89,106,105],"product_tag":[406,396],"class_list":{"0":"post-3617","1":"product","2":"type-product","3":"status-publish","4":"has-post-thumbnail","6":"product_cat-metal-usb-pendrive","7":"product_cat-rotating-usb-pendrive","8":"product_cat-usb-c-pendrive","9":"product_tag-metal-swivel-usb-drive","10":"product_tag-stainless-steel-usb-flash-drive","11":"desktop-align-left","12":"tablet-align-left","13":"mobile-align-left","15":"first","16":"instock","17":"shipping-taxable","18":"product-type-simple"},"_links":{"self":[{"href":"https:\/\/www.usborkeychain.com\/fr\/wp-json\/wp\/v2\/product\/3617","targetHints":{"allow":["GET"]}}],"collection":[{"href":"https:\/\/www.usborkeychain.com\/fr\/wp-json\/wp\/v2\/product"}],"about":[{"href":"https:\/\/www.usborkeychain.com\/fr\/wp-json\/wp\/v2\/types\/product"}],"replies":[{"embeddable":true,"href":"https:\/\/www.usborkeychain.com\/fr\/wp-json\/wp\/v2\/comments?post=3617"}],"wp:featuredmedia":[{"embeddable":true,"href":"https:\/\/www.usborkeychain.com\/fr\/wp-json\/wp\/v2\/media\/3620"}],"wp:attachment":[{"href":"https:\/\/www.usborkeychain.com\/fr\/wp-json\/wp\/v2\/media?parent=3617"}],"wp:term":[{"taxonomy":"product_brand","embeddable":true,"href":"https:\/\/www.usborkeychain.com\/fr\/wp-json\/wp\/v2\/product_brand?post=3617"},{"taxonomy":"product_cat","embeddable":true,"href":"https:\/\/www.usborkeychain.com\/fr\/wp-json\/wp\/v2\/product_cat?post=3617"},{"taxonomy":"product_tag","embeddable":true,"href":"https:\/\/www.usborkeychain.com\/fr\/wp-json\/wp\/v2\/product_tag?post=3617"}],"curies":[{"name":"wp","href":"https:\/\/api.w.org\/{rel}","templated":true}]}}