{"id":3634,"date":"2025-06-29T09:09:04","date_gmt":"2025-06-29T09:09:04","guid":{"rendered":"https:\/\/www.usborkeychain.com\/?post_type=product&#038;p=3634"},"modified":"2025-06-29T09:10:36","modified_gmt":"2025-06-29T09:10:36","slug":"double-sided-resin-push-pull-usb-flash-drive","status":"publish","type":"product","link":"https:\/\/www.usborkeychain.com\/fr\/produit\/double-sided-resin-push-pull-usb-flash-drive\/","title":{"rendered":"Cl\u00e9 USB Push-Pull en r\u00e9sine double face"},"content":{"rendered":"<h3 class=\"wp-block-heading\"><\/h3>\n\n\n\n<div class=\"wp-block-columns is-layout-flex wp-container-core-columns-is-layout-28f84493 wp-block-columns-is-layout-flex\">\n<div class=\"wp-block-column is-layout-flow wp-block-column-is-layout-flow\">\n<figure class=\"wp-block-image size-full\"><img fetchpriority=\"high\" decoding=\"async\" width=\"750\" height=\"750\" src=\"https:\/\/www.usborkeychain.com\/wp-content\/uploads\/Double-Sided-Resin-Push-Pull-USB-Flash-Drive.jpg\" alt=\"Double-Sided Resin Push-Pull USB Flash Drive\" class=\"wp-image-3637\" srcset=\"https:\/\/www.usborkeychain.com\/wp-content\/uploads\/Double-Sided-Resin-Push-Pull-USB-Flash-Drive.jpg 750w, https:\/\/www.usborkeychain.com\/wp-content\/uploads\/Double-Sided-Resin-Push-Pull-USB-Flash-Drive-300x300.jpg 300w, https:\/\/www.usborkeychain.com\/wp-content\/uploads\/Double-Sided-Resin-Push-Pull-USB-Flash-Drive-150x150.jpg 150w, https:\/\/www.usborkeychain.com\/wp-content\/uploads\/Double-Sided-Resin-Push-Pull-USB-Flash-Drive-12x12.jpg 12w, https:\/\/www.usborkeychain.com\/wp-content\/uploads\/Double-Sided-Resin-Push-Pull-USB-Flash-Drive-600x600.jpg 600w, https:\/\/www.usborkeychain.com\/wp-content\/uploads\/Double-Sided-Resin-Push-Pull-USB-Flash-Drive-100x100.jpg 100w\" sizes=\"(max-width: 750px) 100vw, 750px\" \/><\/figure>\n<\/div>\n\n\n\n<div class=\"wp-block-column is-vertically-aligned-center is-layout-flow wp-block-column-is-layout-flow\">\n<h3 class=\"wp-block-heading\">Cl\u00e9 USB Push-Pull en r\u00e9sine double face<\/h3>\n\n\n\n<p>La cl\u00e9 USB push-pull en r\u00e9sine double face adopte un design push-pull classique, avec des motifs publicitaires en r\u00e9sine personnalisables sur les deux faces, convenant aux sc\u00e9narios de cadeaux d'entreprise. <\/p>\n\n\n\n<p>L'approvisionnement direct du fabricant permet une personnalisation en vrac, ce qui en fait un choix pratique pour les cadeaux de conf\u00e9rence et la promotion de la marque.<\/p>\n<\/div>\n<\/div>\n\n\n\n<h3 class=\"wp-block-heading\">Comment la conception Push-Pull permet-elle une utilisation pratique ?<\/h3>\n\n\n\n<p>La cl\u00e9 USB est dot\u00e9e d'une structure \u00e0 bouton poussoir : une pression vers l'avant \u00e9jecte l'interface USB, et une pression vers l'arri\u00e8re la cache pour la ranger, ce qui r\u00e9sout compl\u00e8tement le probl\u00e8me de la perte du capuchon traditionnel. Le corps en plastique est l\u00e9ger et durable, avec un amortissement doux de la pression pour une utilisation facile d'une seule main, convenant aux sc\u00e9narios de bureau \u00e0 haute fr\u00e9quence.<\/p>\n\n\n\n<div class=\"wp-block-columns is-layout-flex wp-container-core-columns-is-layout-28f84493 wp-block-columns-is-layout-flex\">\n<div class=\"wp-block-column is-layout-flow wp-block-column-is-layout-flow\">\n<figure class=\"wp-block-image size-full\"><img decoding=\"async\" width=\"750\" height=\"750\" src=\"https:\/\/www.usborkeychain.com\/wp-content\/uploads\/Plastic-Push-Pull-USB-Flash-Drive.jpg\" alt=\"Plastic Push-Pull USB Flash Drive\" class=\"wp-image-3638\" srcset=\"https:\/\/www.usborkeychain.com\/wp-content\/uploads\/Plastic-Push-Pull-USB-Flash-Drive.jpg 750w, https:\/\/www.usborkeychain.com\/wp-content\/uploads\/Plastic-Push-Pull-USB-Flash-Drive-300x300.jpg 300w, https:\/\/www.usborkeychain.com\/wp-content\/uploads\/Plastic-Push-Pull-USB-Flash-Drive-150x150.jpg 150w, https:\/\/www.usborkeychain.com\/wp-content\/uploads\/Plastic-Push-Pull-USB-Flash-Drive-12x12.jpg 12w, https:\/\/www.usborkeychain.com\/wp-content\/uploads\/Plastic-Push-Pull-USB-Flash-Drive-600x600.jpg 600w, https:\/\/www.usborkeychain.com\/wp-content\/uploads\/Plastic-Push-Pull-USB-Flash-Drive-100x100.jpg 100w\" sizes=\"(max-width: 750px) 100vw, 750px\" \/><\/figure>\n<\/div>\n\n\n\n<div class=\"wp-block-column is-layout-flow wp-block-column-is-layout-flow\">\n<figure class=\"wp-block-image size-full\"><img decoding=\"async\" width=\"750\" height=\"750\" src=\"https:\/\/www.usborkeychain.com\/wp-content\/uploads\/Push-Pull-USB-Flash-Drive-with-Epoxy-Resin-Logo.jpg\" alt=\"Push-Pull USB Flash Drive with Epoxy Resin Logo\" class=\"wp-image-3639\" srcset=\"https:\/\/www.usborkeychain.com\/wp-content\/uploads\/Push-Pull-USB-Flash-Drive-with-Epoxy-Resin-Logo.jpg 750w, https:\/\/www.usborkeychain.com\/wp-content\/uploads\/Push-Pull-USB-Flash-Drive-with-Epoxy-Resin-Logo-300x300.jpg 300w, https:\/\/www.usborkeychain.com\/wp-content\/uploads\/Push-Pull-USB-Flash-Drive-with-Epoxy-Resin-Logo-150x150.jpg 150w, https:\/\/www.usborkeychain.com\/wp-content\/uploads\/Push-Pull-USB-Flash-Drive-with-Epoxy-Resin-Logo-12x12.jpg 12w, https:\/\/www.usborkeychain.com\/wp-content\/uploads\/Push-Pull-USB-Flash-Drive-with-Epoxy-Resin-Logo-600x600.jpg 600w, https:\/\/www.usborkeychain.com\/wp-content\/uploads\/Push-Pull-USB-Flash-Drive-with-Epoxy-Resin-Logo-100x100.jpg 100w\" sizes=\"(max-width: 750px) 100vw, 750px\" \/><\/figure>\n<\/div>\n<\/div>\n\n\n\n<h3 class=\"wp-block-heading\">Param\u00e8tres<\/h3>\n\n\n\n<figure class=\"wp-block-table\"><table class=\"has-fixed-layout\"><thead><tr><th>Type de param\u00e8tre<\/th><th>Param\u00e8tres sp\u00e9cifiques<\/th><\/tr><\/thead><tbody><tr><td>Capacit\u00e9 de stockage<\/td><td>1GB\/2GB\/4GB\/8GB\/16GB\/32GB\/64GB\/128GB\/256GB\/512GB\/1TB (toutes les capacit\u00e9s disponibles)<\/td><\/tr><tr><td>Mat\u00e9riau de la coque<\/td><td>Plastique ABS respectueux de l'environnement (surface recouverte de r\u00e9sine)<\/td><\/tr><tr><td>Proc\u00e9d\u00e9 de fabrication de la r\u00e9sine<\/td><td>Proc\u00e9d\u00e9 de r\u00e9sine transparente double face, supportant l'impression CMYK en couleur, LOGO d'entreprise personnalisable, motifs d'\u00e9v\u00e9nements, etc. La couche de r\u00e9sine a une \u00e9paisseur de 0,2 mm, elle est r\u00e9sistante aux rayures et \u00e0 l'usure, ne se d\u00e9colore pas et ne se fissure pas apr\u00e8s une utilisation \u00e0 long terme. Elle prot\u00e8ge efficacement les motifs de la surface et am\u00e9liore la texture visuelle.<\/td><\/tr><\/tbody><\/table><\/figure>\n\n\n\n<h3 class=\"wp-block-heading\">Avantages du processus de r\u00e9sine dans la personnalisation de logos<\/h3>\n\n\n\n<p>Le processus de base de la cl\u00e9 USB push-pull en r\u00e9sine double face consiste \u00e0 former une couche protectrice sur les deux faces du corps en plastique gr\u00e2ce \u00e0 la technologie de recouvrement par r\u00e9sine \u00e9poxy. Le fabricant propose des services d'impression de motifs personnalis\u00e9s, en incorporant des LOGO d'entreprise, des slogans ou des motifs de conception dans la couche de r\u00e9sine afin de pr\u00e9senter des effets tridimensionnels de haute d\u00e9finition. Ce proc\u00e9d\u00e9 permet non seulement d'am\u00e9liorer l'aspect esth\u00e9tique de la cl\u00e9 USB, mais aussi de pr\u00e9venir efficacement l'usure de la surface, ce qui la rend adapt\u00e9e \u00e0 la personnalisation en masse en tant que cadeau d'entreprise, permettant ainsi aux images de marque d'\u00eatre expos\u00e9es fr\u00e9quemment avec le produit.<\/p>\n\n\n\n<p>La cl\u00e9 USB double face en r\u00e9sine, avec son design classique, son processus de personnalisation de la r\u00e9sine et ses options de pleine capacit\u00e9, devient un choix rentable pour la personnalisation de cadeaux d'entreprise et la vente en gros, permettant de combiner la communication de la marque avec des fonctions de stockage pratiques.<\/p>","protected":false},"excerpt":{"rendered":"<ul>\n<li>Logo en r\u00e9sine double face<\/li>\n<li>Style push-pull<\/li>\n<li>Possibilit\u00e9 de choisir entre USB3.0 et USB2.0<\/li>\n<li>MOQ:100PCS<\/li>\n<li>Logo et emballage personnalis\u00e9s<\/li>\n<\/ul>","protected":false},"featured_media":3637,"comment_status":"open","ping_status":"closed","template":"","meta":{"_seopress_robots_primary_cat":"","_seopress_titles_title":"","_seopress_titles_desc":"","_seopress_robots_index":"","site-sidebar-layout":"default","site-content-layout":"","ast-site-content-layout":"","site-content-style":"default","site-sidebar-style":"default","ast-global-header-display":"","ast-banner-title-visibility":"","ast-main-header-display":"","ast-hfb-above-header-display":"","ast-hfb-below-header-display":"","ast-hfb-mobile-header-display":"","site-post-title":"","ast-breadcrumbs-content":"","ast-featured-img":"","footer-sml-layout":"","theme-transparent-header-meta":"","adv-header-id-meta":"","stick-header-meta":"","header-above-stick-meta":"","header-main-stick-meta":"","header-below-stick-meta":"","astra-migrate-meta-layouts":"default","ast-page-background-enabled":"default","ast-page-background-meta":{"desktop":{"background-color":"var(--ast-global-color-5)","background-image":"","background-repeat":"repeat","background-position":"center center","background-size":"auto","background-attachment":"scroll","background-type":"","background-media":"","overlay-type":"","overlay-color":"","overlay-opacity":"","overlay-gradient":""},"tablet":{"background-color":"","background-image":"","background-repeat":"repeat","background-position":"center center","background-size":"auto","background-attachment":"scroll","background-type":"","background-media":"","overlay-type":"","overlay-color":"","overlay-opacity":"","overlay-gradient":""},"mobile":{"background-color":"","background-image":"","background-repeat":"repeat","background-position":"center center","background-size":"auto","background-attachment":"scroll","background-type":"","background-media":"","overlay-type":"","overlay-color":"","overlay-opacity":"","overlay-gradient":""}},"ast-content-background-meta":{"desktop":{"background-color":"var(--ast-global-color-4)","background-image":"","background-repeat":"repeat","background-position":"center center","background-size":"auto","background-attachment":"scroll","background-type":"","background-media":"","overlay-type":"","overlay-color":"","overlay-opacity":"","overlay-gradient":""},"tablet":{"background-color":"var(--ast-global-color-4)","background-image":"","background-repeat":"repeat","background-position":"center center","background-size":"auto","background-attachment":"scroll","background-type":"","background-media":"","overlay-type":"","overlay-color":"","overlay-opacity":"","overlay-gradient":""},"mobile":{"background-color":"var(--ast-global-color-4)","background-image":"","background-repeat":"repeat","background-position":"center center","background-size":"auto","background-attachment":"scroll","background-type":"","background-media":"","overlay-type":"","overlay-color":"","overlay-opacity":"","overlay-gradient":""}}},"product_brand":[],"product_cat":[92,109],"product_tag":[203,202],"class_list":{"0":"post-3634","1":"product","2":"type-product","3":"status-publish","4":"has-post-thumbnail","6":"product_cat-plastic-usb-pendrive","7":"product_cat-retractable-usb-pendrive","8":"product_tag-epoxy-usb-drive","9":"product_tag-push-pull-usb-flash-drive","10":"desktop-align-left","11":"tablet-align-left","12":"mobile-align-left","14":"first","15":"instock","16":"shipping-taxable","17":"product-type-simple"},"_links":{"self":[{"href":"https:\/\/www.usborkeychain.com\/fr\/wp-json\/wp\/v2\/product\/3634","targetHints":{"allow":["GET"]}}],"collection":[{"href":"https:\/\/www.usborkeychain.com\/fr\/wp-json\/wp\/v2\/product"}],"about":[{"href":"https:\/\/www.usborkeychain.com\/fr\/wp-json\/wp\/v2\/types\/product"}],"replies":[{"embeddable":true,"href":"https:\/\/www.usborkeychain.com\/fr\/wp-json\/wp\/v2\/comments?post=3634"}],"wp:featuredmedia":[{"embeddable":true,"href":"https:\/\/www.usborkeychain.com\/fr\/wp-json\/wp\/v2\/media\/3637"}],"wp:attachment":[{"href":"https:\/\/www.usborkeychain.com\/fr\/wp-json\/wp\/v2\/media?parent=3634"}],"wp:term":[{"taxonomy":"product_brand","embeddable":true,"href":"https:\/\/www.usborkeychain.com\/fr\/wp-json\/wp\/v2\/product_brand?post=3634"},{"taxonomy":"product_cat","embeddable":true,"href":"https:\/\/www.usborkeychain.com\/fr\/wp-json\/wp\/v2\/product_cat?post=3634"},{"taxonomy":"product_tag","embeddable":true,"href":"https:\/\/www.usborkeychain.com\/fr\/wp-json\/wp\/v2\/product_tag?post=3634"}],"curies":[{"name":"wp","href":"https:\/\/api.w.org\/{rel}","templated":true}]}}