{"id":3640,"date":"2025-06-29T10:24:33","date_gmt":"2025-06-29T10:24:33","guid":{"rendered":"https:\/\/www.usborkeychain.com\/?post_type=product&#038;p=3640"},"modified":"2025-06-29T10:25:39","modified_gmt":"2025-06-29T10:25:39","slug":"adata-uv-push-pull-usb-flash-drive","status":"publish","type":"product","link":"https:\/\/www.usborkeychain.com\/fr\/produit\/adata-uv-push-pull-usb-flash-drive\/","title":{"rendered":"Cl\u00e9 USB ADATA UV Push-Pull"},"content":{"rendered":"<p><\/p>\n\n\n\n<div class=\"wp-block-columns is-layout-flex wp-container-core-columns-is-layout-28f84493 wp-block-columns-is-layout-flex\">\n<div class=\"wp-block-column is-layout-flow wp-block-column-is-layout-flow\">\n<figure class=\"wp-block-image size-full\"><img fetchpriority=\"high\" decoding=\"async\" width=\"1000\" height=\"1000\" src=\"https:\/\/www.usborkeychain.com\/wp-content\/uploads\/ADATA-UV-Push-Pull-USB-Flash-Drive.jpg\" alt=\"ADATA UV Push-Pull USB Flash Drive\" class=\"wp-image-3643\" srcset=\"https:\/\/www.usborkeychain.com\/wp-content\/uploads\/ADATA-UV-Push-Pull-USB-Flash-Drive.jpg 1000w, https:\/\/www.usborkeychain.com\/wp-content\/uploads\/ADATA-UV-Push-Pull-USB-Flash-Drive-300x300.jpg 300w, https:\/\/www.usborkeychain.com\/wp-content\/uploads\/ADATA-UV-Push-Pull-USB-Flash-Drive-150x150.jpg 150w, https:\/\/www.usborkeychain.com\/wp-content\/uploads\/ADATA-UV-Push-Pull-USB-Flash-Drive-768x768.jpg 768w, https:\/\/www.usborkeychain.com\/wp-content\/uploads\/ADATA-UV-Push-Pull-USB-Flash-Drive-12x12.jpg 12w, https:\/\/www.usborkeychain.com\/wp-content\/uploads\/ADATA-UV-Push-Pull-USB-Flash-Drive-600x600.jpg 600w, https:\/\/www.usborkeychain.com\/wp-content\/uploads\/ADATA-UV-Push-Pull-USB-Flash-Drive-100x100.jpg 100w\" sizes=\"(max-width: 1000px) 100vw, 1000px\" \/><\/figure>\n<\/div>\n\n\n\n<div class=\"wp-block-column is-vertically-aligned-center is-layout-flow wp-block-column-is-layout-flow\">\n<p>La cl\u00e9 USB ADATA UV push-pull est produite par ADATA Technology, une marque leader dans le domaine du stockage. Depuis sa cr\u00e9ation en 2001, ADATA a toujours \u00e9t\u00e9 r\u00e9put\u00e9 dans le monde entier pour ses technologies innovantes et ses produits de haute qualit\u00e9. <\/p>\n\n\n\n<p>Cette cl\u00e9 USB reprend le design classique push-pull, permettant un stockage pratique de l'interface USB gr\u00e2ce \u00e0 une structure m\u00e9canique, tout en combinant la durabilit\u00e9 constante et l'apparence \u00e9l\u00e9gante d'ADATA. C'est un choix id\u00e9al pour les bureaux d'entreprise et le stockage de donn\u00e9es, prenant en charge la personnalisation du fabricant et la vente en gros.<\/p>\n<\/div>\n<\/div>\n\n\n\n<h3 class=\"wp-block-heading\">1. Quel est le style de conception de la cl\u00e9 USB ADATA UV Push-Pull ?<\/h3>\n\n\n\n<p>La cl\u00e9 USB push-pull ADATA UV adopte un design structurel push-pull minimaliste et pratique : une l\u00e9g\u00e8re pression sur le bouton lat\u00e9ral \u00e9jecte automatiquement l'interface USB, avec un positionnement pr\u00e9cis assurant un branchement et un d\u00e9branchement stables ; en tirant le bouton vers l'arri\u00e8re, l'interface se r\u00e9tracte compl\u00e8tement dans le bo\u00eetier, emp\u00eachant efficacement l'intrusion de la poussi\u00e8re et les dommages physiques. Cette conception r\u00e9sout enti\u00e8rement le probl\u00e8me des cl\u00e9s USB traditionnelles \u00e0 capuchon qui sont susceptibles d'\u00eatre perdues. Associ\u00e9e \u00e0 un corps en plastique technique ABS, elle concilie l\u00e9g\u00e8ret\u00e9 et r\u00e9sistance \u00e0 l'usure. <\/p>\n\n\n\n<p>La surface du corps est trait\u00e9e avec la technologie UV et pr\u00e9sente une texture d\u00e9licate. Disponible en trois couleurs : noir de jais, blanc perle et or rose, il permet de personnaliser le LOGO de l'entreprise pour r\u00e9pondre aux besoins personnalis\u00e9s des cadeaux d'affaires et de la vente en gros.<\/p>\n\n\n\n<div class=\"wp-block-columns is-layout-flex wp-container-core-columns-is-layout-28f84493 wp-block-columns-is-layout-flex\">\n<div class=\"wp-block-column is-layout-flow wp-block-column-is-layout-flow\">\n<figure class=\"wp-block-image size-full\"><img alt=\"\" decoding=\"async\" width=\"750\" height=\"750\" src=\"https:\/\/www.usborkeychain.com\/wp-content\/uploads\/ADATA-UV-Push-Pull-USB-stick.jpg\" class=\"wp-image-3647\" srcset=\"https:\/\/www.usborkeychain.com\/wp-content\/uploads\/ADATA-UV-Push-Pull-USB-stick.jpg 750w, https:\/\/www.usborkeychain.com\/wp-content\/uploads\/ADATA-UV-Push-Pull-USB-stick-300x300.jpg 300w, https:\/\/www.usborkeychain.com\/wp-content\/uploads\/ADATA-UV-Push-Pull-USB-stick-150x150.jpg 150w, https:\/\/www.usborkeychain.com\/wp-content\/uploads\/ADATA-UV-Push-Pull-USB-stick-12x12.jpg 12w, https:\/\/www.usborkeychain.com\/wp-content\/uploads\/ADATA-UV-Push-Pull-USB-stick-600x600.jpg 600w, https:\/\/www.usborkeychain.com\/wp-content\/uploads\/ADATA-UV-Push-Pull-USB-stick-100x100.jpg 100w\" sizes=\"(max-width: 750px) 100vw, 750px\" \/><\/figure>\n<\/div>\n\n\n\n<div class=\"wp-block-column is-layout-flow wp-block-column-is-layout-flow\">\n<figure class=\"wp-block-image size-full\"><img alt=\"\" decoding=\"async\" width=\"750\" height=\"750\" src=\"https:\/\/www.usborkeychain.com\/wp-content\/uploads\/ADATA-UV-Push-Pull-USB-Flash-pendrive.jpg\" class=\"wp-image-3645\" srcset=\"https:\/\/www.usborkeychain.com\/wp-content\/uploads\/ADATA-UV-Push-Pull-USB-Flash-pendrive.jpg 750w, https:\/\/www.usborkeychain.com\/wp-content\/uploads\/ADATA-UV-Push-Pull-USB-Flash-pendrive-300x300.jpg 300w, https:\/\/www.usborkeychain.com\/wp-content\/uploads\/ADATA-UV-Push-Pull-USB-Flash-pendrive-150x150.jpg 150w, https:\/\/www.usborkeychain.com\/wp-content\/uploads\/ADATA-UV-Push-Pull-USB-Flash-pendrive-12x12.jpg 12w, https:\/\/www.usborkeychain.com\/wp-content\/uploads\/ADATA-UV-Push-Pull-USB-Flash-pendrive-600x600.jpg 600w, https:\/\/www.usborkeychain.com\/wp-content\/uploads\/ADATA-UV-Push-Pull-USB-Flash-pendrive-100x100.jpg 100w\" sizes=\"(max-width: 750px) 100vw, 750px\" \/><\/figure>\n<\/div>\n<\/div>\n\n\n\n<h3 class=\"wp-block-heading\">2. Quels sont les param\u00e8tres de la cl\u00e9 USB ADATA UV Push-Pull ?<\/h3>\n\n\n\n<figure class=\"wp-block-table\"><table class=\"has-fixed-layout\"><thead><tr><th>Type de param\u00e8tre<\/th><th>Param\u00e8tres sp\u00e9cifiques<\/th><\/tr><\/thead><tbody><tr><td>Type d'interface<\/td><td>USB3.0<\/td><\/tr><tr><td>Capacit\u00e9 de stockage<\/td><td>32G 64G 128G 256G<\/td><\/tr><tr><td>Mat\u00e9riau du bo\u00eetier<\/td><td>ABS <\/td><\/tr><tr><td>Caract\u00e9ristiques physiques<\/td><td>Temp\u00e9rature de fonctionnement : -20\u2103~60\u2103, temp\u00e9rature de stockage : -40\u2103~85\u2103, a pass\u00e9 100 000 tests de dur\u00e9e de vie push-pull.<\/td><\/tr><tr><td>Services de personnalisation<\/td><td>Permet la gravure au laser du LOGO et la personnalisation de l'impression UV ; permet de concevoir des bo\u00eetes d'emballage personnalis\u00e9es pour les commandes de plus de 100 unit\u00e9s (approvisionnement direct du fabricant).<\/td><\/tr><tr><td>Normes de certification<\/td><td>Conforme aux certifications internationales CE\/FCC\/RoHS, fournit les rapports d'inspection de la qualit\u00e9 d'origine d'ADATA.<\/td><\/tr><\/tbody><\/table><\/figure>\n\n\n\n<h3 class=\"wp-block-heading\">3. Le m\u00e9canisme de traction de la cl\u00e9 USB ADATA UV Push-Pull est-il susceptible d'\u00eatre endommag\u00e9 ?<\/h3>\n\n\n\n<p>La structure push-pull de la cl\u00e9 USB ADATA UV push-pull a \u00e9t\u00e9 test\u00e9e professionnellement dans le laboratoire d'ADATA : en utilisant une structure composite de ressorts m\u00e9talliques et d'engrenages en plastique, elle peut supporter plus de 100 000 op\u00e9rations push-pull sans d\u00e9faillance. Le corps en plastique technique ABS r\u00e9siste aux chutes et \u00e0 l'usure, combin\u00e9 \u00e0 un design de renforcement interne, prot\u00e9geant efficacement la puce m\u00eame en cas de chute accidentelle. <\/p>\n\n\n\n<p>En tant que fabricant source, ADATA effectue des tests de dur\u00e9e de vie d'\u00e9chantillonnage sur chaque lot de produits afin de garantir la stabilit\u00e9 du m\u00e9canisme push-pull. Actuellement, le taux d'apr\u00e8s-vente d\u00fb \u00e0 des probl\u00e8mes structurels dans les commandes en gros des entreprises pour cette cl\u00e9 USB est inf\u00e9rieur \u00e0 0,5%, et sa durabilit\u00e9 a \u00e9t\u00e9 reconnue par de nombreux clients.<\/p>\n\n\n\n<div class=\"wp-block-columns is-layout-flex wp-container-core-columns-is-layout-28f84493 wp-block-columns-is-layout-flex\">\n<div class=\"wp-block-column is-layout-flow wp-block-column-is-layout-flow\">\n<figure class=\"wp-block-image size-full\"><img alt=\"\" loading=\"lazy\" decoding=\"async\" width=\"750\" height=\"750\" src=\"https:\/\/www.usborkeychain.com\/wp-content\/uploads\/ADATA-UV-Push-Pull-USB-memory.jpg\" class=\"wp-image-3646\" srcset=\"https:\/\/www.usborkeychain.com\/wp-content\/uploads\/ADATA-UV-Push-Pull-USB-memory.jpg 750w, https:\/\/www.usborkeychain.com\/wp-content\/uploads\/ADATA-UV-Push-Pull-USB-memory-300x300.jpg 300w, https:\/\/www.usborkeychain.com\/wp-content\/uploads\/ADATA-UV-Push-Pull-USB-memory-150x150.jpg 150w, https:\/\/www.usborkeychain.com\/wp-content\/uploads\/ADATA-UV-Push-Pull-USB-memory-12x12.jpg 12w, https:\/\/www.usborkeychain.com\/wp-content\/uploads\/ADATA-UV-Push-Pull-USB-memory-600x600.jpg 600w, https:\/\/www.usborkeychain.com\/wp-content\/uploads\/ADATA-UV-Push-Pull-USB-memory-100x100.jpg 100w\" sizes=\"(max-width: 750px) 100vw, 750px\" \/><\/figure>\n<\/div>\n\n\n\n<div class=\"wp-block-column is-layout-flow wp-block-column-is-layout-flow\">\n<figure class=\"wp-block-image size-full\"><img alt=\"\" loading=\"lazy\" decoding=\"async\" width=\"750\" height=\"750\" src=\"https:\/\/www.usborkeychain.com\/wp-content\/uploads\/ADATA-UV-Push-Pull-USB-Flash-Disk.jpg\" class=\"wp-image-3644\" srcset=\"https:\/\/www.usborkeychain.com\/wp-content\/uploads\/ADATA-UV-Push-Pull-USB-Flash-Disk.jpg 750w, https:\/\/www.usborkeychain.com\/wp-content\/uploads\/ADATA-UV-Push-Pull-USB-Flash-Disk-300x300.jpg 300w, https:\/\/www.usborkeychain.com\/wp-content\/uploads\/ADATA-UV-Push-Pull-USB-Flash-Disk-150x150.jpg 150w, https:\/\/www.usborkeychain.com\/wp-content\/uploads\/ADATA-UV-Push-Pull-USB-Flash-Disk-12x12.jpg 12w, https:\/\/www.usborkeychain.com\/wp-content\/uploads\/ADATA-UV-Push-Pull-USB-Flash-Disk-600x600.jpg 600w, https:\/\/www.usborkeychain.com\/wp-content\/uploads\/ADATA-UV-Push-Pull-USB-Flash-Disk-100x100.jpg 100w\" sizes=\"(max-width: 750px) 100vw, 750px\" \/><\/figure>\n<\/div>\n<\/div>\n\n\n\n<h3 class=\"wp-block-heading\">4. Quelles sont les capacit\u00e9s de stockage de la cl\u00e9 USB ADATA UV Push-Pull ?<\/h3>\n\n\n\n<p>La cl\u00e9 USB push-pull ADATA UV offre une large gamme de capacit\u00e9s de stockage pour r\u00e9pondre aux diff\u00e9rents besoins : les capacit\u00e9s principales comprennent 32 Go, 64 Go, 128 Go et 256 Go, toutes compatibles avec le protocole de transmission \u00e0 grande vitesse USB3.0. Les capacit\u00e9s de 128 Go et 256 Go sont devenues des choix populaires pour la personnalisation des entreprises en raison de leur rapport qualit\u00e9-prix \u00e9lev\u00e9. Pour les utilisateurs qui ont besoin d'une grande capacit\u00e9, il offre \u00e9galement des sp\u00e9cifications de stockage extra-larges allant de 512 Go \u00e0 1 To. Gr\u00e2ce \u00e0 l'interface USB3.0, le transfert d'un fichier de 1 Go ne prend qu'environ 20 secondes, ce qui am\u00e9liore consid\u00e9rablement l'efficacit\u00e9 au bureau. Toutes les versions de capacit\u00e9 prennent en charge les services de personnalisation du fabricant, et le LOGO et l'emballage exclusifs peuvent \u00eatre personnalis\u00e9s \u00e0 partir de 100 unit\u00e9s.<\/p>\n\n\n\n<p>La cl\u00e9 USB ADATA UV push-pull, soutenue par la technologie de la marque ADATA, combine un design push-pull classique, de nombreuses options de capacit\u00e9 et une transmission \u00e0 grande vitesse USB3.0, ce qui en fait un excellent choix pour la personnalisation de cadeaux d'entreprise et la vente en gros. Le fabricant fournit un service complet allant de la personnalisation de l'apparence \u00e0 la configuration fonctionnelle, ce qui permet d'am\u00e9liorer \u00e0 la fois l'image de marque et l'efficacit\u00e9 du stockage.<\/p>","protected":false},"excerpt":{"rendered":"<ul>\n<li>Mod\u00e8le ADATA UV<\/li>\n<li>Cl\u00e9 USB Push-Pull<\/li>\n<li>Marque USB<\/li>\n<li>Logo personnalis\u00e9<\/li>\n<li>MOQ:100PCS<\/li>\n<\/ul>","protected":false},"featured_media":3643,"comment_status":"open","ping_status":"closed","template":"","meta":{"_seopress_robots_primary_cat":"","_seopress_titles_title":"","_seopress_titles_desc":"","_seopress_robots_index":"","site-sidebar-layout":"default","site-content-layout":"","ast-site-content-layout":"","site-content-style":"default","site-sidebar-style":"default","ast-global-header-display":"","ast-banner-title-visibility":"","ast-main-header-display":"","ast-hfb-above-header-display":"","ast-hfb-below-header-display":"","ast-hfb-mobile-header-display":"","site-post-title":"","ast-breadcrumbs-content":"","ast-featured-img":"","footer-sml-layout":"","theme-transparent-header-meta":"","adv-header-id-meta":"","stick-header-meta":"","header-above-stick-meta":"","header-main-stick-meta":"","header-below-stick-meta":"","astra-migrate-meta-layouts":"default","ast-page-background-enabled":"default","ast-page-background-meta":{"desktop":{"background-color":"var(--ast-global-color-5)","background-image":"","background-repeat":"repeat","background-position":"center center","background-size":"auto","background-attachment":"scroll","background-type":"","background-media":"","overlay-type":"","overlay-color":"","overlay-opacity":"","overlay-gradient":""},"tablet":{"background-color":"","background-image":"","background-repeat":"repeat","background-position":"center center","background-size":"auto","background-attachment":"scroll","background-type":"","background-media":"","overlay-type":"","overlay-color":"","overlay-opacity":"","overlay-gradient":""},"mobile":{"background-color":"","background-image":"","background-repeat":"repeat","background-position":"center center","background-size":"auto","background-attachment":"scroll","background-type":"","background-media":"","overlay-type":"","overlay-color":"","overlay-opacity":"","overlay-gradient":""}},"ast-content-background-meta":{"desktop":{"background-color":"var(--ast-global-color-4)","background-image":"","background-repeat":"repeat","background-position":"center center","background-size":"auto","background-attachment":"scroll","background-type":"","background-media":"","overlay-type":"","overlay-color":"","overlay-opacity":"","overlay-gradient":""},"tablet":{"background-color":"var(--ast-global-color-4)","background-image":"","background-repeat":"repeat","background-position":"center center","background-size":"auto","background-attachment":"scroll","background-type":"","background-media":"","overlay-type":"","overlay-color":"","overlay-opacity":"","overlay-gradient":""},"mobile":{"background-color":"var(--ast-global-color-4)","background-image":"","background-repeat":"repeat","background-position":"center center","background-size":"auto","background-attachment":"scroll","background-type":"","background-media":"","overlay-type":"","overlay-color":"","overlay-opacity":"","overlay-gradient":""}}},"product_brand":[],"product_cat":[111,109],"product_tag":[204],"class_list":{"0":"post-3640","1":"product","2":"type-product","3":"status-publish","4":"has-post-thumbnail","6":"product_cat-brand-usb-pendrive","7":"product_cat-retractable-usb-pendrive","8":"product_tag-adata-usb-drive","9":"desktop-align-left","10":"tablet-align-left","11":"mobile-align-left","13":"first","14":"instock","15":"shipping-taxable","16":"product-type-simple"},"_links":{"self":[{"href":"https:\/\/www.usborkeychain.com\/fr\/wp-json\/wp\/v2\/product\/3640","targetHints":{"allow":["GET"]}}],"collection":[{"href":"https:\/\/www.usborkeychain.com\/fr\/wp-json\/wp\/v2\/product"}],"about":[{"href":"https:\/\/www.usborkeychain.com\/fr\/wp-json\/wp\/v2\/types\/product"}],"replies":[{"embeddable":true,"href":"https:\/\/www.usborkeychain.com\/fr\/wp-json\/wp\/v2\/comments?post=3640"}],"wp:featuredmedia":[{"embeddable":true,"href":"https:\/\/www.usborkeychain.com\/fr\/wp-json\/wp\/v2\/media\/3643"}],"wp:attachment":[{"href":"https:\/\/www.usborkeychain.com\/fr\/wp-json\/wp\/v2\/media?parent=3640"}],"wp:term":[{"taxonomy":"product_brand","embeddable":true,"href":"https:\/\/www.usborkeychain.com\/fr\/wp-json\/wp\/v2\/product_brand?post=3640"},{"taxonomy":"product_cat","embeddable":true,"href":"https:\/\/www.usborkeychain.com\/fr\/wp-json\/wp\/v2\/product_cat?post=3640"},{"taxonomy":"product_tag","embeddable":true,"href":"https:\/\/www.usborkeychain.com\/fr\/wp-json\/wp\/v2\/product_tag?post=3640"}],"curies":[{"name":"wp","href":"https:\/\/api.w.org\/{rel}","templated":true}]}}