{"id":3658,"date":"2025-06-30T01:33:22","date_gmt":"2025-06-30T01:33:22","guid":{"rendered":"https:\/\/www.usborkeychain.com\/?post_type=product&#038;p=3658"},"modified":"2025-06-30T02:04:28","modified_gmt":"2025-06-30T02:04:28","slug":"bcu-2-encrypted-usb-flash-drives","status":"publish","type":"product","link":"https:\/\/www.usborkeychain.com\/fr\/produit\/bcu-2-encrypted-usb-flash-drives\/","title":{"rendered":"BCU-2 Cl\u00e9s USB crypt\u00e9es"},"content":{"rendered":"<h2 class=\"wp-block-heading\">Qu'est-ce qu'une cl\u00e9 USB crypt\u00e9e par empreinte digitale ?<\/h2>\n\n\n\n<div class=\"wp-block-columns is-layout-flex wp-container-core-columns-is-layout-28f84493 wp-block-columns-is-layout-flex\">\n<div class=\"wp-block-column is-layout-flow wp-block-column-is-layout-flow\">\n<figure class=\"wp-block-image size-full\"><img fetchpriority=\"high\" decoding=\"async\" width=\"800\" height=\"800\" src=\"https:\/\/www.usborkeychain.com\/wp-content\/uploads\/Fingerprint-USB-Flash-Drive-for-Computer.jpg\" alt=\"Fingerprint USB Flash Drive for Computer\" class=\"wp-image-3662\" srcset=\"https:\/\/www.usborkeychain.com\/wp-content\/uploads\/Fingerprint-USB-Flash-Drive-for-Computer.jpg 800w, https:\/\/www.usborkeychain.com\/wp-content\/uploads\/Fingerprint-USB-Flash-Drive-for-Computer-300x300.jpg 300w, https:\/\/www.usborkeychain.com\/wp-content\/uploads\/Fingerprint-USB-Flash-Drive-for-Computer-150x150.jpg 150w, https:\/\/www.usborkeychain.com\/wp-content\/uploads\/Fingerprint-USB-Flash-Drive-for-Computer-768x768.jpg 768w, https:\/\/www.usborkeychain.com\/wp-content\/uploads\/Fingerprint-USB-Flash-Drive-for-Computer-12x12.jpg 12w, https:\/\/www.usborkeychain.com\/wp-content\/uploads\/Fingerprint-USB-Flash-Drive-for-Computer-600x600.jpg 600w, https:\/\/www.usborkeychain.com\/wp-content\/uploads\/Fingerprint-USB-Flash-Drive-for-Computer-100x100.jpg 100w\" sizes=\"(max-width: 800px) 100vw, 800px\" \/><\/figure>\n<\/div>\n\n\n\n<div class=\"wp-block-column is-vertically-aligned-center is-layout-flow wp-block-column-is-layout-flow\">\n<p>La cl\u00e9 USB \u00e0 empreinte digitale BCU-02 est fi\u00e8rement lanc\u00e9e par YOUSAN, un fabricant professionnel d'USB, en tant que premi\u00e8re cl\u00e9 USB crypt\u00e9e par empreinte digitale de la marque. <\/p>\n\n\n\n<p>Dot\u00e9 d'un bo\u00eetier enti\u00e8rement m\u00e9tallique et d'une fonction de gestion des empreintes digitales, il allie la s\u00e9curit\u00e9 des donn\u00e9es \u00e0 une texture haut de gamme. Sp\u00e9cialement con\u00e7u pour le cryptage des donn\u00e9es d'entreprise et les cadeaux d'affaires, ce produit prend en charge le d\u00e9verrouillage des empreintes digitales, le stockage crypt\u00e9 et d'autres fonctions. <\/p>\n\n\n\n<p>Avec un approvisionnement direct depuis l'usine source, il permet la personnalisation en vrac et la vente en gros, ce qui en fait le choix privil\u00e9gi\u00e9 en mati\u00e8re de stockage s\u00e9curis\u00e9 pour des secteurs tels que la finance et l'administration.<\/p>\n<\/div>\n<\/div>\n\n\n\n<p><\/p>\n\n\n\n<h3 class=\"wp-block-heading\">Quels sont les mat\u00e9riaux et les couleurs de la cl\u00e9 USB BCU-02 Fingerprint ?<\/h3>\n\n\n\n<p>Fabriqu\u00e9 \u00e0 partir de mat\u00e9riaux enti\u00e8rement m\u00e9talliques de haute qualit\u00e9, le BCU-02 subit un usinage de pr\u00e9cision CNC avec des bords arrondis pour un toucher doux, combinant durabilit\u00e9 et r\u00e9sistance aux rayures. Disponible en deux couleurs classiques (argent et noir), la surface est trait\u00e9e par anodisation pour \u00e9viter la d\u00e9coloration et les rayures. Le design minimaliste et la texture m\u00e9tallique conviennent \u00e0 un usage professionnel et facilitent la personnalisation du LOGO de l'entreprise pour les cadeaux de marque. Une commande minimale de 100 pi\u00e8ces permet \u00e0 l'usine d'offrir des services de personnalisation des couleurs.<\/p>\n\n\n\n<div class=\"wp-block-columns is-layout-flex wp-container-core-columns-is-layout-28f84493 wp-block-columns-is-layout-flex\">\n<div class=\"wp-block-column is-layout-flow wp-block-column-is-layout-flow\">\n<figure class=\"wp-block-image size-full\"><img alt=\"\" decoding=\"async\" width=\"800\" height=\"800\" src=\"https:\/\/www.usborkeychain.com\/wp-content\/uploads\/silver-Fingerprint-USB-Flash-Drive-for-Computer.jpg\" class=\"wp-image-3666\" srcset=\"https:\/\/www.usborkeychain.com\/wp-content\/uploads\/silver-Fingerprint-USB-Flash-Drive-for-Computer.jpg 800w, https:\/\/www.usborkeychain.com\/wp-content\/uploads\/silver-Fingerprint-USB-Flash-Drive-for-Computer-300x300.jpg 300w, https:\/\/www.usborkeychain.com\/wp-content\/uploads\/silver-Fingerprint-USB-Flash-Drive-for-Computer-150x150.jpg 150w, https:\/\/www.usborkeychain.com\/wp-content\/uploads\/silver-Fingerprint-USB-Flash-Drive-for-Computer-768x768.jpg 768w, https:\/\/www.usborkeychain.com\/wp-content\/uploads\/silver-Fingerprint-USB-Flash-Drive-for-Computer-12x12.jpg 12w, https:\/\/www.usborkeychain.com\/wp-content\/uploads\/silver-Fingerprint-USB-Flash-Drive-for-Computer-600x600.jpg 600w, https:\/\/www.usborkeychain.com\/wp-content\/uploads\/silver-Fingerprint-USB-Flash-Drive-for-Computer-100x100.jpg 100w\" sizes=\"(max-width: 800px) 100vw, 800px\" \/><\/figure>\n<\/div>\n\n\n\n<div class=\"wp-block-column is-layout-flow wp-block-column-is-layout-flow\">\n<figure class=\"wp-block-image size-full\"><img alt=\"\" decoding=\"async\" width=\"800\" height=\"800\" src=\"https:\/\/www.usborkeychain.com\/wp-content\/uploads\/Fingerprint-USB-Flash-Drive-use.jpg\" class=\"wp-image-3665\" srcset=\"https:\/\/www.usborkeychain.com\/wp-content\/uploads\/Fingerprint-USB-Flash-Drive-use.jpg 800w, https:\/\/www.usborkeychain.com\/wp-content\/uploads\/Fingerprint-USB-Flash-Drive-use-300x300.jpg 300w, https:\/\/www.usborkeychain.com\/wp-content\/uploads\/Fingerprint-USB-Flash-Drive-use-150x150.jpg 150w, https:\/\/www.usborkeychain.com\/wp-content\/uploads\/Fingerprint-USB-Flash-Drive-use-768x768.jpg 768w, https:\/\/www.usborkeychain.com\/wp-content\/uploads\/Fingerprint-USB-Flash-Drive-use-12x12.jpg 12w, https:\/\/www.usborkeychain.com\/wp-content\/uploads\/Fingerprint-USB-Flash-Drive-use-600x600.jpg 600w, https:\/\/www.usborkeychain.com\/wp-content\/uploads\/Fingerprint-USB-Flash-Drive-use-100x100.jpg 100w\" sizes=\"(max-width: 800px) 100vw, 800px\" \/><\/figure>\n<\/div>\n<\/div>\n\n\n\n<h3 class=\"wp-block-heading\">Param\u00e8tres<\/h3>\n\n\n\n<figure class=\"wp-block-table\"><table class=\"has-fixed-layout\"><thead><tr><th>Type de param\u00e8tre<\/th><th>Param\u00e8tres sp\u00e9cifiques<\/th><\/tr><\/thead><tbody><tr><td>Type d'interface<\/td><td>USB3.0 (vitesse de transmission maximale de 5 Gbps, compatible avec les dispositifs USB2.0)<\/td><\/tr><tr><td>Capacit\u00e9 de stockage<\/td><td>32GB\/64GB\/128GB\/256GB\/512GB (toutes les capacit\u00e9s sont personnalisables)<\/td><\/tr><tr><td>Mat\u00e9riaux et proc\u00e9d\u00e9s<\/td><td>Corps en alliage d'aluminium de qualit\u00e9 a\u00e9rospatiale, traitement de surface anodis\u00e9<\/td><\/tr><tr><td>Fonction d'empreinte digitale<\/td><td>1 compte administrateur, possibilit\u00e9 d'enregistrer 10 groupes d'empreintes digitales, vitesse de reconnaissance des empreintes digitales &lt; 0,5 seconde<\/td><\/tr><tr><td>Technologie de cryptage<\/td><td>Cryptage mat\u00e9riel AES-256, stockage crypt\u00e9 lors du d\u00e9verrouillage de l'empreinte digitale<\/td><\/tr><tr><td>Services de personnalisation<\/td><td>Permet la gravure au laser et la s\u00e9rigraphie pour la personnalisation du LOGO ; les commandes en gros peuvent b\u00e9n\u00e9ficier de bo\u00eetes d'emballage personnalis\u00e9es (approvisionnement direct de l'usine).<\/td><\/tr><tr><td>Caract\u00e9ristiques physiques<\/td><td>Temp\u00e9rature de fonctionnement : -20\u2103~60\u2103, temp\u00e9rature de stockage : -40\u2103~85\u2103, test de chute de 1,5 m r\u00e9ussi.<\/td><\/tr><\/tbody><\/table><\/figure>\n\n\n\n<h3 class=\"wp-block-heading\">Comment personnaliser le logo de la cl\u00e9 USB \u00e0 empreintes digitales BCU-02 ?<\/h3>\n\n\n\n<p>BCU-02 est compatible avec deux processus de personnalisation courants : la gravure au laser, qui cr\u00e9e des marques permanentes avec un LOGO \u00e0 la texture mate sur la surface m\u00e9tallique, et la s\u00e9rigraphie, qui permet l'impression multicolore pour des motifs complexes et les couleurs VI de l'entreprise. L'usine propose des services d'\u00e9chantillonnage gratuits et la personnalisation exclusive du LOGO est disponible \u00e0 partir de 100 pi\u00e8ces, couramment utilis\u00e9es pour les cadeaux d'entreprise et les avantages sociaux. Les commandes en gros de 500 pi\u00e8ces ou plus peuvent b\u00e9n\u00e9ficier d'une bo\u00eete d'emballage personnalis\u00e9e, am\u00e9liorant ainsi la communication de la marque gr\u00e2ce aux attributs haut de gamme de la cl\u00e9 USB \u00e0 empreintes digitales.<\/p>\n\n\n\n<div class=\"wp-block-columns is-layout-flex wp-container-core-columns-is-layout-28f84493 wp-block-columns-is-layout-flex\">\n<div class=\"wp-block-column is-layout-flow wp-block-column-is-layout-flow\">\n<figure class=\"wp-block-image size-full\"><img alt=\"\" loading=\"lazy\" decoding=\"async\" width=\"800\" height=\"800\" src=\"https:\/\/www.usborkeychain.com\/wp-content\/uploads\/Fingerprint-USB-Flash-Drive-for-Computer-for-iphone.jpg\" class=\"wp-image-3664\" srcset=\"https:\/\/www.usborkeychain.com\/wp-content\/uploads\/Fingerprint-USB-Flash-Drive-for-Computer-for-iphone.jpg 800w, https:\/\/www.usborkeychain.com\/wp-content\/uploads\/Fingerprint-USB-Flash-Drive-for-Computer-for-iphone-300x300.jpg 300w, https:\/\/www.usborkeychain.com\/wp-content\/uploads\/Fingerprint-USB-Flash-Drive-for-Computer-for-iphone-150x150.jpg 150w, https:\/\/www.usborkeychain.com\/wp-content\/uploads\/Fingerprint-USB-Flash-Drive-for-Computer-for-iphone-768x768.jpg 768w, https:\/\/www.usborkeychain.com\/wp-content\/uploads\/Fingerprint-USB-Flash-Drive-for-Computer-for-iphone-12x12.jpg 12w, https:\/\/www.usborkeychain.com\/wp-content\/uploads\/Fingerprint-USB-Flash-Drive-for-Computer-for-iphone-600x600.jpg 600w, https:\/\/www.usborkeychain.com\/wp-content\/uploads\/Fingerprint-USB-Flash-Drive-for-Computer-for-iphone-100x100.jpg 100w\" sizes=\"(max-width: 800px) 100vw, 800px\" \/><\/figure>\n<\/div>\n\n\n\n<div class=\"wp-block-column is-layout-flow wp-block-column-is-layout-flow\">\n<figure class=\"wp-block-image size-full\"><img alt=\"\" loading=\"lazy\" decoding=\"async\" width=\"800\" height=\"800\" src=\"https:\/\/www.usborkeychain.com\/wp-content\/uploads\/Fingerprint-USB-Flash-Drive-for-Computer-admin.jpg\" class=\"wp-image-3663\" srcset=\"https:\/\/www.usborkeychain.com\/wp-content\/uploads\/Fingerprint-USB-Flash-Drive-for-Computer-admin.jpg 800w, https:\/\/www.usborkeychain.com\/wp-content\/uploads\/Fingerprint-USB-Flash-Drive-for-Computer-admin-300x300.jpg 300w, https:\/\/www.usborkeychain.com\/wp-content\/uploads\/Fingerprint-USB-Flash-Drive-for-Computer-admin-150x150.jpg 150w, https:\/\/www.usborkeychain.com\/wp-content\/uploads\/Fingerprint-USB-Flash-Drive-for-Computer-admin-768x768.jpg 768w, https:\/\/www.usborkeychain.com\/wp-content\/uploads\/Fingerprint-USB-Flash-Drive-for-Computer-admin-12x12.jpg 12w, https:\/\/www.usborkeychain.com\/wp-content\/uploads\/Fingerprint-USB-Flash-Drive-for-Computer-admin-600x600.jpg 600w, https:\/\/www.usborkeychain.com\/wp-content\/uploads\/Fingerprint-USB-Flash-Drive-for-Computer-admin-100x100.jpg 100w\" sizes=\"(max-width: 800px) 100vw, 800px\" \/><\/figure>\n<\/div>\n<\/div>\n\n\n\n<h3 class=\"wp-block-heading\">FAQ<\/h3>\n\n\n\n<h4 class=\"wp-block-heading\">Quelles sont les dimensions de la cl\u00e9 USB BCU-02 Fingerprint ?<\/h4>\n\n\n\n<p>Le BCU-02 mesure 60mm\u00d720mm\u00d77mm et p\u00e8se environ 18g. Sa conception portable permet de l'emporter avec soi ou de l'ins\u00e9rer dans un ordinateur portable. Le corps m\u00e9tallique de 7 mm d'\u00e9paisseur se glisse facilement dans les portefeuilles ou les poches, conciliant esth\u00e9tique et portabilit\u00e9.<\/p>\n\n\n\n<h4 class=\"wp-block-heading\">Comment g\u00e9rer les comptes de la cl\u00e9 USB \u00e0 empreinte digitale BCU-02 ?<\/h4>\n\n\n\n<p>Le produit prend en charge la configuration d'un compte administrateur, qui peut g\u00e9rer les autorisations d'empreintes digitales de 10 groupes d'utilisateurs par le biais de l'enregistrement d'empreintes digitales. Les administrateurs peuvent ajouter ou supprimer des empreintes digitales d'utilisateurs ordinaires, ce qui permet de g\u00e9rer les autorisations pour une utilisation partag\u00e9e par plusieurs personnes, ce qui est id\u00e9al pour les sc\u00e9narios de collaboration en \u00e9quipe.<\/p>\n\n\n\n<h4 class=\"wp-block-heading\">La cl\u00e9 USB \u00e0 empreintes digitales BCU-02 n\u00e9cessite-t-elle une application ?<\/h4>\n\n\n\n<p>Le BCU-02 est pr\u00eat \u00e0 l'emploi sans n\u00e9cessiter d'application. Pour une utilisation sur t\u00e9l\u00e9phone portable, un adaptateur OTG (achet\u00e9 s\u00e9par\u00e9ment) est n\u00e9cessaire, compatible avec les syst\u00e8mes Android\/iOS. La fonction de d\u00e9verrouillage par empreinte digitale s'applique \u00e9galement aux appareils mobiles, garantissant un stockage mobile s\u00e9curis\u00e9.<\/p>\n\n\n\n<p>La cl\u00e9 USB \u00e0 empreintes digitales BCU-02, avec son corps enti\u00e8rement m\u00e9tallique, sa transmission \u00e0 grande vitesse USB3.0 et son cryptage d'empreintes digitales AES-256, est un choix id\u00e9al pour le stockage de la s\u00e9curit\u00e9 des donn\u00e9es d'entreprise et la personnalisation des cadeaux de marque, l'usine source fournissant des services complets, de la personnalisation du LOGO \u00e0 la vente en gros.<\/p>","protected":false},"excerpt":{"rendered":"<ul>\n<li>Cl\u00e9 USB crypt\u00e9e<\/li>\n<li>Avec protection par mot de passe<\/li>\n<li>Mat\u00e9riau m\u00e9tallique<\/li>\n<li>USB3.0<\/li>\n<li>Pas besoin d'une application<\/li>\n<li>10 gestion flexible des empreintes digitales<\/li>\n<\/ul>","protected":false},"featured_media":3662,"comment_status":"open","ping_status":"closed","template":"","meta":{"_seopress_robots_primary_cat":"","_seopress_titles_title":"","_seopress_titles_desc":"","_seopress_robots_index":"","site-sidebar-layout":"default","site-content-layout":"","ast-site-content-layout":"","site-content-style":"default","site-sidebar-style":"default","ast-global-header-display":"","ast-banner-title-visibility":"","ast-main-header-display":"","ast-hfb-above-header-display":"","ast-hfb-below-header-display":"","ast-hfb-mobile-header-display":"","site-post-title":"","ast-breadcrumbs-content":"","ast-featured-img":"","footer-sml-layout":"","theme-transparent-header-meta":"","adv-header-id-meta":"","stick-header-meta":"","header-above-stick-meta":"","header-main-stick-meta":"","header-below-stick-meta":"","astra-migrate-meta-layouts":"default","ast-page-background-enabled":"default","ast-page-background-meta":{"desktop":{"background-color":"var(--ast-global-color-5)","background-image":"","background-repeat":"repeat","background-position":"center center","background-size":"auto","background-attachment":"scroll","background-type":"","background-media":"","overlay-type":"","overlay-color":"","overlay-opacity":"","overlay-gradient":""},"tablet":{"background-color":"","background-image":"","background-repeat":"repeat","background-position":"center center","background-size":"auto","background-attachment":"scroll","background-type":"","background-media":"","overlay-type":"","overlay-color":"","overlay-opacity":"","overlay-gradient":""},"mobile":{"background-color":"","background-image":"","background-repeat":"repeat","background-position":"center center","background-size":"auto","background-attachment":"scroll","background-type":"","background-media":"","overlay-type":"","overlay-color":"","overlay-opacity":"","overlay-gradient":""}},"ast-content-background-meta":{"desktop":{"background-color":"var(--ast-global-color-4)","background-image":"","background-repeat":"repeat","background-position":"center center","background-size":"auto","background-attachment":"scroll","background-type":"","background-media":"","overlay-type":"","overlay-color":"","overlay-opacity":"","overlay-gradient":""},"tablet":{"background-color":"var(--ast-global-color-4)","background-image":"","background-repeat":"repeat","background-position":"center center","background-size":"auto","background-attachment":"scroll","background-type":"","background-media":"","overlay-type":"","overlay-color":"","overlay-opacity":"","overlay-gradient":""},"mobile":{"background-color":"var(--ast-global-color-4)","background-image":"","background-repeat":"repeat","background-position":"center center","background-size":"auto","background-attachment":"scroll","background-type":"","background-media":"","overlay-type":"","overlay-color":"","overlay-opacity":"","overlay-gradient":""}}},"product_brand":[],"product_cat":[98,105],"product_tag":[207,206],"class_list":{"0":"post-3658","1":"product","2":"type-product","3":"status-publish","4":"has-post-thumbnail","6":"product_cat-biometric-fingerprint-usb-drive","7":"product_cat-usb-c-pendrive","8":"product_tag-encrypted-usb-drive","9":"product_tag-secure-usb-drive","10":"desktop-align-left","11":"tablet-align-left","12":"mobile-align-left","14":"first","15":"instock","16":"shipping-taxable","17":"product-type-simple"},"_links":{"self":[{"href":"https:\/\/www.usborkeychain.com\/fr\/wp-json\/wp\/v2\/product\/3658","targetHints":{"allow":["GET"]}}],"collection":[{"href":"https:\/\/www.usborkeychain.com\/fr\/wp-json\/wp\/v2\/product"}],"about":[{"href":"https:\/\/www.usborkeychain.com\/fr\/wp-json\/wp\/v2\/types\/product"}],"replies":[{"embeddable":true,"href":"https:\/\/www.usborkeychain.com\/fr\/wp-json\/wp\/v2\/comments?post=3658"}],"wp:featuredmedia":[{"embeddable":true,"href":"https:\/\/www.usborkeychain.com\/fr\/wp-json\/wp\/v2\/media\/3662"}],"wp:attachment":[{"href":"https:\/\/www.usborkeychain.com\/fr\/wp-json\/wp\/v2\/media?parent=3658"}],"wp:term":[{"taxonomy":"product_brand","embeddable":true,"href":"https:\/\/www.usborkeychain.com\/fr\/wp-json\/wp\/v2\/product_brand?post=3658"},{"taxonomy":"product_cat","embeddable":true,"href":"https:\/\/www.usborkeychain.com\/fr\/wp-json\/wp\/v2\/product_cat?post=3658"},{"taxonomy":"product_tag","embeddable":true,"href":"https:\/\/www.usborkeychain.com\/fr\/wp-json\/wp\/v2\/product_tag?post=3658"}],"curies":[{"name":"wp","href":"https:\/\/api.w.org\/{rel}","templated":true}]}}