{"id":3669,"date":"2025-06-30T02:02:40","date_gmt":"2025-06-30T02:02:40","guid":{"rendered":"https:\/\/www.usborkeychain.com\/?post_type=product&#038;p=3669"},"modified":"2025-06-30T02:02:53","modified_gmt":"2025-06-30T02:02:53","slug":"bcu-03-fingerprint-usb-c-encrypted-flash-drive","status":"publish","type":"product","link":"https:\/\/www.usborkeychain.com\/fr\/produit\/bcu-03-fingerprint-usb-c-encrypted-flash-drive\/","title":{"rendered":"BCU-03 Cl\u00e9 USB c crypt\u00e9e avec empreinte digitale"},"content":{"rendered":"<p>La cl\u00e9 USB \u00e0 empreinte digitale BCU-03 est le dernier mod\u00e8le de YOUSAN, un fabricant professionnel de cl\u00e9s USB. Dot\u00e9e d'un corps enti\u00e8rement m\u00e9tallique et d'un syst\u00e8me de cryptage des empreintes digitales, elle est con\u00e7ue pour les entreprises qui ont besoin d'un stockage de donn\u00e9es s\u00e9curis\u00e9. Ce nouveau mod\u00e8le prend en charge le d\u00e9verrouillage par empreinte digitale et le cryptage des partitions, et l'usine propose des services de vente en gros directe et de personnalisation. Il s'agit d'un excellent choix pour les secteurs de la finance et de la technologie en tant que cadeau haut de gamme ou outil de stockage s\u00e9curis\u00e9.<\/p>\n\n\n\n<div class=\"wp-block-columns is-layout-flex wp-container-core-columns-is-layout-28f84493 wp-block-columns-is-layout-flex\">\n<div class=\"wp-block-column is-layout-flow wp-block-column-is-layout-flow\">\n<figure class=\"wp-block-image size-full\"><img alt=\"\" fetchpriority=\"high\" decoding=\"async\" width=\"800\" height=\"800\" src=\"https:\/\/www.usborkeychain.com\/wp-content\/uploads\/Fingerprint-Encrypted-USB-Flash-Drive-Solution.jpg\" class=\"wp-image-3677\" srcset=\"https:\/\/www.usborkeychain.com\/wp-content\/uploads\/Fingerprint-Encrypted-USB-Flash-Drive-Solution.jpg 800w, https:\/\/www.usborkeychain.com\/wp-content\/uploads\/Fingerprint-Encrypted-USB-Flash-Drive-Solution-300x300.jpg 300w, https:\/\/www.usborkeychain.com\/wp-content\/uploads\/Fingerprint-Encrypted-USB-Flash-Drive-Solution-150x150.jpg 150w, https:\/\/www.usborkeychain.com\/wp-content\/uploads\/Fingerprint-Encrypted-USB-Flash-Drive-Solution-768x768.jpg 768w, https:\/\/www.usborkeychain.com\/wp-content\/uploads\/Fingerprint-Encrypted-USB-Flash-Drive-Solution-12x12.jpg 12w, https:\/\/www.usborkeychain.com\/wp-content\/uploads\/Fingerprint-Encrypted-USB-Flash-Drive-Solution-600x600.jpg 600w, https:\/\/www.usborkeychain.com\/wp-content\/uploads\/Fingerprint-Encrypted-USB-Flash-Drive-Solution-100x100.jpg 100w\" sizes=\"(max-width: 800px) 100vw, 800px\" \/><\/figure>\n<\/div>\n\n\n\n<div class=\"wp-block-column is-layout-flow wp-block-column-is-layout-flow\">\n<figure class=\"wp-block-image size-full\"><img alt=\"\" decoding=\"async\" width=\"800\" height=\"800\" src=\"https:\/\/www.usborkeychain.com\/wp-content\/uploads\/Fingerprint-Encrypted-USB-Flash-Drive-Manufacturer.jpg\" class=\"wp-image-3674\" srcset=\"https:\/\/www.usborkeychain.com\/wp-content\/uploads\/Fingerprint-Encrypted-USB-Flash-Drive-Manufacturer.jpg 800w, https:\/\/www.usborkeychain.com\/wp-content\/uploads\/Fingerprint-Encrypted-USB-Flash-Drive-Manufacturer-300x300.jpg 300w, https:\/\/www.usborkeychain.com\/wp-content\/uploads\/Fingerprint-Encrypted-USB-Flash-Drive-Manufacturer-150x150.jpg 150w, https:\/\/www.usborkeychain.com\/wp-content\/uploads\/Fingerprint-Encrypted-USB-Flash-Drive-Manufacturer-768x768.jpg 768w, https:\/\/www.usborkeychain.com\/wp-content\/uploads\/Fingerprint-Encrypted-USB-Flash-Drive-Manufacturer-12x12.jpg 12w, https:\/\/www.usborkeychain.com\/wp-content\/uploads\/Fingerprint-Encrypted-USB-Flash-Drive-Manufacturer-600x600.jpg 600w, https:\/\/www.usborkeychain.com\/wp-content\/uploads\/Fingerprint-Encrypted-USB-Flash-Drive-Manufacturer-100x100.jpg 100w\" sizes=\"(max-width: 800px) 100vw, 800px\" \/><\/figure>\n<\/div>\n<\/div>\n\n\n\n<h2 class=\"wp-block-heading\">Quelle est la particularit\u00e9 de la conception du BCU-03 ?<\/h2>\n\n\n\n<p>Fabriqu\u00e9 en aluminium de haute qualit\u00e9, le BCU-03 est dot\u00e9 d'un capuchon m\u00e9tallique amovible et d'un anneau pour porte-cl\u00e9s afin d'\u00e9viter de le perdre. Il fonctionne avec les ordinateurs et les t\u00e9l\u00e9phones via l'USB3.0 (jusqu'\u00e0 5 Gbps) et l'adaptateur OTG (non inclus). Disponible en argent et en gris gunmetal, la surface anodis\u00e9e est r\u00e9sistante aux rayures. Les couleurs personnalis\u00e9es sont disponibles \u00e0 partir de 100 pi\u00e8ces.<\/p>\n\n\n\n<h2 class=\"wp-block-heading\">Principales sp\u00e9cifications<\/h2>\n\n\n\n<figure class=\"wp-block-table\"><table class=\"has-fixed-layout\"><thead><tr><th>Param\u00e8tres<\/th><th>D\u00e9tails<\/th><\/tr><\/thead><tbody><tr><td>Interface<\/td><td>USB3.0 (fonctionne avec USB2.0 et t\u00e9l\u00e9phones via OTG)<\/td><\/tr><tr><td>Capacit\u00e9<\/td><td>32GB\/64GB\/128GB\/256GB\/512GB (customizable)<\/td><\/tr><tr><td>Mat\u00e9riau<\/td><td>Corps en aluminium, finition anodis\u00e9e, design porte-cl\u00e9s<\/td><\/tr><tr><td>Empreinte digitale<\/td><td>Cryptage mat\u00e9riel AES-256, double s\u00e9curit\u00e9, d\u00e9verrouillage par empreinte digitale &lt;0,3s<\/td><\/tr><tr><td>Cloisons<\/td><td>1 compte administrateur + 10 empreintes digitales d'utilisateurs, 2 partitions : normale et crypt\u00e9e<\/td><\/tr><tr><td>Personnalisation<\/td><td>Gravure laser\/logotype s\u00e9rigraphi\u00e9, emballage personnalis\u00e9 (100+ pcs, factory direct)<\/td><\/tr><tr><td>Durabilit\u00e9<\/td><td>-20\u2103~60\u2103 temp\u00e9rature de fonctionnement, test de chute de 1,5 m r\u00e9ussi<\/td><\/tr><\/tbody><\/table><\/figure>\n\n\n\n<h2 class=\"wp-block-heading\">Comment BCU-03 crypte-t-il les donn\u00e9es ?<\/h2>\n\n\n\n<p>BCU-03 utilise le cryptage AES-256 (le m\u00eame niveau que les banques) avec une double s\u00e9curit\u00e9 : vous d\u00e9finissez d'abord une empreinte digitale d'administrateur, puis vous l'utilisez pour d\u00e9verrouiller la partition crypt\u00e9e. Cela permet d'emp\u00eacher les acc\u00e8s non autoris\u00e9s et la falsification des donn\u00e9es. L'usine fournit des rapports de test de cryptage pour une plus grande tranquillit\u00e9 d'esprit.<\/p>\n\n\n\n<div class=\"wp-block-columns is-layout-flex wp-container-core-columns-is-layout-28f84493 wp-block-columns-is-layout-flex\">\n<div class=\"wp-block-column is-layout-flow wp-block-column-is-layout-flow\">\n<figure class=\"wp-block-image size-full\"><img alt=\"\" decoding=\"async\" width=\"800\" height=\"800\" src=\"https:\/\/www.usborkeychain.com\/wp-content\/uploads\/Fingerprint-Encrypted-USB-Flash-Drive-Solution-provider.jpg\" class=\"wp-image-3676\" srcset=\"https:\/\/www.usborkeychain.com\/wp-content\/uploads\/Fingerprint-Encrypted-USB-Flash-Drive-Solution-provider.jpg 800w, https:\/\/www.usborkeychain.com\/wp-content\/uploads\/Fingerprint-Encrypted-USB-Flash-Drive-Solution-provider-300x300.jpg 300w, https:\/\/www.usborkeychain.com\/wp-content\/uploads\/Fingerprint-Encrypted-USB-Flash-Drive-Solution-provider-150x150.jpg 150w, https:\/\/www.usborkeychain.com\/wp-content\/uploads\/Fingerprint-Encrypted-USB-Flash-Drive-Solution-provider-768x768.jpg 768w, https:\/\/www.usborkeychain.com\/wp-content\/uploads\/Fingerprint-Encrypted-USB-Flash-Drive-Solution-provider-12x12.jpg 12w, https:\/\/www.usborkeychain.com\/wp-content\/uploads\/Fingerprint-Encrypted-USB-Flash-Drive-Solution-provider-600x600.jpg 600w, https:\/\/www.usborkeychain.com\/wp-content\/uploads\/Fingerprint-Encrypted-USB-Flash-Drive-Solution-provider-100x100.jpg 100w\" sizes=\"(max-width: 800px) 100vw, 800px\" \/><\/figure>\n<\/div>\n\n\n\n<div class=\"wp-block-column is-layout-flow wp-block-column-is-layout-flow\">\n<figure class=\"wp-block-image size-full\"><img alt=\"\" loading=\"lazy\" decoding=\"async\" width=\"800\" height=\"800\" src=\"https:\/\/www.usborkeychain.com\/wp-content\/uploads\/Fingerprint-Encrypted-USB-Flash-Drive-Brand-1.jpg\" class=\"wp-image-3673\" srcset=\"https:\/\/www.usborkeychain.com\/wp-content\/uploads\/Fingerprint-Encrypted-USB-Flash-Drive-Brand-1.jpg 800w, https:\/\/www.usborkeychain.com\/wp-content\/uploads\/Fingerprint-Encrypted-USB-Flash-Drive-Brand-1-300x300.jpg 300w, https:\/\/www.usborkeychain.com\/wp-content\/uploads\/Fingerprint-Encrypted-USB-Flash-Drive-Brand-1-150x150.jpg 150w, https:\/\/www.usborkeychain.com\/wp-content\/uploads\/Fingerprint-Encrypted-USB-Flash-Drive-Brand-1-768x768.jpg 768w, https:\/\/www.usborkeychain.com\/wp-content\/uploads\/Fingerprint-Encrypted-USB-Flash-Drive-Brand-1-12x12.jpg 12w, https:\/\/www.usborkeychain.com\/wp-content\/uploads\/Fingerprint-Encrypted-USB-Flash-Drive-Brand-1-600x600.jpg 600w, https:\/\/www.usborkeychain.com\/wp-content\/uploads\/Fingerprint-Encrypted-USB-Flash-Drive-Brand-1-100x100.jpg 100w\" sizes=\"(max-width: 800px) 100vw, 800px\" \/><\/figure>\n<\/div>\n<\/div>\n\n\n\n<h2 class=\"wp-block-heading\">Comment fonctionnent les partitions ?<\/h2>\n\n\n\n<p>Il comporte deux partitions : une partition normale pour les fichiers publics et une partition crypt\u00e9e qui n\u00e9cessite un acc\u00e8s par empreinte digitale. L'administrateur peut g\u00e9rer 10 empreintes digitales d'utilisateurs et ajuster la taille des partitions. Cette solution est id\u00e9ale pour les \u00e9quipes des cabinets d'avocats ou des entreprises de conception qui ont besoin de partager et de s\u00e9curiser des fichiers s\u00e9par\u00e9ment.<\/p>\n\n\n\n<div class=\"wp-block-columns is-layout-flex wp-container-core-columns-is-layout-28f84493 wp-block-columns-is-layout-flex\">\n<div class=\"wp-block-column is-layout-flow wp-block-column-is-layout-flow\">\n<figure class=\"wp-block-image size-full\"><img alt=\"\" loading=\"lazy\" decoding=\"async\" width=\"800\" height=\"800\" src=\"https:\/\/www.usborkeychain.com\/wp-content\/uploads\/Fingerprint-Encrypted-USB-Flash-Drive-Producer.jpg\" class=\"wp-image-3675\" srcset=\"https:\/\/www.usborkeychain.com\/wp-content\/uploads\/Fingerprint-Encrypted-USB-Flash-Drive-Producer.jpg 800w, https:\/\/www.usborkeychain.com\/wp-content\/uploads\/Fingerprint-Encrypted-USB-Flash-Drive-Producer-300x300.jpg 300w, https:\/\/www.usborkeychain.com\/wp-content\/uploads\/Fingerprint-Encrypted-USB-Flash-Drive-Producer-150x150.jpg 150w, https:\/\/www.usborkeychain.com\/wp-content\/uploads\/Fingerprint-Encrypted-USB-Flash-Drive-Producer-768x768.jpg 768w, https:\/\/www.usborkeychain.com\/wp-content\/uploads\/Fingerprint-Encrypted-USB-Flash-Drive-Producer-12x12.jpg 12w, https:\/\/www.usborkeychain.com\/wp-content\/uploads\/Fingerprint-Encrypted-USB-Flash-Drive-Producer-600x600.jpg 600w, https:\/\/www.usborkeychain.com\/wp-content\/uploads\/Fingerprint-Encrypted-USB-Flash-Drive-Producer-100x100.jpg 100w\" sizes=\"(max-width: 800px) 100vw, 800px\" \/><\/figure>\n<\/div>\n\n\n\n<div class=\"wp-block-column is-layout-flow wp-block-column-is-layout-flow\">\n<figure class=\"wp-block-image size-full\"><img alt=\"\" loading=\"lazy\" decoding=\"async\" width=\"800\" height=\"800\" src=\"https:\/\/www.usborkeychain.com\/wp-content\/uploads\/Fingerprint-Encrypted-USB-Flash-Drive-Brand-Retailer.jpg\" class=\"wp-image-3672\" srcset=\"https:\/\/www.usborkeychain.com\/wp-content\/uploads\/Fingerprint-Encrypted-USB-Flash-Drive-Brand-Retailer.jpg 800w, https:\/\/www.usborkeychain.com\/wp-content\/uploads\/Fingerprint-Encrypted-USB-Flash-Drive-Brand-Retailer-300x300.jpg 300w, https:\/\/www.usborkeychain.com\/wp-content\/uploads\/Fingerprint-Encrypted-USB-Flash-Drive-Brand-Retailer-150x150.jpg 150w, https:\/\/www.usborkeychain.com\/wp-content\/uploads\/Fingerprint-Encrypted-USB-Flash-Drive-Brand-Retailer-768x768.jpg 768w, https:\/\/www.usborkeychain.com\/wp-content\/uploads\/Fingerprint-Encrypted-USB-Flash-Drive-Brand-Retailer-12x12.jpg 12w, https:\/\/www.usborkeychain.com\/wp-content\/uploads\/Fingerprint-Encrypted-USB-Flash-Drive-Brand-Retailer-600x600.jpg 600w, https:\/\/www.usborkeychain.com\/wp-content\/uploads\/Fingerprint-Encrypted-USB-Flash-Drive-Brand-Retailer-100x100.jpg 100w\" sizes=\"(max-width: 800px) 100vw, 800px\" \/><\/figure>\n<\/div>\n<\/div>\n\n\n\n<h2 class=\"wp-block-heading\">A-t-il besoin d'une application ?<\/h2>\n\n\n\n<p>Aucune application n'est n\u00e9cessaire : il suffit de brancher l'appareil et de le faire fonctionner. Pour les t\u00e9l\u00e9phones, utilisez un adaptateur OTG (vendu s\u00e9par\u00e9ment). Il fonctionne avec Android\/iOS, et le verrouillage par empreinte digitale reste actif sur le mobile. L'usine peut fournir des adaptateurs pour les commandes en gros.<\/p>\n\n\n\n<p>La cl\u00e9 USB \u00e0 empreintes digitales BCU-03 combine un design m\u00e9tallique anti-perte, une vitesse USB3.0 et un cryptage AES-256. L'usine offre des services de bout en bout, de la personnalisation de la capacit\u00e9 \u00e0 la gravure du logo, ce qui la rend id\u00e9ale pour les entreprises souhaitant un stockage s\u00e9curis\u00e9 ou des cadeaux de marque.<\/p>","protected":false},"excerpt":{"rendered":"<ul>\n<li>Lecteur usb c crypt\u00e9<\/li>\n<li>Mat\u00e9riau m\u00e9tallique<\/li>\n<li>Cl\u00e9 USB s\u00e9curis\u00e9e<\/li>\n<li>10 gestion flexible des empreintes digitales<\/li>\n<li>Pas besoin d'une application<\/li>\n<li>Dispose de 2 partitions<\/li>\n<\/ul>","protected":false},"featured_media":3678,"comment_status":"open","ping_status":"closed","template":"","meta":{"_seopress_robots_primary_cat":"","_seopress_titles_title":"","_seopress_titles_desc":"","_seopress_robots_index":"","site-sidebar-layout":"default","site-content-layout":"","ast-site-content-layout":"","site-content-style":"default","site-sidebar-style":"default","ast-global-header-display":"","ast-banner-title-visibility":"","ast-main-header-display":"","ast-hfb-above-header-display":"","ast-hfb-below-header-display":"","ast-hfb-mobile-header-display":"","site-post-title":"","ast-breadcrumbs-content":"","ast-featured-img":"","footer-sml-layout":"","theme-transparent-header-meta":"","adv-header-id-meta":"","stick-header-meta":"","header-above-stick-meta":"","header-main-stick-meta":"","header-below-stick-meta":"","astra-migrate-meta-layouts":"default","ast-page-background-enabled":"default","ast-page-background-meta":{"desktop":{"background-color":"var(--ast-global-color-5)","background-image":"","background-repeat":"repeat","background-position":"center center","background-size":"auto","background-attachment":"scroll","background-type":"","background-media":"","overlay-type":"","overlay-color":"","overlay-opacity":"","overlay-gradient":""},"tablet":{"background-color":"","background-image":"","background-repeat":"repeat","background-position":"center center","background-size":"auto","background-attachment":"scroll","background-type":"","background-media":"","overlay-type":"","overlay-color":"","overlay-opacity":"","overlay-gradient":""},"mobile":{"background-color":"","background-image":"","background-repeat":"repeat","background-position":"center center","background-size":"auto","background-attachment":"scroll","background-type":"","background-media":"","overlay-type":"","overlay-color":"","overlay-opacity":"","overlay-gradient":""}},"ast-content-background-meta":{"desktop":{"background-color":"var(--ast-global-color-4)","background-image":"","background-repeat":"repeat","background-position":"center center","background-size":"auto","background-attachment":"scroll","background-type":"","background-media":"","overlay-type":"","overlay-color":"","overlay-opacity":"","overlay-gradient":""},"tablet":{"background-color":"var(--ast-global-color-4)","background-image":"","background-repeat":"repeat","background-position":"center center","background-size":"auto","background-attachment":"scroll","background-type":"","background-media":"","overlay-type":"","overlay-color":"","overlay-opacity":"","overlay-gradient":""},"mobile":{"background-color":"var(--ast-global-color-4)","background-image":"","background-repeat":"repeat","background-position":"center center","background-size":"auto","background-attachment":"scroll","background-type":"","background-media":"","overlay-type":"","overlay-color":"","overlay-opacity":"","overlay-gradient":""}}},"product_brand":[],"product_cat":[98,105],"product_tag":[207,206],"class_list":{"0":"post-3669","1":"product","2":"type-product","3":"status-publish","4":"has-post-thumbnail","6":"product_cat-biometric-fingerprint-usb-drive","7":"product_cat-usb-c-pendrive","8":"product_tag-encrypted-usb-drive","9":"product_tag-secure-usb-drive","10":"desktop-align-left","11":"tablet-align-left","12":"mobile-align-left","14":"first","15":"instock","16":"shipping-taxable","17":"product-type-simple"},"_links":{"self":[{"href":"https:\/\/www.usborkeychain.com\/fr\/wp-json\/wp\/v2\/product\/3669","targetHints":{"allow":["GET"]}}],"collection":[{"href":"https:\/\/www.usborkeychain.com\/fr\/wp-json\/wp\/v2\/product"}],"about":[{"href":"https:\/\/www.usborkeychain.com\/fr\/wp-json\/wp\/v2\/types\/product"}],"replies":[{"embeddable":true,"href":"https:\/\/www.usborkeychain.com\/fr\/wp-json\/wp\/v2\/comments?post=3669"}],"wp:featuredmedia":[{"embeddable":true,"href":"https:\/\/www.usborkeychain.com\/fr\/wp-json\/wp\/v2\/media\/3678"}],"wp:attachment":[{"href":"https:\/\/www.usborkeychain.com\/fr\/wp-json\/wp\/v2\/media?parent=3669"}],"wp:term":[{"taxonomy":"product_brand","embeddable":true,"href":"https:\/\/www.usborkeychain.com\/fr\/wp-json\/wp\/v2\/product_brand?post=3669"},{"taxonomy":"product_cat","embeddable":true,"href":"https:\/\/www.usborkeychain.com\/fr\/wp-json\/wp\/v2\/product_cat?post=3669"},{"taxonomy":"product_tag","embeddable":true,"href":"https:\/\/www.usborkeychain.com\/fr\/wp-json\/wp\/v2\/product_tag?post=3669"}],"curies":[{"name":"wp","href":"https:\/\/api.w.org\/{rel}","templated":true}]}}