{"id":3683,"date":"2025-06-30T03:32:54","date_gmt":"2025-06-30T03:32:54","guid":{"rendered":"https:\/\/www.usborkeychain.com\/?post_type=product&#038;p=3683"},"modified":"2025-08-17T13:17:15","modified_gmt":"2025-08-17T13:17:15","slug":"metal-twist-usb-flash-drive-for-iphone","status":"publish","type":"product","link":"https:\/\/www.usborkeychain.com\/fr\/produit\/metal-twist-usb-flash-drive-for-iphone\/","title":{"rendered":"Cl\u00e9 USB Twist en m\u00e9tal \u00e0 motifs pour iphone"},"content":{"rendered":"<p>La cl\u00e9 USB rotative en m\u00e9tal \u00e0 motifs pour t\u00e9l\u00e9phones est une nouveaut\u00e9 2024 de YOUSAN, l'un des principaux fabricants de cl\u00e9s USB. Dot\u00e9e d'un corps en alliage de zinc et d'une conception \u00e0 double interface, cette cl\u00e9 USB permet un transfert de donn\u00e9es transparent entre les t\u00e9l\u00e9phones et les ordinateurs. Le corps enti\u00e8rement m\u00e9tallique est grav\u00e9 de textures hexagonales antid\u00e9rapantes, tandis que le trou de serrure triangulaire sur le dessus ajoute \u00e0 la fois \u00e0 la fonctionnalit\u00e9 et au caract\u00e8re distinctif.<\/p>\n\n\n\n<div class=\"wp-block-columns is-layout-flex wp-container-core-columns-is-layout-28f84493 wp-block-columns-is-layout-flex\">\n<div class=\"wp-block-column is-layout-flow wp-block-column-is-layout-flow\">\n<figure class=\"wp-block-image size-full\"><img alt=\"\" fetchpriority=\"high\" decoding=\"async\" width=\"800\" height=\"800\" src=\"https:\/\/www.usborkeychain.com\/wp-content\/uploads\/siliver-colored-usb-a-and-usb-c-flash-drive-1.jpg\" class=\"wp-image-3691\" srcset=\"https:\/\/www.usborkeychain.com\/wp-content\/uploads\/siliver-colored-usb-a-and-usb-c-flash-drive-1.jpg 800w, https:\/\/www.usborkeychain.com\/wp-content\/uploads\/siliver-colored-usb-a-and-usb-c-flash-drive-1-300x300.jpg 300w, https:\/\/www.usborkeychain.com\/wp-content\/uploads\/siliver-colored-usb-a-and-usb-c-flash-drive-1-150x150.jpg 150w, https:\/\/www.usborkeychain.com\/wp-content\/uploads\/siliver-colored-usb-a-and-usb-c-flash-drive-1-768x768.jpg 768w, https:\/\/www.usborkeychain.com\/wp-content\/uploads\/siliver-colored-usb-a-and-usb-c-flash-drive-1-12x12.jpg 12w, https:\/\/www.usborkeychain.com\/wp-content\/uploads\/siliver-colored-usb-a-and-usb-c-flash-drive-1-600x600.jpg 600w, https:\/\/www.usborkeychain.com\/wp-content\/uploads\/siliver-colored-usb-a-and-usb-c-flash-drive-1-100x100.jpg 100w\" sizes=\"(max-width: 800px) 100vw, 800px\" \/><\/figure>\n<\/div>\n\n\n\n<div class=\"wp-block-column is-layout-flow wp-block-column-is-layout-flow\">\n<figure class=\"wp-block-image size-full\"><img alt=\"\" decoding=\"async\" width=\"800\" height=\"800\" src=\"https:\/\/www.usborkeychain.com\/wp-content\/uploads\/new-style-colored-usb-a-and-usb-c-flash-drive-1.jpg\" class=\"wp-image-3690\" srcset=\"https:\/\/www.usborkeychain.com\/wp-content\/uploads\/new-style-colored-usb-a-and-usb-c-flash-drive-1.jpg 800w, https:\/\/www.usborkeychain.com\/wp-content\/uploads\/new-style-colored-usb-a-and-usb-c-flash-drive-1-300x300.jpg 300w, https:\/\/www.usborkeychain.com\/wp-content\/uploads\/new-style-colored-usb-a-and-usb-c-flash-drive-1-150x150.jpg 150w, https:\/\/www.usborkeychain.com\/wp-content\/uploads\/new-style-colored-usb-a-and-usb-c-flash-drive-1-768x768.jpg 768w, https:\/\/www.usborkeychain.com\/wp-content\/uploads\/new-style-colored-usb-a-and-usb-c-flash-drive-1-12x12.jpg 12w, https:\/\/www.usborkeychain.com\/wp-content\/uploads\/new-style-colored-usb-a-and-usb-c-flash-drive-1-600x600.jpg 600w, https:\/\/www.usborkeychain.com\/wp-content\/uploads\/new-style-colored-usb-a-and-usb-c-flash-drive-1-100x100.jpg 100w\" sizes=\"(max-width: 800px) 100vw, 800px\" \/><\/figure>\n<\/div>\n<\/div>\n\n\n\n<p><\/p>\n\n\n\n<h2 class=\"wp-block-heading\">Qu'y a-t-il d'unique dans la conception de l'USB rotative en m\u00e9tal ?<\/h2>\n\n\n\n<p>Contrairement aux cl\u00e9s USB traditionnelles en m\u00e9tal lisse, ce mod\u00e8le pr\u00e9sente des motifs 3D hexagonaux innovants sur le bo\u00eetier en alliage de zinc, am\u00e9liorant la prise en main par 30%. Le trou de serrure triangulaire permet de l'attacher directement \u00e0 des porte-cl\u00e9s ou \u00e0 des sacs, et elle passe un test de chute de 1,5 m pour r\u00e9pondre aux probl\u00e8mes de perte courants. Le couvercle rotatif \u00e0 fermeture magn\u00e9tique r\u00e9v\u00e8le les ports USB 3.0 et Type-C lorsqu'il est tordu, favorisant l'utilisation plug-and-play sur les ordinateurs Windows\/macOS et les t\u00e9l\u00e9phones Android\/iOS.<\/p>\n\n\n\n<div class=\"wp-block-columns is-layout-flex wp-container-core-columns-is-layout-28f84493 wp-block-columns-is-layout-flex\">\n<div class=\"wp-block-column is-layout-flow wp-block-column-is-layout-flow\">\n<figure class=\"wp-block-image size-full\"><img alt=\"\" decoding=\"async\" width=\"800\" height=\"800\" src=\"https:\/\/www.usborkeychain.com\/wp-content\/uploads\/gun-colored-usb-a-and-usb-c-flash-drive-manuufacturer.jpg\" class=\"wp-image-3687\" srcset=\"https:\/\/www.usborkeychain.com\/wp-content\/uploads\/gun-colored-usb-a-and-usb-c-flash-drive-manuufacturer.jpg 800w, https:\/\/www.usborkeychain.com\/wp-content\/uploads\/gun-colored-usb-a-and-usb-c-flash-drive-manuufacturer-300x300.jpg 300w, https:\/\/www.usborkeychain.com\/wp-content\/uploads\/gun-colored-usb-a-and-usb-c-flash-drive-manuufacturer-150x150.jpg 150w, https:\/\/www.usborkeychain.com\/wp-content\/uploads\/gun-colored-usb-a-and-usb-c-flash-drive-manuufacturer-768x768.jpg 768w, https:\/\/www.usborkeychain.com\/wp-content\/uploads\/gun-colored-usb-a-and-usb-c-flash-drive-manuufacturer-12x12.jpg 12w, https:\/\/www.usborkeychain.com\/wp-content\/uploads\/gun-colored-usb-a-and-usb-c-flash-drive-manuufacturer-600x600.jpg 600w, https:\/\/www.usborkeychain.com\/wp-content\/uploads\/gun-colored-usb-a-and-usb-c-flash-drive-manuufacturer-100x100.jpg 100w\" sizes=\"(max-width: 800px) 100vw, 800px\" \/><\/figure>\n<\/div>\n\n\n\n<div class=\"wp-block-column is-layout-flow wp-block-column-is-layout-flow\">\n<figure class=\"wp-block-image size-full\"><img alt=\"\" loading=\"lazy\" decoding=\"async\" width=\"800\" height=\"800\" src=\"https:\/\/www.usborkeychain.com\/wp-content\/uploads\/gun-colored-usb-a-and-usb-c-flash-drive.jpg\" class=\"wp-image-3686\" srcset=\"https:\/\/www.usborkeychain.com\/wp-content\/uploads\/gun-colored-usb-a-and-usb-c-flash-drive.jpg 800w, https:\/\/www.usborkeychain.com\/wp-content\/uploads\/gun-colored-usb-a-and-usb-c-flash-drive-300x300.jpg 300w, https:\/\/www.usborkeychain.com\/wp-content\/uploads\/gun-colored-usb-a-and-usb-c-flash-drive-150x150.jpg 150w, https:\/\/www.usborkeychain.com\/wp-content\/uploads\/gun-colored-usb-a-and-usb-c-flash-drive-768x768.jpg 768w, https:\/\/www.usborkeychain.com\/wp-content\/uploads\/gun-colored-usb-a-and-usb-c-flash-drive-12x12.jpg 12w, https:\/\/www.usborkeychain.com\/wp-content\/uploads\/gun-colored-usb-a-and-usb-c-flash-drive-600x600.jpg 600w, https:\/\/www.usborkeychain.com\/wp-content\/uploads\/gun-colored-usb-a-and-usb-c-flash-drive-100x100.jpg 100w\" sizes=\"(max-width: 800px) 100vw, 800px\" \/><\/figure>\n<\/div>\n<\/div>\n\n\n\n<h2 class=\"wp-block-heading\">Sp\u00e9cifications de base<\/h2>\n\n\n\n<figure class=\"wp-block-table\"><table class=\"has-fixed-layout\"><thead><tr><th>Param\u00e8tres<\/th><th>D\u00e9tails<\/th><\/tr><\/thead><tbody><tr><td>Interfaces<\/td><td>Double interface USB 3.0 + Type-C (compatible OTG pour les t\u00e9l\u00e9phones\/tablettes)<\/td><\/tr><tr><td>Capacit\u00e9<\/td><td>32GB\/64GB\/128GB\/256GB<\/td><\/tr><tr><td>Mat\u00e9riau<\/td><td>Corps en alliage de zinc avec gravure hexagonale en 3D, finition anodis\u00e9e pour une meilleure r\u00e9sistance aux rayures.<\/td><\/tr><tr><td>Vitesse de transfert<\/td><td>Lecture maximale : 130 Mo\/s, \u00e9criture maximale : 40MB\/s (50% plus rapide pour les gros fichiers dans les tests)<\/td><\/tr><tr><td>Personnalisation<\/td><td>Logo grav\u00e9 au laser <\/td><\/tr><tr><td>Durabilit\u00e9<\/td><td>Temp\u00e9rature de fonctionnement : -20\u2103~60\u2103, test\u00e9 en chute de 1,5 m, p\u00e8se 17g (avec porte-cl\u00e9s).<\/td><\/tr><tr><td>Couleurs<\/td><td>Argent mat \/ gris gunmetal bross\u00e9 (couleurs personnalis\u00e9es disponibles pour les commandes en gros)<\/td><\/tr><\/tbody><\/table><\/figure>\n\n\n\n<h2 class=\"wp-block-heading\">Le logo personnalis\u00e9 peut-il \u00eatre appos\u00e9 sur l'USB rotative en m\u00e9tal ?<\/h2>\n\n\n\n<p>Options de personnalisation du logo :<\/p>\n\n\n\n<ul class=\"wp-block-list\">\n<li><strong>Face avant<\/strong>: Conserve les motifs hexagonaux,\u00a0<strong>pas de personnalisation du logo<\/strong><\/li>\n\n\n\n<li><strong>Face arri\u00e8re<\/strong>: La surface plate enti\u00e8rement m\u00e9tallique permet de graver au laser le nom de l'entreprise, ses coordonn\u00e9es ou des dessins d'une profondeur de 0,1 mm pour une visibilit\u00e9 durable.<br>L'usine utilise des \u00e9quipements laser import\u00e9s d'Allemagne pour une pr\u00e9cision de 0,01 mm. Les commandes de plus de 100 unit\u00e9s b\u00e9n\u00e9ficient de services de conception 3D gratuits, la production de masse commen\u00e7ant trois jours ouvrables apr\u00e8s l'approbation de l'\u00e9chantillon.<\/li>\n<\/ul>\n\n\n\n<p>La cl\u00e9 USB rotative en m\u00e9tal pour t\u00e9l\u00e9phones combine un corps anti-chute en alliage de zinc, un transfert USB 3.0 \u00e0 grande vitesse et une conception \u00e0 double interface. Avec des services de bout en bout depuis l'usine source, allant de la personnalisation de la capacit\u00e9 \u00e0 la gravure du logo, c'est un choix id\u00e9al pour le stockage de donn\u00e9es d'entreprise et la vente en gros de cadeaux de marque.<\/p>\n\n\n\n<p><\/p>","protected":false},"excerpt":{"rendered":"<ul>\n<li>Mod\u00e8les \u00e0 motifs<\/li>\n<li>Cl\u00e9 USB Metal Twist<\/li>\n<li>USB3.0<\/li>\n<li>Logo Cudtom<\/li>\n<li>MOQ:100PCS<\/li>\n<\/ul>","protected":false},"featured_media":3690,"comment_status":"open","ping_status":"closed","template":"","meta":{"_seopress_robots_primary_cat":"none","_seopress_titles_title":"","_seopress_titles_desc":"","_seopress_robots_index":"","site-sidebar-layout":"default","site-content-layout":"","ast-site-content-layout":"","site-content-style":"default","site-sidebar-style":"default","ast-global-header-display":"","ast-banner-title-visibility":"","ast-main-header-display":"","ast-hfb-above-header-display":"","ast-hfb-below-header-display":"","ast-hfb-mobile-header-display":"","site-post-title":"","ast-breadcrumbs-content":"","ast-featured-img":"","footer-sml-layout":"","theme-transparent-header-meta":"","adv-header-id-meta":"","stick-header-meta":"","header-above-stick-meta":"","header-main-stick-meta":"","header-below-stick-meta":"","astra-migrate-meta-layouts":"default","ast-page-background-enabled":"default","ast-page-background-meta":{"desktop":{"background-color":"var(--ast-global-color-5)","background-image":"","background-repeat":"repeat","background-position":"center center","background-size":"auto","background-attachment":"scroll","background-type":"","background-media":"","overlay-type":"","overlay-color":"","overlay-opacity":"","overlay-gradient":""},"tablet":{"background-color":"","background-image":"","background-repeat":"repeat","background-position":"center center","background-size":"auto","background-attachment":"scroll","background-type":"","background-media":"","overlay-type":"","overlay-color":"","overlay-opacity":"","overlay-gradient":""},"mobile":{"background-color":"","background-image":"","background-repeat":"repeat","background-position":"center center","background-size":"auto","background-attachment":"scroll","background-type":"","background-media":"","overlay-type":"","overlay-color":"","overlay-opacity":"","overlay-gradient":""}},"ast-content-background-meta":{"desktop":{"background-color":"var(--ast-global-color-4)","background-image":"","background-repeat":"repeat","background-position":"center center","background-size":"auto","background-attachment":"scroll","background-type":"","background-media":"","overlay-type":"","overlay-color":"","overlay-opacity":"","overlay-gradient":""},"tablet":{"background-color":"var(--ast-global-color-4)","background-image":"","background-repeat":"repeat","background-position":"center center","background-size":"auto","background-attachment":"scroll","background-type":"","background-media":"","overlay-type":"","overlay-color":"","overlay-opacity":"","overlay-gradient":""},"mobile":{"background-color":"var(--ast-global-color-4)","background-image":"","background-repeat":"repeat","background-position":"center center","background-size":"auto","background-attachment":"scroll","background-type":"","background-media":"","overlay-type":"","overlay-color":"","overlay-opacity":"","overlay-gradient":""}}},"product_brand":[],"product_cat":[106,105,104],"product_tag":[189,406],"class_list":{"0":"post-3683","1":"product","2":"type-product","3":"status-publish","4":"has-post-thumbnail","6":"product_cat-rotating-usb-pendrive","7":"product_cat-usb-c-pendrive","8":"product_cat-usb3-0-usb-pendrive","9":"product_tag-metal-rotate-usb-flash-drive-for-iphone","10":"product_tag-metal-swivel-usb-drive","11":"desktop-align-left","12":"tablet-align-left","13":"mobile-align-left","15":"first","16":"instock","17":"shipping-taxable","18":"product-type-simple"},"_links":{"self":[{"href":"https:\/\/www.usborkeychain.com\/fr\/wp-json\/wp\/v2\/product\/3683","targetHints":{"allow":["GET"]}}],"collection":[{"href":"https:\/\/www.usborkeychain.com\/fr\/wp-json\/wp\/v2\/product"}],"about":[{"href":"https:\/\/www.usborkeychain.com\/fr\/wp-json\/wp\/v2\/types\/product"}],"replies":[{"embeddable":true,"href":"https:\/\/www.usborkeychain.com\/fr\/wp-json\/wp\/v2\/comments?post=3683"}],"wp:featuredmedia":[{"embeddable":true,"href":"https:\/\/www.usborkeychain.com\/fr\/wp-json\/wp\/v2\/media\/3690"}],"wp:attachment":[{"href":"https:\/\/www.usborkeychain.com\/fr\/wp-json\/wp\/v2\/media?parent=3683"}],"wp:term":[{"taxonomy":"product_brand","embeddable":true,"href":"https:\/\/www.usborkeychain.com\/fr\/wp-json\/wp\/v2\/product_brand?post=3683"},{"taxonomy":"product_cat","embeddable":true,"href":"https:\/\/www.usborkeychain.com\/fr\/wp-json\/wp\/v2\/product_cat?post=3683"},{"taxonomy":"product_tag","embeddable":true,"href":"https:\/\/www.usborkeychain.com\/fr\/wp-json\/wp\/v2\/product_tag?post=3683"}],"curies":[{"name":"wp","href":"https:\/\/api.w.org\/{rel}","templated":true}]}}