{"id":3693,"date":"2025-07-01T01:10:15","date_gmt":"2025-07-01T01:10:15","guid":{"rendered":"https:\/\/www.usborkeychain.com\/?post_type=product&#038;p=3693"},"modified":"2025-07-24T09:14:38","modified_gmt":"2025-07-24T09:14:38","slug":"biodegradable-key-shaped-usb-flash-drive","status":"publish","type":"product","link":"https:\/\/www.usborkeychain.com\/fr\/produit\/biodegradable-key-shaped-usb-flash-drive\/","title":{"rendered":"Cl\u00e9 USB biod\u00e9gradable en forme de cl\u00e9"},"content":{"rendered":"<p><\/p>\n\n\n\n<div class=\"wp-block-columns is-layout-flex wp-container-core-columns-is-layout-28f84493 wp-block-columns-is-layout-flex\">\n<div class=\"wp-block-column is-layout-flow wp-block-column-is-layout-flow\">\n<figure class=\"wp-block-image size-full\"><img fetchpriority=\"high\" decoding=\"async\" width=\"800\" height=\"800\" src=\"https:\/\/www.usborkeychain.com\/wp-content\/uploads\/key-shaped-usb-flash-drive.jpg\" alt=\"key-shaped-usb-flash-drive\" class=\"wp-image-3696\" srcset=\"https:\/\/www.usborkeychain.com\/wp-content\/uploads\/key-shaped-usb-flash-drive.jpg 800w, https:\/\/www.usborkeychain.com\/wp-content\/uploads\/key-shaped-usb-flash-drive-300x300.jpg 300w, https:\/\/www.usborkeychain.com\/wp-content\/uploads\/key-shaped-usb-flash-drive-150x150.jpg 150w, https:\/\/www.usborkeychain.com\/wp-content\/uploads\/key-shaped-usb-flash-drive-768x768.jpg 768w, https:\/\/www.usborkeychain.com\/wp-content\/uploads\/key-shaped-usb-flash-drive-12x12.jpg 12w, https:\/\/www.usborkeychain.com\/wp-content\/uploads\/key-shaped-usb-flash-drive-600x600.jpg 600w, https:\/\/www.usborkeychain.com\/wp-content\/uploads\/key-shaped-usb-flash-drive-100x100.jpg 100w\" sizes=\"(max-width: 800px) 100vw, 800px\" \/><\/figure>\n<\/div>\n\n\n\n<div class=\"wp-block-column is-vertically-aligned-center is-layout-flow wp-block-column-is-layout-flow\">\n<p>Notre usine pr\u00e9sente la s\u00e9rie de cl\u00e9s USB biod\u00e9gradables en forme de cl\u00e9, avec 4 mod\u00e8les de t\u00eates classiques : triangulaire, ronde, en forme de maison et ovale. <\/p>\n\n\n\n<p>Avec son corps ultra-mince en forme de cl\u00e9 et son mat\u00e9riau biod\u00e9gradable, il est respectueux de l'environnement, peut \u00eatre personnalis\u00e9 par l'entreprise et vendu en gros, et convient aux cadeaux publicitaires, au stockage de donn\u00e9es et \u00e0 bien d'autres choses encore.<\/p>\n<\/div>\n<\/div>\n\n\n\n<h4 class=\"wp-block-heading\">1. Mat\u00e9riau biod\u00e9gradable respectueux de l'environnement<\/h4>\n\n\n\n<p>Fabriqu\u00e9 \u00e0 partir d'un mat\u00e9riau composite d'acide polylactique (PLA) et de PBAT, d\u00e9riv\u00e9 de ressources renouvelables telles que le ma\u00efs. Il se d\u00e9grade naturellement en eau et en dioxyde de carbone, avec un cycle de d\u00e9gradation de seulement 1\/10 du plastique ordinaire, conform\u00e9ment aux normes EN 13432 de l'UE. Permet de personnaliser la couleur du mat\u00e9riau et le logo pour v\u00e9hiculer les concepts \u00e9cologiques de la marque.<\/p>\n\n\n\n<p><\/p>\n\n\n\n<h4 class=\"wp-block-heading\">2. Cl\u00e9 USB triangulaire en forme de cl\u00e9<\/h4>\n\n\n\n<p>Il est dot\u00e9 d'une t\u00eate triangulaire et d'un trou de serrure rond de 5 mm permettant de l'attacher \u00e0 un porte-cl\u00e9s. Offre des interfaces USB 2.0\/USB 3.0 et une technologie UDP \u00e9tanche (survit 30 minutes dans 1 m d'eau). \u00c9paisseur de 3,5 mm, poids de 8 g, capacit\u00e9 de 8 Go \u00e0 128 Go, personnalisation avec logo de marque grav\u00e9 au laser, id\u00e9al pour la vente en gros.<\/p>\n\n\n\n<div class=\"wp-block-columns is-layout-flex wp-container-core-columns-is-layout-28f84493 wp-block-columns-is-layout-flex\">\n<div class=\"wp-block-column is-layout-flow wp-block-column-is-layout-flow\">\n<figure class=\"wp-block-image size-full\"><img alt=\"Triangular Key-Shaped USB Drive\" decoding=\"async\" width=\"800\" height=\"800\" src=\"https:\/\/www.usborkeychain.com\/wp-content\/uploads\/Triangular-Key-Shaped-USB-Drive.jpg\" class=\"wp-image-3698\" srcset=\"https:\/\/www.usborkeychain.com\/wp-content\/uploads\/Triangular-Key-Shaped-USB-Drive.jpg 800w, https:\/\/www.usborkeychain.com\/wp-content\/uploads\/Triangular-Key-Shaped-USB-Drive-300x300.jpg 300w, https:\/\/www.usborkeychain.com\/wp-content\/uploads\/Triangular-Key-Shaped-USB-Drive-150x150.jpg 150w, https:\/\/www.usborkeychain.com\/wp-content\/uploads\/Triangular-Key-Shaped-USB-Drive-768x768.jpg 768w, https:\/\/www.usborkeychain.com\/wp-content\/uploads\/Triangular-Key-Shaped-USB-Drive-12x12.jpg 12w, https:\/\/www.usborkeychain.com\/wp-content\/uploads\/Triangular-Key-Shaped-USB-Drive-600x600.jpg 600w, https:\/\/www.usborkeychain.com\/wp-content\/uploads\/Triangular-Key-Shaped-USB-Drive-100x100.jpg 100w\" sizes=\"(max-width: 800px) 100vw, 800px\" \/><\/figure>\n<\/div>\n\n\n\n<div class=\"wp-block-column is-layout-flow wp-block-column-is-layout-flow\">\n<figure class=\"wp-block-image size-full\"><img decoding=\"async\" width=\"800\" height=\"800\" src=\"https:\/\/www.usborkeychain.com\/wp-content\/uploads\/key-shaped-usb-flash-drive-custom-logo.jpg\" alt=\"key-shaped-usb-flash-drive-custom-logo\" class=\"wp-image-3697\" srcset=\"https:\/\/www.usborkeychain.com\/wp-content\/uploads\/key-shaped-usb-flash-drive-custom-logo.jpg 800w, https:\/\/www.usborkeychain.com\/wp-content\/uploads\/key-shaped-usb-flash-drive-custom-logo-300x300.jpg 300w, https:\/\/www.usborkeychain.com\/wp-content\/uploads\/key-shaped-usb-flash-drive-custom-logo-150x150.jpg 150w, https:\/\/www.usborkeychain.com\/wp-content\/uploads\/key-shaped-usb-flash-drive-custom-logo-768x768.jpg 768w, https:\/\/www.usborkeychain.com\/wp-content\/uploads\/key-shaped-usb-flash-drive-custom-logo-12x12.jpg 12w, https:\/\/www.usborkeychain.com\/wp-content\/uploads\/key-shaped-usb-flash-drive-custom-logo-600x600.jpg 600w, https:\/\/www.usborkeychain.com\/wp-content\/uploads\/key-shaped-usb-flash-drive-custom-logo-100x100.jpg 100w\" sizes=\"(max-width: 800px) 100vw, 800px\" \/><\/figure>\n<\/div>\n<\/div>\n\n\n\n<h4 class=\"wp-block-heading\">3. Cl\u00e9 USB en forme de cl\u00e9 ronde<\/h4>\n\n\n\n<p>Disponible en deux styles : t\u00eate ronde classique de 20 mm (supportant l'impression couleur UV) et t\u00eate ovale plate de 15 mm (2,5 mm d'\u00e9paisseur pour un rangement facile), tous deux avec des trous de serrure standard. Le mod\u00e8le le plus demand\u00e9 permet une personnalisation par s\u00e9rigraphie sur la coque en \u00e9co-mat\u00e9riau. Interface USB 3.0 (r\u00e9trocompatible avec USB 2.0), compatible avec plusieurs syst\u00e8mes. L'usine offre la possibilit\u00e9 de personnaliser la capacit\u00e9 et l'apparence pour les achats de cadeaux en vrac.<\/p>\n\n\n\n<div class=\"wp-block-columns is-layout-flex wp-container-core-columns-is-layout-28f84493 wp-block-columns-is-layout-flex\">\n<div class=\"wp-block-column is-layout-flow wp-block-column-is-layout-flow\">\n<figure class=\"wp-block-image size-full\"><img alt=\"\" loading=\"lazy\" decoding=\"async\" width=\"800\" height=\"800\" src=\"https:\/\/www.usborkeychain.com\/wp-content\/uploads\/Round-Key-Shaped-USB-Drive-pendrive.jpg\" class=\"wp-image-3703\" srcset=\"https:\/\/www.usborkeychain.com\/wp-content\/uploads\/Round-Key-Shaped-USB-Drive-pendrive.jpg 800w, https:\/\/www.usborkeychain.com\/wp-content\/uploads\/Round-Key-Shaped-USB-Drive-pendrive-300x300.jpg 300w, https:\/\/www.usborkeychain.com\/wp-content\/uploads\/Round-Key-Shaped-USB-Drive-pendrive-150x150.jpg 150w, https:\/\/www.usborkeychain.com\/wp-content\/uploads\/Round-Key-Shaped-USB-Drive-pendrive-768x768.jpg 768w, https:\/\/www.usborkeychain.com\/wp-content\/uploads\/Round-Key-Shaped-USB-Drive-pendrive-12x12.jpg 12w, https:\/\/www.usborkeychain.com\/wp-content\/uploads\/Round-Key-Shaped-USB-Drive-pendrive-600x600.jpg 600w, https:\/\/www.usborkeychain.com\/wp-content\/uploads\/Round-Key-Shaped-USB-Drive-pendrive-100x100.jpg 100w\" sizes=\"(max-width: 800px) 100vw, 800px\" \/><\/figure>\n<\/div>\n\n\n\n<div class=\"wp-block-column is-layout-flow wp-block-column-is-layout-flow\">\n<figure class=\"wp-block-image size-full\"><img alt=\"\" loading=\"lazy\" decoding=\"async\" width=\"800\" height=\"800\" src=\"https:\/\/www.usborkeychain.com\/wp-content\/uploads\/Biodegradable-Key-Shaped-USB-Drive.jpg\" class=\"wp-image-3699\" srcset=\"https:\/\/www.usborkeychain.com\/wp-content\/uploads\/Biodegradable-Key-Shaped-USB-Drive.jpg 800w, https:\/\/www.usborkeychain.com\/wp-content\/uploads\/Biodegradable-Key-Shaped-USB-Drive-300x300.jpg 300w, https:\/\/www.usborkeychain.com\/wp-content\/uploads\/Biodegradable-Key-Shaped-USB-Drive-150x150.jpg 150w, https:\/\/www.usborkeychain.com\/wp-content\/uploads\/Biodegradable-Key-Shaped-USB-Drive-768x768.jpg 768w, https:\/\/www.usborkeychain.com\/wp-content\/uploads\/Biodegradable-Key-Shaped-USB-Drive-12x12.jpg 12w, https:\/\/www.usborkeychain.com\/wp-content\/uploads\/Biodegradable-Key-Shaped-USB-Drive-600x600.jpg 600w, https:\/\/www.usborkeychain.com\/wp-content\/uploads\/Biodegradable-Key-Shaped-USB-Drive-100x100.jpg 100w\" sizes=\"(max-width: 800px) 100vw, 800px\" \/><\/figure>\n<\/div>\n<\/div>\n\n\n\n<h4 class=\"wp-block-heading\">4. Cl\u00e9 USB en forme de maison<\/h4>\n\n\n\n<p>La t\u00eate imite la pente d'un toit, avec un corps mince de 2 mm (poids de 5 g) qui se glisse dans un portefeuille. R\u00e9sistant aux chutes de 1,5 m, l'interface USB 2.0 garantit une transmission stable et une dur\u00e9e de stockage de 100 000 cycles. La surface du toit permet d'imprimer des LOGO, ce qui est parfait pour les marques de l'immobilier et de la cr\u00e9ativit\u00e9 culturelle. L'usine offre un service de personnalisation unique pour stimuler la promotion de la marque.<\/p>\n\n\n\n<div class=\"wp-block-columns is-layout-flex wp-container-core-columns-is-layout-28f84493 wp-block-columns-is-layout-flex\">\n<div class=\"wp-block-column is-layout-flow wp-block-column-is-layout-flow\">\n<figure class=\"wp-block-image size-full\"><img alt=\"\" loading=\"lazy\" decoding=\"async\" width=\"800\" height=\"800\" src=\"https:\/\/www.usborkeychain.com\/wp-content\/uploads\/house-shaepd-usb-flash-drive.jpg\" class=\"wp-image-3700\" srcset=\"https:\/\/www.usborkeychain.com\/wp-content\/uploads\/house-shaepd-usb-flash-drive.jpg 800w, https:\/\/www.usborkeychain.com\/wp-content\/uploads\/house-shaepd-usb-flash-drive-300x300.jpg 300w, https:\/\/www.usborkeychain.com\/wp-content\/uploads\/house-shaepd-usb-flash-drive-150x150.jpg 150w, https:\/\/www.usborkeychain.com\/wp-content\/uploads\/house-shaepd-usb-flash-drive-768x768.jpg 768w, https:\/\/www.usborkeychain.com\/wp-content\/uploads\/house-shaepd-usb-flash-drive-12x12.jpg 12w, https:\/\/www.usborkeychain.com\/wp-content\/uploads\/house-shaepd-usb-flash-drive-600x600.jpg 600w, https:\/\/www.usborkeychain.com\/wp-content\/uploads\/house-shaepd-usb-flash-drive-100x100.jpg 100w\" sizes=\"(max-width: 800px) 100vw, 800px\" \/><\/figure>\n<\/div>\n\n\n\n<div class=\"wp-block-column is-layout-flow wp-block-column-is-layout-flow\">\n<figure class=\"wp-block-image size-full\"><img alt=\"\" loading=\"lazy\" decoding=\"async\" width=\"800\" height=\"800\" src=\"https:\/\/www.usborkeychain.com\/wp-content\/uploads\/house-shape-usb-drive.jpg\" class=\"wp-image-3701\" srcset=\"https:\/\/www.usborkeychain.com\/wp-content\/uploads\/house-shape-usb-drive.jpg 800w, https:\/\/www.usborkeychain.com\/wp-content\/uploads\/house-shape-usb-drive-300x300.jpg 300w, https:\/\/www.usborkeychain.com\/wp-content\/uploads\/house-shape-usb-drive-150x150.jpg 150w, https:\/\/www.usborkeychain.com\/wp-content\/uploads\/house-shape-usb-drive-768x768.jpg 768w, https:\/\/www.usborkeychain.com\/wp-content\/uploads\/house-shape-usb-drive-12x12.jpg 12w, https:\/\/www.usborkeychain.com\/wp-content\/uploads\/house-shape-usb-drive-600x600.jpg 600w, https:\/\/www.usborkeychain.com\/wp-content\/uploads\/house-shape-usb-drive-100x100.jpg 100w\" sizes=\"(max-width: 800px) 100vw, 800px\" \/><\/figure>\n<\/div>\n<\/div>\n\n\n\n<p>Les cl\u00e9s USB biod\u00e9gradables combinent 4 designs cr\u00e9atifs, des mat\u00e9riaux \u00e9cologiques et des caract\u00e9ristiques pratiques pour r\u00e9pondre \u00e0 divers besoins. Avec une personnalisation compl\u00e8te et un soutien \u00e0 la vente en gros, notre usine permet aux entreprises de promouvoir une image de marque verte - nous choisir, c'est choisir un avenir durable.<\/p>","protected":false},"excerpt":{"rendered":"<ul>\n<li>Triangulaire en forme de cl\u00e9<\/li>\n<li>Rond en forme de cl\u00e9<\/li>\n<li>En forme de maison<\/li>\n<li>Logo personnalis\u00e9<\/li>\n<li>2 mm d'\u00e9paisseur<\/li>\n<\/ul>","protected":false},"featured_media":3702,"comment_status":"open","ping_status":"closed","template":"","meta":{"_seopress_robots_primary_cat":"","_seopress_titles_title":"","_seopress_titles_desc":"","_seopress_robots_index":"","site-sidebar-layout":"default","site-content-layout":"","ast-site-content-layout":"","site-content-style":"default","site-sidebar-style":"default","ast-global-header-display":"","ast-banner-title-visibility":"","ast-main-header-display":"","ast-hfb-above-header-display":"","ast-hfb-below-header-display":"","ast-hfb-mobile-header-display":"","site-post-title":"","ast-breadcrumbs-content":"","ast-featured-img":"","footer-sml-layout":"","theme-transparent-header-meta":"","adv-header-id-meta":"","stick-header-meta":"","header-above-stick-meta":"","header-main-stick-meta":"","header-below-stick-meta":"","astra-migrate-meta-layouts":"default","ast-page-background-enabled":"default","ast-page-background-meta":{"desktop":{"background-color":"var(--ast-global-color-5)","background-image":"","background-repeat":"repeat","background-position":"center center","background-size":"auto","background-attachment":"scroll","background-type":"","background-media":"","overlay-type":"","overlay-color":"","overlay-opacity":"","overlay-gradient":""},"tablet":{"background-color":"","background-image":"","background-repeat":"repeat","background-position":"center center","background-size":"auto","background-attachment":"scroll","background-type":"","background-media":"","overlay-type":"","overlay-color":"","overlay-opacity":"","overlay-gradient":""},"mobile":{"background-color":"","background-image":"","background-repeat":"repeat","background-position":"center center","background-size":"auto","background-attachment":"scroll","background-type":"","background-media":"","overlay-type":"","overlay-color":"","overlay-opacity":"","overlay-gradient":""}},"ast-content-background-meta":{"desktop":{"background-color":"var(--ast-global-color-4)","background-image":"","background-repeat":"repeat","background-position":"center center","background-size":"auto","background-attachment":"scroll","background-type":"","background-media":"","overlay-type":"","overlay-color":"","overlay-opacity":"","overlay-gradient":""},"tablet":{"background-color":"var(--ast-global-color-4)","background-image":"","background-repeat":"repeat","background-position":"center center","background-size":"auto","background-attachment":"scroll","background-type":"","background-media":"","overlay-type":"","overlay-color":"","overlay-opacity":"","overlay-gradient":""},"mobile":{"background-color":"var(--ast-global-color-4)","background-image":"","background-repeat":"repeat","background-position":"center center","background-size":"auto","background-attachment":"scroll","background-type":"","background-media":"","overlay-type":"","overlay-color":"","overlay-opacity":"","overlay-gradient":""}}},"product_brand":[],"product_cat":[170,108],"product_tag":[208],"class_list":{"0":"post-3693","1":"product","2":"type-product","3":"status-publish","4":"has-post-thumbnail","6":"product_cat-biodegradable-usb-pendrive-2","7":"product_cat-key-shaped-usb-pendrive","8":"product_tag-eco-friendly-usb-drive","9":"desktop-align-left","10":"tablet-align-left","11":"mobile-align-left","13":"first","14":"instock","15":"shipping-taxable","16":"product-type-simple"},"_links":{"self":[{"href":"https:\/\/www.usborkeychain.com\/fr\/wp-json\/wp\/v2\/product\/3693","targetHints":{"allow":["GET"]}}],"collection":[{"href":"https:\/\/www.usborkeychain.com\/fr\/wp-json\/wp\/v2\/product"}],"about":[{"href":"https:\/\/www.usborkeychain.com\/fr\/wp-json\/wp\/v2\/types\/product"}],"replies":[{"embeddable":true,"href":"https:\/\/www.usborkeychain.com\/fr\/wp-json\/wp\/v2\/comments?post=3693"}],"wp:featuredmedia":[{"embeddable":true,"href":"https:\/\/www.usborkeychain.com\/fr\/wp-json\/wp\/v2\/media\/3702"}],"wp:attachment":[{"href":"https:\/\/www.usborkeychain.com\/fr\/wp-json\/wp\/v2\/media?parent=3693"}],"wp:term":[{"taxonomy":"product_brand","embeddable":true,"href":"https:\/\/www.usborkeychain.com\/fr\/wp-json\/wp\/v2\/product_brand?post=3693"},{"taxonomy":"product_cat","embeddable":true,"href":"https:\/\/www.usborkeychain.com\/fr\/wp-json\/wp\/v2\/product_cat?post=3693"},{"taxonomy":"product_tag","embeddable":true,"href":"https:\/\/www.usborkeychain.com\/fr\/wp-json\/wp\/v2\/product_tag?post=3693"}],"curies":[{"name":"wp","href":"https:\/\/api.w.org\/{rel}","templated":true}]}}