{"id":3709,"date":"2025-07-01T02:53:24","date_gmt":"2025-07-01T02:53:24","guid":{"rendered":"https:\/\/www.usborkeychain.com\/?post_type=product&#038;p=3709"},"modified":"2025-08-17T13:16:59","modified_gmt":"2025-08-17T13:16:59","slug":"the-most-popular-twist-flash-drive-for-android-phone","status":"publish","type":"product","link":"https:\/\/www.usborkeychain.com\/fr\/produit\/the-most-popular-twist-flash-drive-for-android-phone\/","title":{"rendered":"La cl\u00e9 USB twist la plus populaire pour les t\u00e9l\u00e9phones Android"},"content":{"rendered":"<p><\/p>\n\n\n\n<div class=\"wp-block-columns is-layout-flex wp-container-core-columns-is-layout-28f84493 wp-block-columns-is-layout-flex\">\n<div class=\"wp-block-column is-layout-flow wp-block-column-is-layout-flow\">\n<figure class=\"wp-block-image size-full\"><img alt=\"\" fetchpriority=\"high\" decoding=\"async\" width=\"800\" height=\"800\" src=\"https:\/\/www.usborkeychain.com\/wp-content\/uploads\/usb-flash-drive-for-android-phone.jpg\" class=\"wp-image-3719\" srcset=\"https:\/\/www.usborkeychain.com\/wp-content\/uploads\/usb-flash-drive-for-android-phone.jpg 800w, https:\/\/www.usborkeychain.com\/wp-content\/uploads\/usb-flash-drive-for-android-phone-300x300.jpg 300w, https:\/\/www.usborkeychain.com\/wp-content\/uploads\/usb-flash-drive-for-android-phone-150x150.jpg 150w, https:\/\/www.usborkeychain.com\/wp-content\/uploads\/usb-flash-drive-for-android-phone-768x768.jpg 768w, https:\/\/www.usborkeychain.com\/wp-content\/uploads\/usb-flash-drive-for-android-phone-12x12.jpg 12w, https:\/\/www.usborkeychain.com\/wp-content\/uploads\/usb-flash-drive-for-android-phone-600x600.jpg 600w, https:\/\/www.usborkeychain.com\/wp-content\/uploads\/usb-flash-drive-for-android-phone-100x100.jpg 100w\" sizes=\"(max-width: 800px) 100vw, 800px\" \/><\/figure>\n<\/div>\n\n\n\n<div class=\"wp-block-column is-vertically-aligned-center is-layout-flow wp-block-column-is-layout-flow\">\n<h1 class=\"wp-block-heading\">Clip Rotating OTG USB Drive<\/h1>\n\n\n\n<p>Mod\u00e8le le plus vendu dans le domaine des cl\u00e9s USB OTG, la cl\u00e9 USB rotative \u00e0 clip est optimis\u00e9e sur la base d'un design classique, avec un clip m\u00e9tallique durable et l\u00e9ger et un corps en plastique. Elle peut \u00eatre personnalis\u00e9e en usine et vendue en gros, ce qui en fait un choix id\u00e9al pour le stockage personnel et l'approvisionnement des entreprises.<\/p>\n<\/div>\n<\/div>\n\n\n\n<h2 class=\"wp-block-heading\">1\u3001Pourquoi la cl\u00e9 USB mobile rotative Clip est-elle populaire ?<\/h2>\n\n\n\n<p>En tant que premi\u00e8re cl\u00e9 USB mobile dot\u00e9e d'une interface Micro USB (compatible Android), elle a gagn\u00e9 en popularit\u00e9 gr\u00e2ce \u00e0 son clip rotatif simple, son prix abordable et ses multiples options de couleur (rouge\/bleu\/noir, etc.), ce qui en fait un produit adapt\u00e9 \u00e0 la vente en gros. Le fabricant propose des services de personnalisation tels que l'impression de LOGO pour une commande minimale de 500 pi\u00e8ces, ce qui en fait un choix populaire pour les cadeaux promotionnels.<\/p>\n\n\n\n<p>La production \u00e0 l'\u00e9chelle de l'usine conf\u00e8re \u00e0 cette cl\u00e9 USB un avantage significatif en termes de prix, avec des prix unitaires bien inf\u00e9rieurs \u00e0 ceux des cl\u00e9s USB intelligentes similaires, ce qui est id\u00e9al pour les achats en gros. Elle est disponible dans des couleurs de base telles que le rouge, le bleu, le noir et l'argent pour r\u00e9pondre \u00e0 des besoins personnalis\u00e9s. Pour les entreprises, les achats en gros permettent non seulement de b\u00e9n\u00e9ficier de prix plus bas, mais aussi d'imprimer le LOGO de la marque ou des motifs exclusifs sur le bo\u00eetier gr\u00e2ce \u00e0 la personnalisation en usine, ce qui en fait un cadeau promotionnel ou d'entreprise rentable.<\/p>\n\n\n\n<div class=\"wp-block-columns is-layout-flex wp-container-core-columns-is-layout-28f84493 wp-block-columns-is-layout-flex\">\n<div class=\"wp-block-column is-layout-flow wp-block-column-is-layout-flow\">\n<figure class=\"wp-block-image size-full\"><img alt=\"\" decoding=\"async\" width=\"800\" height=\"800\" src=\"https:\/\/www.usborkeychain.com\/wp-content\/uploads\/usb-flash-drive-for-android-phone-usb3.0.jpg\" class=\"wp-image-3718\" srcset=\"https:\/\/www.usborkeychain.com\/wp-content\/uploads\/usb-flash-drive-for-android-phone-usb3.0.jpg 800w, https:\/\/www.usborkeychain.com\/wp-content\/uploads\/usb-flash-drive-for-android-phone-usb3.0-300x300.jpg 300w, https:\/\/www.usborkeychain.com\/wp-content\/uploads\/usb-flash-drive-for-android-phone-usb3.0-150x150.jpg 150w, https:\/\/www.usborkeychain.com\/wp-content\/uploads\/usb-flash-drive-for-android-phone-usb3.0-768x768.jpg 768w, https:\/\/www.usborkeychain.com\/wp-content\/uploads\/usb-flash-drive-for-android-phone-usb3.0-12x12.jpg 12w, https:\/\/www.usborkeychain.com\/wp-content\/uploads\/usb-flash-drive-for-android-phone-usb3.0-600x600.jpg 600w, https:\/\/www.usborkeychain.com\/wp-content\/uploads\/usb-flash-drive-for-android-phone-usb3.0-100x100.jpg 100w\" sizes=\"(max-width: 800px) 100vw, 800px\" \/><\/figure>\n<\/div>\n\n\n\n<div class=\"wp-block-column is-layout-flow wp-block-column-is-layout-flow\">\n<figure class=\"wp-block-image size-full\"><img alt=\"\" decoding=\"async\" width=\"800\" height=\"800\" src=\"https:\/\/www.usborkeychain.com\/wp-content\/uploads\/usb-flash-drive-for-android-phone-size.jpg\" class=\"wp-image-3717\" srcset=\"https:\/\/www.usborkeychain.com\/wp-content\/uploads\/usb-flash-drive-for-android-phone-size.jpg 800w, https:\/\/www.usborkeychain.com\/wp-content\/uploads\/usb-flash-drive-for-android-phone-size-300x300.jpg 300w, https:\/\/www.usborkeychain.com\/wp-content\/uploads\/usb-flash-drive-for-android-phone-size-150x150.jpg 150w, https:\/\/www.usborkeychain.com\/wp-content\/uploads\/usb-flash-drive-for-android-phone-size-768x768.jpg 768w, https:\/\/www.usborkeychain.com\/wp-content\/uploads\/usb-flash-drive-for-android-phone-size-12x12.jpg 12w, https:\/\/www.usborkeychain.com\/wp-content\/uploads\/usb-flash-drive-for-android-phone-size-600x600.jpg 600w, https:\/\/www.usborkeychain.com\/wp-content\/uploads\/usb-flash-drive-for-android-phone-size-100x100.jpg 100w\" sizes=\"(max-width: 800px) 100vw, 800px\" \/><\/figure>\n<\/div>\n<\/div>\n\n\n\n<h2 class=\"wp-block-heading\">2\u3001Core Parameters : Clip en alliage de zinc + corps en ABS<\/h2>\n\n\n\n<p>Le clip m\u00e9tallique est en alliage de zinc, test\u00e9 pour r\u00e9sister \u00e0 5 000 cycles d'ouverture\/fermeture sans d\u00e9formation, ce qui permet de saisir fermement divers objets. Le corps en plastique utilise un mat\u00e9riau ABS tr\u00e8s r\u00e9sistant, qui r\u00e9siste aux chutes et qui a \u00e9t\u00e9 test\u00e9 pour ne pas \u00eatre endommag\u00e9 apr\u00e8s une chute de 1,5 m. La structure rotative \u00e0 360\u00b0 est optimis\u00e9e pour un amortissement mod\u00e9r\u00e9, garantissant la stabilit\u00e9 pendant l'utilisation et un r\u00e9glage facile de l'angle pour la portabilit\u00e9.<\/p>\n\n\n\n<figure class=\"wp-block-table\"><table class=\"has-fixed-layout\"><thead><tr><th>Param\u00e8tres<\/th><th>Sp\u00e9cifications<\/th><\/tr><\/thead><tbody><tr><td>Interface<\/td><td>Micro USB (Android)<\/td><\/tr><tr><td>Capacit\u00e9<\/td><td>8\/16\/32\/64GB (personnalisable)<\/td><\/tr><tr><td>Mat\u00e9riau<\/td><td>Clip en alliage de zinc + plastique ABS<\/td><\/tr><tr><td>Conception<\/td><td>Rotation \u00e0 360\u00b0, poids l\u00e9ger de 12 g, r\u00e9sistance aux chutes de 1,5 m<\/td><\/tr><tr><td>Vitesse<\/td><td>Lecture : 10MB\/s, \u00e9criture : 5 Mo\/s (USB 2.0)<\/td><\/tr><\/tbody><\/table><\/figure>\n\n\n\n<h2 class=\"wp-block-heading\">3\u3001Interface compatible : Connexion directe \u00e0 Android, adaptateur pour une utilisation universelle<\/h2>\n\n\n\n<p>\u00c9quip\u00e9 d'une interface Micro USB standard pour un transfert de donn\u00e9es plug-and-play direct avec les t\u00e9l\u00e9phones Android. Les utilisateurs de t\u00e9l\u00e9phones Apple\/Lightning\/Type-C doivent acheter un adaptateur s\u00e9par\u00e9ment (l'appareil doit prendre en charge la fonction OTG). Le fabricant fournit des conseils de compatibilit\u00e9.<\/p>\n\n\n\n<p>Remarque : lors de l'utilisation d'un adaptateur, v\u00e9rifiez que l'appareil prend en charge la fonction OTG (On-The-Go), qui est activ\u00e9e par d\u00e9faut sur la plupart des mod\u00e8les courants.<\/p>\n\n\n\n<div class=\"wp-block-columns is-layout-flex wp-container-core-columns-is-layout-28f84493 wp-block-columns-is-layout-flex\">\n<div class=\"wp-block-column is-layout-flow wp-block-column-is-layout-flow\">\n<figure class=\"wp-block-image size-full\"><img alt=\"\" loading=\"lazy\" decoding=\"async\" width=\"800\" height=\"800\" src=\"https:\/\/www.usborkeychain.com\/wp-content\/uploads\/green-flash-drive-for-android-phone.jpg\" class=\"wp-image-3714\" srcset=\"https:\/\/www.usborkeychain.com\/wp-content\/uploads\/green-flash-drive-for-android-phone.jpg 800w, https:\/\/www.usborkeychain.com\/wp-content\/uploads\/green-flash-drive-for-android-phone-300x300.jpg 300w, https:\/\/www.usborkeychain.com\/wp-content\/uploads\/green-flash-drive-for-android-phone-150x150.jpg 150w, https:\/\/www.usborkeychain.com\/wp-content\/uploads\/green-flash-drive-for-android-phone-768x768.jpg 768w, https:\/\/www.usborkeychain.com\/wp-content\/uploads\/green-flash-drive-for-android-phone-12x12.jpg 12w, https:\/\/www.usborkeychain.com\/wp-content\/uploads\/green-flash-drive-for-android-phone-600x600.jpg 600w, https:\/\/www.usborkeychain.com\/wp-content\/uploads\/green-flash-drive-for-android-phone-100x100.jpg 100w\" sizes=\"(max-width: 800px) 100vw, 800px\" \/><\/figure>\n<\/div>\n\n\n\n<div class=\"wp-block-column is-layout-flow wp-block-column-is-layout-flow\">\n<figure class=\"wp-block-image size-full\"><img alt=\"\" loading=\"lazy\" decoding=\"async\" width=\"800\" height=\"800\" src=\"https:\/\/www.usborkeychain.com\/wp-content\/uploads\/blue-twist-flash-drive-for-android-phone.jpg\" class=\"wp-image-3713\" srcset=\"https:\/\/www.usborkeychain.com\/wp-content\/uploads\/blue-twist-flash-drive-for-android-phone.jpg 800w, https:\/\/www.usborkeychain.com\/wp-content\/uploads\/blue-twist-flash-drive-for-android-phone-300x300.jpg 300w, https:\/\/www.usborkeychain.com\/wp-content\/uploads\/blue-twist-flash-drive-for-android-phone-150x150.jpg 150w, https:\/\/www.usborkeychain.com\/wp-content\/uploads\/blue-twist-flash-drive-for-android-phone-768x768.jpg 768w, https:\/\/www.usborkeychain.com\/wp-content\/uploads\/blue-twist-flash-drive-for-android-phone-12x12.jpg 12w, https:\/\/www.usborkeychain.com\/wp-content\/uploads\/blue-twist-flash-drive-for-android-phone-600x600.jpg 600w, https:\/\/www.usborkeychain.com\/wp-content\/uploads\/blue-twist-flash-drive-for-android-phone-100x100.jpg 100w\" sizes=\"(max-width: 800px) 100vw, 800px\" \/><\/figure>\n<\/div>\n\n\n\n<div class=\"wp-block-column is-layout-flow wp-block-column-is-layout-flow\">\n<figure class=\"wp-block-image size-full\"><img alt=\"\" loading=\"lazy\" decoding=\"async\" width=\"800\" height=\"800\" src=\"https:\/\/www.usborkeychain.com\/wp-content\/uploads\/black-twist-flash-drive-for-android-phone.jpg\" class=\"wp-image-3712\" srcset=\"https:\/\/www.usborkeychain.com\/wp-content\/uploads\/black-twist-flash-drive-for-android-phone.jpg 800w, https:\/\/www.usborkeychain.com\/wp-content\/uploads\/black-twist-flash-drive-for-android-phone-300x300.jpg 300w, https:\/\/www.usborkeychain.com\/wp-content\/uploads\/black-twist-flash-drive-for-android-phone-150x150.jpg 150w, https:\/\/www.usborkeychain.com\/wp-content\/uploads\/black-twist-flash-drive-for-android-phone-768x768.jpg 768w, https:\/\/www.usborkeychain.com\/wp-content\/uploads\/black-twist-flash-drive-for-android-phone-12x12.jpg 12w, https:\/\/www.usborkeychain.com\/wp-content\/uploads\/black-twist-flash-drive-for-android-phone-600x600.jpg 600w, https:\/\/www.usborkeychain.com\/wp-content\/uploads\/black-twist-flash-drive-for-android-phone-100x100.jpg 100w\" sizes=\"(max-width: 800px) 100vw, 800px\" \/><\/figure>\n<\/div>\n<\/div>\n\n\n\n<div class=\"wp-block-columns is-layout-flex wp-container-core-columns-is-layout-28f84493 wp-block-columns-is-layout-flex\">\n<div class=\"wp-block-column is-layout-flow wp-block-column-is-layout-flow\">\n<figure class=\"wp-block-image size-full\"><img alt=\"\" loading=\"lazy\" decoding=\"async\" width=\"800\" height=\"800\" src=\"https:\/\/www.usborkeychain.com\/wp-content\/uploads\/yellow-flash-drive-for-android-phone.jpg\" class=\"wp-image-3721\" srcset=\"https:\/\/www.usborkeychain.com\/wp-content\/uploads\/yellow-flash-drive-for-android-phone.jpg 800w, https:\/\/www.usborkeychain.com\/wp-content\/uploads\/yellow-flash-drive-for-android-phone-300x300.jpg 300w, https:\/\/www.usborkeychain.com\/wp-content\/uploads\/yellow-flash-drive-for-android-phone-150x150.jpg 150w, https:\/\/www.usborkeychain.com\/wp-content\/uploads\/yellow-flash-drive-for-android-phone-768x768.jpg 768w, https:\/\/www.usborkeychain.com\/wp-content\/uploads\/yellow-flash-drive-for-android-phone-12x12.jpg 12w, https:\/\/www.usborkeychain.com\/wp-content\/uploads\/yellow-flash-drive-for-android-phone-600x600.jpg 600w, https:\/\/www.usborkeychain.com\/wp-content\/uploads\/yellow-flash-drive-for-android-phone-100x100.jpg 100w\" sizes=\"(max-width: 800px) 100vw, 800px\" \/><\/figure>\n<\/div>\n\n\n\n<div class=\"wp-block-column is-layout-flow wp-block-column-is-layout-flow\">\n<figure class=\"wp-block-image size-full\"><img alt=\"\" loading=\"lazy\" decoding=\"async\" width=\"800\" height=\"800\" src=\"https:\/\/www.usborkeychain.com\/wp-content\/uploads\/white-flash-drive-for-android-phone.jpg\" class=\"wp-image-3720\" srcset=\"https:\/\/www.usborkeychain.com\/wp-content\/uploads\/white-flash-drive-for-android-phone.jpg 800w, https:\/\/www.usborkeychain.com\/wp-content\/uploads\/white-flash-drive-for-android-phone-300x300.jpg 300w, https:\/\/www.usborkeychain.com\/wp-content\/uploads\/white-flash-drive-for-android-phone-150x150.jpg 150w, https:\/\/www.usborkeychain.com\/wp-content\/uploads\/white-flash-drive-for-android-phone-768x768.jpg 768w, https:\/\/www.usborkeychain.com\/wp-content\/uploads\/white-flash-drive-for-android-phone-12x12.jpg 12w, https:\/\/www.usborkeychain.com\/wp-content\/uploads\/white-flash-drive-for-android-phone-600x600.jpg 600w, https:\/\/www.usborkeychain.com\/wp-content\/uploads\/white-flash-drive-for-android-phone-100x100.jpg 100w\" sizes=\"(max-width: 800px) 100vw, 800px\" \/><\/figure>\n<\/div>\n\n\n\n<div class=\"wp-block-column is-layout-flow wp-block-column-is-layout-flow\">\n<figure class=\"wp-block-image size-full\"><img alt=\"\" loading=\"lazy\" decoding=\"async\" width=\"800\" height=\"800\" src=\"https:\/\/www.usborkeychain.com\/wp-content\/uploads\/red-usb-flash-drive-for-android-phone.jpg\" class=\"wp-image-3715\" srcset=\"https:\/\/www.usborkeychain.com\/wp-content\/uploads\/red-usb-flash-drive-for-android-phone.jpg 800w, https:\/\/www.usborkeychain.com\/wp-content\/uploads\/red-usb-flash-drive-for-android-phone-300x300.jpg 300w, https:\/\/www.usborkeychain.com\/wp-content\/uploads\/red-usb-flash-drive-for-android-phone-150x150.jpg 150w, https:\/\/www.usborkeychain.com\/wp-content\/uploads\/red-usb-flash-drive-for-android-phone-768x768.jpg 768w, https:\/\/www.usborkeychain.com\/wp-content\/uploads\/red-usb-flash-drive-for-android-phone-12x12.jpg 12w, https:\/\/www.usborkeychain.com\/wp-content\/uploads\/red-usb-flash-drive-for-android-phone-600x600.jpg 600w, https:\/\/www.usborkeychain.com\/wp-content\/uploads\/red-usb-flash-drive-for-android-phone-100x100.jpg 100w\" sizes=\"(max-width: 800px) 100vw, 800px\" \/><\/figure>\n<\/div>\n<\/div>\n\n\n\n<h2 class=\"wp-block-heading\">4\u3001Options de couleurs et personnalisation<\/h2>\n\n\n\n<p>Toutes les couleurs utilisent la technologie de pulv\u00e9risation UV pour une haute brillance et une r\u00e9sistance \u00e0 la d\u00e9coloration. Le clip rotatif \u00e0 360\u00b0 am\u00e9liore la portabilit\u00e9 et met en valeur les couleurs sous tous les angles, ce qui permet aux utilisateurs de choisir en fonction de leurs tenues ou de leurs sc\u00e9narios quotidiens.<\/p>\n\n\n\n<p>Pour les entreprises clientes ou les acheteurs en gros, le fabricant propose des services de personnalisation flexibles :<\/p>\n\n\n\n<ul class=\"wp-block-list\">\n<li><strong>Personnalisation des couleurs<\/strong>: Prise en charge de la personnalisation des cartes de couleurs Pantone avec une commande minimale de 1 000 pi\u00e8ces (code couleur ou \u00e9chantillon requis).<\/li>\n\n\n\n<li><strong>Impression de LOGO<\/strong>: S\u00e9rigraphie ou gravure au laser de logos de marque sur le corps ou le clip, avec une commande minimale de 100 pi\u00e8ces.<\/li>\n\n\n\n<li><strong>Personnalisation de l'emballage<\/strong>: Fournit des emballages neutres, des bo\u00eetes de couleur, des bo\u00eetes-cadeaux, etc.<\/li>\n<\/ul>\n\n\n\n<p>Le processus de personnalisation est efficace et des services d'\u00e9preuvage sont propos\u00e9s. La livraison en vrac est possible dans un d\u00e9lai de 7 \u00e0 15 jours ouvrables apr\u00e8s confirmation de l'\u00e9chantillon, ce qui permet de r\u00e9pondre rapidement aux besoins en mati\u00e8re de cadeaux d'entreprise ou de mod\u00e8les exclusifs pour le commerce \u00e9lectronique.<\/p>","protected":false},"excerpt":{"rendered":"<ul>\n<li>OTG USB<\/li>\n<li>Styles de Twsit<\/li>\n<li>Plusieurs couleurs au choix<\/li>\n<li>Logo personnalis\u00e9<\/li>\n<li>Compatible avec Android<\/li>\n<\/ul>","protected":false},"featured_media":3716,"comment_status":"open","ping_status":"closed","template":"","meta":{"_seopress_robots_primary_cat":"","_seopress_titles_title":"","_seopress_titles_desc":"","_seopress_robots_index":"","site-sidebar-layout":"default","site-content-layout":"","ast-site-content-layout":"","site-content-style":"default","site-sidebar-style":"default","ast-global-header-display":"","ast-banner-title-visibility":"","ast-main-header-display":"","ast-hfb-above-header-display":"","ast-hfb-below-header-display":"","ast-hfb-mobile-header-display":"","site-post-title":"","ast-breadcrumbs-content":"","ast-featured-img":"","footer-sml-layout":"","theme-transparent-header-meta":"","adv-header-id-meta":"","stick-header-meta":"","header-above-stick-meta":"","header-main-stick-meta":"","header-below-stick-meta":"","astra-migrate-meta-layouts":"default","ast-page-background-enabled":"default","ast-page-background-meta":{"desktop":{"background-color":"var(--ast-global-color-5)","background-image":"","background-repeat":"repeat","background-position":"center center","background-size":"auto","background-attachment":"scroll","background-type":"","background-media":"","overlay-type":"","overlay-color":"","overlay-opacity":"","overlay-gradient":""},"tablet":{"background-color":"","background-image":"","background-repeat":"repeat","background-position":"center center","background-size":"auto","background-attachment":"scroll","background-type":"","background-media":"","overlay-type":"","overlay-color":"","overlay-opacity":"","overlay-gradient":""},"mobile":{"background-color":"","background-image":"","background-repeat":"repeat","background-position":"center center","background-size":"auto","background-attachment":"scroll","background-type":"","background-media":"","overlay-type":"","overlay-color":"","overlay-opacity":"","overlay-gradient":""}},"ast-content-background-meta":{"desktop":{"background-color":"var(--ast-global-color-4)","background-image":"","background-repeat":"repeat","background-position":"center center","background-size":"auto","background-attachment":"scroll","background-type":"","background-media":"","overlay-type":"","overlay-color":"","overlay-opacity":"","overlay-gradient":""},"tablet":{"background-color":"var(--ast-global-color-4)","background-image":"","background-repeat":"repeat","background-position":"center center","background-size":"auto","background-attachment":"scroll","background-type":"","background-media":"","overlay-type":"","overlay-color":"","overlay-opacity":"","overlay-gradient":""},"mobile":{"background-color":"var(--ast-global-color-4)","background-image":"","background-repeat":"repeat","background-position":"center center","background-size":"auto","background-attachment":"scroll","background-type":"","background-media":"","overlay-type":"","overlay-color":"","overlay-opacity":"","overlay-gradient":""}}},"product_brand":[],"product_cat":[106,105],"product_tag":[209,405],"class_list":{"0":"post-3709","1":"product","2":"type-product","3":"status-publish","4":"has-post-thumbnail","6":"product_cat-rotating-usb-pendrive","7":"product_cat-usb-c-pendrive","8":"product_tag-otg-usb-drives","9":"product_tag-plastic-rotating-usb-drive","10":"desktop-align-left","11":"tablet-align-left","12":"mobile-align-left","14":"first","15":"instock","16":"shipping-taxable","17":"product-type-simple"},"_links":{"self":[{"href":"https:\/\/www.usborkeychain.com\/fr\/wp-json\/wp\/v2\/product\/3709","targetHints":{"allow":["GET"]}}],"collection":[{"href":"https:\/\/www.usborkeychain.com\/fr\/wp-json\/wp\/v2\/product"}],"about":[{"href":"https:\/\/www.usborkeychain.com\/fr\/wp-json\/wp\/v2\/types\/product"}],"replies":[{"embeddable":true,"href":"https:\/\/www.usborkeychain.com\/fr\/wp-json\/wp\/v2\/comments?post=3709"}],"wp:featuredmedia":[{"embeddable":true,"href":"https:\/\/www.usborkeychain.com\/fr\/wp-json\/wp\/v2\/media\/3716"}],"wp:attachment":[{"href":"https:\/\/www.usborkeychain.com\/fr\/wp-json\/wp\/v2\/media?parent=3709"}],"wp:term":[{"taxonomy":"product_brand","embeddable":true,"href":"https:\/\/www.usborkeychain.com\/fr\/wp-json\/wp\/v2\/product_brand?post=3709"},{"taxonomy":"product_cat","embeddable":true,"href":"https:\/\/www.usborkeychain.com\/fr\/wp-json\/wp\/v2\/product_cat?post=3709"},{"taxonomy":"product_tag","embeddable":true,"href":"https:\/\/www.usborkeychain.com\/fr\/wp-json\/wp\/v2\/product_tag?post=3709"}],"curies":[{"name":"wp","href":"https:\/\/api.w.org\/{rel}","templated":true}]}}