{"id":3724,"date":"2025-07-03T01:28:35","date_gmt":"2025-07-03T01:28:35","guid":{"rendered":"https:\/\/www.usborkeychain.com\/?post_type=product&#038;p=3724"},"modified":"2025-08-14T12:24:23","modified_gmt":"2025-08-14T12:24:23","slug":"degradable-ultra-thin-circular-usb-flash-drive","status":"publish","type":"product","link":"https:\/\/www.usborkeychain.com\/fr\/produit\/degradable-ultra-thin-circular-usb-flash-drive\/","title":{"rendered":"Cl\u00e9 USB circulaire ultra-mince d\u00e9gradable"},"content":{"rendered":"<div class=\"wp-block-columns is-layout-flex wp-container-core-columns-is-layout-28f84493 wp-block-columns-is-layout-flex\">\n<div class=\"wp-block-column is-layout-flow wp-block-column-is-layout-flow\">\n<figure class=\"wp-block-image size-full\"><img alt=\"\" fetchpriority=\"high\" decoding=\"async\" width=\"800\" height=\"800\" src=\"https:\/\/www.usborkeychain.com\/wp-content\/uploads\/Eco-friendly-Degradable-USB-Flash-Drive-Circular-Card-Style.jpg\" class=\"wp-image-3732\" srcset=\"https:\/\/www.usborkeychain.com\/wp-content\/uploads\/Eco-friendly-Degradable-USB-Flash-Drive-Circular-Card-Style.jpg 800w, https:\/\/www.usborkeychain.com\/wp-content\/uploads\/Eco-friendly-Degradable-USB-Flash-Drive-Circular-Card-Style-300x300.jpg 300w, https:\/\/www.usborkeychain.com\/wp-content\/uploads\/Eco-friendly-Degradable-USB-Flash-Drive-Circular-Card-Style-150x150.jpg 150w, https:\/\/www.usborkeychain.com\/wp-content\/uploads\/Eco-friendly-Degradable-USB-Flash-Drive-Circular-Card-Style-768x768.jpg 768w, https:\/\/www.usborkeychain.com\/wp-content\/uploads\/Eco-friendly-Degradable-USB-Flash-Drive-Circular-Card-Style-12x12.jpg 12w, https:\/\/www.usborkeychain.com\/wp-content\/uploads\/Eco-friendly-Degradable-USB-Flash-Drive-Circular-Card-Style-600x600.jpg 600w, https:\/\/www.usborkeychain.com\/wp-content\/uploads\/Eco-friendly-Degradable-USB-Flash-Drive-Circular-Card-Style-100x100.jpg 100w\" sizes=\"(max-width: 800px) 100vw, 800px\" \/><\/figure>\n<\/div>\n\n\n\n<div class=\"wp-block-column is-vertically-aligned-center is-layout-flow wp-block-column-is-layout-flow\">\n<p>Dans le cadre de l'am\u00e9lioration constante de la sensibilisation \u00e0 l'environnement, les fabricants de cl\u00e9s USB ont r\u00e9cemment lanc\u00e9 cette cl\u00e9 USB circulaire d\u00e9gradable respectueuse de l'environnement. <\/p>\n\n\n\n<p>Ce produit pr\u00e9sente un design ultra-mince en forme de carte circulaire, avec une \u00e9paisseur de seulement 3 mm, un diam\u00e8tre de 50 mm et un poids d'environ 8 g, ce qui le rend compact, portable et facile \u00e0 ranger.<\/p>\n<\/div>\n<\/div>\n\n\n\n<h2 class=\"wp-block-heading\">Quel est le mat\u00e9riau de la cl\u00e9 USB circulaire d\u00e9gradable ?<\/h2>\n\n\n\n<p>La cl\u00e9 USB circulaire d\u00e9gradable est fabriqu\u00e9e \u00e0 partir d'un mat\u00e9riau \u00e9cologique, la paille de bl\u00e9, trait\u00e9 par une technologie sp\u00e9ciale. Ce mat\u00e9riau est conforme aux normes environnementales internationales et peut se d\u00e9grader de plus de 90% en 180 jours dans un environnement naturel. La surface de l'USB est d\u00e9polie pour r\u00e9sister \u00e0 l'usure et aux rayures. La conception de type carte, avec un diam\u00e8tre de 50 mm et une \u00e9paisseur de 3 mm, peut \u00eatre facilement plac\u00e9e dans les portefeuilles ou les porte-cartes, ce qui permet de ne pas alourdir le transport quotidien tout en conciliant la protection de l'environnement et la durabilit\u00e9.<\/p>\n\n\n\n<div class=\"wp-block-columns is-layout-flex wp-container-core-columns-is-layout-28232c24 wp-block-columns-is-layout-flex\">\n<div class=\"wp-block-column is-layout-flow wp-block-column-is-layout-flow\">\n<figure class=\"wp-block-image size-full\"><img alt=\"\" decoding=\"async\" width=\"800\" height=\"800\" src=\"https:\/\/www.usborkeychain.com\/wp-content\/uploads\/Degradable-Card-style-USB-Flash-Drive-Circular-Wheat-Straw.jpg\" class=\"wp-image-3730\" srcset=\"https:\/\/www.usborkeychain.com\/wp-content\/uploads\/Degradable-Card-style-USB-Flash-Drive-Circular-Wheat-Straw.jpg 800w, https:\/\/www.usborkeychain.com\/wp-content\/uploads\/Degradable-Card-style-USB-Flash-Drive-Circular-Wheat-Straw-300x300.jpg 300w, https:\/\/www.usborkeychain.com\/wp-content\/uploads\/Degradable-Card-style-USB-Flash-Drive-Circular-Wheat-Straw-150x150.jpg 150w, https:\/\/www.usborkeychain.com\/wp-content\/uploads\/Degradable-Card-style-USB-Flash-Drive-Circular-Wheat-Straw-768x768.jpg 768w, https:\/\/www.usborkeychain.com\/wp-content\/uploads\/Degradable-Card-style-USB-Flash-Drive-Circular-Wheat-Straw-12x12.jpg 12w, https:\/\/www.usborkeychain.com\/wp-content\/uploads\/Degradable-Card-style-USB-Flash-Drive-Circular-Wheat-Straw-600x600.jpg 600w, https:\/\/www.usborkeychain.com\/wp-content\/uploads\/Degradable-Card-style-USB-Flash-Drive-Circular-Wheat-Straw-100x100.jpg 100w\" sizes=\"(max-width: 800px) 100vw, 800px\" \/><\/figure>\n<\/div>\n\n\n\n<div class=\"wp-block-column is-layout-flow wp-block-column-is-layout-flow\">\n<figure class=\"wp-block-image size-full\"><img alt=\"\" decoding=\"async\" width=\"800\" height=\"800\" src=\"https:\/\/www.usborkeychain.com\/wp-content\/uploads\/Circular-Degradable-USB-Flash-Drive-Wheat-Straw-Card-Design.jpg\" class=\"wp-image-3729\" srcset=\"https:\/\/www.usborkeychain.com\/wp-content\/uploads\/Circular-Degradable-USB-Flash-Drive-Wheat-Straw-Card-Design.jpg 800w, https:\/\/www.usborkeychain.com\/wp-content\/uploads\/Circular-Degradable-USB-Flash-Drive-Wheat-Straw-Card-Design-300x300.jpg 300w, https:\/\/www.usborkeychain.com\/wp-content\/uploads\/Circular-Degradable-USB-Flash-Drive-Wheat-Straw-Card-Design-150x150.jpg 150w, https:\/\/www.usborkeychain.com\/wp-content\/uploads\/Circular-Degradable-USB-Flash-Drive-Wheat-Straw-Card-Design-768x768.jpg 768w, https:\/\/www.usborkeychain.com\/wp-content\/uploads\/Circular-Degradable-USB-Flash-Drive-Wheat-Straw-Card-Design-12x12.jpg 12w, https:\/\/www.usborkeychain.com\/wp-content\/uploads\/Circular-Degradable-USB-Flash-Drive-Wheat-Straw-Card-Design-600x600.jpg 600w, https:\/\/www.usborkeychain.com\/wp-content\/uploads\/Circular-Degradable-USB-Flash-Drive-Wheat-Straw-Card-Design-100x100.jpg 100w\" sizes=\"(max-width: 800px) 100vw, 800px\" \/><\/figure>\n<\/div>\n\n\n\n<div class=\"wp-block-column is-layout-flow wp-block-column-is-layout-flow\">\n<figure class=\"wp-block-image size-full\"><img alt=\"\" loading=\"lazy\" decoding=\"async\" width=\"800\" height=\"800\" src=\"https:\/\/www.usborkeychain.com\/wp-content\/uploads\/Circular-Card-style-Degradable-USB-Flash-Drive-Wheat-Straw.jpg\" class=\"wp-image-3728\" srcset=\"https:\/\/www.usborkeychain.com\/wp-content\/uploads\/Circular-Card-style-Degradable-USB-Flash-Drive-Wheat-Straw.jpg 800w, https:\/\/www.usborkeychain.com\/wp-content\/uploads\/Circular-Card-style-Degradable-USB-Flash-Drive-Wheat-Straw-300x300.jpg 300w, https:\/\/www.usborkeychain.com\/wp-content\/uploads\/Circular-Card-style-Degradable-USB-Flash-Drive-Wheat-Straw-150x150.jpg 150w, https:\/\/www.usborkeychain.com\/wp-content\/uploads\/Circular-Card-style-Degradable-USB-Flash-Drive-Wheat-Straw-768x768.jpg 768w, https:\/\/www.usborkeychain.com\/wp-content\/uploads\/Circular-Card-style-Degradable-USB-Flash-Drive-Wheat-Straw-12x12.jpg 12w, https:\/\/www.usborkeychain.com\/wp-content\/uploads\/Circular-Card-style-Degradable-USB-Flash-Drive-Wheat-Straw-600x600.jpg 600w, https:\/\/www.usborkeychain.com\/wp-content\/uploads\/Circular-Card-style-Degradable-USB-Flash-Drive-Wheat-Straw-100x100.jpg 100w\" sizes=\"(max-width: 800px) 100vw, 800px\" \/><\/figure>\n<\/div>\n<\/div>\n\n\n\n<h2 class=\"wp-block-heading\">Quelle puce pour la cl\u00e9 USB circulaire d\u00e9gradable ?<\/h2>\n\n\n\n<p>En termes de configuration de base, la cl\u00e9 USB circulaire d\u00e9gradable est \u00e9quip\u00e9e d'une puce UDP \u00e9tanche, offrant des options de double interface USB2.0 et USB3.0. L'interface USB2.0 a une vitesse de lecture allant jusqu'\u00e0 15 Mo\/s et une vitesse d'\u00e9criture d'environ 5 Mo\/s ; l'interface USB3.0 atteint une vitesse de lecture maximale de 100 Mo\/s et une vitesse d'\u00e9criture de 25 Mo\/s, ce qui permet de r\u00e9pondre \u00e0 diff\u00e9rents besoins en mati\u00e8re de transmission de donn\u00e9es. Par ailleurs, la cl\u00e9 USB prend en charge plusieurs capacit\u00e9s de stockage, de 8 Go \u00e0 128 Go, et pr\u00e9sente une \u00e9tanch\u00e9it\u00e9 de niveau IPX4, garantissant la s\u00e9curit\u00e9 des donn\u00e9es m\u00eame en cas d'\u00e9claboussures accidentelles.<\/p>\n\n\n\n<div class=\"wp-block-columns is-layout-flex wp-container-core-columns-is-layout-9c22b1e3 wp-block-columns-is-layout-flex\">\n<div class=\"wp-block-column is-layout-flow wp-block-column-is-layout-flow\">\n<figure class=\"wp-block-image size-full\"><img alt=\"\" loading=\"lazy\" decoding=\"async\" width=\"800\" height=\"800\" src=\"https:\/\/www.usborkeychain.com\/wp-content\/uploads\/Recycled-Paper-Disk-Flash-Drive-china-factory-600x600-1.jpg\" class=\"wp-image-3735\" srcset=\"https:\/\/www.usborkeychain.com\/wp-content\/uploads\/Recycled-Paper-Disk-Flash-Drive-china-factory-600x600-1.jpg 800w, https:\/\/www.usborkeychain.com\/wp-content\/uploads\/Recycled-Paper-Disk-Flash-Drive-china-factory-600x600-1-300x300.jpg 300w, https:\/\/www.usborkeychain.com\/wp-content\/uploads\/Recycled-Paper-Disk-Flash-Drive-china-factory-600x600-1-150x150.jpg 150w, https:\/\/www.usborkeychain.com\/wp-content\/uploads\/Recycled-Paper-Disk-Flash-Drive-china-factory-600x600-1-768x768.jpg 768w, https:\/\/www.usborkeychain.com\/wp-content\/uploads\/Recycled-Paper-Disk-Flash-Drive-china-factory-600x600-1-12x12.jpg 12w, https:\/\/www.usborkeychain.com\/wp-content\/uploads\/Recycled-Paper-Disk-Flash-Drive-china-factory-600x600-1-600x600.jpg 600w, https:\/\/www.usborkeychain.com\/wp-content\/uploads\/Recycled-Paper-Disk-Flash-Drive-china-factory-600x600-1-100x100.jpg 100w\" sizes=\"(max-width: 800px) 100vw, 800px\" \/><\/figure>\n<\/div>\n\n\n\n<div class=\"wp-block-column is-layout-flow wp-block-column-is-layout-flow\">\n<figure class=\"wp-block-image size-full\"><img alt=\"\" fetchpriority=\"high\" decoding=\"async\" width=\"800\" height=\"800\" src=\"https:\/\/www.usborkeychain.com\/wp-content\/uploads\/Eco-friendly-Degradable-USB-Flash-Drive-Circular-Card-Style.jpg\" class=\"wp-image-3732\" srcset=\"https:\/\/www.usborkeychain.com\/wp-content\/uploads\/Eco-friendly-Degradable-USB-Flash-Drive-Circular-Card-Style.jpg 800w, https:\/\/www.usborkeychain.com\/wp-content\/uploads\/Eco-friendly-Degradable-USB-Flash-Drive-Circular-Card-Style-300x300.jpg 300w, https:\/\/www.usborkeychain.com\/wp-content\/uploads\/Eco-friendly-Degradable-USB-Flash-Drive-Circular-Card-Style-150x150.jpg 150w, https:\/\/www.usborkeychain.com\/wp-content\/uploads\/Eco-friendly-Degradable-USB-Flash-Drive-Circular-Card-Style-768x768.jpg 768w, https:\/\/www.usborkeychain.com\/wp-content\/uploads\/Eco-friendly-Degradable-USB-Flash-Drive-Circular-Card-Style-12x12.jpg 12w, https:\/\/www.usborkeychain.com\/wp-content\/uploads\/Eco-friendly-Degradable-USB-Flash-Drive-Circular-Card-Style-600x600.jpg 600w, https:\/\/www.usborkeychain.com\/wp-content\/uploads\/Eco-friendly-Degradable-USB-Flash-Drive-Circular-Card-Style-100x100.jpg 100w\" sizes=\"(max-width: 800px) 100vw, 800px\" \/><\/figure>\n<\/div>\n<\/div>\n\n\n\n<h2 class=\"wp-block-heading\">Quels sont les sc\u00e9narios pour lesquels la cl\u00e9 USB circulaire d\u00e9gradable est adapt\u00e9e ?<\/h2>\n\n\n\n<p>La cl\u00e9 USB circulaire d\u00e9gradable offre un large \u00e9ventail de sc\u00e9narios d'application. Les entreprises peuvent pr\u00e9senter avec pr\u00e9cision des contenus personnalis\u00e9s tels que des logos de marque et des slogans promotionnels gr\u00e2ce \u00e0 des proc\u00e9d\u00e9s tels que la gravure au laser et la s\u00e9rigraphie. Pour les entreprises des secteurs de l'agriculture, de la sylviculture et de la protection de l'environnement, les cl\u00e9s USB personnalis\u00e9es peuvent \u00eatre utilis\u00e9es dans le cadre de r\u00e9unions avec les clients, de promotions lors d'expositions et de r\u00e9compenses pour les employ\u00e9s. Prenons l'exemple d'une entreprise foresti\u00e8re : apr\u00e8s avoir personnalis\u00e9 1 000 unit\u00e9s pour les offrir \u00e0 des clients, la visibilit\u00e9 de sa marque a augment\u00e9 de 30%, ce qui a permis d'am\u00e9liorer la fid\u00e9lit\u00e9 des clients et l'image environnementale de l'entreprise.<\/p>\n\n\n\n<div class=\"wp-block-columns is-layout-flex wp-container-core-columns-is-layout-9c22b1e3 wp-block-columns-is-layout-flex\">\n<div class=\"wp-block-column is-layout-flow wp-block-column-is-layout-flow\">\n<figure class=\"wp-block-image size-full\"><img alt=\"\" loading=\"lazy\" decoding=\"async\" width=\"800\" height=\"800\" src=\"https:\/\/www.usborkeychain.com\/wp-content\/uploads\/Eco-friendly-Wheat-Straw-Circular-USB-Flash-Drive-Card-style.jpg\" class=\"wp-image-3733\" srcset=\"https:\/\/www.usborkeychain.com\/wp-content\/uploads\/Eco-friendly-Wheat-Straw-Circular-USB-Flash-Drive-Card-style.jpg 800w, https:\/\/www.usborkeychain.com\/wp-content\/uploads\/Eco-friendly-Wheat-Straw-Circular-USB-Flash-Drive-Card-style-300x300.jpg 300w, https:\/\/www.usborkeychain.com\/wp-content\/uploads\/Eco-friendly-Wheat-Straw-Circular-USB-Flash-Drive-Card-style-150x150.jpg 150w, https:\/\/www.usborkeychain.com\/wp-content\/uploads\/Eco-friendly-Wheat-Straw-Circular-USB-Flash-Drive-Card-style-768x768.jpg 768w, https:\/\/www.usborkeychain.com\/wp-content\/uploads\/Eco-friendly-Wheat-Straw-Circular-USB-Flash-Drive-Card-style-12x12.jpg 12w, https:\/\/www.usborkeychain.com\/wp-content\/uploads\/Eco-friendly-Wheat-Straw-Circular-USB-Flash-Drive-Card-style-600x600.jpg 600w, https:\/\/www.usborkeychain.com\/wp-content\/uploads\/Eco-friendly-Wheat-Straw-Circular-USB-Flash-Drive-Card-style-100x100.jpg 100w\" sizes=\"(max-width: 800px) 100vw, 800px\" \/><\/figure>\n<\/div>\n\n\n\n<div class=\"wp-block-column is-layout-flow wp-block-column-is-layout-flow\">\n<figure class=\"wp-block-image size-full\"><img alt=\"\" loading=\"lazy\" decoding=\"async\" width=\"800\" height=\"800\" src=\"https:\/\/www.usborkeychain.com\/wp-content\/uploads\/Degradable-Ultra-thin-Circular-USB-Flash-Drive.jpg\" class=\"wp-image-3731\" srcset=\"https:\/\/www.usborkeychain.com\/wp-content\/uploads\/Degradable-Ultra-thin-Circular-USB-Flash-Drive.jpg 800w, https:\/\/www.usborkeychain.com\/wp-content\/uploads\/Degradable-Ultra-thin-Circular-USB-Flash-Drive-300x300.jpg 300w, https:\/\/www.usborkeychain.com\/wp-content\/uploads\/Degradable-Ultra-thin-Circular-USB-Flash-Drive-150x150.jpg 150w, https:\/\/www.usborkeychain.com\/wp-content\/uploads\/Degradable-Ultra-thin-Circular-USB-Flash-Drive-768x768.jpg 768w, https:\/\/www.usborkeychain.com\/wp-content\/uploads\/Degradable-Ultra-thin-Circular-USB-Flash-Drive-12x12.jpg 12w, https:\/\/www.usborkeychain.com\/wp-content\/uploads\/Degradable-Ultra-thin-Circular-USB-Flash-Drive-600x600.jpg 600w, https:\/\/www.usborkeychain.com\/wp-content\/uploads\/Degradable-Ultra-thin-Circular-USB-Flash-Drive-100x100.jpg 100w\" sizes=\"(max-width: 800px) 100vw, 800px\" \/><\/figure>\n<\/div>\n\n\n\n<div class=\"wp-block-column is-layout-flow wp-block-column-is-layout-flow\">\n<figure class=\"wp-block-image size-full\"><img alt=\"\" loading=\"lazy\" decoding=\"async\" width=\"800\" height=\"800\" src=\"https:\/\/www.usborkeychain.com\/wp-content\/uploads\/Card-style-Degradable-USB-Flash-Drive-Eco-friendly-Wheat-Straw.jpg\" class=\"wp-image-3727\" srcset=\"https:\/\/www.usborkeychain.com\/wp-content\/uploads\/Card-style-Degradable-USB-Flash-Drive-Eco-friendly-Wheat-Straw.jpg 800w, https:\/\/www.usborkeychain.com\/wp-content\/uploads\/Card-style-Degradable-USB-Flash-Drive-Eco-friendly-Wheat-Straw-300x300.jpg 300w, https:\/\/www.usborkeychain.com\/wp-content\/uploads\/Card-style-Degradable-USB-Flash-Drive-Eco-friendly-Wheat-Straw-150x150.jpg 150w, https:\/\/www.usborkeychain.com\/wp-content\/uploads\/Card-style-Degradable-USB-Flash-Drive-Eco-friendly-Wheat-Straw-768x768.jpg 768w, https:\/\/www.usborkeychain.com\/wp-content\/uploads\/Card-style-Degradable-USB-Flash-Drive-Eco-friendly-Wheat-Straw-12x12.jpg 12w, https:\/\/www.usborkeychain.com\/wp-content\/uploads\/Card-style-Degradable-USB-Flash-Drive-Eco-friendly-Wheat-Straw-600x600.jpg 600w, https:\/\/www.usborkeychain.com\/wp-content\/uploads\/Card-style-Degradable-USB-Flash-Drive-Eco-friendly-Wheat-Straw-100x100.jpg 100w\" sizes=\"(max-width: 800px) 100vw, 800px\" \/><\/figure>\n<\/div>\n<\/div>\n\n\n\n<p>Gr\u00e2ce \u00e0 son mat\u00e9riau \u00e9cologique en paille de bl\u00e9, \u00e0 sa puce UDP haute performance, \u00e0 ses nombreuses options de personnalisation et \u00e0 ses possibilit\u00e9s d'application dans de multiples sc\u00e9narios, cette cl\u00e9 USB circulaire d\u00e9gradable est devenue un produit de r\u00e9f\u00e9rence alliant praticit\u00e9 et protection de l'environnement sur le march\u00e9 de la personnalisation des cl\u00e9s USB. C'est un choix id\u00e9al pour les entreprises qui souhaitent valoriser leur marque et mettre en pratique les concepts de protection de l'environnement.<\/p>","protected":false},"excerpt":{"rendered":"<ul>\n<li>Mini forme circulaire<\/li>\n<li>Conception en forme de carte<\/li>\n<li>Paille de bl\u00e9 d\u00e9gradable<\/li>\n<li>Seulement 3 mm d'\u00e9paisseur<\/li>\n<li>UDP<\/li>\n<\/ul>","protected":false},"featured_media":3727,"comment_status":"open","ping_status":"closed","template":"","meta":{"_seopress_robots_primary_cat":"none","_seopress_titles_title":"","_seopress_titles_desc":"","_seopress_robots_index":"","site-sidebar-layout":"default","site-content-layout":"","ast-site-content-layout":"","site-content-style":"default","site-sidebar-style":"default","ast-global-header-display":"","ast-banner-title-visibility":"","ast-main-header-display":"","ast-hfb-above-header-display":"","ast-hfb-below-header-display":"","ast-hfb-mobile-header-display":"","site-post-title":"","ast-breadcrumbs-content":"","ast-featured-img":"","footer-sml-layout":"","theme-transparent-header-meta":"","adv-header-id-meta":"","stick-header-meta":"","header-above-stick-meta":"","header-main-stick-meta":"","header-below-stick-meta":"","astra-migrate-meta-layouts":"default","ast-page-background-enabled":"default","ast-page-background-meta":{"desktop":{"background-color":"var(--ast-global-color-5)","background-image":"","background-repeat":"repeat","background-position":"center center","background-size":"auto","background-attachment":"scroll","background-type":"","background-media":"","overlay-type":"","overlay-color":"","overlay-opacity":"","overlay-gradient":""},"tablet":{"background-color":"","background-image":"","background-repeat":"repeat","background-position":"center center","background-size":"auto","background-attachment":"scroll","background-type":"","background-media":"","overlay-type":"","overlay-color":"","overlay-opacity":"","overlay-gradient":""},"mobile":{"background-color":"","background-image":"","background-repeat":"repeat","background-position":"center center","background-size":"auto","background-attachment":"scroll","background-type":"","background-media":"","overlay-type":"","overlay-color":"","overlay-opacity":"","overlay-gradient":""}},"ast-content-background-meta":{"desktop":{"background-color":"var(--ast-global-color-4)","background-image":"","background-repeat":"repeat","background-position":"center center","background-size":"auto","background-attachment":"scroll","background-type":"","background-media":"","overlay-type":"","overlay-color":"","overlay-opacity":"","overlay-gradient":""},"tablet":{"background-color":"var(--ast-global-color-4)","background-image":"","background-repeat":"repeat","background-position":"center center","background-size":"auto","background-attachment":"scroll","background-type":"","background-media":"","overlay-type":"","overlay-color":"","overlay-opacity":"","overlay-gradient":""},"mobile":{"background-color":"var(--ast-global-color-4)","background-image":"","background-repeat":"repeat","background-position":"center center","background-size":"auto","background-attachment":"scroll","background-type":"","background-media":"","overlay-type":"","overlay-color":"","overlay-opacity":"","overlay-gradient":""}}},"product_brand":[],"product_cat":[170],"product_tag":[210],"class_list":{"0":"post-3724","1":"product","2":"type-product","3":"status-publish","4":"has-post-thumbnail","6":"product_cat-biodegradable-usb-pendrive-2","7":"product_tag-round-usb-flash-drive","8":"desktop-align-left","9":"tablet-align-left","10":"mobile-align-left","12":"first","13":"instock","14":"shipping-taxable","15":"product-type-simple"},"_links":{"self":[{"href":"https:\/\/www.usborkeychain.com\/fr\/wp-json\/wp\/v2\/product\/3724","targetHints":{"allow":["GET"]}}],"collection":[{"href":"https:\/\/www.usborkeychain.com\/fr\/wp-json\/wp\/v2\/product"}],"about":[{"href":"https:\/\/www.usborkeychain.com\/fr\/wp-json\/wp\/v2\/types\/product"}],"replies":[{"embeddable":true,"href":"https:\/\/www.usborkeychain.com\/fr\/wp-json\/wp\/v2\/comments?post=3724"}],"wp:featuredmedia":[{"embeddable":true,"href":"https:\/\/www.usborkeychain.com\/fr\/wp-json\/wp\/v2\/media\/3727"}],"wp:attachment":[{"href":"https:\/\/www.usborkeychain.com\/fr\/wp-json\/wp\/v2\/media?parent=3724"}],"wp:term":[{"taxonomy":"product_brand","embeddable":true,"href":"https:\/\/www.usborkeychain.com\/fr\/wp-json\/wp\/v2\/product_brand?post=3724"},{"taxonomy":"product_cat","embeddable":true,"href":"https:\/\/www.usborkeychain.com\/fr\/wp-json\/wp\/v2\/product_cat?post=3724"},{"taxonomy":"product_tag","embeddable":true,"href":"https:\/\/www.usborkeychain.com\/fr\/wp-json\/wp\/v2\/product_tag?post=3724"}],"curies":[{"name":"wp","href":"https:\/\/api.w.org\/{rel}","templated":true}]}}