{"id":3743,"date":"2025-07-04T10:15:37","date_gmt":"2025-07-04T10:15:37","guid":{"rendered":"https:\/\/www.usborkeychain.com\/?post_type=product&#038;p=3743"},"modified":"2025-08-11T07:03:04","modified_gmt":"2025-08-11T07:03:04","slug":"metal-microphone-usb-flash-drive","status":"publish","type":"product","link":"https:\/\/www.usborkeychain.com\/fr\/produit\/metal-microphone-usb-flash-drive\/","title":{"rendered":"Cl\u00e9 USB Microphone en m\u00e9tal"},"content":{"rendered":"<p><\/p>\n\n\n\n<div class=\"wp-block-columns is-layout-flex wp-container-core-columns-is-layout-28f84493 wp-block-columns-is-layout-flex\">\n<div class=\"wp-block-column is-layout-flow wp-block-column-is-layout-flow\">\n<figure class=\"wp-block-image size-full\"><img alt=\"\" fetchpriority=\"high\" decoding=\"async\" width=\"800\" height=\"800\" src=\"https:\/\/www.usborkeychain.com\/wp-content\/uploads\/10703956983_1385862350.jpg\" class=\"wp-image-3748\" srcset=\"https:\/\/www.usborkeychain.com\/wp-content\/uploads\/10703956983_1385862350.jpg 800w, https:\/\/www.usborkeychain.com\/wp-content\/uploads\/10703956983_1385862350-300x300.jpg 300w, https:\/\/www.usborkeychain.com\/wp-content\/uploads\/10703956983_1385862350-150x150.jpg 150w, https:\/\/www.usborkeychain.com\/wp-content\/uploads\/10703956983_1385862350-768x768.jpg 768w, https:\/\/www.usborkeychain.com\/wp-content\/uploads\/10703956983_1385862350-12x12.jpg 12w, https:\/\/www.usborkeychain.com\/wp-content\/uploads\/10703956983_1385862350-600x600.jpg 600w, https:\/\/www.usborkeychain.com\/wp-content\/uploads\/10703956983_1385862350-100x100.jpg 100w\" sizes=\"(max-width: 800px) 100vw, 800px\" \/><\/figure>\n<\/div>\n\n\n\n<div class=\"wp-block-column is-vertically-aligned-center is-layout-flow wp-block-column-is-layout-flow\">\n<p>La cl\u00e9 USB avec microphone en m\u00e9tal d\u00e9passe les limites des formes USB traditionnelles et fait une entr\u00e9e fracassante avec son apparence de microphone r\u00e9aliste. Elle allie cr\u00e9ativit\u00e9 et praticit\u00e9 et s'impose comme un choix populaire pour les cadeaux d'entreprise personnalis\u00e9s. <\/p>\n\n\n\n<p>Nous allons \u00e9tudier ce produit unique sous l'angle des mat\u00e9riaux, de la couleur et des secteurs d'activit\u00e9 concern\u00e9s.<\/p>\n<\/div>\n<\/div>\n\n\n\n<h3 class=\"wp-block-heading\">Quel est le mat\u00e9riau de la cl\u00e9 USB \u00e0 microphone m\u00e9tallique ?<\/h3>\n\n\n\n<p>Fabriqu\u00e9e \u00e0 partir d'un mat\u00e9riau enti\u00e8rement m\u00e9tallique, la cl\u00e9 USB avec microphone en m\u00e9tal est robuste et durable, et d\u00e9gage une impression de qualit\u00e9 sup\u00e9rieure. Son design s'inspire des microphones de dessins anim\u00e9s : la t\u00eate du microphone pr\u00e9sente un design rond avec des lignes douces pour un toucher confortable ; le corps a une forme plate. Ce concept ing\u00e9nieux lui conf\u00e8re non seulement une apparence distinctive, mais cr\u00e9e \u00e9galement un vaste espace de personnalisation. Les entreprises peuvent facilement personnaliser des logos exclusifs sur le corps plat - que ce soit par estampage dor\u00e9 ou par gravure au laser, les deux peuvent parfaitement mettre en valeur la marque, faisant de cette cl\u00e9 USB un cadeau de qualit\u00e9 hautement reconnaissable qui r\u00e9pond aux divers besoins de personnalisation de l'USB.<\/p>\n\n\n\n<div class=\"wp-block-columns is-layout-flex wp-container-core-columns-is-layout-28f84493 wp-block-columns-is-layout-flex\">\n<div class=\"wp-block-column is-layout-flow wp-block-column-is-layout-flow\">\n<figure class=\"wp-block-image size-full\"><img alt=\"\" decoding=\"async\" width=\"800\" height=\"800\" src=\"https:\/\/www.usborkeychain.com\/wp-content\/uploads\/10674837540_1385862350.jpg\" class=\"wp-image-3747\" srcset=\"https:\/\/www.usborkeychain.com\/wp-content\/uploads\/10674837540_1385862350.jpg 800w, https:\/\/www.usborkeychain.com\/wp-content\/uploads\/10674837540_1385862350-300x300.jpg 300w, https:\/\/www.usborkeychain.com\/wp-content\/uploads\/10674837540_1385862350-150x150.jpg 150w, https:\/\/www.usborkeychain.com\/wp-content\/uploads\/10674837540_1385862350-768x768.jpg 768w, https:\/\/www.usborkeychain.com\/wp-content\/uploads\/10674837540_1385862350-12x12.jpg 12w, https:\/\/www.usborkeychain.com\/wp-content\/uploads\/10674837540_1385862350-600x600.jpg 600w, https:\/\/www.usborkeychain.com\/wp-content\/uploads\/10674837540_1385862350-100x100.jpg 100w\" sizes=\"(max-width: 800px) 100vw, 800px\" \/><\/figure>\n<\/div>\n\n\n\n<div class=\"wp-block-column is-layout-flow wp-block-column-is-layout-flow\">\n<figure class=\"wp-block-image size-full\"><img alt=\"\" decoding=\"async\" width=\"800\" height=\"800\" src=\"https:\/\/www.usborkeychain.com\/wp-content\/uploads\/10674825795_1385862350.jpg\" class=\"wp-image-3746\" srcset=\"https:\/\/www.usborkeychain.com\/wp-content\/uploads\/10674825795_1385862350.jpg 800w, https:\/\/www.usborkeychain.com\/wp-content\/uploads\/10674825795_1385862350-300x300.jpg 300w, https:\/\/www.usborkeychain.com\/wp-content\/uploads\/10674825795_1385862350-150x150.jpg 150w, https:\/\/www.usborkeychain.com\/wp-content\/uploads\/10674825795_1385862350-768x768.jpg 768w, https:\/\/www.usborkeychain.com\/wp-content\/uploads\/10674825795_1385862350-12x12.jpg 12w, https:\/\/www.usborkeychain.com\/wp-content\/uploads\/10674825795_1385862350-600x600.jpg 600w, https:\/\/www.usborkeychain.com\/wp-content\/uploads\/10674825795_1385862350-100x100.jpg 100w\" sizes=\"(max-width: 800px) 100vw, 800px\" \/><\/figure>\n<\/div>\n<\/div>\n\n\n\n<h3 class=\"wp-block-heading\">Quelles sont les couleurs de la cl\u00e9 USB \u00e0 microphone m\u00e9tallique ?<\/h3>\n\n\n\n<p>Actuellement, le mod\u00e8le disponible de la cl\u00e9 USB avec microphone en m\u00e9tal est argent\u00e9. Couleur classique et polyvalente, l'argent illustre parfaitement la texture haut de gamme de cette cl\u00e9 USB. Avec son \u00e9clat fin qui brille \u00e0 la lumi\u00e8re, elle n'est ni trop ostentatoire ni d\u00e9pourvue de go\u00fbt et de style. L'aspect argent\u00e9 de cette cl\u00e9 USB lui permet de s'adapter \u00e0 diverses occasions - qu'il s'agisse d'un cadeau pour des r\u00e9unions d'affaires ou d'un usage quotidien, elle peut pr\u00e9senter un charme unique, permettant aux destinataires de ressentir toute la sinc\u00e9rit\u00e9 et l'attention qu'ils lui portent.<\/p>\n\n\n\n<h3 class=\"wp-block-heading\">La cl\u00e9 USB avec microphone en m\u00e9tal peut \u00eatre offerte en cadeau ?<\/h3>\n\n\n\n<p>La cl\u00e9 USB en m\u00e9tal pour microphone est un cadeau particuli\u00e8rement adapt\u00e9 aux industries li\u00e9es \u00e0 la musique. Pour les entreprises de fabrication de microphones, cette cl\u00e9 USB correspond parfaitement aux caract\u00e9ristiques de leurs produits. Lorsque les clubs de musique choisissent la cl\u00e9 USB avec microphone en m\u00e9tal comme cadeau pour des activit\u00e9s ou pour remercier leurs membres, elle peut non seulement renforcer le sentiment d'appartenance des membres, mais aussi attirer des clients potentiels gr\u00e2ce \u00e0 sa forme unique.<\/p>\n\n\n\n<div class=\"wp-block-columns is-layout-flex wp-container-core-columns-is-layout-28f84493 wp-block-columns-is-layout-flex\">\n<div class=\"wp-block-column is-layout-flow wp-block-column-is-layout-flow\">\n<figure class=\"wp-block-image size-large\"><img alt=\"\" loading=\"lazy\" decoding=\"async\" width=\"1024\" height=\"1024\" src=\"https:\/\/www.usborkeychain.com\/wp-content\/uploads\/O1CN010HmEiz2KwvtQfml4K_946879622-0-cib-1024x1024.jpg\" class=\"wp-image-3750\" srcset=\"https:\/\/www.usborkeychain.com\/wp-content\/uploads\/O1CN010HmEiz2KwvtQfml4K_946879622-0-cib-1024x1024.jpg 1024w, https:\/\/www.usborkeychain.com\/wp-content\/uploads\/O1CN010HmEiz2KwvtQfml4K_946879622-0-cib-300x300.jpg 300w, https:\/\/www.usborkeychain.com\/wp-content\/uploads\/O1CN010HmEiz2KwvtQfml4K_946879622-0-cib-150x150.jpg 150w, https:\/\/www.usborkeychain.com\/wp-content\/uploads\/O1CN010HmEiz2KwvtQfml4K_946879622-0-cib-768x768.jpg 768w, https:\/\/www.usborkeychain.com\/wp-content\/uploads\/O1CN010HmEiz2KwvtQfml4K_946879622-0-cib-12x12.jpg 12w, https:\/\/www.usborkeychain.com\/wp-content\/uploads\/O1CN010HmEiz2KwvtQfml4K_946879622-0-cib-600x600.jpg 600w, https:\/\/www.usborkeychain.com\/wp-content\/uploads\/O1CN010HmEiz2KwvtQfml4K_946879622-0-cib-100x100.jpg 100w, https:\/\/www.usborkeychain.com\/wp-content\/uploads\/O1CN010HmEiz2KwvtQfml4K_946879622-0-cib.jpg 1510w\" sizes=\"(max-width: 1024px) 100vw, 1024px\" \/><\/figure>\n<\/div>\n\n\n\n<div class=\"wp-block-column is-layout-flow wp-block-column-is-layout-flow\">\n<figure class=\"wp-block-image size-full\"><img alt=\"\" loading=\"lazy\" decoding=\"async\" width=\"800\" height=\"800\" src=\"https:\/\/www.usborkeychain.com\/wp-content\/uploads\/10730432890_1385862350.jpg\" class=\"wp-image-3749\" srcset=\"https:\/\/www.usborkeychain.com\/wp-content\/uploads\/10730432890_1385862350.jpg 800w, https:\/\/www.usborkeychain.com\/wp-content\/uploads\/10730432890_1385862350-300x300.jpg 300w, https:\/\/www.usborkeychain.com\/wp-content\/uploads\/10730432890_1385862350-150x150.jpg 150w, https:\/\/www.usborkeychain.com\/wp-content\/uploads\/10730432890_1385862350-768x768.jpg 768w, https:\/\/www.usborkeychain.com\/wp-content\/uploads\/10730432890_1385862350-12x12.jpg 12w, https:\/\/www.usborkeychain.com\/wp-content\/uploads\/10730432890_1385862350-600x600.jpg 600w, https:\/\/www.usborkeychain.com\/wp-content\/uploads\/10730432890_1385862350-100x100.jpg 100w\" sizes=\"(max-width: 800px) 100vw, 800px\" \/><\/figure>\n<\/div>\n<\/div>\n\n\n\n<p>En outre, les industries telles que les \u00e9tablissements de formation musicale et les maisons de disques peuvent \u00e9galement personnaliser cette cl\u00e9 USB par l'interm\u00e9diaire des fabricants d'USB, et l'utiliser pour stocker et distribuer des supports de cours, partager des \u0153uvres musicales, etc. C'est un choix id\u00e9al pour la personnalisation d'une cl\u00e9 USB dans l'industrie de la musique.<\/p>\n\n\n\n<p>Gr\u00e2ce \u00e0 son mat\u00e9riau enti\u00e8rement m\u00e9tallique, \u00e0 son aspect argent\u00e9 haut de gamme et \u00e0 sa forte compatibilit\u00e9 avec l'industrie musicale, la cl\u00e9 USB avec microphone en m\u00e9tal est devenue un choix \u00e9blouissant dans les cadeaux USB personnalis\u00e9s, servant d'article pratique aux entreprises pour v\u00e9hiculer leur image de marque et am\u00e9liorer les relations avec leurs clients.<\/p>","protected":false},"excerpt":{"rendered":"<ul>\n<li>Mat\u00e9riau m\u00e9tallique<\/li>\n<li>Styles de microphones<\/li>\n<li>Logo personnalis\u00e9<\/li>\n<li>MOQ:100pcs<\/li>\n<li>USB2.0 et USB3.0<\/li>\n<\/ul>","protected":false},"featured_media":3748,"comment_status":"open","ping_status":"closed","template":"","meta":{"_seopress_robots_primary_cat":"none","_seopress_titles_title":"","_seopress_titles_desc":"","_seopress_robots_index":"","site-sidebar-layout":"default","site-content-layout":"","ast-site-content-layout":"","site-content-style":"default","site-sidebar-style":"default","ast-global-header-display":"","ast-banner-title-visibility":"","ast-main-header-display":"","ast-hfb-above-header-display":"","ast-hfb-below-header-display":"","ast-hfb-mobile-header-display":"","site-post-title":"","ast-breadcrumbs-content":"","ast-featured-img":"","footer-sml-layout":"","theme-transparent-header-meta":"","adv-header-id-meta":"","stick-header-meta":"","header-above-stick-meta":"","header-main-stick-meta":"","header-below-stick-meta":"","astra-migrate-meta-layouts":"default","ast-page-background-enabled":"default","ast-page-background-meta":{"desktop":{"background-color":"var(--ast-global-color-5)","background-image":"","background-repeat":"repeat","background-position":"center center","background-size":"auto","background-attachment":"scroll","background-type":"","background-media":"","overlay-type":"","overlay-color":"","overlay-opacity":"","overlay-gradient":""},"tablet":{"background-color":"","background-image":"","background-repeat":"repeat","background-position":"center center","background-size":"auto","background-attachment":"scroll","background-type":"","background-media":"","overlay-type":"","overlay-color":"","overlay-opacity":"","overlay-gradient":""},"mobile":{"background-color":"","background-image":"","background-repeat":"repeat","background-position":"center center","background-size":"auto","background-attachment":"scroll","background-type":"","background-media":"","overlay-type":"","overlay-color":"","overlay-opacity":"","overlay-gradient":""}},"ast-content-background-meta":{"desktop":{"background-color":"var(--ast-global-color-4)","background-image":"","background-repeat":"repeat","background-position":"center center","background-size":"auto","background-attachment":"scroll","background-type":"","background-media":"","overlay-type":"","overlay-color":"","overlay-opacity":"","overlay-gradient":""},"tablet":{"background-color":"var(--ast-global-color-4)","background-image":"","background-repeat":"repeat","background-position":"center center","background-size":"auto","background-attachment":"scroll","background-type":"","background-media":"","overlay-type":"","overlay-color":"","overlay-opacity":"","overlay-gradient":""},"mobile":{"background-color":"var(--ast-global-color-4)","background-image":"","background-repeat":"repeat","background-position":"center center","background-size":"auto","background-attachment":"scroll","background-type":"","background-media":"","overlay-type":"","overlay-color":"","overlay-opacity":"","overlay-gradient":""}}},"product_brand":[],"product_cat":[89],"product_tag":[211,396],"class_list":{"0":"post-3743","1":"product","2":"type-product","3":"status-publish","4":"has-post-thumbnail","6":"product_cat-metal-usb-pendrive","7":"product_tag-music-usb-flash-drive","8":"product_tag-stainless-steel-usb-flash-drive","9":"desktop-align-left","10":"tablet-align-left","11":"mobile-align-left","13":"first","14":"instock","15":"shipping-taxable","16":"product-type-simple"},"_links":{"self":[{"href":"https:\/\/www.usborkeychain.com\/fr\/wp-json\/wp\/v2\/product\/3743","targetHints":{"allow":["GET"]}}],"collection":[{"href":"https:\/\/www.usborkeychain.com\/fr\/wp-json\/wp\/v2\/product"}],"about":[{"href":"https:\/\/www.usborkeychain.com\/fr\/wp-json\/wp\/v2\/types\/product"}],"replies":[{"embeddable":true,"href":"https:\/\/www.usborkeychain.com\/fr\/wp-json\/wp\/v2\/comments?post=3743"}],"wp:featuredmedia":[{"embeddable":true,"href":"https:\/\/www.usborkeychain.com\/fr\/wp-json\/wp\/v2\/media\/3748"}],"wp:attachment":[{"href":"https:\/\/www.usborkeychain.com\/fr\/wp-json\/wp\/v2\/media?parent=3743"}],"wp:term":[{"taxonomy":"product_brand","embeddable":true,"href":"https:\/\/www.usborkeychain.com\/fr\/wp-json\/wp\/v2\/product_brand?post=3743"},{"taxonomy":"product_cat","embeddable":true,"href":"https:\/\/www.usborkeychain.com\/fr\/wp-json\/wp\/v2\/product_cat?post=3743"},{"taxonomy":"product_tag","embeddable":true,"href":"https:\/\/www.usborkeychain.com\/fr\/wp-json\/wp\/v2\/product_tag?post=3743"}],"curies":[{"name":"wp","href":"https:\/\/api.w.org\/{rel}","templated":true}]}}