{"id":3751,"date":"2025-07-04T10:52:33","date_gmt":"2025-07-04T10:52:33","guid":{"rendered":"https:\/\/www.usborkeychain.com\/?post_type=product&#038;p=3751"},"modified":"2025-07-08T01:53:48","modified_gmt":"2025-07-08T01:53:48","slug":"pvc-microphone-usb-flash-drive","status":"publish","type":"product","link":"https:\/\/www.usborkeychain.com\/fr\/produit\/pvc-microphone-usb-flash-drive\/","title":{"rendered":"Microphone en PVC Cl\u00e9 USB"},"content":{"rendered":"<p><\/p>\n\n\n\n<div class=\"wp-block-columns is-layout-flex wp-container-core-columns-is-layout-28f84493 wp-block-columns-is-layout-flex\">\n<div class=\"wp-block-column is-layout-flow wp-block-column-is-layout-flow\">\n<figure class=\"wp-block-image size-full\"><img alt=\"USB Drive for KTV Opening Ceremony Gifts\" fetchpriority=\"high\" decoding=\"async\" width=\"750\" height=\"750\" src=\"https:\/\/www.usborkeychain.com\/wp-content\/uploads\/USB-Drive-for-KTV-Opening-Ceremony-Gifts.jpg\" class=\"wp-image-3754\" srcset=\"https:\/\/www.usborkeychain.com\/wp-content\/uploads\/USB-Drive-for-KTV-Opening-Ceremony-Gifts.jpg 750w, https:\/\/www.usborkeychain.com\/wp-content\/uploads\/USB-Drive-for-KTV-Opening-Ceremony-Gifts-300x300.jpg 300w, https:\/\/www.usborkeychain.com\/wp-content\/uploads\/USB-Drive-for-KTV-Opening-Ceremony-Gifts-150x150.jpg 150w, https:\/\/www.usborkeychain.com\/wp-content\/uploads\/USB-Drive-for-KTV-Opening-Ceremony-Gifts-12x12.jpg 12w, https:\/\/www.usborkeychain.com\/wp-content\/uploads\/USB-Drive-for-KTV-Opening-Ceremony-Gifts-600x600.jpg 600w, https:\/\/www.usborkeychain.com\/wp-content\/uploads\/USB-Drive-for-KTV-Opening-Ceremony-Gifts-100x100.jpg 100w\" sizes=\"(max-width: 750px) 100vw, 750px\" \/><\/figure>\n<\/div>\n\n\n\n<div class=\"wp-block-column is-vertically-aligned-center is-layout-flow wp-block-column-is-layout-flow\">\n<p>La cl\u00e9 USB \u00e0 microphone en PVC rompt avec la conception traditionnelle des cl\u00e9s USB gr\u00e2ce \u00e0 sa forme de microphone (simul\u00e9) tr\u00e8s ressemblante. Elle est devenue un choix populaire pour les cadeaux USB personnalis\u00e9s des entreprises et le mod\u00e8le de cadeau officiel sp\u00e9cifi\u00e9 pour les \u00e9v\u00e9nements musicaux de Huawei. <\/p>\n\n\n\n<p>En tant que produit de r\u00e9f\u00e9rence dans le secteur de l'USB simul\u00e9e, il int\u00e8gre profond\u00e9ment l'artisanat du caoutchouc souple en PVC avec des fonctions de stockage pratiques, d\u00e9montrant les avantages de la personnalisation pr\u00e9cise du mat\u00e9riau \u00e0 l'application du sc\u00e9nario.<\/p>\n<\/div>\n<\/div>\n\n\n\n<h3 class=\"wp-block-heading\">Quel est le mat\u00e9riau de la cl\u00e9 USB \u00e0 microphone en PVC ?<\/h3>\n\n\n\n<p>Contrairement \u00e0 la texture dure des mod\u00e8les en m\u00e9tal, la cl\u00e9 USB microphone en PVC est fabriqu\u00e9e en caoutchouc souple, par moulage par injection, afin de garantir sa flexibilit\u00e9 et sa r\u00e9sistance aux chutes. La s\u00e9rie comprend 3 mod\u00e8les avec le rouge et le noir classiques comme tons principaux (type de microphone standard, type de microphone vintage et type de microphone de dessin anim\u00e9), restituant la sensation de prise en main des vrais microphones. Il reproduit des d\u00e9tails tels que les ondulations de la t\u00eate du maillage et les arcs de la t\u00eate du son \u00e0 un rapport de 1:1, avec une pr\u00e9cision de simulation de plus de 95%. L'\u00e9lasticit\u00e9 du mat\u00e9riau en caoutchouc souple lui permet de r\u00e9sister \u00e0 un test de chute de 1,5 m, ce qui convient \u00e0 de nombreux sc\u00e9narios tels que les spectacles en plein air et les cadeaux \u00e9v\u00e9nementiels.<\/p>\n\n\n\n<div class=\"wp-block-columns is-layout-flex wp-container-core-columns-is-layout-28f84493 wp-block-columns-is-layout-flex\">\n<div class=\"wp-block-column is-layout-flow wp-block-column-is-layout-flow\">\n<figure class=\"wp-block-image size-full\"><img alt=\"\" decoding=\"async\" width=\"800\" height=\"800\" src=\"https:\/\/www.usborkeychain.com\/wp-content\/uploads\/PVC-Microphone-USB-Flash-Drive.jpg\" class=\"wp-image-3758\" srcset=\"https:\/\/www.usborkeychain.com\/wp-content\/uploads\/PVC-Microphone-USB-Flash-Drive.jpg 800w, https:\/\/www.usborkeychain.com\/wp-content\/uploads\/PVC-Microphone-USB-Flash-Drive-300x300.jpg 300w, https:\/\/www.usborkeychain.com\/wp-content\/uploads\/PVC-Microphone-USB-Flash-Drive-150x150.jpg 150w, https:\/\/www.usborkeychain.com\/wp-content\/uploads\/PVC-Microphone-USB-Flash-Drive-768x768.jpg 768w, https:\/\/www.usborkeychain.com\/wp-content\/uploads\/PVC-Microphone-USB-Flash-Drive-12x12.jpg 12w, https:\/\/www.usborkeychain.com\/wp-content\/uploads\/PVC-Microphone-USB-Flash-Drive-600x600.jpg 600w, https:\/\/www.usborkeychain.com\/wp-content\/uploads\/PVC-Microphone-USB-Flash-Drive-100x100.jpg 100w\" sizes=\"(max-width: 800px) 100vw, 800px\" \/><\/figure>\n<\/div>\n\n\n\n<div class=\"wp-block-column is-layout-flow wp-block-column-is-layout-flow\">\n<figure class=\"wp-block-image size-full\"><img alt=\"\" decoding=\"async\" width=\"800\" height=\"800\" src=\"https:\/\/www.usborkeychain.com\/wp-content\/uploads\/USB-Flash-Drive-for-Concert-Event-Souvenirs.jpg\" class=\"wp-image-3759\" srcset=\"https:\/\/www.usborkeychain.com\/wp-content\/uploads\/USB-Flash-Drive-for-Concert-Event-Souvenirs.jpg 800w, https:\/\/www.usborkeychain.com\/wp-content\/uploads\/USB-Flash-Drive-for-Concert-Event-Souvenirs-300x300.jpg 300w, https:\/\/www.usborkeychain.com\/wp-content\/uploads\/USB-Flash-Drive-for-Concert-Event-Souvenirs-150x150.jpg 150w, https:\/\/www.usborkeychain.com\/wp-content\/uploads\/USB-Flash-Drive-for-Concert-Event-Souvenirs-768x768.jpg 768w, https:\/\/www.usborkeychain.com\/wp-content\/uploads\/USB-Flash-Drive-for-Concert-Event-Souvenirs-12x12.jpg 12w, https:\/\/www.usborkeychain.com\/wp-content\/uploads\/USB-Flash-Drive-for-Concert-Event-Souvenirs-600x600.jpg 600w, https:\/\/www.usborkeychain.com\/wp-content\/uploads\/USB-Flash-Drive-for-Concert-Event-Souvenirs-100x100.jpg 100w\" sizes=\"(max-width: 800px) 100vw, 800px\" \/><\/figure>\n<\/div>\n<\/div>\n\n\n\n<h3 class=\"wp-block-heading\">Quels sont les sc\u00e9narios d'application des cl\u00e9s USB microphoniques personnalis\u00e9es par Huawei ?<\/h3>\n\n\n\n<p>En tant que cadeau officiel personnalis\u00e9 pour les \u00e9v\u00e9nements musicaux de Huawei, cette cl\u00e9 USB est emball\u00e9e dans un coffret noir (deux pi\u00e8ces). La bo\u00eete utilise un panneau dur de 2 mm d'\u00e9paisseur avec la technologie LOGO estampill\u00e9e en or, associ\u00e9 \u00e0 un coton antichoc EVA \u00e0 l'int\u00e9rieur pour la protection. Le corps de la cl\u00e9 USB est grav\u00e9 au laser avec le logo de la marque Huawei, avec une capacit\u00e9 de stockage standard de 16 Go (8-64 Go en option), prenant en charge la transmission \u00e0 grande vitesse USB 2.0 \u00e0 une vitesse de lecture-\u00e9criture de 15 Mo\/s. Actuellement utilis\u00e9 dans des sc\u00e9narios tels que les festivals de musique Huawei et les lancements de nouveaux produits comme souvenirs d'invit\u00e9s et prix d'interaction avec les fans, il renforce efficacement la m\u00e9morisation de l'\u00e9v\u00e9nement gr\u00e2ce \u00e0 la combinaison personnalis\u00e9e \"logo de la marque + \u00e9l\u00e9ments musicaux\".<\/p>\n\n\n\n<div class=\"wp-block-columns is-layout-flex wp-container-core-columns-is-layout-28f84493 wp-block-columns-is-layout-flex\">\n<div class=\"wp-block-column is-layout-flow wp-block-column-is-layout-flow\">\n<figure class=\"wp-block-image size-full\"><img alt=\"\" loading=\"lazy\" decoding=\"async\" width=\"800\" height=\"800\" src=\"https:\/\/www.usborkeychain.com\/wp-content\/uploads\/Microphone-shaped-USB-Drive.jpg\" class=\"wp-image-3756\" srcset=\"https:\/\/www.usborkeychain.com\/wp-content\/uploads\/Microphone-shaped-USB-Drive.jpg 800w, https:\/\/www.usborkeychain.com\/wp-content\/uploads\/Microphone-shaped-USB-Drive-300x300.jpg 300w, https:\/\/www.usborkeychain.com\/wp-content\/uploads\/Microphone-shaped-USB-Drive-150x150.jpg 150w, https:\/\/www.usborkeychain.com\/wp-content\/uploads\/Microphone-shaped-USB-Drive-768x768.jpg 768w, https:\/\/www.usborkeychain.com\/wp-content\/uploads\/Microphone-shaped-USB-Drive-12x12.jpg 12w, https:\/\/www.usborkeychain.com\/wp-content\/uploads\/Microphone-shaped-USB-Drive-600x600.jpg 600w, https:\/\/www.usborkeychain.com\/wp-content\/uploads\/Microphone-shaped-USB-Drive-100x100.jpg 100w\" sizes=\"(max-width: 800px) 100vw, 800px\" \/><\/figure>\n<\/div>\n\n\n\n<div class=\"wp-block-column is-layout-flow wp-block-column-is-layout-flow\">\n<figure class=\"wp-block-image size-full\"><img alt=\"\" loading=\"lazy\" decoding=\"async\" width=\"800\" height=\"800\" src=\"https:\/\/www.usborkeychain.com\/wp-content\/uploads\/PVC-Microphone-Model-USB-Flash-Drive.jpg\" class=\"wp-image-3757\" srcset=\"https:\/\/www.usborkeychain.com\/wp-content\/uploads\/PVC-Microphone-Model-USB-Flash-Drive.jpg 800w, https:\/\/www.usborkeychain.com\/wp-content\/uploads\/PVC-Microphone-Model-USB-Flash-Drive-300x300.jpg 300w, https:\/\/www.usborkeychain.com\/wp-content\/uploads\/PVC-Microphone-Model-USB-Flash-Drive-150x150.jpg 150w, https:\/\/www.usborkeychain.com\/wp-content\/uploads\/PVC-Microphone-Model-USB-Flash-Drive-768x768.jpg 768w, https:\/\/www.usborkeychain.com\/wp-content\/uploads\/PVC-Microphone-Model-USB-Flash-Drive-12x12.jpg 12w, https:\/\/www.usborkeychain.com\/wp-content\/uploads\/PVC-Microphone-Model-USB-Flash-Drive-600x600.jpg 600w, https:\/\/www.usborkeychain.com\/wp-content\/uploads\/PVC-Microphone-Model-USB-Flash-Drive-100x100.jpg 100w\" sizes=\"(max-width: 800px) 100vw, 800px\" \/><\/figure>\n<\/div>\n<\/div>\n\n\n\n<h3 class=\"wp-block-heading\">Quelles sont les caract\u00e9ristiques des cl\u00e9s USB personnalis\u00e9es de KTV ?<\/h3>\n\n\n\n<p><\/p>\n\n\n\n<div class=\"wp-block-columns is-layout-flex wp-container-core-columns-is-layout-28f84493 wp-block-columns-is-layout-flex\">\n<div class=\"wp-block-column is-layout-flow wp-block-column-is-layout-flow\">\n<figure class=\"wp-block-image size-full\"><img alt=\"\" loading=\"lazy\" decoding=\"async\" width=\"1000\" height=\"1000\" src=\"https:\/\/www.usborkeychain.com\/wp-content\/uploads\/Microphone-USB-Drive.jpg\" class=\"wp-image-3755\" srcset=\"https:\/\/www.usborkeychain.com\/wp-content\/uploads\/Microphone-USB-Drive.jpg 1000w, https:\/\/www.usborkeychain.com\/wp-content\/uploads\/Microphone-USB-Drive-300x300.jpg 300w, https:\/\/www.usborkeychain.com\/wp-content\/uploads\/Microphone-USB-Drive-150x150.jpg 150w, https:\/\/www.usborkeychain.com\/wp-content\/uploads\/Microphone-USB-Drive-768x768.jpg 768w, https:\/\/www.usborkeychain.com\/wp-content\/uploads\/Microphone-USB-Drive-12x12.jpg 12w, https:\/\/www.usborkeychain.com\/wp-content\/uploads\/Microphone-USB-Drive-600x600.jpg 600w, https:\/\/www.usborkeychain.com\/wp-content\/uploads\/Microphone-USB-Drive-100x100.jpg 100w\" sizes=\"(max-width: 1000px) 100vw, 1000px\" \/><\/figure>\n<\/div>\n\n\n\n<div class=\"wp-block-column is-vertically-aligned-center is-layout-flow wp-block-column-is-layout-flow\">\n<p>La cl\u00e9 USB micro rouge personnalis\u00e9e pour l'industrie KTV est sp\u00e9cialement con\u00e7ue pour des sc\u00e9narios tels que les c\u00e9l\u00e9brations d'anniversaire et les ouvertures de nouveaux magasins. Le corps principal est en caoutchouc souple PVC rouge brillant avec un anneau d\u00e9coratif en maille dor\u00e9e, d'une taille de 12 cm*3,5 cm (base comprise) et d'un poids de seulement 28 g pour une portabilit\u00e9 ais\u00e9e. <\/p>\n\n\n\n<p>La queue USB est dot\u00e9e d'un trou pour cordon, compatible avec les cordons ou les porte-cl\u00e9s de la marque KTV. Les options de personnalisation comprennent la s\u00e9rigraphie des noms des magasins, des logos d'anniversaire et des slogans exclusifs (par exemple, \"XX KTV 10th Anniversary - Because of You\").<\/p>\n\n\n\n<p> Souvent utilis\u00e9 comme cadeau de recharge pour les membres ou comme cadeau de pleine consommation dans les salles priv\u00e9es, il combine une m\u00e9moire de 64 Go (capable de pr\u00e9enregistrer des accompagnements de chansons populaires) pour r\u00e9aliser une double int\u00e9gration des fonctions de marketing et de la valeur pratique.<\/p>\n<\/div>\n<\/div>\n\n\n\n<p>La cl\u00e9 USB \u00e0 microphone en PVC, avec sa simulation de fabrication artisanale en caoutchouc souple PVC, ses normes de personnalisation de niveau Huawei et ses solutions de personnalisation bas\u00e9es sur le sc\u00e9nario KTV, est devenue un produit de r\u00e9f\u00e9rence pour les fabricants de cl\u00e9s USB qui fournissent des services de personnalisation aux industries de la musique et du divertissement. Sa capacit\u00e9 de personnalisation de bout en bout, de la s\u00e9lection des mat\u00e9riaux \u00e0 la conception de l'emballage, permet une communication pr\u00e9cise de la marque par le biais de cadeaux pratiques.<\/p>","protected":false},"excerpt":{"rendered":"<ul>\n<li>Mati\u00e8re PVC<\/li>\n<li>Style en forme de microphone<\/li>\n<li>3 mod\u00e8les<\/li>\n<li>Moule en PVC<\/li>\n<li>MOQ:100PCS<\/li>\n<\/ul>","protected":false},"featured_media":3754,"comment_status":"open","ping_status":"closed","template":"","meta":{"_seopress_robots_primary_cat":"","_seopress_titles_title":"","_seopress_titles_desc":"","_seopress_robots_index":"","site-sidebar-layout":"default","site-content-layout":"","ast-site-content-layout":"","site-content-style":"default","site-sidebar-style":"default","ast-global-header-display":"","ast-banner-title-visibility":"","ast-main-header-display":"","ast-hfb-above-header-display":"","ast-hfb-below-header-display":"","ast-hfb-mobile-header-display":"","site-post-title":"","ast-breadcrumbs-content":"","ast-featured-img":"","footer-sml-layout":"","theme-transparent-header-meta":"","adv-header-id-meta":"","stick-header-meta":"","header-above-stick-meta":"","header-main-stick-meta":"","header-below-stick-meta":"","astra-migrate-meta-layouts":"default","ast-page-background-enabled":"default","ast-page-background-meta":{"desktop":{"background-color":"var(--ast-global-color-5)","background-image":"","background-repeat":"repeat","background-position":"center center","background-size":"auto","background-attachment":"scroll","background-type":"","background-media":"","overlay-type":"","overlay-color":"","overlay-opacity":"","overlay-gradient":""},"tablet":{"background-color":"","background-image":"","background-repeat":"repeat","background-position":"center center","background-size":"auto","background-attachment":"scroll","background-type":"","background-media":"","overlay-type":"","overlay-color":"","overlay-opacity":"","overlay-gradient":""},"mobile":{"background-color":"","background-image":"","background-repeat":"repeat","background-position":"center center","background-size":"auto","background-attachment":"scroll","background-type":"","background-media":"","overlay-type":"","overlay-color":"","overlay-opacity":"","overlay-gradient":""}},"ast-content-background-meta":{"desktop":{"background-color":"var(--ast-global-color-4)","background-image":"","background-repeat":"repeat","background-position":"center center","background-size":"auto","background-attachment":"scroll","background-type":"","background-media":"","overlay-type":"","overlay-color":"","overlay-opacity":"","overlay-gradient":""},"tablet":{"background-color":"var(--ast-global-color-4)","background-image":"","background-repeat":"repeat","background-position":"center center","background-size":"auto","background-attachment":"scroll","background-type":"","background-media":"","overlay-type":"","overlay-color":"","overlay-opacity":"","overlay-gradient":""},"mobile":{"background-color":"var(--ast-global-color-4)","background-image":"","background-repeat":"repeat","background-position":"center center","background-size":"auto","background-attachment":"scroll","background-type":"","background-media":"","overlay-type":"","overlay-color":"","overlay-opacity":"","overlay-gradient":""}}},"product_brand":[],"product_cat":[94],"product_tag":[],"class_list":{"0":"post-3751","1":"product","2":"type-product","3":"status-publish","4":"has-post-thumbnail","6":"product_cat-pvc-usb-pendrive","7":"desktop-align-left","8":"tablet-align-left","9":"mobile-align-left","11":"first","12":"instock","13":"shipping-taxable","14":"product-type-simple"},"_links":{"self":[{"href":"https:\/\/www.usborkeychain.com\/fr\/wp-json\/wp\/v2\/product\/3751","targetHints":{"allow":["GET"]}}],"collection":[{"href":"https:\/\/www.usborkeychain.com\/fr\/wp-json\/wp\/v2\/product"}],"about":[{"href":"https:\/\/www.usborkeychain.com\/fr\/wp-json\/wp\/v2\/types\/product"}],"replies":[{"embeddable":true,"href":"https:\/\/www.usborkeychain.com\/fr\/wp-json\/wp\/v2\/comments?post=3751"}],"wp:featuredmedia":[{"embeddable":true,"href":"https:\/\/www.usborkeychain.com\/fr\/wp-json\/wp\/v2\/media\/3754"}],"wp:attachment":[{"href":"https:\/\/www.usborkeychain.com\/fr\/wp-json\/wp\/v2\/media?parent=3751"}],"wp:term":[{"taxonomy":"product_brand","embeddable":true,"href":"https:\/\/www.usborkeychain.com\/fr\/wp-json\/wp\/v2\/product_brand?post=3751"},{"taxonomy":"product_cat","embeddable":true,"href":"https:\/\/www.usborkeychain.com\/fr\/wp-json\/wp\/v2\/product_cat?post=3751"},{"taxonomy":"product_tag","embeddable":true,"href":"https:\/\/www.usborkeychain.com\/fr\/wp-json\/wp\/v2\/product_tag?post=3751"}],"curies":[{"name":"wp","href":"https:\/\/api.w.org\/{rel}","templated":true}]}}