{"id":3761,"date":"2025-07-04T12:30:01","date_gmt":"2025-07-04T12:30:01","guid":{"rendered":"https:\/\/www.usborkeychain.com\/?post_type=product&#038;p=3761"},"modified":"2025-07-05T08:53:11","modified_gmt":"2025-07-05T08:53:11","slug":"eco-credit-card-usb-drive-for-prosperkolleg-circular-economy","status":"publish","type":"product","link":"https:\/\/www.usborkeychain.com\/fr\/produit\/eco-credit-card-usb-drive-for-prosperkolleg-circular-economy\/","title":{"rendered":"Eco Credit Card USB Drive for Prosperkolleg Circular Economy (Carte de cr\u00e9dit \u00e9cologique, cl\u00e9 USB pour l'\u00e9conomie circulaire)"},"content":{"rendered":"<p><\/p>\n\n\n\n<div class=\"wp-block-columns is-layout-flex wp-container-core-columns-is-layout-28f84493 wp-block-columns-is-layout-flex\">\n<div class=\"wp-block-column is-layout-flow wp-block-column-is-layout-flow\">\n<figure class=\"wp-block-image size-full\"><img alt=\"\" fetchpriority=\"high\" decoding=\"async\" width=\"800\" height=\"800\" src=\"https:\/\/www.usborkeychain.com\/wp-content\/uploads\/Eco-friendly-card-shaped-usbstick-ODM-Factory.jpg\" class=\"wp-image-3766\" srcset=\"https:\/\/www.usborkeychain.com\/wp-content\/uploads\/Eco-friendly-card-shaped-usbstick-ODM-Factory.jpg 800w, https:\/\/www.usborkeychain.com\/wp-content\/uploads\/Eco-friendly-card-shaped-usbstick-ODM-Factory-300x300.jpg 300w, https:\/\/www.usborkeychain.com\/wp-content\/uploads\/Eco-friendly-card-shaped-usbstick-ODM-Factory-150x150.jpg 150w, https:\/\/www.usborkeychain.com\/wp-content\/uploads\/Eco-friendly-card-shaped-usbstick-ODM-Factory-768x768.jpg 768w, https:\/\/www.usborkeychain.com\/wp-content\/uploads\/Eco-friendly-card-shaped-usbstick-ODM-Factory-12x12.jpg 12w, https:\/\/www.usborkeychain.com\/wp-content\/uploads\/Eco-friendly-card-shaped-usbstick-ODM-Factory-600x600.jpg 600w, https:\/\/www.usborkeychain.com\/wp-content\/uploads\/Eco-friendly-card-shaped-usbstick-ODM-Factory-100x100.jpg 100w\" sizes=\"(max-width: 800px) 100vw, 800px\" \/><\/figure>\n<\/div>\n\n\n\n<div class=\"wp-block-column is-vertically-aligned-center is-layout-flow wp-block-column-is-layout-flow\">\n<p><strong>\u00c0 propos du Prosperkolleg \u00c9conomie circulaire dans les m\u00e9tiers sp\u00e9cialis\u00e9s<\/strong><br>Prosperkolleg Circular Economy in the skilled trades est une entreprise tourn\u00e9e vers l'avenir dans le secteur des m\u00e9tiers. <\/p>\n\n\n\n<p>Ax\u00e9e sur le concept d'\u00e9conomie circulaire, elle explore activement les moyens de parvenir \u00e0 une utilisation efficace des ressources et \u00e0 un d\u00e9veloppement durable dans des domaines connexes. Gr\u00e2ce \u00e0 des mod\u00e8les et des pratiques innovants, elle s'est forg\u00e9e une image unique dans l'industrie.<\/p>\n<\/div>\n<\/div>\n\n\n\n<h2 class=\"wp-block-heading\">Cl\u00e9 USB d\u00e9gradable de type carte<\/h2>\n\n\n\n<h3 class=\"wp-block-heading\">1. Mat\u00e9riau d\u00e9gradable respectueux de l'environnement<\/h3>\n\n\n\n<p>Cette cl\u00e9 USB Eco Credit Card personnalis\u00e9e pour le Prosperkolleg Circular Economy dans les m\u00e9tiers sp\u00e9cialis\u00e9s est fabriqu\u00e9e \u00e0 partir de mat\u00e9riaux d\u00e9gradables respectueux de l'environnement. \u00c0 l'heure o\u00f9 l'on se pr\u00e9occupe de l'environnement, ce mat\u00e9riau est incontestablement un atout. Apr\u00e8s sa dur\u00e9e de vie, il peut se d\u00e9composer progressivement dans l'environnement naturel, r\u00e9duisant ainsi la pollution de l'environnement. Compar\u00e9 aux mat\u00e9riaux traditionnels des cl\u00e9s USB, il minimise consid\u00e9rablement l'impact n\u00e9gatif sur l'environnement \u00e9cologique, s'alignant ainsi sur la tendance mondiale en mati\u00e8re de protection de l'environnement.<\/p>\n\n\n\n<div class=\"wp-block-columns is-layout-flex wp-container-core-columns-is-layout-28f84493 wp-block-columns-is-layout-flex\">\n<div class=\"wp-block-column is-layout-flow wp-block-column-is-layout-flow\">\n<figure class=\"wp-block-image size-full\"><img alt=\"\" decoding=\"async\" width=\"800\" height=\"800\" src=\"https:\/\/www.usborkeychain.com\/wp-content\/uploads\/Prosperkolleg-Circular-Economy-in-the-skilled-trades.jpg\" class=\"wp-image-3767\" srcset=\"https:\/\/www.usborkeychain.com\/wp-content\/uploads\/Prosperkolleg-Circular-Economy-in-the-skilled-trades.jpg 800w, https:\/\/www.usborkeychain.com\/wp-content\/uploads\/Prosperkolleg-Circular-Economy-in-the-skilled-trades-300x300.jpg 300w, https:\/\/www.usborkeychain.com\/wp-content\/uploads\/Prosperkolleg-Circular-Economy-in-the-skilled-trades-150x150.jpg 150w, https:\/\/www.usborkeychain.com\/wp-content\/uploads\/Prosperkolleg-Circular-Economy-in-the-skilled-trades-768x768.jpg 768w, https:\/\/www.usborkeychain.com\/wp-content\/uploads\/Prosperkolleg-Circular-Economy-in-the-skilled-trades-12x12.jpg 12w, https:\/\/www.usborkeychain.com\/wp-content\/uploads\/Prosperkolleg-Circular-Economy-in-the-skilled-trades-600x600.jpg 600w, https:\/\/www.usborkeychain.com\/wp-content\/uploads\/Prosperkolleg-Circular-Economy-in-the-skilled-trades-100x100.jpg 100w\" sizes=\"(max-width: 800px) 100vw, 800px\" \/><\/figure>\n<\/div>\n\n\n\n<div class=\"wp-block-column is-layout-flow wp-block-column-is-layout-flow\">\n<figure class=\"wp-block-image size-full\"><img alt=\"\" decoding=\"async\" width=\"800\" height=\"800\" src=\"https:\/\/www.usborkeychain.com\/wp-content\/uploads\/Business-Credit-Card-Type-Usb-Flash-Drive.jpg\" class=\"wp-image-3764\" srcset=\"https:\/\/www.usborkeychain.com\/wp-content\/uploads\/Business-Credit-Card-Type-Usb-Flash-Drive.jpg 800w, https:\/\/www.usborkeychain.com\/wp-content\/uploads\/Business-Credit-Card-Type-Usb-Flash-Drive-300x300.jpg 300w, https:\/\/www.usborkeychain.com\/wp-content\/uploads\/Business-Credit-Card-Type-Usb-Flash-Drive-150x150.jpg 150w, https:\/\/www.usborkeychain.com\/wp-content\/uploads\/Business-Credit-Card-Type-Usb-Flash-Drive-768x768.jpg 768w, https:\/\/www.usborkeychain.com\/wp-content\/uploads\/Business-Credit-Card-Type-Usb-Flash-Drive-12x12.jpg 12w, https:\/\/www.usborkeychain.com\/wp-content\/uploads\/Business-Credit-Card-Type-Usb-Flash-Drive-600x600.jpg 600w, https:\/\/www.usborkeychain.com\/wp-content\/uploads\/Business-Credit-Card-Type-Usb-Flash-Drive-100x100.jpg 100w\" sizes=\"(max-width: 800px) 100vw, 800px\" \/><\/figure>\n<\/div>\n<\/div>\n\n\n\n<h3 class=\"wp-block-heading\">2. Conception de type carte<\/h3>\n\n\n\n<p>Le design en forme de carte donne \u00e0 cette cl\u00e9 USB un aspect unique. En forme de carte de cr\u00e9dit, elle est compacte, l\u00e9g\u00e8re et facile \u00e0 transporter. Qu'elle soit plac\u00e9e dans un portefeuille ou accroch\u00e9e \u00e0 un ordinateur portable, elle n'occupe qu'un minimum d'espace. Ce design ne se distingue pas seulement par son aspect visuel, mais aussi par son aspect pratique, qui permet aux utilisateurs de l'utiliser \u00e0 tout moment et en tout lieu.<\/p>\n\n\n\n<h2 class=\"wp-block-heading\">Logo personnalis\u00e9<\/h2>\n\n\n\n<p>En tant que cadeau d'entreprise personnalis\u00e9, le recto et le verso de la cl\u00e9 USB Eco Credit Card sont m\u00e9ticuleusement con\u00e7us avec le nom de l'entreprise, le logo et le slogan de Prosperkolleg Circular Economy in the skilled trades. Cette conception permet de promouvoir efficacement l'image de l'entreprise : lorsque les clients recevront et utiliseront cette cl\u00e9 USB, ils se souviendront \u00e0 chaque fois de l'entreprise, ce qui constituera un puissant outil de promotion de la marque. Il refl\u00e8te \u00e9galement l'importance et le professionnalisme de l'entreprise en mati\u00e8re de promotion de la marque.<\/p>\n\n\n\n<p><\/p>","protected":false},"excerpt":{"rendered":"<ul>\n<li>Prosperkolleg Entreprise d'\u00e9conomie circulaire<\/li>\n<li>USB personnalis\u00e9e en cadeau<\/li>\n<li>Forme de la carte de cr\u00e9dit<\/li>\n<li>Mat\u00e9riau \u00e9cologique<\/li>\n<li>Impression en couleur du logo<\/li>\n<\/ul>","protected":false},"featured_media":3802,"comment_status":"open","ping_status":"closed","template":"","meta":{"_seopress_robots_primary_cat":"none","_seopress_titles_title":"","_seopress_titles_desc":"","_seopress_robots_index":"","site-sidebar-layout":"default","site-content-layout":"","ast-site-content-layout":"","site-content-style":"default","site-sidebar-style":"default","ast-global-header-display":"","ast-banner-title-visibility":"","ast-main-header-display":"","ast-hfb-above-header-display":"","ast-hfb-below-header-display":"","ast-hfb-mobile-header-display":"","site-post-title":"","ast-breadcrumbs-content":"","ast-featured-img":"","footer-sml-layout":"","theme-transparent-header-meta":"","adv-header-id-meta":"","stick-header-meta":"","header-above-stick-meta":"","header-main-stick-meta":"","header-below-stick-meta":"","astra-migrate-meta-layouts":"default","ast-page-background-enabled":"default","ast-page-background-meta":{"desktop":{"background-color":"var(--ast-global-color-5)","background-image":"","background-repeat":"repeat","background-position":"center center","background-size":"auto","background-attachment":"scroll","background-type":"","background-media":"","overlay-type":"","overlay-color":"","overlay-opacity":"","overlay-gradient":""},"tablet":{"background-color":"","background-image":"","background-repeat":"repeat","background-position":"center center","background-size":"auto","background-attachment":"scroll","background-type":"","background-media":"","overlay-type":"","overlay-color":"","overlay-opacity":"","overlay-gradient":""},"mobile":{"background-color":"","background-image":"","background-repeat":"repeat","background-position":"center center","background-size":"auto","background-attachment":"scroll","background-type":"","background-media":"","overlay-type":"","overlay-color":"","overlay-opacity":"","overlay-gradient":""}},"ast-content-background-meta":{"desktop":{"background-color":"var(--ast-global-color-4)","background-image":"","background-repeat":"repeat","background-position":"center center","background-size":"auto","background-attachment":"scroll","background-type":"","background-media":"","overlay-type":"","overlay-color":"","overlay-opacity":"","overlay-gradient":""},"tablet":{"background-color":"var(--ast-global-color-4)","background-image":"","background-repeat":"repeat","background-position":"center center","background-size":"auto","background-attachment":"scroll","background-type":"","background-media":"","overlay-type":"","overlay-color":"","overlay-opacity":"","overlay-gradient":""},"mobile":{"background-color":"var(--ast-global-color-4)","background-image":"","background-repeat":"repeat","background-position":"center center","background-size":"auto","background-attachment":"scroll","background-type":"","background-media":"","overlay-type":"","overlay-color":"","overlay-opacity":"","overlay-gradient":""}}},"product_brand":[],"product_cat":[95],"product_tag":[212],"class_list":{"0":"post-3761","1":"product","2":"type-product","3":"status-publish","4":"has-post-thumbnail","6":"product_cat-promotional-usb-drive","7":"product_tag-eco-credit-card-usb-drive","8":"desktop-align-left","9":"tablet-align-left","10":"mobile-align-left","12":"first","13":"instock","14":"shipping-taxable","15":"product-type-simple"},"_links":{"self":[{"href":"https:\/\/www.usborkeychain.com\/fr\/wp-json\/wp\/v2\/product\/3761","targetHints":{"allow":["GET"]}}],"collection":[{"href":"https:\/\/www.usborkeychain.com\/fr\/wp-json\/wp\/v2\/product"}],"about":[{"href":"https:\/\/www.usborkeychain.com\/fr\/wp-json\/wp\/v2\/types\/product"}],"replies":[{"embeddable":true,"href":"https:\/\/www.usborkeychain.com\/fr\/wp-json\/wp\/v2\/comments?post=3761"}],"wp:featuredmedia":[{"embeddable":true,"href":"https:\/\/www.usborkeychain.com\/fr\/wp-json\/wp\/v2\/media\/3802"}],"wp:attachment":[{"href":"https:\/\/www.usborkeychain.com\/fr\/wp-json\/wp\/v2\/media?parent=3761"}],"wp:term":[{"taxonomy":"product_brand","embeddable":true,"href":"https:\/\/www.usborkeychain.com\/fr\/wp-json\/wp\/v2\/product_brand?post=3761"},{"taxonomy":"product_cat","embeddable":true,"href":"https:\/\/www.usborkeychain.com\/fr\/wp-json\/wp\/v2\/product_cat?post=3761"},{"taxonomy":"product_tag","embeddable":true,"href":"https:\/\/www.usborkeychain.com\/fr\/wp-json\/wp\/v2\/product_tag?post=3761"}],"curies":[{"name":"wp","href":"https:\/\/api.w.org\/{rel}","templated":true}]}}