{"id":3770,"date":"2025-07-05T07:17:20","date_gmt":"2025-07-05T07:17:20","guid":{"rendered":"https:\/\/www.usborkeychain.com\/?post_type=product&#038;p=3770"},"modified":"2025-07-08T01:55:38","modified_gmt":"2025-07-08T01:55:38","slug":"bowling-ball-shaped-usb-flash-drive","status":"publish","type":"product","link":"https:\/\/www.usborkeychain.com\/fr\/produit\/bowling-ball-shaped-usb-flash-drive\/","title":{"rendered":"Cl\u00e9 USB en forme de boule de bowling"},"content":{"rendered":"<p>Rompant avec le design carr\u00e9 traditionnel des cl\u00e9s USB, la cl\u00e9 USB Bowling se distingue par sa forme de boule de bowling haute fid\u00e9lit\u00e9 \u00e0 l'\u00e9chelle 1:1, alliant parfaitement les \u00e9l\u00e9ments sportifs \u00e0 la fonctionnalit\u00e9 de stockage de donn\u00e9es. Elle mesure environ 6,5 cm de diam\u00e8tre et 7 cm de hauteur, imitant ainsi les proportions d'une v\u00e9ritable boule de bowling tout en conciliant portabilit\u00e9 et caract\u00e8re ludique.<\/p>\n\n\n\n<h2 class=\"wp-block-heading\">Qu'est-ce qui rend le design de la cl\u00e9 USB Bowling si particulier ?<\/h2>\n\n\n\n<p><\/p>\n\n\n\n<div class=\"wp-block-columns is-layout-flex wp-container-core-columns-is-layout-28f84493 wp-block-columns-is-layout-flex\">\n<div class=\"wp-block-column is-layout-flow wp-block-column-is-layout-flow\">\n<figure class=\"wp-block-image size-full\"><img fetchpriority=\"high\" decoding=\"async\" width=\"800\" height=\"800\" src=\"https:\/\/www.usborkeychain.com\/wp-content\/uploads\/Bowling-Ball-USB-Flash-Drive.jpg\" alt=\"Bowling Ball USB Flash Drive\" class=\"wp-image-3773\" srcset=\"https:\/\/www.usborkeychain.com\/wp-content\/uploads\/Bowling-Ball-USB-Flash-Drive.jpg 800w, https:\/\/www.usborkeychain.com\/wp-content\/uploads\/Bowling-Ball-USB-Flash-Drive-300x300.jpg 300w, https:\/\/www.usborkeychain.com\/wp-content\/uploads\/Bowling-Ball-USB-Flash-Drive-150x150.jpg 150w, https:\/\/www.usborkeychain.com\/wp-content\/uploads\/Bowling-Ball-USB-Flash-Drive-768x768.jpg 768w, https:\/\/www.usborkeychain.com\/wp-content\/uploads\/Bowling-Ball-USB-Flash-Drive-12x12.jpg 12w, https:\/\/www.usborkeychain.com\/wp-content\/uploads\/Bowling-Ball-USB-Flash-Drive-600x600.jpg 600w, https:\/\/www.usborkeychain.com\/wp-content\/uploads\/Bowling-Ball-USB-Flash-Drive-100x100.jpg 100w\" sizes=\"(max-width: 800px) 100vw, 800px\" \/><\/figure>\n<\/div>\n\n\n\n<div class=\"wp-block-column is-vertically-aligned-center is-layout-flow wp-block-column-is-layout-flow\">\n<p>Le lecteur reproduit les d\u00e9tails de la boule de bowling avec une conception haute fid\u00e9lit\u00e9 1:1 - les textures de surface et les positions des trous sont mod\u00e9lis\u00e9es d'apr\u00e8s les vraies boules de bowling, \u00e9mulant m\u00eame la texture mate avec un r\u00e9alisme de plus de 95%. <\/p>\n\n\n\n<p>Fabriqu\u00e9 en gel souple PVC respectueux de l'environnement, il est moul\u00e9 en une seule pi\u00e8ce par injection \u00e0 haute temp\u00e9rature, offrant un toucher doux et agr\u00e9able pour la peau et des caract\u00e9ristiques de r\u00e9sistance \u00e0 l'abrasion et aux chutes. Il a pass\u00e9 avec succ\u00e8s un test de chute de 1,5 m, avec une coque de 3 mm d'\u00e9paisseur et un indice de protection IP65 contre l'eau et la poussi\u00e8re, ce qui garantit la s\u00e9curit\u00e9 des donn\u00e9es contre les d\u00e9versements accidentels ou les d\u00e9bris.<\/p>\n<\/div>\n<\/div>\n\n\n\n<h2 class=\"wp-block-heading\">Pourquoi les associations d'\u00e9quipement sportif le choisissent-elles comme cadeau personnalis\u00e9 ?<\/h2>\n\n\n\n<p>La cl\u00e9 USB Bowling s'inscrit parfaitement dans l'industrie du sport, ce qui en fait un choix populaire pour les \u00e9v\u00e9nements annuels et les accords de coop\u00e9ration des associations d'\u00e9quipements sportifs. Son design sur le th\u00e8me du sport transmet la vitalit\u00e9 de la marque et, avec le logo exclusif de l'association, elle am\u00e9liore consid\u00e9rablement la reconnaissance de la marque. Il est disponible en diff\u00e9rentes capacit\u00e9s, de 8 Go \u00e0 128 Go, pour r\u00e9pondre \u00e0 diff\u00e9rents besoins.<\/p>\n\n\n\n<div class=\"wp-block-columns is-layout-flex wp-container-core-columns-is-layout-28f84493 wp-block-columns-is-layout-flex\">\n<div class=\"wp-block-column is-layout-flow wp-block-column-is-layout-flow\">\n<figure class=\"wp-block-image size-full\"><img decoding=\"async\" width=\"800\" height=\"800\" src=\"https:\/\/www.usborkeychain.com\/wp-content\/uploads\/Bowling-Ball-shaped-USB-Flash-Drive.jpg\" alt=\"Bowling Ball-shaped USB Flash Drive\" class=\"wp-image-3774\" srcset=\"https:\/\/www.usborkeychain.com\/wp-content\/uploads\/Bowling-Ball-shaped-USB-Flash-Drive.jpg 800w, https:\/\/www.usborkeychain.com\/wp-content\/uploads\/Bowling-Ball-shaped-USB-Flash-Drive-300x300.jpg 300w, https:\/\/www.usborkeychain.com\/wp-content\/uploads\/Bowling-Ball-shaped-USB-Flash-Drive-150x150.jpg 150w, https:\/\/www.usborkeychain.com\/wp-content\/uploads\/Bowling-Ball-shaped-USB-Flash-Drive-768x768.jpg 768w, https:\/\/www.usborkeychain.com\/wp-content\/uploads\/Bowling-Ball-shaped-USB-Flash-Drive-12x12.jpg 12w, https:\/\/www.usborkeychain.com\/wp-content\/uploads\/Bowling-Ball-shaped-USB-Flash-Drive-600x600.jpg 600w, https:\/\/www.usborkeychain.com\/wp-content\/uploads\/Bowling-Ball-shaped-USB-Flash-Drive-100x100.jpg 100w\" sizes=\"(max-width: 800px) 100vw, 800px\" \/><\/figure>\n<\/div>\n\n\n\n<div class=\"wp-block-column is-layout-flow wp-block-column-is-layout-flow\">\n<figure class=\"wp-block-image size-full\"><img decoding=\"async\" width=\"800\" height=\"800\" src=\"https:\/\/www.usborkeychain.com\/wp-content\/uploads\/Sports-Equipment-Association-USB-Flash-Drive.jpg\" alt=\"Sports Equipment Association USB Flash Drive\" class=\"wp-image-3775\" srcset=\"https:\/\/www.usborkeychain.com\/wp-content\/uploads\/Sports-Equipment-Association-USB-Flash-Drive.jpg 800w, https:\/\/www.usborkeychain.com\/wp-content\/uploads\/Sports-Equipment-Association-USB-Flash-Drive-300x300.jpg 300w, https:\/\/www.usborkeychain.com\/wp-content\/uploads\/Sports-Equipment-Association-USB-Flash-Drive-150x150.jpg 150w, https:\/\/www.usborkeychain.com\/wp-content\/uploads\/Sports-Equipment-Association-USB-Flash-Drive-768x768.jpg 768w, https:\/\/www.usborkeychain.com\/wp-content\/uploads\/Sports-Equipment-Association-USB-Flash-Drive-12x12.jpg 12w, https:\/\/www.usborkeychain.com\/wp-content\/uploads\/Sports-Equipment-Association-USB-Flash-Drive-600x600.jpg 600w, https:\/\/www.usborkeychain.com\/wp-content\/uploads\/Sports-Equipment-Association-USB-Flash-Drive-100x100.jpg 100w\" sizes=\"(max-width: 800px) 100vw, 800px\" \/><\/figure>\n<\/div>\n<\/div>\n\n\n\n<h2 class=\"wp-block-heading\">La cl\u00e9 USB Bowling peut-elle porter un logo personnalis\u00e9 ?<\/h2>\n\n\n\n<p>Oui. Gr\u00e2ce \u00e0 la technologie d'injection de moules en PVC de haute pr\u00e9cision, le logo est int\u00e9gr\u00e9 dans le bo\u00eetier, ce qui le rend r\u00e9sistant \u00e0 l'usure et \u00e0 la d\u00e9coloration. Qu'il s'agisse d'un embl\u00e8me d'association, d'un nom d'entreprise ou d'un motif personnalis\u00e9, les d\u00e9tails peuvent \u00eatre reproduits gr\u00e2ce \u00e0 la technologie de mod\u00e9lisation 3D.<\/p>\n\n\n\n<p>La cl\u00e9 USB Bowling, avec son design haute-fid\u00e9lit\u00e9, ses performances robustes et sa personnalisation flexible, \u00e9tablit une r\u00e9f\u00e9rence cr\u00e9ative sur le march\u00e9 de la personnalisation USB, constituant un choix id\u00e9al pour les cadeaux de l'industrie du sport et la promotion d'entreprise.<\/p>","protected":false},"excerpt":{"rendered":"<ul>\n<li>USB en forme de boule de bowling<\/li>\n<li>Mati\u00e8re PVC<\/li>\n<li>Moule en PVC avec logo personnalis\u00e9<\/li>\n<li>MOQ:100PCS<\/li>\n<li>USB2.0 et USB3.0<\/li>\n<\/ul>","protected":false},"featured_media":3773,"comment_status":"open","ping_status":"closed","template":"","meta":{"_seopress_robots_primary_cat":"","_seopress_titles_title":"","_seopress_titles_desc":"","_seopress_robots_index":"","site-sidebar-layout":"default","site-content-layout":"","ast-site-content-layout":"","site-content-style":"default","site-sidebar-style":"default","ast-global-header-display":"","ast-banner-title-visibility":"","ast-main-header-display":"","ast-hfb-above-header-display":"","ast-hfb-below-header-display":"","ast-hfb-mobile-header-display":"","site-post-title":"","ast-breadcrumbs-content":"","ast-featured-img":"","footer-sml-layout":"","theme-transparent-header-meta":"","adv-header-id-meta":"","stick-header-meta":"","header-above-stick-meta":"","header-main-stick-meta":"","header-below-stick-meta":"","astra-migrate-meta-layouts":"default","ast-page-background-enabled":"default","ast-page-background-meta":{"desktop":{"background-color":"var(--ast-global-color-5)","background-image":"","background-repeat":"repeat","background-position":"center center","background-size":"auto","background-attachment":"scroll","background-type":"","background-media":"","overlay-type":"","overlay-color":"","overlay-opacity":"","overlay-gradient":""},"tablet":{"background-color":"","background-image":"","background-repeat":"repeat","background-position":"center center","background-size":"auto","background-attachment":"scroll","background-type":"","background-media":"","overlay-type":"","overlay-color":"","overlay-opacity":"","overlay-gradient":""},"mobile":{"background-color":"","background-image":"","background-repeat":"repeat","background-position":"center center","background-size":"auto","background-attachment":"scroll","background-type":"","background-media":"","overlay-type":"","overlay-color":"","overlay-opacity":"","overlay-gradient":""}},"ast-content-background-meta":{"desktop":{"background-color":"var(--ast-global-color-4)","background-image":"","background-repeat":"repeat","background-position":"center center","background-size":"auto","background-attachment":"scroll","background-type":"","background-media":"","overlay-type":"","overlay-color":"","overlay-opacity":"","overlay-gradient":""},"tablet":{"background-color":"var(--ast-global-color-4)","background-image":"","background-repeat":"repeat","background-position":"center center","background-size":"auto","background-attachment":"scroll","background-type":"","background-media":"","overlay-type":"","overlay-color":"","overlay-opacity":"","overlay-gradient":""},"mobile":{"background-color":"var(--ast-global-color-4)","background-image":"","background-repeat":"repeat","background-position":"center center","background-size":"auto","background-attachment":"scroll","background-type":"","background-media":"","overlay-type":"","overlay-color":"","overlay-opacity":"","overlay-gradient":""}}},"product_brand":[],"product_cat":[94],"product_tag":[213],"class_list":{"0":"post-3770","1":"product","2":"type-product","3":"status-publish","4":"has-post-thumbnail","6":"product_cat-pvc-usb-pendrive","7":"product_tag-ball-shape-usb-drive","8":"desktop-align-left","9":"tablet-align-left","10":"mobile-align-left","12":"first","13":"instock","14":"shipping-taxable","15":"product-type-simple"},"_links":{"self":[{"href":"https:\/\/www.usborkeychain.com\/fr\/wp-json\/wp\/v2\/product\/3770","targetHints":{"allow":["GET"]}}],"collection":[{"href":"https:\/\/www.usborkeychain.com\/fr\/wp-json\/wp\/v2\/product"}],"about":[{"href":"https:\/\/www.usborkeychain.com\/fr\/wp-json\/wp\/v2\/types\/product"}],"replies":[{"embeddable":true,"href":"https:\/\/www.usborkeychain.com\/fr\/wp-json\/wp\/v2\/comments?post=3770"}],"wp:featuredmedia":[{"embeddable":true,"href":"https:\/\/www.usborkeychain.com\/fr\/wp-json\/wp\/v2\/media\/3773"}],"wp:attachment":[{"href":"https:\/\/www.usborkeychain.com\/fr\/wp-json\/wp\/v2\/media?parent=3770"}],"wp:term":[{"taxonomy":"product_brand","embeddable":true,"href":"https:\/\/www.usborkeychain.com\/fr\/wp-json\/wp\/v2\/product_brand?post=3770"},{"taxonomy":"product_cat","embeddable":true,"href":"https:\/\/www.usborkeychain.com\/fr\/wp-json\/wp\/v2\/product_cat?post=3770"},{"taxonomy":"product_tag","embeddable":true,"href":"https:\/\/www.usborkeychain.com\/fr\/wp-json\/wp\/v2\/product_tag?post=3770"}],"curies":[{"name":"wp","href":"https:\/\/api.w.org\/{rel}","templated":true}]}}