{"id":3776,"date":"2025-07-05T07:41:24","date_gmt":"2025-07-05T07:41:24","guid":{"rendered":"https:\/\/www.usborkeychain.com\/?post_type=product&#038;p=3776"},"modified":"2025-07-08T01:55:47","modified_gmt":"2025-07-08T01:55:47","slug":"rugby-shaped-usb-flash-drive","status":"publish","type":"product","link":"https:\/\/www.usborkeychain.com\/fr\/produit\/rugby-shaped-usb-flash-drive\/","title":{"rendered":"Cl\u00e9 USB en forme de rugby"},"content":{"rendered":"<p><\/p>\n\n\n\n<div class=\"wp-block-columns is-layout-flex wp-container-core-columns-is-layout-28f84493 wp-block-columns-is-layout-flex\">\n<div class=\"wp-block-column is-layout-flow wp-block-column-is-layout-flow\">\n<figure class=\"wp-block-image size-full\"><img fetchpriority=\"high\" decoding=\"async\" width=\"800\" height=\"800\" src=\"https:\/\/www.usborkeychain.com\/wp-content\/uploads\/red-Rugby-Shaped-USB-Flash-Drive.png\" alt=\"red Rugby Shaped USB Flash Drive\" class=\"wp-image-3781\" srcset=\"https:\/\/www.usborkeychain.com\/wp-content\/uploads\/red-Rugby-Shaped-USB-Flash-Drive.png 800w, https:\/\/www.usborkeychain.com\/wp-content\/uploads\/red-Rugby-Shaped-USB-Flash-Drive-300x300.png 300w, https:\/\/www.usborkeychain.com\/wp-content\/uploads\/red-Rugby-Shaped-USB-Flash-Drive-150x150.png 150w, https:\/\/www.usborkeychain.com\/wp-content\/uploads\/red-Rugby-Shaped-USB-Flash-Drive-768x768.png 768w, https:\/\/www.usborkeychain.com\/wp-content\/uploads\/red-Rugby-Shaped-USB-Flash-Drive-12x12.png 12w, https:\/\/www.usborkeychain.com\/wp-content\/uploads\/red-Rugby-Shaped-USB-Flash-Drive-600x600.png 600w, https:\/\/www.usborkeychain.com\/wp-content\/uploads\/red-Rugby-Shaped-USB-Flash-Drive-100x100.png 100w\" sizes=\"(max-width: 800px) 100vw, 800px\" \/><\/figure>\n<\/div>\n\n\n\n<div class=\"wp-block-column is-vertically-aligned-center is-layout-flow wp-block-column-is-layout-flow\">\n<p>La cl\u00e9 USB Rugby pr\u00e9sente un aspect personnalis\u00e9 unique avec un contour de rugby haute fid\u00e9lit\u00e9 \u00e0 l'\u00e9chelle 1:1,2. Sa forme ellipso\u00efdale - environ 8,5 cm dans l'axe principal et 5 cm dans l'axe secondaire - reproduit parfaitement l'arc classique d'un ballon de rugby am\u00e9ricain.<\/p>\n\n\n\n<p> La surface adopte une texture de couture tridimensionnelle, associ\u00e9e au toucher givr\u00e9 du gel souple en PVC, \u00e9quilibrant l'esth\u00e9tique sportive et le confort de la prise en main.<\/p>\n<\/div>\n<\/div>\n\n\n\n<p><\/p>\n\n\n\n<h2 class=\"wp-block-heading\">Design sp\u00e9cial de la cl\u00e9 USB Rugby<\/h2>\n\n\n\n<p>Avec un rapport 1:1,2, il restitue les d\u00e9tails du rugby am\u00e9ricain : la ligne 3D (couture tridimensionnelle) sur la surface a un espacement pr\u00e9cis de 0,8 cm, et la texture concave-convexe atteint la simulation haute-fid\u00e9lit\u00e9 98%, permettant m\u00eame aux utilisateurs de sentir le toucher r\u00e9el des coutures du ballon. Fabriqu\u00e9 \u00e0 partir de gel souple en PVC de qualit\u00e9 alimentaire, il subit un moulage par injection haute temp\u00e9rature en une seule pi\u00e8ce \u00e0 200\u2103. La coque de 2,5 mm d'\u00e9paisseur a pass\u00e9 un test de chute de 2 m\u00e8tres et obtenu la certification IP66 de protection contre l'eau et la poussi\u00e8re. La forme ellipso\u00efdale unique avec des motifs antid\u00e9rapants s'adapte \u00e0 la courbure de la paume de la main lorsqu'elle est tenue, ce qui garantit la s\u00e9curit\u00e9 des donn\u00e9es tout en am\u00e9liorant l'exp\u00e9rience de l'utilisateur.<\/p>\n\n\n\n<div class=\"wp-block-columns is-layout-flex wp-container-core-columns-is-layout-28f84493 wp-block-columns-is-layout-flex\">\n<div class=\"wp-block-column is-layout-flow wp-block-column-is-layout-flow\">\n<figure class=\"wp-block-image size-full\"><img alt=\"\" decoding=\"async\" width=\"800\" height=\"800\" src=\"https:\/\/www.usborkeychain.com\/wp-content\/uploads\/Rugby-Shaped-USB-Flash-Drive.png\" class=\"wp-image-3782\" srcset=\"https:\/\/www.usborkeychain.com\/wp-content\/uploads\/Rugby-Shaped-USB-Flash-Drive.png 800w, https:\/\/www.usborkeychain.com\/wp-content\/uploads\/Rugby-Shaped-USB-Flash-Drive-300x300.png 300w, https:\/\/www.usborkeychain.com\/wp-content\/uploads\/Rugby-Shaped-USB-Flash-Drive-150x150.png 150w, https:\/\/www.usborkeychain.com\/wp-content\/uploads\/Rugby-Shaped-USB-Flash-Drive-768x768.png 768w, https:\/\/www.usborkeychain.com\/wp-content\/uploads\/Rugby-Shaped-USB-Flash-Drive-12x12.png 12w, https:\/\/www.usborkeychain.com\/wp-content\/uploads\/Rugby-Shaped-USB-Flash-Drive-600x600.png 600w, https:\/\/www.usborkeychain.com\/wp-content\/uploads\/Rugby-Shaped-USB-Flash-Drive-100x100.png 100w\" sizes=\"(max-width: 800px) 100vw, 800px\" \/><\/figure>\n<\/div>\n\n\n\n<div class=\"wp-block-column is-vertically-aligned-center is-layout-flow wp-block-column-is-layout-flow\">\n<h2 class=\"wp-block-heading\">Quels sont les mod\u00e8les personnalis\u00e9s propos\u00e9s par la cl\u00e9 USB Rugby ?<\/h2>\n\n\n\n<p>Deux mod\u00e8les pratiques sont disponibles :<\/p>\n\n\n\n<ul class=\"wp-block-list\">\n<li><strong>Mod\u00e8le portable standard<\/strong>: Conception sans base, pesant seulement 28 g, peut \u00eatre directement branch\u00e9e sur les appareils. \u00c9quip\u00e9 d'un trou de lani\u00e8re en m\u00e9tal pour un transport facile.<\/li>\n\n\n\n<li><strong>Mod\u00e8le de pr\u00e9sentation et de collection<\/strong>: Assortie d'une base trap\u00e9zo\u00efdale en ABS (taille : 10cm\u00d76cm\u00d73cm), permettant un affichage \u00e0 360\u00b0 de la cl\u00e9 USB, id\u00e9ale pour une pr\u00e9sentation sur un bureau ou un stand d'exposition.<\/li>\n<\/ul>\n<\/div>\n<\/div>\n\n\n\n<h2 class=\"wp-block-heading\">Pour quels secteurs d'activit\u00e9 la cl\u00e9 USB Rugby peut-elle \u00eatre offerte en cadeau ?<\/h2>\n\n\n\n<ul class=\"wp-block-list\">\n<li><strong>Industrie du sport<\/strong>: Les associations de football et les clubs de rugby peuvent personnaliser les mod\u00e8les comm\u00e9moratifs d'\u00e9v\u00e9nements, en y pr\u00e9installant les temps forts des matchs et les manuels des membres. Associ\u00e9s au logo embl\u00e9matique de l'association, ils renforcent l'identit\u00e9 de la marque.<\/li>\n\n\n\n<li><strong>Domaine de l'\u00e9ducation<\/strong>: Les coll\u00e8ges sportifs des universit\u00e9s peuvent l'utiliser comme cadeau de fin d'\u00e9tudes, en gravant les vid\u00e9os de la carri\u00e8re sportive des \u00e9tudiants. La base peut \u00eatre grav\u00e9e avec l'identit\u00e9 de l'\u00e9tudiant et l'ann\u00e9e d'obtention du dipl\u00f4me, ce qui allie l'aspect pratique et le caract\u00e8re m\u00e9morable.<\/li>\n\n\n\n<li><strong>Secteur culturel et cr\u00e9atif<\/strong>: Les magasins culturels et cr\u00e9atifs sur le th\u00e8me du sport peuvent d\u00e9velopper des mod\u00e8les co-marqu\u00e9s. La personnalisation de la couleur du corps du ballon est possible (couleurs normales : rouge\/bleu\/noir ; les couleurs sp\u00e9ciales doivent \u00eatre personnalis\u00e9es), ce qui permet de r\u00e9pondre aux besoins de consommation personnalis\u00e9s.<\/li>\n<\/ul>\n\n\n\n<div class=\"wp-block-columns is-layout-flex wp-container-core-columns-is-layout-28f84493 wp-block-columns-is-layout-flex\">\n<div class=\"wp-block-column is-layout-flow wp-block-column-is-layout-flow\">\n<figure class=\"wp-block-image size-full\"><img alt=\"\" decoding=\"async\" width=\"800\" height=\"800\" src=\"https:\/\/www.usborkeychain.com\/wp-content\/uploads\/yellw-Rugby-Shaped-USB-Flash-Drive.png\" class=\"wp-image-3783\" srcset=\"https:\/\/www.usborkeychain.com\/wp-content\/uploads\/yellw-Rugby-Shaped-USB-Flash-Drive.png 800w, https:\/\/www.usborkeychain.com\/wp-content\/uploads\/yellw-Rugby-Shaped-USB-Flash-Drive-300x300.png 300w, https:\/\/www.usborkeychain.com\/wp-content\/uploads\/yellw-Rugby-Shaped-USB-Flash-Drive-150x150.png 150w, https:\/\/www.usborkeychain.com\/wp-content\/uploads\/yellw-Rugby-Shaped-USB-Flash-Drive-768x768.png 768w, https:\/\/www.usborkeychain.com\/wp-content\/uploads\/yellw-Rugby-Shaped-USB-Flash-Drive-12x12.png 12w, https:\/\/www.usborkeychain.com\/wp-content\/uploads\/yellw-Rugby-Shaped-USB-Flash-Drive-600x600.png 600w, https:\/\/www.usborkeychain.com\/wp-content\/uploads\/yellw-Rugby-Shaped-USB-Flash-Drive-100x100.png 100w\" sizes=\"(max-width: 800px) 100vw, 800px\" \/><\/figure>\n<\/div>\n\n\n\n<div class=\"wp-block-column is-layout-flow wp-block-column-is-layout-flow\">\n<figure class=\"wp-block-image size-full\"><img alt=\"\" loading=\"lazy\" decoding=\"async\" width=\"800\" height=\"800\" src=\"https:\/\/www.usborkeychain.com\/wp-content\/uploads\/orange-Rugby-Shaped-USB-Flash-Drive.png\" class=\"wp-image-3780\" srcset=\"https:\/\/www.usborkeychain.com\/wp-content\/uploads\/orange-Rugby-Shaped-USB-Flash-Drive.png 800w, https:\/\/www.usborkeychain.com\/wp-content\/uploads\/orange-Rugby-Shaped-USB-Flash-Drive-300x300.png 300w, https:\/\/www.usborkeychain.com\/wp-content\/uploads\/orange-Rugby-Shaped-USB-Flash-Drive-150x150.png 150w, https:\/\/www.usborkeychain.com\/wp-content\/uploads\/orange-Rugby-Shaped-USB-Flash-Drive-768x768.png 768w, https:\/\/www.usborkeychain.com\/wp-content\/uploads\/orange-Rugby-Shaped-USB-Flash-Drive-12x12.png 12w, https:\/\/www.usborkeychain.com\/wp-content\/uploads\/orange-Rugby-Shaped-USB-Flash-Drive-600x600.png 600w, https:\/\/www.usborkeychain.com\/wp-content\/uploads\/orange-Rugby-Shaped-USB-Flash-Drive-100x100.png 100w\" sizes=\"(max-width: 800px) 100vw, 800px\" \/><\/figure>\n<\/div>\n\n\n\n<div class=\"wp-block-column is-layout-flow wp-block-column-is-layout-flow\">\n<figure class=\"wp-block-image size-full\"><img alt=\"\" loading=\"lazy\" decoding=\"async\" width=\"800\" height=\"800\" src=\"https:\/\/www.usborkeychain.com\/wp-content\/uploads\/custom-Rugby-Shaped-USB-Flash-pendrive.png\" class=\"wp-image-3779\" srcset=\"https:\/\/www.usborkeychain.com\/wp-content\/uploads\/custom-Rugby-Shaped-USB-Flash-pendrive.png 800w, https:\/\/www.usborkeychain.com\/wp-content\/uploads\/custom-Rugby-Shaped-USB-Flash-pendrive-300x300.png 300w, https:\/\/www.usborkeychain.com\/wp-content\/uploads\/custom-Rugby-Shaped-USB-Flash-pendrive-150x150.png 150w, https:\/\/www.usborkeychain.com\/wp-content\/uploads\/custom-Rugby-Shaped-USB-Flash-pendrive-768x768.png 768w, https:\/\/www.usborkeychain.com\/wp-content\/uploads\/custom-Rugby-Shaped-USB-Flash-pendrive-12x12.png 12w, https:\/\/www.usborkeychain.com\/wp-content\/uploads\/custom-Rugby-Shaped-USB-Flash-pendrive-600x600.png 600w, https:\/\/www.usborkeychain.com\/wp-content\/uploads\/custom-Rugby-Shaped-USB-Flash-pendrive-100x100.png 100w\" sizes=\"(max-width: 800px) 100vw, 800px\" \/><\/figure>\n<\/div>\n<\/div>\n\n\n\n<p>Avec son design sportif de haute fid\u00e9lit\u00e9 (mod\u00e9lisation), sa personnalisation flexible \u00e0 deux mod\u00e8les et son adaptabilit\u00e9 \u00e0 tous les secteurs, la cl\u00e9 USB Rugby est devenue un produit de r\u00e9f\u00e9rence sur le march\u00e9 de la personnalisation USB, int\u00e9grant une pr\u00e9sentation cr\u00e9ative et une valeur pratique pour fournir des solutions diff\u00e9renci\u00e9es pour le d\u00e9veloppement de la propri\u00e9t\u00e9 intellectuelle dans le domaine du sport et la personnalisation des cadeaux d'entreprise.<\/p>","protected":false},"excerpt":{"rendered":"<ul>\n<li>Design en forme de rugby<\/li>\n<li>Mati\u00e8re PVC<\/li>\n<li>Cadeau sportif<\/li>\n<li>Logo personnalis\u00e9<\/li>\n<li>MOQ:100pcs<\/li>\n<\/ul>","protected":false},"featured_media":3781,"comment_status":"open","ping_status":"closed","template":"","meta":{"_seopress_robots_primary_cat":"","_seopress_titles_title":"","_seopress_titles_desc":"","_seopress_robots_index":"","site-sidebar-layout":"default","site-content-layout":"","ast-site-content-layout":"","site-content-style":"default","site-sidebar-style":"default","ast-global-header-display":"","ast-banner-title-visibility":"","ast-main-header-display":"","ast-hfb-above-header-display":"","ast-hfb-below-header-display":"","ast-hfb-mobile-header-display":"","site-post-title":"","ast-breadcrumbs-content":"","ast-featured-img":"","footer-sml-layout":"","theme-transparent-header-meta":"","adv-header-id-meta":"","stick-header-meta":"","header-above-stick-meta":"","header-main-stick-meta":"","header-below-stick-meta":"","astra-migrate-meta-layouts":"default","ast-page-background-enabled":"default","ast-page-background-meta":{"desktop":{"background-color":"var(--ast-global-color-5)","background-image":"","background-repeat":"repeat","background-position":"center center","background-size":"auto","background-attachment":"scroll","background-type":"","background-media":"","overlay-type":"","overlay-color":"","overlay-opacity":"","overlay-gradient":""},"tablet":{"background-color":"","background-image":"","background-repeat":"repeat","background-position":"center center","background-size":"auto","background-attachment":"scroll","background-type":"","background-media":"","overlay-type":"","overlay-color":"","overlay-opacity":"","overlay-gradient":""},"mobile":{"background-color":"","background-image":"","background-repeat":"repeat","background-position":"center center","background-size":"auto","background-attachment":"scroll","background-type":"","background-media":"","overlay-type":"","overlay-color":"","overlay-opacity":"","overlay-gradient":""}},"ast-content-background-meta":{"desktop":{"background-color":"var(--ast-global-color-4)","background-image":"","background-repeat":"repeat","background-position":"center center","background-size":"auto","background-attachment":"scroll","background-type":"","background-media":"","overlay-type":"","overlay-color":"","overlay-opacity":"","overlay-gradient":""},"tablet":{"background-color":"var(--ast-global-color-4)","background-image":"","background-repeat":"repeat","background-position":"center center","background-size":"auto","background-attachment":"scroll","background-type":"","background-media":"","overlay-type":"","overlay-color":"","overlay-opacity":"","overlay-gradient":""},"mobile":{"background-color":"var(--ast-global-color-4)","background-image":"","background-repeat":"repeat","background-position":"center center","background-size":"auto","background-attachment":"scroll","background-type":"","background-media":"","overlay-type":"","overlay-color":"","overlay-opacity":"","overlay-gradient":""}}},"product_brand":[],"product_cat":[94],"product_tag":[213],"class_list":{"0":"post-3776","1":"product","2":"type-product","3":"status-publish","4":"has-post-thumbnail","6":"product_cat-pvc-usb-pendrive","7":"product_tag-ball-shape-usb-drive","8":"desktop-align-left","9":"tablet-align-left","10":"mobile-align-left","12":"first","13":"instock","14":"shipping-taxable","15":"product-type-simple"},"_links":{"self":[{"href":"https:\/\/www.usborkeychain.com\/fr\/wp-json\/wp\/v2\/product\/3776","targetHints":{"allow":["GET"]}}],"collection":[{"href":"https:\/\/www.usborkeychain.com\/fr\/wp-json\/wp\/v2\/product"}],"about":[{"href":"https:\/\/www.usborkeychain.com\/fr\/wp-json\/wp\/v2\/types\/product"}],"replies":[{"embeddable":true,"href":"https:\/\/www.usborkeychain.com\/fr\/wp-json\/wp\/v2\/comments?post=3776"}],"wp:featuredmedia":[{"embeddable":true,"href":"https:\/\/www.usborkeychain.com\/fr\/wp-json\/wp\/v2\/media\/3781"}],"wp:attachment":[{"href":"https:\/\/www.usborkeychain.com\/fr\/wp-json\/wp\/v2\/media?parent=3776"}],"wp:term":[{"taxonomy":"product_brand","embeddable":true,"href":"https:\/\/www.usborkeychain.com\/fr\/wp-json\/wp\/v2\/product_brand?post=3776"},{"taxonomy":"product_cat","embeddable":true,"href":"https:\/\/www.usborkeychain.com\/fr\/wp-json\/wp\/v2\/product_cat?post=3776"},{"taxonomy":"product_tag","embeddable":true,"href":"https:\/\/www.usborkeychain.com\/fr\/wp-json\/wp\/v2\/product_tag?post=3776"}],"curies":[{"name":"wp","href":"https:\/\/api.w.org\/{rel}","templated":true}]}}