{"id":3785,"date":"2025-07-05T08:34:12","date_gmt":"2025-07-05T08:34:12","guid":{"rendered":"https:\/\/www.usborkeychain.com\/?post_type=product&#038;p=3785"},"modified":"2025-07-08T01:55:56","modified_gmt":"2025-07-08T01:55:56","slug":"golf-shape-usb-flash-drive","status":"publish","type":"product","link":"https:\/\/www.usborkeychain.com\/fr\/produit\/golf-shape-usb-flash-drive\/","title":{"rendered":"Cl\u00e9 USB en forme de golf"},"content":{"rendered":"<p><\/p>\n\n\n\n<div class=\"wp-block-columns is-layout-flex wp-container-core-columns-is-layout-28f84493 wp-block-columns-is-layout-flex\">\n<div class=\"wp-block-column is-layout-flow wp-block-column-is-layout-flow\">\n<figure class=\"wp-block-image size-full\"><img fetchpriority=\"high\" decoding=\"async\" width=\"750\" height=\"750\" src=\"https:\/\/www.usborkeychain.com\/wp-content\/uploads\/Golf-shaped-USB-Flash-Drive.jpg\" alt=\"Golf shaped USB Flash Drive\" class=\"wp-image-3788\" srcset=\"https:\/\/www.usborkeychain.com\/wp-content\/uploads\/Golf-shaped-USB-Flash-Drive.jpg 750w, https:\/\/www.usborkeychain.com\/wp-content\/uploads\/Golf-shaped-USB-Flash-Drive-300x300.jpg 300w, https:\/\/www.usborkeychain.com\/wp-content\/uploads\/Golf-shaped-USB-Flash-Drive-150x150.jpg 150w, https:\/\/www.usborkeychain.com\/wp-content\/uploads\/Golf-shaped-USB-Flash-Drive-12x12.jpg 12w, https:\/\/www.usborkeychain.com\/wp-content\/uploads\/Golf-shaped-USB-Flash-Drive-600x600.jpg 600w, https:\/\/www.usborkeychain.com\/wp-content\/uploads\/Golf-shaped-USB-Flash-Drive-100x100.jpg 100w\" sizes=\"(max-width: 750px) 100vw, 750px\" \/><\/figure>\n<\/div>\n\n\n\n<div class=\"wp-block-column is-vertically-aligned-center is-layout-flow wp-block-column-is-layout-flow\">\n<p>La cl\u00e9 USB Golf est un dispositif de stockage unique qui rompt avec la conception traditionnelle de la cl\u00e9 USB. En termes d'apparence, elle ressemble \u00e0 une balle de golf, avec une sph\u00e8re ronde et lisse qui imite parfaitement l'aspect d'une vraie balle de golf. <\/p>\n\n\n\n<p>Sur le plan fonctionnel, il est dot\u00e9 de capacit\u00e9s de stockage USB standard, ce qui permet de stocker et de transf\u00e9rer facilement diverses donn\u00e9es, qu'il s'agisse de fichiers bureautiques ou de documents personnels.<\/p>\n<\/div>\n<\/div>\n\n\n\n<h2 class=\"wp-block-heading\">Design cr\u00e9atif d'une cl\u00e9 USB de golf<\/h2>\n\n\n\n<p>La cl\u00e9 USB Golf se distingue par sa forme de balle de golf hautement \u4eff\u771f (simul\u00e9e). Fabriqu\u00e9 en gel souple de PVC, le mat\u00e9riau offre une bonne flexibilit\u00e9 et une bonne durabilit\u00e9. Des proc\u00e9d\u00e9s de fabrication avanc\u00e9s sont utilis\u00e9s pour reproduire la texture et le toucher d'une balle de golf, offrant une prise en main confortable qui donne aux utilisateurs l'impression de tenir une vraie balle de golf. Le gel souple en PVC est \u00e9galement assez r\u00e9sistant aux chutes, ce qui prot\u00e8ge efficacement la puce de stockage interne.<\/p>\n\n\n\n<div class=\"wp-block-columns is-layout-flex wp-container-core-columns-is-layout-28f84493 wp-block-columns-is-layout-flex\">\n<div class=\"wp-block-column is-layout-flow wp-block-column-is-layout-flow\">\n<figure class=\"wp-block-image size-full\"><img alt=\"\" decoding=\"async\" width=\"750\" height=\"750\" src=\"https:\/\/www.usborkeychain.com\/wp-content\/uploads\/white-Golf-USB-Flash-Drive.jpg\" class=\"wp-image-3791\" srcset=\"https:\/\/www.usborkeychain.com\/wp-content\/uploads\/white-Golf-USB-Flash-Drive.jpg 750w, https:\/\/www.usborkeychain.com\/wp-content\/uploads\/white-Golf-USB-Flash-Drive-300x300.jpg 300w, https:\/\/www.usborkeychain.com\/wp-content\/uploads\/white-Golf-USB-Flash-Drive-150x150.jpg 150w, https:\/\/www.usborkeychain.com\/wp-content\/uploads\/white-Golf-USB-Flash-Drive-12x12.jpg 12w, https:\/\/www.usborkeychain.com\/wp-content\/uploads\/white-Golf-USB-Flash-Drive-600x600.jpg 600w, https:\/\/www.usborkeychain.com\/wp-content\/uploads\/white-Golf-USB-Flash-Drive-100x100.jpg 100w\" sizes=\"(max-width: 750px) 100vw, 750px\" \/><\/figure>\n<\/div>\n\n\n\n<div class=\"wp-block-column is-layout-flow wp-block-column-is-layout-flow\">\n<figure class=\"wp-block-image size-full\"><img alt=\"\" decoding=\"async\" width=\"750\" height=\"750\" src=\"https:\/\/www.usborkeychain.com\/wp-content\/uploads\/Golf-USB-Flash-Drive.jpg\" class=\"wp-image-3790\" srcset=\"https:\/\/www.usborkeychain.com\/wp-content\/uploads\/Golf-USB-Flash-Drive.jpg 750w, https:\/\/www.usborkeychain.com\/wp-content\/uploads\/Golf-USB-Flash-Drive-300x300.jpg 300w, https:\/\/www.usborkeychain.com\/wp-content\/uploads\/Golf-USB-Flash-Drive-150x150.jpg 150w, https:\/\/www.usborkeychain.com\/wp-content\/uploads\/Golf-USB-Flash-Drive-12x12.jpg 12w, https:\/\/www.usborkeychain.com\/wp-content\/uploads\/Golf-USB-Flash-Drive-600x600.jpg 600w, https:\/\/www.usborkeychain.com\/wp-content\/uploads\/Golf-USB-Flash-Drive-100x100.jpg 100w\" sizes=\"(max-width: 750px) 100vw, 750px\" \/><\/figure>\n<\/div>\n<\/div>\n\n\n\n<h2 class=\"wp-block-heading\">Deux mod\u00e8les de cl\u00e9s USB pour le golf<\/h2>\n\n\n\n<p>Deux mod\u00e8les sont disponibles :<\/p>\n\n\n\n<ul class=\"wp-block-list\">\n<li><strong>Avec le mod\u00e8le de base<\/strong>: La base sert de support stable, facilitant la pr\u00e9sentation de la cl\u00e9 USB sur un bureau ou d'autres surfaces planes. Le socle peut \u00e9galement \u00eatre personnalis\u00e9 avec des logos d'entreprise ou personnels pour ajouter une touche personnelle.<\/li>\n\n\n\n<li><strong>Sans mod\u00e8le de base<\/strong>: Ce mod\u00e8le est plus l\u00e9ger et plus portable, il convient aux personnes qui ont besoin de l'utiliser en d\u00e9placement.<\/li>\n<\/ul>\n\n\n\n<p>Les deux mod\u00e8les permettent d'imprimer des logos uniques sur le corps ou la base du ballon gr\u00e2ce \u00e0 des techniques de personnalisation professionnelles, r\u00e9pondant ainsi aux divers besoins de personnalisation des utilisateurs.<\/p>\n\n\n\n<h2 class=\"wp-block-heading\">La cl\u00e9 USB de golf comme cadeau pour diverses industries<\/h2>\n\n\n\n<ul class=\"wp-block-list\">\n<li><strong>Industrie du sport<\/strong>: Les clubs de golf et les organisateurs d'\u00e9v\u00e9nements peuvent l'utiliser comme souvenir pour les membres ou les participants, ce qui correspond bien au th\u00e8me de l'industrie.<\/li>\n\n\n\n<li><strong>Domaine d'activit\u00e9<\/strong>: Les entreprises peuvent personnaliser les cl\u00e9s USB Golf avec le logo de leur soci\u00e9t\u00e9 pour en faire des cadeaux d'affaires pour leurs partenaires, alliant \u00e9l\u00e9gance et praticit\u00e9.<\/li>\n\n\n\n<li><strong>Industrie de l'\u00e9ducation<\/strong>: Il peut \u00eatre utilis\u00e9 pour r\u00e9compenser les \u00e9tudiants les plus brillants ou comme mat\u00e9riel p\u00e9dagogique pour les enseignants, d\u00e9montrant ainsi l'amour et la promotion du golf.<\/li>\n<\/ul>\n\n\n\n<p><\/p>","protected":false},"excerpt":{"rendered":"<ul>\n<li>Styles de formes de golf<\/li>\n<li>Mati\u00e8re PVC<\/li>\n<li>Moule en PVC<\/li>\n<li>MOQ:100PCS<\/li>\n<li>Cl\u00e9 USB en forme de boule<\/li>\n<\/ul>","protected":false},"featured_media":3792,"comment_status":"open","ping_status":"closed","template":"","meta":{"_seopress_robots_primary_cat":"","_seopress_titles_title":"","_seopress_titles_desc":"","_seopress_robots_index":"","site-sidebar-layout":"default","site-content-layout":"","ast-site-content-layout":"","site-content-style":"default","site-sidebar-style":"default","ast-global-header-display":"","ast-banner-title-visibility":"","ast-main-header-display":"","ast-hfb-above-header-display":"","ast-hfb-below-header-display":"","ast-hfb-mobile-header-display":"","site-post-title":"","ast-breadcrumbs-content":"","ast-featured-img":"","footer-sml-layout":"","theme-transparent-header-meta":"","adv-header-id-meta":"","stick-header-meta":"","header-above-stick-meta":"","header-main-stick-meta":"","header-below-stick-meta":"","astra-migrate-meta-layouts":"default","ast-page-background-enabled":"default","ast-page-background-meta":{"desktop":{"background-color":"var(--ast-global-color-5)","background-image":"","background-repeat":"repeat","background-position":"center center","background-size":"auto","background-attachment":"scroll","background-type":"","background-media":"","overlay-type":"","overlay-color":"","overlay-opacity":"","overlay-gradient":""},"tablet":{"background-color":"","background-image":"","background-repeat":"repeat","background-position":"center center","background-size":"auto","background-attachment":"scroll","background-type":"","background-media":"","overlay-type":"","overlay-color":"","overlay-opacity":"","overlay-gradient":""},"mobile":{"background-color":"","background-image":"","background-repeat":"repeat","background-position":"center center","background-size":"auto","background-attachment":"scroll","background-type":"","background-media":"","overlay-type":"","overlay-color":"","overlay-opacity":"","overlay-gradient":""}},"ast-content-background-meta":{"desktop":{"background-color":"var(--ast-global-color-4)","background-image":"","background-repeat":"repeat","background-position":"center center","background-size":"auto","background-attachment":"scroll","background-type":"","background-media":"","overlay-type":"","overlay-color":"","overlay-opacity":"","overlay-gradient":""},"tablet":{"background-color":"var(--ast-global-color-4)","background-image":"","background-repeat":"repeat","background-position":"center center","background-size":"auto","background-attachment":"scroll","background-type":"","background-media":"","overlay-type":"","overlay-color":"","overlay-opacity":"","overlay-gradient":""},"mobile":{"background-color":"var(--ast-global-color-4)","background-image":"","background-repeat":"repeat","background-position":"center center","background-size":"auto","background-attachment":"scroll","background-type":"","background-media":"","overlay-type":"","overlay-color":"","overlay-opacity":"","overlay-gradient":""}}},"product_brand":[],"product_cat":[94],"product_tag":[213],"class_list":{"0":"post-3785","1":"product","2":"type-product","3":"status-publish","4":"has-post-thumbnail","6":"product_cat-pvc-usb-pendrive","7":"product_tag-ball-shape-usb-drive","8":"desktop-align-left","9":"tablet-align-left","10":"mobile-align-left","12":"first","13":"instock","14":"shipping-taxable","15":"product-type-simple"},"_links":{"self":[{"href":"https:\/\/www.usborkeychain.com\/fr\/wp-json\/wp\/v2\/product\/3785","targetHints":{"allow":["GET"]}}],"collection":[{"href":"https:\/\/www.usborkeychain.com\/fr\/wp-json\/wp\/v2\/product"}],"about":[{"href":"https:\/\/www.usborkeychain.com\/fr\/wp-json\/wp\/v2\/types\/product"}],"replies":[{"embeddable":true,"href":"https:\/\/www.usborkeychain.com\/fr\/wp-json\/wp\/v2\/comments?post=3785"}],"wp:featuredmedia":[{"embeddable":true,"href":"https:\/\/www.usborkeychain.com\/fr\/wp-json\/wp\/v2\/media\/3792"}],"wp:attachment":[{"href":"https:\/\/www.usborkeychain.com\/fr\/wp-json\/wp\/v2\/media?parent=3785"}],"wp:term":[{"taxonomy":"product_brand","embeddable":true,"href":"https:\/\/www.usborkeychain.com\/fr\/wp-json\/wp\/v2\/product_brand?post=3785"},{"taxonomy":"product_cat","embeddable":true,"href":"https:\/\/www.usborkeychain.com\/fr\/wp-json\/wp\/v2\/product_cat?post=3785"},{"taxonomy":"product_tag","embeddable":true,"href":"https:\/\/www.usborkeychain.com\/fr\/wp-json\/wp\/v2\/product_tag?post=3785"}],"curies":[{"name":"wp","href":"https:\/\/api.w.org\/{rel}","templated":true}]}}