{"id":3793,"date":"2025-07-05T08:49:58","date_gmt":"2025-07-05T08:49:58","guid":{"rendered":"https:\/\/www.usborkeychain.com\/?post_type=product&#038;p=3793"},"modified":"2025-07-05T08:50:01","modified_gmt":"2025-07-05T08:50:01","slug":"golf-ball-usb-drive-for-real-estate-corporate-gifts","status":"publish","type":"product","link":"https:\/\/www.usborkeychain.com\/fr\/produit\/golf-ball-usb-drive-for-real-estate-corporate-gifts\/","title":{"rendered":"Cl\u00e9 USB en forme de balle de golf pour les cadeaux d'entreprise de l'immobilier"},"content":{"rendered":"<p><\/p>\n\n\n\n<div class=\"wp-block-columns is-layout-flex wp-container-core-columns-is-layout-28f84493 wp-block-columns-is-layout-flex\">\n<div class=\"wp-block-column is-layout-flow wp-block-column-is-layout-flow\">\n<figure class=\"wp-block-image size-full\"><img fetchpriority=\"high\" decoding=\"async\" width=\"800\" height=\"485\" src=\"https:\/\/www.usborkeychain.com\/wp-content\/uploads\/Corporate-Golf-USB-Flash-Drive-Printing.jpg\" alt=\"Corporate Golf USB Flash Drive Printing\" class=\"wp-image-3797\" srcset=\"https:\/\/www.usborkeychain.com\/wp-content\/uploads\/Corporate-Golf-USB-Flash-Drive-Printing.jpg 800w, https:\/\/www.usborkeychain.com\/wp-content\/uploads\/Corporate-Golf-USB-Flash-Drive-Printing-300x182.jpg 300w, https:\/\/www.usborkeychain.com\/wp-content\/uploads\/Corporate-Golf-USB-Flash-Drive-Printing-768x466.jpg 768w, https:\/\/www.usborkeychain.com\/wp-content\/uploads\/Corporate-Golf-USB-Flash-Drive-Printing-18x12.jpg 18w, https:\/\/www.usborkeychain.com\/wp-content\/uploads\/Corporate-Golf-USB-Flash-Drive-Printing-600x364.jpg 600w\" sizes=\"(max-width: 800px) 100vw, 800px\" \/><\/figure>\n<\/div>\n\n\n\n<div class=\"wp-block-column is-vertically-aligned-center is-layout-flow wp-block-column-is-layout-flow\">\n<p>La cl\u00e9 USB en forme de balle de golf personnalis\u00e9e pour les soci\u00e9t\u00e9s immobili\u00e8res pr\u00e9sente un design exquis en forme de balle de golf. La sph\u00e8re blanche est orn\u00e9e de textures d\u00e9licates, reproduisant de mani\u00e8re r\u00e9aliste l'apparence d'une balle de golf. <\/p>\n\n\n\n<p>Sur le plan fonctionnel, elle ne diff\u00e8re pas d'une cl\u00e9 USB ordinaire, \u00e9quip\u00e9e d'une interface USB standard pour un stockage et une lecture rapides des donn\u00e9es. Elle peut facilement accueillir et lire de gros volumes de documents de projets immobiliers ou des vid\u00e9os promotionnelles exquises.<\/p>\n<\/div>\n<\/div>\n\n\n\n<p>Country Garden, entreprise renomm\u00e9e dans le secteur de l'immobilier, a de nombreux projets immobiliers dans tout le pays et m\u00eame dans le monde entier. Elle est r\u00e9put\u00e9e pour ses r\u00e9sidences de haute qualit\u00e9 et ses installations communautaires compl\u00e8tes, qui visent \u00e0 cr\u00e9er des environnements de vie confortables et agr\u00e9ables pour les clients. Gr\u00e2ce \u00e0 une innovation constante, Country Garden a obtenu des r\u00e9sultats remarquables en mati\u00e8re de conception architecturale, de services immobiliers et d'autres aspects, ce qui lui a permis de gagner la confiance des consommateurs.<\/p>\n\n\n\n<div class=\"wp-block-columns is-layout-flex wp-container-core-columns-is-layout-9c22b1e3 wp-block-columns-is-layout-flex\">\n<div class=\"wp-block-column is-layout-flow wp-block-column-is-layout-flow\">\n<figure class=\"wp-block-image size-full\"><img alt=\"\" decoding=\"async\" width=\"800\" height=\"800\" src=\"https:\/\/www.usborkeychain.com\/wp-content\/uploads\/Personalized-Golf-USB-Memory-Stick.png\" class=\"wp-image-3801\" srcset=\"https:\/\/www.usborkeychain.com\/wp-content\/uploads\/Personalized-Golf-USB-Memory-Stick.png 800w, https:\/\/www.usborkeychain.com\/wp-content\/uploads\/Personalized-Golf-USB-Memory-Stick-300x300.png 300w, https:\/\/www.usborkeychain.com\/wp-content\/uploads\/Personalized-Golf-USB-Memory-Stick-150x150.png 150w, https:\/\/www.usborkeychain.com\/wp-content\/uploads\/Personalized-Golf-USB-Memory-Stick-768x768.png 768w, https:\/\/www.usborkeychain.com\/wp-content\/uploads\/Personalized-Golf-USB-Memory-Stick-12x12.png 12w, https:\/\/www.usborkeychain.com\/wp-content\/uploads\/Personalized-Golf-USB-Memory-Stick-600x600.png 600w, https:\/\/www.usborkeychain.com\/wp-content\/uploads\/Personalized-Golf-USB-Memory-Stick-100x100.png 100w\" sizes=\"(max-width: 800px) 100vw, 800px\" \/><\/figure>\n<\/div>\n\n\n\n<div class=\"wp-block-column is-layout-flow wp-block-column-is-layout-flow\">\n<figure class=\"wp-block-image size-full\"><img alt=\"\" decoding=\"async\" width=\"800\" height=\"800\" src=\"https:\/\/www.usborkeychain.com\/wp-content\/uploads\/Custom-Golf-Ball-USB-Drive.png\" class=\"wp-image-3798\" srcset=\"https:\/\/www.usborkeychain.com\/wp-content\/uploads\/Custom-Golf-Ball-USB-Drive.png 800w, https:\/\/www.usborkeychain.com\/wp-content\/uploads\/Custom-Golf-Ball-USB-Drive-300x300.png 300w, https:\/\/www.usborkeychain.com\/wp-content\/uploads\/Custom-Golf-Ball-USB-Drive-150x150.png 150w, https:\/\/www.usborkeychain.com\/wp-content\/uploads\/Custom-Golf-Ball-USB-Drive-768x768.png 768w, https:\/\/www.usborkeychain.com\/wp-content\/uploads\/Custom-Golf-Ball-USB-Drive-12x12.png 12w, https:\/\/www.usborkeychain.com\/wp-content\/uploads\/Custom-Golf-Ball-USB-Drive-600x600.png 600w, https:\/\/www.usborkeychain.com\/wp-content\/uploads\/Custom-Golf-Ball-USB-Drive-100x100.png 100w\" sizes=\"(max-width: 800px) 100vw, 800px\" \/><\/figure>\n<\/div>\n\n\n\n<div class=\"wp-block-column is-layout-flow wp-block-column-is-layout-flow\">\n<figure class=\"wp-block-image size-full\"><img alt=\"\" loading=\"lazy\" decoding=\"async\" width=\"800\" height=\"800\" src=\"https:\/\/www.usborkeychain.com\/wp-content\/uploads\/Branded-Golf-Ball-USB-Gift.png\" class=\"wp-image-3796\" srcset=\"https:\/\/www.usborkeychain.com\/wp-content\/uploads\/Branded-Golf-Ball-USB-Gift.png 800w, https:\/\/www.usborkeychain.com\/wp-content\/uploads\/Branded-Golf-Ball-USB-Gift-300x300.png 300w, https:\/\/www.usborkeychain.com\/wp-content\/uploads\/Branded-Golf-Ball-USB-Gift-150x150.png 150w, https:\/\/www.usborkeychain.com\/wp-content\/uploads\/Branded-Golf-Ball-USB-Gift-768x768.png 768w, https:\/\/www.usborkeychain.com\/wp-content\/uploads\/Branded-Golf-Ball-USB-Gift-12x12.png 12w, https:\/\/www.usborkeychain.com\/wp-content\/uploads\/Branded-Golf-Ball-USB-Gift-600x600.png 600w, https:\/\/www.usborkeychain.com\/wp-content\/uploads\/Branded-Golf-Ball-USB-Gift-100x100.png 100w\" sizes=\"(max-width: 800px) 100vw, 800px\" \/><\/figure>\n<\/div>\n<\/div>\n\n\n\n<h2 class=\"wp-block-heading\">1. Cadeau comm\u00e9moratif personnalis\u00e9 pour le jardin de campagne<\/h2>\n\n\n\n<div class=\"wp-block-columns is-layout-flex wp-container-core-columns-is-layout-28f84493 wp-block-columns-is-layout-flex\">\n<div class=\"wp-block-column is-layout-flow wp-block-column-is-layout-flow\">\n<figure class=\"wp-block-image size-full\"><img alt=\"\" loading=\"lazy\" decoding=\"async\" width=\"800\" height=\"599\" src=\"https:\/\/www.usborkeychain.com\/wp-content\/uploads\/High-fidelity-Golf-USB-Customization.jpg\" class=\"wp-image-3800\" srcset=\"https:\/\/www.usborkeychain.com\/wp-content\/uploads\/High-fidelity-Golf-USB-Customization.jpg 800w, https:\/\/www.usborkeychain.com\/wp-content\/uploads\/High-fidelity-Golf-USB-Customization-300x225.jpg 300w, https:\/\/www.usborkeychain.com\/wp-content\/uploads\/High-fidelity-Golf-USB-Customization-768x575.jpg 768w, https:\/\/www.usborkeychain.com\/wp-content\/uploads\/High-fidelity-Golf-USB-Customization-16x12.jpg 16w, https:\/\/www.usborkeychain.com\/wp-content\/uploads\/High-fidelity-Golf-USB-Customization-600x449.jpg 600w\" sizes=\"(max-width: 800px) 100vw, 800px\" \/><\/figure>\n<\/div>\n\n\n\n<div class=\"wp-block-column is-vertically-aligned-center is-layout-flow wp-block-column-is-layout-flow\">\n<p>Cette cl\u00e9 USB blanche en forme de balle de golf est sp\u00e9cialement personnalis\u00e9e comme cadeau comm\u00e9moratif pour Country Garden. <\/p>\n\n\n\n<p>La balle de golf symbolise l'\u00e9l\u00e9gance et la qualit\u00e9, en accord avec le concept de style de vie haut de gamme de Country Garden. Le logo exclusif de Country Garden peut \u00eatre personnalis\u00e9 sur la sph\u00e8re de la cl\u00e9 USB, ce qui renforce sa signification comm\u00e9morative. <\/p>\n\n\n\n<p>Ce design unique est non seulement pratique, mais il permet \u00e9galement aux clients de ressentir en permanence le charme de la marque Country Garden lors de l'utilisation.<\/p>\n<\/div>\n<\/div>\n\n\n\n<h2 class=\"wp-block-heading\">2. Cl\u00e9 USB avec balle de golf sans base comme cadeau d'entreprise<\/h2>\n\n\n\n<p><\/p>\n\n\n\n<div class=\"wp-block-columns is-layout-flex wp-container-core-columns-is-layout-28f84493 wp-block-columns-is-layout-flex\">\n<div class=\"wp-block-column is-layout-flow wp-block-column-is-layout-flow\">\n<figure class=\"wp-block-image size-full\"><img alt=\"\" loading=\"lazy\" decoding=\"async\" width=\"503\" height=\"296\" src=\"https:\/\/www.usborkeychain.com\/wp-content\/uploads\/Custom-Golf-Ball-USB-pendrive.jpg\" class=\"wp-image-3799\" srcset=\"https:\/\/www.usborkeychain.com\/wp-content\/uploads\/Custom-Golf-Ball-USB-pendrive.jpg 503w, https:\/\/www.usborkeychain.com\/wp-content\/uploads\/Custom-Golf-Ball-USB-pendrive-300x177.jpg 300w, https:\/\/www.usborkeychain.com\/wp-content\/uploads\/Custom-Golf-Ball-USB-pendrive-18x12.jpg 18w\" sizes=\"(max-width: 503px) 100vw, 503px\" \/><\/figure>\n<\/div>\n\n\n\n<div class=\"wp-block-column is-vertically-aligned-center is-layout-flow wp-block-column-is-layout-flow\">\n<p>Adoptant un design sans base, cette cl\u00e9 USB en forme de balle de golf est simple, l\u00e9g\u00e8re et facile \u00e0 transporter. En tant que cadeau d'entreprise de Country Garden, elle transmet efficacement la gratitude de l'entreprise \u00e0 ses clients. Pour les clients, il s'agit d'un cadeau pratique et m\u00e9morable. <\/p>\n\n\n\n<p>La pr\u00e9sentation de ces cl\u00e9s USB lors d'\u00e9v\u00e9nements de vente immobili\u00e8re ou de r\u00e9unions de remerciement des clients peut renforcer l'image de marque de Country Garden, tout en permettant aux clients d'utiliser ce cadeau attentionn\u00e9 pour le stockage quotidien de donn\u00e9es.<\/p>\n<\/div>\n<\/div>\n\n\n\n<p>Cette cl\u00e9 USB avec balle de golf personnalis\u00e9e pour Country Garden, m\u00e9ticuleusement con\u00e7ue et produite par des fabricants professionnels de cl\u00e9s USB par le biais de services de personnalisation USB, incarne parfaitement les caract\u00e9ristiques de la marque Country Garden. Il s'agit d'un cadeau comm\u00e9moratif tr\u00e8s cr\u00e9atif et pratique pour les clients du secteur de l'immobilier.<\/p>","protected":false},"excerpt":{"rendered":"<ul>\n<li>Cl\u00e9 USB balle de golf<\/li>\n<li>En cadeau<\/li>\n<li>MOQ:100PCS<\/li>\n<li>LOGO personnalis\u00e9<\/li>\n<li>Couleur blanche<\/li>\n<\/ul>","protected":false},"featured_media":3796,"comment_status":"open","ping_status":"closed","template":"","meta":{"_seopress_robots_primary_cat":"","_seopress_titles_title":"","_seopress_titles_desc":"","_seopress_robots_index":"","site-sidebar-layout":"default","site-content-layout":"","ast-site-content-layout":"","site-content-style":"default","site-sidebar-style":"default","ast-global-header-display":"","ast-banner-title-visibility":"","ast-main-header-display":"","ast-hfb-above-header-display":"","ast-hfb-below-header-display":"","ast-hfb-mobile-header-display":"","site-post-title":"","ast-breadcrumbs-content":"","ast-featured-img":"","footer-sml-layout":"","theme-transparent-header-meta":"","adv-header-id-meta":"","stick-header-meta":"","header-above-stick-meta":"","header-main-stick-meta":"","header-below-stick-meta":"","astra-migrate-meta-layouts":"default","ast-page-background-enabled":"default","ast-page-background-meta":{"desktop":{"background-color":"var(--ast-global-color-5)","background-image":"","background-repeat":"repeat","background-position":"center center","background-size":"auto","background-attachment":"scroll","background-type":"","background-media":"","overlay-type":"","overlay-color":"","overlay-opacity":"","overlay-gradient":""},"tablet":{"background-color":"","background-image":"","background-repeat":"repeat","background-position":"center center","background-size":"auto","background-attachment":"scroll","background-type":"","background-media":"","overlay-type":"","overlay-color":"","overlay-opacity":"","overlay-gradient":""},"mobile":{"background-color":"","background-image":"","background-repeat":"repeat","background-position":"center center","background-size":"auto","background-attachment":"scroll","background-type":"","background-media":"","overlay-type":"","overlay-color":"","overlay-opacity":"","overlay-gradient":""}},"ast-content-background-meta":{"desktop":{"background-color":"var(--ast-global-color-4)","background-image":"","background-repeat":"repeat","background-position":"center center","background-size":"auto","background-attachment":"scroll","background-type":"","background-media":"","overlay-type":"","overlay-color":"","overlay-opacity":"","overlay-gradient":""},"tablet":{"background-color":"var(--ast-global-color-4)","background-image":"","background-repeat":"repeat","background-position":"center center","background-size":"auto","background-attachment":"scroll","background-type":"","background-media":"","overlay-type":"","overlay-color":"","overlay-opacity":"","overlay-gradient":""},"mobile":{"background-color":"var(--ast-global-color-4)","background-image":"","background-repeat":"repeat","background-position":"center center","background-size":"auto","background-attachment":"scroll","background-type":"","background-media":"","overlay-type":"","overlay-color":"","overlay-opacity":"","overlay-gradient":""}}},"product_brand":[],"product_cat":[95],"product_tag":[213],"class_list":{"0":"post-3793","1":"product","2":"type-product","3":"status-publish","4":"has-post-thumbnail","6":"product_cat-promotional-usb-drive","7":"product_tag-ball-shape-usb-drive","8":"desktop-align-left","9":"tablet-align-left","10":"mobile-align-left","12":"first","13":"instock","14":"shipping-taxable","15":"product-type-simple"},"_links":{"self":[{"href":"https:\/\/www.usborkeychain.com\/fr\/wp-json\/wp\/v2\/product\/3793","targetHints":{"allow":["GET"]}}],"collection":[{"href":"https:\/\/www.usborkeychain.com\/fr\/wp-json\/wp\/v2\/product"}],"about":[{"href":"https:\/\/www.usborkeychain.com\/fr\/wp-json\/wp\/v2\/types\/product"}],"replies":[{"embeddable":true,"href":"https:\/\/www.usborkeychain.com\/fr\/wp-json\/wp\/v2\/comments?post=3793"}],"wp:featuredmedia":[{"embeddable":true,"href":"https:\/\/www.usborkeychain.com\/fr\/wp-json\/wp\/v2\/media\/3796"}],"wp:attachment":[{"href":"https:\/\/www.usborkeychain.com\/fr\/wp-json\/wp\/v2\/media?parent=3793"}],"wp:term":[{"taxonomy":"product_brand","embeddable":true,"href":"https:\/\/www.usborkeychain.com\/fr\/wp-json\/wp\/v2\/product_brand?post=3793"},{"taxonomy":"product_cat","embeddable":true,"href":"https:\/\/www.usborkeychain.com\/fr\/wp-json\/wp\/v2\/product_cat?post=3793"},{"taxonomy":"product_tag","embeddable":true,"href":"https:\/\/www.usborkeychain.com\/fr\/wp-json\/wp\/v2\/product_tag?post=3793"}],"curies":[{"name":"wp","href":"https:\/\/api.w.org\/{rel}","templated":true}]}}