{"id":3803,"date":"2025-07-05T14:24:08","date_gmt":"2025-07-05T14:24:08","guid":{"rendered":"https:\/\/www.usborkeychain.com\/?post_type=product&#038;p=3803"},"modified":"2025-07-05T14:24:13","modified_gmt":"2025-07-05T14:24:13","slug":"clown-shaped-usb-flash-drive","status":"publish","type":"product","link":"https:\/\/www.usborkeychain.com\/fr\/produit\/clown-shaped-usb-flash-drive\/","title":{"rendered":"Cl\u00e9 USB en forme de clown"},"content":{"rendered":"<p><\/p>\n\n\n\n<div class=\"wp-block-columns is-layout-flex wp-container-core-columns-is-layout-28f84493 wp-block-columns-is-layout-flex\">\n<div class=\"wp-block-column is-layout-flow wp-block-column-is-layout-flow\">\n<figure class=\"wp-block-image size-full\"><img fetchpriority=\"high\" decoding=\"async\" width=\"800\" height=\"800\" src=\"https:\/\/www.usborkeychain.com\/wp-content\/uploads\/Comic-Clown-USB-Memory-Stick.png\" alt=\"Comic Clown USB Memory Stick\" class=\"wp-image-3808\" srcset=\"https:\/\/www.usborkeychain.com\/wp-content\/uploads\/Comic-Clown-USB-Memory-Stick.png 800w, https:\/\/www.usborkeychain.com\/wp-content\/uploads\/Comic-Clown-USB-Memory-Stick-300x300.png 300w, https:\/\/www.usborkeychain.com\/wp-content\/uploads\/Comic-Clown-USB-Memory-Stick-150x150.png 150w, https:\/\/www.usborkeychain.com\/wp-content\/uploads\/Comic-Clown-USB-Memory-Stick-768x768.png 768w, https:\/\/www.usborkeychain.com\/wp-content\/uploads\/Comic-Clown-USB-Memory-Stick-12x12.png 12w, https:\/\/www.usborkeychain.com\/wp-content\/uploads\/Comic-Clown-USB-Memory-Stick-600x600.png 600w, https:\/\/www.usborkeychain.com\/wp-content\/uploads\/Comic-Clown-USB-Memory-Stick-100x100.png 100w\" sizes=\"(max-width: 800px) 100vw, 800px\" \/><\/figure>\n<\/div>\n\n\n\n<div class=\"wp-block-column is-vertically-aligned-center is-layout-flow wp-block-column-is-layout-flow\">\n<p>La cl\u00e9 USB en forme de clown se distingue dans l'industrie du cadeau par son design unique.<\/p>\n\n\n\n<p>Il combine ing\u00e9nieusement l'image embl\u00e9matique du clown - avec des boucles rouges vibrantes, un sourire radieux et un bo\u00eetier noir qui accentue le contraste color\u00e9 - et une fonctionnalit\u00e9 de stockage de donn\u00e9es stable.<\/p>\n\n\n\n<p> Son design \u00e0 la fois ludique et artistique en fait un cadeau m\u00e9morable et pratique pour diverses occasions.<\/p>\n<\/div>\n<\/div>\n\n\n\n<h2 class=\"wp-block-heading\">Processus de personnalisation du moulage en PVC de la cl\u00e9 USB Clown<\/h2>\n\n\n\n<p>Le processus de personnalisation de la cl\u00e9 USB clown via le moulage en PVC est m\u00e9ticuleux :<\/p>\n\n\n\n<ol class=\"wp-block-list\">\n<li><strong>Planification de la conception<\/strong>: Des designers professionnels cr\u00e9ent des projets cr\u00e9atifs \u00e0 partir d'images de clowns classiques, en affinant les combinaisons de couleurs et les expressions faciales.<\/li>\n\n\n\n<li><strong>Fabrication de moules<\/strong>: Des moules de haute pr\u00e9cision sont fabriqu\u00e9s pour r\u00e9pondre parfaitement aux sp\u00e9cifications de la conception.<\/li>\n\n\n\n<li><strong>Moulage par injection<\/strong>: Des mat\u00e9riaux \u00e9cologiques de premi\u00e8re qualit\u00e9 sont utilis\u00e9s pour fa\u00e7onner la figurine du clown, ce qui permet d'obtenir des d\u00e9tails plus vrais que nature.<\/li>\n\n\n\n<li><strong>Inspection de la qualit\u00e9<\/strong>: Chaque cl\u00e9 USB fait l'objet de contr\u00f4les rigoureux en termes d'apparence et de performances de lecture et d'\u00e9criture des donn\u00e9es afin de garantir des normes \u00e9lev\u00e9es.<\/li>\n<\/ol>\n\n\n\n<div class=\"wp-block-columns is-layout-flex wp-container-core-columns-is-layout-28f84493 wp-block-columns-is-layout-flex\">\n<div class=\"wp-block-column is-layout-flow wp-block-column-is-layout-flow\">\n<figure class=\"wp-block-image size-full\"><img alt=\"\" decoding=\"async\" width=\"800\" height=\"800\" src=\"https:\/\/www.usborkeychain.com\/wp-content\/uploads\/Clown-shaped-USB-Drive.png\" class=\"wp-image-3807\" srcset=\"https:\/\/www.usborkeychain.com\/wp-content\/uploads\/Clown-shaped-USB-Drive.png 800w, https:\/\/www.usborkeychain.com\/wp-content\/uploads\/Clown-shaped-USB-Drive-300x300.png 300w, https:\/\/www.usborkeychain.com\/wp-content\/uploads\/Clown-shaped-USB-Drive-150x150.png 150w, https:\/\/www.usborkeychain.com\/wp-content\/uploads\/Clown-shaped-USB-Drive-768x768.png 768w, https:\/\/www.usborkeychain.com\/wp-content\/uploads\/Clown-shaped-USB-Drive-12x12.png 12w, https:\/\/www.usborkeychain.com\/wp-content\/uploads\/Clown-shaped-USB-Drive-600x600.png 600w, https:\/\/www.usborkeychain.com\/wp-content\/uploads\/Clown-shaped-USB-Drive-100x100.png 100w\" sizes=\"(max-width: 800px) 100vw, 800px\" \/><\/figure>\n<\/div>\n\n\n\n<div class=\"wp-block-column is-layout-flow wp-block-column-is-layout-flow\">\n<figure class=\"wp-block-image size-full\"><img alt=\"\" decoding=\"async\" width=\"800\" height=\"800\" src=\"https:\/\/www.usborkeychain.com\/wp-content\/uploads\/Jester-themed-USB-Flash-Drive.png\" class=\"wp-image-3809\" srcset=\"https:\/\/www.usborkeychain.com\/wp-content\/uploads\/Jester-themed-USB-Flash-Drive.png 800w, https:\/\/www.usborkeychain.com\/wp-content\/uploads\/Jester-themed-USB-Flash-Drive-300x300.png 300w, https:\/\/www.usborkeychain.com\/wp-content\/uploads\/Jester-themed-USB-Flash-Drive-150x150.png 150w, https:\/\/www.usborkeychain.com\/wp-content\/uploads\/Jester-themed-USB-Flash-Drive-768x768.png 768w, https:\/\/www.usborkeychain.com\/wp-content\/uploads\/Jester-themed-USB-Flash-Drive-12x12.png 12w, https:\/\/www.usborkeychain.com\/wp-content\/uploads\/Jester-themed-USB-Flash-Drive-600x600.png 600w, https:\/\/www.usborkeychain.com\/wp-content\/uploads\/Jester-themed-USB-Flash-Drive-100x100.png 100w\" sizes=\"(max-width: 800px) 100vw, 800px\" \/><\/figure>\n<\/div>\n<\/div>\n\n\n\n<h2 class=\"wp-block-heading\">Sc\u00e9narios id\u00e9aux pour la cl\u00e9 USB Clown comme cadeau<\/h2>\n\n\n\n<ul class=\"wp-block-list\">\n<li><strong>F\u00eates d'anniversaire pour enfants<\/strong>: Un cadeau de retour amusant qui pla\u00eet aux enfants.<\/li>\n\n\n\n<li><strong>\u00c9v\u00e9nements scolaires<\/strong>: Ce prix r\u00e9compense les \u00e9l\u00e8ves qui se sont distingu\u00e9s dans les activit\u00e9s de l'\u00e9cole maternelle ou primaire.<\/li>\n\n\n\n<li><strong>Spectacles de cirque et de clowns<\/strong>: Un souvenir th\u00e9matique pour le public afin de comm\u00e9morer la repr\u00e9sentation.<\/li>\n\n\n\n<li><strong>Entreprises de produits pour enfants<\/strong>: Un cadeau de promotion de la marque pour mettre en valeur une image adapt\u00e9e aux enfants.<\/li>\n<\/ul>\n\n\n\n<p>En r\u00e9sum\u00e9, la cl\u00e9 USB en forme de clown, avec son design unique, son processus de personnalisation pr\u00e9cis et ses applications polyvalentes, offre une combinaison id\u00e9ale de cr\u00e9ativit\u00e9 et de praticit\u00e9 pour les cadeaux.<\/p>","protected":false},"excerpt":{"rendered":"<ul>\n<li>En forme de clown rouge<\/li>\n<li>Moule en PVC<\/li>\n<li>Cadeau pour les spectacles de cirque et de clown<\/li>\n<li>Paquet personnalis\u00e9<\/li>\n<li>MOQ:100PCS<\/li>\n<\/ul>","protected":false},"featured_media":3808,"comment_status":"open","ping_status":"closed","template":"","meta":{"_seopress_robots_primary_cat":"","_seopress_titles_title":"","_seopress_titles_desc":"","_seopress_robots_index":"","site-sidebar-layout":"default","site-content-layout":"","ast-site-content-layout":"","site-content-style":"default","site-sidebar-style":"default","ast-global-header-display":"","ast-banner-title-visibility":"","ast-main-header-display":"","ast-hfb-above-header-display":"","ast-hfb-below-header-display":"","ast-hfb-mobile-header-display":"","site-post-title":"","ast-breadcrumbs-content":"","ast-featured-img":"","footer-sml-layout":"","theme-transparent-header-meta":"","adv-header-id-meta":"","stick-header-meta":"","header-above-stick-meta":"","header-main-stick-meta":"","header-below-stick-meta":"","astra-migrate-meta-layouts":"default","ast-page-background-enabled":"default","ast-page-background-meta":{"desktop":{"background-color":"var(--ast-global-color-5)","background-image":"","background-repeat":"repeat","background-position":"center center","background-size":"auto","background-attachment":"scroll","background-type":"","background-media":"","overlay-type":"","overlay-color":"","overlay-opacity":"","overlay-gradient":""},"tablet":{"background-color":"","background-image":"","background-repeat":"repeat","background-position":"center center","background-size":"auto","background-attachment":"scroll","background-type":"","background-media":"","overlay-type":"","overlay-color":"","overlay-opacity":"","overlay-gradient":""},"mobile":{"background-color":"","background-image":"","background-repeat":"repeat","background-position":"center center","background-size":"auto","background-attachment":"scroll","background-type":"","background-media":"","overlay-type":"","overlay-color":"","overlay-opacity":"","overlay-gradient":""}},"ast-content-background-meta":{"desktop":{"background-color":"var(--ast-global-color-4)","background-image":"","background-repeat":"repeat","background-position":"center center","background-size":"auto","background-attachment":"scroll","background-type":"","background-media":"","overlay-type":"","overlay-color":"","overlay-opacity":"","overlay-gradient":""},"tablet":{"background-color":"var(--ast-global-color-4)","background-image":"","background-repeat":"repeat","background-position":"center center","background-size":"auto","background-attachment":"scroll","background-type":"","background-media":"","overlay-type":"","overlay-color":"","overlay-opacity":"","overlay-gradient":""},"mobile":{"background-color":"var(--ast-global-color-4)","background-image":"","background-repeat":"repeat","background-position":"center center","background-size":"auto","background-attachment":"scroll","background-type":"","background-media":"","overlay-type":"","overlay-color":"","overlay-opacity":"","overlay-gradient":""}}},"product_brand":[],"product_cat":[95],"product_tag":[214],"class_list":{"0":"post-3803","1":"product","2":"type-product","3":"status-publish","4":"has-post-thumbnail","6":"product_cat-promotional-usb-drive","7":"product_tag-cute-usb-flash-drive","8":"desktop-align-left","9":"tablet-align-left","10":"mobile-align-left","12":"first","13":"instock","14":"shipping-taxable","15":"product-type-simple"},"_links":{"self":[{"href":"https:\/\/www.usborkeychain.com\/fr\/wp-json\/wp\/v2\/product\/3803","targetHints":{"allow":["GET"]}}],"collection":[{"href":"https:\/\/www.usborkeychain.com\/fr\/wp-json\/wp\/v2\/product"}],"about":[{"href":"https:\/\/www.usborkeychain.com\/fr\/wp-json\/wp\/v2\/types\/product"}],"replies":[{"embeddable":true,"href":"https:\/\/www.usborkeychain.com\/fr\/wp-json\/wp\/v2\/comments?post=3803"}],"wp:featuredmedia":[{"embeddable":true,"href":"https:\/\/www.usborkeychain.com\/fr\/wp-json\/wp\/v2\/media\/3808"}],"wp:attachment":[{"href":"https:\/\/www.usborkeychain.com\/fr\/wp-json\/wp\/v2\/media?parent=3803"}],"wp:term":[{"taxonomy":"product_brand","embeddable":true,"href":"https:\/\/www.usborkeychain.com\/fr\/wp-json\/wp\/v2\/product_brand?post=3803"},{"taxonomy":"product_cat","embeddable":true,"href":"https:\/\/www.usborkeychain.com\/fr\/wp-json\/wp\/v2\/product_cat?post=3803"},{"taxonomy":"product_tag","embeddable":true,"href":"https:\/\/www.usborkeychain.com\/fr\/wp-json\/wp\/v2\/product_tag?post=3803"}],"curies":[{"name":"wp","href":"https:\/\/api.w.org\/{rel}","templated":true}]}}