{"id":3810,"date":"2025-07-05T23:43:52","date_gmt":"2025-07-05T23:43:52","guid":{"rendered":"https:\/\/www.usborkeychain.com\/?post_type=product&#038;p=3810"},"modified":"2025-07-05T23:49:22","modified_gmt":"2025-07-05T23:49:22","slug":"custom-pink-wristband-usb-drive-with-soft-rubber-strap","status":"publish","type":"product","link":"https:\/\/www.usborkeychain.com\/fr\/produit\/custom-pink-wristband-usb-drive-with-soft-rubber-strap\/","title":{"rendered":"Cl\u00e9 USB personnalis\u00e9e avec bracelet en caoutchouc rose"},"content":{"rendered":"<p><\/p>\n\n\n\n<div class=\"wp-block-columns is-layout-flex wp-container-core-columns-is-layout-28f84493 wp-block-columns-is-layout-flex\">\n<div class=\"wp-block-column is-layout-flow wp-block-column-is-layout-flow\">\n<figure class=\"wp-block-image size-full\"><img fetchpriority=\"high\" decoding=\"async\" width=\"800\" height=\"800\" src=\"https:\/\/www.usborkeychain.com\/wp-content\/uploads\/Pink-Silicone-USB-Bracelet-Drive.png\" alt=\"Pink Silicone USB Bracelet Drive\" class=\"wp-image-3814\" srcset=\"https:\/\/www.usborkeychain.com\/wp-content\/uploads\/Pink-Silicone-USB-Bracelet-Drive.png 800w, https:\/\/www.usborkeychain.com\/wp-content\/uploads\/Pink-Silicone-USB-Bracelet-Drive-300x300.png 300w, https:\/\/www.usborkeychain.com\/wp-content\/uploads\/Pink-Silicone-USB-Bracelet-Drive-150x150.png 150w, https:\/\/www.usborkeychain.com\/wp-content\/uploads\/Pink-Silicone-USB-Bracelet-Drive-768x768.png 768w, https:\/\/www.usborkeychain.com\/wp-content\/uploads\/Pink-Silicone-USB-Bracelet-Drive-12x12.png 12w, https:\/\/www.usborkeychain.com\/wp-content\/uploads\/Pink-Silicone-USB-Bracelet-Drive-600x600.png 600w, https:\/\/www.usborkeychain.com\/wp-content\/uploads\/Pink-Silicone-USB-Bracelet-Drive-100x100.png 100w\" sizes=\"(max-width: 800px) 100vw, 800px\" \/><\/figure>\n<\/div>\n\n\n\n<div class=\"wp-block-column is-vertically-aligned-center is-layout-flow wp-block-column-is-layout-flow\">\n<p>Cette cl\u00e9 USB \u00e0 bracelet rose est un cadeau promotionnel \u00e9l\u00e9gant et pratique, fabriqu\u00e9 sur mesure par YOUSAN USB Factory. <\/p>\n\n\n\n<p>Fabriqu\u00e9 en caoutchouc souple, le bracelet est flexible, confortable \u00e0 porter et peut servir de porte-cl\u00e9s ou d'accessoire technologique. Avec sa couleur rose accrocheuse et son design fonctionnel, il est id\u00e9al pour les promotions de marque, les cadeaux ou les cadeaux d'entreprise.<\/p>\n<\/div>\n<\/div>\n\n\n\n<p><strong>Caract\u00e9ristiques principales<\/strong><\/p>\n\n\n\n<ol class=\"wp-block-list\">\n<li><strong>Sangle en caoutchouc souple pour le confort et la durabilit\u00e9<\/strong><br>Fabriqu\u00e9 en caoutchouc souple de haute qualit\u00e9, le bracelet est r\u00e9sistant \u00e0 l'usure, flexible et confortable pour une utilisation tout au long de la journ\u00e9e. Il ne se d\u00e9forme pas et ne se casse pas facilement, ce qui le rend parfait pour une utilisation quotidienne ou en voyage.<\/li>\n\n\n\n<li><strong>UDP Puce \u00e9tanche ultra-mince<\/strong><br>Dot\u00e9e d'une puce UDP avanc\u00e9e, cette cl\u00e9 USB bracelet offre d'excellentes performances en mati\u00e8re d'\u00e9tanch\u00e9it\u00e9 \u00e0 l'eau, aux chocs et \u00e0 la poussi\u00e8re. Sa conception ultra-mince garantit \u00e0 la fois la portabilit\u00e9 et la s\u00e9curit\u00e9 des donn\u00e9es.<\/li>\n\n\n\n<li><strong>Grande zone de personnalisation du logo<\/strong><br>Le fermoir en m\u00e9tal permet de graver des logos au laser avec pr\u00e9cision, pour une finition \u00e9l\u00e9gante et professionnelle. Le bracelet en caoutchouc est compatible avec la s\u00e9rigraphie et l'impression en quadrichromie, et offre une surface g\u00e9n\u00e9reuse pour un marquage personnalis\u00e9, id\u00e9al pour les logos audacieux ou d\u00e9taill\u00e9s.<\/li>\n<\/ol>\n\n\n\n<div class=\"wp-block-columns is-layout-flex wp-container-core-columns-is-layout-28f84493 wp-block-columns-is-layout-flex\">\n<div class=\"wp-block-column is-layout-flow wp-block-column-is-layout-flow\">\n<figure class=\"wp-block-image size-full\"><img decoding=\"async\" width=\"800\" height=\"800\" src=\"https:\/\/www.usborkeychain.com\/wp-content\/uploads\/Wearable-Pink-USB-Memory-Stick.png\" alt=\"Wearable Pink USB Memory Stick\" class=\"wp-image-3816\" srcset=\"https:\/\/www.usborkeychain.com\/wp-content\/uploads\/Wearable-Pink-USB-Memory-Stick.png 800w, https:\/\/www.usborkeychain.com\/wp-content\/uploads\/Wearable-Pink-USB-Memory-Stick-300x300.png 300w, https:\/\/www.usborkeychain.com\/wp-content\/uploads\/Wearable-Pink-USB-Memory-Stick-150x150.png 150w, https:\/\/www.usborkeychain.com\/wp-content\/uploads\/Wearable-Pink-USB-Memory-Stick-768x768.png 768w, https:\/\/www.usborkeychain.com\/wp-content\/uploads\/Wearable-Pink-USB-Memory-Stick-12x12.png 12w, https:\/\/www.usborkeychain.com\/wp-content\/uploads\/Wearable-Pink-USB-Memory-Stick-600x600.png 600w, https:\/\/www.usborkeychain.com\/wp-content\/uploads\/Wearable-Pink-USB-Memory-Stick-100x100.png 100w\" sizes=\"(max-width: 800px) 100vw, 800px\" \/><\/figure>\n<\/div>\n\n\n\n<div class=\"wp-block-column is-layout-flow wp-block-column-is-layout-flow\">\n<figure class=\"wp-block-image size-full\"><img decoding=\"async\" width=\"800\" height=\"800\" src=\"https:\/\/www.usborkeychain.com\/wp-content\/uploads\/Pink-Wristband-USB-Flash-Drive.png\" alt=\"Pink Wristband USB Flash Drive\" class=\"wp-image-3815\" srcset=\"https:\/\/www.usborkeychain.com\/wp-content\/uploads\/Pink-Wristband-USB-Flash-Drive.png 800w, https:\/\/www.usborkeychain.com\/wp-content\/uploads\/Pink-Wristband-USB-Flash-Drive-300x300.png 300w, https:\/\/www.usborkeychain.com\/wp-content\/uploads\/Pink-Wristband-USB-Flash-Drive-150x150.png 150w, https:\/\/www.usborkeychain.com\/wp-content\/uploads\/Pink-Wristband-USB-Flash-Drive-768x768.png 768w, https:\/\/www.usborkeychain.com\/wp-content\/uploads\/Pink-Wristband-USB-Flash-Drive-12x12.png 12w, https:\/\/www.usborkeychain.com\/wp-content\/uploads\/Pink-Wristband-USB-Flash-Drive-600x600.png 600w, https:\/\/www.usborkeychain.com\/wp-content\/uploads\/Pink-Wristband-USB-Flash-Drive-100x100.png 100w\" sizes=\"(max-width: 800px) 100vw, 800px\" \/><\/figure>\n<\/div>\n<\/div>\n\n\n\n<p><strong>Cas d'utilisation et contexte du client<\/strong><\/p>\n\n\n\n<div class=\"wp-block-columns is-layout-flex wp-container-core-columns-is-layout-28f84493 wp-block-columns-is-layout-flex\">\n<div class=\"wp-block-column is-layout-flow wp-block-column-is-layout-flow\">\n<figure class=\"wp-block-image size-full\"><img loading=\"lazy\" decoding=\"async\" width=\"800\" height=\"800\" src=\"https:\/\/www.usborkeychain.com\/wp-content\/uploads\/Custom-Pink-USB-Wristband.png\" alt=\"Custom Pink USB Wristband\" class=\"wp-image-3813\" srcset=\"https:\/\/www.usborkeychain.com\/wp-content\/uploads\/Custom-Pink-USB-Wristband.png 800w, https:\/\/www.usborkeychain.com\/wp-content\/uploads\/Custom-Pink-USB-Wristband-300x300.png 300w, https:\/\/www.usborkeychain.com\/wp-content\/uploads\/Custom-Pink-USB-Wristband-150x150.png 150w, https:\/\/www.usborkeychain.com\/wp-content\/uploads\/Custom-Pink-USB-Wristband-768x768.png 768w, https:\/\/www.usborkeychain.com\/wp-content\/uploads\/Custom-Pink-USB-Wristband-12x12.png 12w, https:\/\/www.usborkeychain.com\/wp-content\/uploads\/Custom-Pink-USB-Wristband-600x600.png 600w, https:\/\/www.usborkeychain.com\/wp-content\/uploads\/Custom-Pink-USB-Wristband-100x100.png 100w\" sizes=\"(max-width: 800px) 100vw, 800px\" \/><\/figure>\n<\/div>\n\n\n\n<div class=\"wp-block-column is-vertically-aligned-center is-layout-flow wp-block-column-is-layout-flow\">\n<ol class=\"wp-block-list\">\n<li><strong>Personnalisation des clients de l'industrie chimique<\/strong><br>Ce mod\u00e8le a \u00e9t\u00e9 personnalis\u00e9 par OCI NITROGEN, un client de l'industrie chimique, pour en faire une cl\u00e9 USB d'entreprise. Pr\u00e9charg\u00e9e de brochures de l'entreprise, de documents de s\u00e9curit\u00e9 et de sp\u00e9cifications techniques, elle a \u00e9t\u00e9 con\u00e7ue pour \u00eatre \u00e0 la fois un outil utile et un atout majeur pour l'image de marque de l'entreprise.<\/li>\n\n\n\n<li><strong>Cadeau promotionnel pour les salons et les \u00e9v\u00e9nements<\/strong><br>Utilis\u00e9e lors de salons professionnels internationaux comme cadeau promotionnel, cette cl\u00e9 USB \u00e0 bracelet a su attirer l'attention gr\u00e2ce \u00e0 son aspect \u00e9l\u00e9gant et \u00e0 sa grande praticit\u00e9. Son format portable et sa grande surface personnalisable en font un objet remarquable qui permet d'accro\u00eetre la visibilit\u00e9 de la marque et de laisser une impression durable.<\/li>\n<\/ol>\n<\/div>\n<\/div>","protected":false},"excerpt":{"rendered":"<ul>\n<li>Couleur rose<\/li>\n<li>Personnalis\u00e9 par OCI NITROGEN<\/li>\n<li>Bracelet et USB<\/li>\n<li>UDP Puce \u00e9tanche ultra-mince<\/li>\n<li>Possibilit\u00e9 de personnaliser le logo<\/li>\n<li>\u00a0<\/li>\n<\/ul>","protected":false},"featured_media":3817,"comment_status":"open","ping_status":"closed","template":"","meta":{"_seopress_robots_primary_cat":"none","_seopress_titles_title":"","_seopress_titles_desc":"","_seopress_robots_index":"","site-sidebar-layout":"default","site-content-layout":"","ast-site-content-layout":"","site-content-style":"default","site-sidebar-style":"default","ast-global-header-display":"","ast-banner-title-visibility":"","ast-main-header-display":"","ast-hfb-above-header-display":"","ast-hfb-below-header-display":"","ast-hfb-mobile-header-display":"","site-post-title":"","ast-breadcrumbs-content":"","ast-featured-img":"","footer-sml-layout":"","theme-transparent-header-meta":"","adv-header-id-meta":"","stick-header-meta":"","header-above-stick-meta":"","header-main-stick-meta":"","header-below-stick-meta":"","astra-migrate-meta-layouts":"default","ast-page-background-enabled":"default","ast-page-background-meta":{"desktop":{"background-color":"var(--ast-global-color-5)","background-image":"","background-repeat":"repeat","background-position":"center center","background-size":"auto","background-attachment":"scroll","background-type":"","background-media":"","overlay-type":"","overlay-color":"","overlay-opacity":"","overlay-gradient":""},"tablet":{"background-color":"","background-image":"","background-repeat":"repeat","background-position":"center center","background-size":"auto","background-attachment":"scroll","background-type":"","background-media":"","overlay-type":"","overlay-color":"","overlay-opacity":"","overlay-gradient":""},"mobile":{"background-color":"","background-image":"","background-repeat":"repeat","background-position":"center center","background-size":"auto","background-attachment":"scroll","background-type":"","background-media":"","overlay-type":"","overlay-color":"","overlay-opacity":"","overlay-gradient":""}},"ast-content-background-meta":{"desktop":{"background-color":"var(--ast-global-color-4)","background-image":"","background-repeat":"repeat","background-position":"center center","background-size":"auto","background-attachment":"scroll","background-type":"","background-media":"","overlay-type":"","overlay-color":"","overlay-opacity":"","overlay-gradient":""},"tablet":{"background-color":"var(--ast-global-color-4)","background-image":"","background-repeat":"repeat","background-position":"center center","background-size":"auto","background-attachment":"scroll","background-type":"","background-media":"","overlay-type":"","overlay-color":"","overlay-opacity":"","overlay-gradient":""},"mobile":{"background-color":"var(--ast-global-color-4)","background-image":"","background-repeat":"repeat","background-position":"center center","background-size":"auto","background-attachment":"scroll","background-type":"","background-media":"","overlay-type":"","overlay-color":"","overlay-opacity":"","overlay-gradient":""}}},"product_brand":[],"product_cat":[95,101,97],"product_tag":[215],"class_list":{"0":"post-3810","1":"product","2":"type-product","3":"status-publish","4":"has-post-thumbnail","6":"product_cat-promotional-usb-drive","7":"product_cat-usb-pendrive-with-keychain","8":"product_cat-wristband-usb-drives","9":"product_tag-pink-usb-flash-drive","10":"desktop-align-left","11":"tablet-align-left","12":"mobile-align-left","14":"first","15":"instock","16":"shipping-taxable","17":"product-type-simple"},"_links":{"self":[{"href":"https:\/\/www.usborkeychain.com\/fr\/wp-json\/wp\/v2\/product\/3810","targetHints":{"allow":["GET"]}}],"collection":[{"href":"https:\/\/www.usborkeychain.com\/fr\/wp-json\/wp\/v2\/product"}],"about":[{"href":"https:\/\/www.usborkeychain.com\/fr\/wp-json\/wp\/v2\/types\/product"}],"replies":[{"embeddable":true,"href":"https:\/\/www.usborkeychain.com\/fr\/wp-json\/wp\/v2\/comments?post=3810"}],"wp:featuredmedia":[{"embeddable":true,"href":"https:\/\/www.usborkeychain.com\/fr\/wp-json\/wp\/v2\/media\/3817"}],"wp:attachment":[{"href":"https:\/\/www.usborkeychain.com\/fr\/wp-json\/wp\/v2\/media?parent=3810"}],"wp:term":[{"taxonomy":"product_brand","embeddable":true,"href":"https:\/\/www.usborkeychain.com\/fr\/wp-json\/wp\/v2\/product_brand?post=3810"},{"taxonomy":"product_cat","embeddable":true,"href":"https:\/\/www.usborkeychain.com\/fr\/wp-json\/wp\/v2\/product_cat?post=3810"},{"taxonomy":"product_tag","embeddable":true,"href":"https:\/\/www.usborkeychain.com\/fr\/wp-json\/wp\/v2\/product_tag?post=3810"}],"curies":[{"name":"wp","href":"https:\/\/api.w.org\/{rel}","templated":true}]}}