{"id":3826,"date":"2025-07-06T06:34:51","date_gmt":"2025-07-06T06:34:51","guid":{"rendered":"https:\/\/www.usborkeychain.com\/?post_type=product&#038;p=3826"},"modified":"2025-07-08T01:56:14","modified_gmt":"2025-07-08T01:56:14","slug":"soft-pvc-cloud-usb-stick-custom-made","status":"publish","type":"product","link":"https:\/\/www.usborkeychain.com\/fr\/produit\/soft-pvc-cloud-usb-stick-custom-made\/","title":{"rendered":"Cl\u00e9 USB nuage en PVC souple sur mesure"},"content":{"rendered":"<p>A l'\u00e8re de la personnalisation et de la reconnaissance des marques, les cl\u00e9s USB personnalis\u00e9es sont devenues un choix populaire pour les cadeaux d'entreprise. YOUSAN a cr\u00e9\u00e9 une s\u00e9rie de <strong>cl\u00e9s USB en forme de nuage<\/strong> fabriqu\u00e9 \u00e0 partir de mat\u00e9riaux respectueux de l'environnement <strong>PVC caoutchouc souple<\/strong>Ces disques sont fabriqu\u00e9s \u00e0 l'aide de techniques de moulage professionnelles afin de produire des mod\u00e8les doux et charmants au toucher lisse. Ces lecteurs allient l'aspect pratique \u00e0 l'aspect artistique. <\/p>\n\n\n\n<h2 class=\"wp-block-heading\"><strong>Cl\u00e9 USB personnalis\u00e9e Panda Design<\/strong><\/h2>\n\n\n\n<p>Cette cl\u00e9 USB en forme de nuage est dot\u00e9e d'un <strong>panda graphique<\/strong>Le logo de l'entreprise est un dessin qui allie la douceur du contour d'un nuage \u00e0 un panda mignon et sympathique. Le panda de style bande dessin\u00e9e se trouve au centre du nuage, cr\u00e9ant une identit\u00e9 visuelle forte et un sentiment de chaleur - parfait pour v\u00e9hiculer les th\u00e8mes de la sensibilisation \u00e0 l'environnement et de la convivialit\u00e9 de la marque. Cette cr\u00e9ation a \u00e9t\u00e9 bien accueillie, en particulier par les jeunes et les secteurs d'activit\u00e9 li\u00e9s \u00e0 la famille et aux enfants. C'est un cadeau d'entreprise amusant et m\u00e9morable.<\/p>\n\n\n\n<div class=\"wp-block-columns is-layout-flex wp-container-core-columns-is-layout-28f84493 wp-block-columns-is-layout-flex\">\n<div class=\"wp-block-column is-layout-flow wp-block-column-is-layout-flow\">\n<figure class=\"wp-block-image size-full\"><img alt=\"\" fetchpriority=\"high\" decoding=\"async\" width=\"800\" height=\"800\" src=\"https:\/\/www.usborkeychain.com\/wp-content\/uploads\/Custom-Cloud-Shaped-USB-Drive.png\" class=\"wp-image-3831\" srcset=\"https:\/\/www.usborkeychain.com\/wp-content\/uploads\/Custom-Cloud-Shaped-USB-Drive.png 800w, https:\/\/www.usborkeychain.com\/wp-content\/uploads\/Custom-Cloud-Shaped-USB-Drive-300x300.png 300w, https:\/\/www.usborkeychain.com\/wp-content\/uploads\/Custom-Cloud-Shaped-USB-Drive-150x150.png 150w, https:\/\/www.usborkeychain.com\/wp-content\/uploads\/Custom-Cloud-Shaped-USB-Drive-768x768.png 768w, https:\/\/www.usborkeychain.com\/wp-content\/uploads\/Custom-Cloud-Shaped-USB-Drive-12x12.png 12w, https:\/\/www.usborkeychain.com\/wp-content\/uploads\/Custom-Cloud-Shaped-USB-Drive-600x600.png 600w, https:\/\/www.usborkeychain.com\/wp-content\/uploads\/Custom-Cloud-Shaped-USB-Drive-100x100.png 100w\" sizes=\"(max-width: 800px) 100vw, 800px\" \/><\/figure>\n<\/div>\n\n\n\n<div class=\"wp-block-column is-layout-flow wp-block-column-is-layout-flow\">\n<figure class=\"wp-block-image size-full\"><img decoding=\"async\" width=\"800\" height=\"800\" src=\"https:\/\/www.usborkeychain.com\/wp-content\/uploads\/Creative-Cloud-USB-Flash-Drive-Gift.png\" alt=\"Creative Cloud USB Flash Drive Gift\" class=\"wp-image-3830\" srcset=\"https:\/\/www.usborkeychain.com\/wp-content\/uploads\/Creative-Cloud-USB-Flash-Drive-Gift.png 800w, https:\/\/www.usborkeychain.com\/wp-content\/uploads\/Creative-Cloud-USB-Flash-Drive-Gift-300x300.png 300w, https:\/\/www.usborkeychain.com\/wp-content\/uploads\/Creative-Cloud-USB-Flash-Drive-Gift-150x150.png 150w, https:\/\/www.usborkeychain.com\/wp-content\/uploads\/Creative-Cloud-USB-Flash-Drive-Gift-768x768.png 768w, https:\/\/www.usborkeychain.com\/wp-content\/uploads\/Creative-Cloud-USB-Flash-Drive-Gift-12x12.png 12w, https:\/\/www.usborkeychain.com\/wp-content\/uploads\/Creative-Cloud-USB-Flash-Drive-Gift-600x600.png 600w, https:\/\/www.usborkeychain.com\/wp-content\/uploads\/Creative-Cloud-USB-Flash-Drive-Gift-100x100.png 100w\" sizes=\"(max-width: 800px) 100vw, 800px\" \/><\/figure>\n<\/div>\n<\/div>\n\n\n\n<h2 class=\"wp-block-heading\"><strong>Logo de l'entreprise Cl\u00e9 USB personnalis\u00e9e en forme de nuage<\/strong><\/h2>\n\n\n\n<p><\/p>\n\n\n\n<div class=\"wp-block-columns is-layout-flex wp-container-core-columns-is-layout-28f84493 wp-block-columns-is-layout-flex\">\n<div class=\"wp-block-column is-layout-flow wp-block-column-is-layout-flow\">\n<figure class=\"wp-block-image size-full\"><img decoding=\"async\" width=\"800\" height=\"800\" src=\"https:\/\/www.usborkeychain.com\/wp-content\/uploads\/Soft-PVC-Cloud-USB-Stick-Custom-Made.png\" alt=\"Soft PVC Cloud USB Stick Custom Made\" class=\"wp-image-3835\" srcset=\"https:\/\/www.usborkeychain.com\/wp-content\/uploads\/Soft-PVC-Cloud-USB-Stick-Custom-Made.png 800w, https:\/\/www.usborkeychain.com\/wp-content\/uploads\/Soft-PVC-Cloud-USB-Stick-Custom-Made-300x300.png 300w, https:\/\/www.usborkeychain.com\/wp-content\/uploads\/Soft-PVC-Cloud-USB-Stick-Custom-Made-150x150.png 150w, https:\/\/www.usborkeychain.com\/wp-content\/uploads\/Soft-PVC-Cloud-USB-Stick-Custom-Made-768x768.png 768w, https:\/\/www.usborkeychain.com\/wp-content\/uploads\/Soft-PVC-Cloud-USB-Stick-Custom-Made-12x12.png 12w, https:\/\/www.usborkeychain.com\/wp-content\/uploads\/Soft-PVC-Cloud-USB-Stick-Custom-Made-600x600.png 600w, https:\/\/www.usborkeychain.com\/wp-content\/uploads\/Soft-PVC-Cloud-USB-Stick-Custom-Made-100x100.png 100w\" sizes=\"(max-width: 800px) 100vw, 800px\" \/><\/figure>\n<\/div>\n\n\n\n<div class=\"wp-block-column is-vertically-aligned-center is-layout-flow wp-block-column-is-layout-flow\">\n<p>Le deuxi\u00e8me style a \u00e9t\u00e9 con\u00e7u sur mesure pour une entreprise technologique, en conservant la simplicit\u00e9 de la forme du nuage tout en int\u00e9grant le logo de la <strong>logo de l'entreprise<\/strong> en \u00e9vidence sur la face avant. Le logo a \u00e9t\u00e9 recr\u00e9\u00e9 en 3D \u00e0 l'aide d'un mat\u00e9riau PVC souple, avec un d\u00e9tail pr\u00e9cis de ses couleurs et de ses contours. <\/p>\n\n\n\n<p>Ce type de personnalisation am\u00e9liore non seulement l'attrait visuel, mais fait \u00e9galement de l'USB un outil reconnaissable et pratique pour les conf\u00e9rences, les r\u00e9unions et les \u00e9v\u00e9nements professionnels.<\/p>\n<\/div>\n<\/div>\n\n\n\n<h2 class=\"wp-block-heading\"><strong>URL du site web et logo cl\u00e9 USB personnalis\u00e9e<\/strong><\/h2>\n\n\n\n<p>La troisi\u00e8me version comprend le <strong>URL du site web de l'entreprise<\/strong> grav\u00e9e au bas de l'USB en forme de nuage. R\u00e9alis\u00e9e \u00e0 l'aide de techniques de gaufrage, l'adresse web n'est pas seulement int\u00e9gr\u00e9e visuellement, elle constitue \u00e9galement un outil de marketing subtil mais efficace. Cette approche pratique et promotionnelle en fait un choix judicieux pour les lancements de produits ou les \u00e9v\u00e9nements de promotion de la marque, encourageant le trafic vers le site web de l'entreprise et augmentant l'engagement.<\/p>\n\n\n\n<div class=\"wp-block-columns is-layout-flex wp-container-core-columns-is-layout-28f84493 wp-block-columns-is-layout-flex\">\n<div class=\"wp-block-column is-layout-flow wp-block-column-is-layout-flow\">\n<figure class=\"wp-block-image size-full\"><img loading=\"lazy\" decoding=\"async\" width=\"800\" height=\"800\" src=\"https:\/\/www.usborkeychain.com\/wp-content\/uploads\/Logo-Printed-Cloud-USB-Flash-Drive.png\" alt=\"Logo Printed Cloud USB Flash Drive\" class=\"wp-image-3833\" srcset=\"https:\/\/www.usborkeychain.com\/wp-content\/uploads\/Logo-Printed-Cloud-USB-Flash-Drive.png 800w, https:\/\/www.usborkeychain.com\/wp-content\/uploads\/Logo-Printed-Cloud-USB-Flash-Drive-300x300.png 300w, https:\/\/www.usborkeychain.com\/wp-content\/uploads\/Logo-Printed-Cloud-USB-Flash-Drive-150x150.png 150w, https:\/\/www.usborkeychain.com\/wp-content\/uploads\/Logo-Printed-Cloud-USB-Flash-Drive-768x768.png 768w, https:\/\/www.usborkeychain.com\/wp-content\/uploads\/Logo-Printed-Cloud-USB-Flash-Drive-12x12.png 12w, https:\/\/www.usborkeychain.com\/wp-content\/uploads\/Logo-Printed-Cloud-USB-Flash-Drive-600x600.png 600w, https:\/\/www.usborkeychain.com\/wp-content\/uploads\/Logo-Printed-Cloud-USB-Flash-Drive-100x100.png 100w\" sizes=\"(max-width: 800px) 100vw, 800px\" \/><\/figure>\n<\/div>\n\n\n\n<div class=\"wp-block-column is-layout-flow wp-block-column-is-layout-flow\">\n<figure class=\"wp-block-image size-full\"><img loading=\"lazy\" decoding=\"async\" width=\"800\" height=\"800\" src=\"https:\/\/www.usborkeychain.com\/wp-content\/uploads\/Bulk-Custom-Cloud-USB-Drives.png\" alt=\"Bulk Custom Cloud USB Drives\" class=\"wp-image-3829\" srcset=\"https:\/\/www.usborkeychain.com\/wp-content\/uploads\/Bulk-Custom-Cloud-USB-Drives.png 800w, https:\/\/www.usborkeychain.com\/wp-content\/uploads\/Bulk-Custom-Cloud-USB-Drives-300x300.png 300w, https:\/\/www.usborkeychain.com\/wp-content\/uploads\/Bulk-Custom-Cloud-USB-Drives-150x150.png 150w, https:\/\/www.usborkeychain.com\/wp-content\/uploads\/Bulk-Custom-Cloud-USB-Drives-768x768.png 768w, https:\/\/www.usborkeychain.com\/wp-content\/uploads\/Bulk-Custom-Cloud-USB-Drives-12x12.png 12w, https:\/\/www.usborkeychain.com\/wp-content\/uploads\/Bulk-Custom-Cloud-USB-Drives-600x600.png 600w, https:\/\/www.usborkeychain.com\/wp-content\/uploads\/Bulk-Custom-Cloud-USB-Drives-100x100.png 100w\" sizes=\"(max-width: 800px) 100vw, 800px\" \/><\/figure>\n<\/div>\n<\/div>\n\n\n\n<p>Ces trois cl\u00e9s USB en forme de nuage, chacune compos\u00e9e de <strong>PVC \u00e9cologique caoutchouc souple<\/strong>-se distinguent par leur design unique, leur confort et l'impact de leur marque. En tant que cadeaux d'entreprise, ils contribuent \u00e0 am\u00e9liorer la visibilit\u00e9 de la marque et \u00e0 renforcer les liens avec les clients. YOUSAN continue \u00e0 fournir des solutions USB cr\u00e9atives et de haute qualit\u00e9, adapt\u00e9es aux besoins de chaque client en mati\u00e8re d'image de marque.<\/p>","protected":false},"excerpt":{"rendered":"<ul>\n<li>USB en forme de nuage<\/li>\n<li>USB2.0<\/li>\n<li>Moules en PVC styles usb<\/li>\n<li>Plusieurs couleurs au choix<\/li>\n<li>MOQ:100pcs<\/li>\n<\/ul>","protected":false},"featured_media":3835,"comment_status":"open","ping_status":"closed","template":"","meta":{"_seopress_robots_primary_cat":"","_seopress_titles_title":"","_seopress_titles_desc":"","_seopress_robots_index":"","site-sidebar-layout":"default","site-content-layout":"","ast-site-content-layout":"","site-content-style":"default","site-sidebar-style":"default","ast-global-header-display":"","ast-banner-title-visibility":"","ast-main-header-display":"","ast-hfb-above-header-display":"","ast-hfb-below-header-display":"","ast-hfb-mobile-header-display":"","site-post-title":"","ast-breadcrumbs-content":"","ast-featured-img":"","footer-sml-layout":"","theme-transparent-header-meta":"","adv-header-id-meta":"","stick-header-meta":"","header-above-stick-meta":"","header-main-stick-meta":"","header-below-stick-meta":"","astra-migrate-meta-layouts":"default","ast-page-background-enabled":"default","ast-page-background-meta":{"desktop":{"background-color":"var(--ast-global-color-5)","background-image":"","background-repeat":"repeat","background-position":"center center","background-size":"auto","background-attachment":"scroll","background-type":"","background-media":"","overlay-type":"","overlay-color":"","overlay-opacity":"","overlay-gradient":""},"tablet":{"background-color":"","background-image":"","background-repeat":"repeat","background-position":"center center","background-size":"auto","background-attachment":"scroll","background-type":"","background-media":"","overlay-type":"","overlay-color":"","overlay-opacity":"","overlay-gradient":""},"mobile":{"background-color":"","background-image":"","background-repeat":"repeat","background-position":"center center","background-size":"auto","background-attachment":"scroll","background-type":"","background-media":"","overlay-type":"","overlay-color":"","overlay-opacity":"","overlay-gradient":""}},"ast-content-background-meta":{"desktop":{"background-color":"var(--ast-global-color-4)","background-image":"","background-repeat":"repeat","background-position":"center center","background-size":"auto","background-attachment":"scroll","background-type":"","background-media":"","overlay-type":"","overlay-color":"","overlay-opacity":"","overlay-gradient":""},"tablet":{"background-color":"var(--ast-global-color-4)","background-image":"","background-repeat":"repeat","background-position":"center center","background-size":"auto","background-attachment":"scroll","background-type":"","background-media":"","overlay-type":"","overlay-color":"","overlay-opacity":"","overlay-gradient":""},"mobile":{"background-color":"var(--ast-global-color-4)","background-image":"","background-repeat":"repeat","background-position":"center center","background-size":"auto","background-attachment":"scroll","background-type":"","background-media":"","overlay-type":"","overlay-color":"","overlay-opacity":"","overlay-gradient":""}}},"product_brand":[],"product_cat":[94],"product_tag":[],"class_list":{"0":"post-3826","1":"product","2":"type-product","3":"status-publish","4":"has-post-thumbnail","6":"product_cat-pvc-usb-pendrive","7":"desktop-align-left","8":"tablet-align-left","9":"mobile-align-left","11":"first","12":"instock","13":"shipping-taxable","14":"product-type-simple"},"_links":{"self":[{"href":"https:\/\/www.usborkeychain.com\/fr\/wp-json\/wp\/v2\/product\/3826","targetHints":{"allow":["GET"]}}],"collection":[{"href":"https:\/\/www.usborkeychain.com\/fr\/wp-json\/wp\/v2\/product"}],"about":[{"href":"https:\/\/www.usborkeychain.com\/fr\/wp-json\/wp\/v2\/types\/product"}],"replies":[{"embeddable":true,"href":"https:\/\/www.usborkeychain.com\/fr\/wp-json\/wp\/v2\/comments?post=3826"}],"wp:featuredmedia":[{"embeddable":true,"href":"https:\/\/www.usborkeychain.com\/fr\/wp-json\/wp\/v2\/media\/3835"}],"wp:attachment":[{"href":"https:\/\/www.usborkeychain.com\/fr\/wp-json\/wp\/v2\/media?parent=3826"}],"wp:term":[{"taxonomy":"product_brand","embeddable":true,"href":"https:\/\/www.usborkeychain.com\/fr\/wp-json\/wp\/v2\/product_brand?post=3826"},{"taxonomy":"product_cat","embeddable":true,"href":"https:\/\/www.usborkeychain.com\/fr\/wp-json\/wp\/v2\/product_cat?post=3826"},{"taxonomy":"product_tag","embeddable":true,"href":"https:\/\/www.usborkeychain.com\/fr\/wp-json\/wp\/v2\/product_tag?post=3826"}],"curies":[{"name":"wp","href":"https:\/\/api.w.org\/{rel}","templated":true}]}}