{"id":3902,"date":"2025-07-07T13:08:15","date_gmt":"2025-07-07T13:08:15","guid":{"rendered":"https:\/\/www.usborkeychain.com\/?post_type=product&#038;p=3902"},"modified":"2025-07-18T02:24:47","modified_gmt":"2025-07-18T02:24:47","slug":"sandisk-ultra-flair-cz73-usb-3-0-flash-drive","status":"publish","type":"product","link":"https:\/\/www.usborkeychain.com\/fr\/produit\/sandisk-ultra-flair-cz73-usb-3-0-flash-drive\/","title":{"rendered":"Cl\u00e9 USB 3.0 SanDisk Ultra Flair CZ73"},"content":{"rendered":"<p><\/p>\n\n\n\n<p><\/p>\n\n\n\n<div class=\"wp-block-columns is-layout-flex wp-container-core-columns-is-layout-28f84493 wp-block-columns-is-layout-flex\">\n<div class=\"wp-block-column is-layout-flow wp-block-column-is-layout-flow\">\n<figure class=\"wp-block-image size-full\"><img fetchpriority=\"high\" decoding=\"async\" width=\"800\" height=\"800\" src=\"https:\/\/www.usborkeychain.com\/wp-content\/uploads\/SanDisk-32GB-Ultra-Flair-CZ73-USB-3.0-Flash-Drive.jpg\" alt=\"SanDisk 32GB Ultra Flair CZ73 USB 3.0 Flash Drive\" class=\"wp-image-3906\" srcset=\"https:\/\/www.usborkeychain.com\/wp-content\/uploads\/SanDisk-32GB-Ultra-Flair-CZ73-USB-3.0-Flash-Drive.jpg 800w, https:\/\/www.usborkeychain.com\/wp-content\/uploads\/SanDisk-32GB-Ultra-Flair-CZ73-USB-3.0-Flash-Drive-300x300.jpg 300w, https:\/\/www.usborkeychain.com\/wp-content\/uploads\/SanDisk-32GB-Ultra-Flair-CZ73-USB-3.0-Flash-Drive-150x150.jpg 150w, https:\/\/www.usborkeychain.com\/wp-content\/uploads\/SanDisk-32GB-Ultra-Flair-CZ73-USB-3.0-Flash-Drive-768x768.jpg 768w, https:\/\/www.usborkeychain.com\/wp-content\/uploads\/SanDisk-32GB-Ultra-Flair-CZ73-USB-3.0-Flash-Drive-12x12.jpg 12w, https:\/\/www.usborkeychain.com\/wp-content\/uploads\/SanDisk-32GB-Ultra-Flair-CZ73-USB-3.0-Flash-Drive-600x600.jpg 600w, https:\/\/www.usborkeychain.com\/wp-content\/uploads\/SanDisk-32GB-Ultra-Flair-CZ73-USB-3.0-Flash-Drive-100x100.jpg 100w\" sizes=\"(max-width: 800px) 100vw, 800px\" \/><\/figure>\n<\/div>\n\n\n\n<div class=\"wp-block-column is-vertically-aligned-center is-layout-flow wp-block-column-is-layout-flow\">\n<p>La cl\u00e9 USB 3.0 SanDisk Ultra Flair CZ73 est dot\u00e9e d'un \u00e9l\u00e9gant bo\u00eetier en m\u00e9tal bross\u00e9, \u00e0 la fois durable et moderne. Aliment\u00e9e par une interface USB 3.0.<\/p>\n\n\n\n<p>Il offre des vitesses de transfert ultra-rapides allant jusqu'\u00e0 150 Mo\/s, parfaites pour transf\u00e9rer rapidement des fichiers volumineux tels que des vid\u00e9os HD, des photos ou des documents importants.<\/p>\n<\/div>\n<\/div>\n\n\n\n<p><strong>Caract\u00e9ristiques principales :<\/strong><\/p>\n\n\n\n<ul class=\"wp-block-list\">\n<li><strong>Vitesses de transfert ultra-rapides :<\/strong> Performances USB 3.0 avec des vitesses de lecture allant jusqu'\u00e0 150 Mo\/s ; r\u00e9trocompatibilit\u00e9 avec l'USB 2.0.<\/li>\n\n\n\n<li><strong>Design \u00e9l\u00e9gant et durable :<\/strong> Fabriqu\u00e9 avec un corps m\u00e9tallique \u00e9l\u00e9gant et une boucle transparente pour un look moderne et professionnel.<\/li>\n\n\n\n<li><strong>Portable et pratique :<\/strong> L\u00e9ger et compact, il est dot\u00e9 d'un porte-cl\u00e9s int\u00e9gr\u00e9, id\u00e9al pour l'attacher \u00e0 un porte-cl\u00e9s ou \u00e0 un sac.<\/li>\n\n\n\n<li><strong>Options de stockage multiples :<\/strong> Disponibles dans une gamme de capacit\u00e9s allant de 16 \u00e0 128 Go, ils conviennent \u00e0 l'utilisation quotidienne, au stockage multim\u00e9dia et aux besoins professionnels.<\/li>\n\n\n\n<li><strong>Protection s\u00e9curis\u00e9e des fichiers :<\/strong> Inclut le logiciel SanDisk SecureAccess\u2122 pour cr\u00e9er un dossier priv\u00e9 prot\u00e9g\u00e9 par mot de passe pour vos donn\u00e9es sensibles.<\/li>\n<\/ul>\n\n\n\n<div class=\"wp-block-columns is-layout-flex wp-container-core-columns-is-layout-28f84493 wp-block-columns-is-layout-flex\">\n<div class=\"wp-block-column is-layout-flow wp-block-column-is-layout-flow\">\n<figure class=\"wp-block-image size-full\"><img alt=\"\" decoding=\"async\" width=\"800\" height=\"800\" src=\"https:\/\/www.usborkeychain.com\/wp-content\/uploads\/32GB-Black-SanDisk-Ultra-Flair-USB-3.0-Flash-Drive.jpg\" class=\"wp-image-3905\" srcset=\"https:\/\/www.usborkeychain.com\/wp-content\/uploads\/32GB-Black-SanDisk-Ultra-Flair-USB-3.0-Flash-Drive.jpg 800w, https:\/\/www.usborkeychain.com\/wp-content\/uploads\/32GB-Black-SanDisk-Ultra-Flair-USB-3.0-Flash-Drive-300x300.jpg 300w, https:\/\/www.usborkeychain.com\/wp-content\/uploads\/32GB-Black-SanDisk-Ultra-Flair-USB-3.0-Flash-Drive-150x150.jpg 150w, https:\/\/www.usborkeychain.com\/wp-content\/uploads\/32GB-Black-SanDisk-Ultra-Flair-USB-3.0-Flash-Drive-768x768.jpg 768w, https:\/\/www.usborkeychain.com\/wp-content\/uploads\/32GB-Black-SanDisk-Ultra-Flair-USB-3.0-Flash-Drive-12x12.jpg 12w, https:\/\/www.usborkeychain.com\/wp-content\/uploads\/32GB-Black-SanDisk-Ultra-Flair-USB-3.0-Flash-Drive-600x600.jpg 600w, https:\/\/www.usborkeychain.com\/wp-content\/uploads\/32GB-Black-SanDisk-Ultra-Flair-USB-3.0-Flash-Drive-100x100.jpg 100w\" sizes=\"(max-width: 800px) 100vw, 800px\" \/><\/figure>\n<\/div>\n\n\n\n<div class=\"wp-block-column is-layout-flow wp-block-column-is-layout-flow\">\n<figure class=\"wp-block-image size-full\"><img alt=\"\" decoding=\"async\" width=\"800\" height=\"800\" src=\"https:\/\/www.usborkeychain.com\/wp-content\/uploads\/SanDisk-128GB-Ultra-Flair-USB-3.0-Flash-Drive.jpg\" class=\"wp-image-3907\" srcset=\"https:\/\/www.usborkeychain.com\/wp-content\/uploads\/SanDisk-128GB-Ultra-Flair-USB-3.0-Flash-Drive.jpg 800w, https:\/\/www.usborkeychain.com\/wp-content\/uploads\/SanDisk-128GB-Ultra-Flair-USB-3.0-Flash-Drive-300x300.jpg 300w, https:\/\/www.usborkeychain.com\/wp-content\/uploads\/SanDisk-128GB-Ultra-Flair-USB-3.0-Flash-Drive-150x150.jpg 150w, https:\/\/www.usborkeychain.com\/wp-content\/uploads\/SanDisk-128GB-Ultra-Flair-USB-3.0-Flash-Drive-768x768.jpg 768w, https:\/\/www.usborkeychain.com\/wp-content\/uploads\/SanDisk-128GB-Ultra-Flair-USB-3.0-Flash-Drive-12x12.jpg 12w, https:\/\/www.usborkeychain.com\/wp-content\/uploads\/SanDisk-128GB-Ultra-Flair-USB-3.0-Flash-Drive-600x600.jpg 600w, https:\/\/www.usborkeychain.com\/wp-content\/uploads\/SanDisk-128GB-Ultra-Flair-USB-3.0-Flash-Drive-100x100.jpg 100w\" sizes=\"(max-width: 800px) 100vw, 800px\" \/><\/figure>\n<\/div>\n<\/div>\n\n\n\n<h2 class=\"wp-block-heading\">Q : Quelles sont les options de couleur disponibles pour la cl\u00e9 USB 3.0 SanDisk Ultra Flair CZ73 ?<\/h2>\n\n\n\n<p><\/p>\n\n\n\n<div class=\"wp-block-columns is-layout-flex wp-container-core-columns-is-layout-28f84493 wp-block-columns-is-layout-flex\">\n<div class=\"wp-block-column is-layout-flow wp-block-column-is-layout-flow\">\n<figure class=\"wp-block-image size-full\"><img alt=\"\" loading=\"lazy\" decoding=\"async\" width=\"800\" height=\"496\" src=\"https:\/\/www.usborkeychain.com\/wp-content\/uploads\/SanDisk-Ultra-Flair-USB-3.0-Flash-pendrive.jpg\" class=\"wp-image-3910\" srcset=\"https:\/\/www.usborkeychain.com\/wp-content\/uploads\/SanDisk-Ultra-Flair-USB-3.0-Flash-pendrive.jpg 800w, https:\/\/www.usborkeychain.com\/wp-content\/uploads\/SanDisk-Ultra-Flair-USB-3.0-Flash-pendrive-300x186.jpg 300w, https:\/\/www.usborkeychain.com\/wp-content\/uploads\/SanDisk-Ultra-Flair-USB-3.0-Flash-pendrive-768x476.jpg 768w, https:\/\/www.usborkeychain.com\/wp-content\/uploads\/SanDisk-Ultra-Flair-USB-3.0-Flash-pendrive-18x12.jpg 18w, https:\/\/www.usborkeychain.com\/wp-content\/uploads\/SanDisk-Ultra-Flair-USB-3.0-Flash-pendrive-600x372.jpg 600w\" sizes=\"(max-width: 800px) 100vw, 800px\" \/><\/figure>\n<\/div>\n\n\n\n<div class=\"wp-block-column is-vertically-aligned-center is-layout-flow wp-block-column-is-layout-flow\">\n<p>R : La cl\u00e9 SanDisk Ultra Flair CZ73 est disponible en deux couleurs \u00e9l\u00e9gantes : noir classique et bleu ciel. Parmi les deux, la version noire a tendance \u00e0 \u00eatre plus populaire en raison de son aspect \u00e9l\u00e9gant et professionnel, ce qui en fait un choix privil\u00e9gi\u00e9 pour les utilisateurs professionnels et les cadeaux d'entreprise.<\/p>\n\n\n\n<p> Cependant, l'option bleu ciel est \u00e9galement bien accueillie pour son aspect frais et moderne, en particulier chez les \u00e9tudiants et les jeunes utilisateurs qui pr\u00e9f\u00e8rent un style plus vivant.<\/p>\n<\/div>\n<\/div>\n\n\n\n<h2 class=\"wp-block-heading\"><br><strong>Q : Quelles sont les capacit\u00e9s disponibles pour la cl\u00e9 USB 3.0 SanDisk Ultra Flair CZ73 ?<\/strong><\/h2>\n\n\n\n<p><strong>A :<\/strong> Le SanDisk Ultra Flair CZ73 est disponible dans une large gamme de capacit\u00e9s : 32 Go, 64 Go, 128 Go, 256 Go et 512 Go. Cette vari\u00e9t\u00e9 permet aux utilisateurs de choisir la taille appropri\u00e9e en fonction de leurs besoins de stockage, qu'il s'agisse de transferts quotidiens de documents et de photos ou du stockage de fichiers vid\u00e9o et de logiciels volumineux. Les capacit\u00e9s inf\u00e9rieures, telles que 32 et 64 Go, sont id\u00e9ales pour une utilisation de base ou des cadeaux promotionnels, tandis que les capacit\u00e9s sup\u00e9rieures, telles que 256 et 512 Go, sont pr\u00e9f\u00e9r\u00e9es par les professionnels et les utilisateurs de m\u00e9dias qui ont besoin d'un volume de stockage important et d'une performance rapide.<\/p>\n\n\n\n<div class=\"wp-block-columns is-layout-flex wp-container-core-columns-is-layout-28f84493 wp-block-columns-is-layout-flex\">\n<div class=\"wp-block-column is-layout-flow wp-block-column-is-layout-flow\">\n<figure class=\"wp-block-image size-full\"><img alt=\"\" loading=\"lazy\" decoding=\"async\" width=\"800\" height=\"800\" src=\"https:\/\/www.usborkeychain.com\/wp-content\/uploads\/SanDisk-Ultra-Flair-16GB.jpg\" class=\"wp-image-3908\" srcset=\"https:\/\/www.usborkeychain.com\/wp-content\/uploads\/SanDisk-Ultra-Flair-16GB.jpg 800w, https:\/\/www.usborkeychain.com\/wp-content\/uploads\/SanDisk-Ultra-Flair-16GB-300x300.jpg 300w, https:\/\/www.usborkeychain.com\/wp-content\/uploads\/SanDisk-Ultra-Flair-16GB-150x150.jpg 150w, https:\/\/www.usborkeychain.com\/wp-content\/uploads\/SanDisk-Ultra-Flair-16GB-768x768.jpg 768w, https:\/\/www.usborkeychain.com\/wp-content\/uploads\/SanDisk-Ultra-Flair-16GB-12x12.jpg 12w, https:\/\/www.usborkeychain.com\/wp-content\/uploads\/SanDisk-Ultra-Flair-16GB-600x600.jpg 600w, https:\/\/www.usborkeychain.com\/wp-content\/uploads\/SanDisk-Ultra-Flair-16GB-100x100.jpg 100w\" sizes=\"(max-width: 800px) 100vw, 800px\" \/><\/figure>\n<\/div>\n\n\n\n<div class=\"wp-block-column is-layout-flow wp-block-column-is-layout-flow\">\n<figure class=\"wp-block-image size-full\"><img alt=\"\" loading=\"lazy\" decoding=\"async\" width=\"800\" height=\"800\" src=\"https:\/\/www.usborkeychain.com\/wp-content\/uploads\/SanDisk-Ultra-Flair-USB-3.0-Flash-Drive.jpg\" class=\"wp-image-3909\" srcset=\"https:\/\/www.usborkeychain.com\/wp-content\/uploads\/SanDisk-Ultra-Flair-USB-3.0-Flash-Drive.jpg 800w, https:\/\/www.usborkeychain.com\/wp-content\/uploads\/SanDisk-Ultra-Flair-USB-3.0-Flash-Drive-300x300.jpg 300w, https:\/\/www.usborkeychain.com\/wp-content\/uploads\/SanDisk-Ultra-Flair-USB-3.0-Flash-Drive-150x150.jpg 150w, https:\/\/www.usborkeychain.com\/wp-content\/uploads\/SanDisk-Ultra-Flair-USB-3.0-Flash-Drive-768x768.jpg 768w, https:\/\/www.usborkeychain.com\/wp-content\/uploads\/SanDisk-Ultra-Flair-USB-3.0-Flash-Drive-12x12.jpg 12w, https:\/\/www.usborkeychain.com\/wp-content\/uploads\/SanDisk-Ultra-Flair-USB-3.0-Flash-Drive-600x600.jpg 600w, https:\/\/www.usborkeychain.com\/wp-content\/uploads\/SanDisk-Ultra-Flair-USB-3.0-Flash-Drive-100x100.jpg 100w\" sizes=\"(max-width: 800px) 100vw, 800px\" \/><\/figure>\n<\/div>\n<\/div>","protected":false},"excerpt":{"rendered":"<ul>\n<li>Marque SanDisk<\/li>\n<li>Cl\u00e9 USB 3.0<\/li>\n<li>Mod\u00e8le Ultra Flair CZ73<\/li>\n<li>Noir classique et bleu ciel<\/li>\n<li>MOQ:100pcs<\/li>\n<\/ul>","protected":false},"featured_media":3906,"comment_status":"open","ping_status":"closed","template":"","meta":{"_seopress_robots_primary_cat":"","_seopress_titles_title":"","_seopress_titles_desc":"","_seopress_robots_index":"","site-sidebar-layout":"default","site-content-layout":"","ast-site-content-layout":"","site-content-style":"default","site-sidebar-style":"default","ast-global-header-display":"","ast-banner-title-visibility":"","ast-main-header-display":"","ast-hfb-above-header-display":"","ast-hfb-below-header-display":"","ast-hfb-mobile-header-display":"","site-post-title":"","ast-breadcrumbs-content":"","ast-featured-img":"","footer-sml-layout":"","theme-transparent-header-meta":"","adv-header-id-meta":"","stick-header-meta":"","header-above-stick-meta":"","header-main-stick-meta":"","header-below-stick-meta":"","astra-migrate-meta-layouts":"default","ast-page-background-enabled":"default","ast-page-background-meta":{"desktop":{"background-color":"var(--ast-global-color-5)","background-image":"","background-repeat":"repeat","background-position":"center center","background-size":"auto","background-attachment":"scroll","background-type":"","background-media":"","overlay-type":"","overlay-color":"","overlay-opacity":"","overlay-gradient":""},"tablet":{"background-color":"","background-image":"","background-repeat":"repeat","background-position":"center center","background-size":"auto","background-attachment":"scroll","background-type":"","background-media":"","overlay-type":"","overlay-color":"","overlay-opacity":"","overlay-gradient":""},"mobile":{"background-color":"","background-image":"","background-repeat":"repeat","background-position":"center center","background-size":"auto","background-attachment":"scroll","background-type":"","background-media":"","overlay-type":"","overlay-color":"","overlay-opacity":"","overlay-gradient":""}},"ast-content-background-meta":{"desktop":{"background-color":"var(--ast-global-color-4)","background-image":"","background-repeat":"repeat","background-position":"center center","background-size":"auto","background-attachment":"scroll","background-type":"","background-media":"","overlay-type":"","overlay-color":"","overlay-opacity":"","overlay-gradient":""},"tablet":{"background-color":"var(--ast-global-color-4)","background-image":"","background-repeat":"repeat","background-position":"center center","background-size":"auto","background-attachment":"scroll","background-type":"","background-media":"","overlay-type":"","overlay-color":"","overlay-opacity":"","overlay-gradient":""},"mobile":{"background-color":"var(--ast-global-color-4)","background-image":"","background-repeat":"repeat","background-position":"center center","background-size":"auto","background-attachment":"scroll","background-type":"","background-media":"","overlay-type":"","overlay-color":"","overlay-opacity":"","overlay-gradient":""}}},"product_brand":[],"product_cat":[111],"product_tag":[216],"class_list":{"0":"post-3902","1":"product","2":"type-product","3":"status-publish","4":"has-post-thumbnail","6":"product_cat-brand-usb-pendrive","7":"product_tag-sandisk-usb-flash-drive","8":"desktop-align-left","9":"tablet-align-left","10":"mobile-align-left","12":"first","13":"instock","14":"shipping-taxable","15":"product-type-simple"},"_links":{"self":[{"href":"https:\/\/www.usborkeychain.com\/fr\/wp-json\/wp\/v2\/product\/3902","targetHints":{"allow":["GET"]}}],"collection":[{"href":"https:\/\/www.usborkeychain.com\/fr\/wp-json\/wp\/v2\/product"}],"about":[{"href":"https:\/\/www.usborkeychain.com\/fr\/wp-json\/wp\/v2\/types\/product"}],"replies":[{"embeddable":true,"href":"https:\/\/www.usborkeychain.com\/fr\/wp-json\/wp\/v2\/comments?post=3902"}],"wp:featuredmedia":[{"embeddable":true,"href":"https:\/\/www.usborkeychain.com\/fr\/wp-json\/wp\/v2\/media\/3906"}],"wp:attachment":[{"href":"https:\/\/www.usborkeychain.com\/fr\/wp-json\/wp\/v2\/media?parent=3902"}],"wp:term":[{"taxonomy":"product_brand","embeddable":true,"href":"https:\/\/www.usborkeychain.com\/fr\/wp-json\/wp\/v2\/product_brand?post=3902"},{"taxonomy":"product_cat","embeddable":true,"href":"https:\/\/www.usborkeychain.com\/fr\/wp-json\/wp\/v2\/product_cat?post=3902"},{"taxonomy":"product_tag","embeddable":true,"href":"https:\/\/www.usborkeychain.com\/fr\/wp-json\/wp\/v2\/product_tag?post=3902"}],"curies":[{"name":"wp","href":"https:\/\/api.w.org\/{rel}","templated":true}]}}