{"id":3920,"date":"2025-07-07T14:44:29","date_gmt":"2025-07-07T14:44:29","guid":{"rendered":"https:\/\/www.usborkeychain.com\/?post_type=product&#038;p=3920"},"modified":"2025-07-08T01:56:22","modified_gmt":"2025-07-08T01:56:22","slug":"pepsi-bottle-shaped-usb-flash-drive","status":"publish","type":"product","link":"https:\/\/www.usborkeychain.com\/fr\/produit\/pepsi-bottle-shaped-usb-flash-drive\/","title":{"rendered":"Cl\u00e9 USB en forme de bouteille de Pepsi"},"content":{"rendered":"<p>Cette cl\u00e9 USB en forme de bouteille de Pepsi est un produit num\u00e9rique au design unique et tr\u00e8s pratique. Dot\u00e9e d'une interface USB standard, elle est id\u00e9ale pour les bureaux, les \u00e9coles et les \u00e9v\u00e9nements promotionnels. Inspir\u00e9 de la bouteille Pepsi classique, le design reproduit parfaitement les proportions et les d\u00e9tails de la vraie bouteille. Il combine \u00e0 la fois une fonctionnalit\u00e9 de stockage et un fort impact visuel, ce qui en fait un article cadeau de marque exceptionnel.<\/p>\n\n\n\n<div class=\"wp-block-columns is-layout-flex wp-container-core-columns-is-layout-28f84493 wp-block-columns-is-layout-flex\">\n<div class=\"wp-block-column is-layout-flow wp-block-column-is-layout-flow\">\n<figure class=\"wp-block-image size-full\"><img alt=\"\" fetchpriority=\"high\" decoding=\"async\" width=\"800\" height=\"800\" src=\"https:\/\/www.usborkeychain.com\/wp-content\/uploads\/Custom-USB-Flash-Drive-in-Pepsi-Bottle-Shape.jpg\" class=\"wp-image-3924\" srcset=\"https:\/\/www.usborkeychain.com\/wp-content\/uploads\/Custom-USB-Flash-Drive-in-Pepsi-Bottle-Shape.jpg 800w, https:\/\/www.usborkeychain.com\/wp-content\/uploads\/Custom-USB-Flash-Drive-in-Pepsi-Bottle-Shape-300x300.jpg 300w, https:\/\/www.usborkeychain.com\/wp-content\/uploads\/Custom-USB-Flash-Drive-in-Pepsi-Bottle-Shape-150x150.jpg 150w, https:\/\/www.usborkeychain.com\/wp-content\/uploads\/Custom-USB-Flash-Drive-in-Pepsi-Bottle-Shape-768x768.jpg 768w, https:\/\/www.usborkeychain.com\/wp-content\/uploads\/Custom-USB-Flash-Drive-in-Pepsi-Bottle-Shape-12x12.jpg 12w, https:\/\/www.usborkeychain.com\/wp-content\/uploads\/Custom-USB-Flash-Drive-in-Pepsi-Bottle-Shape-600x600.jpg 600w, https:\/\/www.usborkeychain.com\/wp-content\/uploads\/Custom-USB-Flash-Drive-in-Pepsi-Bottle-Shape-100x100.jpg 100w\" sizes=\"(max-width: 800px) 100vw, 800px\" \/><\/figure>\n<\/div>\n\n\n\n<div class=\"wp-block-column is-vertically-aligned-center is-layout-flow wp-block-column-is-layout-flow\">\n<p>La cl\u00e9 USB est fabriqu\u00e9e en caoutchouc souple PVC respectueux de l'environnement, ce qui lui conf\u00e8re une texture lisse et flexible, ainsi qu'une excellente durabilit\u00e9 et une r\u00e9sistance \u00e0 l'usure et aux chutes.<\/p>\n\n\n\n<p> Le design tr\u00e8s r\u00e9aliste reproduit minutieusement chaque d\u00e9tail de la bouteille Pepsi, du bouchon et de la forme jusqu'au logo. Il ne s'agit pas seulement d'un dispositif de stockage, mais aussi d'un outil cr\u00e9atif pour la communication de la marque et le marketing visuel.<\/p>\n<\/div>\n<\/div>\n\n\n\n<p><\/p>\n\n\n\n<p><strong>Sp\u00e9cifications :<\/strong><\/p>\n\n\n\n<ul class=\"wp-block-list\">\n<li><strong>Type d'interface :<\/strong> USB 2.0 \/ USB 3.0 (en option)<\/li>\n\n\n\n<li><strong>Options de capacit\u00e9 :<\/strong> 4GB \/ 8GB \/ 16GB \/ 32GB \/ 64GB \/ 128GB<\/li>\n\n\n\n<li><strong>Dimensions du produit :<\/strong> Environ 68 mm (hauteur) \u00d7 22 mm (diam\u00e8tre)<\/li>\n\n\n\n<li><strong>Mat\u00e9riau :<\/strong> Caoutchouc souple PVC respectueux de l'environnement<\/li>\n\n\n\n<li><strong>Compatibilit\u00e9 :<\/strong> Windows \/ Mac OS \/ Linux<\/li>\n\n\n\n<li><strong>Utilisation :<\/strong> Plug-and-play, aucun pilote n'est n\u00e9cessaire<\/li>\n<\/ul>\n\n\n\n<div class=\"wp-block-columns is-layout-flex wp-container-core-columns-is-layout-28f84493 wp-block-columns-is-layout-flex\">\n<div class=\"wp-block-column is-layout-flow wp-block-column-is-layout-flow\">\n<figure class=\"wp-block-image size-full\"><img alt=\"\" decoding=\"async\" width=\"800\" height=\"800\" src=\"https:\/\/www.usborkeychain.com\/wp-content\/uploads\/Pepsi-Bottle-Shaped-USB-Flash-Drive.jpg\" class=\"wp-image-3925\" srcset=\"https:\/\/www.usborkeychain.com\/wp-content\/uploads\/Pepsi-Bottle-Shaped-USB-Flash-Drive.jpg 800w, https:\/\/www.usborkeychain.com\/wp-content\/uploads\/Pepsi-Bottle-Shaped-USB-Flash-Drive-300x300.jpg 300w, https:\/\/www.usborkeychain.com\/wp-content\/uploads\/Pepsi-Bottle-Shaped-USB-Flash-Drive-150x150.jpg 150w, https:\/\/www.usborkeychain.com\/wp-content\/uploads\/Pepsi-Bottle-Shaped-USB-Flash-Drive-768x768.jpg 768w, https:\/\/www.usborkeychain.com\/wp-content\/uploads\/Pepsi-Bottle-Shaped-USB-Flash-Drive-12x12.jpg 12w, https:\/\/www.usborkeychain.com\/wp-content\/uploads\/Pepsi-Bottle-Shaped-USB-Flash-Drive-600x600.jpg 600w, https:\/\/www.usborkeychain.com\/wp-content\/uploads\/Pepsi-Bottle-Shaped-USB-Flash-Drive-100x100.jpg 100w\" sizes=\"(max-width: 800px) 100vw, 800px\" \/><\/figure>\n<\/div>\n\n\n\n<div class=\"wp-block-column is-layout-flow wp-block-column-is-layout-flow\">\n<figure class=\"wp-block-image size-full\"><img alt=\"\" decoding=\"async\" width=\"800\" height=\"800\" src=\"https:\/\/www.usborkeychain.com\/wp-content\/uploads\/Creative-Pepsi-Bottle-USB-Drive-for-Promotional-Use.jpg\" class=\"wp-image-3923\" srcset=\"https:\/\/www.usborkeychain.com\/wp-content\/uploads\/Creative-Pepsi-Bottle-USB-Drive-for-Promotional-Use.jpg 800w, https:\/\/www.usborkeychain.com\/wp-content\/uploads\/Creative-Pepsi-Bottle-USB-Drive-for-Promotional-Use-300x300.jpg 300w, https:\/\/www.usborkeychain.com\/wp-content\/uploads\/Creative-Pepsi-Bottle-USB-Drive-for-Promotional-Use-150x150.jpg 150w, https:\/\/www.usborkeychain.com\/wp-content\/uploads\/Creative-Pepsi-Bottle-USB-Drive-for-Promotional-Use-768x768.jpg 768w, https:\/\/www.usborkeychain.com\/wp-content\/uploads\/Creative-Pepsi-Bottle-USB-Drive-for-Promotional-Use-12x12.jpg 12w, https:\/\/www.usborkeychain.com\/wp-content\/uploads\/Creative-Pepsi-Bottle-USB-Drive-for-Promotional-Use-600x600.jpg 600w, https:\/\/www.usborkeychain.com\/wp-content\/uploads\/Creative-Pepsi-Bottle-USB-Drive-for-Promotional-Use-100x100.jpg 100w\" sizes=\"(max-width: 800px) 100vw, 800px\" \/><\/figure>\n<\/div>\n<\/div>\n\n\n\n<p>La cl\u00e9 USB en forme de bouteille de Pepsi est con\u00e7ue comme un cadeau promotionnel qui souligne l'attention port\u00e9e par la marque \u00e0 la cr\u00e9ativit\u00e9 et aux d\u00e9tails. Contrairement aux cadeaux traditionnels, cette cl\u00e9 USB tr\u00e8s reconnaissable et \u00e0 collectionner laisse une impression durable. Gr\u00e2ce \u00e0 son utilit\u00e9 dans le monde r\u00e9el et \u00e0 son design amusant, elle renforce la m\u00e9morisation de la marque \u00e0 chaque fois qu'elle est utilis\u00e9e. Parfaite pour les lancements de produits, les \u00e9v\u00e9nements marketing, les promotions scolaires ou les cadeaux d'employ\u00e9s, c'est un moyen id\u00e9al de se d\u00e9marquer et d'\u00e9tablir un lien avec votre public de mani\u00e8re m\u00e9morable.<\/p>","protected":false},"excerpt":{"rendered":"<ul>\n<li>Design en forme de bouteille de Pepsi<\/li>\n<li>Styles 3D<\/li>\n<li>Couleur bleue<\/li>\n<li>Moule en PVC<\/li>\n<li>Cadeau pour Pepsi Company<\/li>\n<\/ul>","protected":false},"featured_media":3924,"comment_status":"open","ping_status":"closed","template":"","meta":{"_seopress_robots_primary_cat":"","_seopress_titles_title":"","_seopress_titles_desc":"","_seopress_robots_index":"","site-sidebar-layout":"default","site-content-layout":"","ast-site-content-layout":"","site-content-style":"default","site-sidebar-style":"default","ast-global-header-display":"","ast-banner-title-visibility":"","ast-main-header-display":"","ast-hfb-above-header-display":"","ast-hfb-below-header-display":"","ast-hfb-mobile-header-display":"","site-post-title":"","ast-breadcrumbs-content":"","ast-featured-img":"","footer-sml-layout":"","theme-transparent-header-meta":"","adv-header-id-meta":"","stick-header-meta":"","header-above-stick-meta":"","header-main-stick-meta":"","header-below-stick-meta":"","astra-migrate-meta-layouts":"default","ast-page-background-enabled":"default","ast-page-background-meta":{"desktop":{"background-color":"var(--ast-global-color-5)","background-image":"","background-repeat":"repeat","background-position":"center center","background-size":"auto","background-attachment":"scroll","background-type":"","background-media":"","overlay-type":"","overlay-color":"","overlay-opacity":"","overlay-gradient":""},"tablet":{"background-color":"","background-image":"","background-repeat":"repeat","background-position":"center center","background-size":"auto","background-attachment":"scroll","background-type":"","background-media":"","overlay-type":"","overlay-color":"","overlay-opacity":"","overlay-gradient":""},"mobile":{"background-color":"","background-image":"","background-repeat":"repeat","background-position":"center center","background-size":"auto","background-attachment":"scroll","background-type":"","background-media":"","overlay-type":"","overlay-color":"","overlay-opacity":"","overlay-gradient":""}},"ast-content-background-meta":{"desktop":{"background-color":"var(--ast-global-color-4)","background-image":"","background-repeat":"repeat","background-position":"center center","background-size":"auto","background-attachment":"scroll","background-type":"","background-media":"","overlay-type":"","overlay-color":"","overlay-opacity":"","overlay-gradient":""},"tablet":{"background-color":"var(--ast-global-color-4)","background-image":"","background-repeat":"repeat","background-position":"center center","background-size":"auto","background-attachment":"scroll","background-type":"","background-media":"","overlay-type":"","overlay-color":"","overlay-opacity":"","overlay-gradient":""},"mobile":{"background-color":"var(--ast-global-color-4)","background-image":"","background-repeat":"repeat","background-position":"center center","background-size":"auto","background-attachment":"scroll","background-type":"","background-media":"","overlay-type":"","overlay-color":"","overlay-opacity":"","overlay-gradient":""}}},"product_brand":[],"product_cat":[94],"product_tag":[218],"class_list":{"0":"post-3920","1":"product","2":"type-product","3":"status-publish","4":"has-post-thumbnail","6":"product_cat-pvc-usb-pendrive","7":"product_tag-bottle-usb-drive","8":"desktop-align-left","9":"tablet-align-left","10":"mobile-align-left","12":"first","13":"instock","14":"shipping-taxable","15":"product-type-simple"},"_links":{"self":[{"href":"https:\/\/www.usborkeychain.com\/fr\/wp-json\/wp\/v2\/product\/3920","targetHints":{"allow":["GET"]}}],"collection":[{"href":"https:\/\/www.usborkeychain.com\/fr\/wp-json\/wp\/v2\/product"}],"about":[{"href":"https:\/\/www.usborkeychain.com\/fr\/wp-json\/wp\/v2\/types\/product"}],"replies":[{"embeddable":true,"href":"https:\/\/www.usborkeychain.com\/fr\/wp-json\/wp\/v2\/comments?post=3920"}],"wp:featuredmedia":[{"embeddable":true,"href":"https:\/\/www.usborkeychain.com\/fr\/wp-json\/wp\/v2\/media\/3924"}],"wp:attachment":[{"href":"https:\/\/www.usborkeychain.com\/fr\/wp-json\/wp\/v2\/media?parent=3920"}],"wp:term":[{"taxonomy":"product_brand","embeddable":true,"href":"https:\/\/www.usborkeychain.com\/fr\/wp-json\/wp\/v2\/product_brand?post=3920"},{"taxonomy":"product_cat","embeddable":true,"href":"https:\/\/www.usborkeychain.com\/fr\/wp-json\/wp\/v2\/product_cat?post=3920"},{"taxonomy":"product_tag","embeddable":true,"href":"https:\/\/www.usborkeychain.com\/fr\/wp-json\/wp\/v2\/product_tag?post=3920"}],"curies":[{"name":"wp","href":"https:\/\/api.w.org\/{rel}","templated":true}]}}